{"id":38724,"date":"2022-11-08T14:20:17","date_gmt":"2022-11-08T13:20:17","guid":{"rendered":"https:\/\/kgerad.de\/?post_type=product&#038;p=38724"},"modified":"2023-08-11T10:27:11","modified_gmt":"2023-08-11T08:27:11","slug":"cervelo-aspero-5-grx-rx815-di2","status":"publish","type":"product","link":"https:\/\/kgerad.de\/en\/product\/cervelo-aspero-5-grx-rx815-di2\/","title":{"rendered":"Cerv\u00e9lo \u00c1spero 5 GRX RX815 Di2"},"content":{"rendered":"<h2 class=\"product--title\">Cerv\u00e9lo \u00c1spero 5 GRX RX815 Di2<\/h2>\n<div>\n<p>D\u00fcrfen wir vorstellen: Cerv\u00e9lo \u00c1spero-5 GRX, das Gravel-Bike mit Aerogenen. Das \u00c1spero ohne die 5 ist schon ein exzellentes, schnelles Gravelbike, aber der kleine Zusatz 5 bringt das \u00c1spero in noch h\u00f6here Sph\u00e4ren. Noch leichter, noch schneller, noch etwas besser aussehend.<\/p>\n<hr \/>\n<h2>Schneller, leichter, besser &#8211; das Highend Gravel-Bike Cerv\u00e9lo \u00c1spero-5<\/h2>\n<p>Die Highend-Variante des Carbon-Gravelbikes \u00c1spero kommt dank elektronischer Schaltung und voll integriertem Cockpit ohne sichtbare Kabel, hat aerodynamisch geformte Rohre und die bew\u00e4hrten, stabilen Carbon-Laufr\u00e4der von Reserve. Reserve? Genau \u2013 die Hausmarke, die auch die Topmodelle von Santa Cruz zum Rollen bringt, super stabil und mit exzellenter Qualit\u00e4t. Wer also mit dem Gravelbike richtig schnell unterwegs sein will, keinen unn\u00f6tigen Ballast mitschleppen will und dabei noch einen stylischen Flitzer mit Top-Ausstattung und exzellenter Verarbeitung sein Eigen nennen will, ist beim Cerv\u00e9lo \u00c1spero-5 genau richtig!<\/p>\n<hr \/>\n<h3>Features &#8211; Cerv\u00e9lo \u00c1spero GRX Di2 Disc<\/h3>\n<p><strong>Der \u00c1spero-5 Carbon-Rahmen<\/strong><br \/>\nDer im Vergleich zum \u00c1spero noch mal leichtere Rahmen des \u00c1spero-5 nutzt das umfangreiche Wissen aus dem Stra\u00dfenrennsport und ist mit WorldTour-Steifigkeit f\u00fcr gr\u00f6\u00dfere Pedalkraft\u00fcbertragung entworfen, wobei weniger und leichteres Material verwendet wird, um das Bergauf-Fahren und Beschleunigen zu unterst\u00fctzen, w\u00e4hrend<\/p>\n<p>gleichzeitig die Geschwindigkeit mit aerodynamischen Formen maximiert wird, die f\u00fcr die Effizienz bei Geschwindigkeit entscheidend sind. Manche sagen, dass Aero bei einem Gravel-Fahrrad keine Rolle spielt. Aber wenn du mit Gegenwind zu k\u00e4mpfen hast, ist der geringere Luftwiderstand des \u00c1spero-5 eine mehr als willkommene Erleichterung.<\/p>\n<p><strong>650b oder 28&#8243;<\/strong><br \/>\nDas Fahrrad kann an verschiedene Rad\/Reifen-Kombinationen angepasst werden, um die Kontrolle zu maximieren. Cerv\u00e9lo hat das Fahrrad so konstruiert, dass es f\u00fcr die meisten 700&#215;42 oder 650&#215;49 Reifen\/Radkombinationen bequem passt. Nat\u00fcrlich gibt es Variablen \u2013 Felgenbreite, Reifenmantel\/Profiltiefe \u2013, die die letztliche Reifenfreiheit beeinflussen. WICHTIGER HINWEIS \u2013 Cerv\u00e9lo empfiehlt immer eine Freiheit von 4 mm rundum, egal welche Reifen\/Rad-Kombination am Fahrrad installiert ist.<\/p>\n<p><strong>Zwei-Positions-Anpassung<\/strong><br \/>\n\u201eTrail\u201c \u2013 die Reaktion des Vorderrads auf die Eingabe des Fahrers \u2013 ist der kritischste Faktor beim Hochgeschindigkeits-Handling. Die M\u00f6glichkeit, den Trail mit dem Zwei-Positions-\u201eTrail Mixer\u201c einzustellen, um bei der extremen Palette von Reifengr\u00f6\u00dfen einen Ausgleich zu schaffen, sorgt f\u00fcr ein einheitliches Fahrerlebnis.<\/p>\n<p><strong>Ausgewogenes Handling<\/strong><br \/>\nSteifigkeit und Handling arbeiten zusammen, um die Radwege vorhersehbar zu machen und reagieren sofort auf kritische Pedal- und Verspannungseingaben. Der Trail Mixer der Gabel passt den Trail an, um die Ersch\u00fctterungen auf das Handling beim Wechsel zwischen den meisten g\u00e4ngigen Reifengr\u00f6\u00dfen zu verringern.<\/p>\n<p><strong>Vielseitiger Komfort<\/strong><br \/>\nDie vibrationsd\u00e4mpfende Carbon-Sattelst\u00fctze, die Cerv\u00e9lo schon beim R5 und Caledonia-5 mit gro\u00dfem Erfolg einsetzt, die cleveren Split-Spacer unter dem Vorbau, damit du dein Fahrrad nicht neu verkabeln musst, wenn du die Passform anpasst, und der neue ausgestellte Gravel-Lenker sorgen f\u00fcr maximalen Komfort vor und w\u00e4hrend deinen Ausfahrten.<\/p>\n<div class=\"product--description\">\n<h3>Take a Spin on the Aspero-5<\/h3>\n<p><iframe title=\"YouTube video player\" src=\"https:\/\/www.youtube-nocookie.com\/embed\/R5P-AHEa0y0\" width=\"640\" height=\"360\" frameborder=\"0\" allowfullscreen=\"allowfullscreen\" data-mce-fragment=\"1\"><\/iframe><\/p>\n<\/div>\n<div class=\"ean-box\">\n<h2>Ausstattung<\/h2>\n<div class=\"product--properties panel has--border\">\n<table class=\"product--properties-table\">\n<tbody>\n<tr class=\"product--properties-row row1\">\n<td class=\"product--properties-label is--bold\">Rahmen:<\/td>\n<td class=\"product--properties-value\">\u00c1spero 5<\/td>\n<\/tr>\n<tr class=\"product--properties-row row2\">\n<td class=\"product--properties-label is--bold\">Rahmenmaterial:<\/td>\n<td class=\"product--properties-value\">Carbon<\/td>\n<\/tr>\n<tr class=\"product--properties-row row3\">\n<td class=\"product--properties-label is--bold\">Laufradgr\u00f6\u00dfe:<\/td>\n<td class=\"product--properties-value\">28&#8243;<\/td>\n<\/tr>\n<tr class=\"product--properties-row row4\">\n<td class=\"product--properties-label is--bold\">Farbe:<\/td>\n<td class=\"product--properties-value\">Purple Sunset<\/td>\n<\/tr>\n<tr class=\"product--properties-row row5\">\n<td class=\"product--properties-label is--bold\">Gabel:<\/td>\n<td class=\"product--properties-value\">Cerv\u00e9lo All-Carbon, Tapered \u00c1spero-5 Fork with Adjustable Trail<\/td>\n<\/tr>\n<tr class=\"product--properties-row row6\">\n<td class=\"product--properties-label is--bold\">Bremsen:<\/td>\n<td class=\"product--properties-value\">Shimano GRX RX815 Hydraulic Disc<\/td>\n<\/tr>\n<tr class=\"product--properties-row row7\">\n<td class=\"product--properties-label is--bold\">Bremsscheiben:<\/td>\n<td class=\"product--properties-value\">Shimano SM-RT800, 160 mm \/ 160 mm<\/td>\n<\/tr>\n<tr class=\"product--properties-row row8\">\n<td class=\"product--properties-label is--bold\">Steuersatz:<\/td>\n<td class=\"product--properties-value\">FSA IS2 1-1\/4 x 1-1\/2<\/td>\n<\/tr>\n<tr class=\"product--properties-row row9\">\n<td class=\"product--properties-label is--bold\">Vorbau:<\/td>\n<td class=\"product--properties-value\">Cervelo ST32 Alloy<\/td>\n<\/tr>\n<tr class=\"product--properties-row row10\">\n<td class=\"product--properties-label is--bold\">Lenker:<\/td>\n<td class=\"product--properties-value\">Carbon AB09 16deg Flared Carbon<\/td>\n<\/tr>\n<tr class=\"product--properties-row row11\">\n<td class=\"product--properties-label is--bold\">Sattel:<\/td>\n<td class=\"product--properties-value\">Prologo Dimension NACK<\/td>\n<\/tr>\n<tr class=\"product--properties-row row12\">\n<td class=\"product--properties-label is--bold\">Sattelst\u00fctze:<\/td>\n<td class=\"product--properties-value\">Cerv\u00e9lo SP19 27.2 Carbon<\/td>\n<\/tr>\n<tr class=\"product--properties-row row13\">\n<td class=\"product--properties-label is--bold\">Kurbel:<\/td>\n<td class=\"product--properties-value\">Shimano GRX 810 48\/31<\/td>\n<\/tr>\n<tr class=\"product--properties-row row14\">\n<td class=\"product--properties-label is--bold\">Tretlager\/Innenlager:<\/td>\n<td class=\"product--properties-value\">JY-BB 24<\/td>\n<\/tr>\n<tr class=\"product--properties-row row15\">\n<td class=\"product--properties-label is--bold\">Schaltwerk:<\/td>\n<td class=\"product--properties-value\">Shimano GRX 815 Di2, 11 spd<\/td>\n<\/tr>\n<\/tbody>\n<\/table>\n<table class=\"product--properties-table\">\n<tbody>\n<tr class=\"product--properties-row row16\">\n<td class=\"product--properties-label is--bold\">Schalthebel:<\/td>\n<td class=\"product--properties-value\">Shimano GRX RX815 Di2, 11 spd<\/td>\n<\/tr>\n<tr class=\"product--properties-row row17\">\n<td class=\"product--properties-label is--bold\">Umwerfer:<\/td>\n<td class=\"product--properties-value\">Shimano GRX 815 Di2, 11 spd<\/td>\n<\/tr>\n<tr class=\"product--properties-row row18\">\n<td class=\"product--properties-label is--bold\">Kassette:<\/td>\n<td class=\"product--properties-value\">Shimano HG800, 11 spd, 11-34<\/td>\n<\/tr>\n<tr class=\"product--properties-row row19\">\n<td class=\"product--properties-label is--bold\">Kette:<\/td>\n<td class=\"product--properties-value\">Shimano CN-HG701, 11 spd<\/td>\n<\/tr>\n<tr class=\"product--properties-row row20\">\n<td class=\"product--properties-label is--bold\">Reifen:<\/td>\n<td class=\"product--properties-value\">Panaracer Gravel King SK Folding 700&#215;38<\/td>\n<\/tr>\n<tr class=\"product--properties-row row21\">\n<td class=\"product--properties-label is--bold\">Laufradsatz:<\/td>\n<td class=\"product--properties-value\">Reserve 32mm DT350 XDR, 24h (F), 24h (R), 24mm IW, Center-Lock, Tubeless Ready<\/td>\n<\/tr>\n<tr class=\"product--properties-row row22\">\n<td class=\"product--properties-label is--bold\">Pedale:<\/td>\n<td class=\"product--properties-value\">nicht im Lieferumfang enthalten<\/td>\n<\/tr>\n<tr class=\"product--properties-row row23\">\n<td class=\"product--properties-label is--bold\">Sonstiges:<\/td>\n<td class=\"product--properties-value\">Cervelo Faceplate Front Computer\/Accessory Mount, Cervelo Rear Accessory Mount, Smartpak 400A Top Tube Storage Bag<\/td>\n<\/tr>\n<tr class=\"product--properties-row row24\">\n<td class=\"product--properties-label is--bold\">Zul\u00e4ssiges Gesamtgewicht:<\/td>\n<td class=\"product--properties-value\">100 kg (K\u00f6rpergewicht + Fahrrad + Ausr\u00fcstung)<\/td>\n<\/tr>\n<\/tbody>\n<\/table>\n<\/div>\n<\/div>\n<\/div>","protected":false},"excerpt":{"rendered":"<div class=\"tab-menu--product js--tab-menu\">\n<div class=\"tab--container-list\">\n<div class=\"tab--container description has--content is--active\">\n<div class=\"tab--content box-description\">\n<div class=\"content--description\">\n<div class=\"ean-box\"><label>Modelljahr: <span style=\"font-size: 16px;\">2022<\/span><\/label><\/div>\n<\/div>\n<\/div>\n<\/div>\n<\/div>\n<\/div>\n<p><a class=\"rating-link-info--box\" name=\"product--publish-comment\"><\/a><\/p>\n<div id=\"detail--product-reviews\" class=\"content--product-reviews 123\"><\/div>","protected":false},"featured_media":61302,"comment_status":"open","ping_status":"closed","template":"","meta":[],"product_brand":[],"product_cat":[36,37],"product_tag":[],"class_list":{"0":"post-38724","1":"product","2":"type-product","3":"status-publish","4":"has-post-thumbnail","6":"product_cat-fahrrad","7":"product_cat-gravel-bikes","8":"pa_marke-cervelo","10":"first","11":"instock","12":"sale","13":"taxable","14":"shipping-taxable","15":"purchasable","16":"product-type-variable"},"yoast_head":"<!-- This site is optimized with the Yoast SEO Premium plugin v20.12 (Yoast SEO v27.1.1) - https:\/\/yoast.com\/product\/yoast-seo-premium-wordpress\/ -->\n<title>Cerv\u00e9lo \u00c1spero 5 GRX RX815 Di2<\/title>\n<meta name=\"description\" content=\"kgerad.de bietet Ihnen das Cerv\u00e9lo \u00c1spero 5 GRX RX815 Di2 zum besten Preis mit kostenlosem Versand in ganz EuropaCerv\u00e9lo \u00c1spero-5 GRXCerv\u00e9lo \u00c1spero-5 GRX\" \/>\n<meta name=\"robots\" content=\"index, follow, max-snippet:-1, max-image-preview:large, max-video-preview:-1\" \/>\n<link rel=\"canonical\" href=\"https:\/\/kgerad.de\/en\/product\/cervelo-aspero-5-grx-rx815-di2\/\" \/>\n<meta property=\"og:locale\" content=\"en_US\" \/>\n<meta property=\"og:type\" content=\"article\" \/>\n<meta property=\"og:title\" content=\"Cerv\u00e9lo \u00c1spero 5 GRX RX815 Di2\" \/>\n<meta property=\"og:description\" content=\"Entdecken Sie unseren Online-Fahrradladen: Gro\u00dfe Auswahl an Modellen f\u00fcr alle Radsportbegeisterten. Von Rennr\u00e4dern bis zu Mountainbikes - finden Sie heute Ihren perfekten Wegbegleiter!\" \/>\n<meta property=\"og:url\" content=\"https:\/\/kgerad.de\/en\/product\/cervelo-aspero-5-grx-rx815-di2\/\" \/>\n<meta property=\"og:site_name\" content=\"kgerad.de\" \/>\n<meta property=\"article:modified_time\" content=\"2023-08-11T08:27:11+00:00\" \/>\n<meta property=\"og:image\" content=\"https:\/\/kgerad.de\/wp-content\/uploads\/2023\/06\/Cervelo-Aspero-5-GRX-RX815-Di2.jpg\" \/>\n\t<meta property=\"og:image:width\" content=\"800\" \/>\n\t<meta property=\"og:image:height\" content=\"478\" \/>\n\t<meta property=\"og:image:type\" content=\"image\/jpeg\" \/>\n<meta name=\"twitter:card\" content=\"summary_large_image\" \/>\n<meta name=\"twitter:label1\" content=\"Est. reading time\" \/>\n\t<meta name=\"twitter:data1\" content=\"4 minutes\" \/>\n<script type=\"application\/ld+json\" class=\"yoast-schema-graph\">{\"@context\":\"https:\/\/schema.org\",\"@graph\":[{\"@type\":\"WebPage\",\"@id\":\"https:\/\/kgerad.de\/produkt\/cervelo-aspero-5-grx-rx815-di2\/\",\"url\":\"https:\/\/kgerad.de\/produkt\/cervelo-aspero-5-grx-rx815-di2\/\",\"name\":\"Cerv\u00e9lo \u00c1spero 5 GRX RX815 Di2\",\"isPartOf\":{\"@id\":\"https:\/\/kgerad.de\/#website\"},\"primaryImageOfPage\":{\"@id\":\"https:\/\/kgerad.de\/produkt\/cervelo-aspero-5-grx-rx815-di2\/#primaryimage\"},\"image\":{\"@id\":\"https:\/\/kgerad.de\/produkt\/cervelo-aspero-5-grx-rx815-di2\/#primaryimage\"},\"thumbnailUrl\":\"https:\/\/kgerad.de\/wp-content\/uploads\/2023\/06\/Cervelo-Aspero-5-GRX-RX815-Di2.jpg\",\"datePublished\":\"2022-11-08T13:20:17+00:00\",\"dateModified\":\"2023-08-11T08:27:11+00:00\",\"description\":\"kgerad.de bietet Ihnen das Cerv\u00e9lo \u00c1spero 5 GRX RX815 Di2 zum besten Preis mit kostenlosem Versand in ganz EuropaCerv\u00e9lo \u00c1spero-5 GRXCerv\u00e9lo \u00c1spero-5 GRX\",\"breadcrumb\":{\"@id\":\"https:\/\/kgerad.de\/produkt\/cervelo-aspero-5-grx-rx815-di2\/#breadcrumb\"},\"inLanguage\":\"en-US\",\"potentialAction\":[{\"@type\":\"ReadAction\",\"target\":[\"https:\/\/kgerad.de\/produkt\/cervelo-aspero-5-grx-rx815-di2\/\"]}]},{\"@type\":\"ImageObject\",\"inLanguage\":\"en-US\",\"@id\":\"https:\/\/kgerad.de\/produkt\/cervelo-aspero-5-grx-rx815-di2\/#primaryimage\",\"url\":\"https:\/\/kgerad.de\/wp-content\/uploads\/2023\/06\/Cervelo-Aspero-5-GRX-RX815-Di2.jpg\",\"contentUrl\":\"https:\/\/kgerad.de\/wp-content\/uploads\/2023\/06\/Cervelo-Aspero-5-GRX-RX815-Di2.jpg\",\"width\":800,\"height\":478,\"caption\":\"Cerv\u00e9lo \u00c1spero 5 GRX RX815 Di2\"},{\"@type\":\"BreadcrumbList\",\"@id\":\"https:\/\/kgerad.de\/produkt\/cervelo-aspero-5-grx-rx815-di2\/#breadcrumb\",\"itemListElement\":[{\"@type\":\"ListItem\",\"position\":1,\"name\":\"Startseite\",\"item\":\"https:\/\/kgerad.de\/\"},{\"@type\":\"ListItem\",\"position\":2,\"name\":\"LADEN\",\"item\":\"https:\/\/kgerad.de\/laden\/\"},{\"@type\":\"ListItem\",\"position\":3,\"name\":\"Cerv\u00e9lo \u00c1spero 5 GRX RX815 Di2\"}]},{\"@type\":\"WebSite\",\"@id\":\"https:\/\/kgerad.de\/#website\",\"url\":\"https:\/\/kgerad.de\/\",\"name\":\"kgerad.de\",\"description\":\"Treten Sie mit uns ins Abenteuer!\",\"publisher\":{\"@id\":\"https:\/\/kgerad.de\/#organization\"},\"alternateName\":\"MEIN RADLADEN\",\"potentialAction\":[{\"@type\":\"SearchAction\",\"target\":{\"@type\":\"EntryPoint\",\"urlTemplate\":\"https:\/\/kgerad.de\/?s={search_term_string}\"},\"query-input\":{\"@type\":\"PropertyValueSpecification\",\"valueRequired\":true,\"valueName\":\"search_term_string\"}}],\"inLanguage\":\"en-US\"},{\"@type\":\"Organization\",\"@id\":\"https:\/\/kgerad.de\/#organization\",\"name\":\"MEINRADLADEN\",\"alternateName\":\"MEIN RADLADEN\",\"url\":\"https:\/\/kgerad.de\/\",\"logo\":{\"@type\":\"ImageObject\",\"inLanguage\":\"en-US\",\"@id\":\"https:\/\/kgerad.de\/#\/schema\/logo\/image\/\",\"url\":\"https:\/\/kgerad.de\/wp-content\/uploads\/2025\/07\/logo-Whit.svg\",\"contentUrl\":\"https:\/\/kgerad.de\/wp-content\/uploads\/2025\/07\/logo-Whit.svg\",\"width\":1640,\"height\":371,\"caption\":\"MEINRADLADEN\"},\"image\":{\"@id\":\"https:\/\/kgerad.de\/#\/schema\/logo\/image\/\"}}]}<\/script>\n<!-- \/ Yoast SEO Premium plugin. -->","yoast_head_json":{"title":"Cerv\u00e9lo \u00c1spero 5 GRX RX815 Di2","description":"kgerad.de bietet Ihnen das Cerv\u00e9lo \u00c1spero 5 GRX RX815 Di2 zum besten Preis mit kostenlosem Versand in ganz EuropaCerv\u00e9lo \u00c1spero-5 GRXCerv\u00e9lo \u00c1spero-5 GRX","robots":{"index":"index","follow":"follow","max-snippet":"max-snippet:-1","max-image-preview":"max-image-preview:large","max-video-preview":"max-video-preview:-1"},"canonical":"https:\/\/kgerad.de\/en\/product\/cervelo-aspero-5-grx-rx815-di2\/","og_locale":"en_US","og_type":"article","og_title":"Cerv\u00e9lo \u00c1spero 5 GRX RX815 Di2","og_description":"Entdecken Sie unseren Online-Fahrradladen: Gro\u00dfe Auswahl an Modellen f\u00fcr alle Radsportbegeisterten. Von Rennr\u00e4dern bis zu Mountainbikes - finden Sie heute Ihren perfekten Wegbegleiter!","og_url":"https:\/\/kgerad.de\/en\/product\/cervelo-aspero-5-grx-rx815-di2\/","og_site_name":"kgerad.de","article_modified_time":"2023-08-11T08:27:11+00:00","og_image":[{"width":800,"height":478,"url":"https:\/\/kgerad.de\/wp-content\/uploads\/2023\/06\/Cervelo-Aspero-5-GRX-RX815-Di2.jpg","type":"image\/jpeg"}],"twitter_card":"summary_large_image","twitter_misc":{"Est. reading time":"4 minutes"},"schema":{"@context":"https:\/\/schema.org","@graph":[{"@type":"WebPage","@id":"https:\/\/kgerad.de\/produkt\/cervelo-aspero-5-grx-rx815-di2\/","url":"https:\/\/kgerad.de\/produkt\/cervelo-aspero-5-grx-rx815-di2\/","name":"Cerv\u00e9lo \u00c1spero 5 GRX RX815 Di2","isPartOf":{"@id":"https:\/\/kgerad.de\/#website"},"primaryImageOfPage":{"@id":"https:\/\/kgerad.de\/produkt\/cervelo-aspero-5-grx-rx815-di2\/#primaryimage"},"image":{"@id":"https:\/\/kgerad.de\/produkt\/cervelo-aspero-5-grx-rx815-di2\/#primaryimage"},"thumbnailUrl":"https:\/\/kgerad.de\/wp-content\/uploads\/2023\/06\/Cervelo-Aspero-5-GRX-RX815-Di2.jpg","datePublished":"2022-11-08T13:20:17+00:00","dateModified":"2023-08-11T08:27:11+00:00","description":"kgerad.de bietet Ihnen das Cerv\u00e9lo \u00c1spero 5 GRX RX815 Di2 zum besten Preis mit kostenlosem Versand in ganz EuropaCerv\u00e9lo \u00c1spero-5 GRXCerv\u00e9lo \u00c1spero-5 GRX","breadcrumb":{"@id":"https:\/\/kgerad.de\/produkt\/cervelo-aspero-5-grx-rx815-di2\/#breadcrumb"},"inLanguage":"en-US","potentialAction":[{"@type":"ReadAction","target":["https:\/\/kgerad.de\/produkt\/cervelo-aspero-5-grx-rx815-di2\/"]}]},{"@type":"ImageObject","inLanguage":"en-US","@id":"https:\/\/kgerad.de\/produkt\/cervelo-aspero-5-grx-rx815-di2\/#primaryimage","url":"https:\/\/kgerad.de\/wp-content\/uploads\/2023\/06\/Cervelo-Aspero-5-GRX-RX815-Di2.jpg","contentUrl":"https:\/\/kgerad.de\/wp-content\/uploads\/2023\/06\/Cervelo-Aspero-5-GRX-RX815-Di2.jpg","width":800,"height":478,"caption":"Cerv\u00e9lo \u00c1spero 5 GRX RX815 Di2"},{"@type":"BreadcrumbList","@id":"https:\/\/kgerad.de\/produkt\/cervelo-aspero-5-grx-rx815-di2\/#breadcrumb","itemListElement":[{"@type":"ListItem","position":1,"name":"Startseite","item":"https:\/\/kgerad.de\/"},{"@type":"ListItem","position":2,"name":"LADEN","item":"https:\/\/kgerad.de\/laden\/"},{"@type":"ListItem","position":3,"name":"Cerv\u00e9lo \u00c1spero 5 GRX RX815 Di2"}]},{"@type":"WebSite","@id":"https:\/\/kgerad.de\/#website","url":"https:\/\/kgerad.de\/","name":"kgerad.de","description":"Treten Sie mit uns ins Abenteuer!","publisher":{"@id":"https:\/\/kgerad.de\/#organization"},"alternateName":"MEIN RADLADEN","potentialAction":[{"@type":"SearchAction","target":{"@type":"EntryPoint","urlTemplate":"https:\/\/kgerad.de\/?s={search_term_string}"},"query-input":{"@type":"PropertyValueSpecification","valueRequired":true,"valueName":"search_term_string"}}],"inLanguage":"en-US"},{"@type":"Organization","@id":"https:\/\/kgerad.de\/#organization","name":"MEINRADLADEN","alternateName":"MEIN RADLADEN","url":"https:\/\/kgerad.de\/","logo":{"@type":"ImageObject","inLanguage":"en-US","@id":"https:\/\/kgerad.de\/#\/schema\/logo\/image\/","url":"https:\/\/kgerad.de\/wp-content\/uploads\/2025\/07\/logo-Whit.svg","contentUrl":"https:\/\/kgerad.de\/wp-content\/uploads\/2025\/07\/logo-Whit.svg","width":1640,"height":371,"caption":"MEINRADLADEN"},"image":{"@id":"https:\/\/kgerad.de\/#\/schema\/logo\/image\/"}}]}},"_links":{"self":[{"href":"https:\/\/kgerad.de\/en\/wp-json\/wp\/v2\/product\/38724","targetHints":{"allow":["GET"]}}],"collection":[{"href":"https:\/\/kgerad.de\/en\/wp-json\/wp\/v2\/product"}],"about":[{"href":"https:\/\/kgerad.de\/en\/wp-json\/wp\/v2\/types\/product"}],"replies":[{"embeddable":true,"href":"https:\/\/kgerad.de\/en\/wp-json\/wp\/v2\/comments?post=38724"}],"version-history":[{"count":1,"href":"https:\/\/kgerad.de\/en\/wp-json\/wp\/v2\/product\/38724\/revisions"}],"predecessor-version":[{"id":79428,"href":"https:\/\/kgerad.de\/en\/wp-json\/wp\/v2\/product\/38724\/revisions\/79428"}],"wp:featuredmedia":[{"embeddable":true,"href":"https:\/\/kgerad.de\/en\/wp-json\/wp\/v2\/media\/61302"}],"wp:attachment":[{"href":"https:\/\/kgerad.de\/en\/wp-json\/wp\/v2\/media?parent=38724"}],"wp:term":[{"taxonomy":"product_brand","embeddable":true,"href":"https:\/\/kgerad.de\/en\/wp-json\/wp\/v2\/product_brand?post=38724"},{"taxonomy":"product_cat","embeddable":true,"href":"https:\/\/kgerad.de\/en\/wp-json\/wp\/v2\/product_cat?post=38724"},{"taxonomy":"product_tag","embeddable":true,"href":"https:\/\/kgerad.de\/en\/wp-json\/wp\/v2\/product_tag?post=38724"}],"curies":[{"name":"wp","href":"https:\/\/api.w.org\/{rel}","templated":true}]}}