{"id":38648,"date":"2022-11-08T13:17:43","date_gmt":"2022-11-08T12:17:43","guid":{"rendered":"https:\/\/kgerad.de\/?post_type=product&#038;p=38648"},"modified":"2023-08-11T09:49:31","modified_gmt":"2023-08-11T07:49:31","slug":"focus-aventura%c2%b2-6-7","status":"publish","type":"product","link":"https:\/\/kgerad.de\/en\/product\/focus-aventura%c2%b2-6-7\/","title":{"rendered":"Focus AVENTURA\u00b2 6.7"},"content":{"rendered":"<h2 class=\"product--title\"><strong>Focus<\/strong>\u00a0AVENTURA\u00b2 6.7<\/h2>\n<p class=\"product--rating-container\">&#8222;Praktisch im Alltag: Das FOCUS AVENTURA\u00b2 6.7 mit Bosch Performance CX E-Antrieb bietet kraftvolle Unterst\u00fctzung im Alltag und eine Reichweite von 625 Wh. Die Batterie sitzt formsch\u00f6n integriert im Unterrohr, l\u00e4sst sich aber zum Laden herausnehmen. Zur Arbeit, zum Einkaufen oder einfach zum Vergn\u00fcgen: Such dir was aus, das AVENTURA\u00b2 6.7 ist die richtige Wahl f\u00fcr jeden Tag inner- oder au\u00dferhalb der Stadt. Mit Schutzblechen, Licht, St\u00e4nder und Gep\u00e4cktr\u00e4ger bist du f\u00fcr alle t\u00e4glichen Herausforderungen gewappnet.<\/p>\n<hr \/>\n<h3>Features &#8211; Focus AVENTURA\u00b2 6.7<\/h3>\n<ul>\n<li>Individualisierbares Bosch Smart System mit Performance CX E-Antrieb, Intuvia Display und 625 Wh-Batterie<\/li>\n<li>Stabile Schutzbleche, Gep\u00e4cktr\u00e4ger, St\u00e4nder und super helle 90 Lux Scheinwerfer-Lichtanlage<\/li>\n<li>Komfortables Cockpit und verl\u00e4ssliche Shimano Deore 10-fach-Schaltung<\/li>\n<\/ul>\n<hr \/>\n<h3>Highlights &#8211; Focus AVENTURA\u00b2 6.7<\/h3>\n<p><b>Auf alles vorbereitet<\/b><br \/>\nEgal ob deine Reise mehrere Tage dauert oder du einfach viel transportieren musst: Das AVENTURA\u00b2 ist mit Gep\u00e4cktr\u00e4ger, Schutzblechen und Licht genauso bereit f\u00fcr Bikepacking-Trips wie f\u00fcr st\u00e4dtische Lastenfahrten. Aber damit nicht genug: Das AVENTURA\u00b2 6.7 hat eine Freigabe f\u00fcr die meisten Anh\u00e4nger und f\u00fcr ein Systemgewicht (Fahrer mit Gep\u00e4ck und Rad) von 150 kg.<\/p>\n<p><b>Komplett integriert und Komfortabel<\/b><br \/>\nDer Bosch Powertube Akku mit 625 Wh sitzt perfekt integriert im Unterrohr und ist jederzeit zum Laden entnehmbar. Dank eines ergonomischen Cockpits mit 30 Grad-Vorbau und breiten Gel\u00e4nde-Reifen bleibt der Komfort nicht auf der Strecke, wenn du auch abseits der befestigten Wege f\u00e4hrst. Die C.I.S. (Cockpit Integration Solution) Technologie sorgt f\u00fcr ein aufger\u00e4umtes Cockpit mit einer Kabelf\u00fchrung durch Vorbau und Steuersatz in den Rahmen.<\/p>\n<p><b>Super Kraftvolle und Dynamische E-Unterst\u00fctzung<br \/>\n<\/b>Das effiziente Bosch Smart System mit Performance CX E-Antrieb (Gen. 4) unterst\u00fctzt dich mit kraftvollen 85 Nm bis 25 km\/h. Mit seiner ausgewogenen Geometrie f\u00e4hrt sich das AVENTURA\u00b2 agil und dynamisch. Der st\u00e4rkste E-Motor von Bosch sitzt dabei sch\u00f6n integriert im Tretlagerbereich.<\/p>\n<hr \/>\n<h3>Die AVENTURA\u00b2 Familie<\/h3>\n<p>Egal ob deine Reise mehrere Tage dauert oder du einfach viel transportieren musst: Das AVENTURA\u00b2 ist mit robustem Gep\u00e4cktr\u00e4ger (25 kg Zuladung), hochwertigen Alu-Schutzblechen, St\u00e4nder und hellen Scheinwerfern genauso bereit f\u00fcr Bikepacking-Trips wie f\u00fcr st\u00e4dtische Lastenfahrten. Der Gep\u00e4cktr\u00e4ger ist dabei so konstruiert, dass die Taschen keine Lacksch\u00e4den hinterlassen.<\/p>\n<hr \/>\n<h3>Technologien<\/h3>\n<p><strong>Cockpit Integration Solution C.I.S.<\/strong><br \/>\nC.I.S. steht f\u00fcr Cockpit Integration Solution und f\u00fchrt alle integrierten Z\u00fcge und Kabel im Cockpit deines Rennrads, Gravel- oder Mountainbikes zusammen. Wir haben verschiedene C.I.S. Vorbau- L\u00f6sungen entwickelt, die den Anspr\u00fcchen der jeweiligen Rad-Kategorie entsprechen, z.B. einen Aero-Vorbau f\u00fcr das IZALCO MAX oder einen super kurzen Vorbau f\u00fcr unsere Mountainbikes. Sie haben alle eins gemein: Sie f\u00fchren alle Kabel durch Vorbau und Steuersatz in den Rahmen und liefern perfekte Funktionalit\u00e4t sowohl f\u00fcr elektronische als auch mechanische Schaltungen. Damit bekommt dein Cockpit ein aufger\u00e4umtes Design und alle Kabel verlaufen gut gesch\u00fctzt innenliegend.<\/p>\n<p><b>INTERNAL CABLE ROUTING<\/b><br \/>\nDie Verlegung der Z\u00fcge und Hydraulikleitungen erfolgt gesch\u00fctzt innerhalb des Rahmens. Das sorgt f\u00fcr eine aufger\u00e4umte Optik und verl\u00e4ngert die Lebensdauer der Leitungen und gew\u00e4hrleistet so stets einwandfreies Schalten und Bremsen.<\/p>\n<div class=\"tab-menu--product js--tab-menu\">\n<div class=\"tab--container-list\">\n<div class=\"tab--container has--content is--active\">\n<div class=\"tab--content\">\n<div class=\"content--description\">\n<div class=\"product--description\">\n<h2>Ausstattung<\/h2>\n<div class=\"product--properties panel has--border\">\n<table class=\"product--properties-table\">\n<tbody>\n<tr class=\"product--properties-row row1\">\n<td class=\"product--properties-label is--bold\">Rahmen:<\/td>\n<td class=\"product--properties-value\">7005 hydroformed aluminium, 3D forging, 148&#215;12 mm thru axle, post mount 180 mm<\/td>\n<\/tr>\n<tr class=\"product--properties-row row2\">\n<td class=\"product--properties-label is--bold\">Rahmenmaterial:<\/td>\n<td class=\"product--properties-value\">Aluminium<\/td>\n<\/tr>\n<tr class=\"product--properties-row row3\">\n<td class=\"product--properties-label is--bold\">Laufradgr\u00f6\u00dfe:<\/td>\n<td class=\"product--properties-value\">29&#8243;<\/td>\n<\/tr>\n<tr class=\"product--properties-row row4\">\n<td class=\"product--properties-label is--bold\">Farbe:<\/td>\n<td class=\"product--properties-value\">Bluegreen<\/td>\n<\/tr>\n<tr class=\"product--properties-row row5\">\n<td class=\"product--properties-label is--bold\">Gabel:<\/td>\n<td class=\"product--properties-value\">SR Suntour XCR 34 LO Coil, 51 mm Offset, 15&#215;110 mm<\/td>\n<\/tr>\n<tr class=\"product--properties-row row6\">\n<td class=\"product--properties-label is--bold\">Federweg:<\/td>\n<td class=\"product--properties-value\">100 mm<\/td>\n<\/tr>\n<tr class=\"product--properties-row row7\">\n<td class=\"product--properties-label is--bold\">Bremsen:<\/td>\n<td class=\"product--properties-value\">Shimano MT200, 2-piston, hydraulic disc brake<\/td>\n<\/tr>\n<tr class=\"product--properties-row row8\">\n<td class=\"product--properties-label is--bold\">Bremsscheiben:<\/td>\n<td class=\"product--properties-value\">180 mm<\/td>\n<\/tr>\n<tr class=\"product--properties-row row9\">\n<td class=\"product--properties-label is--bold\">Bremshebel:<\/td>\n<td class=\"product--properties-value\">Shimano MT200<\/td>\n<\/tr>\n<tr class=\"product--properties-row row10\">\n<td class=\"product--properties-label is--bold\">Steuersatz:<\/td>\n<td class=\"product--properties-value\">ACROS ZS56\/ZS66 (ICR), FOCUS C.I.S. Integrated<\/td>\n<\/tr>\n<tr class=\"product--properties-row row11\">\n<td class=\"product--properties-label is--bold\">Vorbau:<\/td>\n<td class=\"product--properties-value\">FOCUS C.I.S. integrated, 60 mm, 30\u00b0, 35 mm, aluminium<\/td>\n<\/tr>\n<tr class=\"product--properties-row row12\">\n<td class=\"product--properties-label is--bold\">Lenker:<\/td>\n<td class=\"product--properties-value\">Aluminium, 760 mm, flatbar, backsweep: 9\u00b0, 35,0 mm<\/td>\n<\/tr>\n<tr class=\"product--properties-row row13\">\n<td class=\"product--properties-label is--bold\">Sattel:<\/td>\n<td class=\"product--properties-value\">Selle Royal HRN 4007<\/td>\n<\/tr>\n<tr class=\"product--properties-row row14\">\n<td class=\"product--properties-label is--bold\">Sattelst\u00fctze:<\/td>\n<td class=\"product--properties-value\">Aluminium, 31,6 mm, 350 mm<\/td>\n<\/tr>\n<tr class=\"product--properties-row row15\">\n<td class=\"product--properties-label is--bold\">Kurbel:<\/td>\n<td class=\"product--properties-value\">FSA CK-320, 170 mm, 36 T. aluminium<\/td>\n<\/tr>\n<\/tbody>\n<\/table>\n<table class=\"product--properties-table\">\n<tbody>\n<tr class=\"product--properties-row row16\">\n<td class=\"product--properties-label is--bold\">Schaltwerk:<\/td>\n<td class=\"product--properties-value\">Shimano Deore M4120, 10-speed<\/td>\n<\/tr>\n<tr class=\"product--properties-row row17\">\n<td class=\"product--properties-label is--bold\">Schalthebel:<\/td>\n<td class=\"product--properties-value\">Shimano Deore M4100, 10-speed<\/td>\n<\/tr>\n<tr class=\"product--properties-row row18\">\n<td class=\"product--properties-label is--bold\">Kassette:<\/td>\n<td class=\"product--properties-value\">Shimano Deore M4100, 10-speed, 11-42 T<\/td>\n<\/tr>\n<tr class=\"product--properties-row row19\">\n<td class=\"product--properties-label is--bold\">Kette:<\/td>\n<td class=\"product--properties-value\">KMC X10, 10-speed<\/td>\n<\/tr>\n<tr class=\"product--properties-row row20\">\n<td class=\"product--properties-label is--bold\">Reifen:<\/td>\n<td class=\"product--properties-value\">Schwalbe Smart Sam 2.25, (57 mm) 57-622<\/td>\n<\/tr>\n<tr class=\"product--properties-row row21\">\n<td class=\"product--properties-label is--bold\">Nabe Vorderrad:<\/td>\n<td class=\"product--properties-value\">Shimano Alivio MT400, 15&#215;110 mm<\/td>\n<\/tr>\n<tr class=\"product--properties-row row22\">\n<td class=\"product--properties-label is--bold\">Nabe Hinterrad:<\/td>\n<td class=\"product--properties-value\">Shimano Alivio MT400, 12&#215;148 mm<\/td>\n<\/tr>\n<tr class=\"product--properties-row row23\">\n<td class=\"product--properties-label is--bold\">Speichen:<\/td>\n<td class=\"product--properties-value\">Zink, black<\/td>\n<\/tr>\n<tr class=\"product--properties-row row24\">\n<td class=\"product--properties-label is--bold\">Felgen:<\/td>\n<td class=\"product--properties-value\">RODI TRYP25, 25-622<\/td>\n<\/tr>\n<tr class=\"product--properties-row row25\">\n<td class=\"product--properties-label is--bold\">Display:<\/td>\n<td class=\"product--properties-value\">Bosch LED Remote + Intuvia 100<\/td>\n<\/tr>\n<tr class=\"product--properties-row row26\">\n<td class=\"product--properties-label is--bold\">Akku:<\/td>\n<td class=\"product--properties-value\">Bosch Powertube, 625 Wh, removeable, lockable<\/td>\n<\/tr>\n<tr class=\"product--properties-row row27\">\n<td class=\"product--properties-label is--bold\">Motor:<\/td>\n<td class=\"product--properties-value\">Bosch Performance CX Gen4, 85 Nm, 250 W<\/td>\n<\/tr>\n<tr class=\"product--properties-row row28\">\n<td class=\"product--properties-label is--bold\">Scheinwerfer:<\/td>\n<td class=\"product--properties-value\">Litemove SE90 LED, 90 Lux<\/td>\n<\/tr>\n<tr class=\"product--properties-row row29\">\n<td class=\"product--properties-label is--bold\">R\u00fccklicht:<\/td>\n<td class=\"product--properties-value\">TRELOCK LS421, Brake light<\/td>\n<\/tr>\n<tr class=\"product--properties-row row30\">\n<td class=\"product--properties-label is--bold\">Gep\u00e4cktr\u00e4ger:<\/td>\n<td class=\"product--properties-value\">Racktime Snap-It carrier, 2-leg, 25 kg max. load<\/td>\n<\/tr>\n<tr class=\"product--properties-row row31\">\n<td class=\"product--properties-label is--bold\">Pedale:<\/td>\n<td class=\"product--properties-value\">MTB, with reflector<\/td>\n<\/tr>\n<tr class=\"product--properties-row row32\">\n<td class=\"product--properties-label is--bold\">Sonstiges:<\/td>\n<td class=\"product--properties-value\">Schutzblech, St\u00e4nder<\/td>\n<\/tr>\n<tr class=\"product--properties-row row33\">\n<td class=\"product--properties-label is--bold\">Zul\u00e4ssiges Gesamtgewicht:<\/td>\n<td class=\"product--properties-value\">175 kg -&gt; 150 kg (K\u00f6rpergewicht + Fahrrad + Ausr\u00fcstung) + 25 kg Zuladung (Gep\u00e4cktr\u00e4ger)<\/td>\n<\/tr>\n<tr class=\"product--properties-row row34\">\n<td class=\"product--properties-label is--bold\">Gewicht Komplettrad:<\/td>\n<td class=\"product--properties-value\">25,25 kg<\/td>\n<\/tr>\n<\/tbody>\n<\/table>\n<\/div>\n<\/div>\n<\/div>\n<\/div>\n<\/div>\n<\/div>\n<\/div>","protected":false},"excerpt":{"rendered":"<div class=\"tab-menu--product js--tab-menu\">\n<div class=\"tab--container-list\">\n<div class=\"tab--container description has--content is--active\">\n<div class=\"tab--content box-description\">\n<div class=\"content--description\">\n<div class=\"ean-box\"><label>Modelljahr: 2023<\/label><\/div>\n<\/div>\n<\/div>\n<\/div>\n<\/div>\n<\/div>\n<p><a class=\"rating-link-info--box\" name=\"product--publish-comment\"><\/a><\/p>\n<div id=\"detail--product-reviews\" class=\"content--product-reviews 123\"><\/div>","protected":false},"featured_media":61286,"comment_status":"open","ping_status":"closed","template":"","meta":[],"product_brand":[],"product_cat":[33,247,270,281],"product_tag":[],"class_list":{"0":"post-38648","1":"product","2":"type-product","3":"status-publish","4":"has-post-thumbnail","6":"product_cat-e-bike","7":"product_cat-e-bike-trekking","8":"product_cat-e-bikes-2023","9":"product_cat-e-fahrrad","10":"pa_marke-focus","12":"first","13":"instock","14":"sale","15":"taxable","16":"shipping-taxable","17":"purchasable","18":"product-type-variable"},"yoast_head":"<!-- This site is optimized with the Yoast SEO Premium plugin v20.12 (Yoast SEO v27.1.1) - https:\/\/yoast.com\/product\/yoast-seo-premium-wordpress\/ -->\n<title>Focus AVENTURA\u00b2 6.7<\/title>\n<meta name=\"description\" content=\"Entdecken Sie unseren Online-Fahrradladen: Gro\u00dfe Auswahl an Modellen f\u00fcr alle Radsportbegeisterten. Von Rennr\u00e4dern bis zu Mountainbikes - finden Sie heute Ihren perfekten Wegbegleiter!\" \/>\n<meta name=\"robots\" content=\"index, follow, max-snippet:-1, max-image-preview:large, max-video-preview:-1\" \/>\n<link rel=\"canonical\" href=\"https:\/\/kgerad.de\/en\/product\/focus-aventura\u00b2-6-7\/\" \/>\n<meta property=\"og:locale\" content=\"en_US\" \/>\n<meta property=\"og:type\" content=\"article\" \/>\n<meta property=\"og:title\" content=\"Focus AVENTURA\u00b2 6.7\" \/>\n<meta property=\"og:description\" content=\"Entdecken Sie unseren Online-Fahrradladen: Gro\u00dfe Auswahl an Modellen f\u00fcr alle Radsportbegeisterten. Von Rennr\u00e4dern bis zu Mountainbikes - finden Sie heute Ihren perfekten Wegbegleiter!\" \/>\n<meta property=\"og:url\" content=\"https:\/\/kgerad.de\/en\/product\/focus-aventura\u00b2-6-7\/\" \/>\n<meta property=\"og:site_name\" content=\"kgerad.de\" \/>\n<meta property=\"article:modified_time\" content=\"2023-08-11T07:49:31+00:00\" \/>\n<meta property=\"og:image\" content=\"https:\/\/kgerad.de\/wp-content\/uploads\/2023\/06\/Focus_AVENTURA_2_6-7_Bluegreen_-1.jpg\" \/>\n\t<meta property=\"og:image:width\" content=\"2000\" \/>\n\t<meta property=\"og:image:height\" content=\"1100\" \/>\n\t<meta property=\"og:image:type\" content=\"image\/jpeg\" \/>\n<meta name=\"twitter:card\" content=\"summary_large_image\" \/>\n<meta name=\"twitter:label1\" content=\"Est. reading time\" \/>\n\t<meta name=\"twitter:data1\" content=\"4 minutes\" \/>\n<script type=\"application\/ld+json\" class=\"yoast-schema-graph\">{\"@context\":\"https:\/\/schema.org\",\"@graph\":[{\"@type\":\"WebPage\",\"@id\":\"https:\/\/kgerad.de\/produkt\/focus-aventura%c2%b2-6-7\/\",\"url\":\"https:\/\/kgerad.de\/produkt\/focus-aventura%c2%b2-6-7\/\",\"name\":\"Focus AVENTURA\u00b2 6.7\",\"isPartOf\":{\"@id\":\"https:\/\/kgerad.de\/#website\"},\"primaryImageOfPage\":{\"@id\":\"https:\/\/kgerad.de\/produkt\/focus-aventura%c2%b2-6-7\/#primaryimage\"},\"image\":{\"@id\":\"https:\/\/kgerad.de\/produkt\/focus-aventura%c2%b2-6-7\/#primaryimage\"},\"thumbnailUrl\":\"https:\/\/kgerad.de\/wp-content\/uploads\/2023\/06\/Focus_AVENTURA_2_6-7_Bluegreen_-1.jpg\",\"datePublished\":\"2022-11-08T12:17:43+00:00\",\"dateModified\":\"2023-08-11T07:49:31+00:00\",\"description\":\"Entdecken Sie unseren Online-Fahrradladen: Gro\u00dfe Auswahl an Modellen f\u00fcr alle Radsportbegeisterten. Von Rennr\u00e4dern bis zu Mountainbikes - finden Sie heute Ihren perfekten Wegbegleiter!\",\"breadcrumb\":{\"@id\":\"https:\/\/kgerad.de\/produkt\/focus-aventura%c2%b2-6-7\/#breadcrumb\"},\"inLanguage\":\"en-US\",\"potentialAction\":[{\"@type\":\"ReadAction\",\"target\":[\"https:\/\/kgerad.de\/produkt\/focus-aventura%c2%b2-6-7\/\"]}]},{\"@type\":\"ImageObject\",\"inLanguage\":\"en-US\",\"@id\":\"https:\/\/kgerad.de\/produkt\/focus-aventura%c2%b2-6-7\/#primaryimage\",\"url\":\"https:\/\/kgerad.de\/wp-content\/uploads\/2023\/06\/Focus_AVENTURA_2_6-7_Bluegreen_-1.jpg\",\"contentUrl\":\"https:\/\/kgerad.de\/wp-content\/uploads\/2023\/06\/Focus_AVENTURA_2_6-7_Bluegreen_-1.jpg\",\"width\":2000,\"height\":1100,\"caption\":\"Focus AVENTURA\u00b2 6.7\"},{\"@type\":\"BreadcrumbList\",\"@id\":\"https:\/\/kgerad.de\/produkt\/focus-aventura%c2%b2-6-7\/#breadcrumb\",\"itemListElement\":[{\"@type\":\"ListItem\",\"position\":1,\"name\":\"Startseite\",\"item\":\"https:\/\/kgerad.de\/\"},{\"@type\":\"ListItem\",\"position\":2,\"name\":\"LADEN\",\"item\":\"https:\/\/kgerad.de\/laden\/\"},{\"@type\":\"ListItem\",\"position\":3,\"name\":\"Focus AVENTURA\u00b2 6.7\"}]},{\"@type\":\"WebSite\",\"@id\":\"https:\/\/kgerad.de\/#website\",\"url\":\"https:\/\/kgerad.de\/\",\"name\":\"kgerad.de\",\"description\":\"Treten Sie mit uns ins Abenteuer!\",\"publisher\":{\"@id\":\"https:\/\/kgerad.de\/#organization\"},\"alternateName\":\"MEIN RADLADEN\",\"potentialAction\":[{\"@type\":\"SearchAction\",\"target\":{\"@type\":\"EntryPoint\",\"urlTemplate\":\"https:\/\/kgerad.de\/?s={search_term_string}\"},\"query-input\":{\"@type\":\"PropertyValueSpecification\",\"valueRequired\":true,\"valueName\":\"search_term_string\"}}],\"inLanguage\":\"en-US\"},{\"@type\":\"Organization\",\"@id\":\"https:\/\/kgerad.de\/#organization\",\"name\":\"MEINRADLADEN\",\"alternateName\":\"MEIN RADLADEN\",\"url\":\"https:\/\/kgerad.de\/\",\"logo\":{\"@type\":\"ImageObject\",\"inLanguage\":\"en-US\",\"@id\":\"https:\/\/kgerad.de\/#\/schema\/logo\/image\/\",\"url\":\"https:\/\/kgerad.de\/wp-content\/uploads\/2025\/07\/logo-Whit.svg\",\"contentUrl\":\"https:\/\/kgerad.de\/wp-content\/uploads\/2025\/07\/logo-Whit.svg\",\"width\":1640,\"height\":371,\"caption\":\"MEINRADLADEN\"},\"image\":{\"@id\":\"https:\/\/kgerad.de\/#\/schema\/logo\/image\/\"}}]}<\/script>\n<!-- \/ Yoast SEO Premium plugin. -->","yoast_head_json":{"title":"Focus AVENTURA\u00b2 6.7","description":"Entdecken Sie unseren Online-Fahrradladen: Gro\u00dfe Auswahl an Modellen f\u00fcr alle Radsportbegeisterten. Von Rennr\u00e4dern bis zu Mountainbikes - finden Sie heute Ihren perfekten Wegbegleiter!","robots":{"index":"index","follow":"follow","max-snippet":"max-snippet:-1","max-image-preview":"max-image-preview:large","max-video-preview":"max-video-preview:-1"},"canonical":"https:\/\/kgerad.de\/en\/product\/focus-aventura\u00b2-6-7\/","og_locale":"en_US","og_type":"article","og_title":"Focus AVENTURA\u00b2 6.7","og_description":"Entdecken Sie unseren Online-Fahrradladen: Gro\u00dfe Auswahl an Modellen f\u00fcr alle Radsportbegeisterten. Von Rennr\u00e4dern bis zu Mountainbikes - finden Sie heute Ihren perfekten Wegbegleiter!","og_url":"https:\/\/kgerad.de\/en\/product\/focus-aventura\u00b2-6-7\/","og_site_name":"kgerad.de","article_modified_time":"2023-08-11T07:49:31+00:00","og_image":[{"width":2000,"height":1100,"url":"https:\/\/kgerad.de\/wp-content\/uploads\/2023\/06\/Focus_AVENTURA_2_6-7_Bluegreen_-1.jpg","type":"image\/jpeg"}],"twitter_card":"summary_large_image","twitter_misc":{"Est. reading time":"4 minutes"},"schema":{"@context":"https:\/\/schema.org","@graph":[{"@type":"WebPage","@id":"https:\/\/kgerad.de\/produkt\/focus-aventura%c2%b2-6-7\/","url":"https:\/\/kgerad.de\/produkt\/focus-aventura%c2%b2-6-7\/","name":"Focus AVENTURA\u00b2 6.7","isPartOf":{"@id":"https:\/\/kgerad.de\/#website"},"primaryImageOfPage":{"@id":"https:\/\/kgerad.de\/produkt\/focus-aventura%c2%b2-6-7\/#primaryimage"},"image":{"@id":"https:\/\/kgerad.de\/produkt\/focus-aventura%c2%b2-6-7\/#primaryimage"},"thumbnailUrl":"https:\/\/kgerad.de\/wp-content\/uploads\/2023\/06\/Focus_AVENTURA_2_6-7_Bluegreen_-1.jpg","datePublished":"2022-11-08T12:17:43+00:00","dateModified":"2023-08-11T07:49:31+00:00","description":"Entdecken Sie unseren Online-Fahrradladen: Gro\u00dfe Auswahl an Modellen f\u00fcr alle Radsportbegeisterten. Von Rennr\u00e4dern bis zu Mountainbikes - finden Sie heute Ihren perfekten Wegbegleiter!","breadcrumb":{"@id":"https:\/\/kgerad.de\/produkt\/focus-aventura%c2%b2-6-7\/#breadcrumb"},"inLanguage":"en-US","potentialAction":[{"@type":"ReadAction","target":["https:\/\/kgerad.de\/produkt\/focus-aventura%c2%b2-6-7\/"]}]},{"@type":"ImageObject","inLanguage":"en-US","@id":"https:\/\/kgerad.de\/produkt\/focus-aventura%c2%b2-6-7\/#primaryimage","url":"https:\/\/kgerad.de\/wp-content\/uploads\/2023\/06\/Focus_AVENTURA_2_6-7_Bluegreen_-1.jpg","contentUrl":"https:\/\/kgerad.de\/wp-content\/uploads\/2023\/06\/Focus_AVENTURA_2_6-7_Bluegreen_-1.jpg","width":2000,"height":1100,"caption":"Focus AVENTURA\u00b2 6.7"},{"@type":"BreadcrumbList","@id":"https:\/\/kgerad.de\/produkt\/focus-aventura%c2%b2-6-7\/#breadcrumb","itemListElement":[{"@type":"ListItem","position":1,"name":"Startseite","item":"https:\/\/kgerad.de\/"},{"@type":"ListItem","position":2,"name":"LADEN","item":"https:\/\/kgerad.de\/laden\/"},{"@type":"ListItem","position":3,"name":"Focus AVENTURA\u00b2 6.7"}]},{"@type":"WebSite","@id":"https:\/\/kgerad.de\/#website","url":"https:\/\/kgerad.de\/","name":"kgerad.de","description":"Treten Sie mit uns ins Abenteuer!","publisher":{"@id":"https:\/\/kgerad.de\/#organization"},"alternateName":"MEIN RADLADEN","potentialAction":[{"@type":"SearchAction","target":{"@type":"EntryPoint","urlTemplate":"https:\/\/kgerad.de\/?s={search_term_string}"},"query-input":{"@type":"PropertyValueSpecification","valueRequired":true,"valueName":"search_term_string"}}],"inLanguage":"en-US"},{"@type":"Organization","@id":"https:\/\/kgerad.de\/#organization","name":"MEINRADLADEN","alternateName":"MEIN RADLADEN","url":"https:\/\/kgerad.de\/","logo":{"@type":"ImageObject","inLanguage":"en-US","@id":"https:\/\/kgerad.de\/#\/schema\/logo\/image\/","url":"https:\/\/kgerad.de\/wp-content\/uploads\/2025\/07\/logo-Whit.svg","contentUrl":"https:\/\/kgerad.de\/wp-content\/uploads\/2025\/07\/logo-Whit.svg","width":1640,"height":371,"caption":"MEINRADLADEN"},"image":{"@id":"https:\/\/kgerad.de\/#\/schema\/logo\/image\/"}}]}},"_links":{"self":[{"href":"https:\/\/kgerad.de\/en\/wp-json\/wp\/v2\/product\/38648","targetHints":{"allow":["GET"]}}],"collection":[{"href":"https:\/\/kgerad.de\/en\/wp-json\/wp\/v2\/product"}],"about":[{"href":"https:\/\/kgerad.de\/en\/wp-json\/wp\/v2\/types\/product"}],"replies":[{"embeddable":true,"href":"https:\/\/kgerad.de\/en\/wp-json\/wp\/v2\/comments?post=38648"}],"version-history":[{"count":1,"href":"https:\/\/kgerad.de\/en\/wp-json\/wp\/v2\/product\/38648\/revisions"}],"predecessor-version":[{"id":79329,"href":"https:\/\/kgerad.de\/en\/wp-json\/wp\/v2\/product\/38648\/revisions\/79329"}],"wp:featuredmedia":[{"embeddable":true,"href":"https:\/\/kgerad.de\/en\/wp-json\/wp\/v2\/media\/61286"}],"wp:attachment":[{"href":"https:\/\/kgerad.de\/en\/wp-json\/wp\/v2\/media?parent=38648"}],"wp:term":[{"taxonomy":"product_brand","embeddable":true,"href":"https:\/\/kgerad.de\/en\/wp-json\/wp\/v2\/product_brand?post=38648"},{"taxonomy":"product_cat","embeddable":true,"href":"https:\/\/kgerad.de\/en\/wp-json\/wp\/v2\/product_cat?post=38648"},{"taxonomy":"product_tag","embeddable":true,"href":"https:\/\/kgerad.de\/en\/wp-json\/wp\/v2\/product_tag?post=38648"}],"curies":[{"name":"wp","href":"https:\/\/api.w.org\/{rel}","templated":true}]}}