{"id":38562,"date":"2022-11-08T11:59:34","date_gmt":"2022-11-08T10:59:34","guid":{"rendered":"https:\/\/kgerad.de\/?post_type=product&#038;p=38562"},"modified":"2023-08-11T09:58:25","modified_gmt":"2023-08-11T07:58:25","slug":"conway-cairon-c-2-0-625-elektrofahrrad","status":"publish","type":"product","link":"https:\/\/kgerad.de\/en\/product\/conway-cairon-c-2-0-625-elektrofahrrad\/","title":{"rendered":"Conway Cairon C 2.0 625 Elektrofahrrad"},"content":{"rendered":"<h2>Conway Cairon C 2.0 625<\/h2>\n<p>Das Cairon C von Conway ist ein sportliches E-Bike mit Bosch Performance Line CX Antrieb f\u00fcr Pendler, das dich dank Vollausstattung auf dem t\u00e4glichen Weg zur Arbeit und zur\u00fcck sauber h\u00e4lt, aber auch auf leichten Offroadpisten mit seinen sportlichen Eigenschaften \u00fcberzeugen kann.<\/p>\n<p>Immer gut unterwegs \u2013 dank voller Ausstattung und angenehmen Handling \u00fcberzeugt dich das Cairon, egal ob in der Stadt oder auf der Tour \u00fcber Land. Du bekommst alle Features der hochwertigen Rahmenplattform mit vollintegriertem, leicht entnehmbarem Akku, schlanker Formensprache und schicken Designl\u00f6sungen schon zum Einstiegspreis.<\/p>\n<hr \/>\n<p><strong>In der Rahmengr\u00f6\u00dfe S als 27,5er. In den Rahmengr\u00f6\u00dfen M, L und XL als 29er.<\/strong><\/p>\n<hr \/>\n<h3>Die Highlights des Conway Cairon C 2.0 625<\/h3>\n<ul>\n<li>Bosch Performance Line CX Antrieb mit einem maximalen Drehmoment von 85 Nm<\/li>\n<li>Gro\u00dfer Powertube-Akku mit einer Kapazit\u00e4t von 625 Wh<\/li>\n<li>Vollausstattung mit Beleuchtung, Gep\u00e4cktr\u00e4ger und Schutzblech<\/li>\n<li>Hochwertiger Aluminiumrahmen\n<div class=\"tab-menu--product js--tab-menu\">\n<div class=\"tab--container-list\">\n<div class=\"tab--container has--content is--active\">\n<div class=\"tab--content\">\n<div class=\"content--description\">\n<div class=\"product--description\">\n<div>\n<h3>Bosch PowerTube<\/h3>\n<\/div>\n<p>Die Bosch Akkus f\u00fcr Elektrofahrr\u00e4der sind effizient und ausdauernd. Sie sind bekannt f\u00fcr hohe Laufleistung und lange Lebensdauer und verbinden geringes Gewicht mit ergonomischem Design. Dank dem intelligenten Batterie-Management-System geh\u00f6ren die hochwertigen Lithium-Ionen-Akkus von Bosch zu den modernsten auf dem Markt. So werden potentielle Fehlerquellen erkannt und die Zellen vor \u00dcberlastung gesch\u00fctzt.<\/p>\n<p>Bosch PowerTubes f\u00fcgen sich dank kompakter Gr\u00f6\u00dfe und minimalistischer Gestaltung ideal ins Design des eBikes ein. Es gibt zwei Varianten, wie der Akku verbaut werden kann: horizontal oder vertikal. Die PowerTubes von Bosch gibt es in 3 verschiedenen Kapazit\u00e4ten: 400 Wh, 500 Wh und 625 Wh. Die ausgefeilte Technik der in den Rahmen integrierbaren Lithium-Ionen-Akkus sorgt f\u00fcr unbeschwerten Fahrspa\u00df, eine Sicherung verhindert das Herausfallen selbst in anspruchsvollem Gel\u00e4nde. Herausnehmen lassen sich die Akkus dennoch komfortabel.<\/p>\n<hr \/>\n<h3>Vorteile der Bosch PowerTube E-Bike Akkus<\/h3>\n<p><strong>Hervorragende Akku-Effizienz<\/strong><br \/>\nF\u00fcr den gr\u00f6\u00dftm\u00f6glichen Fahrspa\u00df haben die Lithium-Ionen-PowerPacks nachweislich die h\u00f6chste Energiedichte bei geringster Gr\u00f6\u00dfe und kleinstem Gewicht am Markt.<\/p>\n<p><strong>Einfach lagern und schnell laden<\/strong><br \/>\nDie modernen Bosch Lithium-Ionen-Akkus kennen weder Memory-Effekte noch Selbstentladung. Je nach Charger und PowerPack l\u00e4dst du deinen Akku in ungef\u00e4hr zwei Stunden zur H\u00e4lfte auf.<\/p>\n<p><strong>Ergonomisches Handling<\/strong><br \/>\nDas Entnehmen f\u00fcr den Ladevorgang zu Hause funktioniert ganz einfach. Die PowerPacks lassen sich auch bequem direkt am Fahrrad aufladen.<\/p>\n<p><strong>Kein Memory-Effekt<\/strong><br \/>\nDie Bosch Akkus mit Lithium-Ionen-Zellen k\u00f6nnen unabh\u00e4ngig von ihrem Ladezustand jederzeit beliebig kurz geladen werden. Unterbrechungen des Ladevorgangs schaden den Akkus nicht. Eine vollst\u00e4ndige Entladung ist nicht n\u00f6tig.<\/p>\n<p><strong>Sehr geringe Selbstentladung<\/strong><br \/>\nSelbst nach l\u00e4ngerer Lagerung, z. B. \u00dcberwinterung, ist eine Inbetriebnahme ohne eine erneute Aufladung des Akkus m\u00f6glich. Die Bosch Akkus m\u00fcssen nach langer Pause also nicht nachgeladen werden. F\u00fcr eine l\u00e4ngere Lagerung empfiehlt sich ein Ladezustand von ca. 30 bis 60 %.<\/p>\n<p><strong>Lange Lebensdauer<\/strong><br \/>\nDie Bosch Akkus sind f\u00fcr viele Touren, Kilometer und Dienstjahre konzipiert. Das intelligente, elektronische Bosch Batterie-Management-System (BMS) sch\u00fctzt Lithium-Ionen-Akkus vor zu hohen Betriebstemperaturen, \u00dcberlastung und Tiefentladung.<\/p>\n<hr \/>\n<table class=\"graf_tab\">\n<tbody>\n<tr>\n<td width=\"20%\"><img decoding=\"async\" title=\"Bosch PowerTube 625\" src=\"https:\/\/cd.bike-discount.de\/media\/image\/43\/a4\/93\/bosch-powertube625.jpg\" alt=\"\" data-src=\"media\/image\/bosch-powertube625.jpg\" \/><\/td>\n<td>\n<div>\n<h3>Bosch PowerTube 625<\/h3>\n<\/div>\n<p>Mehr geht nicht: Mit der PowerTube 625 f\u00e4hrst du lange und bergige Touren und hast Energie f\u00fcr jedes Abenteuer. Dank einer Nennkapazit\u00e4t von 17,4 Ah und ca. 625 Wh Energieinhalt bringt dir der Lithium-Ionen-Akku maximale Reichweiten und H\u00f6henmeter in greifbare N\u00e4he. Gut gesichert, f\u00e4llt die PowerTube 625 selbst auf anspruchsvollem Gel\u00e4nde nicht heraus und l\u00e4sst sich dennoch bequem herausnehmen.<\/td>\n<\/tr>\n<tr>\n<td width=\"20%\"><\/td>\n<td><b>Technische Daten<\/b><\/p>\n<ul>\n<li><strong>Montageart:\u00a0<\/strong>Im Rahmen<\/li>\n<li><strong>Spannung (V):<\/strong>\u00a036 V<\/li>\n<li><strong>Kapazit\u00e4t (Ah):\u00a0<\/strong>17,4 Ah<\/li>\n<li><strong>Energiegehalt (Wh):\u00a0<\/strong>625 Wh<\/li>\n<li><strong>Gewicht:\u00a0<\/strong>ca. 3,5 kg<\/li>\n<\/ul>\n<\/td>\n<\/tr>\n<tr>\n<td width=\"20%\"><\/td>\n<td>\n<h3>Ladegeschwindigkeit Bosch PowerTube 625<\/h3>\n<table class=\"graf_tab\" border=\"3\" width=\"100%\" cellspacing=\"0\" cellpadding=\"4\">\n<tbody>\n<tr>\n<th><\/th>\n<th>Compact Charger<\/th>\n<th>Standard Charger<\/th>\n<th>Fast Charger<\/th>\n<\/tr>\n<tr>\n<td><b>50 % Ladung<\/b><\/td>\n<td>4,2 Std.<\/td>\n<td>2,1 Std.<\/td>\n<td>1,4 Std.<\/td>\n<\/tr>\n<tr>\n<td><b>100 % Ladung<\/b><\/td>\n<td>8,8 Std.<\/td>\n<td>4,9 Std.<\/td>\n<td>3,7 Std.<\/td>\n<\/tr>\n<\/tbody>\n<\/table>\n<\/td>\n<\/tr>\n<\/tbody>\n<\/table>\n<\/div>\n<\/div>\n<\/div>\n<\/div>\n<\/div>\n<\/div>\n<p><a class=\"rating-link-info--box\" name=\"product--publish-comment\"><\/a><\/p>\n<div id=\"detail--product-reviews\" class=\"content--product-reviews 123\">\n<div><\/div>\n<\/div>\n<h2>Ausstattung<\/h2>\n<div class=\"product--properties panel has--border\">\n<table class=\"product--properties-table\">\n<tbody>\n<tr class=\"product--properties-row row1\">\n<td class=\"product--properties-label is--bold\">Rahmen:<\/td>\n<td class=\"product--properties-value\">CONWAY Intube Bosch<\/td>\n<\/tr>\n<tr class=\"product--properties-row row2\">\n<td class=\"product--properties-label is--bold\">Rahmenmaterial:<\/td>\n<td class=\"product--properties-value\">Aluminium<\/td>\n<\/tr>\n<tr class=\"product--properties-row row3\">\n<td class=\"product--properties-label is--bold\">Laufradgr\u00f6\u00dfe:<\/td>\n<td class=\"product--properties-value\">27.5: S \/\/ 29: M, L, XL<\/td>\n<\/tr>\n<tr class=\"product--properties-row row4\">\n<td class=\"product--properties-label is--bold\">Farbe:<\/td>\n<td class=\"product--properties-value\">black metallic \/ silver matt<\/td>\n<\/tr>\n<tr class=\"product--properties-row row5\">\n<td class=\"product--properties-label is--bold\">Gabel:<\/td>\n<td class=\"product--properties-value\">RST &#8222;Blaze ML&#8220;, 120 mm<\/td>\n<\/tr>\n<tr class=\"product--properties-row row6\">\n<td class=\"product--properties-label is--bold\">Bremsen:<\/td>\n<td class=\"product--properties-value\">TEKTRO &#8222;HD-T280&#8220;<\/td>\n<\/tr>\n<tr class=\"product--properties-row row7\">\n<td class=\"product--properties-label is--bold\">Bremsscheiben:<\/td>\n<td class=\"product--properties-value\">TEKTRO &#8222;TR180-35&#8220;, 180 mm \/ 180 mm<\/td>\n<\/tr>\n<tr class=\"product--properties-row row8\">\n<td class=\"product--properties-label is--bold\">Bremshebel:<\/td>\n<td class=\"product--properties-value\">TEKTRO &#8222;HD-T280&#8220;<\/td>\n<\/tr>\n<tr class=\"product--properties-row row9\">\n<td class=\"product--properties-label is--bold\">Steuersatz:<\/td>\n<td class=\"product--properties-value\">ZS44 \/ ZS56, Reduzierkonus<\/td>\n<\/tr>\n<tr class=\"product--properties-row row10\">\n<td class=\"product--properties-label is--bold\">Vorbau:<\/td>\n<td class=\"product--properties-value\">LEVELNINE &#8222;Adjustable&#8220;, 90 mm<\/td>\n<\/tr>\n<tr class=\"product--properties-row row11\">\n<td class=\"product--properties-label is--bold\">Lenker:<\/td>\n<td class=\"product--properties-value\">LEVELNINE &#8222;Low Riser&#8220;, \u00d8 31,8, 720 mm<\/td>\n<\/tr>\n<tr class=\"product--properties-row row12\">\n<td class=\"product--properties-label is--bold\">Griffe:<\/td>\n<td class=\"product--properties-value\">CONWAY &#8222;Sport&#8220;<\/td>\n<\/tr>\n<tr class=\"product--properties-row row13\">\n<td class=\"product--properties-label is--bold\">Sattel:<\/td>\n<td class=\"product--properties-value\">SELLE ROYAL &#8222;Vivo&#8220;<\/td>\n<\/tr>\n<tr class=\"product--properties-row row14\">\n<td class=\"product--properties-label is--bold\">Sattelst\u00fctze:<\/td>\n<td class=\"product--properties-value\">CONWAY Patent, 31,6 mm, 350 mm<\/td>\n<\/tr>\n<tr class=\"product--properties-row row15\">\n<td class=\"product--properties-label is--bold\">Kurbel:<\/td>\n<td class=\"product--properties-value\">MIRANDA &#8222;PSI&#8220;, 170 mm, MIRANDA &#8222;Gen4 Narrow Wide 47,5 CL&#8220;, 38 Z., w CG<\/td>\n<\/tr>\n<\/tbody>\n<\/table>\n<table class=\"product--properties-table\">\n<tbody>\n<tr class=\"product--properties-row row16\">\n<td class=\"product--properties-label is--bold\">Tretlager\/Innenlager:<\/td>\n<td class=\"product--properties-value\">BOSCH<\/td>\n<\/tr>\n<tr class=\"product--properties-row row17\">\n<td class=\"product--properties-label is--bold\">Schaltwerk:<\/td>\n<td class=\"product--properties-value\">TEKTRO &#8222;RD-T 350-E&#8220;, 8speed<\/td>\n<\/tr>\n<tr class=\"product--properties-row row18\">\n<td class=\"product--properties-label is--bold\">Schalthebel:<\/td>\n<td class=\"product--properties-value\">TEKTRO &#8222;SL-M330&#8220;<\/td>\n<\/tr>\n<tr class=\"product--properties-row row19\">\n<td class=\"product--properties-label is--bold\">Kassette:<\/td>\n<td class=\"product--properties-value\">TEKTRO &#8222;CS-M330&#8220;, 11-42 Z.<\/td>\n<\/tr>\n<tr class=\"product--properties-row row20\">\n<td class=\"product--properties-label is--bold\">Kette:<\/td>\n<td class=\"product--properties-value\">KMC &#8222;X8&#8220;<\/td>\n<\/tr>\n<tr class=\"product--properties-row row21\">\n<td class=\"product--properties-label is--bold\">Reifen vorne:<\/td>\n<td class=\"product--properties-value\">SCHWALBE &#8222;Smart Sam&#8220;, Reflex<\/td>\n<\/tr>\n<tr class=\"product--properties-row row22\">\n<td class=\"product--properties-label is--bold\">Reifen hinten:<\/td>\n<td class=\"product--properties-value\">SCHWALBE &#8222;Smart Sam&#8220;, Reflex<\/td>\n<\/tr>\n<tr class=\"product--properties-row row23\">\n<td class=\"product--properties-label is--bold\">Nabe Vorderrad:<\/td>\n<td class=\"product--properties-value\">CONWAY &#8222;Alloy&#8220; QR front<\/td>\n<\/tr>\n<tr class=\"product--properties-row row24\">\n<td class=\"product--properties-label is--bold\">Nabe Hinterrad:<\/td>\n<td class=\"product--properties-value\">CONWAY &#8222;Alloy&#8220; QR rear<\/td>\n<\/tr>\n<tr class=\"product--properties-row row25\">\n<td class=\"product--properties-label is--bold\">Speichen:<\/td>\n<td class=\"product--properties-value\">Niro<\/td>\n<\/tr>\n<tr class=\"product--properties-row row26\">\n<td class=\"product--properties-label is--bold\">Felgen:<\/td>\n<td class=\"product--properties-value\">CONWAY Hohlkammer &#8222;X17&#8220;, Disc<\/td>\n<\/tr>\n<tr class=\"product--properties-row row27\">\n<td class=\"product--properties-label is--bold\">Display:<\/td>\n<td class=\"product--properties-value\">BOSCH, Intuvia<\/td>\n<\/tr>\n<tr class=\"product--properties-row row28\">\n<td class=\"product--properties-label is--bold\">Akku:<\/td>\n<td class=\"product--properties-value\">BOSCH Powertube 625, 625 Wh<\/td>\n<\/tr>\n<tr class=\"product--properties-row row29\">\n<td class=\"product--properties-label is--bold\">Ladeger\u00e4t:<\/td>\n<td class=\"product--properties-value\">Bosch 2 Ah<\/td>\n<\/tr>\n<tr class=\"product--properties-row row30\">\n<td class=\"product--properties-label is--bold\">Motor:<\/td>\n<td class=\"product--properties-value\">BOSCH Mittelmotor Gen.4 &#8222;Performance CX&#8220;, 36 V, 250 W<\/td>\n<\/tr>\n<tr class=\"product--properties-row row31\">\n<td class=\"product--properties-label is--bold\">Scheinwerfer:<\/td>\n<td class=\"product--properties-value\">CONTEC &#8222;DLUX 50 E+&#8220;<\/td>\n<\/tr>\n<tr class=\"product--properties-row row32\">\n<td class=\"product--properties-label is--bold\">R\u00fccklicht:<\/td>\n<td class=\"product--properties-value\">CONTEC &#8222;CTL 335 E&#8220;<\/td>\n<\/tr>\n<tr class=\"product--properties-row row33\">\n<td class=\"product--properties-label is--bold\">Gep\u00e4cktr\u00e4ger:<\/td>\n<td class=\"product--properties-value\">ATRAN &#8222;Cummute Pro&#8220;, inkl. Federklappe<\/td>\n<\/tr>\n<tr class=\"product--properties-row row34\">\n<td class=\"product--properties-label is--bold\">Pedale:<\/td>\n<td class=\"product--properties-value\">VP &#8222;VPE-506&#8220;<\/td>\n<\/tr>\n<tr class=\"product--properties-row row35\">\n<td class=\"product--properties-label is--bold\">Sonstiges:<\/td>\n<td class=\"product--properties-value\">Schutzblech, St\u00e4nder, Glocke<\/td>\n<\/tr>\n<tr class=\"product--properties-row row36\">\n<td class=\"product--properties-label is--bold\">Zul\u00e4ssiges Gesamtgewicht:<\/td>\n<td class=\"product--properties-value\">130 kg (K\u00f6rpergewicht + Fahrrad + Ausr\u00fcstung)<\/td>\n<\/tr>\n<tr class=\"product--properties-row row37\">\n<td class=\"product--properties-label is--bold\">Gewicht Komplettrad:<\/td>\n<td class=\"product--properties-value\">26,5 kg<\/td>\n<\/tr>\n<\/tbody>\n<\/table>\n<\/div>\n<\/li>\n<\/ul>","protected":false},"excerpt":{"rendered":"<p>Conway Cairon C 2.0 625 Das Cairon C von Conway ist ein sportliches E-Bike mit Bosch Performance Line CX Antrieb<\/p>","protected":false},"featured_media":61267,"comment_status":"open","ping_status":"closed","template":"","meta":[],"product_brand":[],"product_cat":[33,247,35,281],"product_tag":[],"class_list":{"0":"post-38562","1":"product","2":"type-product","3":"status-publish","4":"has-post-thumbnail","6":"product_cat-e-bike","7":"product_cat-e-bike-trekking","8":"product_cat-e-bikes-2022","9":"product_cat-e-fahrrad","10":"pa_marke-conway","12":"first","13":"instock","14":"sale","15":"taxable","16":"shipping-taxable","17":"purchasable","18":"product-type-variable"},"yoast_head":"<!-- This site is optimized with the Yoast SEO Premium plugin v20.12 (Yoast SEO v27.1.1) - https:\/\/yoast.com\/product\/yoast-seo-premium-wordpress\/ -->\n<title>Conway Cairon C 2.0 625 Elektrofahrrad<\/title>\n<meta name=\"description\" content=\"Entdecken Sie unseren Online-Fahrradladen: Gro\u00dfe Auswahl an Modellen f\u00fcr alle Radsportbegeisterten. Von Rennr\u00e4dern bis zu Mountainbikes - finden Sie heute Ihren perfekten Wegbegleiter!\" \/>\n<meta name=\"robots\" content=\"index, follow, max-snippet:-1, max-image-preview:large, max-video-preview:-1\" \/>\n<link rel=\"canonical\" href=\"https:\/\/kgerad.de\/en\/product\/conway-cairon-c-2-0-625-elektrofahrrad\/\" \/>\n<meta property=\"og:locale\" content=\"en_US\" \/>\n<meta property=\"og:type\" content=\"article\" \/>\n<meta property=\"og:title\" content=\"Conway Cairon C 2.0 625 Elektrofahrrad\" \/>\n<meta property=\"og:description\" content=\"Entdecken Sie unseren Online-Fahrradladen: Gro\u00dfe Auswahl an Modellen f\u00fcr alle Radsportbegeisterten. Von Rennr\u00e4dern bis zu Mountainbikes - finden Sie heute Ihren perfekten Wegbegleiter!\" \/>\n<meta property=\"og:url\" content=\"https:\/\/kgerad.de\/en\/product\/conway-cairon-c-2-0-625-elektrofahrrad\/\" \/>\n<meta property=\"og:site_name\" content=\"kgerad.de\" \/>\n<meta property=\"article:modified_time\" content=\"2023-08-11T07:58:25+00:00\" \/>\n<meta property=\"og:image\" content=\"https:\/\/kgerad.de\/wp-content\/uploads\/2023\/06\/2893188_CONWAY_Cairon_C_2_0_625_2022-01.jpg\" \/>\n\t<meta property=\"og:image:width\" content=\"1000\" \/>\n\t<meta property=\"og:image:height\" content=\"622\" \/>\n\t<meta property=\"og:image:type\" content=\"image\/jpeg\" \/>\n<meta name=\"twitter:card\" content=\"summary_large_image\" \/>\n<meta name=\"twitter:label1\" content=\"Est. reading time\" \/>\n\t<meta name=\"twitter:data1\" content=\"5 minutes\" \/>\n<script type=\"application\/ld+json\" class=\"yoast-schema-graph\">{\"@context\":\"https:\/\/schema.org\",\"@graph\":[{\"@type\":\"WebPage\",\"@id\":\"https:\/\/kgerad.de\/produkt\/conway-cairon-c-2-0-625-elektrofahrrad\/\",\"url\":\"https:\/\/kgerad.de\/produkt\/conway-cairon-c-2-0-625-elektrofahrrad\/\",\"name\":\"Conway Cairon C 2.0 625 Elektrofahrrad\",\"isPartOf\":{\"@id\":\"https:\/\/kgerad.de\/#website\"},\"primaryImageOfPage\":{\"@id\":\"https:\/\/kgerad.de\/produkt\/conway-cairon-c-2-0-625-elektrofahrrad\/#primaryimage\"},\"image\":{\"@id\":\"https:\/\/kgerad.de\/produkt\/conway-cairon-c-2-0-625-elektrofahrrad\/#primaryimage\"},\"thumbnailUrl\":\"https:\/\/kgerad.de\/wp-content\/uploads\/2023\/06\/2893188_CONWAY_Cairon_C_2_0_625_2022-01.jpg\",\"datePublished\":\"2022-11-08T10:59:34+00:00\",\"dateModified\":\"2023-08-11T07:58:25+00:00\",\"description\":\"Entdecken Sie unseren Online-Fahrradladen: Gro\u00dfe Auswahl an Modellen f\u00fcr alle Radsportbegeisterten. Von Rennr\u00e4dern bis zu Mountainbikes - finden Sie heute Ihren perfekten Wegbegleiter!\",\"breadcrumb\":{\"@id\":\"https:\/\/kgerad.de\/produkt\/conway-cairon-c-2-0-625-elektrofahrrad\/#breadcrumb\"},\"inLanguage\":\"en-US\",\"potentialAction\":[{\"@type\":\"ReadAction\",\"target\":[\"https:\/\/kgerad.de\/produkt\/conway-cairon-c-2-0-625-elektrofahrrad\/\"]}]},{\"@type\":\"ImageObject\",\"inLanguage\":\"en-US\",\"@id\":\"https:\/\/kgerad.de\/produkt\/conway-cairon-c-2-0-625-elektrofahrrad\/#primaryimage\",\"url\":\"https:\/\/kgerad.de\/wp-content\/uploads\/2023\/06\/2893188_CONWAY_Cairon_C_2_0_625_2022-01.jpg\",\"contentUrl\":\"https:\/\/kgerad.de\/wp-content\/uploads\/2023\/06\/2893188_CONWAY_Cairon_C_2_0_625_2022-01.jpg\",\"width\":1000,\"height\":622,\"caption\":\"Conway Cairon C 2.0 625\"},{\"@type\":\"BreadcrumbList\",\"@id\":\"https:\/\/kgerad.de\/produkt\/conway-cairon-c-2-0-625-elektrofahrrad\/#breadcrumb\",\"itemListElement\":[{\"@type\":\"ListItem\",\"position\":1,\"name\":\"Startseite\",\"item\":\"https:\/\/kgerad.de\/\"},{\"@type\":\"ListItem\",\"position\":2,\"name\":\"LADEN\",\"item\":\"https:\/\/kgerad.de\/laden\/\"},{\"@type\":\"ListItem\",\"position\":3,\"name\":\"Conway Cairon C 2.0 625 Elektrofahrrad\"}]},{\"@type\":\"WebSite\",\"@id\":\"https:\/\/kgerad.de\/#website\",\"url\":\"https:\/\/kgerad.de\/\",\"name\":\"kgerad.de\",\"description\":\"Treten Sie mit uns ins Abenteuer!\",\"publisher\":{\"@id\":\"https:\/\/kgerad.de\/#organization\"},\"alternateName\":\"MEIN RADLADEN\",\"potentialAction\":[{\"@type\":\"SearchAction\",\"target\":{\"@type\":\"EntryPoint\",\"urlTemplate\":\"https:\/\/kgerad.de\/?s={search_term_string}\"},\"query-input\":{\"@type\":\"PropertyValueSpecification\",\"valueRequired\":true,\"valueName\":\"search_term_string\"}}],\"inLanguage\":\"en-US\"},{\"@type\":\"Organization\",\"@id\":\"https:\/\/kgerad.de\/#organization\",\"name\":\"MEINRADLADEN\",\"alternateName\":\"MEIN RADLADEN\",\"url\":\"https:\/\/kgerad.de\/\",\"logo\":{\"@type\":\"ImageObject\",\"inLanguage\":\"en-US\",\"@id\":\"https:\/\/kgerad.de\/#\/schema\/logo\/image\/\",\"url\":\"https:\/\/kgerad.de\/wp-content\/uploads\/2025\/07\/logo-Whit.svg\",\"contentUrl\":\"https:\/\/kgerad.de\/wp-content\/uploads\/2025\/07\/logo-Whit.svg\",\"width\":1640,\"height\":371,\"caption\":\"MEINRADLADEN\"},\"image\":{\"@id\":\"https:\/\/kgerad.de\/#\/schema\/logo\/image\/\"}}]}<\/script>\n<!-- \/ Yoast SEO Premium plugin. -->","yoast_head_json":{"title":"Conway Cairon C 2.0 625 Elektrofahrrad","description":"Entdecken Sie unseren Online-Fahrradladen: Gro\u00dfe Auswahl an Modellen f\u00fcr alle Radsportbegeisterten. Von Rennr\u00e4dern bis zu Mountainbikes - finden Sie heute Ihren perfekten Wegbegleiter!","robots":{"index":"index","follow":"follow","max-snippet":"max-snippet:-1","max-image-preview":"max-image-preview:large","max-video-preview":"max-video-preview:-1"},"canonical":"https:\/\/kgerad.de\/en\/product\/conway-cairon-c-2-0-625-elektrofahrrad\/","og_locale":"en_US","og_type":"article","og_title":"Conway Cairon C 2.0 625 Elektrofahrrad","og_description":"Entdecken Sie unseren Online-Fahrradladen: Gro\u00dfe Auswahl an Modellen f\u00fcr alle Radsportbegeisterten. Von Rennr\u00e4dern bis zu Mountainbikes - finden Sie heute Ihren perfekten Wegbegleiter!","og_url":"https:\/\/kgerad.de\/en\/product\/conway-cairon-c-2-0-625-elektrofahrrad\/","og_site_name":"kgerad.de","article_modified_time":"2023-08-11T07:58:25+00:00","og_image":[{"width":1000,"height":622,"url":"https:\/\/kgerad.de\/wp-content\/uploads\/2023\/06\/2893188_CONWAY_Cairon_C_2_0_625_2022-01.jpg","type":"image\/jpeg"}],"twitter_card":"summary_large_image","twitter_misc":{"Est. reading time":"5 minutes"},"schema":{"@context":"https:\/\/schema.org","@graph":[{"@type":"WebPage","@id":"https:\/\/kgerad.de\/produkt\/conway-cairon-c-2-0-625-elektrofahrrad\/","url":"https:\/\/kgerad.de\/produkt\/conway-cairon-c-2-0-625-elektrofahrrad\/","name":"Conway Cairon C 2.0 625 Elektrofahrrad","isPartOf":{"@id":"https:\/\/kgerad.de\/#website"},"primaryImageOfPage":{"@id":"https:\/\/kgerad.de\/produkt\/conway-cairon-c-2-0-625-elektrofahrrad\/#primaryimage"},"image":{"@id":"https:\/\/kgerad.de\/produkt\/conway-cairon-c-2-0-625-elektrofahrrad\/#primaryimage"},"thumbnailUrl":"https:\/\/kgerad.de\/wp-content\/uploads\/2023\/06\/2893188_CONWAY_Cairon_C_2_0_625_2022-01.jpg","datePublished":"2022-11-08T10:59:34+00:00","dateModified":"2023-08-11T07:58:25+00:00","description":"Entdecken Sie unseren Online-Fahrradladen: Gro\u00dfe Auswahl an Modellen f\u00fcr alle Radsportbegeisterten. Von Rennr\u00e4dern bis zu Mountainbikes - finden Sie heute Ihren perfekten Wegbegleiter!","breadcrumb":{"@id":"https:\/\/kgerad.de\/produkt\/conway-cairon-c-2-0-625-elektrofahrrad\/#breadcrumb"},"inLanguage":"en-US","potentialAction":[{"@type":"ReadAction","target":["https:\/\/kgerad.de\/produkt\/conway-cairon-c-2-0-625-elektrofahrrad\/"]}]},{"@type":"ImageObject","inLanguage":"en-US","@id":"https:\/\/kgerad.de\/produkt\/conway-cairon-c-2-0-625-elektrofahrrad\/#primaryimage","url":"https:\/\/kgerad.de\/wp-content\/uploads\/2023\/06\/2893188_CONWAY_Cairon_C_2_0_625_2022-01.jpg","contentUrl":"https:\/\/kgerad.de\/wp-content\/uploads\/2023\/06\/2893188_CONWAY_Cairon_C_2_0_625_2022-01.jpg","width":1000,"height":622,"caption":"Conway Cairon C 2.0 625"},{"@type":"BreadcrumbList","@id":"https:\/\/kgerad.de\/produkt\/conway-cairon-c-2-0-625-elektrofahrrad\/#breadcrumb","itemListElement":[{"@type":"ListItem","position":1,"name":"Startseite","item":"https:\/\/kgerad.de\/"},{"@type":"ListItem","position":2,"name":"LADEN","item":"https:\/\/kgerad.de\/laden\/"},{"@type":"ListItem","position":3,"name":"Conway Cairon C 2.0 625 Elektrofahrrad"}]},{"@type":"WebSite","@id":"https:\/\/kgerad.de\/#website","url":"https:\/\/kgerad.de\/","name":"kgerad.de","description":"Treten Sie mit uns ins Abenteuer!","publisher":{"@id":"https:\/\/kgerad.de\/#organization"},"alternateName":"MEIN RADLADEN","potentialAction":[{"@type":"SearchAction","target":{"@type":"EntryPoint","urlTemplate":"https:\/\/kgerad.de\/?s={search_term_string}"},"query-input":{"@type":"PropertyValueSpecification","valueRequired":true,"valueName":"search_term_string"}}],"inLanguage":"en-US"},{"@type":"Organization","@id":"https:\/\/kgerad.de\/#organization","name":"MEINRADLADEN","alternateName":"MEIN RADLADEN","url":"https:\/\/kgerad.de\/","logo":{"@type":"ImageObject","inLanguage":"en-US","@id":"https:\/\/kgerad.de\/#\/schema\/logo\/image\/","url":"https:\/\/kgerad.de\/wp-content\/uploads\/2025\/07\/logo-Whit.svg","contentUrl":"https:\/\/kgerad.de\/wp-content\/uploads\/2025\/07\/logo-Whit.svg","width":1640,"height":371,"caption":"MEINRADLADEN"},"image":{"@id":"https:\/\/kgerad.de\/#\/schema\/logo\/image\/"}}]}},"_links":{"self":[{"href":"https:\/\/kgerad.de\/en\/wp-json\/wp\/v2\/product\/38562","targetHints":{"allow":["GET"]}}],"collection":[{"href":"https:\/\/kgerad.de\/en\/wp-json\/wp\/v2\/product"}],"about":[{"href":"https:\/\/kgerad.de\/en\/wp-json\/wp\/v2\/types\/product"}],"replies":[{"embeddable":true,"href":"https:\/\/kgerad.de\/en\/wp-json\/wp\/v2\/comments?post=38562"}],"version-history":[{"count":1,"href":"https:\/\/kgerad.de\/en\/wp-json\/wp\/v2\/product\/38562\/revisions"}],"predecessor-version":[{"id":79358,"href":"https:\/\/kgerad.de\/en\/wp-json\/wp\/v2\/product\/38562\/revisions\/79358"}],"wp:featuredmedia":[{"embeddable":true,"href":"https:\/\/kgerad.de\/en\/wp-json\/wp\/v2\/media\/61267"}],"wp:attachment":[{"href":"https:\/\/kgerad.de\/en\/wp-json\/wp\/v2\/media?parent=38562"}],"wp:term":[{"taxonomy":"product_brand","embeddable":true,"href":"https:\/\/kgerad.de\/en\/wp-json\/wp\/v2\/product_brand?post=38562"},{"taxonomy":"product_cat","embeddable":true,"href":"https:\/\/kgerad.de\/en\/wp-json\/wp\/v2\/product_cat?post=38562"},{"taxonomy":"product_tag","embeddable":true,"href":"https:\/\/kgerad.de\/en\/wp-json\/wp\/v2\/product_tag?post=38562"}],"curies":[{"name":"wp","href":"https:\/\/api.w.org\/{rel}","templated":true}]}}