{"id":38425,"date":"2022-11-07T19:43:30","date_gmt":"2022-11-07T18:43:30","guid":{"rendered":"https:\/\/kgerad.de\/?post_type=product&#038;p=38425"},"modified":"2023-08-11T09:33:02","modified_gmt":"2023-08-11T07:33:02","slug":"cube-nuride-hybrid-sl-750-allroad-easy-entry-forestnblack","status":"publish","type":"product","link":"https:\/\/kgerad.de\/en\/product\/cube-nuride-hybrid-sl-750-allroad-easy-entry-forestnblack\/","title":{"rendered":"Cube Nuride Hybrid SL 750 Allroad Easy Entry forest\u00b4n\u00b4black"},"content":{"rendered":"<div class=\"product--headername\">\n<h2 class=\"product--title\"><strong>Cube<\/strong>\u00a0Nuride Hybrid SL 750 Allroad Easy Entry forest\u00b4n\u00b4black<\/h2>\n<\/div>\n<p class=\"image-slider--container\">Ein Fahrrad ist wie ein Ticket f\u00fcr die ganz gro\u00dfe Freiheit. So sieht das zumindest Cube und deshalb haben sie beim brandneuen Nuride Hybrid SL 750 Allroad in Sachen Design und Konstruktion keine Kompromisse gemacht. Sein 750 Wh starker Akku und Bosch CX Motor der vierten Generation liefern erstklassige Unterst\u00fctzung und machen jede Route &#8211; und jeden Anstieg &#8211; gar zum Genuss.<\/p>\n<hr \/>\n<h2 class=\"image-slider--container\"><a href=\"https:\/\/www.cube.eu\/360\/532863E\" target=\"_blank\" rel=\"nofollow noopener\"><img decoding=\"async\" title=\"360\u00b0\" src=\"https:\/\/cd.bike-discount.de\/media\/image\/3a\/ee\/83\/360.png\" alt=\"\" width=\"40\" height=\"39\" data-mid=\"729769\" data-src=\"media\/image\/360.png\" \/>360\u00b0-Ansicht \u00f6ffnen<\/a><\/h2>\n<hr \/>\n<p>F\u00fcr angenehmen Fahrkomfort und D\u00e4mpfung ist die RockShox Judy Silver Luftfedergabel mit 100 mm Federweg verantwortlich. Dank der 12-fach Deore Schaltung von Shimano und ihrem weiten \u00fcbersetzungsbereich hat man in jeder Situation den richtigen Gang parat. In puncto Sicherheit und Bremskraft (selbst bei N\u00e4sse) liefern die kraftvollen hydraulischen Shimano Scheibenbremsen mit 4-Kolben Konstruktion zuverl\u00e4ssige Dienste. Und weil wir das Bike mit viel praktischem Zubeh\u00f6r ausger\u00fcstet haben, ist es zu jeder Zeit f\u00fcr alles bereit. Auf ins Abenteuer!<\/p>\n<hr \/>\n<h3>RAHMEN Cube Nuride Hybrid SL 750 Allroad Easy Entry forest\u00b4n\u00b4black<\/h3>\n<p>Den Nuride Hybrid 750 Allroad gibt es als Tiefeinsteiger, Trapezrahmen oder klassischen Herrenrahmen und jeweils in verschiedenen Gr\u00f6\u00dfen, was bedeutet, dass jeder Entdecker die perfekte Passform f\u00fcr sich findet. Im Zentrum dieser brandneuen Konstruktion sitzt &#8211; sauber und unauff\u00e4llig ins Design integriert &#8211; der 750 Wh starke Akku f\u00fcr maximale Reichweite. Au\u00dferdem haben wir zwei Ideen von unseren Mountainbikes aufgegriffen. Zum einen wurden die Schalt- und Bremsz\u00fcge ins Innere verlegt, was den Wartungaufwand minimiert, zum anderen garantiert ein X12 Boost Hinterbau sicheres, zuverl\u00e4ssiges Handling. Fazit: alles, was man braucht, in einem clean designten Paket!<\/p>","protected":false},"excerpt":{"rendered":"<p>Cube\u00a0Nuride Hybrid SL 750 Allroad Easy Entry forest\u00b4n\u00b4black Ein Fahrrad ist wie ein Ticket f\u00fcr die ganz gro\u00dfe Freiheit. So<\/p>","protected":false},"featured_media":61212,"comment_status":"open","ping_status":"closed","template":"","meta":[],"product_brand":[],"product_cat":[33,247,35],"product_tag":[],"class_list":{"0":"post-38425","1":"product","2":"type-product","3":"status-publish","4":"has-post-thumbnail","6":"product_cat-e-bike","7":"product_cat-e-bike-trekking","8":"product_cat-e-bikes-2022","9":"pa_marke-cube","11":"first","12":"instock","13":"sale","14":"taxable","15":"shipping-taxable","16":"purchasable","17":"product-type-variable"},"yoast_head":"<!-- This site is optimized with the Yoast SEO Premium plugin v20.12 (Yoast SEO v27.1.1) - https:\/\/yoast.com\/product\/yoast-seo-premium-wordpress\/ -->\n<title>Cube Nuride Hybrid SL 750 Allroad Easy Entry forest\u00b4n\u00b4black<\/title>\n<meta name=\"description\" content=\"Entdecken Sie unseren Online-Fahrradladen: Gro\u00dfe Auswahl an Modellen f\u00fcr alle Radsportbegeisterten. Von Rennr\u00e4dern bis zu Mountainbikes - finden Sie heute Ihren perfekten Wegbegleiter!\" \/>\n<meta name=\"robots\" content=\"index, follow, max-snippet:-1, max-image-preview:large, max-video-preview:-1\" \/>\n<link rel=\"canonical\" href=\"https:\/\/kgerad.de\/en\/product\/cube-nuride-hybrid-sl-750-allroad-easy-entry-forestnblack\/\" \/>\n<meta property=\"og:locale\" content=\"en_US\" \/>\n<meta property=\"og:type\" content=\"article\" \/>\n<meta property=\"og:title\" content=\"Cube Nuride Hybrid SL 750 Allroad Easy Entry forest\u00b4n\u00b4black\" \/>\n<meta property=\"og:description\" content=\"Entdecken Sie unseren Online-Fahrradladen: Gro\u00dfe Auswahl an Modellen f\u00fcr alle Radsportbegeisterten. Von Rennr\u00e4dern bis zu Mountainbikes - finden Sie heute Ihren perfekten Wegbegleiter!\" \/>\n<meta property=\"og:url\" content=\"https:\/\/kgerad.de\/en\/product\/cube-nuride-hybrid-sl-750-allroad-easy-entry-forestnblack\/\" \/>\n<meta property=\"og:site_name\" content=\"kgerad.de\" \/>\n<meta property=\"article:modified_time\" content=\"2023-08-11T07:33:02+00:00\" \/>\n<meta property=\"og:image\" content=\"https:\/\/kgerad.de\/wp-content\/uploads\/2023\/06\/532863_01.jpg\" \/>\n\t<meta property=\"og:image:width\" content=\"1000\" \/>\n\t<meta property=\"og:image:height\" content=\"610\" \/>\n\t<meta property=\"og:image:type\" content=\"image\/jpeg\" \/>\n<meta name=\"twitter:card\" content=\"summary_large_image\" \/>\n<meta name=\"twitter:label1\" content=\"Est. reading time\" \/>\n\t<meta name=\"twitter:data1\" content=\"2 minutes\" \/>\n<script type=\"application\/ld+json\" class=\"yoast-schema-graph\">{\"@context\":\"https:\/\/schema.org\",\"@graph\":[{\"@type\":\"WebPage\",\"@id\":\"https:\/\/kgerad.de\/produkt\/cube-nuride-hybrid-sl-750-allroad-easy-entry-forestnblack\/\",\"url\":\"https:\/\/kgerad.de\/produkt\/cube-nuride-hybrid-sl-750-allroad-easy-entry-forestnblack\/\",\"name\":\"Cube Nuride Hybrid SL 750 Allroad Easy Entry forest\u00b4n\u00b4black\",\"isPartOf\":{\"@id\":\"https:\/\/kgerad.de\/#website\"},\"primaryImageOfPage\":{\"@id\":\"https:\/\/kgerad.de\/produkt\/cube-nuride-hybrid-sl-750-allroad-easy-entry-forestnblack\/#primaryimage\"},\"image\":{\"@id\":\"https:\/\/kgerad.de\/produkt\/cube-nuride-hybrid-sl-750-allroad-easy-entry-forestnblack\/#primaryimage\"},\"thumbnailUrl\":\"https:\/\/kgerad.de\/wp-content\/uploads\/2023\/06\/532863_01.jpg\",\"datePublished\":\"2022-11-07T18:43:30+00:00\",\"dateModified\":\"2023-08-11T07:33:02+00:00\",\"description\":\"Entdecken Sie unseren Online-Fahrradladen: Gro\u00dfe Auswahl an Modellen f\u00fcr alle Radsportbegeisterten. Von Rennr\u00e4dern bis zu Mountainbikes - finden Sie heute Ihren perfekten Wegbegleiter!\",\"breadcrumb\":{\"@id\":\"https:\/\/kgerad.de\/produkt\/cube-nuride-hybrid-sl-750-allroad-easy-entry-forestnblack\/#breadcrumb\"},\"inLanguage\":\"en-US\",\"potentialAction\":[{\"@type\":\"ReadAction\",\"target\":[\"https:\/\/kgerad.de\/produkt\/cube-nuride-hybrid-sl-750-allroad-easy-entry-forestnblack\/\"]}]},{\"@type\":\"ImageObject\",\"inLanguage\":\"en-US\",\"@id\":\"https:\/\/kgerad.de\/produkt\/cube-nuride-hybrid-sl-750-allroad-easy-entry-forestnblack\/#primaryimage\",\"url\":\"https:\/\/kgerad.de\/wp-content\/uploads\/2023\/06\/532863_01.jpg\",\"contentUrl\":\"https:\/\/kgerad.de\/wp-content\/uploads\/2023\/06\/532863_01.jpg\",\"width\":1000,\"height\":610,\"caption\":\"Cube Nuride Hybrid SL 750 Allroad Easy Entry forest\u00b4n\u00b4black\"},{\"@type\":\"BreadcrumbList\",\"@id\":\"https:\/\/kgerad.de\/produkt\/cube-nuride-hybrid-sl-750-allroad-easy-entry-forestnblack\/#breadcrumb\",\"itemListElement\":[{\"@type\":\"ListItem\",\"position\":1,\"name\":\"Startseite\",\"item\":\"https:\/\/kgerad.de\/\"},{\"@type\":\"ListItem\",\"position\":2,\"name\":\"LADEN\",\"item\":\"https:\/\/kgerad.de\/laden\/\"},{\"@type\":\"ListItem\",\"position\":3,\"name\":\"Cube Nuride Hybrid SL 750 Allroad Easy Entry forest\u00b4n\u00b4black\"}]},{\"@type\":\"WebSite\",\"@id\":\"https:\/\/kgerad.de\/#website\",\"url\":\"https:\/\/kgerad.de\/\",\"name\":\"kgerad.de\",\"description\":\"Treten Sie mit uns ins Abenteuer!\",\"publisher\":{\"@id\":\"https:\/\/kgerad.de\/#organization\"},\"alternateName\":\"MEIN RADLADEN\",\"potentialAction\":[{\"@type\":\"SearchAction\",\"target\":{\"@type\":\"EntryPoint\",\"urlTemplate\":\"https:\/\/kgerad.de\/?s={search_term_string}\"},\"query-input\":{\"@type\":\"PropertyValueSpecification\",\"valueRequired\":true,\"valueName\":\"search_term_string\"}}],\"inLanguage\":\"en-US\"},{\"@type\":\"Organization\",\"@id\":\"https:\/\/kgerad.de\/#organization\",\"name\":\"MEINRADLADEN\",\"alternateName\":\"MEIN RADLADEN\",\"url\":\"https:\/\/kgerad.de\/\",\"logo\":{\"@type\":\"ImageObject\",\"inLanguage\":\"en-US\",\"@id\":\"https:\/\/kgerad.de\/#\/schema\/logo\/image\/\",\"url\":\"https:\/\/kgerad.de\/wp-content\/uploads\/2025\/07\/logo-Whit.svg\",\"contentUrl\":\"https:\/\/kgerad.de\/wp-content\/uploads\/2025\/07\/logo-Whit.svg\",\"width\":1640,\"height\":371,\"caption\":\"MEINRADLADEN\"},\"image\":{\"@id\":\"https:\/\/kgerad.de\/#\/schema\/logo\/image\/\"}}]}<\/script>\n<!-- \/ Yoast SEO Premium plugin. -->","yoast_head_json":{"title":"Cube Nuride Hybrid SL 750 Allroad Easy Entry forest\u00b4n\u00b4black","description":"Entdecken Sie unseren Online-Fahrradladen: Gro\u00dfe Auswahl an Modellen f\u00fcr alle Radsportbegeisterten. Von Rennr\u00e4dern bis zu Mountainbikes - finden Sie heute Ihren perfekten Wegbegleiter!","robots":{"index":"index","follow":"follow","max-snippet":"max-snippet:-1","max-image-preview":"max-image-preview:large","max-video-preview":"max-video-preview:-1"},"canonical":"https:\/\/kgerad.de\/en\/product\/cube-nuride-hybrid-sl-750-allroad-easy-entry-forestnblack\/","og_locale":"en_US","og_type":"article","og_title":"Cube Nuride Hybrid SL 750 Allroad Easy Entry forest\u00b4n\u00b4black","og_description":"Entdecken Sie unseren Online-Fahrradladen: Gro\u00dfe Auswahl an Modellen f\u00fcr alle Radsportbegeisterten. Von Rennr\u00e4dern bis zu Mountainbikes - finden Sie heute Ihren perfekten Wegbegleiter!","og_url":"https:\/\/kgerad.de\/en\/product\/cube-nuride-hybrid-sl-750-allroad-easy-entry-forestnblack\/","og_site_name":"kgerad.de","article_modified_time":"2023-08-11T07:33:02+00:00","og_image":[{"width":1000,"height":610,"url":"https:\/\/kgerad.de\/wp-content\/uploads\/2023\/06\/532863_01.jpg","type":"image\/jpeg"}],"twitter_card":"summary_large_image","twitter_misc":{"Est. reading time":"2 minutes"},"schema":{"@context":"https:\/\/schema.org","@graph":[{"@type":"WebPage","@id":"https:\/\/kgerad.de\/produkt\/cube-nuride-hybrid-sl-750-allroad-easy-entry-forestnblack\/","url":"https:\/\/kgerad.de\/produkt\/cube-nuride-hybrid-sl-750-allroad-easy-entry-forestnblack\/","name":"Cube Nuride Hybrid SL 750 Allroad Easy Entry forest\u00b4n\u00b4black","isPartOf":{"@id":"https:\/\/kgerad.de\/#website"},"primaryImageOfPage":{"@id":"https:\/\/kgerad.de\/produkt\/cube-nuride-hybrid-sl-750-allroad-easy-entry-forestnblack\/#primaryimage"},"image":{"@id":"https:\/\/kgerad.de\/produkt\/cube-nuride-hybrid-sl-750-allroad-easy-entry-forestnblack\/#primaryimage"},"thumbnailUrl":"https:\/\/kgerad.de\/wp-content\/uploads\/2023\/06\/532863_01.jpg","datePublished":"2022-11-07T18:43:30+00:00","dateModified":"2023-08-11T07:33:02+00:00","description":"Entdecken Sie unseren Online-Fahrradladen: Gro\u00dfe Auswahl an Modellen f\u00fcr alle Radsportbegeisterten. Von Rennr\u00e4dern bis zu Mountainbikes - finden Sie heute Ihren perfekten Wegbegleiter!","breadcrumb":{"@id":"https:\/\/kgerad.de\/produkt\/cube-nuride-hybrid-sl-750-allroad-easy-entry-forestnblack\/#breadcrumb"},"inLanguage":"en-US","potentialAction":[{"@type":"ReadAction","target":["https:\/\/kgerad.de\/produkt\/cube-nuride-hybrid-sl-750-allroad-easy-entry-forestnblack\/"]}]},{"@type":"ImageObject","inLanguage":"en-US","@id":"https:\/\/kgerad.de\/produkt\/cube-nuride-hybrid-sl-750-allroad-easy-entry-forestnblack\/#primaryimage","url":"https:\/\/kgerad.de\/wp-content\/uploads\/2023\/06\/532863_01.jpg","contentUrl":"https:\/\/kgerad.de\/wp-content\/uploads\/2023\/06\/532863_01.jpg","width":1000,"height":610,"caption":"Cube Nuride Hybrid SL 750 Allroad Easy Entry forest\u00b4n\u00b4black"},{"@type":"BreadcrumbList","@id":"https:\/\/kgerad.de\/produkt\/cube-nuride-hybrid-sl-750-allroad-easy-entry-forestnblack\/#breadcrumb","itemListElement":[{"@type":"ListItem","position":1,"name":"Startseite","item":"https:\/\/kgerad.de\/"},{"@type":"ListItem","position":2,"name":"LADEN","item":"https:\/\/kgerad.de\/laden\/"},{"@type":"ListItem","position":3,"name":"Cube Nuride Hybrid SL 750 Allroad Easy Entry forest\u00b4n\u00b4black"}]},{"@type":"WebSite","@id":"https:\/\/kgerad.de\/#website","url":"https:\/\/kgerad.de\/","name":"kgerad.de","description":"Treten Sie mit uns ins Abenteuer!","publisher":{"@id":"https:\/\/kgerad.de\/#organization"},"alternateName":"MEIN RADLADEN","potentialAction":[{"@type":"SearchAction","target":{"@type":"EntryPoint","urlTemplate":"https:\/\/kgerad.de\/?s={search_term_string}"},"query-input":{"@type":"PropertyValueSpecification","valueRequired":true,"valueName":"search_term_string"}}],"inLanguage":"en-US"},{"@type":"Organization","@id":"https:\/\/kgerad.de\/#organization","name":"MEINRADLADEN","alternateName":"MEIN RADLADEN","url":"https:\/\/kgerad.de\/","logo":{"@type":"ImageObject","inLanguage":"en-US","@id":"https:\/\/kgerad.de\/#\/schema\/logo\/image\/","url":"https:\/\/kgerad.de\/wp-content\/uploads\/2025\/07\/logo-Whit.svg","contentUrl":"https:\/\/kgerad.de\/wp-content\/uploads\/2025\/07\/logo-Whit.svg","width":1640,"height":371,"caption":"MEINRADLADEN"},"image":{"@id":"https:\/\/kgerad.de\/#\/schema\/logo\/image\/"}}]}},"_links":{"self":[{"href":"https:\/\/kgerad.de\/en\/wp-json\/wp\/v2\/product\/38425","targetHints":{"allow":["GET"]}}],"collection":[{"href":"https:\/\/kgerad.de\/en\/wp-json\/wp\/v2\/product"}],"about":[{"href":"https:\/\/kgerad.de\/en\/wp-json\/wp\/v2\/types\/product"}],"replies":[{"embeddable":true,"href":"https:\/\/kgerad.de\/en\/wp-json\/wp\/v2\/comments?post=38425"}],"version-history":[{"count":1,"href":"https:\/\/kgerad.de\/en\/wp-json\/wp\/v2\/product\/38425\/revisions"}],"predecessor-version":[{"id":79263,"href":"https:\/\/kgerad.de\/en\/wp-json\/wp\/v2\/product\/38425\/revisions\/79263"}],"wp:featuredmedia":[{"embeddable":true,"href":"https:\/\/kgerad.de\/en\/wp-json\/wp\/v2\/media\/61212"}],"wp:attachment":[{"href":"https:\/\/kgerad.de\/en\/wp-json\/wp\/v2\/media?parent=38425"}],"wp:term":[{"taxonomy":"product_brand","embeddable":true,"href":"https:\/\/kgerad.de\/en\/wp-json\/wp\/v2\/product_brand?post=38425"},{"taxonomy":"product_cat","embeddable":true,"href":"https:\/\/kgerad.de\/en\/wp-json\/wp\/v2\/product_cat?post=38425"},{"taxonomy":"product_tag","embeddable":true,"href":"https:\/\/kgerad.de\/en\/wp-json\/wp\/v2\/product_tag?post=38425"}],"curies":[{"name":"wp","href":"https:\/\/api.w.org\/{rel}","templated":true}]}}