{"id":38357,"date":"2022-11-07T18:47:53","date_gmt":"2022-11-07T17:47:53","guid":{"rendered":"https:\/\/kgerad.de\/?post_type=product&#038;p=38357"},"modified":"2023-08-11T09:38:41","modified_gmt":"2023-08-11T07:38:41","slug":"cube-nuroad-c62-sl-lightgreyngrey","status":"publish","type":"product","link":"https:\/\/kgerad.de\/en\/product\/cube-nuroad-c62-sl-lightgreyngrey\/","title":{"rendered":"Cube Nuroad C:62 SL lightgrey\u00b4n\u00b4grey"},"content":{"rendered":"<div class=\"product--headername\">\n<h2 class=\"product--title\"><strong>Cube<\/strong>\u00a0Nuroad C:62 SL lightgrey\u00b4n\u00b4grey<\/h2>\n<div class=\"product--rating-container\">\n<p>Form und Funktion in Vollendung &#8211; das ist das Cube Nuroad C:62 SL. Dieses leichte und vielseitige Gravel-Bike aus Carbon ist der ideale Komplize f\u00fcr alle m\u00f6glichen und unm\u00f6glichen Abenteuer, bei denen auch Fahrkomfort und cooler Style nicht zu kurz kommen d\u00fcrfen. Die leichtg\u00e4ngige Rival und GX Eagle 1&#215;12 AXS Schaltung von Sram gl\u00e4nzt mit sauberen, geschmeidigen und kabellos eingeleiteten Gangwechseln.<\/p>\n<hr \/>\n<p><a href=\"https:\/\/www.cube.eu\/360\/580320\" target=\"_blank\" rel=\"noopener\"><img decoding=\"async\" title=\"360\u00b0\" src=\"https:\/\/cd.bike-discount.de\/media\/image\/3a\/ee\/83\/360.png\" alt=\"\" width=\"40\" height=\"39\" data-mid=\"729769\" data-src=\"media\/image\/360.png\" \/>360\u00b0-Ansicht \u00f6ffnen<\/a><\/p>\n<hr \/>\n<p>Dazu passende hydraulische Rival Scheibenbremsen erm\u00f6glichen pr\u00e4ziseste Geschwindgkeitskontrolle, egal ob mit oder ohne Gep\u00e4ck an Bord. Das Set-up komplett machen f\u00fcr den Offroad-Einsatz abgestimmte Newmen Evolution Laufr\u00e4der, die explosive Beschleunigung und unvergleichliche Power bringen. Also, wo soll&#8217;s als N\u00e4chstes hingehen?<\/p>\n<hr \/>\n<h3>RAHMEN Cube Nuroad C:62 SL lightgrey\u00b4n\u00b4grey<\/h3>\n<p>Ein richtig gutes Gravel-Bike bringt das spritzige Handling eines Racers, die Robustheit einer Cyclocross-Maschine und den Komfort eines Touring-Rads auf einen Nenner. Ein Balanceakt, den bei Weitem nicht jeder kann. Das Nuroad C:62 \u00fcberzeugt hier auf der ganzen Linie. Seine Stabilit\u00e4t und Vielseitigkeit und den hohen Fahrkomfort hat es einer leichten Carbonkonstruktion zu verdanken, au\u00dferdem unserer Liebe zum Detail beziehungsweise zu den Details. Dazu geh\u00f6ren beispielsweise eine Vollcarbongabel mit Aufnahmen f\u00fcr Lowrider-Gep\u00e4cktr\u00e4ger und Montagepunkte f\u00fcr weiteres Zubeh\u00f6r, wie Gep\u00e4cktr\u00e4ger und Schutzbleche. Und klar, dass auch das Handling nicht zu kurz kommt: Die gro\u00dfz\u00fcgige Reifenfreiheit l\u00e4sst gen\u00fcgend Platz f\u00fcr 45 mm breite Pneus &#8211; oder 40 mm breite Reifen, dann sogar mit Schutzblechen.<\/p>\n<h2>Ausstattung<\/h2>\n<div class=\"product--properties panel has--border\">\n<table class=\"product--properties-table\">\n<tbody>\n<tr class=\"product--properties-row row1\">\n<td class=\"product--properties-label is--bold\">Rahmen:<\/td>\n<td class=\"product--properties-value\">C:62 Advanced Twin Mold, Internal Cable Routing, Flat Mount Disc, Fender\/Rack &amp; Kickstand Option, 12x142mm, AXH<\/td>\n<\/tr>\n<tr class=\"product--properties-row row2\">\n<td class=\"product--properties-label is--bold\">Rahmenmaterial:<\/td>\n<td class=\"product--properties-value\">Carbon<\/td>\n<\/tr>\n<tr class=\"product--properties-row row3\">\n<td class=\"product--properties-label is--bold\">Laufradgr\u00f6\u00dfe:<\/td>\n<td class=\"product--properties-value\">28&#8243;<\/td>\n<\/tr>\n<tr class=\"product--properties-row row4\">\n<td class=\"product--properties-label is--bold\">Farbe:<\/td>\n<td class=\"product--properties-value\">lightgrey\u00b4n\u00b4grey<\/td>\n<\/tr>\n<tr class=\"product--properties-row row5\">\n<td class=\"product--properties-label is--bold\">Gabel:<\/td>\n<td class=\"product--properties-value\">CUBE C:62 Technology, 1 1\/8&#8243; &#8211; 1 1\/4&#8243; Tapered, Flat Mount Disc, Fender &amp; Lowrider Mounts, Internal Light Cable Option, 12x100mm<\/td>\n<\/tr>\n<tr class=\"product--properties-row row6\">\n<td class=\"product--properties-label is--bold\">Bremsen:<\/td>\n<td class=\"product--properties-value\">Sram Rival eTap AXS\u2122 (160\/160)<\/td>\n<\/tr>\n<tr class=\"product--properties-row row7\">\n<td class=\"product--properties-label is--bold\">Bremsscheiben:<\/td>\n<td class=\"product--properties-value\">160mm<\/td>\n<\/tr>\n<tr class=\"product--properties-row row8\">\n<td class=\"product--properties-label is--bold\">Steuersatz:<\/td>\n<td class=\"product--properties-value\">VP, Top Integrated 1 1\/8&#8243;, Bottom Integrated 1 1\/4&#8243;<\/td>\n<\/tr>\n<tr class=\"product--properties-row row9\">\n<td class=\"product--properties-label is--bold\">Vorbau:<\/td>\n<td class=\"product--properties-value\">CUBE Performance Stem SL, 31.8mm<\/td>\n<\/tr>\n<tr class=\"product--properties-row row10\">\n<td class=\"product--properties-label is--bold\">Lenker:<\/td>\n<td class=\"product--properties-value\">Easton EC70 AX Gravel, Carbon<\/td>\n<\/tr>\n<tr class=\"product--properties-row row11\">\n<td class=\"product--properties-label is--bold\">Griffe:<\/td>\n<td class=\"product--properties-value\">ACID Bartape CX<\/td>\n<\/tr>\n<tr class=\"product--properties-row row12\">\n<td class=\"product--properties-label is--bold\">Sattel:<\/td>\n<td class=\"product--properties-value\">Natural Fit Nuance SLT Road Carbon<\/td>\n<\/tr>\n<tr class=\"product--properties-row row13\">\n<td class=\"product--properties-label is--bold\">Sattelst\u00fctze:<\/td>\n<td class=\"product--properties-value\">Newmen Advanced, Carbon, 27.2mm<\/td>\n<\/tr>\n<tr class=\"product--properties-row row14\">\n<td class=\"product--properties-label is--bold\">Sattelklemme:<\/td>\n<td class=\"product--properties-value\">CUBE Semi-Integrated<\/td>\n<\/tr>\n<tr class=\"product--properties-row row15\">\n<td class=\"product--properties-label is--bold\">Kurbel:<\/td>\n<td class=\"product--properties-value\">Sram Rival 1 Wide, DUB, 40T<\/td>\n<\/tr>\n<\/tbody>\n<\/table>\n<table class=\"product--properties-table\">\n<tbody>\n<tr class=\"product--properties-row row16\">\n<td class=\"product--properties-label is--bold\">Schaltwerk:<\/td>\n<td class=\"product--properties-value\">Sram GX Eagle AXS\u2122, 12-Speed<\/td>\n<\/tr>\n<tr class=\"product--properties-row row17\">\n<td class=\"product--properties-label is--bold\">Schalthebel:<\/td>\n<td class=\"product--properties-value\">Sram Rival eTap AXS\u2122<\/td>\n<\/tr>\n<tr class=\"product--properties-row row18\">\n<td class=\"product--properties-label is--bold\">Kassette:<\/td>\n<td class=\"product--properties-value\">Sram XG-1275 Eagle\u2122, 10-50T<\/td>\n<\/tr>\n<tr class=\"product--properties-row row19\">\n<td class=\"product--properties-label is--bold\">Kette:<\/td>\n<td class=\"product--properties-value\">Sram Rival D1<\/td>\n<\/tr>\n<tr class=\"product--properties-row row20\">\n<td class=\"product--properties-label is--bold\">Reifen:<\/td>\n<td class=\"product--properties-value\">WTB Riddler, TCS Light Rolling Fast, Kevlar, 45-622<\/td>\n<\/tr>\n<tr class=\"product--properties-row row21\">\n<td class=\"product--properties-label is--bold\">Laufradsatz:<\/td>\n<td class=\"product--properties-value\">Newmen Evolution SL X.R.25<\/td>\n<\/tr>\n<tr class=\"product--properties-row row22\">\n<td class=\"product--properties-label is--bold\">Pedale:<\/td>\n<td class=\"product--properties-value\">nicht im Lieferumfang enthalten<\/td>\n<\/tr>\n<tr class=\"product--properties-row row23\">\n<td class=\"product--properties-label is--bold\">Zul\u00e4ssiges Gesamtgewicht:<\/td>\n<td class=\"product--properties-value\">115 kg (K\u00f6rpergewicht + Fahrrad + Ausr\u00fcstung)<\/td>\n<\/tr>\n<tr class=\"product--properties-row row24\">\n<td class=\"product--properties-label is--bold\">Gewicht Komplettrad:<\/td>\n<td class=\"product--properties-value\">ab 8,4 kg<\/td>\n<\/tr>\n<\/tbody>\n<\/table>\n<\/div>\n<\/div>\n<\/div>\n<div class=\"image-slider--container\"><\/div>","protected":false},"excerpt":{"rendered":"<p>Cube\u00a0Nuroad C:62 SL lightgrey\u00b4n\u00b4grey Form und Funktion in Vollendung &#8211; das ist das Cube Nuroad C:62 SL. Dieses leichte und<\/p>","protected":false},"featured_media":61178,"comment_status":"open","ping_status":"closed","template":"","meta":[],"product_brand":[],"product_cat":[36,37],"product_tag":[],"class_list":{"0":"post-38357","1":"product","2":"type-product","3":"status-publish","4":"has-post-thumbnail","6":"product_cat-fahrrad","7":"product_cat-gravel-bikes","8":"pa_marke-cube","10":"first","11":"instock","12":"sale","13":"taxable","14":"shipping-taxable","15":"purchasable","16":"product-type-variable"},"yoast_head":"<!-- This site is optimized with the Yoast SEO Premium plugin v20.12 (Yoast SEO v27.1.1) - https:\/\/yoast.com\/product\/yoast-seo-premium-wordpress\/ -->\n<title>Cube Nuroad C:62 SL lightgrey\u00b4n\u00b4grey<\/title>\n<meta name=\"description\" content=\"Entdecken Sie unseren Online-Fahrradladen: Gro\u00dfe Auswahl an Modellen f\u00fcr alle Radsportbegeisterten. Von Rennr\u00e4dern bis zu Mountainbikes - finden Sie heute Ihren perfekten Wegbegleiter!\" \/>\n<meta name=\"robots\" content=\"index, follow, max-snippet:-1, max-image-preview:large, max-video-preview:-1\" \/>\n<link rel=\"canonical\" href=\"https:\/\/kgerad.de\/en\/product\/cube-nuroad-c62-sl-lightgreyngrey\/\" \/>\n<meta property=\"og:locale\" content=\"en_US\" \/>\n<meta property=\"og:type\" content=\"article\" \/>\n<meta property=\"og:title\" content=\"Cube Nuroad C:62 SL lightgrey\u00b4n\u00b4grey\" \/>\n<meta property=\"og:description\" content=\"Entdecken Sie unseren Online-Fahrradladen: Gro\u00dfe Auswahl an Modellen f\u00fcr alle Radsportbegeisterten. Von Rennr\u00e4dern bis zu Mountainbikes - finden Sie heute Ihren perfekten Wegbegleiter!\" \/>\n<meta property=\"og:url\" content=\"https:\/\/kgerad.de\/en\/product\/cube-nuroad-c62-sl-lightgreyngrey\/\" \/>\n<meta property=\"og:site_name\" content=\"kgerad.de\" \/>\n<meta property=\"article:modified_time\" content=\"2023-08-11T07:38:41+00:00\" \/>\n<meta property=\"og:image\" content=\"https:\/\/kgerad.de\/wp-content\/uploads\/2023\/06\/Cube-Nuroad-C62-SL-lightgrey\u00b4n\u00b4grey.jpg\" \/>\n\t<meta property=\"og:image:width\" content=\"800\" \/>\n\t<meta property=\"og:image:height\" content=\"474\" \/>\n\t<meta property=\"og:image:type\" content=\"image\/jpeg\" \/>\n<meta name=\"twitter:card\" content=\"summary_large_image\" \/>\n<meta name=\"twitter:label1\" content=\"Est. reading time\" \/>\n\t<meta name=\"twitter:data1\" content=\"3 minutes\" \/>\n<script type=\"application\/ld+json\" class=\"yoast-schema-graph\">{\"@context\":\"https:\/\/schema.org\",\"@graph\":[{\"@type\":\"WebPage\",\"@id\":\"https:\/\/kgerad.de\/produkt\/cube-nuroad-c62-sl-lightgreyngrey\/\",\"url\":\"https:\/\/kgerad.de\/produkt\/cube-nuroad-c62-sl-lightgreyngrey\/\",\"name\":\"Cube Nuroad C:62 SL lightgrey\u00b4n\u00b4grey\",\"isPartOf\":{\"@id\":\"https:\/\/kgerad.de\/#website\"},\"primaryImageOfPage\":{\"@id\":\"https:\/\/kgerad.de\/produkt\/cube-nuroad-c62-sl-lightgreyngrey\/#primaryimage\"},\"image\":{\"@id\":\"https:\/\/kgerad.de\/produkt\/cube-nuroad-c62-sl-lightgreyngrey\/#primaryimage\"},\"thumbnailUrl\":\"https:\/\/kgerad.de\/wp-content\/uploads\/2023\/06\/Cube-Nuroad-C62-SL-lightgrey\u00b4n\u00b4grey.jpg\",\"datePublished\":\"2022-11-07T17:47:53+00:00\",\"dateModified\":\"2023-08-11T07:38:41+00:00\",\"description\":\"Entdecken Sie unseren Online-Fahrradladen: Gro\u00dfe Auswahl an Modellen f\u00fcr alle Radsportbegeisterten. Von Rennr\u00e4dern bis zu Mountainbikes - finden Sie heute Ihren perfekten Wegbegleiter!\",\"breadcrumb\":{\"@id\":\"https:\/\/kgerad.de\/produkt\/cube-nuroad-c62-sl-lightgreyngrey\/#breadcrumb\"},\"inLanguage\":\"en-US\",\"potentialAction\":[{\"@type\":\"ReadAction\",\"target\":[\"https:\/\/kgerad.de\/produkt\/cube-nuroad-c62-sl-lightgreyngrey\/\"]}]},{\"@type\":\"ImageObject\",\"inLanguage\":\"en-US\",\"@id\":\"https:\/\/kgerad.de\/produkt\/cube-nuroad-c62-sl-lightgreyngrey\/#primaryimage\",\"url\":\"https:\/\/kgerad.de\/wp-content\/uploads\/2023\/06\/Cube-Nuroad-C62-SL-lightgrey\u00b4n\u00b4grey.jpg\",\"contentUrl\":\"https:\/\/kgerad.de\/wp-content\/uploads\/2023\/06\/Cube-Nuroad-C62-SL-lightgrey\u00b4n\u00b4grey.jpg\",\"width\":800,\"height\":474,\"caption\":\"Cube Nuroad C62 SL lightgrey\u00b4n\u00b4grey\"},{\"@type\":\"BreadcrumbList\",\"@id\":\"https:\/\/kgerad.de\/produkt\/cube-nuroad-c62-sl-lightgreyngrey\/#breadcrumb\",\"itemListElement\":[{\"@type\":\"ListItem\",\"position\":1,\"name\":\"Startseite\",\"item\":\"https:\/\/kgerad.de\/\"},{\"@type\":\"ListItem\",\"position\":2,\"name\":\"LADEN\",\"item\":\"https:\/\/kgerad.de\/laden\/\"},{\"@type\":\"ListItem\",\"position\":3,\"name\":\"Cube Nuroad C:62 SL lightgrey\u00b4n\u00b4grey\"}]},{\"@type\":\"WebSite\",\"@id\":\"https:\/\/kgerad.de\/#website\",\"url\":\"https:\/\/kgerad.de\/\",\"name\":\"kgerad.de\",\"description\":\"Treten Sie mit uns ins Abenteuer!\",\"publisher\":{\"@id\":\"https:\/\/kgerad.de\/#organization\"},\"alternateName\":\"MEIN RADLADEN\",\"potentialAction\":[{\"@type\":\"SearchAction\",\"target\":{\"@type\":\"EntryPoint\",\"urlTemplate\":\"https:\/\/kgerad.de\/?s={search_term_string}\"},\"query-input\":{\"@type\":\"PropertyValueSpecification\",\"valueRequired\":true,\"valueName\":\"search_term_string\"}}],\"inLanguage\":\"en-US\"},{\"@type\":\"Organization\",\"@id\":\"https:\/\/kgerad.de\/#organization\",\"name\":\"MEINRADLADEN\",\"alternateName\":\"MEIN RADLADEN\",\"url\":\"https:\/\/kgerad.de\/\",\"logo\":{\"@type\":\"ImageObject\",\"inLanguage\":\"en-US\",\"@id\":\"https:\/\/kgerad.de\/#\/schema\/logo\/image\/\",\"url\":\"https:\/\/kgerad.de\/wp-content\/uploads\/2025\/07\/logo-Whit.svg\",\"contentUrl\":\"https:\/\/kgerad.de\/wp-content\/uploads\/2025\/07\/logo-Whit.svg\",\"width\":1640,\"height\":371,\"caption\":\"MEINRADLADEN\"},\"image\":{\"@id\":\"https:\/\/kgerad.de\/#\/schema\/logo\/image\/\"}}]}<\/script>\n<!-- \/ Yoast SEO Premium plugin. -->","yoast_head_json":{"title":"Cube Nuroad C:62 SL lightgrey\u00b4n\u00b4grey","description":"Entdecken Sie unseren Online-Fahrradladen: Gro\u00dfe Auswahl an Modellen f\u00fcr alle Radsportbegeisterten. Von Rennr\u00e4dern bis zu Mountainbikes - finden Sie heute Ihren perfekten Wegbegleiter!","robots":{"index":"index","follow":"follow","max-snippet":"max-snippet:-1","max-image-preview":"max-image-preview:large","max-video-preview":"max-video-preview:-1"},"canonical":"https:\/\/kgerad.de\/en\/product\/cube-nuroad-c62-sl-lightgreyngrey\/","og_locale":"en_US","og_type":"article","og_title":"Cube Nuroad C:62 SL lightgrey\u00b4n\u00b4grey","og_description":"Entdecken Sie unseren Online-Fahrradladen: Gro\u00dfe Auswahl an Modellen f\u00fcr alle Radsportbegeisterten. Von Rennr\u00e4dern bis zu Mountainbikes - finden Sie heute Ihren perfekten Wegbegleiter!","og_url":"https:\/\/kgerad.de\/en\/product\/cube-nuroad-c62-sl-lightgreyngrey\/","og_site_name":"kgerad.de","article_modified_time":"2023-08-11T07:38:41+00:00","og_image":[{"width":800,"height":474,"url":"https:\/\/kgerad.de\/wp-content\/uploads\/2023\/06\/Cube-Nuroad-C62-SL-lightgrey\u00b4n\u00b4grey.jpg","type":"image\/jpeg"}],"twitter_card":"summary_large_image","twitter_misc":{"Est. reading time":"3 minutes"},"schema":{"@context":"https:\/\/schema.org","@graph":[{"@type":"WebPage","@id":"https:\/\/kgerad.de\/produkt\/cube-nuroad-c62-sl-lightgreyngrey\/","url":"https:\/\/kgerad.de\/produkt\/cube-nuroad-c62-sl-lightgreyngrey\/","name":"Cube Nuroad C:62 SL lightgrey\u00b4n\u00b4grey","isPartOf":{"@id":"https:\/\/kgerad.de\/#website"},"primaryImageOfPage":{"@id":"https:\/\/kgerad.de\/produkt\/cube-nuroad-c62-sl-lightgreyngrey\/#primaryimage"},"image":{"@id":"https:\/\/kgerad.de\/produkt\/cube-nuroad-c62-sl-lightgreyngrey\/#primaryimage"},"thumbnailUrl":"https:\/\/kgerad.de\/wp-content\/uploads\/2023\/06\/Cube-Nuroad-C62-SL-lightgrey\u00b4n\u00b4grey.jpg","datePublished":"2022-11-07T17:47:53+00:00","dateModified":"2023-08-11T07:38:41+00:00","description":"Entdecken Sie unseren Online-Fahrradladen: Gro\u00dfe Auswahl an Modellen f\u00fcr alle Radsportbegeisterten. Von Rennr\u00e4dern bis zu Mountainbikes - finden Sie heute Ihren perfekten Wegbegleiter!","breadcrumb":{"@id":"https:\/\/kgerad.de\/produkt\/cube-nuroad-c62-sl-lightgreyngrey\/#breadcrumb"},"inLanguage":"en-US","potentialAction":[{"@type":"ReadAction","target":["https:\/\/kgerad.de\/produkt\/cube-nuroad-c62-sl-lightgreyngrey\/"]}]},{"@type":"ImageObject","inLanguage":"en-US","@id":"https:\/\/kgerad.de\/produkt\/cube-nuroad-c62-sl-lightgreyngrey\/#primaryimage","url":"https:\/\/kgerad.de\/wp-content\/uploads\/2023\/06\/Cube-Nuroad-C62-SL-lightgrey\u00b4n\u00b4grey.jpg","contentUrl":"https:\/\/kgerad.de\/wp-content\/uploads\/2023\/06\/Cube-Nuroad-C62-SL-lightgrey\u00b4n\u00b4grey.jpg","width":800,"height":474,"caption":"Cube Nuroad C62 SL lightgrey\u00b4n\u00b4grey"},{"@type":"BreadcrumbList","@id":"https:\/\/kgerad.de\/produkt\/cube-nuroad-c62-sl-lightgreyngrey\/#breadcrumb","itemListElement":[{"@type":"ListItem","position":1,"name":"Startseite","item":"https:\/\/kgerad.de\/"},{"@type":"ListItem","position":2,"name":"LADEN","item":"https:\/\/kgerad.de\/laden\/"},{"@type":"ListItem","position":3,"name":"Cube Nuroad C:62 SL lightgrey\u00b4n\u00b4grey"}]},{"@type":"WebSite","@id":"https:\/\/kgerad.de\/#website","url":"https:\/\/kgerad.de\/","name":"kgerad.de","description":"Treten Sie mit uns ins Abenteuer!","publisher":{"@id":"https:\/\/kgerad.de\/#organization"},"alternateName":"MEIN RADLADEN","potentialAction":[{"@type":"SearchAction","target":{"@type":"EntryPoint","urlTemplate":"https:\/\/kgerad.de\/?s={search_term_string}"},"query-input":{"@type":"PropertyValueSpecification","valueRequired":true,"valueName":"search_term_string"}}],"inLanguage":"en-US"},{"@type":"Organization","@id":"https:\/\/kgerad.de\/#organization","name":"MEINRADLADEN","alternateName":"MEIN RADLADEN","url":"https:\/\/kgerad.de\/","logo":{"@type":"ImageObject","inLanguage":"en-US","@id":"https:\/\/kgerad.de\/#\/schema\/logo\/image\/","url":"https:\/\/kgerad.de\/wp-content\/uploads\/2025\/07\/logo-Whit.svg","contentUrl":"https:\/\/kgerad.de\/wp-content\/uploads\/2025\/07\/logo-Whit.svg","width":1640,"height":371,"caption":"MEINRADLADEN"},"image":{"@id":"https:\/\/kgerad.de\/#\/schema\/logo\/image\/"}}]}},"_links":{"self":[{"href":"https:\/\/kgerad.de\/en\/wp-json\/wp\/v2\/product\/38357","targetHints":{"allow":["GET"]}}],"collection":[{"href":"https:\/\/kgerad.de\/en\/wp-json\/wp\/v2\/product"}],"about":[{"href":"https:\/\/kgerad.de\/en\/wp-json\/wp\/v2\/types\/product"}],"replies":[{"embeddable":true,"href":"https:\/\/kgerad.de\/en\/wp-json\/wp\/v2\/comments?post=38357"}],"version-history":[{"count":1,"href":"https:\/\/kgerad.de\/en\/wp-json\/wp\/v2\/product\/38357\/revisions"}],"predecessor-version":[{"id":79289,"href":"https:\/\/kgerad.de\/en\/wp-json\/wp\/v2\/product\/38357\/revisions\/79289"}],"wp:featuredmedia":[{"embeddable":true,"href":"https:\/\/kgerad.de\/en\/wp-json\/wp\/v2\/media\/61178"}],"wp:attachment":[{"href":"https:\/\/kgerad.de\/en\/wp-json\/wp\/v2\/media?parent=38357"}],"wp:term":[{"taxonomy":"product_brand","embeddable":true,"href":"https:\/\/kgerad.de\/en\/wp-json\/wp\/v2\/product_brand?post=38357"},{"taxonomy":"product_cat","embeddable":true,"href":"https:\/\/kgerad.de\/en\/wp-json\/wp\/v2\/product_cat?post=38357"},{"taxonomy":"product_tag","embeddable":true,"href":"https:\/\/kgerad.de\/en\/wp-json\/wp\/v2\/product_tag?post=38357"}],"curies":[{"name":"wp","href":"https:\/\/api.w.org\/{rel}","templated":true}]}}