{"id":38317,"date":"2022-11-07T16:55:02","date_gmt":"2022-11-07T15:55:02","guid":{"rendered":"https:\/\/kgerad.de\/?post_type=product&#038;p=38317"},"modified":"2023-08-11T09:44:23","modified_gmt":"2023-08-11T07:44:23","slug":"cube-nuride-hybrid-slt-750-allroad-teakngrey","status":"publish","type":"product","link":"https:\/\/kgerad.de\/en\/product\/cube-nuride-hybrid-slt-750-allroad-teakngrey\/","title":{"rendered":"Cube Nuride Hybrid SLT 750 Allroad teak\u00b4n\u00b4grey"},"content":{"rendered":"<div class=\"product--headername\">\n<h2 class=\"product--title\"><strong>Cube<\/strong>\u00a0Nuride Hybrid SLT 750 Allroad teak\u00b4n\u00b4grey<\/h2>\n<p class=\"product--rating-container\">Kleine Details, gro\u00dfe Wirkung &#8211; so gesehen beim neuen Nuride Hybrid SLT 750 Allroad. Den Anfang machen die leichten, stabilen und robusten Newmen Laufr\u00e4der, dazu kommt die Fox 34 AWL Sweep Gabel mit geschmeidig d\u00e4mpfenden, einfach einzustellenden 100 mm Federweg f\u00fcr dauerhaft angenehmen Fahrkomfort.<\/p>\n<hr \/>\n<h2 class=\"product--rating-container\"><a href=\"https:\/\/www.cube.eu\/360\/\" target=\"_blank\" rel=\"nofollow noopener\" data-wp-editing=\"1\"><img decoding=\"async\" title=\"360\u00b0\" src=\"https:\/\/cd.bike-discount.de\/media\/image\/3a\/ee\/83\/360.png\" alt=\"\" width=\"40\" height=\"39\" data-mid=\"729769\" data-src=\"media\/image\/360.png\" \/>360\u00b0-Ansicht \u00f6ffnen<\/a><\/h2>\n<hr \/>\n<p>Als N\u00e4chstes haben wir dem Bike die legend\u00e4re Shimano XT 12-Gang Schaltung verpasst, mit der jede Route und jeder Anstieg zum Kinderspiel wird, au\u00dferdem dazu passende hydraulische XT Scheibenbremsen, die zu jeder Zeit volle Kontrolle vermitteln. Im Zentrum von alldem steht der geschmeidig und kraftvoll arbeitende Bosch CX Motor der vierten Generation mit 750 Wh starkem Akku f\u00fcr eine besonders hohe Reichweite. LED-Lichter, Schutzbleche und ein praktischer Seitenst\u00e4nder runden die Ausstattung ab. Kurz: Wir haben an alles gedacht, was die n\u00e4chste Tour zum Hochgenuss macht.<\/p>\n<hr \/>\n<h3>RAHMEN Cube Nuride Hybrid SLT 750 Allroad teak\u00b4n\u00b4grey<\/h3>\n<p>Den Nuride Hybrid 750 Allroad gibt es als Tiefeinsteiger, Trapezrahmen oder klassischen Herrenrahmen und jeweils in verschiedenen Gr\u00f6\u00dfen, was bedeutet, dass jeder Entdecker die perfekte Passform f\u00fcr sich findet. Im Zentrum dieser brandneuen Konstruktion sitzt &#8211; sauber und unauff\u00e4llig ins Design integriert &#8211; der 750 Wh starke Akku f\u00fcr maximale Reichweite. Au\u00dferdem haben wir zwei Ideen von unseren Mountainbikes aufgegriffen. Zum einen wurden die Schalt- und Bremsz\u00fcge ins Innere verlegt, was den Wartungaufwand minimiert, zum anderen garantiert ein X12 Boost Hinterbau sicheres, zuverl\u00e4ssiges Handling. Fazit: alles, was man braucht, in einem clean designten Paket!<\/p>\n<h2>Ausstattung<\/h2>\n<div class=\"product--properties panel has--border\">\n<table class=\"product--properties-table\">\n<tbody>\n<tr class=\"product--properties-row row1\">\n<td class=\"product--properties-label is--bold\">Rahmen:<\/td>\n<td class=\"product--properties-value\">Aluminium Superlite, Gravity Casting Technology, Agile Comfort Geometry, Full Integrated Battery, Kickstand\/Fender\/Carrier Mounting Points, Boost 148, Advanced Internal Cable Routing, 1.5 Headtube (EE: Tapered Headtube)<\/td>\n<\/tr>\n<tr class=\"product--properties-row row2\">\n<td class=\"product--properties-label is--bold\">Rahmenmaterial:<\/td>\n<td class=\"product--properties-value\">Aluminium<\/td>\n<\/tr>\n<tr class=\"product--properties-row row3\">\n<td class=\"product--properties-label is--bold\">Laufradgr\u00f6\u00dfe:<\/td>\n<td class=\"product--properties-value\">28&#8243;<\/td>\n<\/tr>\n<tr class=\"product--properties-row row4\">\n<td class=\"product--properties-label is--bold\">Farbe:<\/td>\n<td class=\"product--properties-value\">teak\u00b4n\u00b4grey<\/td>\n<\/tr>\n<tr class=\"product--properties-row row5\">\n<td class=\"product--properties-label is--bold\">Gabel:<\/td>\n<td class=\"product--properties-value\">Fox 34 Float AWL, 2-Position Sweep-Adjust RAIL Damper, Tapered, 15x110mm, E-Bike Optimized, 100mm<\/td>\n<\/tr>\n<tr class=\"product--properties-row row6\">\n<td class=\"product--properties-label is--bold\">Federweg:<\/td>\n<td class=\"product--properties-value\">100mm<\/td>\n<\/tr>\n<tr class=\"product--properties-row row7\">\n<td class=\"product--properties-label is--bold\">Bremsen:<\/td>\n<td class=\"product--properties-value\">Shimano XT BR-M8120, Hydr. Disc Brake (203\/203)<\/td>\n<\/tr>\n<tr class=\"product--properties-row row8\">\n<td class=\"product--properties-label is--bold\">Steuersatz:<\/td>\n<td class=\"product--properties-value\">M\/Z: ACROS AZF-1035, ICR (Integrated Cable Routing), BlockLock 120\u00b0, Top Zero-Stack 1 1\/2&#8243; (ZS 56mm), Bottom Zero-Stack 1 1\/2&#8243; (ZS 56mm) \/\/ EE: ACROS AZX-1040, BlockLock 135\u00b0, Top Zero-Stack 1 1\/8&#8243; (ZS 44mm), Bottom Zero-Stack 1 1\/2&#8243; (ZS 56mm)<\/td>\n<\/tr>\n<tr class=\"product--properties-row row9\">\n<td class=\"product--properties-label is--bold\">Vorbau:<\/td>\n<td class=\"product--properties-value\">CUBE Performance Stem Pro, 31.8mm<\/td>\n<\/tr>\n<tr class=\"product--properties-row row10\">\n<td class=\"product--properties-label is--bold\">Lenker:<\/td>\n<td class=\"product--properties-value\">CUBE Comfort Trail Bar, 720mm<\/td>\n<\/tr>\n<tr class=\"product--properties-row row11\">\n<td class=\"product--properties-label is--bold\">Griffe:<\/td>\n<td class=\"product--properties-value\">Natural Fit All Terrain<\/td>\n<\/tr>\n<tr class=\"product--properties-row row12\">\n<td class=\"product--properties-label is--bold\">Sattel:<\/td>\n<td class=\"product--properties-value\">Natural Fit Sequence Comfort<\/td>\n<\/tr>\n<tr class=\"product--properties-row row13\">\n<td class=\"product--properties-label is--bold\">Sattelst\u00fctze:<\/td>\n<td class=\"product--properties-value\">BySchulz G.2 Parallelogram Suspension Seatpost, 30.9mm<\/td>\n<\/tr>\n<tr class=\"product--properties-row row14\">\n<td class=\"product--properties-label is--bold\">Sattelklemme:<\/td>\n<td class=\"product--properties-value\">CUBE Screwlock Semi Integrated w\/ Hidden Tool, 36mm (EE: CUBE Screwlock Semi Integrated, 36mm)<\/td>\n<\/tr>\n<tr class=\"product--properties-row row15\">\n<td class=\"product--properties-label is--bold\">Kurbel:<\/td>\n<td class=\"product--properties-value\">ACID E-Crank, 38T, 175mm (EE: 170mm)<\/td>\n<\/tr>\n<\/tbody>\n<\/table>\n<table class=\"product--properties-table\">\n<tbody>\n<tr class=\"product--properties-row row16\">\n<td class=\"product--properties-label is--bold\">Schaltwerk:<\/td>\n<td class=\"product--properties-value\">Shimano XT RD-M8100-SGS, ShadowPlus, 12-Speed<\/td>\n<\/tr>\n<tr class=\"product--properties-row row17\">\n<td class=\"product--properties-label is--bold\">Schalthebel:<\/td>\n<td class=\"product--properties-value\">Shimano Deore SL-M6100-IR, Direct Attach, Rapidfire-Plus<\/td>\n<\/tr>\n<tr class=\"product--properties-row row18\">\n<td class=\"product--properties-label is--bold\">Kassette:<\/td>\n<td class=\"product--properties-value\">Shimano Deore CS-M6100, 10-51T<\/td>\n<\/tr>\n<tr class=\"product--properties-row row19\">\n<td class=\"product--properties-label is--bold\">Kette:<\/td>\n<td class=\"product--properties-value\">Shimano CN-M6100<\/td>\n<\/tr>\n<tr class=\"product--properties-row row20\">\n<td class=\"product--properties-label is--bold\">Reifen:<\/td>\n<td class=\"product--properties-value\">Schwalbe G-One Allround, 57-622<\/td>\n<\/tr>\n<tr class=\"product--properties-row row21\">\n<td class=\"product--properties-label is--bold\">Laufradsatz:<\/td>\n<td class=\"product--properties-value\">Newmen Performance 25, 28\/28 Spokes, 15x110mm\/12x148mm, Tubeless Ready<\/td>\n<\/tr>\n<tr class=\"product--properties-row row22\">\n<td class=\"product--properties-label is--bold\">Display:<\/td>\n<td class=\"product--properties-value\">Bosch Kiox 300<\/td>\n<\/tr>\n<tr class=\"product--properties-row row23\">\n<td class=\"product--properties-label is--bold\">Akku:<\/td>\n<td class=\"product--properties-value\">Bosch PowerTube 750<\/td>\n<\/tr>\n<tr class=\"product--properties-row row24\">\n<td class=\"product--properties-label is--bold\">Ladeger\u00e4t:<\/td>\n<td class=\"product--properties-value\">Bosch 4A<\/td>\n<\/tr>\n<tr class=\"product--properties-row row25\">\n<td class=\"product--properties-label is--bold\">Motor:<\/td>\n<td class=\"product--properties-value\">Bosch Drive Unit Performance CX Generation 4 (85Nm) Cruise (250Watt), Smart System<\/td>\n<\/tr>\n<tr class=\"product--properties-row row26\">\n<td class=\"product--properties-label is--bold\">Scheinwerfer:<\/td>\n<td class=\"product--properties-value\">ACID Front Light PRO-E 110, 5-16V, DC<\/td>\n<\/tr>\n<tr class=\"product--properties-row row27\">\n<td class=\"product--properties-label is--bold\">R\u00fccklicht:<\/td>\n<td class=\"product--properties-value\">ACID Mudguard Rear Light PRO-E, 12V, DC<\/td>\n<\/tr>\n<tr class=\"product--properties-row row28\">\n<td class=\"product--properties-label is--bold\">Pedale:<\/td>\n<td class=\"product--properties-value\">ACID PP Trekking<\/td>\n<\/tr>\n<tr class=\"product--properties-row row29\">\n<td class=\"product--properties-label is--bold\">Sonstiges:<\/td>\n<td class=\"product--properties-value\">Schutzblech, St\u00e4nder, Glocke<\/td>\n<\/tr>\n<tr class=\"product--properties-row row30\">\n<td class=\"product--properties-label is--bold\">Zul\u00e4ssiges Gesamtgewicht:<\/td>\n<td class=\"product--properties-value\">160 kg -&gt; 135 kg (K\u00f6rpergewicht + Fahrrad + Ausr\u00fcstung) + 25 kg Zuladung (Gep\u00e4cktr\u00e4ger)<\/td>\n<\/tr>\n<tr class=\"product--properties-row row31\">\n<td class=\"product--properties-label is--bold\">Gewicht Komplettrad:<\/td>\n<td class=\"product--properties-value\">ab 25 kg<\/td>\n<\/tr>\n<\/tbody>\n<\/table>\n<\/div>\n<\/div>","protected":false},"excerpt":{"rendered":"<p>Cube\u00a0Nuride Hybrid SLT 750 Allroad teak\u00b4n\u00b4grey Kleine Details, gro\u00dfe Wirkung &#8211; so gesehen beim neuen Nuride Hybrid SLT 750 Allroad.<\/p>","protected":false},"featured_media":61159,"comment_status":"open","ping_status":"closed","template":"","meta":[],"product_brand":[],"product_cat":[33,247,35],"product_tag":[],"class_list":{"0":"post-38317","1":"product","2":"type-product","3":"status-publish","4":"has-post-thumbnail","6":"product_cat-e-bike","7":"product_cat-e-bike-trekking","8":"product_cat-e-bikes-2022","9":"pa_marke-cube","11":"first","12":"instock","13":"sale","14":"taxable","15":"shipping-taxable","16":"purchasable","17":"product-type-variable"},"yoast_head":"<!-- This site is optimized with the Yoast SEO Premium plugin v20.12 (Yoast SEO v27.1.1) - https:\/\/yoast.com\/product\/yoast-seo-premium-wordpress\/ -->\n<title>Cube Nuride Hybrid SLT 750 Allroad teak\u00b4n\u00b4grey<\/title>\n<meta name=\"description\" content=\"Entdecken Sie unseren Online-Fahrradladen: Gro\u00dfe Auswahl an Modellen f\u00fcr alle Radsportbegeisterten. Von Rennr\u00e4dern bis zu Mountainbikes - finden Sie heute Ihren perfekten Wegbegleiter!\" \/>\n<meta name=\"robots\" content=\"index, follow, max-snippet:-1, max-image-preview:large, max-video-preview:-1\" \/>\n<link rel=\"canonical\" href=\"https:\/\/kgerad.de\/en\/product\/cube-nuride-hybrid-slt-750-allroad-teakngrey\/\" \/>\n<meta property=\"og:locale\" content=\"en_US\" \/>\n<meta property=\"og:type\" content=\"article\" \/>\n<meta property=\"og:title\" content=\"Cube Nuride Hybrid SLT 750 Allroad teak\u00b4n\u00b4grey\" \/>\n<meta property=\"og:description\" content=\"Entdecken Sie unseren Online-Fahrradladen: Gro\u00dfe Auswahl an Modellen f\u00fcr alle Radsportbegeisterten. Von Rennr\u00e4dern bis zu Mountainbikes - finden Sie heute Ihren perfekten Wegbegleiter!\" \/>\n<meta property=\"og:url\" content=\"https:\/\/kgerad.de\/en\/product\/cube-nuride-hybrid-slt-750-allroad-teakngrey\/\" \/>\n<meta property=\"og:site_name\" content=\"kgerad.de\" \/>\n<meta property=\"article:modified_time\" content=\"2023-08-11T07:44:23+00:00\" \/>\n<meta property=\"og:image\" content=\"https:\/\/kgerad.de\/wp-content\/uploads\/2023\/06\/532903_00.jpg\" \/>\n\t<meta property=\"og:image:width\" content=\"1000\" \/>\n\t<meta property=\"og:image:height\" content=\"610\" \/>\n\t<meta property=\"og:image:type\" content=\"image\/jpeg\" \/>\n<meta name=\"twitter:card\" content=\"summary_large_image\" \/>\n<meta name=\"twitter:label1\" content=\"Est. reading time\" \/>\n\t<meta name=\"twitter:data1\" content=\"3 minutes\" \/>\n<script type=\"application\/ld+json\" class=\"yoast-schema-graph\">{\"@context\":\"https:\/\/schema.org\",\"@graph\":[{\"@type\":\"WebPage\",\"@id\":\"https:\/\/kgerad.de\/produkt\/cube-nuride-hybrid-slt-750-allroad-teakngrey\/\",\"url\":\"https:\/\/kgerad.de\/produkt\/cube-nuride-hybrid-slt-750-allroad-teakngrey\/\",\"name\":\"Cube Nuride Hybrid SLT 750 Allroad teak\u00b4n\u00b4grey\",\"isPartOf\":{\"@id\":\"https:\/\/kgerad.de\/#website\"},\"primaryImageOfPage\":{\"@id\":\"https:\/\/kgerad.de\/produkt\/cube-nuride-hybrid-slt-750-allroad-teakngrey\/#primaryimage\"},\"image\":{\"@id\":\"https:\/\/kgerad.de\/produkt\/cube-nuride-hybrid-slt-750-allroad-teakngrey\/#primaryimage\"},\"thumbnailUrl\":\"https:\/\/kgerad.de\/wp-content\/uploads\/2023\/06\/532903_00.jpg\",\"datePublished\":\"2022-11-07T15:55:02+00:00\",\"dateModified\":\"2023-08-11T07:44:23+00:00\",\"description\":\"Entdecken Sie unseren Online-Fahrradladen: Gro\u00dfe Auswahl an Modellen f\u00fcr alle Radsportbegeisterten. Von Rennr\u00e4dern bis zu Mountainbikes - finden Sie heute Ihren perfekten Wegbegleiter!\",\"breadcrumb\":{\"@id\":\"https:\/\/kgerad.de\/produkt\/cube-nuride-hybrid-slt-750-allroad-teakngrey\/#breadcrumb\"},\"inLanguage\":\"en-US\",\"potentialAction\":[{\"@type\":\"ReadAction\",\"target\":[\"https:\/\/kgerad.de\/produkt\/cube-nuride-hybrid-slt-750-allroad-teakngrey\/\"]}]},{\"@type\":\"ImageObject\",\"inLanguage\":\"en-US\",\"@id\":\"https:\/\/kgerad.de\/produkt\/cube-nuride-hybrid-slt-750-allroad-teakngrey\/#primaryimage\",\"url\":\"https:\/\/kgerad.de\/wp-content\/uploads\/2023\/06\/532903_00.jpg\",\"contentUrl\":\"https:\/\/kgerad.de\/wp-content\/uploads\/2023\/06\/532903_00.jpg\",\"width\":1000,\"height\":610,\"caption\":\"Cube Nuride Hybrid SLT 750 Allroad teak\u00b4n\u00b4grey\"},{\"@type\":\"BreadcrumbList\",\"@id\":\"https:\/\/kgerad.de\/produkt\/cube-nuride-hybrid-slt-750-allroad-teakngrey\/#breadcrumb\",\"itemListElement\":[{\"@type\":\"ListItem\",\"position\":1,\"name\":\"Startseite\",\"item\":\"https:\/\/kgerad.de\/\"},{\"@type\":\"ListItem\",\"position\":2,\"name\":\"LADEN\",\"item\":\"https:\/\/kgerad.de\/laden\/\"},{\"@type\":\"ListItem\",\"position\":3,\"name\":\"Cube Nuride Hybrid SLT 750 Allroad teak\u00b4n\u00b4grey\"}]},{\"@type\":\"WebSite\",\"@id\":\"https:\/\/kgerad.de\/#website\",\"url\":\"https:\/\/kgerad.de\/\",\"name\":\"kgerad.de\",\"description\":\"Treten Sie mit uns ins Abenteuer!\",\"publisher\":{\"@id\":\"https:\/\/kgerad.de\/#organization\"},\"alternateName\":\"MEIN RADLADEN\",\"potentialAction\":[{\"@type\":\"SearchAction\",\"target\":{\"@type\":\"EntryPoint\",\"urlTemplate\":\"https:\/\/kgerad.de\/?s={search_term_string}\"},\"query-input\":{\"@type\":\"PropertyValueSpecification\",\"valueRequired\":true,\"valueName\":\"search_term_string\"}}],\"inLanguage\":\"en-US\"},{\"@type\":\"Organization\",\"@id\":\"https:\/\/kgerad.de\/#organization\",\"name\":\"MEINRADLADEN\",\"alternateName\":\"MEIN RADLADEN\",\"url\":\"https:\/\/kgerad.de\/\",\"logo\":{\"@type\":\"ImageObject\",\"inLanguage\":\"en-US\",\"@id\":\"https:\/\/kgerad.de\/#\/schema\/logo\/image\/\",\"url\":\"https:\/\/kgerad.de\/wp-content\/uploads\/2025\/07\/logo-Whit.svg\",\"contentUrl\":\"https:\/\/kgerad.de\/wp-content\/uploads\/2025\/07\/logo-Whit.svg\",\"width\":1640,\"height\":371,\"caption\":\"MEINRADLADEN\"},\"image\":{\"@id\":\"https:\/\/kgerad.de\/#\/schema\/logo\/image\/\"}}]}<\/script>\n<!-- \/ Yoast SEO Premium plugin. -->","yoast_head_json":{"title":"Cube Nuride Hybrid SLT 750 Allroad teak\u00b4n\u00b4grey","description":"Entdecken Sie unseren Online-Fahrradladen: Gro\u00dfe Auswahl an Modellen f\u00fcr alle Radsportbegeisterten. Von Rennr\u00e4dern bis zu Mountainbikes - finden Sie heute Ihren perfekten Wegbegleiter!","robots":{"index":"index","follow":"follow","max-snippet":"max-snippet:-1","max-image-preview":"max-image-preview:large","max-video-preview":"max-video-preview:-1"},"canonical":"https:\/\/kgerad.de\/en\/product\/cube-nuride-hybrid-slt-750-allroad-teakngrey\/","og_locale":"en_US","og_type":"article","og_title":"Cube Nuride Hybrid SLT 750 Allroad teak\u00b4n\u00b4grey","og_description":"Entdecken Sie unseren Online-Fahrradladen: Gro\u00dfe Auswahl an Modellen f\u00fcr alle Radsportbegeisterten. Von Rennr\u00e4dern bis zu Mountainbikes - finden Sie heute Ihren perfekten Wegbegleiter!","og_url":"https:\/\/kgerad.de\/en\/product\/cube-nuride-hybrid-slt-750-allroad-teakngrey\/","og_site_name":"kgerad.de","article_modified_time":"2023-08-11T07:44:23+00:00","og_image":[{"width":1000,"height":610,"url":"https:\/\/kgerad.de\/wp-content\/uploads\/2023\/06\/532903_00.jpg","type":"image\/jpeg"}],"twitter_card":"summary_large_image","twitter_misc":{"Est. reading time":"3 minutes"},"schema":{"@context":"https:\/\/schema.org","@graph":[{"@type":"WebPage","@id":"https:\/\/kgerad.de\/produkt\/cube-nuride-hybrid-slt-750-allroad-teakngrey\/","url":"https:\/\/kgerad.de\/produkt\/cube-nuride-hybrid-slt-750-allroad-teakngrey\/","name":"Cube Nuride Hybrid SLT 750 Allroad teak\u00b4n\u00b4grey","isPartOf":{"@id":"https:\/\/kgerad.de\/#website"},"primaryImageOfPage":{"@id":"https:\/\/kgerad.de\/produkt\/cube-nuride-hybrid-slt-750-allroad-teakngrey\/#primaryimage"},"image":{"@id":"https:\/\/kgerad.de\/produkt\/cube-nuride-hybrid-slt-750-allroad-teakngrey\/#primaryimage"},"thumbnailUrl":"https:\/\/kgerad.de\/wp-content\/uploads\/2023\/06\/532903_00.jpg","datePublished":"2022-11-07T15:55:02+00:00","dateModified":"2023-08-11T07:44:23+00:00","description":"Entdecken Sie unseren Online-Fahrradladen: Gro\u00dfe Auswahl an Modellen f\u00fcr alle Radsportbegeisterten. Von Rennr\u00e4dern bis zu Mountainbikes - finden Sie heute Ihren perfekten Wegbegleiter!","breadcrumb":{"@id":"https:\/\/kgerad.de\/produkt\/cube-nuride-hybrid-slt-750-allroad-teakngrey\/#breadcrumb"},"inLanguage":"en-US","potentialAction":[{"@type":"ReadAction","target":["https:\/\/kgerad.de\/produkt\/cube-nuride-hybrid-slt-750-allroad-teakngrey\/"]}]},{"@type":"ImageObject","inLanguage":"en-US","@id":"https:\/\/kgerad.de\/produkt\/cube-nuride-hybrid-slt-750-allroad-teakngrey\/#primaryimage","url":"https:\/\/kgerad.de\/wp-content\/uploads\/2023\/06\/532903_00.jpg","contentUrl":"https:\/\/kgerad.de\/wp-content\/uploads\/2023\/06\/532903_00.jpg","width":1000,"height":610,"caption":"Cube Nuride Hybrid SLT 750 Allroad teak\u00b4n\u00b4grey"},{"@type":"BreadcrumbList","@id":"https:\/\/kgerad.de\/produkt\/cube-nuride-hybrid-slt-750-allroad-teakngrey\/#breadcrumb","itemListElement":[{"@type":"ListItem","position":1,"name":"Startseite","item":"https:\/\/kgerad.de\/"},{"@type":"ListItem","position":2,"name":"LADEN","item":"https:\/\/kgerad.de\/laden\/"},{"@type":"ListItem","position":3,"name":"Cube Nuride Hybrid SLT 750 Allroad teak\u00b4n\u00b4grey"}]},{"@type":"WebSite","@id":"https:\/\/kgerad.de\/#website","url":"https:\/\/kgerad.de\/","name":"kgerad.de","description":"Treten Sie mit uns ins Abenteuer!","publisher":{"@id":"https:\/\/kgerad.de\/#organization"},"alternateName":"MEIN RADLADEN","potentialAction":[{"@type":"SearchAction","target":{"@type":"EntryPoint","urlTemplate":"https:\/\/kgerad.de\/?s={search_term_string}"},"query-input":{"@type":"PropertyValueSpecification","valueRequired":true,"valueName":"search_term_string"}}],"inLanguage":"en-US"},{"@type":"Organization","@id":"https:\/\/kgerad.de\/#organization","name":"MEINRADLADEN","alternateName":"MEIN RADLADEN","url":"https:\/\/kgerad.de\/","logo":{"@type":"ImageObject","inLanguage":"en-US","@id":"https:\/\/kgerad.de\/#\/schema\/logo\/image\/","url":"https:\/\/kgerad.de\/wp-content\/uploads\/2025\/07\/logo-Whit.svg","contentUrl":"https:\/\/kgerad.de\/wp-content\/uploads\/2025\/07\/logo-Whit.svg","width":1640,"height":371,"caption":"MEINRADLADEN"},"image":{"@id":"https:\/\/kgerad.de\/#\/schema\/logo\/image\/"}}]}},"_links":{"self":[{"href":"https:\/\/kgerad.de\/en\/wp-json\/wp\/v2\/product\/38317","targetHints":{"allow":["GET"]}}],"collection":[{"href":"https:\/\/kgerad.de\/en\/wp-json\/wp\/v2\/product"}],"about":[{"href":"https:\/\/kgerad.de\/en\/wp-json\/wp\/v2\/types\/product"}],"replies":[{"embeddable":true,"href":"https:\/\/kgerad.de\/en\/wp-json\/wp\/v2\/comments?post=38317"}],"version-history":[{"count":1,"href":"https:\/\/kgerad.de\/en\/wp-json\/wp\/v2\/product\/38317\/revisions"}],"predecessor-version":[{"id":79302,"href":"https:\/\/kgerad.de\/en\/wp-json\/wp\/v2\/product\/38317\/revisions\/79302"}],"wp:featuredmedia":[{"embeddable":true,"href":"https:\/\/kgerad.de\/en\/wp-json\/wp\/v2\/media\/61159"}],"wp:attachment":[{"href":"https:\/\/kgerad.de\/en\/wp-json\/wp\/v2\/media?parent=38317"}],"wp:term":[{"taxonomy":"product_brand","embeddable":true,"href":"https:\/\/kgerad.de\/en\/wp-json\/wp\/v2\/product_brand?post=38317"},{"taxonomy":"product_cat","embeddable":true,"href":"https:\/\/kgerad.de\/en\/wp-json\/wp\/v2\/product_cat?post=38317"},{"taxonomy":"product_tag","embeddable":true,"href":"https:\/\/kgerad.de\/en\/wp-json\/wp\/v2\/product_tag?post=38317"}],"curies":[{"name":"wp","href":"https:\/\/api.w.org\/{rel}","templated":true}]}}