{"id":38219,"date":"2022-11-07T13:54:10","date_gmt":"2022-11-07T12:54:10","guid":{"rendered":"https:\/\/kgerad.de\/?post_type=product&#038;p=38219"},"modified":"2023-08-11T09:16:47","modified_gmt":"2023-08-11T07:16:47","slug":"focus-aventura%c2%b2-6-8-elektrofahrrad","status":"publish","type":"product","link":"https:\/\/kgerad.de\/en\/product\/focus-aventura%c2%b2-6-8-elektrofahrrad\/","title":{"rendered":"FOCUS AVENTURA\u00b2 6.8 ELEKTROFAHRRAD"},"content":{"rendered":"<h2 class=\"product--title\">FOCUS AVENTURA\u00b2 6.8<\/h2>\n<div class=\"product--rating-container\">\n<p>Das ELEKTROFAHRRAD FOCUS AVENTURA\u00b2 6.8 mit kraftvollem Bosch Performance CX Smart E-Antrieb bietet eine Spitzen-Reichweite von 750 Wh. Die Batterie sitzt formsch\u00f6n integriert im Unterrohr, l\u00e4sst sich aber zum Laden herausnehmen. Mit Gep\u00e4cktr\u00e4ger, Schutzblechen, St\u00e4nder und Licht steht dir die Welt offen, dank 100 mm Federgabel und Mountainbike-Reifen geht es auch weit \u00fcber die Stadtgrenzen hinaus.<\/p>\n<hr \/>\n<h3>Features &#8211; AVENTURA\u00b2 6.8<\/h3>\n<p><b>Auf alles vorbereitet<\/b><br \/>\nEgal ob deine Reise mehrere Tage dauert oder du einfach viel transportieren musst: Das AVENTURA\u00b2 <a href=\"http:\/\/focus.de\/aven\">ist<\/a> mit Gep\u00e4cktr\u00e4ger, Schutzblechen und Licht genauso bereit f\u00fcr Bikepacking-Trips wie f\u00fcr st\u00e4dtische Lastenfahrten.<\/p>\n<p><b>Formsch\u00f6n intergrierte Batterie<\/b><br \/>\nDie Batterie mit 750 Wh versteckt sich formsch\u00f6n integriert im Unterrohr, l\u00e4sst sich aber jederzeit herausnehmen.<\/p>\n<hr \/>\n<h3>Die AVENTURA\u00b2 Familie<\/h3>\n<p>Egal ob deine Reise mehrere Tage dauert oder du einfach viel transportieren musst: Das AVENTURA\u00b2 ist mit robustem Gep\u00e4cktr\u00e4ger (25 kg Zuladung), hochwertigen Alu-Schutzblechen, St\u00e4nder und hellen Scheinwerfern genauso bereit f\u00fcr Bikepacking-Trips wie f\u00fcr st\u00e4dtische Lastenfahrten. Der Gep\u00e4cktr\u00e4ger ist dabei so konstruiert, dass die Taschen keine Lacksch\u00e4den hinterlassen.<\/p>\n<hr \/>\n<h3>Technologien<\/h3>\n<p><strong>Cockpit Integration Solution C.I.S.<\/strong><br \/>\nC.I.S. steht f\u00fcr Cockpit Integration Solution und f\u00fchrt alle integrierten Z\u00fcge und Kabel im Cockpit deines Rennrads, Gravel- oder Mountainbikes zusammen. Wir haben verschiedene C.I.S. Vorbau- L\u00f6sungen entwickelt, die den Anspr\u00fcchen der jeweiligen Rad-Kategorie entsprechen, z.B. einen Aero-Vorbau f\u00fcr das IZALCO MAX oder einen super kurzen Vorbau f\u00fcr unsere Mountainbikes. Sie haben alle eins gemein: Sie f\u00fchren alle Kabel durch Vorbau und Steuersatz in den Rahmen und liefern perfekte Funktionalit\u00e4t sowohl f\u00fcr elektronische als auch mechanische Schaltungen. Damit bekommt dein Cockpit ein aufger\u00e4umtes Design und alle Kabel verlaufen gut gesch\u00fctzt innenliegend.<\/p>\n<p><b>INTERNAL CABLE ROUTING<\/b><br \/>\nDie Verlegung der Z\u00fcge und Hydraulikleitungen erfolgt gesch\u00fctzt innerhalb des Rahmens. Das sorgt f\u00fcr eine aufger\u00e4umte Optik und verl\u00e4ngert die Lebensdauer der Leitungen und gew\u00e4hrleistet so stets einwandfreies Schalten und Bremsen.<\/p>\n<h2>Ausstattung<\/h2>\n<div class=\"product--properties panel has--border\">\n<table class=\"product--properties-table\">\n<tbody>\n<tr class=\"product--properties-row row1\">\n<td class=\"product--properties-label is--bold\">Rahmen:<\/td>\n<td class=\"product--properties-value\">7005 hydroformed aluminum, 3D forging, 148&#215;12 mm thru axle, USB-C port, internal cable routing, post mount 180 mm<\/td>\n<\/tr>\n<tr class=\"product--properties-row row2\">\n<td class=\"product--properties-label is--bold\">Rahmenmaterial:<\/td>\n<td class=\"product--properties-value\">Aluminium<\/td>\n<\/tr>\n<tr class=\"product--properties-row row3\">\n<td class=\"product--properties-label is--bold\">Laufradgr\u00f6\u00dfe:<\/td>\n<td class=\"product--properties-value\">29&#8243;<\/td>\n<\/tr>\n<tr class=\"product--properties-row row4\">\n<td class=\"product--properties-label is--bold\">Farbe:<\/td>\n<td class=\"product--properties-value\">Gold Brown<\/td>\n<\/tr>\n<tr class=\"product--properties-row row5\">\n<td class=\"product--properties-label is--bold\">Gabel:<\/td>\n<td class=\"product--properties-value\">Rock Shox Recon Silver 29, 110&#215;15 mm<\/td>\n<\/tr>\n<tr class=\"product--properties-row row6\">\n<td class=\"product--properties-label is--bold\">Federweg:<\/td>\n<td class=\"product--properties-value\">100 mm<\/td>\n<\/tr>\n<tr class=\"product--properties-row row7\">\n<td class=\"product--properties-label is--bold\">Bremsen:<\/td>\n<td class=\"product--properties-value\">Shimano MT410, hydraulic disc brake, 180 mm \/ 180 mm<\/td>\n<\/tr>\n<tr class=\"product--properties-row row8\">\n<td class=\"product--properties-label is--bold\">Bremshebel:<\/td>\n<td class=\"product--properties-value\">Shimano MT410<\/td>\n<\/tr>\n<tr class=\"product--properties-row row9\">\n<td class=\"product--properties-label is--bold\">Vorbau:<\/td>\n<td class=\"product--properties-value\">FOCUS C.I.S. integrated, 60 mm, 30\u00b0, 35 mm, aluminium<\/td>\n<\/tr>\n<tr class=\"product--properties-row row10\">\n<td class=\"product--properties-label is--bold\">Lenker:<\/td>\n<td class=\"product--properties-value\">760 mm, flatbar, backsweep: 9\u00b0, 35,0 mm<\/td>\n<\/tr>\n<tr class=\"product--properties-row row11\">\n<td class=\"product--properties-label is--bold\">Griffe:<\/td>\n<td class=\"product--properties-value\">Herrmans Click<\/td>\n<\/tr>\n<tr class=\"product--properties-row row12\">\n<td class=\"product--properties-label is--bold\">Sattel:<\/td>\n<td class=\"product--properties-value\">Selle Royal Vivo<\/td>\n<\/tr>\n<tr class=\"product--properties-row row13\">\n<td class=\"product--properties-label is--bold\">Sattelst\u00fctze:<\/td>\n<td class=\"product--properties-value\">Aluminium, 31,6mm, 350 mm<\/td>\n<\/tr>\n<tr class=\"product--properties-row row14\">\n<td class=\"product--properties-label is--bold\">Kurbel:<\/td>\n<td class=\"product--properties-value\">FSA CK-320, aluminium, 170 mm, 36T<\/td>\n<\/tr>\n<tr class=\"product--properties-row row15\">\n<td class=\"product--properties-label is--bold\">Schaltwerk:<\/td>\n<td class=\"product--properties-value\">Shimano Deore RD-M5100<\/td>\n<\/tr>\n<\/tbody>\n<\/table>\n<table class=\"product--properties-table\">\n<tbody>\n<tr class=\"product--properties-row row16\">\n<td class=\"product--properties-label is--bold\">Schalthebel:<\/td>\n<td class=\"product--properties-value\">Shimano Deore M5100, 11-speed<\/td>\n<\/tr>\n<tr class=\"product--properties-row row17\">\n<td class=\"product--properties-label is--bold\">Kassette:<\/td>\n<td class=\"product--properties-value\">Shimano Deore CS-M5100, 11-speed, 11-51T<\/td>\n<\/tr>\n<tr class=\"product--properties-row row18\">\n<td class=\"product--properties-label is--bold\">Kette:<\/td>\n<td class=\"product--properties-value\">Shimano CN-HG601<\/td>\n<\/tr>\n<tr class=\"product--properties-row row19\">\n<td class=\"product--properties-label is--bold\">Reifen:<\/td>\n<td class=\"product--properties-value\">Schwalbe Smart Sam 57-622<\/td>\n<\/tr>\n<tr class=\"product--properties-row row20\">\n<td class=\"product--properties-label is--bold\">Nabe Vorderrad:<\/td>\n<td class=\"product--properties-value\">Shimano Alivio MT400, 15&#215;110 mm<\/td>\n<\/tr>\n<tr class=\"product--properties-row row21\">\n<td class=\"product--properties-label is--bold\">Nabe Hinterrad:<\/td>\n<td class=\"product--properties-value\">Shimano Alivio MT400, 12&#215;148 mm<\/td>\n<\/tr>\n<tr class=\"product--properties-row row22\">\n<td class=\"product--properties-label is--bold\">Speichen:<\/td>\n<td class=\"product--properties-value\">Zink, black<\/td>\n<\/tr>\n<tr class=\"product--properties-row row23\">\n<td class=\"product--properties-label is--bold\">Felgen:<\/td>\n<td class=\"product--properties-value\">RODI TRYP25, 25-622<\/td>\n<\/tr>\n<tr class=\"product--properties-row row24\">\n<td class=\"product--properties-label is--bold\">Display:<\/td>\n<td class=\"product--properties-value\">Bosch LED Remote + Kiox 300<\/td>\n<\/tr>\n<tr class=\"product--properties-row row25\">\n<td class=\"product--properties-label is--bold\">Akku:<\/td>\n<td class=\"product--properties-value\">Bosch Powertube, 750 Wh, removeable, lockable<\/td>\n<\/tr>\n<tr class=\"product--properties-row row26\">\n<td class=\"product--properties-label is--bold\">Motor:<\/td>\n<td class=\"product--properties-value\">Bosch Performance CX Smart, 85 Nm, 250 W<\/td>\n<\/tr>\n<tr class=\"product--properties-row row27\">\n<td class=\"product--properties-label is--bold\">Scheinwerfer:<\/td>\n<td class=\"product--properties-value\">Litemove SE110, 110 LUX<\/td>\n<\/tr>\n<tr class=\"product--properties-row row28\">\n<td class=\"product--properties-label is--bold\">R\u00fccklicht:<\/td>\n<td class=\"product--properties-value\">Herrmans H-Trace Mini<\/td>\n<\/tr>\n<tr class=\"product--properties-row row29\">\n<td class=\"product--properties-label is--bold\">Gep\u00e4cktr\u00e4ger:<\/td>\n<td class=\"product--properties-value\">Racktime Snap-It carrier, 2-leg, 25kg max. load<\/td>\n<\/tr>\n<tr class=\"product--properties-row row30\">\n<td class=\"product--properties-label is--bold\">Pedale:<\/td>\n<td class=\"product--properties-value\">MTB, with reflector<\/td>\n<\/tr>\n<tr class=\"product--properties-row row31\">\n<td class=\"product--properties-label is--bold\">Sonstiges:<\/td>\n<td class=\"product--properties-value\">Schutzblech, St\u00e4nder<\/td>\n<\/tr>\n<tr class=\"product--properties-row row32\">\n<td class=\"product--properties-label is--bold\">Zul\u00e4ssiges Gesamtgewicht:<\/td>\n<td class=\"product--properties-value\">150 kg (K\u00f6rpergewicht + Fahrrad + Ausr\u00fcstung)<\/td>\n<\/tr>\n<tr class=\"product--properties-row row33\">\n<td class=\"product--properties-label is--bold\">Gewicht Komplettrad:<\/td>\n<td class=\"product--properties-value\">26,40 kg<\/td>\n<\/tr>\n<\/tbody>\n<\/table>\n<\/div>\n<\/div>","protected":false},"excerpt":{"rendered":"<p>FOCUS AVENTURA\u00b2 6.8 Das ELEKTROFAHRRAD FOCUS AVENTURA\u00b2 6.8 mit kraftvollem Bosch Performance CX Smart E-Antrieb bietet eine Spitzen-Reichweite von 750<\/p>","protected":false},"featured_media":61130,"comment_status":"open","ping_status":"closed","template":"","meta":[],"product_brand":[],"product_cat":[33,247,35],"product_tag":[],"class_list":{"0":"post-38219","1":"product","2":"type-product","3":"status-publish","4":"has-post-thumbnail","6":"product_cat-e-bike","7":"product_cat-e-bike-trekking","8":"product_cat-e-bikes-2022","9":"pa_marke-cube","11":"first","12":"instock","13":"sale","14":"taxable","15":"shipping-taxable","16":"purchasable","17":"product-type-variable"},"yoast_head":"<!-- This site is optimized with the Yoast SEO Premium plugin v20.12 (Yoast SEO v27.1.1) - https:\/\/yoast.com\/product\/yoast-seo-premium-wordpress\/ -->\n<title>FOCUS AVENTURA\u00b2 6.8 ELEKTROFAHRRAD<\/title>\n<meta name=\"description\" content=\"Entdecken Sie unseren Online-Fahrradladen: Gro\u00dfe Auswahl an Modellen f\u00fcr alle Radsportbegeisterten. Von Rennr\u00e4dern bis zu Mountainbikes - finden Sie heute Ihren perfekten Wegbegleiter!\" \/>\n<meta name=\"robots\" content=\"index, follow, max-snippet:-1, max-image-preview:large, max-video-preview:-1\" \/>\n<link rel=\"canonical\" href=\"https:\/\/kgerad.de\/en\/product\/focus-aventura\u00b2-6-8-elektrofahrrad\/\" \/>\n<meta property=\"og:locale\" content=\"en_US\" \/>\n<meta property=\"og:type\" content=\"article\" \/>\n<meta property=\"og:title\" content=\"FOCUS AVENTURA\u00b2 6.8 ELEKTROFAHRRAD\" \/>\n<meta property=\"og:description\" content=\"Entdecken Sie unseren Online-Fahrradladen: Gro\u00dfe Auswahl an Modellen f\u00fcr alle Radsportbegeisterten. Von Rennr\u00e4dern bis zu Mountainbikes - finden Sie heute Ihren perfekten Wegbegleiter!\" \/>\n<meta property=\"og:url\" content=\"https:\/\/kgerad.de\/en\/product\/focus-aventura\u00b2-6-8-elektrofahrrad\/\" \/>\n<meta property=\"og:site_name\" content=\"kgerad.de\" \/>\n<meta property=\"article:modified_time\" content=\"2023-08-11T07:16:47+00:00\" \/>\n<meta property=\"og:image\" content=\"https:\/\/kgerad.de\/wp-content\/uploads\/2023\/06\/FO5080082v2022_2022_29_DI_GRY_090_PRO_AVENTURA2-6-8.jpg\" \/>\n\t<meta property=\"og:image:width\" content=\"1000\" \/>\n\t<meta property=\"og:image:height\" content=\"554\" \/>\n\t<meta property=\"og:image:type\" content=\"image\/jpeg\" \/>\n<meta name=\"twitter:card\" content=\"summary_large_image\" \/>\n<meta name=\"twitter:label1\" content=\"Est. reading time\" \/>\n\t<meta name=\"twitter:data1\" content=\"3 minutes\" \/>\n<script type=\"application\/ld+json\" class=\"yoast-schema-graph\">{\"@context\":\"https:\/\/schema.org\",\"@graph\":[{\"@type\":\"WebPage\",\"@id\":\"https:\/\/kgerad.de\/produkt\/focus-aventura%c2%b2-6-8-elektrofahrrad\/\",\"url\":\"https:\/\/kgerad.de\/produkt\/focus-aventura%c2%b2-6-8-elektrofahrrad\/\",\"name\":\"FOCUS AVENTURA\u00b2 6.8 ELEKTROFAHRRAD\",\"isPartOf\":{\"@id\":\"https:\/\/kgerad.de\/#website\"},\"primaryImageOfPage\":{\"@id\":\"https:\/\/kgerad.de\/produkt\/focus-aventura%c2%b2-6-8-elektrofahrrad\/#primaryimage\"},\"image\":{\"@id\":\"https:\/\/kgerad.de\/produkt\/focus-aventura%c2%b2-6-8-elektrofahrrad\/#primaryimage\"},\"thumbnailUrl\":\"https:\/\/kgerad.de\/wp-content\/uploads\/2023\/06\/FO5080082v2022_2022_29_DI_GRY_090_PRO_AVENTURA2-6-8.jpg\",\"datePublished\":\"2022-11-07T12:54:10+00:00\",\"dateModified\":\"2023-08-11T07:16:47+00:00\",\"description\":\"Entdecken Sie unseren Online-Fahrradladen: Gro\u00dfe Auswahl an Modellen f\u00fcr alle Radsportbegeisterten. Von Rennr\u00e4dern bis zu Mountainbikes - finden Sie heute Ihren perfekten Wegbegleiter!\",\"breadcrumb\":{\"@id\":\"https:\/\/kgerad.de\/produkt\/focus-aventura%c2%b2-6-8-elektrofahrrad\/#breadcrumb\"},\"inLanguage\":\"en-US\",\"potentialAction\":[{\"@type\":\"ReadAction\",\"target\":[\"https:\/\/kgerad.de\/produkt\/focus-aventura%c2%b2-6-8-elektrofahrrad\/\"]}]},{\"@type\":\"ImageObject\",\"inLanguage\":\"en-US\",\"@id\":\"https:\/\/kgerad.de\/produkt\/focus-aventura%c2%b2-6-8-elektrofahrrad\/#primaryimage\",\"url\":\"https:\/\/kgerad.de\/wp-content\/uploads\/2023\/06\/FO5080082v2022_2022_29_DI_GRY_090_PRO_AVENTURA2-6-8.jpg\",\"contentUrl\":\"https:\/\/kgerad.de\/wp-content\/uploads\/2023\/06\/FO5080082v2022_2022_29_DI_GRY_090_PRO_AVENTURA2-6-8.jpg\",\"width\":1000,\"height\":554,\"caption\":\"Focus AVENTURA\u00b2 6.8\"},{\"@type\":\"BreadcrumbList\",\"@id\":\"https:\/\/kgerad.de\/produkt\/focus-aventura%c2%b2-6-8-elektrofahrrad\/#breadcrumb\",\"itemListElement\":[{\"@type\":\"ListItem\",\"position\":1,\"name\":\"Startseite\",\"item\":\"https:\/\/kgerad.de\/\"},{\"@type\":\"ListItem\",\"position\":2,\"name\":\"LADEN\",\"item\":\"https:\/\/kgerad.de\/laden\/\"},{\"@type\":\"ListItem\",\"position\":3,\"name\":\"FOCUS AVENTURA\u00b2 6.8 ELEKTROFAHRRAD\"}]},{\"@type\":\"WebSite\",\"@id\":\"https:\/\/kgerad.de\/#website\",\"url\":\"https:\/\/kgerad.de\/\",\"name\":\"kgerad.de\",\"description\":\"Treten Sie mit uns ins Abenteuer!\",\"publisher\":{\"@id\":\"https:\/\/kgerad.de\/#organization\"},\"alternateName\":\"MEIN RADLADEN\",\"potentialAction\":[{\"@type\":\"SearchAction\",\"target\":{\"@type\":\"EntryPoint\",\"urlTemplate\":\"https:\/\/kgerad.de\/?s={search_term_string}\"},\"query-input\":{\"@type\":\"PropertyValueSpecification\",\"valueRequired\":true,\"valueName\":\"search_term_string\"}}],\"inLanguage\":\"en-US\"},{\"@type\":\"Organization\",\"@id\":\"https:\/\/kgerad.de\/#organization\",\"name\":\"MEINRADLADEN\",\"alternateName\":\"MEIN RADLADEN\",\"url\":\"https:\/\/kgerad.de\/\",\"logo\":{\"@type\":\"ImageObject\",\"inLanguage\":\"en-US\",\"@id\":\"https:\/\/kgerad.de\/#\/schema\/logo\/image\/\",\"url\":\"https:\/\/kgerad.de\/wp-content\/uploads\/2025\/07\/logo-Whit.svg\",\"contentUrl\":\"https:\/\/kgerad.de\/wp-content\/uploads\/2025\/07\/logo-Whit.svg\",\"width\":1640,\"height\":371,\"caption\":\"MEINRADLADEN\"},\"image\":{\"@id\":\"https:\/\/kgerad.de\/#\/schema\/logo\/image\/\"}}]}<\/script>\n<!-- \/ Yoast SEO Premium plugin. -->","yoast_head_json":{"title":"FOCUS AVENTURA\u00b2 6.8 ELEKTROFAHRRAD","description":"Entdecken Sie unseren Online-Fahrradladen: Gro\u00dfe Auswahl an Modellen f\u00fcr alle Radsportbegeisterten. Von Rennr\u00e4dern bis zu Mountainbikes - finden Sie heute Ihren perfekten Wegbegleiter!","robots":{"index":"index","follow":"follow","max-snippet":"max-snippet:-1","max-image-preview":"max-image-preview:large","max-video-preview":"max-video-preview:-1"},"canonical":"https:\/\/kgerad.de\/en\/product\/focus-aventura\u00b2-6-8-elektrofahrrad\/","og_locale":"en_US","og_type":"article","og_title":"FOCUS AVENTURA\u00b2 6.8 ELEKTROFAHRRAD","og_description":"Entdecken Sie unseren Online-Fahrradladen: Gro\u00dfe Auswahl an Modellen f\u00fcr alle Radsportbegeisterten. Von Rennr\u00e4dern bis zu Mountainbikes - finden Sie heute Ihren perfekten Wegbegleiter!","og_url":"https:\/\/kgerad.de\/en\/product\/focus-aventura\u00b2-6-8-elektrofahrrad\/","og_site_name":"kgerad.de","article_modified_time":"2023-08-11T07:16:47+00:00","og_image":[{"width":1000,"height":554,"url":"https:\/\/kgerad.de\/wp-content\/uploads\/2023\/06\/FO5080082v2022_2022_29_DI_GRY_090_PRO_AVENTURA2-6-8.jpg","type":"image\/jpeg"}],"twitter_card":"summary_large_image","twitter_misc":{"Est. reading time":"3 minutes"},"schema":{"@context":"https:\/\/schema.org","@graph":[{"@type":"WebPage","@id":"https:\/\/kgerad.de\/produkt\/focus-aventura%c2%b2-6-8-elektrofahrrad\/","url":"https:\/\/kgerad.de\/produkt\/focus-aventura%c2%b2-6-8-elektrofahrrad\/","name":"FOCUS AVENTURA\u00b2 6.8 ELEKTROFAHRRAD","isPartOf":{"@id":"https:\/\/kgerad.de\/#website"},"primaryImageOfPage":{"@id":"https:\/\/kgerad.de\/produkt\/focus-aventura%c2%b2-6-8-elektrofahrrad\/#primaryimage"},"image":{"@id":"https:\/\/kgerad.de\/produkt\/focus-aventura%c2%b2-6-8-elektrofahrrad\/#primaryimage"},"thumbnailUrl":"https:\/\/kgerad.de\/wp-content\/uploads\/2023\/06\/FO5080082v2022_2022_29_DI_GRY_090_PRO_AVENTURA2-6-8.jpg","datePublished":"2022-11-07T12:54:10+00:00","dateModified":"2023-08-11T07:16:47+00:00","description":"Entdecken Sie unseren Online-Fahrradladen: Gro\u00dfe Auswahl an Modellen f\u00fcr alle Radsportbegeisterten. Von Rennr\u00e4dern bis zu Mountainbikes - finden Sie heute Ihren perfekten Wegbegleiter!","breadcrumb":{"@id":"https:\/\/kgerad.de\/produkt\/focus-aventura%c2%b2-6-8-elektrofahrrad\/#breadcrumb"},"inLanguage":"en-US","potentialAction":[{"@type":"ReadAction","target":["https:\/\/kgerad.de\/produkt\/focus-aventura%c2%b2-6-8-elektrofahrrad\/"]}]},{"@type":"ImageObject","inLanguage":"en-US","@id":"https:\/\/kgerad.de\/produkt\/focus-aventura%c2%b2-6-8-elektrofahrrad\/#primaryimage","url":"https:\/\/kgerad.de\/wp-content\/uploads\/2023\/06\/FO5080082v2022_2022_29_DI_GRY_090_PRO_AVENTURA2-6-8.jpg","contentUrl":"https:\/\/kgerad.de\/wp-content\/uploads\/2023\/06\/FO5080082v2022_2022_29_DI_GRY_090_PRO_AVENTURA2-6-8.jpg","width":1000,"height":554,"caption":"Focus AVENTURA\u00b2 6.8"},{"@type":"BreadcrumbList","@id":"https:\/\/kgerad.de\/produkt\/focus-aventura%c2%b2-6-8-elektrofahrrad\/#breadcrumb","itemListElement":[{"@type":"ListItem","position":1,"name":"Startseite","item":"https:\/\/kgerad.de\/"},{"@type":"ListItem","position":2,"name":"LADEN","item":"https:\/\/kgerad.de\/laden\/"},{"@type":"ListItem","position":3,"name":"FOCUS AVENTURA\u00b2 6.8 ELEKTROFAHRRAD"}]},{"@type":"WebSite","@id":"https:\/\/kgerad.de\/#website","url":"https:\/\/kgerad.de\/","name":"kgerad.de","description":"Treten Sie mit uns ins Abenteuer!","publisher":{"@id":"https:\/\/kgerad.de\/#organization"},"alternateName":"MEIN RADLADEN","potentialAction":[{"@type":"SearchAction","target":{"@type":"EntryPoint","urlTemplate":"https:\/\/kgerad.de\/?s={search_term_string}"},"query-input":{"@type":"PropertyValueSpecification","valueRequired":true,"valueName":"search_term_string"}}],"inLanguage":"en-US"},{"@type":"Organization","@id":"https:\/\/kgerad.de\/#organization","name":"MEINRADLADEN","alternateName":"MEIN RADLADEN","url":"https:\/\/kgerad.de\/","logo":{"@type":"ImageObject","inLanguage":"en-US","@id":"https:\/\/kgerad.de\/#\/schema\/logo\/image\/","url":"https:\/\/kgerad.de\/wp-content\/uploads\/2025\/07\/logo-Whit.svg","contentUrl":"https:\/\/kgerad.de\/wp-content\/uploads\/2025\/07\/logo-Whit.svg","width":1640,"height":371,"caption":"MEINRADLADEN"},"image":{"@id":"https:\/\/kgerad.de\/#\/schema\/logo\/image\/"}}]}},"_links":{"self":[{"href":"https:\/\/kgerad.de\/en\/wp-json\/wp\/v2\/product\/38219","targetHints":{"allow":["GET"]}}],"collection":[{"href":"https:\/\/kgerad.de\/en\/wp-json\/wp\/v2\/product"}],"about":[{"href":"https:\/\/kgerad.de\/en\/wp-json\/wp\/v2\/types\/product"}],"replies":[{"embeddable":true,"href":"https:\/\/kgerad.de\/en\/wp-json\/wp\/v2\/comments?post=38219"}],"version-history":[{"count":1,"href":"https:\/\/kgerad.de\/en\/wp-json\/wp\/v2\/product\/38219\/revisions"}],"predecessor-version":[{"id":79211,"href":"https:\/\/kgerad.de\/en\/wp-json\/wp\/v2\/product\/38219\/revisions\/79211"}],"wp:featuredmedia":[{"embeddable":true,"href":"https:\/\/kgerad.de\/en\/wp-json\/wp\/v2\/media\/61130"}],"wp:attachment":[{"href":"https:\/\/kgerad.de\/en\/wp-json\/wp\/v2\/media?parent=38219"}],"wp:term":[{"taxonomy":"product_brand","embeddable":true,"href":"https:\/\/kgerad.de\/en\/wp-json\/wp\/v2\/product_brand?post=38219"},{"taxonomy":"product_cat","embeddable":true,"href":"https:\/\/kgerad.de\/en\/wp-json\/wp\/v2\/product_cat?post=38219"},{"taxonomy":"product_tag","embeddable":true,"href":"https:\/\/kgerad.de\/en\/wp-json\/wp\/v2\/product_tag?post=38219"}],"curies":[{"name":"wp","href":"https:\/\/api.w.org\/{rel}","templated":true}]}}