{"id":38196,"date":"2022-11-07T13:25:23","date_gmt":"2022-11-07T12:25:23","guid":{"rendered":"https:\/\/kgerad.de\/?post_type=product&#038;p=38196"},"modified":"2023-08-11T09:20:14","modified_gmt":"2023-08-11T07:20:14","slug":"fuji-jari-2-1-gravelbike","status":"publish","type":"product","link":"https:\/\/kgerad.de\/en\/product\/fuji-jari-2-1-gravelbike\/","title":{"rendered":"Fuji JARI 2.1 GravelBike"},"content":{"rendered":"<h2>Fuji JARI 2.1<\/h2>\n<p>Das Fuji Jari 2.1 ist ein Performance-orientiertes Fahrrad f\u00fcr den Gravel- und Adventure-Sektor und bietet einen enormem Nutzwert. Egal ob Gravel-Rennen, Touren oder Bikepacking, es gibt nichts, mit dem das Jari nicht fertig wird.<\/p>\n<p>Das Jari ist ein Cham\u00e4leon, das sich nahtlos in das verwandelt, was man braucht. Die lange, flache Geometrie sorgt f\u00fcr eine stabile und zuverl\u00e4ssige Fahrt, egal in welchem Gel\u00e4nde, so dass du den ganzen Tag \u00fcber bequem auf Schotter oder Asphalt fahren kannst. Denke daran, die Fahrt ist der beste Teil der Reise und das Jari ist dein perfekter Reisepartner.<\/p>\n<hr \/>\n<h3>Features &#8211; Jari 2.1<\/h3>\n<ul>\n<li>Hohes, schlankes Steuerrohr und Sitzrohrwinkel positionieren den Fahrer weiter hinten f\u00fcr mehr vertikale Flexibilit\u00e4t und erh\u00f6hte Stabilit\u00e4t bei h\u00f6heren Geschwindigkeiten<\/li>\n<li>Leicht federnde Sitzstreben, die die Traktion optimieren und die Erm\u00fcdung des Fahrers reduzieren<\/li>\n<li>Scheibenbremsen sorgen f\u00fcr erh\u00f6hte Bremskraft bei jeder Witterung<\/li>\n<li>Der Oval Concepts 325 Lenker ist speziell f\u00fcr Gravel- und Adventure-Bikes entwickelt worden und reduziert die Biegung des Handgelenks<\/li>\n<li>3 Wasserflaschenhalterungen<\/li>\n<li>Gep\u00e4cktr\u00e4ger- und Schutzblech\u00f6sen<\/li>\n<li>Befestigungsm\u00f6glichkeit f\u00fcr eine Verpflegungsbox am Oberrohr<\/li>\n<li>Schulterpolster an der Unterseite des Oberrohres erh\u00f6ht den Tragekomfort<\/li>\n<li>A6 SL-Legierung<\/li>\n<\/ul>\n<h2>Ausstattung<\/h2>\n<div class=\"product--properties panel has--border\">\n<table class=\"product--properties-table\">\n<tbody>\n<tr class=\"product--properties-row row1\">\n<td class=\"product--properties-label is--bold\">Rahmen:<\/td>\n<td class=\"product--properties-value\">A6-SL Super-Butted Aluminium, tapered head tube, BSA68mm BB<\/td>\n<\/tr>\n<tr class=\"product--properties-row row2\">\n<td class=\"product--properties-label is--bold\">Rahmenmaterial:<\/td>\n<td class=\"product--properties-value\">Aluminium<\/td>\n<\/tr>\n<tr class=\"product--properties-row row3\">\n<td class=\"product--properties-label is--bold\">Laufradgr\u00f6\u00dfe:<\/td>\n<td class=\"product--properties-value\">28&#8243;<\/td>\n<\/tr>\n<tr class=\"product--properties-row row4\">\n<td class=\"product--properties-label is--bold\">Farbe:<\/td>\n<td class=\"product--properties-value\">Matte Denim Blue<\/td>\n<\/tr>\n<tr class=\"product--properties-row row5\">\n<td class=\"product--properties-label is--bold\">Gabel:<\/td>\n<td class=\"product--properties-value\">C10 carbon monocoque, tapered carbon steerer, 12x100mm thru-axle<\/td>\n<\/tr>\n<tr class=\"product--properties-row row6\">\n<td class=\"product--properties-label is--bold\">Bremsen:<\/td>\n<td class=\"product--properties-value\">Tektro Lyra mechanical, 160mm rotors<\/td>\n<\/tr>\n<tr class=\"product--properties-row row7\">\n<td class=\"product--properties-label is--bold\">Bremshebel:<\/td>\n<td class=\"product--properties-value\">Shimano Tiagra<\/td>\n<\/tr>\n<tr class=\"product--properties-row row8\">\n<td class=\"product--properties-label is--bold\">Steuersatz:<\/td>\n<td class=\"product--properties-value\">FSA, 1 1\/8&#8243; upper &#8211; 1 1\/2&#8243; lower, integrated<\/td>\n<\/tr>\n<tr class=\"product--properties-row row9\">\n<td class=\"product--properties-label is--bold\">Vorbau:<\/td>\n<td class=\"product--properties-value\">Oval Concepts 313, 3D-forged 6061, +\/-6\u00b0<\/td>\n<\/tr>\n<tr class=\"product--properties-row row10\">\n<td class=\"product--properties-label is--bold\">Lenker:<\/td>\n<td class=\"product--properties-value\">Oval Concepts 325, 6061 alloy, 31.8mm clamp, 125mm drop, 25\u00b0 flare, 4\u00b0 sweep<\/td>\n<\/tr>\n<tr class=\"product--properties-row row11\">\n<td class=\"product--properties-label is--bold\">Griffe:<\/td>\n<td class=\"product--properties-value\">Selle Italia Gran Fondo<\/td>\n<\/tr>\n<tr class=\"product--properties-row row12\">\n<td class=\"product--properties-label is--bold\">Sattel:<\/td>\n<td class=\"product--properties-value\">Fuji Adventure<\/td>\n<\/tr>\n<tr class=\"product--properties-row row13\">\n<td class=\"product--properties-label is--bold\">Sattelst\u00fctze:<\/td>\n<td class=\"product--properties-value\">Fuji, alloy, 27.2mm<\/td>\n<\/tr>\n<tr class=\"product--properties-row row14\">\n<td class=\"product--properties-label is--bold\">Kurbel:<\/td>\n<td class=\"product--properties-value\">FSA Vero Pro, 46\/30T<\/td>\n<\/tr>\n<tr class=\"product--properties-row row15\">\n<td class=\"product--properties-label is--bold\">Tretlager\/Innenlager:<\/td>\n<td class=\"product--properties-value\">Sealed cartridge bearing<\/td>\n<\/tr>\n<\/tbody>\n<\/table>\n<table class=\"product--properties-table\">\n<tbody>\n<tr class=\"product--properties-row row16\">\n<td class=\"product--properties-label is--bold\">Schaltwerk:<\/td>\n<td class=\"product--properties-value\">Shimano Tiagra<\/td>\n<\/tr>\n<tr class=\"product--properties-row row17\">\n<td class=\"product--properties-label is--bold\">Schalthebel:<\/td>\n<td class=\"product--properties-value\">Shimano Tiagra STI, 2&#215;10-speed<\/td>\n<\/tr>\n<tr class=\"product--properties-row row18\">\n<td class=\"product--properties-label is--bold\">Umwerfer:<\/td>\n<td class=\"product--properties-value\">Shimano Tiagra<\/td>\n<\/tr>\n<tr class=\"product--properties-row row19\">\n<td class=\"product--properties-label is--bold\">Kassette:<\/td>\n<td class=\"product--properties-value\">Sunrace, 11-34T<\/td>\n<\/tr>\n<tr class=\"product--properties-row row20\">\n<td class=\"product--properties-label is--bold\">Kette:<\/td>\n<td class=\"product--properties-value\">KMC X10<\/td>\n<\/tr>\n<tr class=\"product--properties-row row21\">\n<td class=\"product--properties-label is--bold\">Reifen:<\/td>\n<td class=\"product--properties-value\">WTB Riddler, folding, 37-622<\/td>\n<\/tr>\n<tr class=\"product--properties-row row22\">\n<td class=\"product--properties-label is--bold\">Laufradsatz:<\/td>\n<td class=\"product--properties-value\">Formula RX-512\/ DC-22 32H hubs, 14\/ 15G spokes, WTB ST i23 TCS 2.0 rims<\/td>\n<\/tr>\n<tr class=\"product--properties-row row23\">\n<td class=\"product--properties-label is--bold\">Pedale:<\/td>\n<td class=\"product--properties-value\">nicht im Lieferumfang enthalten<\/td>\n<\/tr>\n<tr class=\"product--properties-row row24\">\n<td class=\"product--properties-label is--bold\">Gewicht Komplettrad:<\/td>\n<td class=\"product--properties-value\">10.73 kg<\/td>\n<\/tr>\n<\/tbody>\n<\/table>\n<\/div>","protected":false},"excerpt":{"rendered":"<p>EAN: 785749220109<br \/>\nModelljahr: 2022<\/p>","protected":false},"featured_media":61119,"comment_status":"open","ping_status":"closed","template":"","meta":[],"product_brand":[],"product_cat":[36,37],"product_tag":[],"class_list":{"0":"post-38196","1":"product","2":"type-product","3":"status-publish","4":"has-post-thumbnail","6":"product_cat-fahrrad","7":"product_cat-gravel-bikes","8":"pa_marke-fuji","10":"first","11":"instock","12":"sale","13":"taxable","14":"shipping-taxable","15":"purchasable","16":"product-type-variable"},"yoast_head":"<!-- This site is optimized with the Yoast SEO Premium plugin v20.12 (Yoast SEO v27.1.1) - https:\/\/yoast.com\/product\/yoast-seo-premium-wordpress\/ -->\n<title>Fuji JARI 2.1 GravelBike<\/title>\n<meta name=\"description\" content=\"Entdecken Sie unseren Online-Fahrradladen: Gro\u00dfe Auswahl an Modellen f\u00fcr alle Radsportbegeisterten. Von Rennr\u00e4dern bis zu Mountainbikes - finden Sie heute Ihren perfekten Wegbegleiter!\" \/>\n<meta name=\"robots\" content=\"index, follow, max-snippet:-1, max-image-preview:large, max-video-preview:-1\" \/>\n<link rel=\"canonical\" href=\"https:\/\/kgerad.de\/en\/product\/fuji-jari-2-1-gravelbike\/\" \/>\n<meta property=\"og:locale\" content=\"en_US\" \/>\n<meta property=\"og:type\" content=\"article\" \/>\n<meta property=\"og:title\" content=\"Fuji JARI 2.1 GravelBike\" \/>\n<meta property=\"og:description\" content=\"Entdecken Sie unseren Online-Fahrradladen: Gro\u00dfe Auswahl an Modellen f\u00fcr alle Radsportbegeisterten. Von Rennr\u00e4dern bis zu Mountainbikes - finden Sie heute Ihren perfekten Wegbegleiter!\" \/>\n<meta property=\"og:url\" content=\"https:\/\/kgerad.de\/en\/product\/fuji-jari-2-1-gravelbike\/\" \/>\n<meta property=\"og:site_name\" content=\"kgerad.de\" \/>\n<meta property=\"article:modified_time\" content=\"2023-08-11T07:20:14+00:00\" \/>\n<meta property=\"og:image\" content=\"https:\/\/kgerad.de\/wp-content\/uploads\/2023\/06\/Fuji-JARI-2.1.jpg\" \/>\n\t<meta property=\"og:image:width\" content=\"800\" \/>\n\t<meta property=\"og:image:height\" content=\"505\" \/>\n\t<meta property=\"og:image:type\" content=\"image\/jpeg\" \/>\n<meta name=\"twitter:card\" content=\"summary_large_image\" \/>\n<meta name=\"twitter:label1\" content=\"Est. reading time\" \/>\n\t<meta name=\"twitter:data1\" content=\"2 minutes\" \/>\n<script type=\"application\/ld+json\" class=\"yoast-schema-graph\">{\"@context\":\"https:\/\/schema.org\",\"@graph\":[{\"@type\":\"WebPage\",\"@id\":\"https:\/\/kgerad.de\/produkt\/fuji-jari-2-1-gravelbike\/\",\"url\":\"https:\/\/kgerad.de\/produkt\/fuji-jari-2-1-gravelbike\/\",\"name\":\"Fuji JARI 2.1 GravelBike\",\"isPartOf\":{\"@id\":\"https:\/\/kgerad.de\/#website\"},\"primaryImageOfPage\":{\"@id\":\"https:\/\/kgerad.de\/produkt\/fuji-jari-2-1-gravelbike\/#primaryimage\"},\"image\":{\"@id\":\"https:\/\/kgerad.de\/produkt\/fuji-jari-2-1-gravelbike\/#primaryimage\"},\"thumbnailUrl\":\"https:\/\/kgerad.de\/wp-content\/uploads\/2023\/06\/Fuji-JARI-2.1.jpg\",\"datePublished\":\"2022-11-07T12:25:23+00:00\",\"dateModified\":\"2023-08-11T07:20:14+00:00\",\"description\":\"Entdecken Sie unseren Online-Fahrradladen: Gro\u00dfe Auswahl an Modellen f\u00fcr alle Radsportbegeisterten. Von Rennr\u00e4dern bis zu Mountainbikes - finden Sie heute Ihren perfekten Wegbegleiter!\",\"breadcrumb\":{\"@id\":\"https:\/\/kgerad.de\/produkt\/fuji-jari-2-1-gravelbike\/#breadcrumb\"},\"inLanguage\":\"en-US\",\"potentialAction\":[{\"@type\":\"ReadAction\",\"target\":[\"https:\/\/kgerad.de\/produkt\/fuji-jari-2-1-gravelbike\/\"]}]},{\"@type\":\"ImageObject\",\"inLanguage\":\"en-US\",\"@id\":\"https:\/\/kgerad.de\/produkt\/fuji-jari-2-1-gravelbike\/#primaryimage\",\"url\":\"https:\/\/kgerad.de\/wp-content\/uploads\/2023\/06\/Fuji-JARI-2.1.jpg\",\"contentUrl\":\"https:\/\/kgerad.de\/wp-content\/uploads\/2023\/06\/Fuji-JARI-2.1.jpg\",\"width\":800,\"height\":505,\"caption\":\"Fuji JARI 2.1\"},{\"@type\":\"BreadcrumbList\",\"@id\":\"https:\/\/kgerad.de\/produkt\/fuji-jari-2-1-gravelbike\/#breadcrumb\",\"itemListElement\":[{\"@type\":\"ListItem\",\"position\":1,\"name\":\"Startseite\",\"item\":\"https:\/\/kgerad.de\/\"},{\"@type\":\"ListItem\",\"position\":2,\"name\":\"LADEN\",\"item\":\"https:\/\/kgerad.de\/laden\/\"},{\"@type\":\"ListItem\",\"position\":3,\"name\":\"Fuji JARI 2.1 GravelBike\"}]},{\"@type\":\"WebSite\",\"@id\":\"https:\/\/kgerad.de\/#website\",\"url\":\"https:\/\/kgerad.de\/\",\"name\":\"kgerad.de\",\"description\":\"Treten Sie mit uns ins Abenteuer!\",\"publisher\":{\"@id\":\"https:\/\/kgerad.de\/#organization\"},\"alternateName\":\"MEIN RADLADEN\",\"potentialAction\":[{\"@type\":\"SearchAction\",\"target\":{\"@type\":\"EntryPoint\",\"urlTemplate\":\"https:\/\/kgerad.de\/?s={search_term_string}\"},\"query-input\":{\"@type\":\"PropertyValueSpecification\",\"valueRequired\":true,\"valueName\":\"search_term_string\"}}],\"inLanguage\":\"en-US\"},{\"@type\":\"Organization\",\"@id\":\"https:\/\/kgerad.de\/#organization\",\"name\":\"MEINRADLADEN\",\"alternateName\":\"MEIN RADLADEN\",\"url\":\"https:\/\/kgerad.de\/\",\"logo\":{\"@type\":\"ImageObject\",\"inLanguage\":\"en-US\",\"@id\":\"https:\/\/kgerad.de\/#\/schema\/logo\/image\/\",\"url\":\"https:\/\/kgerad.de\/wp-content\/uploads\/2025\/07\/logo-Whit.svg\",\"contentUrl\":\"https:\/\/kgerad.de\/wp-content\/uploads\/2025\/07\/logo-Whit.svg\",\"width\":1640,\"height\":371,\"caption\":\"MEINRADLADEN\"},\"image\":{\"@id\":\"https:\/\/kgerad.de\/#\/schema\/logo\/image\/\"}}]}<\/script>\n<!-- \/ Yoast SEO Premium plugin. -->","yoast_head_json":{"title":"Fuji JARI 2.1 GravelBike","description":"Entdecken Sie unseren Online-Fahrradladen: Gro\u00dfe Auswahl an Modellen f\u00fcr alle Radsportbegeisterten. Von Rennr\u00e4dern bis zu Mountainbikes - finden Sie heute Ihren perfekten Wegbegleiter!","robots":{"index":"index","follow":"follow","max-snippet":"max-snippet:-1","max-image-preview":"max-image-preview:large","max-video-preview":"max-video-preview:-1"},"canonical":"https:\/\/kgerad.de\/en\/product\/fuji-jari-2-1-gravelbike\/","og_locale":"en_US","og_type":"article","og_title":"Fuji JARI 2.1 GravelBike","og_description":"Entdecken Sie unseren Online-Fahrradladen: Gro\u00dfe Auswahl an Modellen f\u00fcr alle Radsportbegeisterten. Von Rennr\u00e4dern bis zu Mountainbikes - finden Sie heute Ihren perfekten Wegbegleiter!","og_url":"https:\/\/kgerad.de\/en\/product\/fuji-jari-2-1-gravelbike\/","og_site_name":"kgerad.de","article_modified_time":"2023-08-11T07:20:14+00:00","og_image":[{"width":800,"height":505,"url":"https:\/\/kgerad.de\/wp-content\/uploads\/2023\/06\/Fuji-JARI-2.1.jpg","type":"image\/jpeg"}],"twitter_card":"summary_large_image","twitter_misc":{"Est. reading time":"2 minutes"},"schema":{"@context":"https:\/\/schema.org","@graph":[{"@type":"WebPage","@id":"https:\/\/kgerad.de\/produkt\/fuji-jari-2-1-gravelbike\/","url":"https:\/\/kgerad.de\/produkt\/fuji-jari-2-1-gravelbike\/","name":"Fuji JARI 2.1 GravelBike","isPartOf":{"@id":"https:\/\/kgerad.de\/#website"},"primaryImageOfPage":{"@id":"https:\/\/kgerad.de\/produkt\/fuji-jari-2-1-gravelbike\/#primaryimage"},"image":{"@id":"https:\/\/kgerad.de\/produkt\/fuji-jari-2-1-gravelbike\/#primaryimage"},"thumbnailUrl":"https:\/\/kgerad.de\/wp-content\/uploads\/2023\/06\/Fuji-JARI-2.1.jpg","datePublished":"2022-11-07T12:25:23+00:00","dateModified":"2023-08-11T07:20:14+00:00","description":"Entdecken Sie unseren Online-Fahrradladen: Gro\u00dfe Auswahl an Modellen f\u00fcr alle Radsportbegeisterten. Von Rennr\u00e4dern bis zu Mountainbikes - finden Sie heute Ihren perfekten Wegbegleiter!","breadcrumb":{"@id":"https:\/\/kgerad.de\/produkt\/fuji-jari-2-1-gravelbike\/#breadcrumb"},"inLanguage":"en-US","potentialAction":[{"@type":"ReadAction","target":["https:\/\/kgerad.de\/produkt\/fuji-jari-2-1-gravelbike\/"]}]},{"@type":"ImageObject","inLanguage":"en-US","@id":"https:\/\/kgerad.de\/produkt\/fuji-jari-2-1-gravelbike\/#primaryimage","url":"https:\/\/kgerad.de\/wp-content\/uploads\/2023\/06\/Fuji-JARI-2.1.jpg","contentUrl":"https:\/\/kgerad.de\/wp-content\/uploads\/2023\/06\/Fuji-JARI-2.1.jpg","width":800,"height":505,"caption":"Fuji JARI 2.1"},{"@type":"BreadcrumbList","@id":"https:\/\/kgerad.de\/produkt\/fuji-jari-2-1-gravelbike\/#breadcrumb","itemListElement":[{"@type":"ListItem","position":1,"name":"Startseite","item":"https:\/\/kgerad.de\/"},{"@type":"ListItem","position":2,"name":"LADEN","item":"https:\/\/kgerad.de\/laden\/"},{"@type":"ListItem","position":3,"name":"Fuji JARI 2.1 GravelBike"}]},{"@type":"WebSite","@id":"https:\/\/kgerad.de\/#website","url":"https:\/\/kgerad.de\/","name":"kgerad.de","description":"Treten Sie mit uns ins Abenteuer!","publisher":{"@id":"https:\/\/kgerad.de\/#organization"},"alternateName":"MEIN RADLADEN","potentialAction":[{"@type":"SearchAction","target":{"@type":"EntryPoint","urlTemplate":"https:\/\/kgerad.de\/?s={search_term_string}"},"query-input":{"@type":"PropertyValueSpecification","valueRequired":true,"valueName":"search_term_string"}}],"inLanguage":"en-US"},{"@type":"Organization","@id":"https:\/\/kgerad.de\/#organization","name":"MEINRADLADEN","alternateName":"MEIN RADLADEN","url":"https:\/\/kgerad.de\/","logo":{"@type":"ImageObject","inLanguage":"en-US","@id":"https:\/\/kgerad.de\/#\/schema\/logo\/image\/","url":"https:\/\/kgerad.de\/wp-content\/uploads\/2025\/07\/logo-Whit.svg","contentUrl":"https:\/\/kgerad.de\/wp-content\/uploads\/2025\/07\/logo-Whit.svg","width":1640,"height":371,"caption":"MEINRADLADEN"},"image":{"@id":"https:\/\/kgerad.de\/#\/schema\/logo\/image\/"}}]}},"_links":{"self":[{"href":"https:\/\/kgerad.de\/en\/wp-json\/wp\/v2\/product\/38196","targetHints":{"allow":["GET"]}}],"collection":[{"href":"https:\/\/kgerad.de\/en\/wp-json\/wp\/v2\/product"}],"about":[{"href":"https:\/\/kgerad.de\/en\/wp-json\/wp\/v2\/types\/product"}],"replies":[{"embeddable":true,"href":"https:\/\/kgerad.de\/en\/wp-json\/wp\/v2\/comments?post=38196"}],"version-history":[{"count":2,"href":"https:\/\/kgerad.de\/en\/wp-json\/wp\/v2\/product\/38196\/revisions"}],"predecessor-version":[{"id":79227,"href":"https:\/\/kgerad.de\/en\/wp-json\/wp\/v2\/product\/38196\/revisions\/79227"}],"wp:featuredmedia":[{"embeddable":true,"href":"https:\/\/kgerad.de\/en\/wp-json\/wp\/v2\/media\/61119"}],"wp:attachment":[{"href":"https:\/\/kgerad.de\/en\/wp-json\/wp\/v2\/media?parent=38196"}],"wp:term":[{"taxonomy":"product_brand","embeddable":true,"href":"https:\/\/kgerad.de\/en\/wp-json\/wp\/v2\/product_brand?post=38196"},{"taxonomy":"product_cat","embeddable":true,"href":"https:\/\/kgerad.de\/en\/wp-json\/wp\/v2\/product_cat?post=38196"},{"taxonomy":"product_tag","embeddable":true,"href":"https:\/\/kgerad.de\/en\/wp-json\/wp\/v2\/product_tag?post=38196"}],"curies":[{"name":"wp","href":"https:\/\/api.w.org\/{rel}","templated":true}]}}