{"id":38143,"date":"2022-11-07T12:26:27","date_gmt":"2022-11-07T11:26:27","guid":{"rendered":"https:\/\/kgerad.de\/?post_type=product&#038;p=38143"},"modified":"2023-08-11T09:24:52","modified_gmt":"2023-08-11T07:24:52","slug":"ruff-cycles-lilbuddy-bosch-active-line-300wh-gelb","status":"publish","type":"product","link":"https:\/\/kgerad.de\/en\/product\/ruff-cycles-lilbuddy-bosch-active-line-300wh-gelb\/","title":{"rendered":"Ruff Cycles Lil&#8217;Buddy Bosch Active Line 300Wh gelb"},"content":{"rendered":"<h2>Ruff Cycles Lil&#8217;Buddy Bosch Active Line 300Wh gelb<\/h2>\n<p class=\"cyc-typo--italic cyc-typo_body-2\">Aufgrund von Engp\u00e4ssen und Verz\u00f6gerungen in den weltweiten Lieferketten kann es vorkommen, dass der Hersteller vereinzelt Komponenten der Originalspezifikationen durch mindestens gleichwertige oder sogar h\u00f6herwertige Bauteile ersetzt hat. Das gelieferte Fahrrad kann in Einzelf\u00e4llen von den Abbildungen abweichen.<\/p>\n<div class=\"cyc-margin_bottom-4\">\n<div id=\"short-productdescription\" class=\"description\">\n<p><b>Ruff Cycles bringt die 70er Jahre elektrifiziert mit einem Bosch-Antrieb zur\u00fcck<\/b><br \/>\nJetzt wird&#8217;s wild! Das Ruff Cycles Lil&#8217;Buddy Bosch Active ist ihre Hommage an die verr\u00fcckten Fahrr\u00e4der und Minibikes der 70er Jahre, die wegen ihres extremen Spa\u00dffaktors sehr beliebt waren. Kommen Sie diesem Bike nahe, es ist Ihr <a href=\"http:\/\/ruffcycles.de\">bester<\/a> Freund, Homie und Bro &#8211; alles in einem!<\/p>\n<p>Es verurteilt Sie nicht, egal ob Sie es ins Gel\u00e4nde, in die Stadt oder zu einem Date mitnehmen.<\/p>\n<p>F\u00fcr die Entwicklung dieses Bikes haben sie sich mit keinem geringeren als Aaron Bethlenfalvy zusammengetan. Aaron entwirft seit 1994 Fahrr\u00e4der und war der ehemalige Global Vice President of Design f\u00fcr Marken wie GT, Cannondale, Schwinn, Nirve, Felt und Mongoose.<\/p>\n<p>Wo auch immer Sie hingehen, der Lil&#8217;Buddy wird an Ihrer Seite bleiben und daf\u00fcr sorgen, dass Sie Ihre Fahrt nie vergessen werden.<\/p>\n<h2 class=\"cyc-typo_display-2 pdp__headline\">Ausstattung<\/h2>\n<div class=\"equipment-container js-productSpecifications active\">\n<div class=\"pdp_featurelist\">\n<div class=\"pdp_featureitem\">\n<div class=\"pdp_featurelist_group cyc-typo_body-2\"><strong>Einsatzzweck<\/strong><\/div>\n<div class=\"pdp_featurelist_value cyc-typo_body cyc-color-text_secondary\">Allt\u00e4gliches Fahren, Lifestyle \/ Singlespeed<\/div>\n<\/div>\n<div class=\"pdp_featureitem\">\n<div class=\"pdp_featurelist_group cyc-typo_body-2\">Geschlecht<\/div>\n<div class=\"pdp_featurelist_value cyc-typo_body cyc-color-text_secondary\"><strong>Herren, Damen<\/strong><\/div>\n<\/div>\n<div class=\"pdp_featureitem\">\n<div class=\"pdp_featurelist_group cyc-typo_body-2\">Hauptinformationen<\/div>\n<div class=\"pdp_featurelist_feature cyc-typo_body\">Typ: E-Bike 25km\/h<\/div>\n<div class=\"pdp_featurelist_feature cyc-typo_body\">Laufradgr\u00f6\u00dfe: 20 Zoll<\/div>\n<div class=\"pdp_featurelist_feature cyc-typo_body\">Anzahl G\u00e4nge gesamt: 7<\/div>\n<div class=\"pdp_featurelist_feature cyc-typo_body\">StVZO: ohne StVZO Zulassung<\/div>\n<div class=\"pdp_featurelist_value cyc-typo_body cyc-color-text_secondary\"><\/div>\n<\/div>\n<div class=\"pdp_featureitem\">\n<div class=\"pdp_featurelist_group cyc-typo_body-2\"><strong>Ma\u00df<\/strong><\/div>\n<div class=\"pdp_featurelist_feature cyc-typo_body\">Gewicht (ca.): 25 kg<\/div>\n<div class=\"pdp_featurelist_feature cyc-typo_body\">zul\u00e4ssiges Gesamtgewicht: 130 kg<\/div>\n<div><\/div>\n<\/div>\n<div class=\"pdp_featureitem\">\n<div class=\"pdp_featurelist_group cyc-typo_body-2\"><strong>Lieferumfang<\/strong><\/div>\n<div class=\"pdp_featurelist_feature cyc-typo_body\">inklusive Pedale: ja<\/div>\n<\/div>\n<div class=\"pdp_featureitem\">\n<div id=\"productionYear\" class=\"modal\"><\/div>\n<div class=\"pdp_featurelist_group cyc-typo_body-2\"><strong>Rahmen<\/strong><\/div>\n<div class=\"pdp_featurelist_feature cyc-typo_body\">D\u00e4mpfer Marke: ohne D\u00e4mpfer<\/div>\n<div class=\"pdp_featurelist_feature cyc-typo_body\">Bauart: Spezialrahmen<\/div>\n<div class=\"pdp_featurelist_feature cyc-typo_body\">Material Typ: Stahl<\/div>\n<div class=\"pdp_featurelist_feature cyc-typo_body\">weitere Merkmale: RN Frameworks Stahl mit Pulverbeschichtung<\/div>\n<div class=\"pdp_featurelist_value cyc-typo_body cyc-color-text_secondary\"><\/div>\n<\/div>\n<div class=\"pdp_featureitem\">\n<div class=\"pdp_featurelist_group cyc-typo_body-2\"><strong>Motor<\/strong><\/div>\n<div class=\"pdp_featurelist_feature cyc-typo_body\">Marke: Bosch<\/div>\n<div class=\"pdp_featurelist_feature cyc-typo_body\">Modell: Active<\/div>\n<div class=\"pdp_featurelist_feature cyc-typo_body\">Typ: Mittelmotor<\/div>\n<div class=\"pdp_featurelist_feature cyc-typo_body\">Leistung: 250 Watt<\/div>\n<\/div>\n<div class=\"pdp_featureitem\">\n<div class=\"pdp_featurelist_group cyc-typo_body-2\"><strong>Batterie<\/strong><\/div>\n<div class=\"pdp_featurelist_feature cyc-typo_body\">Modell: Bosch Power Pack<\/div>\n<div class=\"pdp_featurelist_feature cyc-typo_body\">Typ: Lithium-Ionen<\/div>\n<div class=\"pdp_featurelist_feature cyc-typo_body\">Akkukapazit\u00e4t: 300 Wh<\/div>\n<div class=\"pdp_featurelist_feature cyc-typo_body\">Ladezeit (in h): 1.5-2.5<\/div>\n<div class=\"pdp_featurelist_feature cyc-typo_body\">Akku-Montage: Gep\u00e4cktr\u00e4ger-Akku<\/div>\n<\/div>\n<\/div>\n<\/div>\n<\/div>\n<\/div>","protected":false},"excerpt":{"rendered":"<p>Ruff Cycles Lil&#8217;Buddy Bosch Active Line 300Wh gelb Aufgrund von Engp\u00e4ssen und Verz\u00f6gerungen in den weltweiten Lieferketten kann es vorkommen,<\/p>","protected":false},"featured_media":61091,"comment_status":"open","ping_status":"closed","template":"","meta":[],"product_brand":[],"product_cat":[33,34,35],"product_tag":[],"class_list":{"0":"post-38143","1":"product","2":"type-product","3":"status-publish","4":"has-post-thumbnail","6":"product_cat-e-bike","7":"product_cat-e-bike-city-urban","8":"product_cat-e-bikes-2022","9":"pa_marke-ruff-cycles","11":"first","12":"instock","13":"sale","14":"taxable","15":"shipping-taxable","16":"purchasable","17":"product-type-variable"},"yoast_head":"<!-- This site is optimized with the Yoast SEO Premium plugin v20.12 (Yoast SEO v27.1.1) - https:\/\/yoast.com\/product\/yoast-seo-premium-wordpress\/ -->\n<title>Ruff Cycles Lil&#039;Buddy Bosch Active Line 300Wh gelb<\/title>\n<meta name=\"description\" content=\"Entdecken Sie unseren Online-Fahrradladen: Gro\u00dfe Auswahl an Modellen f\u00fcr alle Radsportbegeisterten. Von Rennr\u00e4dern bis zu Mountainbikes - finden Sie heute Ihren perfekten Wegbegleiter!\" \/>\n<meta name=\"robots\" content=\"index, follow, max-snippet:-1, max-image-preview:large, max-video-preview:-1\" \/>\n<link rel=\"canonical\" href=\"https:\/\/kgerad.de\/en\/product\/ruff-cycles-lilbuddy-bosch-active-line-300wh-gelb\/\" \/>\n<meta property=\"og:locale\" content=\"en_US\" \/>\n<meta property=\"og:type\" content=\"article\" \/>\n<meta property=\"og:title\" content=\"Ruff Cycles Lil&#039;Buddy Bosch Active Line 300Wh gelb\" \/>\n<meta property=\"og:description\" content=\"Entdecken Sie unseren Online-Fahrradladen: Gro\u00dfe Auswahl an Modellen f\u00fcr alle Radsportbegeisterten. Von Rennr\u00e4dern bis zu Mountainbikes - finden Sie heute Ihren perfekten Wegbegleiter!\" \/>\n<meta property=\"og:url\" content=\"https:\/\/kgerad.de\/en\/product\/ruff-cycles-lilbuddy-bosch-active-line-300wh-gelb\/\" \/>\n<meta property=\"og:site_name\" content=\"kgerad.de\" \/>\n<meta property=\"article:modified_time\" content=\"2023-08-11T07:24:52+00:00\" \/>\n<meta property=\"og:image\" content=\"https:\/\/kgerad.de\/wp-content\/uploads\/2023\/06\/ruff-cycles-lilbuddy-bosch-active-line-300wh-yellow-8.jpg\" \/>\n\t<meta property=\"og:image:width\" content=\"2400\" \/>\n\t<meta property=\"og:image:height\" content=\"2400\" \/>\n\t<meta property=\"og:image:type\" content=\"image\/jpeg\" \/>\n<meta name=\"twitter:card\" content=\"summary_large_image\" \/>\n<meta name=\"twitter:label1\" content=\"Est. reading time\" \/>\n\t<meta name=\"twitter:data1\" content=\"2 minutes\" \/>\n<script type=\"application\/ld+json\" class=\"yoast-schema-graph\">{\"@context\":\"https:\/\/schema.org\",\"@graph\":[{\"@type\":\"WebPage\",\"@id\":\"https:\/\/kgerad.de\/produkt\/ruff-cycles-lilbuddy-bosch-active-line-300wh-gelb\/\",\"url\":\"https:\/\/kgerad.de\/produkt\/ruff-cycles-lilbuddy-bosch-active-line-300wh-gelb\/\",\"name\":\"Ruff Cycles Lil'Buddy Bosch Active Line 300Wh gelb\",\"isPartOf\":{\"@id\":\"https:\/\/kgerad.de\/#website\"},\"primaryImageOfPage\":{\"@id\":\"https:\/\/kgerad.de\/produkt\/ruff-cycles-lilbuddy-bosch-active-line-300wh-gelb\/#primaryimage\"},\"image\":{\"@id\":\"https:\/\/kgerad.de\/produkt\/ruff-cycles-lilbuddy-bosch-active-line-300wh-gelb\/#primaryimage\"},\"thumbnailUrl\":\"https:\/\/kgerad.de\/wp-content\/uploads\/2023\/06\/ruff-cycles-lilbuddy-bosch-active-line-300wh-yellow-8.jpg\",\"datePublished\":\"2022-11-07T11:26:27+00:00\",\"dateModified\":\"2023-08-11T07:24:52+00:00\",\"description\":\"Entdecken Sie unseren Online-Fahrradladen: Gro\u00dfe Auswahl an Modellen f\u00fcr alle Radsportbegeisterten. Von Rennr\u00e4dern bis zu Mountainbikes - finden Sie heute Ihren perfekten Wegbegleiter!\",\"breadcrumb\":{\"@id\":\"https:\/\/kgerad.de\/produkt\/ruff-cycles-lilbuddy-bosch-active-line-300wh-gelb\/#breadcrumb\"},\"inLanguage\":\"en-US\",\"potentialAction\":[{\"@type\":\"ReadAction\",\"target\":[\"https:\/\/kgerad.de\/produkt\/ruff-cycles-lilbuddy-bosch-active-line-300wh-gelb\/\"]}]},{\"@type\":\"ImageObject\",\"inLanguage\":\"en-US\",\"@id\":\"https:\/\/kgerad.de\/produkt\/ruff-cycles-lilbuddy-bosch-active-line-300wh-gelb\/#primaryimage\",\"url\":\"https:\/\/kgerad.de\/wp-content\/uploads\/2023\/06\/ruff-cycles-lilbuddy-bosch-active-line-300wh-yellow-8.jpg\",\"contentUrl\":\"https:\/\/kgerad.de\/wp-content\/uploads\/2023\/06\/ruff-cycles-lilbuddy-bosch-active-line-300wh-yellow-8.jpg\",\"width\":2400,\"height\":2400,\"caption\":\"Ruff Cycles Lil'Buddy Bosch Active Line 300Wh gelb\"},{\"@type\":\"BreadcrumbList\",\"@id\":\"https:\/\/kgerad.de\/produkt\/ruff-cycles-lilbuddy-bosch-active-line-300wh-gelb\/#breadcrumb\",\"itemListElement\":[{\"@type\":\"ListItem\",\"position\":1,\"name\":\"Startseite\",\"item\":\"https:\/\/kgerad.de\/\"},{\"@type\":\"ListItem\",\"position\":2,\"name\":\"LADEN\",\"item\":\"https:\/\/kgerad.de\/laden\/\"},{\"@type\":\"ListItem\",\"position\":3,\"name\":\"Ruff Cycles Lil&#8217;Buddy Bosch Active Line 300Wh gelb\"}]},{\"@type\":\"WebSite\",\"@id\":\"https:\/\/kgerad.de\/#website\",\"url\":\"https:\/\/kgerad.de\/\",\"name\":\"kgerad.de\",\"description\":\"Treten Sie mit uns ins Abenteuer!\",\"publisher\":{\"@id\":\"https:\/\/kgerad.de\/#organization\"},\"alternateName\":\"MEIN RADLADEN\",\"potentialAction\":[{\"@type\":\"SearchAction\",\"target\":{\"@type\":\"EntryPoint\",\"urlTemplate\":\"https:\/\/kgerad.de\/?s={search_term_string}\"},\"query-input\":{\"@type\":\"PropertyValueSpecification\",\"valueRequired\":true,\"valueName\":\"search_term_string\"}}],\"inLanguage\":\"en-US\"},{\"@type\":\"Organization\",\"@id\":\"https:\/\/kgerad.de\/#organization\",\"name\":\"MEINRADLADEN\",\"alternateName\":\"MEIN RADLADEN\",\"url\":\"https:\/\/kgerad.de\/\",\"logo\":{\"@type\":\"ImageObject\",\"inLanguage\":\"en-US\",\"@id\":\"https:\/\/kgerad.de\/#\/schema\/logo\/image\/\",\"url\":\"https:\/\/kgerad.de\/wp-content\/uploads\/2025\/07\/logo-Whit.svg\",\"contentUrl\":\"https:\/\/kgerad.de\/wp-content\/uploads\/2025\/07\/logo-Whit.svg\",\"width\":1640,\"height\":371,\"caption\":\"MEINRADLADEN\"},\"image\":{\"@id\":\"https:\/\/kgerad.de\/#\/schema\/logo\/image\/\"}}]}<\/script>\n<!-- \/ Yoast SEO Premium plugin. -->","yoast_head_json":{"title":"Ruff Cycles Lil'Buddy Bosch Active Line 300Wh gelb","description":"Entdecken Sie unseren Online-Fahrradladen: Gro\u00dfe Auswahl an Modellen f\u00fcr alle Radsportbegeisterten. Von Rennr\u00e4dern bis zu Mountainbikes - finden Sie heute Ihren perfekten Wegbegleiter!","robots":{"index":"index","follow":"follow","max-snippet":"max-snippet:-1","max-image-preview":"max-image-preview:large","max-video-preview":"max-video-preview:-1"},"canonical":"https:\/\/kgerad.de\/en\/product\/ruff-cycles-lilbuddy-bosch-active-line-300wh-gelb\/","og_locale":"en_US","og_type":"article","og_title":"Ruff Cycles Lil'Buddy Bosch Active Line 300Wh gelb","og_description":"Entdecken Sie unseren Online-Fahrradladen: Gro\u00dfe Auswahl an Modellen f\u00fcr alle Radsportbegeisterten. Von Rennr\u00e4dern bis zu Mountainbikes - finden Sie heute Ihren perfekten Wegbegleiter!","og_url":"https:\/\/kgerad.de\/en\/product\/ruff-cycles-lilbuddy-bosch-active-line-300wh-gelb\/","og_site_name":"kgerad.de","article_modified_time":"2023-08-11T07:24:52+00:00","og_image":[{"width":2400,"height":2400,"url":"https:\/\/kgerad.de\/wp-content\/uploads\/2023\/06\/ruff-cycles-lilbuddy-bosch-active-line-300wh-yellow-8.jpg","type":"image\/jpeg"}],"twitter_card":"summary_large_image","twitter_misc":{"Est. reading time":"2 minutes"},"schema":{"@context":"https:\/\/schema.org","@graph":[{"@type":"WebPage","@id":"https:\/\/kgerad.de\/produkt\/ruff-cycles-lilbuddy-bosch-active-line-300wh-gelb\/","url":"https:\/\/kgerad.de\/produkt\/ruff-cycles-lilbuddy-bosch-active-line-300wh-gelb\/","name":"Ruff Cycles Lil'Buddy Bosch Active Line 300Wh gelb","isPartOf":{"@id":"https:\/\/kgerad.de\/#website"},"primaryImageOfPage":{"@id":"https:\/\/kgerad.de\/produkt\/ruff-cycles-lilbuddy-bosch-active-line-300wh-gelb\/#primaryimage"},"image":{"@id":"https:\/\/kgerad.de\/produkt\/ruff-cycles-lilbuddy-bosch-active-line-300wh-gelb\/#primaryimage"},"thumbnailUrl":"https:\/\/kgerad.de\/wp-content\/uploads\/2023\/06\/ruff-cycles-lilbuddy-bosch-active-line-300wh-yellow-8.jpg","datePublished":"2022-11-07T11:26:27+00:00","dateModified":"2023-08-11T07:24:52+00:00","description":"Entdecken Sie unseren Online-Fahrradladen: Gro\u00dfe Auswahl an Modellen f\u00fcr alle Radsportbegeisterten. Von Rennr\u00e4dern bis zu Mountainbikes - finden Sie heute Ihren perfekten Wegbegleiter!","breadcrumb":{"@id":"https:\/\/kgerad.de\/produkt\/ruff-cycles-lilbuddy-bosch-active-line-300wh-gelb\/#breadcrumb"},"inLanguage":"en-US","potentialAction":[{"@type":"ReadAction","target":["https:\/\/kgerad.de\/produkt\/ruff-cycles-lilbuddy-bosch-active-line-300wh-gelb\/"]}]},{"@type":"ImageObject","inLanguage":"en-US","@id":"https:\/\/kgerad.de\/produkt\/ruff-cycles-lilbuddy-bosch-active-line-300wh-gelb\/#primaryimage","url":"https:\/\/kgerad.de\/wp-content\/uploads\/2023\/06\/ruff-cycles-lilbuddy-bosch-active-line-300wh-yellow-8.jpg","contentUrl":"https:\/\/kgerad.de\/wp-content\/uploads\/2023\/06\/ruff-cycles-lilbuddy-bosch-active-line-300wh-yellow-8.jpg","width":2400,"height":2400,"caption":"Ruff Cycles Lil'Buddy Bosch Active Line 300Wh gelb"},{"@type":"BreadcrumbList","@id":"https:\/\/kgerad.de\/produkt\/ruff-cycles-lilbuddy-bosch-active-line-300wh-gelb\/#breadcrumb","itemListElement":[{"@type":"ListItem","position":1,"name":"Startseite","item":"https:\/\/kgerad.de\/"},{"@type":"ListItem","position":2,"name":"LADEN","item":"https:\/\/kgerad.de\/laden\/"},{"@type":"ListItem","position":3,"name":"Ruff Cycles Lil&#8217;Buddy Bosch Active Line 300Wh gelb"}]},{"@type":"WebSite","@id":"https:\/\/kgerad.de\/#website","url":"https:\/\/kgerad.de\/","name":"kgerad.de","description":"Treten Sie mit uns ins Abenteuer!","publisher":{"@id":"https:\/\/kgerad.de\/#organization"},"alternateName":"MEIN RADLADEN","potentialAction":[{"@type":"SearchAction","target":{"@type":"EntryPoint","urlTemplate":"https:\/\/kgerad.de\/?s={search_term_string}"},"query-input":{"@type":"PropertyValueSpecification","valueRequired":true,"valueName":"search_term_string"}}],"inLanguage":"en-US"},{"@type":"Organization","@id":"https:\/\/kgerad.de\/#organization","name":"MEINRADLADEN","alternateName":"MEIN RADLADEN","url":"https:\/\/kgerad.de\/","logo":{"@type":"ImageObject","inLanguage":"en-US","@id":"https:\/\/kgerad.de\/#\/schema\/logo\/image\/","url":"https:\/\/kgerad.de\/wp-content\/uploads\/2025\/07\/logo-Whit.svg","contentUrl":"https:\/\/kgerad.de\/wp-content\/uploads\/2025\/07\/logo-Whit.svg","width":1640,"height":371,"caption":"MEINRADLADEN"},"image":{"@id":"https:\/\/kgerad.de\/#\/schema\/logo\/image\/"}}]}},"_links":{"self":[{"href":"https:\/\/kgerad.de\/en\/wp-json\/wp\/v2\/product\/38143","targetHints":{"allow":["GET"]}}],"collection":[{"href":"https:\/\/kgerad.de\/en\/wp-json\/wp\/v2\/product"}],"about":[{"href":"https:\/\/kgerad.de\/en\/wp-json\/wp\/v2\/types\/product"}],"replies":[{"embeddable":true,"href":"https:\/\/kgerad.de\/en\/wp-json\/wp\/v2\/comments?post=38143"}],"version-history":[{"count":2,"href":"https:\/\/kgerad.de\/en\/wp-json\/wp\/v2\/product\/38143\/revisions"}],"predecessor-version":[{"id":79243,"href":"https:\/\/kgerad.de\/en\/wp-json\/wp\/v2\/product\/38143\/revisions\/79243"}],"wp:featuredmedia":[{"embeddable":true,"href":"https:\/\/kgerad.de\/en\/wp-json\/wp\/v2\/media\/61091"}],"wp:attachment":[{"href":"https:\/\/kgerad.de\/en\/wp-json\/wp\/v2\/media?parent=38143"}],"wp:term":[{"taxonomy":"product_brand","embeddable":true,"href":"https:\/\/kgerad.de\/en\/wp-json\/wp\/v2\/product_brand?post=38143"},{"taxonomy":"product_cat","embeddable":true,"href":"https:\/\/kgerad.de\/en\/wp-json\/wp\/v2\/product_cat?post=38143"},{"taxonomy":"product_tag","embeddable":true,"href":"https:\/\/kgerad.de\/en\/wp-json\/wp\/v2\/product_tag?post=38143"}],"curies":[{"name":"wp","href":"https:\/\/api.w.org\/{rel}","templated":true}]}}