{"id":14339,"date":"2022-08-26T23:37:49","date_gmt":"2022-08-26T21:37:49","guid":{"rendered":"https:\/\/kgerad.de\/?post_type=product&#038;p=14339"},"modified":"2023-08-10T20:32:55","modified_gmt":"2023-08-10T18:32:55","slug":"bmx-race-chase-element-20-bmx-race-sand-2022","status":"publish","type":"product","link":"https:\/\/kgerad.de\/en\/product\/bmx-race-chase-element-20-bmx-race-sand-2022\/","title":{"rendered":"BMX RACE CHASE ELEMENT 20&#8220; BMX RACE SAND 2022"},"content":{"rendered":"<div id=\"product-header-order-name\" class=\"col-lg-20 col-md-20 col-sm-20 col-xs-20\">\n<h2>BMX RACE CHASE ELEMENT 20&#8220; BMX RACE SAND 2022<\/h2>\n<p>Das\u00a0<strong>Chase Element<\/strong>\u00a0war schon immer ein Synonym f\u00fcr echtes Wettkampf-BMX. Es greift die siegreiche Geometrie der RSP-Rahmen auf, die das CHASE-Team seit Jahren verwendet, und ist mit einem 7005-Aluminiumrahmen mit hydrogeformten Rohren ausgestattet, in die das geschlossene hintere Ausfallsystem integriert ist, das es erm\u00f6glicht, die Baugruppe f\u00fcr Scheibenbremsen sowie eine Presse zu versteifen Tretlager montieren. Immer noch ausgestattet mit einer ANSWER-Carbongabel, einem 31,8-mm-Cockpit, hydraulischen Scheibenbremsen, TIOGA FastR X-Reifen, SUN RINGL\u00c9-Felgen und ELEVN-, EXCESS- und INSIGHT-Komponenten ist das CHASE Element 2022 das ultimative Komplettrad f\u00fcr BMX-Wettk\u00e4mpfe von heute.<\/p>\n<div class=\"prodsheet_specs1 col col-sm-10 col-md-10 col-lg-10\">\n<h4>EINZELHEITEN:<\/h4>\n<table class=\"table table-striped\">\n<tbody>\n<tr>\n<td>Rahmen<\/td>\n<td>CHASE\u00a0 Pro XL 21&#8243; Oberrohr, dreifach konifiziertes hydrogeformtes 7005 T6 Aluminium, integriertes Steuerrohr, geschlossene hintere Ausfallenden und Kettenspannersystem<\/td>\n<\/tr>\n<tr>\n<td>Gabel<\/td>\n<td>ANSWER Dagger Carbon Pro, 10-mm-Achsausfallenden, 1-1\/8&#8243;-Lenkrohr aus Aluminium, obere Kappe aus Aluminium<\/td>\n<\/tr>\n<tr>\n<td>Headset<\/td>\n<td>CHASE Integriertes abgedichtetes Lager<\/td>\n<\/tr>\n<tr>\n<td>Lenker<\/td>\n<td>CHASE Element 31,8 mm Cr-Mo, 8&#8243; Rise, 28,5&#8243; Breite, 10\u00b0 Back Sweep, 2\u00b0 Up Sweep<\/td>\n<\/tr>\n<tr>\n<td>Griffe<\/td>\n<td>INSIGHT COGS 145 mm Lock-on<\/td>\n<\/tr>\n<tr>\n<td>Stengel<\/td>\n<td>CHASE Element 31,8 mm, 53 mm, 6061 T6 CNC-Legierung<\/td>\n<\/tr>\n<tr>\n<td>Tretlager<\/td>\n<td>68\/73-mm-Patronenlager mit Presspassung<\/td>\n<\/tr>\n<tr>\n<td>Kettenblatt<\/td>\n<td>EINBLICK 44 Z\u00e4hne 4 Schrauben BCD 104 mm<\/td>\n<\/tr>\n<tr>\n<td>Kurbelgarnitur<\/td>\n<td>EXCESS LSP 2-teilige Kurbel 180 mm Alu-Arm, 4-Schrauben-Spider, Cr-Mo-Pedaleins\u00e4tze, Alu-Kettenblattschrauben<\/td>\n<\/tr>\n<tr>\n<td>Pedale<\/td>\n<td>Nylonplattform 9\/16&#8243;-Achse<\/td>\n<\/tr>\n<tr>\n<td>Kette<\/td>\n<td>KMC Z1 schmal 1\/2&#8243;x3\/32&#8243;<\/td>\n<\/tr>\n<tr>\n<td>Kettenrad<\/td>\n<td>16 Zahn<\/td>\n<\/tr>\n<tr>\n<td>Vorderradnabe<\/td>\n<td>CHASE Element, 10 mm Achse, 36H, abgedichtetes Lager<\/td>\n<\/tr>\n<tr>\n<td>Hinterradnabe<\/td>\n<td>CHASE Element ISO-Nabe, 10-mm-Achse, 36H, abgedichtetes Lager, Stahlkassettenk\u00f6rper mit 3 Sperrklinken bei dreifachem Winkeleingriff f\u00fcr 24-Zahn-Ratschen<\/td>\n<\/tr>\n<tr>\n<td>Speichen<\/td>\n<td>14G<\/td>\n<\/tr>\n<tr>\n<td>Speichenkopf<\/td>\n<td>Messing 14Gx5\/8&#8243;<\/td>\n<\/tr>\n<tr>\n<td>Felgen<\/td>\n<td>SUN RINGL\u00c9 Envy Front 36H 20&#215;1.75&#8243;, ohne Bremsfl\u00e4che, Schrader-Ventil<\/td>\n<\/tr>\n<tr>\n<td>Reifen<\/td>\n<td>TIOGA FastR X 20&#215;1,75&#8243;<\/td>\n<\/tr>\n<tr>\n<td>Innenrohr<\/td>\n<td>20&#215;1,50\/1,75&#8243; Schrader-Ventil<\/td>\n<\/tr>\n<tr>\n<td>Bremsen<\/td>\n<td>Hydraulisch, 120-mm-Scheibenrotor, Shimano B01S-kompatible Harzbel\u00e4ge, Lock Disc-Adapter<\/td>\n<\/tr>\n<tr>\n<td>Sattel<\/td>\n<td>ELEVN PC Pivotal<\/td>\n<\/tr>\n<tr>\n<td>Sattelst\u00fctze<\/td>\n<td>CHASE Aero Pivotal 27,2 x 260 mm Legierung<\/td>\n<\/tr>\n<tr>\n<td>Sattelklemme<\/td>\n<td>CHASE Aero 27,2 mm QR-Legierung<\/td>\n<\/tr>\n<tr>\n<td>Gewicht<\/td>\n<td>9,45 kg<\/td>\n<\/tr>\n<\/tbody>\n<\/table>\n<\/div>\n<div class=\"prodsheet_specs2 col col-sm-10 col-md-10 col-lg-10\">\n<h4>GEOMETRIEN:<\/h4>\n<p><img decoding=\"async\" src=\"http:\/\/media1.alltricks.fr\/ckfinder\/images\/geometries-BMX-kid_EN.jpg\" \/><\/p>\n<table class=\"table table-striped\">\n<tbody>\n<tr>\n<td>Rahmengr\u00f6\u00dfe<\/td>\n<td>Experte<\/td>\n<td>Profi<\/td>\n<td>Pro-XL<\/td>\n<td>Pro XXL<\/td>\n<td>Pro XXXL<\/td>\n<td>Pro Cruiser<\/td>\n<td>Pro+ Kreuzer<\/td>\n<\/tr>\n<tr>\n<td>Radgr\u00f6\u00dfe (Zoll)<\/td>\n<td>20<\/td>\n<td>20<\/td>\n<td>20<\/td>\n<td>20<\/td>\n<td>20<\/td>\n<td>24<\/td>\n<td>24<\/td>\n<\/tr>\n<tr>\n<td>Oberrohr (mm)<\/td>\n<td>508<\/td>\n<td>520.7<\/td>\n<td>533.4<\/td>\n<td>546.1<\/td>\n<td>558,8<\/td>\n<td>546.1<\/td>\n<td>558,8<\/td>\n<\/tr>\n<tr>\n<td>Steuerrohr (mm)<\/td>\n<td>120<\/td>\n<td>120<\/td>\n<td>120<\/td>\n<td>120<\/td>\n<td>120<\/td>\n<td>120<\/td>\n<td>120<\/td>\n<\/tr>\n<tr>\n<td>Basisl\u00e4nge (mm)<\/td>\n<td>342.9<\/td>\n<td>362<\/td>\n<td>363.3<\/td>\n<td>368.3<\/td>\n<td>368.3<\/td>\n<td>387.3<\/td>\n<td>387.3<\/td>\n<\/tr>\n<tr>\n<td>Lenkwinkel (\u00b0)<\/td>\n<td>73<\/td>\n<td>74<\/td>\n<td>74<\/td>\n<td>74<\/td>\n<td>74<\/td>\n<td>73<\/td>\n<td>73<\/td>\n<\/tr>\n<tr>\n<td>Sitzrohrwinkel (\u00b0)<\/td>\n<td>70<\/td>\n<td>72.5<\/td>\n<td>72.5<\/td>\n<td>72.5<\/td>\n<td>72.5<\/td>\n<td>69.5<\/td>\n<td>69.5<\/td>\n<\/tr>\n<tr>\n<td>Tretlagerh\u00f6he (mm)<\/td>\n<td>279.4<\/td>\n<td>292.1<\/td>\n<td>292.1<\/td>\n<td>292.1<\/td>\n<td>292.1<\/td>\n<td>304.8<\/td>\n<td>304.8<\/td>\n<\/tr>\n<\/tbody>\n<\/table>\n<\/div>\n<\/div>\n<div id=\"product-header-order-form\" class=\"js-reload-on-event col-lg-20 col-md-20 col-sm-20 col-xs-20\" data-to-watch=\"body\" data-event=\"alltricks:cartChanged\" data-url=\"\/ajax\/product\/ajouter\/F-41502-velos-complets-bmx-race\/P-2129568-bmx_race_chase_element_pro__cruiser_24___schieferblau_2022\"><\/div>","protected":false},"excerpt":{"rendered":"<div class=\"col-lg-14 col-md-14 col-sm-14 col-xs-20\">\n<h2 class=\"heading-line\">PRODUKTDETAILS<\/h2>\n<\/div>\n<div id=\"product-specifications-table\" class=\"col-lg-20 col-md-20 col-sm-20 col-xs-20\">\n<table class=\"table table-striped\">\n<tbody>\n<tr>\n<td class=\"spec-name\">Geschlecht<\/td>\n<td class=\"spec-value\">Nicht enth\u00fcllt<\/td>\n<\/tr>\n<tr>\n<td class=\"spec-name\">Sammlung<\/td>\n<td class=\"spec-value\">2022<\/td>\n<\/tr>\n<\/tbody>\n<\/table>\n<\/div>","protected":false},"featured_media":61042,"comment_status":"open","ping_status":"closed","template":"","meta":[],"product_brand":[],"product_cat":[231,129],"product_tag":[],"class_list":{"0":"post-14339","1":"product","2":"type-product","3":"status-publish","4":"has-post-thumbnail","6":"product_cat-bmx","7":"product_cat-rennrad","8":"pa_marke-chase","10":"first","11":"instock","12":"sale","13":"taxable","14":"shipping-taxable","15":"purchasable","16":"product-type-variable"},"yoast_head":"<!-- This site is optimized with the Yoast SEO Premium plugin v20.12 (Yoast SEO v27.1.1) - https:\/\/yoast.com\/product\/yoast-seo-premium-wordpress\/ -->\n<title>BMX RACE CHASE ELEMENT 20&#039;&#039; BMX RACE SAND 2022<\/title>\n<meta name=\"description\" content=\"Entdecken Sie unseren Online-Fahrradladen: Gro\u00dfe Auswahl an Modellen f\u00fcr alle Radsportbegeisterten. Von Rennr\u00e4dern bis zu Mountainbikes - finden Sie heute Ihren perfekten Wegbegleiter!\" \/>\n<meta name=\"robots\" content=\"index, follow, max-snippet:-1, max-image-preview:large, max-video-preview:-1\" \/>\n<link rel=\"canonical\" href=\"https:\/\/kgerad.de\/en\/product\/bmx-race-chase-element-20-bmx-race-sand-2022\/\" \/>\n<meta property=\"og:locale\" content=\"en_US\" \/>\n<meta property=\"og:type\" content=\"article\" \/>\n<meta property=\"og:title\" content=\"BMX RACE CHASE ELEMENT 20&#039;&#039; BMX RACE SAND 2022\" \/>\n<meta property=\"og:description\" content=\"Entdecken Sie unseren Online-Fahrradladen: Gro\u00dfe Auswahl an Modellen f\u00fcr alle Radsportbegeisterten. Von Rennr\u00e4dern bis zu Mountainbikes - finden Sie heute Ihren perfekten Wegbegleiter!\" \/>\n<meta property=\"og:url\" content=\"https:\/\/kgerad.de\/en\/product\/bmx-race-chase-element-20-bmx-race-sand-2022\/\" \/>\n<meta property=\"og:site_name\" content=\"kgerad.de\" \/>\n<meta property=\"article:modified_time\" content=\"2023-08-10T18:32:55+00:00\" \/>\n<meta property=\"og:image\" content=\"https:\/\/kgerad.de\/wp-content\/uploads\/2023\/06\/CHASE-ELEMENT-PRO-XL-20-BMX-RACE-SAND-2022.jpg\" \/>\n\t<meta property=\"og:image:width\" content=\"600\" \/>\n\t<meta property=\"og:image:height\" content=\"407\" \/>\n\t<meta property=\"og:image:type\" content=\"image\/jpeg\" \/>\n<meta name=\"twitter:card\" content=\"summary_large_image\" \/>\n<meta name=\"twitter:label1\" content=\"Est. reading time\" \/>\n\t<meta name=\"twitter:data1\" content=\"3 minutes\" \/>\n<script type=\"application\/ld+json\" class=\"yoast-schema-graph\">{\"@context\":\"https:\/\/schema.org\",\"@graph\":[{\"@type\":\"WebPage\",\"@id\":\"https:\/\/kgerad.de\/produkt\/bmx-race-chase-element-20-bmx-race-sand-2022\/\",\"url\":\"https:\/\/kgerad.de\/produkt\/bmx-race-chase-element-20-bmx-race-sand-2022\/\",\"name\":\"BMX RACE CHASE ELEMENT 20'' BMX RACE SAND 2022\",\"isPartOf\":{\"@id\":\"https:\/\/kgerad.de\/#website\"},\"primaryImageOfPage\":{\"@id\":\"https:\/\/kgerad.de\/produkt\/bmx-race-chase-element-20-bmx-race-sand-2022\/#primaryimage\"},\"image\":{\"@id\":\"https:\/\/kgerad.de\/produkt\/bmx-race-chase-element-20-bmx-race-sand-2022\/#primaryimage\"},\"thumbnailUrl\":\"https:\/\/kgerad.de\/wp-content\/uploads\/2023\/06\/CHASE-ELEMENT-PRO-XL-20-BMX-RACE-SAND-2022.jpg\",\"datePublished\":\"2022-08-26T21:37:49+00:00\",\"dateModified\":\"2023-08-10T18:32:55+00:00\",\"description\":\"Entdecken Sie unseren Online-Fahrradladen: Gro\u00dfe Auswahl an Modellen f\u00fcr alle Radsportbegeisterten. Von Rennr\u00e4dern bis zu Mountainbikes - finden Sie heute Ihren perfekten Wegbegleiter!\",\"breadcrumb\":{\"@id\":\"https:\/\/kgerad.de\/produkt\/bmx-race-chase-element-20-bmx-race-sand-2022\/#breadcrumb\"},\"inLanguage\":\"en-US\",\"potentialAction\":[{\"@type\":\"ReadAction\",\"target\":[\"https:\/\/kgerad.de\/produkt\/bmx-race-chase-element-20-bmx-race-sand-2022\/\"]}]},{\"@type\":\"ImageObject\",\"inLanguage\":\"en-US\",\"@id\":\"https:\/\/kgerad.de\/produkt\/bmx-race-chase-element-20-bmx-race-sand-2022\/#primaryimage\",\"url\":\"https:\/\/kgerad.de\/wp-content\/uploads\/2023\/06\/CHASE-ELEMENT-PRO-XL-20-BMX-RACE-SAND-2022.jpg\",\"contentUrl\":\"https:\/\/kgerad.de\/wp-content\/uploads\/2023\/06\/CHASE-ELEMENT-PRO-XL-20-BMX-RACE-SAND-2022.jpg\",\"width\":600,\"height\":407,\"caption\":\"CHASE ELEMENT PRO XL 20'' BMX RACE SAND 2022\"},{\"@type\":\"BreadcrumbList\",\"@id\":\"https:\/\/kgerad.de\/produkt\/bmx-race-chase-element-20-bmx-race-sand-2022\/#breadcrumb\",\"itemListElement\":[{\"@type\":\"ListItem\",\"position\":1,\"name\":\"Startseite\",\"item\":\"https:\/\/kgerad.de\/\"},{\"@type\":\"ListItem\",\"position\":2,\"name\":\"LADEN\",\"item\":\"https:\/\/kgerad.de\/laden\/\"},{\"@type\":\"ListItem\",\"position\":3,\"name\":\"BMX RACE CHASE ELEMENT 20&#8221; BMX RACE SAND 2022\"}]},{\"@type\":\"WebSite\",\"@id\":\"https:\/\/kgerad.de\/#website\",\"url\":\"https:\/\/kgerad.de\/\",\"name\":\"kgerad.de\",\"description\":\"Treten Sie mit uns ins Abenteuer!\",\"publisher\":{\"@id\":\"https:\/\/kgerad.de\/#organization\"},\"alternateName\":\"MEIN RADLADEN\",\"potentialAction\":[{\"@type\":\"SearchAction\",\"target\":{\"@type\":\"EntryPoint\",\"urlTemplate\":\"https:\/\/kgerad.de\/?s={search_term_string}\"},\"query-input\":{\"@type\":\"PropertyValueSpecification\",\"valueRequired\":true,\"valueName\":\"search_term_string\"}}],\"inLanguage\":\"en-US\"},{\"@type\":\"Organization\",\"@id\":\"https:\/\/kgerad.de\/#organization\",\"name\":\"MEINRADLADEN\",\"alternateName\":\"MEIN RADLADEN\",\"url\":\"https:\/\/kgerad.de\/\",\"logo\":{\"@type\":\"ImageObject\",\"inLanguage\":\"en-US\",\"@id\":\"https:\/\/kgerad.de\/#\/schema\/logo\/image\/\",\"url\":\"https:\/\/kgerad.de\/wp-content\/uploads\/2025\/07\/logo-Whit.svg\",\"contentUrl\":\"https:\/\/kgerad.de\/wp-content\/uploads\/2025\/07\/logo-Whit.svg\",\"width\":1640,\"height\":371,\"caption\":\"MEINRADLADEN\"},\"image\":{\"@id\":\"https:\/\/kgerad.de\/#\/schema\/logo\/image\/\"}}]}<\/script>\n<!-- \/ Yoast SEO Premium plugin. -->","yoast_head_json":{"title":"BMX RACE CHASE ELEMENT 20'' BMX RACE SAND 2022","description":"Entdecken Sie unseren Online-Fahrradladen: Gro\u00dfe Auswahl an Modellen f\u00fcr alle Radsportbegeisterten. Von Rennr\u00e4dern bis zu Mountainbikes - finden Sie heute Ihren perfekten Wegbegleiter!","robots":{"index":"index","follow":"follow","max-snippet":"max-snippet:-1","max-image-preview":"max-image-preview:large","max-video-preview":"max-video-preview:-1"},"canonical":"https:\/\/kgerad.de\/en\/product\/bmx-race-chase-element-20-bmx-race-sand-2022\/","og_locale":"en_US","og_type":"article","og_title":"BMX RACE CHASE ELEMENT 20'' BMX RACE SAND 2022","og_description":"Entdecken Sie unseren Online-Fahrradladen: Gro\u00dfe Auswahl an Modellen f\u00fcr alle Radsportbegeisterten. Von Rennr\u00e4dern bis zu Mountainbikes - finden Sie heute Ihren perfekten Wegbegleiter!","og_url":"https:\/\/kgerad.de\/en\/product\/bmx-race-chase-element-20-bmx-race-sand-2022\/","og_site_name":"kgerad.de","article_modified_time":"2023-08-10T18:32:55+00:00","og_image":[{"width":600,"height":407,"url":"https:\/\/kgerad.de\/wp-content\/uploads\/2023\/06\/CHASE-ELEMENT-PRO-XL-20-BMX-RACE-SAND-2022.jpg","type":"image\/jpeg"}],"twitter_card":"summary_large_image","twitter_misc":{"Est. reading time":"3 minutes"},"schema":{"@context":"https:\/\/schema.org","@graph":[{"@type":"WebPage","@id":"https:\/\/kgerad.de\/produkt\/bmx-race-chase-element-20-bmx-race-sand-2022\/","url":"https:\/\/kgerad.de\/produkt\/bmx-race-chase-element-20-bmx-race-sand-2022\/","name":"BMX RACE CHASE ELEMENT 20'' BMX RACE SAND 2022","isPartOf":{"@id":"https:\/\/kgerad.de\/#website"},"primaryImageOfPage":{"@id":"https:\/\/kgerad.de\/produkt\/bmx-race-chase-element-20-bmx-race-sand-2022\/#primaryimage"},"image":{"@id":"https:\/\/kgerad.de\/produkt\/bmx-race-chase-element-20-bmx-race-sand-2022\/#primaryimage"},"thumbnailUrl":"https:\/\/kgerad.de\/wp-content\/uploads\/2023\/06\/CHASE-ELEMENT-PRO-XL-20-BMX-RACE-SAND-2022.jpg","datePublished":"2022-08-26T21:37:49+00:00","dateModified":"2023-08-10T18:32:55+00:00","description":"Entdecken Sie unseren Online-Fahrradladen: Gro\u00dfe Auswahl an Modellen f\u00fcr alle Radsportbegeisterten. Von Rennr\u00e4dern bis zu Mountainbikes - finden Sie heute Ihren perfekten Wegbegleiter!","breadcrumb":{"@id":"https:\/\/kgerad.de\/produkt\/bmx-race-chase-element-20-bmx-race-sand-2022\/#breadcrumb"},"inLanguage":"en-US","potentialAction":[{"@type":"ReadAction","target":["https:\/\/kgerad.de\/produkt\/bmx-race-chase-element-20-bmx-race-sand-2022\/"]}]},{"@type":"ImageObject","inLanguage":"en-US","@id":"https:\/\/kgerad.de\/produkt\/bmx-race-chase-element-20-bmx-race-sand-2022\/#primaryimage","url":"https:\/\/kgerad.de\/wp-content\/uploads\/2023\/06\/CHASE-ELEMENT-PRO-XL-20-BMX-RACE-SAND-2022.jpg","contentUrl":"https:\/\/kgerad.de\/wp-content\/uploads\/2023\/06\/CHASE-ELEMENT-PRO-XL-20-BMX-RACE-SAND-2022.jpg","width":600,"height":407,"caption":"CHASE ELEMENT PRO XL 20'' BMX RACE SAND 2022"},{"@type":"BreadcrumbList","@id":"https:\/\/kgerad.de\/produkt\/bmx-race-chase-element-20-bmx-race-sand-2022\/#breadcrumb","itemListElement":[{"@type":"ListItem","position":1,"name":"Startseite","item":"https:\/\/kgerad.de\/"},{"@type":"ListItem","position":2,"name":"LADEN","item":"https:\/\/kgerad.de\/laden\/"},{"@type":"ListItem","position":3,"name":"BMX RACE CHASE ELEMENT 20&#8221; BMX RACE SAND 2022"}]},{"@type":"WebSite","@id":"https:\/\/kgerad.de\/#website","url":"https:\/\/kgerad.de\/","name":"kgerad.de","description":"Treten Sie mit uns ins Abenteuer!","publisher":{"@id":"https:\/\/kgerad.de\/#organization"},"alternateName":"MEIN RADLADEN","potentialAction":[{"@type":"SearchAction","target":{"@type":"EntryPoint","urlTemplate":"https:\/\/kgerad.de\/?s={search_term_string}"},"query-input":{"@type":"PropertyValueSpecification","valueRequired":true,"valueName":"search_term_string"}}],"inLanguage":"en-US"},{"@type":"Organization","@id":"https:\/\/kgerad.de\/#organization","name":"MEINRADLADEN","alternateName":"MEIN RADLADEN","url":"https:\/\/kgerad.de\/","logo":{"@type":"ImageObject","inLanguage":"en-US","@id":"https:\/\/kgerad.de\/#\/schema\/logo\/image\/","url":"https:\/\/kgerad.de\/wp-content\/uploads\/2025\/07\/logo-Whit.svg","contentUrl":"https:\/\/kgerad.de\/wp-content\/uploads\/2025\/07\/logo-Whit.svg","width":1640,"height":371,"caption":"MEINRADLADEN"},"image":{"@id":"https:\/\/kgerad.de\/#\/schema\/logo\/image\/"}}]}},"_links":{"self":[{"href":"https:\/\/kgerad.de\/en\/wp-json\/wp\/v2\/product\/14339","targetHints":{"allow":["GET"]}}],"collection":[{"href":"https:\/\/kgerad.de\/en\/wp-json\/wp\/v2\/product"}],"about":[{"href":"https:\/\/kgerad.de\/en\/wp-json\/wp\/v2\/types\/product"}],"replies":[{"embeddable":true,"href":"https:\/\/kgerad.de\/en\/wp-json\/wp\/v2\/comments?post=14339"}],"version-history":[{"count":2,"href":"https:\/\/kgerad.de\/en\/wp-json\/wp\/v2\/product\/14339\/revisions"}],"predecessor-version":[{"id":78862,"href":"https:\/\/kgerad.de\/en\/wp-json\/wp\/v2\/product\/14339\/revisions\/78862"}],"wp:featuredmedia":[{"embeddable":true,"href":"https:\/\/kgerad.de\/en\/wp-json\/wp\/v2\/media\/61042"}],"wp:attachment":[{"href":"https:\/\/kgerad.de\/en\/wp-json\/wp\/v2\/media?parent=14339"}],"wp:term":[{"taxonomy":"product_brand","embeddable":true,"href":"https:\/\/kgerad.de\/en\/wp-json\/wp\/v2\/product_brand?post=14339"},{"taxonomy":"product_cat","embeddable":true,"href":"https:\/\/kgerad.de\/en\/wp-json\/wp\/v2\/product_cat?post=14339"},{"taxonomy":"product_tag","embeddable":true,"href":"https:\/\/kgerad.de\/en\/wp-json\/wp\/v2\/product_tag?post=14339"}],"curies":[{"name":"wp","href":"https:\/\/api.w.org\/{rel}","templated":true}]}}