{"id":14304,"date":"2022-08-26T22:45:26","date_gmt":"2022-08-26T20:45:26","guid":{"rendered":"https:\/\/kgerad.de\/?post_type=product&#038;p=14304"},"modified":"2023-08-10T21:00:40","modified_gmt":"2023-08-10T19:00:40","slug":"bmx-race-dk-professional-x-khaki-2022","status":"publish","type":"product","link":"https:\/\/kgerad.de\/en\/product\/bmx-race-dk-professional-x-khaki-2022\/","title":{"rendered":"BMX RACE DK PROFESSIONAL X KHAKI 2022"},"content":{"rendered":"<div id=\"product-header-order-name\" class=\"col-lg-20 col-md-20 col-sm-20 col-xs-20\">\n<h2 class=\"heading-title-text\">BMX RACE DK PROFESSIONAL X\u00a0 KHAKI 2022<\/h2>\n<\/div>\n<div id=\"product-header-order-form\" class=\"js-reload-on-event col-lg-20 col-md-20 col-sm-20 col-xs-20\" data-to-watch=\"body\" data-event=\"alltricks:cartChanged\" data-url=\"\/ajax\/product\/ajouter\/F-41502-velos-complets-bmx-race\/P-2172540-bmx_race_dk_professional_x_pro_xxl_khaki_2022\">\n<p>Wie der Name schon sagt, sind die Komplettr\u00e4der der\u00a0<strong>DK Professional<\/strong>\u00a0Series f\u00fcr BMX-Rennen auf h\u00f6chstem Niveau konzipiert und verwenden dieselbe bew\u00e4hrte Geometrie, die unz\u00e4hlige Welt- und Olympiasiege gewonnen hat. Der\u00a0<strong>DK Professional X<\/strong>\u00a0Rahmen wurde \u00fcberarbeitet, um steifer und st\u00e4rker zu sein und Ihnen von Anfang an mehr Geschwindigkeit zu bieten. Standardm\u00e4\u00dfig mit der BOX X5 Carbongabel und der Echelon Combo ausgestattet, verf\u00fcgt es au\u00dferdem \u00fcber PROMAX Bremsen, MAXXIS Reifen und DUO R2 Laufr\u00e4der. Wenn Sie bereit sind, Ihr BMX-Rennen ernst zu nehmen, sind Sie bei den Fahrr\u00e4dern der DK Professional Series genau richtig.<\/p>\n<div class=\"prodsheet_specs1 col col-sm-12 col-md-12 col-lg-12\">\n<h4>EINZELHEITEN :<\/h4>\n<table class=\"table table-striped\">\n<tbody>\n<tr>\n<td>Rahmen<\/td>\n<td>DK Professional X Pro XXL 21,5&#8220;, 6061 T6 Alu, konischer integrierter Gabelschaft 1-1\/8&#8220; &#8211; 1,5&#8220;, integrierte Spannschl\u00f6sser<\/td>\n<\/tr>\n<tr>\n<td>Gabel<\/td>\n<td>BOX X5 Carbon, 20 mm Achse, konisches Alu-Steuerrohr 1-1\/8&#8220; &#8211; 1,5&#8242;<\/td>\n<\/tr>\n<tr>\n<td>Headset<\/td>\n<td>DUO integrierte kegelige, abgedichtete Lager<\/td>\n<\/tr>\n<tr>\n<td>Krone<\/td>\n<td>DUO 44 Z\u00e4hne 4-Punkt BCD 104 mm<\/td>\n<\/tr>\n<tr>\n<td>Pedalboard<\/td>\n<td>DUO 2 St\u00fcck 175 mm Geschmiedetes Aluminium, 4-Punkt BCD 104 mm<\/td>\n<\/tr>\n<tr>\n<td>Tretlager<\/td>\n<td>Euro BSA 24mm Achse<\/td>\n<\/tr>\n<tr>\n<td>Kette<\/td>\n<td>TAYA TB980 1\/2&#8243;x3\/32&#8243;<\/td>\n<\/tr>\n<tr>\n<td>Bremsen<\/td>\n<td>PROMAX V-Point mit Airflow-Pads<\/td>\n<\/tr>\n<tr>\n<td>R\u00e4der<\/td>\n<td>DUO R2, doppelwandig, 36H, 20&#8220;x1.75&#8220;<\/td>\n<\/tr>\n<tr>\n<td>Naben<\/td>\n<td>F: DUO R2, 36H, abgedichtete Lager, 20-mm-Achse \/ R: DUO R2, 36H, abgedichtete Lager, 15-mm-Achse, Stahlkassette, 120 Eingriffspunkte<\/td>\n<\/tr>\n<tr>\n<td>Reifen<\/td>\n<td>MAXXIS Taschenlampe 20&#8220;x1.95&#8220; vorne \/ 20&#8220;x1.75&#8220; hinten<\/td>\n<\/tr>\n<tr>\n<td>Aufh\u00e4nger<\/td>\n<td>DK Cr-mo H\u00f6he 8,0&#8242;<\/td>\n<\/tr>\n<tr>\n<td>Griffe<\/td>\n<td>DK Tsuka Lock-on<\/td>\n<\/tr>\n<tr>\n<td>Sattel\/Sattelst\u00fctze<\/td>\n<td>BOX Echelon Combo 27,2 mm<\/td>\n<\/tr>\n<tr>\n<td>Sattelst\u00fctzenklemme<\/td>\n<td>PROMAX QR Alu 31,8mm<\/td>\n<\/tr>\n<tr>\n<td>Gewicht<\/td>\n<td>&#8212;<\/td>\n<\/tr>\n<tr>\n<td>Farben<\/td>\n<td>Khaki<\/td>\n<\/tr>\n<\/tbody>\n<\/table>\n<\/div>\n<div class=\"prodsheet_specs2 col col-sm-8 col-md-8 col-lg-8\">\n<h4>GEOMETRIEN:<\/h4>\n<p><img decoding=\"async\" src=\"http:\/\/media1.alltricks.fr\/ckfinder\/images\/hardtail_en.jpg\" \/><\/p>\n<table class=\"table table-striped\">\n<tbody>\n<tr>\n<td>Rahmengr\u00f6\u00dfe<\/td>\n<td>Profi<\/td>\n<td>Pro-XL<\/td>\n<td>Pro XXL<\/td>\n<td>Pro XXXL<\/td>\n<td>Pro Cruiser<\/td>\n<\/tr>\n<tr>\n<td>Radgr\u00f6\u00dfe (Zoll)<\/td>\n<td>20&#215;1,75<\/td>\n<td>20&#215;1,75<\/td>\n<td>20&#215;1,75<\/td>\n<td>20&#215;1,75<\/td>\n<td>24 x 1,75<\/td>\n<\/tr>\n<tr>\n<td>Sitzrohr (mm)<\/td>\n<td>187.9<\/td>\n<td>187.9<\/td>\n<td>187.9<\/td>\n<td>187.9<\/td>\n<td>203.2<\/td>\n<\/tr>\n<tr>\n<td>Oberrohr (mm)<\/td>\n<td>520.7<\/td>\n<td>533.4<\/td>\n<td>546.1<\/td>\n<td>558,8<\/td>\n<td>552.4<\/td>\n<\/tr>\n<tr>\n<td>Basisl\u00e4nge (mm)<\/td>\n<td>376.6<\/td>\n<td>376.6<\/td>\n<td>381<\/td>\n<td>381<\/td>\n<td>387.3<\/td>\n<\/tr>\n<tr>\n<td>Lenkwinkel (\u00b0)<\/td>\n<td>74<\/td>\n<td>74<\/td>\n<td>74<\/td>\n<td>74<\/td>\n<td>73<\/td>\n<\/tr>\n<tr>\n<td>Sitzrohrwinkel (\u00b0)<\/td>\n<td>72<\/td>\n<td>72<\/td>\n<td>72<\/td>\n<td>72<\/td>\n<td>72<\/td>\n<\/tr>\n<tr>\n<td>Tretlagerh\u00f6he (mm)<\/td>\n<td>281.9<\/td>\n<td>281.9<\/td>\n<td>281.9<\/td>\n<td>281.9<\/td>\n<td>297.2<\/td>\n<\/tr>\n<\/tbody>\n<\/table>\n<h4>GR\u00d6SSENTABELLE BMX RAC<\/h4>\n<table class=\"table table table-striped\">\n<tbody>\n<tr>\n<th>K\u00f6rpergr\u00f6\u00dfe (cm)<\/th>\n<th>Rahmengr\u00f6\u00dfe<\/th>\n<\/tr>\n<tr>\n<td>100 &#8211; 115<\/td>\n<td>Micro<\/td>\n<\/tr>\n<tr>\n<td>115 &#8211; 135<\/td>\n<td>Mini<\/td>\n<\/tr>\n<tr>\n<td>135 &#8211; 145<\/td>\n<td>Junior<\/td>\n<\/tr>\n<tr>\n<td>140 &#8211; 155<\/td>\n<td>Expert<\/td>\n<\/tr>\n<tr>\n<td>150 &#8211; 165<\/td>\n<td>Expert XL<\/td>\n<\/tr>\n<tr>\n<td>155 &#8211; 170<\/td>\n<td>Pro<\/td>\n<\/tr>\n<tr>\n<td>170 &#8211; 180<\/td>\n<td>Pro XL<\/td>\n<\/tr>\n<tr>\n<td>&gt; 180<\/td>\n<td>Pro XXL<\/td>\n<\/tr>\n<\/tbody>\n<\/table>\n<\/div>\n<\/div>","protected":false},"excerpt":{"rendered":"<div class=\"col-lg-14 col-md-14 col-sm-14 col-xs-20\"><\/div>\n<div id=\"product-specifications-table\" class=\"col-lg-20 col-md-20 col-sm-20 col-xs-20\">\n<table class=\"table table-striped\">\n<tbody>\n<tr>\n<td class=\"spec-name\">Geschlecht<\/td>\n<td class=\"spec-value\">Nicht enth\u00fcllt<\/td>\n<\/tr>\n<tr>\n<td class=\"spec-name\">Sammlung<\/td>\n<td class=\"spec-value\">2022<\/td>\n<\/tr>\n<\/tbody>\n<\/table>\n<\/div>","protected":false},"featured_media":61026,"comment_status":"open","ping_status":"closed","template":"","meta":[],"product_brand":[],"product_cat":[231],"product_tag":[],"class_list":{"0":"post-14304","1":"product","2":"type-product","3":"status-publish","4":"has-post-thumbnail","6":"product_cat-bmx","7":"pa_marke-dk-bicycles","9":"first","10":"instock","11":"sale","12":"taxable","13":"shipping-taxable","14":"purchasable","15":"product-type-variable"},"yoast_head":"<!-- This site is optimized with the Yoast SEO Premium plugin v20.12 (Yoast SEO v27.1.1) - https:\/\/yoast.com\/product\/yoast-seo-premium-wordpress\/ -->\n<title>BMX RACE DK PROFESSIONAL X KHAKI 2022<\/title>\n<meta name=\"description\" content=\"Entdecken Sie unseren Online-Fahrradladen: Gro\u00dfe Auswahl an Modellen f\u00fcr alle Radsportbegeisterten. Von Rennr\u00e4dern bis zu Mountainbikes - finden Sie heute Ihren perfekten Wegbegleiter!\" \/>\n<meta name=\"robots\" content=\"index, follow, max-snippet:-1, max-image-preview:large, max-video-preview:-1\" \/>\n<link rel=\"canonical\" href=\"https:\/\/kgerad.de\/en\/product\/bmx-race-dk-professional-x-khaki-2022\/\" \/>\n<meta property=\"og:locale\" content=\"en_US\" \/>\n<meta property=\"og:type\" content=\"article\" \/>\n<meta property=\"og:title\" content=\"BMX RACE DK PROFESSIONAL X KHAKI 2022\" \/>\n<meta property=\"og:description\" content=\"Entdecken Sie unseren Online-Fahrradladen: Gro\u00dfe Auswahl an Modellen f\u00fcr alle Radsportbegeisterten. Von Rennr\u00e4dern bis zu Mountainbikes - finden Sie heute Ihren perfekten Wegbegleiter!\" \/>\n<meta property=\"og:url\" content=\"https:\/\/kgerad.de\/en\/product\/bmx-race-dk-professional-x-khaki-2022\/\" \/>\n<meta property=\"og:site_name\" content=\"kgerad.de\" \/>\n<meta property=\"article:modified_time\" content=\"2023-08-10T19:00:40+00:00\" \/>\n<meta property=\"og:image\" content=\"https:\/\/kgerad.de\/wp-content\/uploads\/2023\/06\/BMX-RACE-DK-PROFESSIONAL-X-KHAKI-2022.jpg\" \/>\n\t<meta property=\"og:image:width\" content=\"600\" \/>\n\t<meta property=\"og:image:height\" content=\"408\" \/>\n\t<meta property=\"og:image:type\" content=\"image\/jpeg\" \/>\n<meta name=\"twitter:card\" content=\"summary_large_image\" \/>\n<meta name=\"twitter:label1\" content=\"Est. reading time\" \/>\n\t<meta name=\"twitter:data1\" content=\"2 minutes\" \/>\n<script type=\"application\/ld+json\" class=\"yoast-schema-graph\">{\"@context\":\"https:\/\/schema.org\",\"@graph\":[{\"@type\":\"WebPage\",\"@id\":\"https:\/\/kgerad.de\/produkt\/bmx-race-dk-professional-x-khaki-2022\/\",\"url\":\"https:\/\/kgerad.de\/produkt\/bmx-race-dk-professional-x-khaki-2022\/\",\"name\":\"BMX RACE DK PROFESSIONAL X KHAKI 2022\",\"isPartOf\":{\"@id\":\"https:\/\/kgerad.de\/#website\"},\"primaryImageOfPage\":{\"@id\":\"https:\/\/kgerad.de\/produkt\/bmx-race-dk-professional-x-khaki-2022\/#primaryimage\"},\"image\":{\"@id\":\"https:\/\/kgerad.de\/produkt\/bmx-race-dk-professional-x-khaki-2022\/#primaryimage\"},\"thumbnailUrl\":\"https:\/\/kgerad.de\/wp-content\/uploads\/2023\/06\/BMX-RACE-DK-PROFESSIONAL-X-KHAKI-2022.jpg\",\"datePublished\":\"2022-08-26T20:45:26+00:00\",\"dateModified\":\"2023-08-10T19:00:40+00:00\",\"description\":\"Entdecken Sie unseren Online-Fahrradladen: Gro\u00dfe Auswahl an Modellen f\u00fcr alle Radsportbegeisterten. Von Rennr\u00e4dern bis zu Mountainbikes - finden Sie heute Ihren perfekten Wegbegleiter!\",\"breadcrumb\":{\"@id\":\"https:\/\/kgerad.de\/produkt\/bmx-race-dk-professional-x-khaki-2022\/#breadcrumb\"},\"inLanguage\":\"en-US\",\"potentialAction\":[{\"@type\":\"ReadAction\",\"target\":[\"https:\/\/kgerad.de\/produkt\/bmx-race-dk-professional-x-khaki-2022\/\"]}]},{\"@type\":\"ImageObject\",\"inLanguage\":\"en-US\",\"@id\":\"https:\/\/kgerad.de\/produkt\/bmx-race-dk-professional-x-khaki-2022\/#primaryimage\",\"url\":\"https:\/\/kgerad.de\/wp-content\/uploads\/2023\/06\/BMX-RACE-DK-PROFESSIONAL-X-KHAKI-2022.jpg\",\"contentUrl\":\"https:\/\/kgerad.de\/wp-content\/uploads\/2023\/06\/BMX-RACE-DK-PROFESSIONAL-X-KHAKI-2022.jpg\",\"width\":600,\"height\":408,\"caption\":\"BMX RACE DK PROFESSIONAL X\u00a0 KHAKI 2022\"},{\"@type\":\"BreadcrumbList\",\"@id\":\"https:\/\/kgerad.de\/produkt\/bmx-race-dk-professional-x-khaki-2022\/#breadcrumb\",\"itemListElement\":[{\"@type\":\"ListItem\",\"position\":1,\"name\":\"Startseite\",\"item\":\"https:\/\/kgerad.de\/\"},{\"@type\":\"ListItem\",\"position\":2,\"name\":\"LADEN\",\"item\":\"https:\/\/kgerad.de\/laden\/\"},{\"@type\":\"ListItem\",\"position\":3,\"name\":\"BMX RACE DK PROFESSIONAL X KHAKI 2022\"}]},{\"@type\":\"WebSite\",\"@id\":\"https:\/\/kgerad.de\/#website\",\"url\":\"https:\/\/kgerad.de\/\",\"name\":\"kgerad.de\",\"description\":\"Treten Sie mit uns ins Abenteuer!\",\"publisher\":{\"@id\":\"https:\/\/kgerad.de\/#organization\"},\"alternateName\":\"MEIN RADLADEN\",\"potentialAction\":[{\"@type\":\"SearchAction\",\"target\":{\"@type\":\"EntryPoint\",\"urlTemplate\":\"https:\/\/kgerad.de\/?s={search_term_string}\"},\"query-input\":{\"@type\":\"PropertyValueSpecification\",\"valueRequired\":true,\"valueName\":\"search_term_string\"}}],\"inLanguage\":\"en-US\"},{\"@type\":\"Organization\",\"@id\":\"https:\/\/kgerad.de\/#organization\",\"name\":\"MEINRADLADEN\",\"alternateName\":\"MEIN RADLADEN\",\"url\":\"https:\/\/kgerad.de\/\",\"logo\":{\"@type\":\"ImageObject\",\"inLanguage\":\"en-US\",\"@id\":\"https:\/\/kgerad.de\/#\/schema\/logo\/image\/\",\"url\":\"https:\/\/kgerad.de\/wp-content\/uploads\/2025\/07\/logo-Whit.svg\",\"contentUrl\":\"https:\/\/kgerad.de\/wp-content\/uploads\/2025\/07\/logo-Whit.svg\",\"width\":1640,\"height\":371,\"caption\":\"MEINRADLADEN\"},\"image\":{\"@id\":\"https:\/\/kgerad.de\/#\/schema\/logo\/image\/\"}}]}<\/script>\n<!-- \/ Yoast SEO Premium plugin. -->","yoast_head_json":{"title":"BMX RACE DK PROFESSIONAL X KHAKI 2022","description":"Entdecken Sie unseren Online-Fahrradladen: Gro\u00dfe Auswahl an Modellen f\u00fcr alle Radsportbegeisterten. Von Rennr\u00e4dern bis zu Mountainbikes - finden Sie heute Ihren perfekten Wegbegleiter!","robots":{"index":"index","follow":"follow","max-snippet":"max-snippet:-1","max-image-preview":"max-image-preview:large","max-video-preview":"max-video-preview:-1"},"canonical":"https:\/\/kgerad.de\/en\/product\/bmx-race-dk-professional-x-khaki-2022\/","og_locale":"en_US","og_type":"article","og_title":"BMX RACE DK PROFESSIONAL X KHAKI 2022","og_description":"Entdecken Sie unseren Online-Fahrradladen: Gro\u00dfe Auswahl an Modellen f\u00fcr alle Radsportbegeisterten. Von Rennr\u00e4dern bis zu Mountainbikes - finden Sie heute Ihren perfekten Wegbegleiter!","og_url":"https:\/\/kgerad.de\/en\/product\/bmx-race-dk-professional-x-khaki-2022\/","og_site_name":"kgerad.de","article_modified_time":"2023-08-10T19:00:40+00:00","og_image":[{"width":600,"height":408,"url":"https:\/\/kgerad.de\/wp-content\/uploads\/2023\/06\/BMX-RACE-DK-PROFESSIONAL-X-KHAKI-2022.jpg","type":"image\/jpeg"}],"twitter_card":"summary_large_image","twitter_misc":{"Est. reading time":"2 minutes"},"schema":{"@context":"https:\/\/schema.org","@graph":[{"@type":"WebPage","@id":"https:\/\/kgerad.de\/produkt\/bmx-race-dk-professional-x-khaki-2022\/","url":"https:\/\/kgerad.de\/produkt\/bmx-race-dk-professional-x-khaki-2022\/","name":"BMX RACE DK PROFESSIONAL X KHAKI 2022","isPartOf":{"@id":"https:\/\/kgerad.de\/#website"},"primaryImageOfPage":{"@id":"https:\/\/kgerad.de\/produkt\/bmx-race-dk-professional-x-khaki-2022\/#primaryimage"},"image":{"@id":"https:\/\/kgerad.de\/produkt\/bmx-race-dk-professional-x-khaki-2022\/#primaryimage"},"thumbnailUrl":"https:\/\/kgerad.de\/wp-content\/uploads\/2023\/06\/BMX-RACE-DK-PROFESSIONAL-X-KHAKI-2022.jpg","datePublished":"2022-08-26T20:45:26+00:00","dateModified":"2023-08-10T19:00:40+00:00","description":"Entdecken Sie unseren Online-Fahrradladen: Gro\u00dfe Auswahl an Modellen f\u00fcr alle Radsportbegeisterten. Von Rennr\u00e4dern bis zu Mountainbikes - finden Sie heute Ihren perfekten Wegbegleiter!","breadcrumb":{"@id":"https:\/\/kgerad.de\/produkt\/bmx-race-dk-professional-x-khaki-2022\/#breadcrumb"},"inLanguage":"en-US","potentialAction":[{"@type":"ReadAction","target":["https:\/\/kgerad.de\/produkt\/bmx-race-dk-professional-x-khaki-2022\/"]}]},{"@type":"ImageObject","inLanguage":"en-US","@id":"https:\/\/kgerad.de\/produkt\/bmx-race-dk-professional-x-khaki-2022\/#primaryimage","url":"https:\/\/kgerad.de\/wp-content\/uploads\/2023\/06\/BMX-RACE-DK-PROFESSIONAL-X-KHAKI-2022.jpg","contentUrl":"https:\/\/kgerad.de\/wp-content\/uploads\/2023\/06\/BMX-RACE-DK-PROFESSIONAL-X-KHAKI-2022.jpg","width":600,"height":408,"caption":"BMX RACE DK PROFESSIONAL X\u00a0 KHAKI 2022"},{"@type":"BreadcrumbList","@id":"https:\/\/kgerad.de\/produkt\/bmx-race-dk-professional-x-khaki-2022\/#breadcrumb","itemListElement":[{"@type":"ListItem","position":1,"name":"Startseite","item":"https:\/\/kgerad.de\/"},{"@type":"ListItem","position":2,"name":"LADEN","item":"https:\/\/kgerad.de\/laden\/"},{"@type":"ListItem","position":3,"name":"BMX RACE DK PROFESSIONAL X KHAKI 2022"}]},{"@type":"WebSite","@id":"https:\/\/kgerad.de\/#website","url":"https:\/\/kgerad.de\/","name":"kgerad.de","description":"Treten Sie mit uns ins Abenteuer!","publisher":{"@id":"https:\/\/kgerad.de\/#organization"},"alternateName":"MEIN RADLADEN","potentialAction":[{"@type":"SearchAction","target":{"@type":"EntryPoint","urlTemplate":"https:\/\/kgerad.de\/?s={search_term_string}"},"query-input":{"@type":"PropertyValueSpecification","valueRequired":true,"valueName":"search_term_string"}}],"inLanguage":"en-US"},{"@type":"Organization","@id":"https:\/\/kgerad.de\/#organization","name":"MEINRADLADEN","alternateName":"MEIN RADLADEN","url":"https:\/\/kgerad.de\/","logo":{"@type":"ImageObject","inLanguage":"en-US","@id":"https:\/\/kgerad.de\/#\/schema\/logo\/image\/","url":"https:\/\/kgerad.de\/wp-content\/uploads\/2025\/07\/logo-Whit.svg","contentUrl":"https:\/\/kgerad.de\/wp-content\/uploads\/2025\/07\/logo-Whit.svg","width":1640,"height":371,"caption":"MEINRADLADEN"},"image":{"@id":"https:\/\/kgerad.de\/#\/schema\/logo\/image\/"}}]}},"_links":{"self":[{"href":"https:\/\/kgerad.de\/en\/wp-json\/wp\/v2\/product\/14304","targetHints":{"allow":["GET"]}}],"collection":[{"href":"https:\/\/kgerad.de\/en\/wp-json\/wp\/v2\/product"}],"about":[{"href":"https:\/\/kgerad.de\/en\/wp-json\/wp\/v2\/types\/product"}],"replies":[{"embeddable":true,"href":"https:\/\/kgerad.de\/en\/wp-json\/wp\/v2\/comments?post=14304"}],"version-history":[{"count":1,"href":"https:\/\/kgerad.de\/en\/wp-json\/wp\/v2\/product\/14304\/revisions"}],"predecessor-version":[{"id":78925,"href":"https:\/\/kgerad.de\/en\/wp-json\/wp\/v2\/product\/14304\/revisions\/78925"}],"wp:featuredmedia":[{"embeddable":true,"href":"https:\/\/kgerad.de\/en\/wp-json\/wp\/v2\/media\/61026"}],"wp:attachment":[{"href":"https:\/\/kgerad.de\/en\/wp-json\/wp\/v2\/media?parent=14304"}],"wp:term":[{"taxonomy":"product_brand","embeddable":true,"href":"https:\/\/kgerad.de\/en\/wp-json\/wp\/v2\/product_brand?post=14304"},{"taxonomy":"product_cat","embeddable":true,"href":"https:\/\/kgerad.de\/en\/wp-json\/wp\/v2\/product_cat?post=14304"},{"taxonomy":"product_tag","embeddable":true,"href":"https:\/\/kgerad.de\/en\/wp-json\/wp\/v2\/product_tag?post=14304"}],"curies":[{"name":"wp","href":"https:\/\/api.w.org\/{rel}","templated":true}]}}