{"id":14295,"date":"2022-08-26T21:52:37","date_gmt":"2022-08-26T19:52:37","guid":{"rendered":"https:\/\/kgerad.de\/?post_type=product&#038;p=14295"},"modified":"2023-08-10T21:01:06","modified_gmt":"2023-08-10T19:01:06","slug":"bmx-race-radio-bikes-kobalt-junior-blau-2021","status":"publish","type":"product","link":"https:\/\/kgerad.de\/en\/product\/bmx-race-radio-bikes-kobalt-junior-blau-2021\/","title":{"rendered":"BMX RACE RADIO BIKES KOBALT JUNIOR BLAU 2021"},"content":{"rendered":"<div id=\"product-header-order-name\" class=\"col-lg-20 col-md-20 col-sm-20 col-xs-20\">\n<h2 class=\"heading-title-text\">BMX RACE RADIO BIKES KOBALT JUNIOR BLAU 2021<\/h2>\n<\/div>\n<div id=\"product-header-order-form\" class=\"js-reload-on-event col-lg-20 col-md-20 col-sm-20 col-xs-20\" data-to-watch=\"body\" data-event=\"alltricks:cartChanged\" data-url=\"\/ajax\/product\/ajouter\/F-41502-velos-complets-bmx-race\/P-1770365-bmx_race_radio_bikes_kobalt_junior_blau_2021\">\n<div class=\"col col-sm-12 col-md-12 col-lg-12\">\n<p>Der BMX Race\u00a0<b>kobalt Junior<\/b>\u00a0kombiniert bew\u00e4hrte Geometrie und High-End-Komponenten, um den j\u00fcngsten Fahrern ihre ersten Sensationen im BMX zu bieten. Mit nur 8 kg ist es eines der leichtesten Junior BMX Bikes.<br \/>\nDer\u00a0<strong>Cobalt Junior<\/strong>\u00a0ist eine echte Maschine, die in Bezug auf Qualit\u00e4t und Preis unschlagbar ist.<\/p>\n<\/div>\n<div class=\"prodsheet_bullets col col-sm-8 col-md-8 col-lg-8\">\n<h4>DAS PRODUKT:<\/h4>\n<ul>\n<li>Aluminiumrahmen und CroMo Stahlgabel.<\/li>\n<li>Promax MV-87 Bremsen.<\/li>\n<li>Radio Cobalt 3-teilige Aluminiumkurbelgarnitur.<\/li>\n<\/ul>\n<\/div>\n<div class=\"prodsheet_specs1 col col-sm-12 col-md-12 col-lg-12\">\n<h4>EINZELHEITEN:<\/h4>\n<table class=\"table table-striped\">\n<tbody>\n<tr>\n<td>Rahmen<\/td>\n<td>Aluminium: 6061 T6 Legierung, geschmiedete Ausfallenden mit int. Kettenspanner<\/td>\n<\/tr>\n<tr>\n<td>Gabel<\/td>\n<td>Stahl: cr-mo, 1? Sto\u00dfrohr, Hi-Ten-Gabelbeine, 23 mm Versatz<\/td>\n<\/tr>\n<tr>\n<td>Kettenrad<\/td>\n<td>RADIO-Legierung, 40-Zahnrad<\/td>\n<\/tr>\n<tr>\n<td>Kette<\/td>\n<td>KMC, Z6, 1\/2? x 3\/32?<\/td>\n<\/tr>\n<tr>\n<td>Kurbelgarnitur<\/td>\n<td>RADIO? Kobalt? 3-teilige Kurbel aus geschmiedeter Legierung, 155 mm lang<\/td>\n<\/tr>\n<tr>\n<td>Tretlager<\/td>\n<td>Radio, BSA quadratische Verj\u00fcngung, versiegelt<\/td>\n<\/tr>\n<tr>\n<td>Bremshebel<\/td>\n<td>PROMAX? XL-378? Leichtmetallbremse hinten<\/td>\n<\/tr>\n<tr>\n<td>Bremsen<\/td>\n<td>PROMAX? MV-87? Leichtmetallbremse hinten<\/td>\n<\/tr>\n<tr>\n<td>R\u00e4der<\/td>\n<td>Felgen: Radio, A-M5, doppelwandig, 28H, Legierung \/ Naben: (F) RADIO? Cobalt? Legierungs-CNC-Nabe, vollst\u00e4ndig abgedichtet, 3\/8? S, 28h, crmo Achse \/<br \/>\n(R): RADIO? Kobalt? Legierungs-CNC-Nabe, vollst\u00e4ndig abgedichtet, 3\/8? S, Crmo-Achse, 28h, Flip-Flop<\/td>\n<\/tr>\n<tr>\n<td>Reifen<\/td>\n<td>Arisun, XLR8, 20? X 1-1 \/ 8?<\/td>\n<\/tr>\n<tr>\n<td>Lenker<\/td>\n<td>4130 nahtloses cr-mo, Anstieg 4,25?, Breite 24?, Backsweep 8 \u00b0, Upsweep 2 \u00b0<\/td>\n<\/tr>\n<tr>\n<td>Griffe<\/td>\n<td>Radio, Diamantr\u00e4ndelung, geschlossenes Ende, flanschlos, 130 mm L\u00e4nge<\/td>\n<\/tr>\n<tr>\n<td>Stengel<\/td>\n<td>Radio, Kobalt-Toploader, Durchwahl 40mm, Legierung<\/td>\n<\/tr>\n<tr>\n<td>Headset<\/td>\n<td>Radio, integriertes Headset, versiegelt, 1?<\/td>\n<\/tr>\n<tr>\n<td>Sattel<\/td>\n<td>RADIO? Mini? Kombisitz<\/td>\n<\/tr>\n<tr>\n<td>Sattelst\u00fctze<\/td>\n<td>Radio 22,2 mm Legierung<\/td>\n<\/tr>\n<tr>\n<td>Pedale<\/td>\n<td>Radio, Cobalt Junior, Nylon<\/td>\n<\/tr>\n<tr>\n<td>Gesamtgewicht<\/td>\n<td>8,07 kg<\/td>\n<\/tr>\n<tr>\n<td>Farben<\/td>\n<td>Cyan<\/td>\n<\/tr>\n<\/tbody>\n<\/table>\n<\/div>\n<div class=\"prodsheet_specs2 col col-sm-8 col-md-8 col-lg-8\">\n<h4>GEOMETRIEN:<\/h4>\n<p><img decoding=\"async\" src=\"http:\/\/media1.alltricks.fr\/ckfinder\/images\/geometries-BMX-kid_EN.jpg\" \/><\/p>\n<table class=\"table table-striped\">\n<tbody>\n<tr>\n<td>Radgr\u00f6\u00dfe (Zoll)<\/td>\n<td>20 &#8222;<\/td>\n<\/tr>\n<tr>\n<td>Sitzrohr<\/td>\n<td>&#8212; &#8212;.<\/td>\n<\/tr>\n<tr>\n<td>Oberrohr<\/td>\n<td>18,5 &#8222;<\/td>\n<\/tr>\n<tr>\n<td>Grundl\u00e4nge<\/td>\n<td>12,85 &#8222;<\/td>\n<\/tr>\n<tr>\n<td>Lenkwinkel (\u00b0)<\/td>\n<td>73<\/td>\n<\/tr>\n<tr>\n<td>Sitzrohrwinkel (\u00b0)<\/td>\n<td>71<\/td>\n<\/tr>\n<tr>\n<td>Radstand<\/td>\n<td>&#8212; &#8212;.<\/td>\n<\/tr>\n<tr>\n<td>Tretlagerh\u00f6he<\/td>\n<td>10,4 &#8222;<\/td>\n<\/tr>\n<\/tbody>\n<\/table>\n<h4>GR\u00d6SSENTABELLE BMX RAC<\/h4>\n<table class=\"table table table-striped\">\n<tbody>\n<tr>\n<th>K\u00f6rpergr\u00f6\u00dfe (cm)<\/th>\n<th>Rahmengr\u00f6\u00dfe<\/th>\n<\/tr>\n<tr>\n<td>100 &#8211; 115<\/td>\n<td>Micro<\/td>\n<\/tr>\n<tr>\n<td>115 &#8211; 135<\/td>\n<td>Mini<\/td>\n<\/tr>\n<tr>\n<td>135 &#8211; 145<\/td>\n<td>Junior<\/td>\n<\/tr>\n<tr>\n<td>140 &#8211; 155<\/td>\n<td>Expert<\/td>\n<\/tr>\n<tr>\n<td>150 &#8211; 165<\/td>\n<td>Expert XL<\/td>\n<\/tr>\n<tr>\n<td>155 &#8211; 170<\/td>\n<td>Pro<\/td>\n<\/tr>\n<tr>\n<td>170 &#8211; 180<\/td>\n<td>Pro XL<\/td>\n<\/tr>\n<tr>\n<td>&gt; 180<\/td>\n<td>Pro XXL<\/td>\n<\/tr>\n<\/tbody>\n<\/table>\n<\/div>\n<\/div>","protected":false},"excerpt":{"rendered":"<div class=\"woocommerce-product-details__short-description\">\n<div id=\"product-specifications-table\" class=\"col-lg-20 col-md-20 col-sm-20 col-xs-20\">\n<table class=\"table table-striped\">\n<tbody>\n<tr>\n<td class=\"spec-name\">Geschlecht<\/td>\n<td class=\"spec-value\">Nicht enth\u00fcllt<\/td>\n<\/tr>\n<tr>\n<td class=\"spec-name\">Sammlung<\/td>\n<td class=\"spec-value\">2021<\/td>\n<\/tr>\n<\/tbody>\n<\/table>\n<\/div>\n<\/div>","protected":false},"featured_media":61018,"comment_status":"open","ping_status":"closed","template":"","meta":[],"product_brand":[],"product_cat":[231],"product_tag":[],"class_list":{"0":"post-14295","1":"product","2":"type-product","3":"status-publish","4":"has-post-thumbnail","6":"product_cat-bmx","7":"pa_marke-radio-bikes","9":"first","10":"instock","11":"taxable","12":"shipping-taxable","13":"purchasable","14":"product-type-simple"},"yoast_head":"<!-- This site is optimized with the Yoast SEO Premium plugin v20.12 (Yoast SEO v27.1.1) - https:\/\/yoast.com\/product\/yoast-seo-premium-wordpress\/ -->\n<title>BMX RACE RADIO BIKES KOBALT JUNIOR BLAU 2021<\/title>\n<meta name=\"description\" content=\"Entdecken Sie unseren Online-Fahrradladen: Gro\u00dfe Auswahl an Modellen f\u00fcr alle Radsportbegeisterten. Von Rennr\u00e4dern bis zu Mountainbikes - finden Sie heute Ihren perfekten Wegbegleiter!\" \/>\n<meta name=\"robots\" content=\"index, follow, max-snippet:-1, max-image-preview:large, max-video-preview:-1\" \/>\n<link rel=\"canonical\" href=\"https:\/\/kgerad.de\/en\/product\/bmx-race-radio-bikes-kobalt-junior-blau-2021\/\" \/>\n<meta property=\"og:locale\" content=\"en_US\" \/>\n<meta property=\"og:type\" content=\"article\" \/>\n<meta property=\"og:title\" content=\"BMX RACE RADIO BIKES KOBALT JUNIOR BLAU 2021\" \/>\n<meta property=\"og:description\" content=\"Entdecken Sie unseren Online-Fahrradladen: Gro\u00dfe Auswahl an Modellen f\u00fcr alle Radsportbegeisterten. Von Rennr\u00e4dern bis zu Mountainbikes - finden Sie heute Ihren perfekten Wegbegleiter!\" \/>\n<meta property=\"og:url\" content=\"https:\/\/kgerad.de\/en\/product\/bmx-race-radio-bikes-kobalt-junior-blau-2021\/\" \/>\n<meta property=\"og:site_name\" content=\"kgerad.de\" \/>\n<meta property=\"article:modified_time\" content=\"2023-08-10T19:01:06+00:00\" \/>\n<meta property=\"og:image\" content=\"https:\/\/kgerad.de\/wp-content\/uploads\/2023\/06\/BMX-RACE-RADIO-BIKES-KOBALT-JUNIOR-BLAU-2021.jpg\" \/>\n\t<meta property=\"og:image:width\" content=\"600\" \/>\n\t<meta property=\"og:image:height\" content=\"408\" \/>\n\t<meta property=\"og:image:type\" content=\"image\/jpeg\" \/>\n<meta name=\"twitter:card\" content=\"summary_large_image\" \/>\n<meta name=\"twitter:label1\" content=\"Est. reading time\" \/>\n\t<meta name=\"twitter:data1\" content=\"2 minutes\" \/>\n<script type=\"application\/ld+json\" class=\"yoast-schema-graph\">{\"@context\":\"https:\/\/schema.org\",\"@graph\":[{\"@type\":\"WebPage\",\"@id\":\"https:\/\/kgerad.de\/produkt\/bmx-race-radio-bikes-kobalt-junior-blau-2021\/\",\"url\":\"https:\/\/kgerad.de\/produkt\/bmx-race-radio-bikes-kobalt-junior-blau-2021\/\",\"name\":\"BMX RACE RADIO BIKES KOBALT JUNIOR BLAU 2021\",\"isPartOf\":{\"@id\":\"https:\/\/kgerad.de\/#website\"},\"primaryImageOfPage\":{\"@id\":\"https:\/\/kgerad.de\/produkt\/bmx-race-radio-bikes-kobalt-junior-blau-2021\/#primaryimage\"},\"image\":{\"@id\":\"https:\/\/kgerad.de\/produkt\/bmx-race-radio-bikes-kobalt-junior-blau-2021\/#primaryimage\"},\"thumbnailUrl\":\"https:\/\/kgerad.de\/wp-content\/uploads\/2023\/06\/BMX-RACE-RADIO-BIKES-KOBALT-JUNIOR-BLAU-2021.jpg\",\"datePublished\":\"2022-08-26T19:52:37+00:00\",\"dateModified\":\"2023-08-10T19:01:06+00:00\",\"description\":\"Entdecken Sie unseren Online-Fahrradladen: Gro\u00dfe Auswahl an Modellen f\u00fcr alle Radsportbegeisterten. Von Rennr\u00e4dern bis zu Mountainbikes - finden Sie heute Ihren perfekten Wegbegleiter!\",\"breadcrumb\":{\"@id\":\"https:\/\/kgerad.de\/produkt\/bmx-race-radio-bikes-kobalt-junior-blau-2021\/#breadcrumb\"},\"inLanguage\":\"en-US\",\"potentialAction\":[{\"@type\":\"ReadAction\",\"target\":[\"https:\/\/kgerad.de\/produkt\/bmx-race-radio-bikes-kobalt-junior-blau-2021\/\"]}]},{\"@type\":\"ImageObject\",\"inLanguage\":\"en-US\",\"@id\":\"https:\/\/kgerad.de\/produkt\/bmx-race-radio-bikes-kobalt-junior-blau-2021\/#primaryimage\",\"url\":\"https:\/\/kgerad.de\/wp-content\/uploads\/2023\/06\/BMX-RACE-RADIO-BIKES-KOBALT-JUNIOR-BLAU-2021.jpg\",\"contentUrl\":\"https:\/\/kgerad.de\/wp-content\/uploads\/2023\/06\/BMX-RACE-RADIO-BIKES-KOBALT-JUNIOR-BLAU-2021.jpg\",\"width\":600,\"height\":408,\"caption\":\"BMX RACE RADIO BIKES KOBALT JUNIOR BLAU 2021\"},{\"@type\":\"BreadcrumbList\",\"@id\":\"https:\/\/kgerad.de\/produkt\/bmx-race-radio-bikes-kobalt-junior-blau-2021\/#breadcrumb\",\"itemListElement\":[{\"@type\":\"ListItem\",\"position\":1,\"name\":\"Startseite\",\"item\":\"https:\/\/kgerad.de\/\"},{\"@type\":\"ListItem\",\"position\":2,\"name\":\"LADEN\",\"item\":\"https:\/\/kgerad.de\/laden\/\"},{\"@type\":\"ListItem\",\"position\":3,\"name\":\"BMX RACE RADIO BIKES KOBALT JUNIOR BLAU 2021\"}]},{\"@type\":\"WebSite\",\"@id\":\"https:\/\/kgerad.de\/#website\",\"url\":\"https:\/\/kgerad.de\/\",\"name\":\"kgerad.de\",\"description\":\"Treten Sie mit uns ins Abenteuer!\",\"publisher\":{\"@id\":\"https:\/\/kgerad.de\/#organization\"},\"alternateName\":\"MEIN RADLADEN\",\"potentialAction\":[{\"@type\":\"SearchAction\",\"target\":{\"@type\":\"EntryPoint\",\"urlTemplate\":\"https:\/\/kgerad.de\/?s={search_term_string}\"},\"query-input\":{\"@type\":\"PropertyValueSpecification\",\"valueRequired\":true,\"valueName\":\"search_term_string\"}}],\"inLanguage\":\"en-US\"},{\"@type\":\"Organization\",\"@id\":\"https:\/\/kgerad.de\/#organization\",\"name\":\"MEINRADLADEN\",\"alternateName\":\"MEIN RADLADEN\",\"url\":\"https:\/\/kgerad.de\/\",\"logo\":{\"@type\":\"ImageObject\",\"inLanguage\":\"en-US\",\"@id\":\"https:\/\/kgerad.de\/#\/schema\/logo\/image\/\",\"url\":\"https:\/\/kgerad.de\/wp-content\/uploads\/2025\/07\/logo-Whit.svg\",\"contentUrl\":\"https:\/\/kgerad.de\/wp-content\/uploads\/2025\/07\/logo-Whit.svg\",\"width\":1640,\"height\":371,\"caption\":\"MEINRADLADEN\"},\"image\":{\"@id\":\"https:\/\/kgerad.de\/#\/schema\/logo\/image\/\"}}]}<\/script>\n<!-- \/ Yoast SEO Premium plugin. -->","yoast_head_json":{"title":"BMX RACE RADIO BIKES KOBALT JUNIOR BLAU 2021","description":"Entdecken Sie unseren Online-Fahrradladen: Gro\u00dfe Auswahl an Modellen f\u00fcr alle Radsportbegeisterten. Von Rennr\u00e4dern bis zu Mountainbikes - finden Sie heute Ihren perfekten Wegbegleiter!","robots":{"index":"index","follow":"follow","max-snippet":"max-snippet:-1","max-image-preview":"max-image-preview:large","max-video-preview":"max-video-preview:-1"},"canonical":"https:\/\/kgerad.de\/en\/product\/bmx-race-radio-bikes-kobalt-junior-blau-2021\/","og_locale":"en_US","og_type":"article","og_title":"BMX RACE RADIO BIKES KOBALT JUNIOR BLAU 2021","og_description":"Entdecken Sie unseren Online-Fahrradladen: Gro\u00dfe Auswahl an Modellen f\u00fcr alle Radsportbegeisterten. Von Rennr\u00e4dern bis zu Mountainbikes - finden Sie heute Ihren perfekten Wegbegleiter!","og_url":"https:\/\/kgerad.de\/en\/product\/bmx-race-radio-bikes-kobalt-junior-blau-2021\/","og_site_name":"kgerad.de","article_modified_time":"2023-08-10T19:01:06+00:00","og_image":[{"width":600,"height":408,"url":"https:\/\/kgerad.de\/wp-content\/uploads\/2023\/06\/BMX-RACE-RADIO-BIKES-KOBALT-JUNIOR-BLAU-2021.jpg","type":"image\/jpeg"}],"twitter_card":"summary_large_image","twitter_misc":{"Est. reading time":"2 minutes"},"schema":{"@context":"https:\/\/schema.org","@graph":[{"@type":"WebPage","@id":"https:\/\/kgerad.de\/produkt\/bmx-race-radio-bikes-kobalt-junior-blau-2021\/","url":"https:\/\/kgerad.de\/produkt\/bmx-race-radio-bikes-kobalt-junior-blau-2021\/","name":"BMX RACE RADIO BIKES KOBALT JUNIOR BLAU 2021","isPartOf":{"@id":"https:\/\/kgerad.de\/#website"},"primaryImageOfPage":{"@id":"https:\/\/kgerad.de\/produkt\/bmx-race-radio-bikes-kobalt-junior-blau-2021\/#primaryimage"},"image":{"@id":"https:\/\/kgerad.de\/produkt\/bmx-race-radio-bikes-kobalt-junior-blau-2021\/#primaryimage"},"thumbnailUrl":"https:\/\/kgerad.de\/wp-content\/uploads\/2023\/06\/BMX-RACE-RADIO-BIKES-KOBALT-JUNIOR-BLAU-2021.jpg","datePublished":"2022-08-26T19:52:37+00:00","dateModified":"2023-08-10T19:01:06+00:00","description":"Entdecken Sie unseren Online-Fahrradladen: Gro\u00dfe Auswahl an Modellen f\u00fcr alle Radsportbegeisterten. Von Rennr\u00e4dern bis zu Mountainbikes - finden Sie heute Ihren perfekten Wegbegleiter!","breadcrumb":{"@id":"https:\/\/kgerad.de\/produkt\/bmx-race-radio-bikes-kobalt-junior-blau-2021\/#breadcrumb"},"inLanguage":"en-US","potentialAction":[{"@type":"ReadAction","target":["https:\/\/kgerad.de\/produkt\/bmx-race-radio-bikes-kobalt-junior-blau-2021\/"]}]},{"@type":"ImageObject","inLanguage":"en-US","@id":"https:\/\/kgerad.de\/produkt\/bmx-race-radio-bikes-kobalt-junior-blau-2021\/#primaryimage","url":"https:\/\/kgerad.de\/wp-content\/uploads\/2023\/06\/BMX-RACE-RADIO-BIKES-KOBALT-JUNIOR-BLAU-2021.jpg","contentUrl":"https:\/\/kgerad.de\/wp-content\/uploads\/2023\/06\/BMX-RACE-RADIO-BIKES-KOBALT-JUNIOR-BLAU-2021.jpg","width":600,"height":408,"caption":"BMX RACE RADIO BIKES KOBALT JUNIOR BLAU 2021"},{"@type":"BreadcrumbList","@id":"https:\/\/kgerad.de\/produkt\/bmx-race-radio-bikes-kobalt-junior-blau-2021\/#breadcrumb","itemListElement":[{"@type":"ListItem","position":1,"name":"Startseite","item":"https:\/\/kgerad.de\/"},{"@type":"ListItem","position":2,"name":"LADEN","item":"https:\/\/kgerad.de\/laden\/"},{"@type":"ListItem","position":3,"name":"BMX RACE RADIO BIKES KOBALT JUNIOR BLAU 2021"}]},{"@type":"WebSite","@id":"https:\/\/kgerad.de\/#website","url":"https:\/\/kgerad.de\/","name":"kgerad.de","description":"Treten Sie mit uns ins Abenteuer!","publisher":{"@id":"https:\/\/kgerad.de\/#organization"},"alternateName":"MEIN RADLADEN","potentialAction":[{"@type":"SearchAction","target":{"@type":"EntryPoint","urlTemplate":"https:\/\/kgerad.de\/?s={search_term_string}"},"query-input":{"@type":"PropertyValueSpecification","valueRequired":true,"valueName":"search_term_string"}}],"inLanguage":"en-US"},{"@type":"Organization","@id":"https:\/\/kgerad.de\/#organization","name":"MEINRADLADEN","alternateName":"MEIN RADLADEN","url":"https:\/\/kgerad.de\/","logo":{"@type":"ImageObject","inLanguage":"en-US","@id":"https:\/\/kgerad.de\/#\/schema\/logo\/image\/","url":"https:\/\/kgerad.de\/wp-content\/uploads\/2025\/07\/logo-Whit.svg","contentUrl":"https:\/\/kgerad.de\/wp-content\/uploads\/2025\/07\/logo-Whit.svg","width":1640,"height":371,"caption":"MEINRADLADEN"},"image":{"@id":"https:\/\/kgerad.de\/#\/schema\/logo\/image\/"}}]}},"_links":{"self":[{"href":"https:\/\/kgerad.de\/en\/wp-json\/wp\/v2\/product\/14295","targetHints":{"allow":["GET"]}}],"collection":[{"href":"https:\/\/kgerad.de\/en\/wp-json\/wp\/v2\/product"}],"about":[{"href":"https:\/\/kgerad.de\/en\/wp-json\/wp\/v2\/types\/product"}],"replies":[{"embeddable":true,"href":"https:\/\/kgerad.de\/en\/wp-json\/wp\/v2\/comments?post=14295"}],"version-history":[{"count":1,"href":"https:\/\/kgerad.de\/en\/wp-json\/wp\/v2\/product\/14295\/revisions"}],"predecessor-version":[{"id":78926,"href":"https:\/\/kgerad.de\/en\/wp-json\/wp\/v2\/product\/14295\/revisions\/78926"}],"wp:featuredmedia":[{"embeddable":true,"href":"https:\/\/kgerad.de\/en\/wp-json\/wp\/v2\/media\/61018"}],"wp:attachment":[{"href":"https:\/\/kgerad.de\/en\/wp-json\/wp\/v2\/media?parent=14295"}],"wp:term":[{"taxonomy":"product_brand","embeddable":true,"href":"https:\/\/kgerad.de\/en\/wp-json\/wp\/v2\/product_brand?post=14295"},{"taxonomy":"product_cat","embeddable":true,"href":"https:\/\/kgerad.de\/en\/wp-json\/wp\/v2\/product_cat?post=14295"},{"taxonomy":"product_tag","embeddable":true,"href":"https:\/\/kgerad.de\/en\/wp-json\/wp\/v2\/product_tag?post=14295"}],"curies":[{"name":"wp","href":"https:\/\/api.w.org\/{rel}","templated":true}]}}