{"id":14128,"date":"2022-08-23T18:52:40","date_gmt":"2022-08-23T16:52:40","guid":{"rendered":"https:\/\/kgerad.de\/?post_type=product&#038;p=14128"},"modified":"2023-08-10T19:15:04","modified_gmt":"2023-08-10T17:15:04","slug":"bmx-race-sunn-royal-finest-cruiser-pro-xl-weiss-2022","status":"publish","type":"product","link":"https:\/\/kgerad.de\/en\/product\/bmx-race-sunn-royal-finest-cruiser-pro-xl-weiss-2022\/","title":{"rendered":"BMX RACE SUNN ROYAL FINEST CRUISER PRO XL WEISS 2022"},"content":{"rendered":"<div id=\"product-header-order-name\" class=\"col-lg-20 col-md-20 col-sm-20 col-xs-20\">\n<h2 class=\"heading-title-text\">BMX RACE SUNN ROYAL FINEST CRUISER PRO XL WEISS 2022<\/h2>\n<\/div>\n<div id=\"product-header-order-form\" class=\"js-reload-on-event col-lg-20 col-md-20 col-sm-20 col-xs-20\" data-to-watch=\"body\" data-event=\"alltricks:cartChanged\" data-url=\"\/ajax\/product\/ajouter\/F-41502-velos-complets-bmx-race\/P-2191926-bmx_race_sunn_royal_finest_cruiser_pro_xl_weis_2022\">\n<p>Das BMX Race\u00a0<strong>Sunn Royal Finest<\/strong>\u00a0ist das ideale BMX, wenn Sie ein mittelm\u00e4\u00dfiger\/fortgeschrittener Fahrer sind. Sie f\u00fchlen sich auf der Strecke wohl und suchen nach einer h\u00f6heren Lenkpr\u00e4zision. Das Royal Finest ist perfekt f\u00fcr Fahrer geeignet, die sich auf eine renntypische Praxis ausrichten m\u00f6chten. Es profitiert immer von den Innovationen und Spitzentechnologien, die von den Sunn-Fahrern f\u00fcr das Race entwickelt wurden. Vom Race inspiriert, stellt dir das\u00a0<strong>Royal Finest<\/strong><\/p>\n<p>eine ungeahnte Steifigkeit zur Verf\u00fcgung. Reaktiv, aber nie feurig, entwicklungsf\u00e4hig, griffig nach Wunsch: Es wird deinen Wettkampfinstinkt entfalten<\/p>\n<div class=\"prodsheet_specs1 col col-sm-12 col-md-12 col-lg-12\">\n<h4>DETAILS :<\/h4>\n<table class=\"table table-striped\">\n<tbody>\n<tr>\n<td>Rahmen<\/td>\n<td>Aluminium 6061 edge tubing<\/td>\n<\/tr>\n<tr>\n<td>Gabel<\/td>\n<td>Sunn Carbon T800 HM<\/td>\n<\/tr>\n<tr>\n<td>Pedalboard<\/td>\n<td>Box Three 44T<\/td>\n<\/tr>\n<tr>\n<td>Bremsen<\/td>\n<td>Shimano DXR lever, Leechi V-Brake<\/td>\n<\/tr>\n<tr>\n<td>Laufr\u00e4der<\/td>\n<td>Mach1 Klixx 23c\/ER10 19c 36T<\/td>\n<\/tr>\n<tr>\n<td>Reifen<\/td>\n<td>Vee Tire Speed Booster LSG 20&#215;1.75\/1.60<\/td>\n<\/tr>\n<tr>\n<td>Kleiderb\u00fcgel<\/td>\n<td>Sunn by Leadtec Crmo 7.5&#8243; (Pro), 4.5&#8243;(Junior), 8.5&#8243; (Pro XL-XXL)<\/td>\n<\/tr>\n<tr>\n<td>Sattelst\u00fctze<\/td>\n<td>HL Pivotal 27.2&#215;250 mm<\/td>\n<\/tr>\n<tr>\n<td>Sattel<\/td>\n<td>Velo Pivotal<\/td>\n<\/tr>\n<tr>\n<td>Gewicht<\/td>\n<td>8.9 kg<\/td>\n<\/tr>\n<tr>\n<td>Farben<\/td>\n<td>Wei\u00df<\/td>\n<\/tr>\n<\/tbody>\n<\/table>\n<\/div>\n<div class=\"prodsheet_specs2 col col-sm-8 col-md-8 col-lg-8\">\n<h4>GEOMETRIEN :<\/h4>\n<p><img decoding=\"async\" src=\"http:\/\/media1.alltricks.fr\/ckfinder\/images\/hardtail_en.jpg\" \/><\/p>\n<table class=\"table table-striped\">\n<tbody>\n<tr>\n<td>Rahmengr\u00f6\u00dfe<\/td>\n<td>Cruiser Pro<\/td>\n<td>Cruiser Pro XL<\/td>\n<\/tr>\n<tr>\n<td>Radgr\u00f6\u00dfe (Zoll)<\/td>\n<td>24<\/td>\n<td>24<\/td>\n<\/tr>\n<tr>\n<td>Oberrohr (mm)<\/td>\n<td>540<\/td>\n<td>570<\/td>\n<\/tr>\n<tr>\n<td>L\u00e4nge Basis (mm)<\/td>\n<td>390<\/td>\n<td>390<\/td>\n<\/tr>\n<tr>\n<td>Lenkh\u00fclse (mm)<\/td>\n<td>120<\/td>\n<td>120<\/td>\n<\/tr>\n<tr>\n<td>Lenkwinkel (\u00b0)<\/td>\n<td>73<\/td>\n<td>73<\/td>\n<\/tr>\n<tr>\n<td>Reach (mm)<\/td>\n<td>422<\/td>\n<td>454<\/td>\n<\/tr>\n<\/tbody>\n<\/table>\n<h4>GR\u00d6SSENTABELLE BMX RAC<\/h4>\n<table class=\"table table table-striped\">\n<tbody>\n<tr>\n<th>K\u00f6rpergr\u00f6\u00dfe (cm)<\/th>\n<th>Rahmengr\u00f6\u00dfe<\/th>\n<\/tr>\n<tr>\n<td>100 &#8211; 115<\/td>\n<td>Micro<\/td>\n<\/tr>\n<tr>\n<td>115 &#8211; 135<\/td>\n<td>Mini<\/td>\n<\/tr>\n<tr>\n<td>135 &#8211; 145<\/td>\n<td>Junior<\/td>\n<\/tr>\n<tr>\n<td>140 &#8211; 155<\/td>\n<td>Expert<\/td>\n<\/tr>\n<tr>\n<td>150 &#8211; 165<\/td>\n<td>Expert XL<\/td>\n<\/tr>\n<tr>\n<td>155 &#8211; 170<\/td>\n<td>Pro<\/td>\n<\/tr>\n<tr>\n<td>170 &#8211; 180<\/td>\n<td>Pro XL<\/td>\n<\/tr>\n<tr>\n<td>&gt; 180<\/td>\n<td>Pro XXL<\/td>\n<\/tr>\n<\/tbody>\n<\/table>\n<\/div>\n<\/div>","protected":false},"excerpt":{"rendered":"<div class=\"col-lg-14 col-md-14 col-sm-14 col-xs-20\"><\/div>\n<div id=\"product-specifications-table\" class=\"col-lg-20 col-md-20 col-sm-20 col-xs-20\">\n<table class=\"table table-striped\">\n<tbody>\n<tr>\n<td class=\"spec-name\">Geschlecht<\/td>\n<td class=\"spec-value\">Nicht enth\u00fcllt<\/td>\n<\/tr>\n<tr>\n<td class=\"spec-name\">Sammlung<\/td>\n<td class=\"spec-value\">2022<\/td>\n<\/tr>\n<\/tbody>\n<\/table>\n<\/div>","protected":false},"featured_media":61002,"comment_status":"open","ping_status":"closed","template":"","meta":[],"product_brand":[],"product_cat":[231,129],"product_tag":[],"class_list":{"0":"post-14128","1":"product","2":"type-product","3":"status-publish","4":"has-post-thumbnail","6":"product_cat-bmx","7":"product_cat-rennrad","8":"pa_marke-suun","10":"first","11":"instock","12":"sale","13":"taxable","14":"shipping-taxable","15":"purchasable","16":"product-type-simple"},"yoast_head":"<!-- This site is optimized with the Yoast SEO Premium plugin v20.12 (Yoast SEO v27.1.1) - https:\/\/yoast.com\/product\/yoast-seo-premium-wordpress\/ -->\n<title>BMX RACE SUNN ROYAL FINEST CRUISER PRO XL WEISS 2022<\/title>\n<meta name=\"description\" content=\"Entdecken Sie unseren Online-Fahrradladen: Gro\u00dfe Auswahl an Modellen f\u00fcr alle Radsportbegeisterten. Von Rennr\u00e4dern bis zu Mountainbikes - finden Sie heute Ihren perfekten Wegbegleiter!\" \/>\n<meta name=\"robots\" content=\"index, follow, max-snippet:-1, max-image-preview:large, max-video-preview:-1\" \/>\n<link rel=\"canonical\" href=\"https:\/\/kgerad.de\/en\/product\/bmx-race-sunn-royal-finest-cruiser-pro-xl-weiss-2022\/\" \/>\n<meta property=\"og:locale\" content=\"en_US\" \/>\n<meta property=\"og:type\" content=\"article\" \/>\n<meta property=\"og:title\" content=\"BMX RACE SUNN ROYAL FINEST CRUISER PRO XL WEISS 2022\" \/>\n<meta property=\"og:description\" content=\"Entdecken Sie unseren Online-Fahrradladen: Gro\u00dfe Auswahl an Modellen f\u00fcr alle Radsportbegeisterten. Von Rennr\u00e4dern bis zu Mountainbikes - finden Sie heute Ihren perfekten Wegbegleiter!\" \/>\n<meta property=\"og:url\" content=\"https:\/\/kgerad.de\/en\/product\/bmx-race-sunn-royal-finest-cruiser-pro-xl-weiss-2022\/\" \/>\n<meta property=\"og:site_name\" content=\"kgerad.de\" \/>\n<meta property=\"article:modified_time\" content=\"2023-08-10T17:15:04+00:00\" \/>\n<meta property=\"og:image\" content=\"https:\/\/kgerad.de\/wp-content\/uploads\/2023\/06\/BMX-RACE-SUNN-ROYAL-FINEST-CRUISER-PRO-XL-WEISS-2022.jpg\" \/>\n\t<meta property=\"og:image:width\" content=\"600\" \/>\n\t<meta property=\"og:image:height\" content=\"408\" \/>\n\t<meta property=\"og:image:type\" content=\"image\/jpeg\" \/>\n<meta name=\"twitter:card\" content=\"summary_large_image\" \/>\n<meta name=\"twitter:label1\" content=\"Est. reading time\" \/>\n\t<meta name=\"twitter:data1\" content=\"2 minutes\" \/>\n<script type=\"application\/ld+json\" class=\"yoast-schema-graph\">{\"@context\":\"https:\/\/schema.org\",\"@graph\":[{\"@type\":\"WebPage\",\"@id\":\"https:\/\/kgerad.de\/produkt\/bmx-race-sunn-royal-finest-cruiser-pro-xl-weiss-2022\/\",\"url\":\"https:\/\/kgerad.de\/produkt\/bmx-race-sunn-royal-finest-cruiser-pro-xl-weiss-2022\/\",\"name\":\"BMX RACE SUNN ROYAL FINEST CRUISER PRO XL WEISS 2022\",\"isPartOf\":{\"@id\":\"https:\/\/kgerad.de\/#website\"},\"primaryImageOfPage\":{\"@id\":\"https:\/\/kgerad.de\/produkt\/bmx-race-sunn-royal-finest-cruiser-pro-xl-weiss-2022\/#primaryimage\"},\"image\":{\"@id\":\"https:\/\/kgerad.de\/produkt\/bmx-race-sunn-royal-finest-cruiser-pro-xl-weiss-2022\/#primaryimage\"},\"thumbnailUrl\":\"https:\/\/kgerad.de\/wp-content\/uploads\/2023\/06\/BMX-RACE-SUNN-ROYAL-FINEST-CRUISER-PRO-XL-WEISS-2022.jpg\",\"datePublished\":\"2022-08-23T16:52:40+00:00\",\"dateModified\":\"2023-08-10T17:15:04+00:00\",\"description\":\"Entdecken Sie unseren Online-Fahrradladen: Gro\u00dfe Auswahl an Modellen f\u00fcr alle Radsportbegeisterten. Von Rennr\u00e4dern bis zu Mountainbikes - finden Sie heute Ihren perfekten Wegbegleiter!\",\"breadcrumb\":{\"@id\":\"https:\/\/kgerad.de\/produkt\/bmx-race-sunn-royal-finest-cruiser-pro-xl-weiss-2022\/#breadcrumb\"},\"inLanguage\":\"en-US\",\"potentialAction\":[{\"@type\":\"ReadAction\",\"target\":[\"https:\/\/kgerad.de\/produkt\/bmx-race-sunn-royal-finest-cruiser-pro-xl-weiss-2022\/\"]}]},{\"@type\":\"ImageObject\",\"inLanguage\":\"en-US\",\"@id\":\"https:\/\/kgerad.de\/produkt\/bmx-race-sunn-royal-finest-cruiser-pro-xl-weiss-2022\/#primaryimage\",\"url\":\"https:\/\/kgerad.de\/wp-content\/uploads\/2023\/06\/BMX-RACE-SUNN-ROYAL-FINEST-CRUISER-PRO-XL-WEISS-2022.jpg\",\"contentUrl\":\"https:\/\/kgerad.de\/wp-content\/uploads\/2023\/06\/BMX-RACE-SUNN-ROYAL-FINEST-CRUISER-PRO-XL-WEISS-2022.jpg\",\"width\":600,\"height\":408,\"caption\":\"BMX RACE SUNN ROYAL FINEST CRUISER PRO XL WEISS 2022\"},{\"@type\":\"BreadcrumbList\",\"@id\":\"https:\/\/kgerad.de\/produkt\/bmx-race-sunn-royal-finest-cruiser-pro-xl-weiss-2022\/#breadcrumb\",\"itemListElement\":[{\"@type\":\"ListItem\",\"position\":1,\"name\":\"Startseite\",\"item\":\"https:\/\/kgerad.de\/\"},{\"@type\":\"ListItem\",\"position\":2,\"name\":\"LADEN\",\"item\":\"https:\/\/kgerad.de\/laden\/\"},{\"@type\":\"ListItem\",\"position\":3,\"name\":\"BMX RACE SUNN ROYAL FINEST CRUISER PRO XL WEISS 2022\"}]},{\"@type\":\"WebSite\",\"@id\":\"https:\/\/kgerad.de\/#website\",\"url\":\"https:\/\/kgerad.de\/\",\"name\":\"kgerad.de\",\"description\":\"Treten Sie mit uns ins Abenteuer!\",\"publisher\":{\"@id\":\"https:\/\/kgerad.de\/#organization\"},\"alternateName\":\"MEIN RADLADEN\",\"potentialAction\":[{\"@type\":\"SearchAction\",\"target\":{\"@type\":\"EntryPoint\",\"urlTemplate\":\"https:\/\/kgerad.de\/?s={search_term_string}\"},\"query-input\":{\"@type\":\"PropertyValueSpecification\",\"valueRequired\":true,\"valueName\":\"search_term_string\"}}],\"inLanguage\":\"en-US\"},{\"@type\":\"Organization\",\"@id\":\"https:\/\/kgerad.de\/#organization\",\"name\":\"MEINRADLADEN\",\"alternateName\":\"MEIN RADLADEN\",\"url\":\"https:\/\/kgerad.de\/\",\"logo\":{\"@type\":\"ImageObject\",\"inLanguage\":\"en-US\",\"@id\":\"https:\/\/kgerad.de\/#\/schema\/logo\/image\/\",\"url\":\"https:\/\/kgerad.de\/wp-content\/uploads\/2025\/07\/logo-Whit.svg\",\"contentUrl\":\"https:\/\/kgerad.de\/wp-content\/uploads\/2025\/07\/logo-Whit.svg\",\"width\":1640,\"height\":371,\"caption\":\"MEINRADLADEN\"},\"image\":{\"@id\":\"https:\/\/kgerad.de\/#\/schema\/logo\/image\/\"}}]}<\/script>\n<!-- \/ Yoast SEO Premium plugin. -->","yoast_head_json":{"title":"BMX RACE SUNN ROYAL FINEST CRUISER PRO XL WEISS 2022","description":"Entdecken Sie unseren Online-Fahrradladen: Gro\u00dfe Auswahl an Modellen f\u00fcr alle Radsportbegeisterten. Von Rennr\u00e4dern bis zu Mountainbikes - finden Sie heute Ihren perfekten Wegbegleiter!","robots":{"index":"index","follow":"follow","max-snippet":"max-snippet:-1","max-image-preview":"max-image-preview:large","max-video-preview":"max-video-preview:-1"},"canonical":"https:\/\/kgerad.de\/en\/product\/bmx-race-sunn-royal-finest-cruiser-pro-xl-weiss-2022\/","og_locale":"en_US","og_type":"article","og_title":"BMX RACE SUNN ROYAL FINEST CRUISER PRO XL WEISS 2022","og_description":"Entdecken Sie unseren Online-Fahrradladen: Gro\u00dfe Auswahl an Modellen f\u00fcr alle Radsportbegeisterten. Von Rennr\u00e4dern bis zu Mountainbikes - finden Sie heute Ihren perfekten Wegbegleiter!","og_url":"https:\/\/kgerad.de\/en\/product\/bmx-race-sunn-royal-finest-cruiser-pro-xl-weiss-2022\/","og_site_name":"kgerad.de","article_modified_time":"2023-08-10T17:15:04+00:00","og_image":[{"width":600,"height":408,"url":"https:\/\/kgerad.de\/wp-content\/uploads\/2023\/06\/BMX-RACE-SUNN-ROYAL-FINEST-CRUISER-PRO-XL-WEISS-2022.jpg","type":"image\/jpeg"}],"twitter_card":"summary_large_image","twitter_misc":{"Est. reading time":"2 minutes"},"schema":{"@context":"https:\/\/schema.org","@graph":[{"@type":"WebPage","@id":"https:\/\/kgerad.de\/produkt\/bmx-race-sunn-royal-finest-cruiser-pro-xl-weiss-2022\/","url":"https:\/\/kgerad.de\/produkt\/bmx-race-sunn-royal-finest-cruiser-pro-xl-weiss-2022\/","name":"BMX RACE SUNN ROYAL FINEST CRUISER PRO XL WEISS 2022","isPartOf":{"@id":"https:\/\/kgerad.de\/#website"},"primaryImageOfPage":{"@id":"https:\/\/kgerad.de\/produkt\/bmx-race-sunn-royal-finest-cruiser-pro-xl-weiss-2022\/#primaryimage"},"image":{"@id":"https:\/\/kgerad.de\/produkt\/bmx-race-sunn-royal-finest-cruiser-pro-xl-weiss-2022\/#primaryimage"},"thumbnailUrl":"https:\/\/kgerad.de\/wp-content\/uploads\/2023\/06\/BMX-RACE-SUNN-ROYAL-FINEST-CRUISER-PRO-XL-WEISS-2022.jpg","datePublished":"2022-08-23T16:52:40+00:00","dateModified":"2023-08-10T17:15:04+00:00","description":"Entdecken Sie unseren Online-Fahrradladen: Gro\u00dfe Auswahl an Modellen f\u00fcr alle Radsportbegeisterten. Von Rennr\u00e4dern bis zu Mountainbikes - finden Sie heute Ihren perfekten Wegbegleiter!","breadcrumb":{"@id":"https:\/\/kgerad.de\/produkt\/bmx-race-sunn-royal-finest-cruiser-pro-xl-weiss-2022\/#breadcrumb"},"inLanguage":"en-US","potentialAction":[{"@type":"ReadAction","target":["https:\/\/kgerad.de\/produkt\/bmx-race-sunn-royal-finest-cruiser-pro-xl-weiss-2022\/"]}]},{"@type":"ImageObject","inLanguage":"en-US","@id":"https:\/\/kgerad.de\/produkt\/bmx-race-sunn-royal-finest-cruiser-pro-xl-weiss-2022\/#primaryimage","url":"https:\/\/kgerad.de\/wp-content\/uploads\/2023\/06\/BMX-RACE-SUNN-ROYAL-FINEST-CRUISER-PRO-XL-WEISS-2022.jpg","contentUrl":"https:\/\/kgerad.de\/wp-content\/uploads\/2023\/06\/BMX-RACE-SUNN-ROYAL-FINEST-CRUISER-PRO-XL-WEISS-2022.jpg","width":600,"height":408,"caption":"BMX RACE SUNN ROYAL FINEST CRUISER PRO XL WEISS 2022"},{"@type":"BreadcrumbList","@id":"https:\/\/kgerad.de\/produkt\/bmx-race-sunn-royal-finest-cruiser-pro-xl-weiss-2022\/#breadcrumb","itemListElement":[{"@type":"ListItem","position":1,"name":"Startseite","item":"https:\/\/kgerad.de\/"},{"@type":"ListItem","position":2,"name":"LADEN","item":"https:\/\/kgerad.de\/laden\/"},{"@type":"ListItem","position":3,"name":"BMX RACE SUNN ROYAL FINEST CRUISER PRO XL WEISS 2022"}]},{"@type":"WebSite","@id":"https:\/\/kgerad.de\/#website","url":"https:\/\/kgerad.de\/","name":"kgerad.de","description":"Treten Sie mit uns ins Abenteuer!","publisher":{"@id":"https:\/\/kgerad.de\/#organization"},"alternateName":"MEIN RADLADEN","potentialAction":[{"@type":"SearchAction","target":{"@type":"EntryPoint","urlTemplate":"https:\/\/kgerad.de\/?s={search_term_string}"},"query-input":{"@type":"PropertyValueSpecification","valueRequired":true,"valueName":"search_term_string"}}],"inLanguage":"en-US"},{"@type":"Organization","@id":"https:\/\/kgerad.de\/#organization","name":"MEINRADLADEN","alternateName":"MEIN RADLADEN","url":"https:\/\/kgerad.de\/","logo":{"@type":"ImageObject","inLanguage":"en-US","@id":"https:\/\/kgerad.de\/#\/schema\/logo\/image\/","url":"https:\/\/kgerad.de\/wp-content\/uploads\/2025\/07\/logo-Whit.svg","contentUrl":"https:\/\/kgerad.de\/wp-content\/uploads\/2025\/07\/logo-Whit.svg","width":1640,"height":371,"caption":"MEINRADLADEN"},"image":{"@id":"https:\/\/kgerad.de\/#\/schema\/logo\/image\/"}}]}},"_links":{"self":[{"href":"https:\/\/kgerad.de\/en\/wp-json\/wp\/v2\/product\/14128","targetHints":{"allow":["GET"]}}],"collection":[{"href":"https:\/\/kgerad.de\/en\/wp-json\/wp\/v2\/product"}],"about":[{"href":"https:\/\/kgerad.de\/en\/wp-json\/wp\/v2\/types\/product"}],"replies":[{"embeddable":true,"href":"https:\/\/kgerad.de\/en\/wp-json\/wp\/v2\/comments?post=14128"}],"version-history":[{"count":2,"href":"https:\/\/kgerad.de\/en\/wp-json\/wp\/v2\/product\/14128\/revisions"}],"predecessor-version":[{"id":78692,"href":"https:\/\/kgerad.de\/en\/wp-json\/wp\/v2\/product\/14128\/revisions\/78692"}],"wp:featuredmedia":[{"embeddable":true,"href":"https:\/\/kgerad.de\/en\/wp-json\/wp\/v2\/media\/61002"}],"wp:attachment":[{"href":"https:\/\/kgerad.de\/en\/wp-json\/wp\/v2\/media?parent=14128"}],"wp:term":[{"taxonomy":"product_brand","embeddable":true,"href":"https:\/\/kgerad.de\/en\/wp-json\/wp\/v2\/product_brand?post=14128"},{"taxonomy":"product_cat","embeddable":true,"href":"https:\/\/kgerad.de\/en\/wp-json\/wp\/v2\/product_cat?post=14128"},{"taxonomy":"product_tag","embeddable":true,"href":"https:\/\/kgerad.de\/en\/wp-json\/wp\/v2\/product_tag?post=14128"}],"curies":[{"name":"wp","href":"https:\/\/api.w.org\/{rel}","templated":true}]}}