{"id":14003,"date":"2022-08-22T15:07:45","date_gmt":"2022-08-22T13:07:45","guid":{"rendered":"https:\/\/kgerad.de\/?post_type=product&#038;p=14003"},"modified":"2023-08-10T19:24:35","modified_gmt":"2023-08-10T17:24:35","slug":"wilier-triestina-jena-hybrid-elektro-gravelbike-blau-orange-2022","status":"publish","type":"product","link":"https:\/\/kgerad.de\/en\/product\/wilier-triestina-jena-hybrid-elektro-gravelbike-blau-orange-2022\/","title":{"rendered":"WILIER TRIESTINA JENA HYBRID ELEKTRO-GRAVELBIKE BLAU ORANGE 2022"},"content":{"rendered":"<div id=\"product-header-order-name\" class=\"col-lg-20 col-md-20 col-sm-20 col-xs-20\">\n<h2 class=\"heading-title-text\">WILIER TRIESTINA JENA HYBRID ELEKTRO-GRAVELBIKE SHIMANO GRX 11S 250 WH 700 MM BLAU ORANGE 2022<\/h2>\n<\/div>\n<div id=\"product-header-order-form\" class=\"js-reload-on-event col-lg-20 col-md-20 col-sm-20 col-xs-20\" data-to-watch=\"body\" data-event=\"alltricks:cartChanged\" data-url=\"\/ajax\/product\/ajouter\/F-41505-velos-route-_-cyclocross-_-triathlon\/P-2308591-wilier_triestina_jena_hybrid_elektro_gravelbike_shimano_grx_11s_250_wh_700_mm_blau_orange_2022\">\n<div class=\"col col-sm-12 col-md-12 col-lg-12\">\n<p>Das\u00a0<strong>Wilier Triestina Jena Hybrid<\/strong>\u00a0hat einen Rahmen und eine Gabel aus Carbon-Monocoque. Die Geometrie des Rahmens \u00e4hnelt der des Jena und bietet eine leistungsstarke Ausdauerfahrt in Kombination mit einer komfortablen Fahrposition f\u00fcr lange Stunden im Sattel.<\/p>\n<p>Das Jena Hybrid verf\u00fcgt \u00fcber traditionelle Komponenten wie hydraulische Scheibenbremsen, 11-Gang-Schaltung und Carbon- oder Aluminiumfelgen. Die einzige Komponente, die der traditionellen Konfiguration hinzugef\u00fcgt wurde, ist die Hinterradnabe, die den 40 Nm Ebikemotion-Motor zur Unterst\u00fctzung der Tretbewegung enth\u00e4lt. Der Motor wird von einer 250-Wh-Batterie gespeist, die perfekt in das Unterrohr des Rahmens integriert ist. Die Steuerung des Systems (Einschalten, Ausschalten und \u00dcberwachung) erfolgt \u00fcber die am Lenker angebrachte iWoc-Taste, mit der der Fahrer die verschiedenen Unterst\u00fctzungsmodi von Jena Hybrid ausw\u00e4hlen kann.<\/p>\n<p>Der Benutzerfreundlichkeit von Jena Hybrid und den verf\u00fcgbaren Konfigurationen sind praktisch keine Grenzen gesetzt. Der Freiraum zwischen Rahmen\/Gabel und Laufr\u00e4dern erlaubt es, gro\u00dfz\u00fcgig dimensionierte Reifen auf 28&#8243;-Laufr\u00e4dern oder 650B-MTB-Laufr\u00e4dern zu montieren. Bei 28&#8243;-Laufr\u00e4dern k\u00f6nnen Sie Reifen mit einer Breite von bis zu 44 mm montieren, w\u00e4hrend Sie bei 650B-MTB-Laufr\u00e4dern Reifen mit einer Breite von 48 mm montieren k\u00f6nnen, was 1,95&#8243; entspricht (getestet mit Vittoria-Reifen). Es sind zahlreiche Halterungen verf\u00fcgbar, die die Montage von Flaschenhaltern, Taschen, Gep\u00e4cktr\u00e4gern und Schutzblechen erm\u00f6glichen. An der Vorderradgabel k\u00f6nnen zum Beispiel zwei Flaschenhalter oder ein Lowrider-Tr\u00e4ger f\u00fcr Taschen angebracht werden.<\/p>\n<p>Das X35+ PAS (Pedal Assist System) umfasst eine Reihe von Komponenten, die sich nahtlos in die neuesten Rennr\u00e4der integrieren lassen. Mit einem Gesamtgewicht von nur 3,5 kg (Motor, Akku, Kabel und Controller) ist es eines der leichtesten PAS auf dem Markt. Unsere X35+ Version nutzt das ANT+ Kommunikationsprotokoll, um sich mit den modernsten Fahrradcomputern auf dem Markt zu verbinden.<\/p>\n<p>Der Motor befindet sich in der Nabe des Hinterrads, so dass die untere Halterung die gleiche Gr\u00f6\u00dfe wie bei einem normalen Fahrrad hat. Dadurch k\u00f6nnen Sie Standard-Kettens\u00e4tze installieren. Bei dieser L\u00f6sung bleibt das Tretgef\u00fchl eines herk\u00f6mmlichen Fahrrads erhalten.<\/p>\n<\/div>\n<div class=\"prodsheet_bullets col col-sm-8 col-md-8 col-lg-8\">\n<h4>HAUPTMERKMALE:<\/h4>\n<ul>\n<li>NH-MOD Monocoque-Rahmen und -Gabel aus Carbon.<\/li>\n<li>Mahle Ebikemotion X35+ Tretunterst\u00fctzungssystem.<\/li>\n<li>Shimano GRX 2&#215;11-Gang-Antriebsgruppe.<\/li>\n<li>Hydraulische Scheibenbremsen Shimano GRX RX400, 160\/160 mm.<\/li>\n<\/ul>\n<\/div>\n<div class=\"prodsheet_specs1 col col-sm-12 col-md-12 col-lg-12\">\n<h4>EIGENSCHAFTEN:<\/h4>\n<table class=\"table table-striped\">\n<tbody>\n<tr>\n<td>Rahmen<\/td>\n<td>Carbon: Carbon Monocoque NH-MOD, 136 mm (QR-Typ), Reifenfreiheit: 44 mm<\/td>\n<\/tr>\n<tr>\n<td>Gabel<\/td>\n<td>Carbon: Carbon Monocoque NH-MOD, 100 mm (Steckachsen-Typ)<\/td>\n<\/tr>\n<tr>\n<td>Motor<\/td>\n<td>Mahle Ebikemotion X35+ Motor Hub Drive, 250 W, 40 Nm, 25 km\/h<\/td>\n<\/tr>\n<tr>\n<td>Akku<\/td>\n<td>Unterrohr-Akku, 250 Wh<\/td>\n<\/tr>\n<tr>\n<td>Schaltung<\/td>\n<td>Shimano GRX ST-RX600, 2&#215;11-fach<\/td>\n<\/tr>\n<tr>\n<td>Schaltwerk<\/td>\n<td>Shimano GRX RD-RX812, 11-fach<\/td>\n<\/tr>\n<tr>\n<td>Kassette<\/td>\n<td>Shimano CS-M7000-11, 11-42T<\/td>\n<\/tr>\n<tr>\n<td>Kette<\/td>\n<td>Shimano CN-HG601<\/td>\n<\/tr>\n<tr>\n<td>Kurbelgarnitur<\/td>\n<td>Shimano GRX FC-RX600, 40Z<\/td>\n<\/tr>\n<tr>\n<td>Tretlager<\/td>\n<td>Shimano PressFit BB-RS500-PB<\/td>\n<\/tr>\n<tr>\n<td>Bremsen<\/td>\n<td>Shimano GRX BR-RX400, hydr. Scheibenbremse, Shimano RT66 Rotoren (160\/160)<\/td>\n<\/tr>\n<tr>\n<td>Laufradsatz<\/td>\n<td>Wilier Triestina HY-NDR28AC-EU Legierung<\/td>\n<\/tr>\n<tr>\n<td>Bereifung<\/td>\n<td>Vittoria Terreno Dry, starr, 700x40C<\/td>\n<\/tr>\n<tr>\n<td>Lenker<\/td>\n<td>Ritchey Ergomax Stra\u00dfe Comp<\/td>\n<\/tr>\n<tr>\n<td>Vorbau<\/td>\n<td>Ritchey Comp<\/td>\n<\/tr>\n<tr>\n<td>Steuersatz<\/td>\n<td>FSA MR137 Verj\u00fcngt 1&#8243;1\/8 oben &#8211; 1&#8243;1\/4 unten<\/td>\n<\/tr>\n<tr>\n<td>Sattel<\/td>\n<td>Selle Italia Modell X<\/td>\n<\/tr>\n<tr>\n<td>Sattelst\u00fctze<\/td>\n<td>Ritchey CMP 2-Schrauben-V2-Legierung<\/td>\n<\/tr>\n<tr>\n<td>Gewicht<\/td>\n<td>12.7 kg (Rahmen: 1420 g \/ Gabel: 450 g)<\/td>\n<\/tr>\n<tr>\n<td>Farbe<\/td>\n<td>Y8 &#8211; Blau \/ Orange; Gl\u00e4nzend<\/td>\n<\/tr>\n<tr>\n<td>Referenz<\/td>\n<td>E122YD0<\/td>\n<\/tr>\n<\/tbody>\n<\/table>\n<\/div>\n<div class=\"prodsheet_specs2 col col-sm-8 col-md-8 col-lg-8\">\n<h4>GEOMETRIEN:<\/h4>\n<p><img decoding=\"async\" src=\"http:\/\/media1.alltricks.fr\/ckfinder\/images\/cube_route_geo_en.jpg\" \/><\/p>\n<table class=\"table table-striped\">\n<tbody>\n<tr>\n<td>Rahmengr\u00f6\u00dfe<\/td>\n<td>S<\/td>\n<td>M<\/td>\n<td>L<\/td>\n<td>XL<\/td>\n<\/tr>\n<tr>\n<td>Sitzrohr (mm)<\/td>\n<td>470<\/td>\n<td>500<\/td>\n<td>530<\/td>\n<td>570<\/td>\n<\/tr>\n<tr>\n<td>Oberrohr (mm)<\/td>\n<td>529<\/td>\n<td>553<\/td>\n<td>576<\/td>\n<td>600<\/td>\n<\/tr>\n<tr>\n<td>Kettenstreben (mm)<\/td>\n<td>423<\/td>\n<td>423<\/td>\n<td>423<\/td>\n<td>423<\/td>\n<\/tr>\n<tr>\n<td>L\u00e4nge Steuerrohr (mm)<\/td>\n<td>125<\/td>\n<td>150<\/td>\n<td>175<\/td>\n<td>200<\/td>\n<\/tr>\n<tr>\n<td>Winkel des Steuerrohrs (\u00b0)<\/td>\n<td>70.5<\/td>\n<td>71<\/td>\n<td>71.5<\/td>\n<td>72<\/td>\n<\/tr>\n<tr>\n<td>Sitzrohr-Winkel (\u00b0)<\/td>\n<td>72.8<\/td>\n<td>73.7<\/td>\n<td>73.1<\/td>\n<td>72.8<\/td>\n<\/tr>\n<tr>\n<td>Stapel (mm)<\/td>\n<td>556<\/td>\n<td>582<\/td>\n<td>608<\/td>\n<td>633<\/td>\n<\/tr>\n<tr>\n<td>Reichweite (mm)<\/td>\n<td>373<\/td>\n<td>382<\/td>\n<td>392<\/td>\n<td>401<\/td>\n<\/tr>\n<\/tbody>\n<\/table>\n<\/div>\n<\/div>","protected":false},"excerpt":{"rendered":"<div class=\"col-lg-14 col-md-14 col-sm-14 col-xs-20\"><\/div>\n<div id=\"product-specifications-table\" class=\"col-lg-20 col-md-20 col-sm-20 col-xs-20\">\n<table class=\"table table-striped\">\n<tbody>\n<tr>\n<td class=\"spec-name\">Geschlecht<\/td>\n<td class=\"spec-value\">Herren<\/td>\n<\/tr>\n<tr>\n<td class=\"spec-name\">Gruppe<\/td>\n<td class=\"spec-value\">Shimano GRX 11V<\/td>\n<\/tr>\n<tr>\n<td class=\"spec-name\">collection<\/td>\n<td class=\"spec-value\">2022<\/td>\n<\/tr>\n<\/tbody>\n<\/table>\n<\/div>","protected":false},"featured_media":60970,"comment_status":"open","ping_status":"closed","template":"","meta":[],"product_brand":[],"product_cat":[129],"product_tag":[],"class_list":{"0":"post-14003","1":"product","2":"type-product","3":"status-publish","4":"has-post-thumbnail","6":"product_cat-rennrad","7":"pa_marke-wilier-triestina","9":"first","10":"instock","11":"sale","12":"taxable","13":"shipping-taxable","14":"purchasable","15":"product-type-variable"},"yoast_head":"<!-- This site is optimized with the Yoast SEO Premium plugin v20.12 (Yoast SEO v27.1.1) - https:\/\/yoast.com\/product\/yoast-seo-premium-wordpress\/ -->\n<title>WILIER TRIESTINA JENA HYBRID ELEKTRO-GRAVELBIKE BLAU ORANGE 2022<\/title>\n<meta name=\"description\" content=\"Entdecken Sie unseren Online-Fahrradladen: Gro\u00dfe Auswahl an Modellen f\u00fcr alle Radsportbegeisterten. Von Rennr\u00e4dern bis zu Mountainbikes - finden Sie heute Ihren perfekten Wegbegleiter!\" \/>\n<meta name=\"robots\" content=\"index, follow, max-snippet:-1, max-image-preview:large, max-video-preview:-1\" \/>\n<link rel=\"canonical\" href=\"https:\/\/kgerad.de\/en\/product\/wilier-triestina-jena-hybrid-elektro-gravelbike-blau-orange-2022\/\" \/>\n<meta property=\"og:locale\" content=\"en_US\" \/>\n<meta property=\"og:type\" content=\"article\" \/>\n<meta property=\"og:title\" content=\"WILIER TRIESTINA JENA HYBRID ELEKTRO-GRAVELBIKE BLAU ORANGE 2022\" \/>\n<meta property=\"og:description\" content=\"Entdecken Sie unseren Online-Fahrradladen: Gro\u00dfe Auswahl an Modellen f\u00fcr alle Radsportbegeisterten. Von Rennr\u00e4dern bis zu Mountainbikes - finden Sie heute Ihren perfekten Wegbegleiter!\" \/>\n<meta property=\"og:url\" content=\"https:\/\/kgerad.de\/en\/product\/wilier-triestina-jena-hybrid-elektro-gravelbike-blau-orange-2022\/\" \/>\n<meta property=\"og:site_name\" content=\"kgerad.de\" \/>\n<meta property=\"article:modified_time\" content=\"2023-08-10T17:24:35+00:00\" \/>\n<meta property=\"og:image\" content=\"https:\/\/kgerad.de\/wp-content\/uploads\/2023\/06\/WILIER-TRIESTINA-JENA-HYBRID-ELEKTRO-GRAVELBIKE-SHIMANO-GRX-11S-250-WH-700-MM-BLAU-ORANGE-2022.jpg\" \/>\n\t<meta property=\"og:image:width\" content=\"600\" \/>\n\t<meta property=\"og:image:height\" content=\"407\" \/>\n\t<meta property=\"og:image:type\" content=\"image\/jpeg\" \/>\n<meta name=\"twitter:card\" content=\"summary_large_image\" \/>\n<meta name=\"twitter:label1\" content=\"Est. reading time\" \/>\n\t<meta name=\"twitter:data1\" content=\"4 minutes\" \/>\n<script type=\"application\/ld+json\" class=\"yoast-schema-graph\">{\"@context\":\"https:\/\/schema.org\",\"@graph\":[{\"@type\":\"WebPage\",\"@id\":\"https:\/\/kgerad.de\/produkt\/wilier-triestina-jena-hybrid-elektro-gravelbike-blau-orange-2022\/\",\"url\":\"https:\/\/kgerad.de\/produkt\/wilier-triestina-jena-hybrid-elektro-gravelbike-blau-orange-2022\/\",\"name\":\"WILIER TRIESTINA JENA HYBRID ELEKTRO-GRAVELBIKE BLAU ORANGE 2022\",\"isPartOf\":{\"@id\":\"https:\/\/kgerad.de\/#website\"},\"primaryImageOfPage\":{\"@id\":\"https:\/\/kgerad.de\/produkt\/wilier-triestina-jena-hybrid-elektro-gravelbike-blau-orange-2022\/#primaryimage\"},\"image\":{\"@id\":\"https:\/\/kgerad.de\/produkt\/wilier-triestina-jena-hybrid-elektro-gravelbike-blau-orange-2022\/#primaryimage\"},\"thumbnailUrl\":\"https:\/\/kgerad.de\/wp-content\/uploads\/2023\/06\/WILIER-TRIESTINA-JENA-HYBRID-ELEKTRO-GRAVELBIKE-SHIMANO-GRX-11S-250-WH-700-MM-BLAU-ORANGE-2022.jpg\",\"datePublished\":\"2022-08-22T13:07:45+00:00\",\"dateModified\":\"2023-08-10T17:24:35+00:00\",\"description\":\"Entdecken Sie unseren Online-Fahrradladen: Gro\u00dfe Auswahl an Modellen f\u00fcr alle Radsportbegeisterten. Von Rennr\u00e4dern bis zu Mountainbikes - finden Sie heute Ihren perfekten Wegbegleiter!\",\"breadcrumb\":{\"@id\":\"https:\/\/kgerad.de\/produkt\/wilier-triestina-jena-hybrid-elektro-gravelbike-blau-orange-2022\/#breadcrumb\"},\"inLanguage\":\"en-US\",\"potentialAction\":[{\"@type\":\"ReadAction\",\"target\":[\"https:\/\/kgerad.de\/produkt\/wilier-triestina-jena-hybrid-elektro-gravelbike-blau-orange-2022\/\"]}]},{\"@type\":\"ImageObject\",\"inLanguage\":\"en-US\",\"@id\":\"https:\/\/kgerad.de\/produkt\/wilier-triestina-jena-hybrid-elektro-gravelbike-blau-orange-2022\/#primaryimage\",\"url\":\"https:\/\/kgerad.de\/wp-content\/uploads\/2023\/06\/WILIER-TRIESTINA-JENA-HYBRID-ELEKTRO-GRAVELBIKE-SHIMANO-GRX-11S-250-WH-700-MM-BLAU-ORANGE-2022.jpg\",\"contentUrl\":\"https:\/\/kgerad.de\/wp-content\/uploads\/2023\/06\/WILIER-TRIESTINA-JENA-HYBRID-ELEKTRO-GRAVELBIKE-SHIMANO-GRX-11S-250-WH-700-MM-BLAU-ORANGE-2022.jpg\",\"width\":600,\"height\":407,\"caption\":\"WILIER TRIESTINA JENA HYBRID ELEKTRO-GRAVELBIKE SHIMANO GRX 11S 250 WH 700 MM BLAU ORANGE 2022\"},{\"@type\":\"BreadcrumbList\",\"@id\":\"https:\/\/kgerad.de\/produkt\/wilier-triestina-jena-hybrid-elektro-gravelbike-blau-orange-2022\/#breadcrumb\",\"itemListElement\":[{\"@type\":\"ListItem\",\"position\":1,\"name\":\"Startseite\",\"item\":\"https:\/\/kgerad.de\/\"},{\"@type\":\"ListItem\",\"position\":2,\"name\":\"LADEN\",\"item\":\"https:\/\/kgerad.de\/laden\/\"},{\"@type\":\"ListItem\",\"position\":3,\"name\":\"WILIER TRIESTINA JENA HYBRID ELEKTRO-GRAVELBIKE BLAU ORANGE 2022\"}]},{\"@type\":\"WebSite\",\"@id\":\"https:\/\/kgerad.de\/#website\",\"url\":\"https:\/\/kgerad.de\/\",\"name\":\"kgerad.de\",\"description\":\"Treten Sie mit uns ins Abenteuer!\",\"publisher\":{\"@id\":\"https:\/\/kgerad.de\/#organization\"},\"alternateName\":\"MEIN RADLADEN\",\"potentialAction\":[{\"@type\":\"SearchAction\",\"target\":{\"@type\":\"EntryPoint\",\"urlTemplate\":\"https:\/\/kgerad.de\/?s={search_term_string}\"},\"query-input\":{\"@type\":\"PropertyValueSpecification\",\"valueRequired\":true,\"valueName\":\"search_term_string\"}}],\"inLanguage\":\"en-US\"},{\"@type\":\"Organization\",\"@id\":\"https:\/\/kgerad.de\/#organization\",\"name\":\"MEINRADLADEN\",\"alternateName\":\"MEIN RADLADEN\",\"url\":\"https:\/\/kgerad.de\/\",\"logo\":{\"@type\":\"ImageObject\",\"inLanguage\":\"en-US\",\"@id\":\"https:\/\/kgerad.de\/#\/schema\/logo\/image\/\",\"url\":\"https:\/\/kgerad.de\/wp-content\/uploads\/2025\/07\/logo-Whit.svg\",\"contentUrl\":\"https:\/\/kgerad.de\/wp-content\/uploads\/2025\/07\/logo-Whit.svg\",\"width\":1640,\"height\":371,\"caption\":\"MEINRADLADEN\"},\"image\":{\"@id\":\"https:\/\/kgerad.de\/#\/schema\/logo\/image\/\"}}]}<\/script>\n<!-- \/ Yoast SEO Premium plugin. -->","yoast_head_json":{"title":"WILIER TRIESTINA JENA HYBRID ELEKTRO-GRAVELBIKE BLAU ORANGE 2022","description":"Entdecken Sie unseren Online-Fahrradladen: Gro\u00dfe Auswahl an Modellen f\u00fcr alle Radsportbegeisterten. Von Rennr\u00e4dern bis zu Mountainbikes - finden Sie heute Ihren perfekten Wegbegleiter!","robots":{"index":"index","follow":"follow","max-snippet":"max-snippet:-1","max-image-preview":"max-image-preview:large","max-video-preview":"max-video-preview:-1"},"canonical":"https:\/\/kgerad.de\/en\/product\/wilier-triestina-jena-hybrid-elektro-gravelbike-blau-orange-2022\/","og_locale":"en_US","og_type":"article","og_title":"WILIER TRIESTINA JENA HYBRID ELEKTRO-GRAVELBIKE BLAU ORANGE 2022","og_description":"Entdecken Sie unseren Online-Fahrradladen: Gro\u00dfe Auswahl an Modellen f\u00fcr alle Radsportbegeisterten. Von Rennr\u00e4dern bis zu Mountainbikes - finden Sie heute Ihren perfekten Wegbegleiter!","og_url":"https:\/\/kgerad.de\/en\/product\/wilier-triestina-jena-hybrid-elektro-gravelbike-blau-orange-2022\/","og_site_name":"kgerad.de","article_modified_time":"2023-08-10T17:24:35+00:00","og_image":[{"width":600,"height":407,"url":"https:\/\/kgerad.de\/wp-content\/uploads\/2023\/06\/WILIER-TRIESTINA-JENA-HYBRID-ELEKTRO-GRAVELBIKE-SHIMANO-GRX-11S-250-WH-700-MM-BLAU-ORANGE-2022.jpg","type":"image\/jpeg"}],"twitter_card":"summary_large_image","twitter_misc":{"Est. reading time":"4 minutes"},"schema":{"@context":"https:\/\/schema.org","@graph":[{"@type":"WebPage","@id":"https:\/\/kgerad.de\/produkt\/wilier-triestina-jena-hybrid-elektro-gravelbike-blau-orange-2022\/","url":"https:\/\/kgerad.de\/produkt\/wilier-triestina-jena-hybrid-elektro-gravelbike-blau-orange-2022\/","name":"WILIER TRIESTINA JENA HYBRID ELEKTRO-GRAVELBIKE BLAU ORANGE 2022","isPartOf":{"@id":"https:\/\/kgerad.de\/#website"},"primaryImageOfPage":{"@id":"https:\/\/kgerad.de\/produkt\/wilier-triestina-jena-hybrid-elektro-gravelbike-blau-orange-2022\/#primaryimage"},"image":{"@id":"https:\/\/kgerad.de\/produkt\/wilier-triestina-jena-hybrid-elektro-gravelbike-blau-orange-2022\/#primaryimage"},"thumbnailUrl":"https:\/\/kgerad.de\/wp-content\/uploads\/2023\/06\/WILIER-TRIESTINA-JENA-HYBRID-ELEKTRO-GRAVELBIKE-SHIMANO-GRX-11S-250-WH-700-MM-BLAU-ORANGE-2022.jpg","datePublished":"2022-08-22T13:07:45+00:00","dateModified":"2023-08-10T17:24:35+00:00","description":"Entdecken Sie unseren Online-Fahrradladen: Gro\u00dfe Auswahl an Modellen f\u00fcr alle Radsportbegeisterten. Von Rennr\u00e4dern bis zu Mountainbikes - finden Sie heute Ihren perfekten Wegbegleiter!","breadcrumb":{"@id":"https:\/\/kgerad.de\/produkt\/wilier-triestina-jena-hybrid-elektro-gravelbike-blau-orange-2022\/#breadcrumb"},"inLanguage":"en-US","potentialAction":[{"@type":"ReadAction","target":["https:\/\/kgerad.de\/produkt\/wilier-triestina-jena-hybrid-elektro-gravelbike-blau-orange-2022\/"]}]},{"@type":"ImageObject","inLanguage":"en-US","@id":"https:\/\/kgerad.de\/produkt\/wilier-triestina-jena-hybrid-elektro-gravelbike-blau-orange-2022\/#primaryimage","url":"https:\/\/kgerad.de\/wp-content\/uploads\/2023\/06\/WILIER-TRIESTINA-JENA-HYBRID-ELEKTRO-GRAVELBIKE-SHIMANO-GRX-11S-250-WH-700-MM-BLAU-ORANGE-2022.jpg","contentUrl":"https:\/\/kgerad.de\/wp-content\/uploads\/2023\/06\/WILIER-TRIESTINA-JENA-HYBRID-ELEKTRO-GRAVELBIKE-SHIMANO-GRX-11S-250-WH-700-MM-BLAU-ORANGE-2022.jpg","width":600,"height":407,"caption":"WILIER TRIESTINA JENA HYBRID ELEKTRO-GRAVELBIKE SHIMANO GRX 11S 250 WH 700 MM BLAU ORANGE 2022"},{"@type":"BreadcrumbList","@id":"https:\/\/kgerad.de\/produkt\/wilier-triestina-jena-hybrid-elektro-gravelbike-blau-orange-2022\/#breadcrumb","itemListElement":[{"@type":"ListItem","position":1,"name":"Startseite","item":"https:\/\/kgerad.de\/"},{"@type":"ListItem","position":2,"name":"LADEN","item":"https:\/\/kgerad.de\/laden\/"},{"@type":"ListItem","position":3,"name":"WILIER TRIESTINA JENA HYBRID ELEKTRO-GRAVELBIKE BLAU ORANGE 2022"}]},{"@type":"WebSite","@id":"https:\/\/kgerad.de\/#website","url":"https:\/\/kgerad.de\/","name":"kgerad.de","description":"Treten Sie mit uns ins Abenteuer!","publisher":{"@id":"https:\/\/kgerad.de\/#organization"},"alternateName":"MEIN RADLADEN","potentialAction":[{"@type":"SearchAction","target":{"@type":"EntryPoint","urlTemplate":"https:\/\/kgerad.de\/?s={search_term_string}"},"query-input":{"@type":"PropertyValueSpecification","valueRequired":true,"valueName":"search_term_string"}}],"inLanguage":"en-US"},{"@type":"Organization","@id":"https:\/\/kgerad.de\/#organization","name":"MEINRADLADEN","alternateName":"MEIN RADLADEN","url":"https:\/\/kgerad.de\/","logo":{"@type":"ImageObject","inLanguage":"en-US","@id":"https:\/\/kgerad.de\/#\/schema\/logo\/image\/","url":"https:\/\/kgerad.de\/wp-content\/uploads\/2025\/07\/logo-Whit.svg","contentUrl":"https:\/\/kgerad.de\/wp-content\/uploads\/2025\/07\/logo-Whit.svg","width":1640,"height":371,"caption":"MEINRADLADEN"},"image":{"@id":"https:\/\/kgerad.de\/#\/schema\/logo\/image\/"}}]}},"_links":{"self":[{"href":"https:\/\/kgerad.de\/en\/wp-json\/wp\/v2\/product\/14003","targetHints":{"allow":["GET"]}}],"collection":[{"href":"https:\/\/kgerad.de\/en\/wp-json\/wp\/v2\/product"}],"about":[{"href":"https:\/\/kgerad.de\/en\/wp-json\/wp\/v2\/types\/product"}],"replies":[{"embeddable":true,"href":"https:\/\/kgerad.de\/en\/wp-json\/wp\/v2\/comments?post=14003"}],"version-history":[{"count":2,"href":"https:\/\/kgerad.de\/en\/wp-json\/wp\/v2\/product\/14003\/revisions"}],"predecessor-version":[{"id":78719,"href":"https:\/\/kgerad.de\/en\/wp-json\/wp\/v2\/product\/14003\/revisions\/78719"}],"wp:featuredmedia":[{"embeddable":true,"href":"https:\/\/kgerad.de\/en\/wp-json\/wp\/v2\/media\/60970"}],"wp:attachment":[{"href":"https:\/\/kgerad.de\/en\/wp-json\/wp\/v2\/media?parent=14003"}],"wp:term":[{"taxonomy":"product_brand","embeddable":true,"href":"https:\/\/kgerad.de\/en\/wp-json\/wp\/v2\/product_brand?post=14003"},{"taxonomy":"product_cat","embeddable":true,"href":"https:\/\/kgerad.de\/en\/wp-json\/wp\/v2\/product_cat?post=14003"},{"taxonomy":"product_tag","embeddable":true,"href":"https:\/\/kgerad.de\/en\/wp-json\/wp\/v2\/product_tag?post=14003"}],"curies":[{"name":"wp","href":"https:\/\/api.w.org\/{rel}","templated":true}]}}