{"id":13671,"date":"2022-08-20T19:23:45","date_gmt":"2022-08-20T17:23:45","guid":{"rendered":"https:\/\/kgerad.de\/?post_type=product&#038;p=13671"},"modified":"2023-08-10T19:23:44","modified_gmt":"2023-08-10T17:23:44","slug":"bmc-teammachine-slr-five-rennrad-shimano-ultegra-11s-700-mm-rot-2022","status":"publish","type":"product","link":"https:\/\/kgerad.de\/en\/product\/bmc-teammachine-slr-five-rennrad-shimano-ultegra-11s-700-mm-rot-2022\/","title":{"rendered":"BMC TEAMMACHINE SLR FIVE RENNRAD SHIMANO ULTEGRA 11S 700 MM ROT 2022"},"content":{"rendered":"<div id=\"product-header-order-name\" class=\"col-lg-20 col-md-20 col-sm-20 col-xs-20\">\n<h2 class=\"heading-title-text\">BMC TEAMMACHINE SLR FIVE RENNRAD SHIMANO ULTEGRA 11S 700 MM ROT 2022<\/h2>\n<\/div>\n<div id=\"product-header-order-form\" class=\"js-reload-on-event col-lg-20 col-md-20 col-sm-20 col-xs-20\" data-to-watch=\"body\" data-event=\"alltricks:cartChanged\" data-url=\"\/ajax\/product\/ajouter\/F-41505-velos-route-_-cyclocross-_-triathlon\/P-1898218-bmc_teammachine_slr_five_rennrad_shimano_ultegra_11s_700_mm_rot_2022\">\n<div class=\"col col-sm-12 col-md-12 col-lg-12\">\n<p>Vor 10 Jahren brachte BMC ein Fahrrad auf den Markt, das eine Revolution im Design und in der Konstruktion des Performance-Rennrads ausl\u00f6ste. Die <strong>BMC Teammachine SLR FIVE<\/strong>\u00a0 hat jeden wichtigen Titel gewonnen, den ein Fahrrad gewinnen kann, einschlie\u00dflich; Denkm\u00e4ler, Weltmeisterschaften, Olympische Spiele und die Tour de France. Mit dem kombinierten Wissen aus dem letzten Jahrzehnt hat BMC das Spiel erneut ge\u00e4ndert, um ein brandneues, klassenf\u00fchrendes Frameset zu liefern, das f\u00fcr weitere 10 Jahre f\u00fchrend ist.<\/p>\n<p>Die Ingenieure von\u00a0<strong>BMC<\/strong>\u00a0<strong>haben die Teammachine SLR<\/strong>\u00a0nach dem Prinzip der ultimativen Leistung durch funktionale Integration entwickelt, was zu einer un\u00fcbertroffenen Aerodynamik f\u00fchrt. Die neue Teammachine SLR ist dank der neuesten Entwicklung der TCC-Technologie (Tuned Compliance Concept) konformer als je zuvor. Feinabstimmung der Carbon-Layups, des wesentlichen vertikalen Rahmens und des Flex der Sattelst\u00fctze, um die Traktion und Kontrolle zu verbessern und die Muskelerm\u00fcdung zu verringern. Eine aerodynamisch umgeformte Gabel mit Stealth-Ausfallende-Design und integrierter Steckachsmutter zeigt, dass hohe technische Kompetenz mit einer sch\u00f6nen, minimalistischen \u00c4sthetik einhergehen kann.<\/p>\n<\/div>\n<div class=\"prodsheet_bullets col col-sm-8 col-md-8 col-lg-8\">\n<h4>HAUPTEIGENSCHAFTEN:<\/h4>\n<ul>\n<li>Ultimative Leistung durch funktionale Integration.<\/li>\n<li>Dank der neuesten Entwicklung der TCC-Technologie (Tuned Compliance Concept) konformer als je zuvor.<\/li>\n<li>Shimano Ultegra 2&#215;11-Gang-Antrieb.<\/li>\n<li>Shimano Ultegra hydraulische Scheibenbremsen, 160\/140 mm.<\/li>\n<\/ul>\n<\/div>\n<div class=\"prodsheet_specs1 col col-sm-12 col-md-12 col-lg-12\">\n<h4>EIGENSCHAFTEN:<\/h4>\n<table class=\"table table-striped\">\n<tbody>\n<tr>\n<td>Rahmen<\/td>\n<td>Carbon: Teammachine SLR Carbon mit Aerocore-Design, Stealth-Dropout-Design, TCC Race Compliance Level, PF86-Innenlager, integrierte Sattelst\u00fctzenklemme, flach montierte Scheibe, 12&#215;142 mm Steckachse, optimiert f\u00fcr Aerocore-Flaschenhalter, Reifenabstand: 30 mm (gemessene Breite) )<\/td>\n<\/tr>\n<tr>\n<td>Gabel<\/td>\n<td>Carbon: Teammachine SLR Carbon, TCC Race Compliance Level, interne Kabelf\u00fchrung, flach montierte Scheibe, Stealth Dropout Design, 12&#215;100 mm Steckachse, 48 mm Versatz (Gr\u00f6\u00dfe 47-51), 43 mm Versatz (Gr\u00f6\u00dfe 54-61)<\/td>\n<\/tr>\n<tr>\n<td>Schalthebel<\/td>\n<td>Shimano Ultegra, 2&#215;11-Geschwindigkeit<\/td>\n<\/tr>\n<tr>\n<td>Umwerfer<\/td>\n<td>Shimano Ultegra<\/td>\n<\/tr>\n<tr>\n<td>Schaltwerk<\/td>\n<td>Shimano Ultegra, 11-Gang<\/td>\n<\/tr>\n<tr>\n<td>Kassette<\/td>\n<td>Shimano Ultegra, 11-30T<\/td>\n<\/tr>\n<tr>\n<td>Kette<\/td>\n<td>Shimano Ultegra<\/td>\n<\/tr>\n<tr>\n<td>Kurbelgarnitur<\/td>\n<td>Shimano Ultegra, 52 \/ 36T<\/td>\n<\/tr>\n<tr>\n<td>Tretlager<\/td>\n<td>PF86<\/td>\n<\/tr>\n<tr>\n<td>Bremsen<\/td>\n<td>Shimano Ultegra, Hydr. Scheibenbremse (160\/140) RT800 Rotoren<\/td>\n<\/tr>\n<tr>\n<td>Radsatz<\/td>\n<td>Felgen: Mavic Open Disc \/ Naben: CL-712 (vorne) \/ RXC-1425 (hinten), Steckachse<\/td>\n<\/tr>\n<tr>\n<td>Reifen<\/td>\n<td>Vittoria Rubino, 700 x 25 mm<\/td>\n<\/tr>\n<tr>\n<td>Lenker<\/td>\n<td>BMC RAB 02, Ergo Top Shape, Kompaktbiegung, 70 mm Reichweite, 125 mm Gef\u00e4lle<\/td>\n<\/tr>\n<tr>\n<td>Stengel<\/td>\n<td>BMC RSM01, +\/- 8 \u00b0<\/td>\n<\/tr>\n<tr>\n<td>Sattel<\/td>\n<td>Fizik Antares R7<\/td>\n<\/tr>\n<tr>\n<td>Sattelst\u00fctze<\/td>\n<td>Teammachine SLR Carbon D-f\u00f6rmige Sattelst\u00fctze, 15 mm Versatz<\/td>\n<\/tr>\n<tr>\n<td>Gewicht<\/td>\n<td>8,40 kg<\/td>\n<\/tr>\n<tr>\n<td>Gewichtsbeschr\u00e4nkung<\/td>\n<td>110 kg: Das maximale Systemgewicht besteht aus Fahrrad, Fahrer und Ausr\u00fcstung<\/td>\n<\/tr>\n<tr>\n<td>Farbe<\/td>\n<td>rot schwarz<\/td>\n<\/tr>\n<\/tbody>\n<\/table>\n<\/div>\n<div class=\"prodsheet_specs2 col col-sm-8 col-md-8 col-lg-8\">\n<h4>GEOMETRIEN:<\/h4>\n<p><img decoding=\"async\" src=\"http:\/\/media1.alltricks.fr\/ckfinder\/images\/cube_route_geo_en.jpg\" \/><\/p>\n<table class=\"table table-striped\">\n<tbody>\n<tr>\n<td>Rahmengr\u00f6\u00dfe (cm)<\/td>\n<td>47<\/td>\n<td>51<\/td>\n<td>54<\/td>\n<td>56<\/td>\n<td>58<\/td>\n<td>61<\/td>\n<\/tr>\n<tr>\n<td>Sitzrohr (mm)<\/td>\n<td>423<\/td>\n<td>468<\/td>\n<td>504<\/td>\n<td>524<\/td>\n<td>545<\/td>\n<td>574<\/td>\n<\/tr>\n<tr>\n<td>Oberrohr (mm)<\/td>\n<td>517<\/td>\n<td>534<\/td>\n<td>549<\/td>\n<td>559<\/td>\n<td>574<\/td>\n<td>589<\/td>\n<\/tr>\n<tr>\n<td>Kettenstreben (mm)<\/td>\n<td>410<\/td>\n<td>410<\/td>\n<td>410<\/td>\n<td>410<\/td>\n<td>410<\/td>\n<td>410<\/td>\n<\/tr>\n<tr>\n<td>Steuerrohrl\u00e4nge (mm)<\/td>\n<td>110<\/td>\n<td>130<\/td>\n<td>145<\/td>\n<td>165<\/td>\n<td>184<\/td>\n<td>210<\/td>\n<\/tr>\n<tr>\n<td>Steuerrohrwinkel (\u00b0)<\/td>\n<td>71,5<\/td>\n<td>71,5<\/td>\n<td>72.3<\/td>\n<td>72.3<\/td>\n<td>72.3<\/td>\n<td>72.3<\/td>\n<\/tr>\n<tr>\n<td>Sitzrohrwinkel (\u00b0)<\/td>\n<td>73,5<\/td>\n<td>73,5<\/td>\n<td>73,5<\/td>\n<td>73,5<\/td>\n<td>73,5<\/td>\n<td>73,5<\/td>\n<\/tr>\n<tr>\n<td>Radstand (mm)<\/td>\n<td>968<\/td>\n<td>986<\/td>\n<td>989<\/td>\n<td>1000<\/td>\n<td>1015<\/td>\n<td>1030<\/td>\n<\/tr>\n<tr>\n<td>Stapel (mm)<\/td>\n<td>506<\/td>\n<td>530<\/td>\n<td>550<\/td>\n<td>565<\/td>\n<td>584<\/td>\n<td>608<\/td>\n<\/tr>\n<tr>\n<td>Reichweite (mm)<\/td>\n<td>367<\/td>\n<td>377<\/td>\n<td>386<\/td>\n<td>392<\/td>\n<td>401<\/td>\n<td>409<\/td>\n<\/tr>\n<tr>\n<td>Schaftl\u00e4nge (mm)<\/td>\n<td>90<\/td>\n<td>90<\/td>\n<td>100<\/td>\n<td>110<\/td>\n<td>110<\/td>\n<td>120<\/td>\n<\/tr>\n<tr>\n<td>Lenkerbreite (mm)<\/td>\n<td>400<\/td>\n<td>420<\/td>\n<td>420<\/td>\n<td>420<\/td>\n<td>420<\/td>\n<td>440<\/td>\n<\/tr>\n<tr>\n<td>Gabelschwader (mm)<\/td>\n<td>48<\/td>\n<td>48<\/td>\n<td>43<\/td>\n<td>43<\/td>\n<td>43<\/td>\n<td>43<\/td>\n<\/tr>\n<tr>\n<td>Kurbell\u00e4nge (mm)<\/td>\n<td>170<\/td>\n<td>170<\/td>\n<td>172,5<\/td>\n<td>172,5<\/td>\n<td>175<\/td>\n<td>175<\/td>\n<\/tr>\n<\/tbody>\n<\/table>\n<\/div>\n<\/div>","protected":false},"excerpt":{"rendered":"<div class=\"col-lg-14 col-md-14 col-sm-14 col-xs-20\"><\/div>\n<div id=\"product-specifications-table\" class=\"col-lg-20 col-md-20 col-sm-20 col-xs-20\">\n<table class=\"table table-striped\">\n<tbody>\n<tr>\n<td class=\"spec-name\">Geschlecht<\/td>\n<td class=\"spec-value\">Herren<\/td>\n<\/tr>\n<tr>\n<td class=\"spec-name\">Gruppe<\/td>\n<td class=\"spec-value\">Shimano Ultegra 11S<\/td>\n<\/tr>\n<tr>\n<td class=\"spec-name\">collection<\/td>\n<td class=\"spec-value\">2022<\/td>\n<\/tr>\n<\/tbody>\n<\/table>\n<\/div>","protected":false},"featured_media":60966,"comment_status":"open","ping_status":"closed","template":"","meta":[],"product_brand":[],"product_cat":[129],"product_tag":[],"class_list":{"0":"post-13671","1":"product","2":"type-product","3":"status-publish","4":"has-post-thumbnail","6":"product_cat-rennrad","7":"pa_marke-bmc","9":"first","10":"instock","11":"sale","12":"taxable","13":"shipping-taxable","14":"purchasable","15":"product-type-variable"},"yoast_head":"<!-- This site is optimized with the Yoast SEO Premium plugin v20.12 (Yoast SEO v27.1.1) - https:\/\/yoast.com\/product\/yoast-seo-premium-wordpress\/ -->\n<title>BMC TEAMMACHINE SLR FIVE RENNRAD SHIMANO ULTEGRA 11S 700 MM ROT 2022<\/title>\n<meta name=\"description\" content=\"Entdecken Sie unseren Online-Fahrradladen: Gro\u00dfe Auswahl an Modellen f\u00fcr alle Radsportbegeisterten. Von Rennr\u00e4dern bis zu Mountainbikes - finden Sie heute Ihren perfekten Wegbegleiter!\" \/>\n<meta name=\"robots\" content=\"index, follow, max-snippet:-1, max-image-preview:large, max-video-preview:-1\" \/>\n<link rel=\"canonical\" href=\"https:\/\/kgerad.de\/en\/product\/bmc-teammachine-slr-five-rennrad-shimano-ultegra-11s-700-mm-rot-2022\/\" \/>\n<meta property=\"og:locale\" content=\"en_US\" \/>\n<meta property=\"og:type\" content=\"article\" \/>\n<meta property=\"og:title\" content=\"BMC TEAMMACHINE SLR FIVE RENNRAD SHIMANO ULTEGRA 11S 700 MM ROT 2022\" \/>\n<meta property=\"og:description\" content=\"Entdecken Sie unseren Online-Fahrradladen: Gro\u00dfe Auswahl an Modellen f\u00fcr alle Radsportbegeisterten. Von Rennr\u00e4dern bis zu Mountainbikes - finden Sie heute Ihren perfekten Wegbegleiter!\" \/>\n<meta property=\"og:url\" content=\"https:\/\/kgerad.de\/en\/product\/bmc-teammachine-slr-five-rennrad-shimano-ultegra-11s-700-mm-rot-2022\/\" \/>\n<meta property=\"og:site_name\" content=\"kgerad.de\" \/>\n<meta property=\"article:modified_time\" content=\"2023-08-10T17:23:44+00:00\" \/>\n<meta property=\"og:image\" content=\"https:\/\/kgerad.de\/wp-content\/uploads\/2023\/06\/BMC-TEAMMACHINE-SLR-FIVE-RENNRAD-SHIMANO-ULTEGRA-11S-700-MM-ROT-2022.jpg\" \/>\n\t<meta property=\"og:image:width\" content=\"600\" \/>\n\t<meta property=\"og:image:height\" content=\"408\" \/>\n\t<meta property=\"og:image:type\" content=\"image\/jpeg\" \/>\n<meta name=\"twitter:card\" content=\"summary_large_image\" \/>\n<meta name=\"twitter:label1\" content=\"Est. reading time\" \/>\n\t<meta name=\"twitter:data1\" content=\"3 minutes\" \/>\n<script type=\"application\/ld+json\" class=\"yoast-schema-graph\">{\"@context\":\"https:\/\/schema.org\",\"@graph\":[{\"@type\":\"WebPage\",\"@id\":\"https:\/\/kgerad.de\/produkt\/bmc-teammachine-slr-five-rennrad-shimano-ultegra-11s-700-mm-rot-2022\/\",\"url\":\"https:\/\/kgerad.de\/produkt\/bmc-teammachine-slr-five-rennrad-shimano-ultegra-11s-700-mm-rot-2022\/\",\"name\":\"BMC TEAMMACHINE SLR FIVE RENNRAD SHIMANO ULTEGRA 11S 700 MM ROT 2022\",\"isPartOf\":{\"@id\":\"https:\/\/kgerad.de\/#website\"},\"primaryImageOfPage\":{\"@id\":\"https:\/\/kgerad.de\/produkt\/bmc-teammachine-slr-five-rennrad-shimano-ultegra-11s-700-mm-rot-2022\/#primaryimage\"},\"image\":{\"@id\":\"https:\/\/kgerad.de\/produkt\/bmc-teammachine-slr-five-rennrad-shimano-ultegra-11s-700-mm-rot-2022\/#primaryimage\"},\"thumbnailUrl\":\"https:\/\/kgerad.de\/wp-content\/uploads\/2023\/06\/BMC-TEAMMACHINE-SLR-FIVE-RENNRAD-SHIMANO-ULTEGRA-11S-700-MM-ROT-2022.jpg\",\"datePublished\":\"2022-08-20T17:23:45+00:00\",\"dateModified\":\"2023-08-10T17:23:44+00:00\",\"description\":\"Entdecken Sie unseren Online-Fahrradladen: Gro\u00dfe Auswahl an Modellen f\u00fcr alle Radsportbegeisterten. Von Rennr\u00e4dern bis zu Mountainbikes - finden Sie heute Ihren perfekten Wegbegleiter!\",\"breadcrumb\":{\"@id\":\"https:\/\/kgerad.de\/produkt\/bmc-teammachine-slr-five-rennrad-shimano-ultegra-11s-700-mm-rot-2022\/#breadcrumb\"},\"inLanguage\":\"en-US\",\"potentialAction\":[{\"@type\":\"ReadAction\",\"target\":[\"https:\/\/kgerad.de\/produkt\/bmc-teammachine-slr-five-rennrad-shimano-ultegra-11s-700-mm-rot-2022\/\"]}]},{\"@type\":\"ImageObject\",\"inLanguage\":\"en-US\",\"@id\":\"https:\/\/kgerad.de\/produkt\/bmc-teammachine-slr-five-rennrad-shimano-ultegra-11s-700-mm-rot-2022\/#primaryimage\",\"url\":\"https:\/\/kgerad.de\/wp-content\/uploads\/2023\/06\/BMC-TEAMMACHINE-SLR-FIVE-RENNRAD-SHIMANO-ULTEGRA-11S-700-MM-ROT-2022.jpg\",\"contentUrl\":\"https:\/\/kgerad.de\/wp-content\/uploads\/2023\/06\/BMC-TEAMMACHINE-SLR-FIVE-RENNRAD-SHIMANO-ULTEGRA-11S-700-MM-ROT-2022.jpg\",\"width\":600,\"height\":408,\"caption\":\"BMC TEAMMACHINE SLR FIVE RENNRAD SHIMANO ULTEGRA 11S 700 MM ROT 2022\"},{\"@type\":\"BreadcrumbList\",\"@id\":\"https:\/\/kgerad.de\/produkt\/bmc-teammachine-slr-five-rennrad-shimano-ultegra-11s-700-mm-rot-2022\/#breadcrumb\",\"itemListElement\":[{\"@type\":\"ListItem\",\"position\":1,\"name\":\"Startseite\",\"item\":\"https:\/\/kgerad.de\/\"},{\"@type\":\"ListItem\",\"position\":2,\"name\":\"LADEN\",\"item\":\"https:\/\/kgerad.de\/laden\/\"},{\"@type\":\"ListItem\",\"position\":3,\"name\":\"BMC TEAMMACHINE SLR FIVE RENNRAD SHIMANO ULTEGRA 11S 700 MM ROT 2022\"}]},{\"@type\":\"WebSite\",\"@id\":\"https:\/\/kgerad.de\/#website\",\"url\":\"https:\/\/kgerad.de\/\",\"name\":\"kgerad.de\",\"description\":\"Treten Sie mit uns ins Abenteuer!\",\"publisher\":{\"@id\":\"https:\/\/kgerad.de\/#organization\"},\"alternateName\":\"MEIN RADLADEN\",\"potentialAction\":[{\"@type\":\"SearchAction\",\"target\":{\"@type\":\"EntryPoint\",\"urlTemplate\":\"https:\/\/kgerad.de\/?s={search_term_string}\"},\"query-input\":{\"@type\":\"PropertyValueSpecification\",\"valueRequired\":true,\"valueName\":\"search_term_string\"}}],\"inLanguage\":\"en-US\"},{\"@type\":\"Organization\",\"@id\":\"https:\/\/kgerad.de\/#organization\",\"name\":\"MEINRADLADEN\",\"alternateName\":\"MEIN RADLADEN\",\"url\":\"https:\/\/kgerad.de\/\",\"logo\":{\"@type\":\"ImageObject\",\"inLanguage\":\"en-US\",\"@id\":\"https:\/\/kgerad.de\/#\/schema\/logo\/image\/\",\"url\":\"https:\/\/kgerad.de\/wp-content\/uploads\/2025\/07\/logo-Whit.svg\",\"contentUrl\":\"https:\/\/kgerad.de\/wp-content\/uploads\/2025\/07\/logo-Whit.svg\",\"width\":1640,\"height\":371,\"caption\":\"MEINRADLADEN\"},\"image\":{\"@id\":\"https:\/\/kgerad.de\/#\/schema\/logo\/image\/\"}}]}<\/script>\n<!-- \/ Yoast SEO Premium plugin. -->","yoast_head_json":{"title":"BMC TEAMMACHINE SLR FIVE RENNRAD SHIMANO ULTEGRA 11S 700 MM ROT 2022","description":"Entdecken Sie unseren Online-Fahrradladen: Gro\u00dfe Auswahl an Modellen f\u00fcr alle Radsportbegeisterten. Von Rennr\u00e4dern bis zu Mountainbikes - finden Sie heute Ihren perfekten Wegbegleiter!","robots":{"index":"index","follow":"follow","max-snippet":"max-snippet:-1","max-image-preview":"max-image-preview:large","max-video-preview":"max-video-preview:-1"},"canonical":"https:\/\/kgerad.de\/en\/product\/bmc-teammachine-slr-five-rennrad-shimano-ultegra-11s-700-mm-rot-2022\/","og_locale":"en_US","og_type":"article","og_title":"BMC TEAMMACHINE SLR FIVE RENNRAD SHIMANO ULTEGRA 11S 700 MM ROT 2022","og_description":"Entdecken Sie unseren Online-Fahrradladen: Gro\u00dfe Auswahl an Modellen f\u00fcr alle Radsportbegeisterten. Von Rennr\u00e4dern bis zu Mountainbikes - finden Sie heute Ihren perfekten Wegbegleiter!","og_url":"https:\/\/kgerad.de\/en\/product\/bmc-teammachine-slr-five-rennrad-shimano-ultegra-11s-700-mm-rot-2022\/","og_site_name":"kgerad.de","article_modified_time":"2023-08-10T17:23:44+00:00","og_image":[{"width":600,"height":408,"url":"https:\/\/kgerad.de\/wp-content\/uploads\/2023\/06\/BMC-TEAMMACHINE-SLR-FIVE-RENNRAD-SHIMANO-ULTEGRA-11S-700-MM-ROT-2022.jpg","type":"image\/jpeg"}],"twitter_card":"summary_large_image","twitter_misc":{"Est. reading time":"3 minutes"},"schema":{"@context":"https:\/\/schema.org","@graph":[{"@type":"WebPage","@id":"https:\/\/kgerad.de\/produkt\/bmc-teammachine-slr-five-rennrad-shimano-ultegra-11s-700-mm-rot-2022\/","url":"https:\/\/kgerad.de\/produkt\/bmc-teammachine-slr-five-rennrad-shimano-ultegra-11s-700-mm-rot-2022\/","name":"BMC TEAMMACHINE SLR FIVE RENNRAD SHIMANO ULTEGRA 11S 700 MM ROT 2022","isPartOf":{"@id":"https:\/\/kgerad.de\/#website"},"primaryImageOfPage":{"@id":"https:\/\/kgerad.de\/produkt\/bmc-teammachine-slr-five-rennrad-shimano-ultegra-11s-700-mm-rot-2022\/#primaryimage"},"image":{"@id":"https:\/\/kgerad.de\/produkt\/bmc-teammachine-slr-five-rennrad-shimano-ultegra-11s-700-mm-rot-2022\/#primaryimage"},"thumbnailUrl":"https:\/\/kgerad.de\/wp-content\/uploads\/2023\/06\/BMC-TEAMMACHINE-SLR-FIVE-RENNRAD-SHIMANO-ULTEGRA-11S-700-MM-ROT-2022.jpg","datePublished":"2022-08-20T17:23:45+00:00","dateModified":"2023-08-10T17:23:44+00:00","description":"Entdecken Sie unseren Online-Fahrradladen: Gro\u00dfe Auswahl an Modellen f\u00fcr alle Radsportbegeisterten. Von Rennr\u00e4dern bis zu Mountainbikes - finden Sie heute Ihren perfekten Wegbegleiter!","breadcrumb":{"@id":"https:\/\/kgerad.de\/produkt\/bmc-teammachine-slr-five-rennrad-shimano-ultegra-11s-700-mm-rot-2022\/#breadcrumb"},"inLanguage":"en-US","potentialAction":[{"@type":"ReadAction","target":["https:\/\/kgerad.de\/produkt\/bmc-teammachine-slr-five-rennrad-shimano-ultegra-11s-700-mm-rot-2022\/"]}]},{"@type":"ImageObject","inLanguage":"en-US","@id":"https:\/\/kgerad.de\/produkt\/bmc-teammachine-slr-five-rennrad-shimano-ultegra-11s-700-mm-rot-2022\/#primaryimage","url":"https:\/\/kgerad.de\/wp-content\/uploads\/2023\/06\/BMC-TEAMMACHINE-SLR-FIVE-RENNRAD-SHIMANO-ULTEGRA-11S-700-MM-ROT-2022.jpg","contentUrl":"https:\/\/kgerad.de\/wp-content\/uploads\/2023\/06\/BMC-TEAMMACHINE-SLR-FIVE-RENNRAD-SHIMANO-ULTEGRA-11S-700-MM-ROT-2022.jpg","width":600,"height":408,"caption":"BMC TEAMMACHINE SLR FIVE RENNRAD SHIMANO ULTEGRA 11S 700 MM ROT 2022"},{"@type":"BreadcrumbList","@id":"https:\/\/kgerad.de\/produkt\/bmc-teammachine-slr-five-rennrad-shimano-ultegra-11s-700-mm-rot-2022\/#breadcrumb","itemListElement":[{"@type":"ListItem","position":1,"name":"Startseite","item":"https:\/\/kgerad.de\/"},{"@type":"ListItem","position":2,"name":"LADEN","item":"https:\/\/kgerad.de\/laden\/"},{"@type":"ListItem","position":3,"name":"BMC TEAMMACHINE SLR FIVE RENNRAD SHIMANO ULTEGRA 11S 700 MM ROT 2022"}]},{"@type":"WebSite","@id":"https:\/\/kgerad.de\/#website","url":"https:\/\/kgerad.de\/","name":"kgerad.de","description":"Treten Sie mit uns ins Abenteuer!","publisher":{"@id":"https:\/\/kgerad.de\/#organization"},"alternateName":"MEIN RADLADEN","potentialAction":[{"@type":"SearchAction","target":{"@type":"EntryPoint","urlTemplate":"https:\/\/kgerad.de\/?s={search_term_string}"},"query-input":{"@type":"PropertyValueSpecification","valueRequired":true,"valueName":"search_term_string"}}],"inLanguage":"en-US"},{"@type":"Organization","@id":"https:\/\/kgerad.de\/#organization","name":"MEINRADLADEN","alternateName":"MEIN RADLADEN","url":"https:\/\/kgerad.de\/","logo":{"@type":"ImageObject","inLanguage":"en-US","@id":"https:\/\/kgerad.de\/#\/schema\/logo\/image\/","url":"https:\/\/kgerad.de\/wp-content\/uploads\/2025\/07\/logo-Whit.svg","contentUrl":"https:\/\/kgerad.de\/wp-content\/uploads\/2025\/07\/logo-Whit.svg","width":1640,"height":371,"caption":"MEINRADLADEN"},"image":{"@id":"https:\/\/kgerad.de\/#\/schema\/logo\/image\/"}}]}},"_links":{"self":[{"href":"https:\/\/kgerad.de\/en\/wp-json\/wp\/v2\/product\/13671","targetHints":{"allow":["GET"]}}],"collection":[{"href":"https:\/\/kgerad.de\/en\/wp-json\/wp\/v2\/product"}],"about":[{"href":"https:\/\/kgerad.de\/en\/wp-json\/wp\/v2\/types\/product"}],"replies":[{"embeddable":true,"href":"https:\/\/kgerad.de\/en\/wp-json\/wp\/v2\/comments?post=13671"}],"version-history":[{"count":1,"href":"https:\/\/kgerad.de\/en\/wp-json\/wp\/v2\/product\/13671\/revisions"}],"predecessor-version":[{"id":78714,"href":"https:\/\/kgerad.de\/en\/wp-json\/wp\/v2\/product\/13671\/revisions\/78714"}],"wp:featuredmedia":[{"embeddable":true,"href":"https:\/\/kgerad.de\/en\/wp-json\/wp\/v2\/media\/60966"}],"wp:attachment":[{"href":"https:\/\/kgerad.de\/en\/wp-json\/wp\/v2\/media?parent=13671"}],"wp:term":[{"taxonomy":"product_brand","embeddable":true,"href":"https:\/\/kgerad.de\/en\/wp-json\/wp\/v2\/product_brand?post=13671"},{"taxonomy":"product_cat","embeddable":true,"href":"https:\/\/kgerad.de\/en\/wp-json\/wp\/v2\/product_cat?post=13671"},{"taxonomy":"product_tag","embeddable":true,"href":"https:\/\/kgerad.de\/en\/wp-json\/wp\/v2\/product_tag?post=13671"}],"curies":[{"name":"wp","href":"https:\/\/api.w.org\/{rel}","templated":true}]}}