{"id":13645,"date":"2022-08-20T18:43:04","date_gmt":"2022-08-20T16:43:04","guid":{"rendered":"https:\/\/kgerad.de\/?post_type=product&#038;p=13645"},"modified":"2023-08-10T19:32:01","modified_gmt":"2023-08-10T17:32:01","slug":"bmc-teammachine-slr01-four-rennrad-sram-force-etap-axs-12s-700-mm-gelb-2022","status":"publish","type":"product","link":"https:\/\/kgerad.de\/en\/product\/bmc-teammachine-slr01-four-rennrad-sram-force-etap-axs-12s-700-mm-gelb-2022\/","title":{"rendered":"BMC TEAMMACHINE SLR01 FOUR RENNRAD SRAM FORCE ETAP AXS 12S 700 MM GELB 2022"},"content":{"rendered":"<div id=\"product-header-order-name\" class=\"col-lg-20 col-md-20 col-sm-20 col-xs-20\">\n<h2 class=\"heading-title-text\">BMC TEAMMACHINE SLR01 FOUR RENNRAD SRAM FORCE ETAP AXS 12S 700 MM GELB 2022<\/h2>\n<\/div>\n<div id=\"product-header-order-form\" class=\"js-reload-on-event col-lg-20 col-md-20 col-sm-20 col-xs-20\" data-to-watch=\"body\" data-event=\"alltricks:cartChanged\" data-url=\"\/ajax\/product\/ajouter\/F-41505-velos-route-_-cyclocross-_-triathlon\/P-1937993-bmc_teammachine_slr01_four_rennrad_sram_force_etap_axs_12s_700_mm_gelb_2022\">\n<div class=\"col col-sm-12 col-md-12 col-lg-12\">\n<p>Vor 10 Jahren brachte\u00a0<strong>BMC<\/strong> ein Fahrrad auf den Markt, das eine Revolution im Design und Bau des Performance-Rennrads ausl\u00f6ste. Die <strong>BMC Teammachine SLR01 Four<\/strong>\u00a0hat alle wichtigen Titel gewonnen, die ein Fahrrad gewinnen kann, einschlie\u00dflich; Denkm\u00e4ler, Weltmeisterschaften, Olympische Spiele und die Tour de France. Mit dem kombinierten Wissen aus dem letzten Jahrzehnt hat BMC das Spiel erneut ver\u00e4ndert, um ein v\u00f6llig neues, klassenf\u00fchrendes Rahmenset zu liefern, das bereit ist, weitere 10 Jahre lang zu f\u00fchren.<\/p>\n<p>Auf der kontinuierlichen Suche nach ultimativer Leistung haben die BMC-Ingenieure weiter vorangetrieben und das kombinierte Wissen des letzten Jahrzehnts genutzt, um ein klassenf\u00fchrendes Rahmenset zu entwickeln, das f\u00fcr die Zukunft ger\u00fcstet ist. Die neue\u00a0<strong>Teammachine SLR01<\/strong>\u00a0ist dank der neuesten Entwicklung der Tuned Compliance Concept (TCC)-Technologie konformer denn je. Feinabstimmung der Carbon-Layups, der wesentlichen vertikalen Rahmen- und Sattelst\u00fctzenflexibilit\u00e4t, um Traktion und Kontrolle zu verbessern, was zu einer geringeren Muskelerm\u00fcdung f\u00fchrt. Eine aerodynamisch neu geformte Gabel mit Stealth-Dropout-Design und integrierter Steckachsmutter zeigen, dass hohe technische Kompetenz mit sch\u00f6ner, minimalistischer \u00c4sthetik Hand in Hand gehen kann.<\/p>\n<\/div>\n<div class=\"prodsheet_bullets col col-sm-8 col-md-8 col-lg-8\">\n<h4>HAUPTEIGENSCHAFTEN:<\/h4>\n<ul>\n<li>Bereit f\u00fcr die n\u00e4chste Generation von World Tour-Rennsiegern.<\/li>\n<li>V\u00f6llig neues integriertes Cockpitsystem ICS2 mit erheblicher Gewichtseinsparung, hoher Steifigkeit und sauberer \u00c4sthetik.<\/li>\n<li>Sram Force eTap AXS 2&#215;12-fach Antrieb.<\/li>\n<li>Sram Force eTap AXS HRD hydraulische Scheibenbremsen, 160\/160 mm.<\/li>\n<li>CRD-351 SL Carbon-Laufradsatz, 35 mm.<\/li>\n<\/ul>\n<\/div>\n<div class=\"prodsheet_specs1 col col-sm-12 col-md-12 col-lg-12\">\n<h4>EIGENSCHAFTEN:<\/h4>\n<table class=\"table table-striped\">\n<tbody>\n<tr>\n<td>Rahmen<\/td>\n<td>Carbon: Teammachine SLR 01 Premium Carbon mit Aerocore Design, ICS Technologie, Stealth Kabelf\u00fchrung, Integrierte Aerocore Flaschenhalter, Stealth Ausfallende Design, TCC Race Compliance Level, PF86 Innenlager, Integrierte Sattelklemme, Flat Mount Disc, 12&#215;142 mm Steckachse, Reifenfreiheit: 30 mm (gemessene Breite)<\/td>\n<\/tr>\n<tr>\n<td>Gabel<\/td>\n<td>Carbon: Teammachine SLR 01 Premium Carbon, ICS Technologie, Stealth Kabelf\u00fchrung, TCC Race Compliance Level, Stealth Ausfallende Design, Flat Mount Disc, 12&#215;100 mm Steckachse, 48 mm Offset (Gr\u00f6\u00dfe 47-51), 43 mm Offset (Gr\u00f6\u00dfe 54 .) -61)<\/td>\n<\/tr>\n<tr>\n<td>Schalthebel<\/td>\n<td>Sram Force eTap AXS HRD, 2&#215;12-fach<\/td>\n<\/tr>\n<tr>\n<td>Umwerfer<\/td>\n<td>Sram Force eTap AXS<\/td>\n<\/tr>\n<tr>\n<td>Schaltwerk<\/td>\n<td>Sram Force eTap AXS, 12-fach<\/td>\n<\/tr>\n<tr>\n<td>Kassette<\/td>\n<td>Sram Force XG-1270, 10-28T<\/td>\n<\/tr>\n<tr>\n<td>Kette<\/td>\n<td>Sram-Kraft<\/td>\n<\/tr>\n<tr>\n<td>Kurbel<\/td>\n<td>Sram Force AXS, 48\/35T<\/td>\n<\/tr>\n<tr>\n<td>Innenlager<\/td>\n<td>PF86<\/td>\n<\/tr>\n<tr>\n<td>Bremsen<\/td>\n<td>Sram Force eTap AXS HRD, hydr. Scheibenbremse, (160\/160) Centerline XR Rotoren<\/td>\n<\/tr>\n<tr>\n<td>Laufradsatz<\/td>\n<td>Felgen: CRD-351 SL Carbon, Tubeless Ready, 35 mm \/ Naben: CRD-351 SL<\/td>\n<\/tr>\n<tr>\n<td>Reifen<\/td>\n<td>Vittoria Corsa, 25 mm<\/td>\n<\/tr>\n<tr>\n<td>Lenker<\/td>\n<td>BMC RAB 02, Ergo Top Shape, Compact Bend, 70 mm Reach, 125 mm Drop<\/td>\n<\/tr>\n<tr>\n<td>Stengel<\/td>\n<td>BMC ICS2 &#8211; Integriertes Cockpit-Design, -12,5\u00b0<\/td>\n<\/tr>\n<tr>\n<td>Sattel<\/td>\n<td>Fizik Argo Vento R5, 140 mm<\/td>\n<\/tr>\n<tr>\n<td>Sattelst\u00fctze<\/td>\n<td>Teammachine SLR 01 Premium Carbon Sattelst\u00fctze in D-Form, 15 mm Offset<\/td>\n<\/tr>\n<tr>\n<td>Gewicht<\/td>\n<td>7,20 kg<\/td>\n<\/tr>\n<tr>\n<td>Gewichtsbeschr\u00e4nkung<\/td>\n<td>110 kg: Das maximale Systemgewicht besteht aus Fahrrad, Fahrer und Ausr\u00fcstung<\/td>\n<\/tr>\n<tr>\n<td>Farbe<\/td>\n<td>Yellow<\/td>\n<\/tr>\n<\/tbody>\n<\/table>\n<\/div>\n<div class=\"prodsheet_specs2 col col-sm-8 col-md-8 col-lg-8\">\n<h4>GEOMETRIEN:<\/h4>\n<p><img decoding=\"async\" src=\"http:\/\/media1.alltricks.fr\/ckfinder\/images\/cube_route_geo_en.jpg\" \/><\/p>\n<table class=\"table table-striped\">\n<tbody>\n<tr>\n<td>Rahmengr\u00f6\u00dfe (cm)<\/td>\n<td>47<\/td>\n<td>51<\/td>\n<td>54<\/td>\n<td>56<\/td>\n<td>58<\/td>\n<td>61<\/td>\n<\/tr>\n<tr>\n<td>Sitzrohr (mm)<\/td>\n<td>423<\/td>\n<td>468<\/td>\n<td>504<\/td>\n<td>524<\/td>\n<td>545<\/td>\n<td>574<\/td>\n<\/tr>\n<tr>\n<td>Oberrohr (mm)<\/td>\n<td>517<\/td>\n<td>534<\/td>\n<td>549<\/td>\n<td>559<\/td>\n<td>574<\/td>\n<td>589<\/td>\n<\/tr>\n<tr>\n<td>Kettenstreben (mm)<\/td>\n<td>410<\/td>\n<td>410<\/td>\n<td>410<\/td>\n<td>410<\/td>\n<td>410<\/td>\n<td>410<\/td>\n<\/tr>\n<tr>\n<td>Steuerrohrl\u00e4nge (mm)<\/td>\n<td>110<\/td>\n<td>130<\/td>\n<td>145<\/td>\n<td>165<\/td>\n<td>184<\/td>\n<td>210<\/td>\n<\/tr>\n<tr>\n<td>Steuerrohrwinkel (\u00b0)<\/td>\n<td>71,5<\/td>\n<td>71,5<\/td>\n<td>72,3<\/td>\n<td>72,3<\/td>\n<td>72,3<\/td>\n<td>72,3<\/td>\n<\/tr>\n<tr>\n<td>Sitzrohrwinkel (\u00b0)<\/td>\n<td>73,5<\/td>\n<td>73,5<\/td>\n<td>73,5<\/td>\n<td>73,5<\/td>\n<td>73,5<\/td>\n<td>73,5<\/td>\n<\/tr>\n<tr>\n<td>Radstand (mm)<\/td>\n<td>968<\/td>\n<td>986<\/td>\n<td>989<\/td>\n<td>1000<\/td>\n<td>1015<\/td>\n<td>1030<\/td>\n<\/tr>\n<tr>\n<td>Stapel (mm)<\/td>\n<td>506<\/td>\n<td>530<\/td>\n<td>550<\/td>\n<td>565<\/td>\n<td>584<\/td>\n<td>608<\/td>\n<\/tr>\n<tr>\n<td>Reichweite (mm)<\/td>\n<td>367<\/td>\n<td>377<\/td>\n<td>386<\/td>\n<td>392<\/td>\n<td>401<\/td>\n<td>409<\/td>\n<\/tr>\n<tr>\n<td>Schaftl\u00e4nge (mm)<\/td>\n<td>90<\/td>\n<td>100<\/td>\n<td>100<\/td>\n<td>110<\/td>\n<td>110<\/td>\n<td>120<\/td>\n<\/tr>\n<tr>\n<td>Lenkerbreite (mm)<\/td>\n<td>400<\/td>\n<td>420<\/td>\n<td>420<\/td>\n<td>420<\/td>\n<td>420<\/td>\n<td>420<\/td>\n<\/tr>\n<tr>\n<td>Gabelrechen (mm)<\/td>\n<td>48<\/td>\n<td>48<\/td>\n<td>43<\/td>\n<td>43<\/td>\n<td>43<\/td>\n<td>43<\/td>\n<\/tr>\n<tr>\n<td>Kurbell\u00e4nge (mm)<\/td>\n<td>170<\/td>\n<td>170<\/td>\n<td>172,5<\/td>\n<td>172,5<\/td>\n<td>175<\/td>\n<td>175<\/td>\n<\/tr>\n<\/tbody>\n<\/table>\n<\/div>\n<\/div>","protected":false},"excerpt":{"rendered":"<div class=\"col-lg-14 col-md-14 col-sm-14 col-xs-20\"><\/div>\n<div id=\"product-specifications-table\" class=\"col-lg-20 col-md-20 col-sm-20 col-xs-20\">\n<table class=\"table table-striped\">\n<tbody>\n<tr>\n<td class=\"spec-name\">Geschlecht<\/td>\n<td class=\"spec-value\">Herren<\/td>\n<\/tr>\n<tr>\n<td class=\"spec-name\">Gruppe<\/td>\n<td class=\"spec-value\">Sram Force eTap AXS 12V<\/td>\n<\/tr>\n<tr>\n<td class=\"spec-name\">collection<\/td>\n<td class=\"spec-value\">2022<\/td>\n<\/tr>\n<\/tbody>\n<\/table>\n<\/div>","protected":false},"featured_media":60963,"comment_status":"open","ping_status":"closed","template":"","meta":[],"product_brand":[],"product_cat":[129],"product_tag":[],"class_list":{"0":"post-13645","1":"product","2":"type-product","3":"status-publish","4":"has-post-thumbnail","6":"product_cat-rennrad","7":"pa_marke-bmc","9":"first","10":"instock","11":"sale","12":"taxable","13":"shipping-taxable","14":"purchasable","15":"product-type-variable"},"yoast_head":"<!-- This site is optimized with the Yoast SEO Premium plugin v20.12 (Yoast SEO v27.1.1) - https:\/\/yoast.com\/product\/yoast-seo-premium-wordpress\/ -->\n<title>BMC TEAMMACHINE SLR01 FOUR RENNRAD SRAM FORCE ETAP AXS 12S 700 MM GELB 2022<\/title>\n<meta name=\"description\" content=\"Entdecken Sie unseren Online-Fahrradladen: Gro\u00dfe Auswahl an Modellen f\u00fcr alle Radsportbegeisterten. Von Rennr\u00e4dern bis zu Mountainbikes - finden Sie heute Ihren perfekten Wegbegleiter!\" \/>\n<meta name=\"robots\" content=\"index, follow, max-snippet:-1, max-image-preview:large, max-video-preview:-1\" \/>\n<link rel=\"canonical\" href=\"https:\/\/kgerad.de\/en\/product\/bmc-teammachine-slr01-four-rennrad-sram-force-etap-axs-12s-700-mm-gelb-2022\/\" \/>\n<meta property=\"og:locale\" content=\"en_US\" \/>\n<meta property=\"og:type\" content=\"article\" \/>\n<meta property=\"og:title\" content=\"BMC TEAMMACHINE SLR01 FOUR RENNRAD SRAM FORCE ETAP AXS 12S 700 MM GELB 2022\" \/>\n<meta property=\"og:description\" content=\"Entdecken Sie unseren Online-Fahrradladen: Gro\u00dfe Auswahl an Modellen f\u00fcr alle Radsportbegeisterten. Von Rennr\u00e4dern bis zu Mountainbikes - finden Sie heute Ihren perfekten Wegbegleiter!\" \/>\n<meta property=\"og:url\" content=\"https:\/\/kgerad.de\/en\/product\/bmc-teammachine-slr01-four-rennrad-sram-force-etap-axs-12s-700-mm-gelb-2022\/\" \/>\n<meta property=\"og:site_name\" content=\"kgerad.de\" \/>\n<meta property=\"article:modified_time\" content=\"2023-08-10T17:32:01+00:00\" \/>\n<meta property=\"og:image\" content=\"https:\/\/kgerad.de\/wp-content\/uploads\/2023\/06\/BMC-TEAMMACHINE-SLR01-FOUR-RENNRAD-SRAM-FORCE-ETAP-AXS-12S-700-MM-GELB-2022.jpg\" \/>\n\t<meta property=\"og:image:width\" content=\"600\" \/>\n\t<meta property=\"og:image:height\" content=\"408\" \/>\n\t<meta property=\"og:image:type\" content=\"image\/jpeg\" \/>\n<meta name=\"twitter:card\" content=\"summary_large_image\" \/>\n<meta name=\"twitter:label1\" content=\"Est. reading time\" \/>\n\t<meta name=\"twitter:data1\" content=\"4 minutes\" \/>\n<script type=\"application\/ld+json\" class=\"yoast-schema-graph\">{\"@context\":\"https:\/\/schema.org\",\"@graph\":[{\"@type\":\"WebPage\",\"@id\":\"https:\/\/kgerad.de\/produkt\/bmc-teammachine-slr01-four-rennrad-sram-force-etap-axs-12s-700-mm-gelb-2022\/\",\"url\":\"https:\/\/kgerad.de\/produkt\/bmc-teammachine-slr01-four-rennrad-sram-force-etap-axs-12s-700-mm-gelb-2022\/\",\"name\":\"BMC TEAMMACHINE SLR01 FOUR RENNRAD SRAM FORCE ETAP AXS 12S 700 MM GELB 2022\",\"isPartOf\":{\"@id\":\"https:\/\/kgerad.de\/#website\"},\"primaryImageOfPage\":{\"@id\":\"https:\/\/kgerad.de\/produkt\/bmc-teammachine-slr01-four-rennrad-sram-force-etap-axs-12s-700-mm-gelb-2022\/#primaryimage\"},\"image\":{\"@id\":\"https:\/\/kgerad.de\/produkt\/bmc-teammachine-slr01-four-rennrad-sram-force-etap-axs-12s-700-mm-gelb-2022\/#primaryimage\"},\"thumbnailUrl\":\"https:\/\/kgerad.de\/wp-content\/uploads\/2023\/06\/BMC-TEAMMACHINE-SLR01-FOUR-RENNRAD-SRAM-FORCE-ETAP-AXS-12S-700-MM-GELB-2022.jpg\",\"datePublished\":\"2022-08-20T16:43:04+00:00\",\"dateModified\":\"2023-08-10T17:32:01+00:00\",\"description\":\"Entdecken Sie unseren Online-Fahrradladen: Gro\u00dfe Auswahl an Modellen f\u00fcr alle Radsportbegeisterten. Von Rennr\u00e4dern bis zu Mountainbikes - finden Sie heute Ihren perfekten Wegbegleiter!\",\"breadcrumb\":{\"@id\":\"https:\/\/kgerad.de\/produkt\/bmc-teammachine-slr01-four-rennrad-sram-force-etap-axs-12s-700-mm-gelb-2022\/#breadcrumb\"},\"inLanguage\":\"en-US\",\"potentialAction\":[{\"@type\":\"ReadAction\",\"target\":[\"https:\/\/kgerad.de\/produkt\/bmc-teammachine-slr01-four-rennrad-sram-force-etap-axs-12s-700-mm-gelb-2022\/\"]}]},{\"@type\":\"ImageObject\",\"inLanguage\":\"en-US\",\"@id\":\"https:\/\/kgerad.de\/produkt\/bmc-teammachine-slr01-four-rennrad-sram-force-etap-axs-12s-700-mm-gelb-2022\/#primaryimage\",\"url\":\"https:\/\/kgerad.de\/wp-content\/uploads\/2023\/06\/BMC-TEAMMACHINE-SLR01-FOUR-RENNRAD-SRAM-FORCE-ETAP-AXS-12S-700-MM-GELB-2022.jpg\",\"contentUrl\":\"https:\/\/kgerad.de\/wp-content\/uploads\/2023\/06\/BMC-TEAMMACHINE-SLR01-FOUR-RENNRAD-SRAM-FORCE-ETAP-AXS-12S-700-MM-GELB-2022.jpg\",\"width\":600,\"height\":408,\"caption\":\"BMC TEAMMACHINE SLR01 FOUR RENNRAD SRAM FORCE ETAP AXS 12S 700 MM GELB 2022\"},{\"@type\":\"BreadcrumbList\",\"@id\":\"https:\/\/kgerad.de\/produkt\/bmc-teammachine-slr01-four-rennrad-sram-force-etap-axs-12s-700-mm-gelb-2022\/#breadcrumb\",\"itemListElement\":[{\"@type\":\"ListItem\",\"position\":1,\"name\":\"Startseite\",\"item\":\"https:\/\/kgerad.de\/\"},{\"@type\":\"ListItem\",\"position\":2,\"name\":\"LADEN\",\"item\":\"https:\/\/kgerad.de\/laden\/\"},{\"@type\":\"ListItem\",\"position\":3,\"name\":\"BMC TEAMMACHINE SLR01 FOUR RENNRAD SRAM FORCE ETAP AXS 12S 700 MM GELB 2022\"}]},{\"@type\":\"WebSite\",\"@id\":\"https:\/\/kgerad.de\/#website\",\"url\":\"https:\/\/kgerad.de\/\",\"name\":\"kgerad.de\",\"description\":\"Treten Sie mit uns ins Abenteuer!\",\"publisher\":{\"@id\":\"https:\/\/kgerad.de\/#organization\"},\"alternateName\":\"MEIN RADLADEN\",\"potentialAction\":[{\"@type\":\"SearchAction\",\"target\":{\"@type\":\"EntryPoint\",\"urlTemplate\":\"https:\/\/kgerad.de\/?s={search_term_string}\"},\"query-input\":{\"@type\":\"PropertyValueSpecification\",\"valueRequired\":true,\"valueName\":\"search_term_string\"}}],\"inLanguage\":\"en-US\"},{\"@type\":\"Organization\",\"@id\":\"https:\/\/kgerad.de\/#organization\",\"name\":\"MEINRADLADEN\",\"alternateName\":\"MEIN RADLADEN\",\"url\":\"https:\/\/kgerad.de\/\",\"logo\":{\"@type\":\"ImageObject\",\"inLanguage\":\"en-US\",\"@id\":\"https:\/\/kgerad.de\/#\/schema\/logo\/image\/\",\"url\":\"https:\/\/kgerad.de\/wp-content\/uploads\/2025\/07\/logo-Whit.svg\",\"contentUrl\":\"https:\/\/kgerad.de\/wp-content\/uploads\/2025\/07\/logo-Whit.svg\",\"width\":1640,\"height\":371,\"caption\":\"MEINRADLADEN\"},\"image\":{\"@id\":\"https:\/\/kgerad.de\/#\/schema\/logo\/image\/\"}}]}<\/script>\n<!-- \/ Yoast SEO Premium plugin. -->","yoast_head_json":{"title":"BMC TEAMMACHINE SLR01 FOUR RENNRAD SRAM FORCE ETAP AXS 12S 700 MM GELB 2022","description":"Entdecken Sie unseren Online-Fahrradladen: Gro\u00dfe Auswahl an Modellen f\u00fcr alle Radsportbegeisterten. Von Rennr\u00e4dern bis zu Mountainbikes - finden Sie heute Ihren perfekten Wegbegleiter!","robots":{"index":"index","follow":"follow","max-snippet":"max-snippet:-1","max-image-preview":"max-image-preview:large","max-video-preview":"max-video-preview:-1"},"canonical":"https:\/\/kgerad.de\/en\/product\/bmc-teammachine-slr01-four-rennrad-sram-force-etap-axs-12s-700-mm-gelb-2022\/","og_locale":"en_US","og_type":"article","og_title":"BMC TEAMMACHINE SLR01 FOUR RENNRAD SRAM FORCE ETAP AXS 12S 700 MM GELB 2022","og_description":"Entdecken Sie unseren Online-Fahrradladen: Gro\u00dfe Auswahl an Modellen f\u00fcr alle Radsportbegeisterten. Von Rennr\u00e4dern bis zu Mountainbikes - finden Sie heute Ihren perfekten Wegbegleiter!","og_url":"https:\/\/kgerad.de\/en\/product\/bmc-teammachine-slr01-four-rennrad-sram-force-etap-axs-12s-700-mm-gelb-2022\/","og_site_name":"kgerad.de","article_modified_time":"2023-08-10T17:32:01+00:00","og_image":[{"width":600,"height":408,"url":"https:\/\/kgerad.de\/wp-content\/uploads\/2023\/06\/BMC-TEAMMACHINE-SLR01-FOUR-RENNRAD-SRAM-FORCE-ETAP-AXS-12S-700-MM-GELB-2022.jpg","type":"image\/jpeg"}],"twitter_card":"summary_large_image","twitter_misc":{"Est. reading time":"4 minutes"},"schema":{"@context":"https:\/\/schema.org","@graph":[{"@type":"WebPage","@id":"https:\/\/kgerad.de\/produkt\/bmc-teammachine-slr01-four-rennrad-sram-force-etap-axs-12s-700-mm-gelb-2022\/","url":"https:\/\/kgerad.de\/produkt\/bmc-teammachine-slr01-four-rennrad-sram-force-etap-axs-12s-700-mm-gelb-2022\/","name":"BMC TEAMMACHINE SLR01 FOUR RENNRAD SRAM FORCE ETAP AXS 12S 700 MM GELB 2022","isPartOf":{"@id":"https:\/\/kgerad.de\/#website"},"primaryImageOfPage":{"@id":"https:\/\/kgerad.de\/produkt\/bmc-teammachine-slr01-four-rennrad-sram-force-etap-axs-12s-700-mm-gelb-2022\/#primaryimage"},"image":{"@id":"https:\/\/kgerad.de\/produkt\/bmc-teammachine-slr01-four-rennrad-sram-force-etap-axs-12s-700-mm-gelb-2022\/#primaryimage"},"thumbnailUrl":"https:\/\/kgerad.de\/wp-content\/uploads\/2023\/06\/BMC-TEAMMACHINE-SLR01-FOUR-RENNRAD-SRAM-FORCE-ETAP-AXS-12S-700-MM-GELB-2022.jpg","datePublished":"2022-08-20T16:43:04+00:00","dateModified":"2023-08-10T17:32:01+00:00","description":"Entdecken Sie unseren Online-Fahrradladen: Gro\u00dfe Auswahl an Modellen f\u00fcr alle Radsportbegeisterten. Von Rennr\u00e4dern bis zu Mountainbikes - finden Sie heute Ihren perfekten Wegbegleiter!","breadcrumb":{"@id":"https:\/\/kgerad.de\/produkt\/bmc-teammachine-slr01-four-rennrad-sram-force-etap-axs-12s-700-mm-gelb-2022\/#breadcrumb"},"inLanguage":"en-US","potentialAction":[{"@type":"ReadAction","target":["https:\/\/kgerad.de\/produkt\/bmc-teammachine-slr01-four-rennrad-sram-force-etap-axs-12s-700-mm-gelb-2022\/"]}]},{"@type":"ImageObject","inLanguage":"en-US","@id":"https:\/\/kgerad.de\/produkt\/bmc-teammachine-slr01-four-rennrad-sram-force-etap-axs-12s-700-mm-gelb-2022\/#primaryimage","url":"https:\/\/kgerad.de\/wp-content\/uploads\/2023\/06\/BMC-TEAMMACHINE-SLR01-FOUR-RENNRAD-SRAM-FORCE-ETAP-AXS-12S-700-MM-GELB-2022.jpg","contentUrl":"https:\/\/kgerad.de\/wp-content\/uploads\/2023\/06\/BMC-TEAMMACHINE-SLR01-FOUR-RENNRAD-SRAM-FORCE-ETAP-AXS-12S-700-MM-GELB-2022.jpg","width":600,"height":408,"caption":"BMC TEAMMACHINE SLR01 FOUR RENNRAD SRAM FORCE ETAP AXS 12S 700 MM GELB 2022"},{"@type":"BreadcrumbList","@id":"https:\/\/kgerad.de\/produkt\/bmc-teammachine-slr01-four-rennrad-sram-force-etap-axs-12s-700-mm-gelb-2022\/#breadcrumb","itemListElement":[{"@type":"ListItem","position":1,"name":"Startseite","item":"https:\/\/kgerad.de\/"},{"@type":"ListItem","position":2,"name":"LADEN","item":"https:\/\/kgerad.de\/laden\/"},{"@type":"ListItem","position":3,"name":"BMC TEAMMACHINE SLR01 FOUR RENNRAD SRAM FORCE ETAP AXS 12S 700 MM GELB 2022"}]},{"@type":"WebSite","@id":"https:\/\/kgerad.de\/#website","url":"https:\/\/kgerad.de\/","name":"kgerad.de","description":"Treten Sie mit uns ins Abenteuer!","publisher":{"@id":"https:\/\/kgerad.de\/#organization"},"alternateName":"MEIN RADLADEN","potentialAction":[{"@type":"SearchAction","target":{"@type":"EntryPoint","urlTemplate":"https:\/\/kgerad.de\/?s={search_term_string}"},"query-input":{"@type":"PropertyValueSpecification","valueRequired":true,"valueName":"search_term_string"}}],"inLanguage":"en-US"},{"@type":"Organization","@id":"https:\/\/kgerad.de\/#organization","name":"MEINRADLADEN","alternateName":"MEIN RADLADEN","url":"https:\/\/kgerad.de\/","logo":{"@type":"ImageObject","inLanguage":"en-US","@id":"https:\/\/kgerad.de\/#\/schema\/logo\/image\/","url":"https:\/\/kgerad.de\/wp-content\/uploads\/2025\/07\/logo-Whit.svg","contentUrl":"https:\/\/kgerad.de\/wp-content\/uploads\/2025\/07\/logo-Whit.svg","width":1640,"height":371,"caption":"MEINRADLADEN"},"image":{"@id":"https:\/\/kgerad.de\/#\/schema\/logo\/image\/"}}]}},"_links":{"self":[{"href":"https:\/\/kgerad.de\/en\/wp-json\/wp\/v2\/product\/13645","targetHints":{"allow":["GET"]}}],"collection":[{"href":"https:\/\/kgerad.de\/en\/wp-json\/wp\/v2\/product"}],"about":[{"href":"https:\/\/kgerad.de\/en\/wp-json\/wp\/v2\/types\/product"}],"replies":[{"embeddable":true,"href":"https:\/\/kgerad.de\/en\/wp-json\/wp\/v2\/comments?post=13645"}],"version-history":[{"count":2,"href":"https:\/\/kgerad.de\/en\/wp-json\/wp\/v2\/product\/13645\/revisions"}],"predecessor-version":[{"id":78739,"href":"https:\/\/kgerad.de\/en\/wp-json\/wp\/v2\/product\/13645\/revisions\/78739"}],"wp:featuredmedia":[{"embeddable":true,"href":"https:\/\/kgerad.de\/en\/wp-json\/wp\/v2\/media\/60963"}],"wp:attachment":[{"href":"https:\/\/kgerad.de\/en\/wp-json\/wp\/v2\/media?parent=13645"}],"wp:term":[{"taxonomy":"product_brand","embeddable":true,"href":"https:\/\/kgerad.de\/en\/wp-json\/wp\/v2\/product_brand?post=13645"},{"taxonomy":"product_cat","embeddable":true,"href":"https:\/\/kgerad.de\/en\/wp-json\/wp\/v2\/product_cat?post=13645"},{"taxonomy":"product_tag","embeddable":true,"href":"https:\/\/kgerad.de\/en\/wp-json\/wp\/v2\/product_tag?post=13645"}],"curies":[{"name":"wp","href":"https:\/\/api.w.org\/{rel}","templated":true}]}}