{"id":13640,"date":"2022-08-20T18:24:42","date_gmt":"2022-08-20T16:24:42","guid":{"rendered":"https:\/\/kgerad.de\/?post_type=product&#038;p=13640"},"modified":"2023-08-10T19:33:53","modified_gmt":"2023-08-10T17:33:53","slug":"bmc-timemachine-road-01-three-rennrad-sram-rot-schwarz-2022","status":"publish","type":"product","link":"https:\/\/kgerad.de\/en\/product\/bmc-timemachine-road-01-three-rennrad-sram-rot-schwarz-2022\/","title":{"rendered":"BMC TIMEMACHINE ROAD 01 THREE RENNRAD SRAM ROT SCHWARZ 2022"},"content":{"rendered":"<div id=\"product-header-order-name\" class=\"col-lg-20 col-md-20 col-sm-20 col-xs-20\">\n<h2 class=\"heading-title-text\">BMC TIMEMACHINE ROAD 01 THREE RENNRAD SRAM RIVAL ETAP AXS 12S 700 MM ROT SCHWARZ 2022<\/h2>\n<\/div>\n<div id=\"product-header-order-form\" class=\"js-reload-on-event col-lg-20 col-md-20 col-sm-20 col-xs-20\" data-to-watch=\"body\" data-event=\"alltricks:cartChanged\" data-url=\"\/ajax\/product\/ajouter\/F-41505-velos-route-_-cyclocross-_-triathlon\/P-1996092-bmc_timemachine_road_01_three_rennrad_sram_rival_etap_axs_12s_700_mm_rot_schwarz_2022\">\n<div class=\"col col-sm-12 col-md-12 col-lg-12\">\n<p>Dies ist kein gew\u00f6hnliches Rennrad. Dies ist das schnellste Fahrrad aller Zeiten. Die\u00a0<strong>BMC Timemachine Road ist<\/strong>\u00a0Eigent\u00fcmer des Asphalts und zeichnet sich durch Ausrei\u00dfer, h\u00fcgeliges Gel\u00e4nde und Massensprints aus. Aerodynamisch perfektionierte Formen, erstklassige Integration und das Aero-Modul l\u00e4uten eine neue \u00c4ra der Geschwindigkeit ein.<\/p>\n<p>Die\u00a0<strong>Timemachine Road 01<\/strong>\u00a0wurde so geformt, dass Sie die Opposition fallen lassen k\u00f6nnen. Jeder Aspekt dieses zukunftsweisenden Bikes l\u00e4sst dich schneller durch die Luft sausen: von den sorgf\u00e4ltig konstruierten Rohrformen des Aerodynamic 01 Premium Carbon-Rahmens bis hin zu seiner klassenf\u00fchrenden Integration. Der ICS Aero-Vorbau und -Lenker sind zusammen mit dem brandneuen Aero-Modul ein bestimmender Bestandteil des bisher schnellsten BMC-Rennrads. Das ist Aerodynamik vom Feinsten und funktionellste f\u00fcr den Fahrer, der schneller fahren m\u00f6chte.<\/p>\n<\/div>\n<div class=\"prodsheet_bullets col col-sm-8 col-md-8 col-lg-8\">\n<h4>HAUPTEIGENSCHAFTEN:<\/h4>\n<ul>\n<li>Aero ist alles.<\/li>\n<li>Aerodynamischer 01 Premium Carbon-Rahmen.<\/li>\n<li>Die Carbongabel vereint die ultimative aerodynamische Leistung mit der exakten Dosierung der vertikalen Nachgiebigkeit.<\/li>\n<li>Sram Rival eTap AXS 2&#215;12-fach Antrieb.<\/li>\n<li>Sram Rival eTap AXS HRD hydraulische Scheibenbremsen, 160\/160 mm.<\/li>\n<\/ul>\n<\/div>\n<div class=\"prodsheet_specs1 col col-sm-12 col-md-12 col-lg-12\">\n<h4>MERKMALE:<\/h4>\n<table class=\"table table-striped\">\n<tbody>\n<tr>\n<td>Rahmen<\/td>\n<td>Carbon: Timemachine Road 01 Premium Carbon mit Aero-Modul, Tuned Compliance Concept Speed, ICS Aero-Technologie, Stealth-Zugf\u00fchrung, PF86-Innenlager, Flat Mount-Scheibe, 12&#215;142 mm Steckachse, Reifenfreiheit: 28 mm (gemessene Breite)<\/td>\n<\/tr>\n<tr>\n<td>Gabel<\/td>\n<td>Carbon: Timemachine Road 01 Premium Carbon mit integriertem Aero Cover, Tuned Compliance Concept Speed, ICS Technologie, Stealth Kabelf\u00fchrung, Flat Mount Disc, 12&#215;100 mm Steckachse, 48 mm Offset (Gr\u00f6\u00dfe 47-51), 43 mm Offset (Gr\u00f6\u00dfe 54 .) -61),<\/td>\n<\/tr>\n<tr>\n<td>Schalthebel<\/td>\n<td>Sram Rival eTap AXS HRD, 2&#215;12-fach<\/td>\n<\/tr>\n<tr>\n<td>Umwerfer<\/td>\n<td>Sram Rival eTap AXS<\/td>\n<\/tr>\n<tr>\n<td>Schaltwerk<\/td>\n<td>Sram Rival eTap AXS, 12-fach<\/td>\n<\/tr>\n<tr>\n<td>Kassette<\/td>\n<td>Sram Rivale XG-1250, 10-30T<\/td>\n<\/tr>\n<tr>\n<td>Kette<\/td>\n<td>Sram Rivale<\/td>\n<\/tr>\n<tr>\n<td>Kurbel<\/td>\n<td>Sram Rival AXS, 48\/35T<\/td>\n<\/tr>\n<tr>\n<td>Innenlager<\/td>\n<td>PF86<\/td>\n<\/tr>\n<tr>\n<td>Bremsen<\/td>\n<td>Sram Rival eTap AXS HRD, Hydr. Scheibenbremse, Paceline-Rotoren (160\/160)<\/td>\n<\/tr>\n<tr>\n<td>Laufradsatz<\/td>\n<td>Felgen: CRD-501 Carbon, Tubeless Ready, 50 mm \/ Naben: CRD-501<\/td>\n<\/tr>\n<tr>\n<td>Reifen<\/td>\n<td>Vittoria Corsa, 700&#215;25 mm<\/td>\n<\/tr>\n<tr>\n<td>Lenker<\/td>\n<td>BMC ICS Aero, Aero Top Shape, Compact Bend, 66 mm Reach, 122 mm Drop<\/td>\n<\/tr>\n<tr>\n<td>Stengel<\/td>\n<td>BMC ICS Aero, integriertes Aero-Cockpit-Design, -15\u00b0<\/td>\n<\/tr>\n<tr>\n<td>Sattel<\/td>\n<td>Fizik Argo Vento R5 (140 mm)<\/td>\n<\/tr>\n<tr>\n<td>Sattelst\u00fctze<\/td>\n<td>Timemachine Road 01 Premium Carbon Aero-Sattelst\u00fctze, 0 \/ 15 \/ 30 mm verstellbarer Offset<\/td>\n<\/tr>\n<tr>\n<td>Gewicht<\/td>\n<td>8,20 kg<\/td>\n<\/tr>\n<tr>\n<td>Gewichtsbeschr\u00e4nkung<\/td>\n<td>110 kg: Das maximale Systemgewicht besteht aus Fahrrad, Fahrer und Ausr\u00fcstung<\/td>\n<\/tr>\n<tr>\n<td>Farbe<\/td>\n<td>Rot schwarz<\/td>\n<\/tr>\n<\/tbody>\n<\/table>\n<\/div>\n<div class=\"prodsheet_specs2 col col-sm-8 col-md-8 col-lg-8\">\n<h4>GEOMETRIEN:<\/h4>\n<p><img decoding=\"async\" src=\"http:\/\/media1.alltricks.fr\/ckfinder\/images\/cube_route_geo_en.jpg\" \/><\/p>\n<table class=\"table table-striped\">\n<tbody>\n<tr>\n<td>Rahmengr\u00f6\u00dfe (cm)<\/td>\n<td>47<\/td>\n<td>51<\/td>\n<td>54<\/td>\n<td>56<\/td>\n<td>58<\/td>\n<td>61<\/td>\n<\/tr>\n<tr>\n<td>Sitzrohr (mm)<\/td>\n<td>480<\/td>\n<td>518<\/td>\n<td>548<\/td>\n<td>568<\/td>\n<td>588<\/td>\n<td>611<\/td>\n<\/tr>\n<tr>\n<td>Oberrohr (mm)<\/td>\n<td>520<\/td>\n<td>535<\/td>\n<td>550<\/td>\n<td>560<\/td>\n<td>575<\/td>\n<td>590<\/td>\n<\/tr>\n<tr>\n<td>Kettenstreben (mm)<\/td>\n<td>410<\/td>\n<td>410<\/td>\n<td>410<\/td>\n<td>410<\/td>\n<td>410<\/td>\n<td>410<\/td>\n<\/tr>\n<tr>\n<td>Steuerrohrl\u00e4nge (mm)<\/td>\n<td>88<\/td>\n<td>113<\/td>\n<td>135<\/td>\n<td>150<\/td>\n<td>170<\/td>\n<td>196<\/td>\n<\/tr>\n<tr>\n<td>Steuerrohrwinkel (\u00b0)<\/td>\n<td>71,2<\/td>\n<td>71,2<\/td>\n<td>72<\/td>\n<td>72<\/td>\n<td>72<\/td>\n<td>72<\/td>\n<\/tr>\n<tr>\n<td>Sitzrohrwinkel (\u00b0)<\/td>\n<td>73,5<\/td>\n<td>73,5<\/td>\n<td>73,5<\/td>\n<td>73,5<\/td>\n<td>73,5<\/td>\n<td>73,5<\/td>\n<\/tr>\n<tr>\n<td>Radstand (mm)<\/td>\n<td>975<\/td>\n<td>991<\/td>\n<td>994<\/td>\n<td>1004<\/td>\n<td>1020<\/td>\n<td>1036<\/td>\n<\/tr>\n<tr>\n<td>Stapel (mm)<\/td>\n<td>496<\/td>\n<td>520<\/td>\n<td>540<\/td>\n<td>555<\/td>\n<td>574<\/td>\n<td>598<\/td>\n<\/tr>\n<tr>\n<td>Reichweite (mm)<\/td>\n<td>373<\/td>\n<td>381<\/td>\n<td>390<\/td>\n<td>395<\/td>\n<td>405<\/td>\n<td>413<\/td>\n<\/tr>\n<tr>\n<td>Schaftl\u00e4nge (mm)<\/td>\n<td>100<\/td>\n<td>100<\/td>\n<td>110<\/td>\n<td>110<\/td>\n<td>110<\/td>\n<td>120<\/td>\n<\/tr>\n<tr>\n<td>Lenkerbreite (mm)<\/td>\n<td>400<\/td>\n<td>420<\/td>\n<td>420<\/td>\n<td>420<\/td>\n<td>420<\/td>\n<td>440<\/td>\n<\/tr>\n<tr>\n<td>Kurbell\u00e4nge (mm)<\/td>\n<td>170<\/td>\n<td>170<\/td>\n<td>172,5<\/td>\n<td>172,5<\/td>\n<td>175<\/td>\n<td>175<\/td>\n<\/tr>\n<\/tbody>\n<\/table>\n<\/div>\n<\/div>","protected":false},"excerpt":{"rendered":"<div class=\"col-lg-14 col-md-14 col-sm-14 col-xs-20\"><\/div>\n<div id=\"product-specifications-table\" class=\"col-lg-20 col-md-20 col-sm-20 col-xs-20\">\n<table class=\"table table-striped\">\n<tbody>\n<tr>\n<td class=\"spec-name\">Geschlecht<\/td>\n<td class=\"spec-value\">Herren<\/td>\n<\/tr>\n<tr>\n<td class=\"spec-name\">Gruppe<\/td>\n<td class=\"spec-value\">Sram Rival eTap AXS 12V<\/td>\n<\/tr>\n<tr>\n<td class=\"spec-name\">collection<\/td>\n<td class=\"spec-value\">2022<\/td>\n<\/tr>\n<\/tbody>\n<\/table>\n<\/div>","protected":false},"featured_media":60962,"comment_status":"open","ping_status":"closed","template":"","meta":[],"product_brand":[],"product_cat":[129],"product_tag":[],"class_list":{"0":"post-13640","1":"product","2":"type-product","3":"status-publish","4":"has-post-thumbnail","6":"product_cat-rennrad","7":"pa_marke-bmc","9":"first","10":"instock","11":"sale","12":"taxable","13":"shipping-taxable","14":"purchasable","15":"product-type-variable"},"yoast_head":"<!-- This site is optimized with the Yoast SEO Premium plugin v20.12 (Yoast SEO v27.1.1) - https:\/\/yoast.com\/product\/yoast-seo-premium-wordpress\/ -->\n<title>BMC TIMEMACHINE ROAD 01 THREE RENNRAD SRAM ROT SCHWARZ 2022<\/title>\n<meta name=\"description\" content=\"Entdecken Sie unseren Online-Fahrradladen: Gro\u00dfe Auswahl an Modellen f\u00fcr alle Radsportbegeisterten. Von Rennr\u00e4dern bis zu Mountainbikes - finden Sie heute Ihren perfekten Wegbegleiter!\" \/>\n<meta name=\"robots\" content=\"index, follow, max-snippet:-1, max-image-preview:large, max-video-preview:-1\" \/>\n<link rel=\"canonical\" href=\"https:\/\/kgerad.de\/en\/product\/bmc-timemachine-road-01-three-rennrad-sram-rot-schwarz-2022\/\" \/>\n<meta property=\"og:locale\" content=\"en_US\" \/>\n<meta property=\"og:type\" content=\"article\" \/>\n<meta property=\"og:title\" content=\"BMC TIMEMACHINE ROAD 01 THREE RENNRAD SRAM ROT SCHWARZ 2022\" \/>\n<meta property=\"og:description\" content=\"Entdecken Sie unseren Online-Fahrradladen: Gro\u00dfe Auswahl an Modellen f\u00fcr alle Radsportbegeisterten. Von Rennr\u00e4dern bis zu Mountainbikes - finden Sie heute Ihren perfekten Wegbegleiter!\" \/>\n<meta property=\"og:url\" content=\"https:\/\/kgerad.de\/en\/product\/bmc-timemachine-road-01-three-rennrad-sram-rot-schwarz-2022\/\" \/>\n<meta property=\"og:site_name\" content=\"kgerad.de\" \/>\n<meta property=\"article:modified_time\" content=\"2023-08-10T17:33:53+00:00\" \/>\n<meta property=\"og:image\" content=\"https:\/\/kgerad.de\/wp-content\/uploads\/2023\/06\/BMC-TIMEMACHINE-ROAD-01-THREE-RENNRAD-SRAM-RIVAL-ETAP-AXS-12S-700-MM-ROT-SCHWARZ-2022.jpg\" \/>\n\t<meta property=\"og:image:width\" content=\"600\" \/>\n\t<meta property=\"og:image:height\" content=\"408\" \/>\n\t<meta property=\"og:image:type\" content=\"image\/jpeg\" \/>\n<meta name=\"twitter:card\" content=\"summary_large_image\" \/>\n<meta name=\"twitter:label1\" content=\"Est. reading time\" \/>\n\t<meta name=\"twitter:data1\" content=\"3 minutes\" \/>\n<script type=\"application\/ld+json\" class=\"yoast-schema-graph\">{\"@context\":\"https:\/\/schema.org\",\"@graph\":[{\"@type\":\"WebPage\",\"@id\":\"https:\/\/kgerad.de\/produkt\/bmc-timemachine-road-01-three-rennrad-sram-rot-schwarz-2022\/\",\"url\":\"https:\/\/kgerad.de\/produkt\/bmc-timemachine-road-01-three-rennrad-sram-rot-schwarz-2022\/\",\"name\":\"BMC TIMEMACHINE ROAD 01 THREE RENNRAD SRAM ROT SCHWARZ 2022\",\"isPartOf\":{\"@id\":\"https:\/\/kgerad.de\/#website\"},\"primaryImageOfPage\":{\"@id\":\"https:\/\/kgerad.de\/produkt\/bmc-timemachine-road-01-three-rennrad-sram-rot-schwarz-2022\/#primaryimage\"},\"image\":{\"@id\":\"https:\/\/kgerad.de\/produkt\/bmc-timemachine-road-01-three-rennrad-sram-rot-schwarz-2022\/#primaryimage\"},\"thumbnailUrl\":\"https:\/\/kgerad.de\/wp-content\/uploads\/2023\/06\/BMC-TIMEMACHINE-ROAD-01-THREE-RENNRAD-SRAM-RIVAL-ETAP-AXS-12S-700-MM-ROT-SCHWARZ-2022.jpg\",\"datePublished\":\"2022-08-20T16:24:42+00:00\",\"dateModified\":\"2023-08-10T17:33:53+00:00\",\"description\":\"Entdecken Sie unseren Online-Fahrradladen: Gro\u00dfe Auswahl an Modellen f\u00fcr alle Radsportbegeisterten. Von Rennr\u00e4dern bis zu Mountainbikes - finden Sie heute Ihren perfekten Wegbegleiter!\",\"breadcrumb\":{\"@id\":\"https:\/\/kgerad.de\/produkt\/bmc-timemachine-road-01-three-rennrad-sram-rot-schwarz-2022\/#breadcrumb\"},\"inLanguage\":\"en-US\",\"potentialAction\":[{\"@type\":\"ReadAction\",\"target\":[\"https:\/\/kgerad.de\/produkt\/bmc-timemachine-road-01-three-rennrad-sram-rot-schwarz-2022\/\"]}]},{\"@type\":\"ImageObject\",\"inLanguage\":\"en-US\",\"@id\":\"https:\/\/kgerad.de\/produkt\/bmc-timemachine-road-01-three-rennrad-sram-rot-schwarz-2022\/#primaryimage\",\"url\":\"https:\/\/kgerad.de\/wp-content\/uploads\/2023\/06\/BMC-TIMEMACHINE-ROAD-01-THREE-RENNRAD-SRAM-RIVAL-ETAP-AXS-12S-700-MM-ROT-SCHWARZ-2022.jpg\",\"contentUrl\":\"https:\/\/kgerad.de\/wp-content\/uploads\/2023\/06\/BMC-TIMEMACHINE-ROAD-01-THREE-RENNRAD-SRAM-RIVAL-ETAP-AXS-12S-700-MM-ROT-SCHWARZ-2022.jpg\",\"width\":600,\"height\":408,\"caption\":\"BMC TIMEMACHINE ROAD 01 THREE RENNRAD SRAM RIVAL ETAP AXS 12S 700 MM ROT SCHWARZ 2022\"},{\"@type\":\"BreadcrumbList\",\"@id\":\"https:\/\/kgerad.de\/produkt\/bmc-timemachine-road-01-three-rennrad-sram-rot-schwarz-2022\/#breadcrumb\",\"itemListElement\":[{\"@type\":\"ListItem\",\"position\":1,\"name\":\"Startseite\",\"item\":\"https:\/\/kgerad.de\/\"},{\"@type\":\"ListItem\",\"position\":2,\"name\":\"LADEN\",\"item\":\"https:\/\/kgerad.de\/laden\/\"},{\"@type\":\"ListItem\",\"position\":3,\"name\":\"BMC TIMEMACHINE ROAD 01 THREE RENNRAD SRAM ROT SCHWARZ 2022\"}]},{\"@type\":\"WebSite\",\"@id\":\"https:\/\/kgerad.de\/#website\",\"url\":\"https:\/\/kgerad.de\/\",\"name\":\"kgerad.de\",\"description\":\"Treten Sie mit uns ins Abenteuer!\",\"publisher\":{\"@id\":\"https:\/\/kgerad.de\/#organization\"},\"alternateName\":\"MEIN RADLADEN\",\"potentialAction\":[{\"@type\":\"SearchAction\",\"target\":{\"@type\":\"EntryPoint\",\"urlTemplate\":\"https:\/\/kgerad.de\/?s={search_term_string}\"},\"query-input\":{\"@type\":\"PropertyValueSpecification\",\"valueRequired\":true,\"valueName\":\"search_term_string\"}}],\"inLanguage\":\"en-US\"},{\"@type\":\"Organization\",\"@id\":\"https:\/\/kgerad.de\/#organization\",\"name\":\"MEINRADLADEN\",\"alternateName\":\"MEIN RADLADEN\",\"url\":\"https:\/\/kgerad.de\/\",\"logo\":{\"@type\":\"ImageObject\",\"inLanguage\":\"en-US\",\"@id\":\"https:\/\/kgerad.de\/#\/schema\/logo\/image\/\",\"url\":\"https:\/\/kgerad.de\/wp-content\/uploads\/2025\/07\/logo-Whit.svg\",\"contentUrl\":\"https:\/\/kgerad.de\/wp-content\/uploads\/2025\/07\/logo-Whit.svg\",\"width\":1640,\"height\":371,\"caption\":\"MEINRADLADEN\"},\"image\":{\"@id\":\"https:\/\/kgerad.de\/#\/schema\/logo\/image\/\"}}]}<\/script>\n<!-- \/ Yoast SEO Premium plugin. -->","yoast_head_json":{"title":"BMC TIMEMACHINE ROAD 01 THREE RENNRAD SRAM ROT SCHWARZ 2022","description":"Entdecken Sie unseren Online-Fahrradladen: Gro\u00dfe Auswahl an Modellen f\u00fcr alle Radsportbegeisterten. Von Rennr\u00e4dern bis zu Mountainbikes - finden Sie heute Ihren perfekten Wegbegleiter!","robots":{"index":"index","follow":"follow","max-snippet":"max-snippet:-1","max-image-preview":"max-image-preview:large","max-video-preview":"max-video-preview:-1"},"canonical":"https:\/\/kgerad.de\/en\/product\/bmc-timemachine-road-01-three-rennrad-sram-rot-schwarz-2022\/","og_locale":"en_US","og_type":"article","og_title":"BMC TIMEMACHINE ROAD 01 THREE RENNRAD SRAM ROT SCHWARZ 2022","og_description":"Entdecken Sie unseren Online-Fahrradladen: Gro\u00dfe Auswahl an Modellen f\u00fcr alle Radsportbegeisterten. Von Rennr\u00e4dern bis zu Mountainbikes - finden Sie heute Ihren perfekten Wegbegleiter!","og_url":"https:\/\/kgerad.de\/en\/product\/bmc-timemachine-road-01-three-rennrad-sram-rot-schwarz-2022\/","og_site_name":"kgerad.de","article_modified_time":"2023-08-10T17:33:53+00:00","og_image":[{"width":600,"height":408,"url":"https:\/\/kgerad.de\/wp-content\/uploads\/2023\/06\/BMC-TIMEMACHINE-ROAD-01-THREE-RENNRAD-SRAM-RIVAL-ETAP-AXS-12S-700-MM-ROT-SCHWARZ-2022.jpg","type":"image\/jpeg"}],"twitter_card":"summary_large_image","twitter_misc":{"Est. reading time":"3 minutes"},"schema":{"@context":"https:\/\/schema.org","@graph":[{"@type":"WebPage","@id":"https:\/\/kgerad.de\/produkt\/bmc-timemachine-road-01-three-rennrad-sram-rot-schwarz-2022\/","url":"https:\/\/kgerad.de\/produkt\/bmc-timemachine-road-01-three-rennrad-sram-rot-schwarz-2022\/","name":"BMC TIMEMACHINE ROAD 01 THREE RENNRAD SRAM ROT SCHWARZ 2022","isPartOf":{"@id":"https:\/\/kgerad.de\/#website"},"primaryImageOfPage":{"@id":"https:\/\/kgerad.de\/produkt\/bmc-timemachine-road-01-three-rennrad-sram-rot-schwarz-2022\/#primaryimage"},"image":{"@id":"https:\/\/kgerad.de\/produkt\/bmc-timemachine-road-01-three-rennrad-sram-rot-schwarz-2022\/#primaryimage"},"thumbnailUrl":"https:\/\/kgerad.de\/wp-content\/uploads\/2023\/06\/BMC-TIMEMACHINE-ROAD-01-THREE-RENNRAD-SRAM-RIVAL-ETAP-AXS-12S-700-MM-ROT-SCHWARZ-2022.jpg","datePublished":"2022-08-20T16:24:42+00:00","dateModified":"2023-08-10T17:33:53+00:00","description":"Entdecken Sie unseren Online-Fahrradladen: Gro\u00dfe Auswahl an Modellen f\u00fcr alle Radsportbegeisterten. Von Rennr\u00e4dern bis zu Mountainbikes - finden Sie heute Ihren perfekten Wegbegleiter!","breadcrumb":{"@id":"https:\/\/kgerad.de\/produkt\/bmc-timemachine-road-01-three-rennrad-sram-rot-schwarz-2022\/#breadcrumb"},"inLanguage":"en-US","potentialAction":[{"@type":"ReadAction","target":["https:\/\/kgerad.de\/produkt\/bmc-timemachine-road-01-three-rennrad-sram-rot-schwarz-2022\/"]}]},{"@type":"ImageObject","inLanguage":"en-US","@id":"https:\/\/kgerad.de\/produkt\/bmc-timemachine-road-01-three-rennrad-sram-rot-schwarz-2022\/#primaryimage","url":"https:\/\/kgerad.de\/wp-content\/uploads\/2023\/06\/BMC-TIMEMACHINE-ROAD-01-THREE-RENNRAD-SRAM-RIVAL-ETAP-AXS-12S-700-MM-ROT-SCHWARZ-2022.jpg","contentUrl":"https:\/\/kgerad.de\/wp-content\/uploads\/2023\/06\/BMC-TIMEMACHINE-ROAD-01-THREE-RENNRAD-SRAM-RIVAL-ETAP-AXS-12S-700-MM-ROT-SCHWARZ-2022.jpg","width":600,"height":408,"caption":"BMC TIMEMACHINE ROAD 01 THREE RENNRAD SRAM RIVAL ETAP AXS 12S 700 MM ROT SCHWARZ 2022"},{"@type":"BreadcrumbList","@id":"https:\/\/kgerad.de\/produkt\/bmc-timemachine-road-01-three-rennrad-sram-rot-schwarz-2022\/#breadcrumb","itemListElement":[{"@type":"ListItem","position":1,"name":"Startseite","item":"https:\/\/kgerad.de\/"},{"@type":"ListItem","position":2,"name":"LADEN","item":"https:\/\/kgerad.de\/laden\/"},{"@type":"ListItem","position":3,"name":"BMC TIMEMACHINE ROAD 01 THREE RENNRAD SRAM ROT SCHWARZ 2022"}]},{"@type":"WebSite","@id":"https:\/\/kgerad.de\/#website","url":"https:\/\/kgerad.de\/","name":"kgerad.de","description":"Treten Sie mit uns ins Abenteuer!","publisher":{"@id":"https:\/\/kgerad.de\/#organization"},"alternateName":"MEIN RADLADEN","potentialAction":[{"@type":"SearchAction","target":{"@type":"EntryPoint","urlTemplate":"https:\/\/kgerad.de\/?s={search_term_string}"},"query-input":{"@type":"PropertyValueSpecification","valueRequired":true,"valueName":"search_term_string"}}],"inLanguage":"en-US"},{"@type":"Organization","@id":"https:\/\/kgerad.de\/#organization","name":"MEINRADLADEN","alternateName":"MEIN RADLADEN","url":"https:\/\/kgerad.de\/","logo":{"@type":"ImageObject","inLanguage":"en-US","@id":"https:\/\/kgerad.de\/#\/schema\/logo\/image\/","url":"https:\/\/kgerad.de\/wp-content\/uploads\/2025\/07\/logo-Whit.svg","contentUrl":"https:\/\/kgerad.de\/wp-content\/uploads\/2025\/07\/logo-Whit.svg","width":1640,"height":371,"caption":"MEINRADLADEN"},"image":{"@id":"https:\/\/kgerad.de\/#\/schema\/logo\/image\/"}}]}},"_links":{"self":[{"href":"https:\/\/kgerad.de\/en\/wp-json\/wp\/v2\/product\/13640","targetHints":{"allow":["GET"]}}],"collection":[{"href":"https:\/\/kgerad.de\/en\/wp-json\/wp\/v2\/product"}],"about":[{"href":"https:\/\/kgerad.de\/en\/wp-json\/wp\/v2\/types\/product"}],"replies":[{"embeddable":true,"href":"https:\/\/kgerad.de\/en\/wp-json\/wp\/v2\/comments?post=13640"}],"version-history":[{"count":2,"href":"https:\/\/kgerad.de\/en\/wp-json\/wp\/v2\/product\/13640\/revisions"}],"predecessor-version":[{"id":78738,"href":"https:\/\/kgerad.de\/en\/wp-json\/wp\/v2\/product\/13640\/revisions\/78738"}],"wp:featuredmedia":[{"embeddable":true,"href":"https:\/\/kgerad.de\/en\/wp-json\/wp\/v2\/media\/60962"}],"wp:attachment":[{"href":"https:\/\/kgerad.de\/en\/wp-json\/wp\/v2\/media?parent=13640"}],"wp:term":[{"taxonomy":"product_brand","embeddable":true,"href":"https:\/\/kgerad.de\/en\/wp-json\/wp\/v2\/product_brand?post=13640"},{"taxonomy":"product_cat","embeddable":true,"href":"https:\/\/kgerad.de\/en\/wp-json\/wp\/v2\/product_cat?post=13640"},{"taxonomy":"product_tag","embeddable":true,"href":"https:\/\/kgerad.de\/en\/wp-json\/wp\/v2\/product_tag?post=13640"}],"curies":[{"name":"wp","href":"https:\/\/api.w.org\/{rel}","templated":true}]}}