{"id":13590,"date":"2022-08-20T17:47:37","date_gmt":"2022-08-20T15:47:37","guid":{"rendered":"https:\/\/kgerad.de\/?post_type=product&#038;p=13590"},"modified":"2023-08-10T19:33:16","modified_gmt":"2023-08-10T17:33:16","slug":"bmc-urs-01-two-gravelbike-sram-force-etap-axs-12f-700-mm-mexico-blau-2022","status":"publish","type":"product","link":"https:\/\/kgerad.de\/en\/product\/bmc-urs-01-two-gravelbike-sram-force-etap-axs-12f-700-mm-mexico-blau-2022\/","title":{"rendered":"BMC URS 01 TWO GRAVELBIKE SRAM FORCE ETAP AXS 12F 700 MM MEXICO BLAU 2022"},"content":{"rendered":"<div id=\"product-header-order-name\" class=\"col-lg-20 col-md-20 col-sm-20 col-xs-20\">\n<h2 class=\"heading-title-text\">BMC URS 01 TWO GRAVELBIKE SRAM FORCE ETAP AXS 12F 700 MM MEXICO BLAU 2022<\/h2>\n<\/div>\n<div id=\"product-header-order-form\" class=\"js-reload-on-event col-lg-20 col-md-20 col-sm-20 col-xs-20\" data-to-watch=\"body\" data-event=\"alltricks:cartChanged\" data-url=\"\/ajax\/product\/ajouter\/F-41505-velos-route-_-cyclocross-_-triathlon\/P-2000907-bmc_urs_01_two_gravelbike_sram_force_etap_axs_12f_700_mm_mexico_blau_2022\">\n<div class=\"col col-sm-12 col-md-12 col-lg-12\">\n<p>Das Gravel-Fahren hat sich wirklich in die Psyche von Radfahrern verstrickt, aber wir k\u00f6nnten\u00a0<strong>BMC nicht<\/strong> in die Besetzung aufnehmen, ohne 100% sicher zu sein, dass es die f\u00fchrende Rolle \u00fcbernehmen w\u00fcrde. Geben Sie <strong>BMC URS 01 Two\u00a0 ein<\/strong>\u00a0. Wahrscheinlich der einzige B\u00e4r, den Sie jemals treffen m\u00f6chten, URS liebt es, UnReStricted zu durchstreifen, also pflegen Sie seine wilde Seite. Der superleichte, renntaugliche Rahmen und die leistungsf\u00e4hige Konstruktion vereinen sich mit lehrbuchm\u00e4\u00dfiger BMC-Pr\u00e4zision, modernster Integration und sorgf\u00e4ltig entwickelter Gravel+-Geometrie. Kein Grizzly, nur gute Zeiten.<\/p>\n<p>Wir haben unser technisches Know-how auf einer brandneuen Plattform angewendet, die f\u00fcr hochintensive Schotterrennen und grenzenlose Erkundungen auf der Nebenstra\u00dfe entwickelt wurde. Das gel\u00e4ndetaugliche URS verf\u00fcgt \u00fcber eine progressive Geometrie und einen brandneuen, auf Gravel abgestimmten Rahmen, um ein nachgiebiges und abenteuerlustiges Fahrgef\u00fchl zu bieten.<\/p>\n<\/div>\n<div class=\"prodsheet_bullets col col-sm-8 col-md-8 col-lg-8\">\n<h4>HAUPTEIGENSCHAFTEN:<\/h4>\n<ul>\n<li>Bereit f\u00fcr grenzenlose Erkundungen im Hinterland.<\/li>\n<li>Carbonrahmen mit Micro Travel Technology (MTT).<\/li>\n<li>Sram Force eTap AXS 1&#215;12-fach Antrieb, mit Sram X01 Eagle AXS Schaltwerk.<\/li>\n<li>Sram Force eTap AXS HRD hydraulische Scheibenbremsen, 180\/160 mm.<\/li>\n<li>CRD-400 Carbon-Laufradsatz.<\/li>\n<\/ul>\n<\/div>\n<div class=\"prodsheet_specs1 col col-sm-12 col-md-12 col-lg-12\">\n<h4>MERKMALE:<\/h4>\n<table class=\"table table-striped\">\n<tbody>\n<tr>\n<td>Rahmen<\/td>\n<td>Carbon: URS 01 Premium Carbon mit Micro Travel Technology, Tuned Compliance Concept Gravel, Gravel+ Geometrie, ICS Technologie, Stealth Kabelf\u00fchrung, Schutzblech- und Gep\u00e4cktr\u00e4gerhalterungen, PF86 Innenlager, Flat Mount Disc, 12&#215;142 mm Steckachse, Reifenfreiheit: 45 mm (gemessene Breite)<\/td>\n<\/tr>\n<tr>\n<td>Gabel<\/td>\n<td>Carbon: URS 01 Premium Carbon mit Tuned Compliance Concept Gravel, ICS-Technologie, integrierte Brems- und Nabendynamo-Routing, Schutzblechhalterungen, Flat Mount Disc, 12&#215;100 mm Steckachse<\/td>\n<\/tr>\n<tr>\n<td>Schalthebel<\/td>\n<td>Sram Force eTap AXS HRD, 1&#215;12-fach<\/td>\n<\/tr>\n<tr>\n<td>Schaltwerk<\/td>\n<td>Sram X01 Eagle AXS, 12-fach<\/td>\n<\/tr>\n<tr>\n<td>Kassette<\/td>\n<td>Sram Eagle XG-1275, 10-52T<\/td>\n<\/tr>\n<tr>\n<td>Kette<\/td>\n<td>Sram X01 Eagle<\/td>\n<\/tr>\n<tr>\n<td>Kurbel<\/td>\n<td>Sram Force 1 AXS, 38T<\/td>\n<\/tr>\n<tr>\n<td>Innenlager<\/td>\n<td>PF86<\/td>\n<\/tr>\n<tr>\n<td>Bremsen<\/td>\n<td>Sram Force eTap AXS HRD, hydr. Scheibenbremse, Centerline X Rotoren (180\/160)<\/td>\n<\/tr>\n<tr>\n<td>Laufradsatz<\/td>\n<td>Felgen: CRD-400 Carbon, Tubeless Ready, 40 mm \/ Naben: CRD-400<\/td>\n<\/tr>\n<tr>\n<td>Reifen<\/td>\n<td>WTB Raddler, 700&#215;40 mm<\/td>\n<\/tr>\n<tr>\n<td>Lenker<\/td>\n<td>Easton EA70 AX, 80 mm Reach, 120 mm Drop<\/td>\n<\/tr>\n<tr>\n<td>Stengel<\/td>\n<td>BMC ICS 01 Zero Degrees &#8211; Integriertes Cockpit-Design, 0\u00b0<\/td>\n<\/tr>\n<tr>\n<td>Sattel<\/td>\n<td>WTB SL8 Titan, mittel<\/td>\n<\/tr>\n<tr>\n<td>Sattelst\u00fctze<\/td>\n<td>URS 01 Premium Carbon Sattelst\u00fctze in D-Form, 0 mm Offset<\/td>\n<\/tr>\n<tr>\n<td>Gewicht<\/td>\n<td>8,50 kg<\/td>\n<\/tr>\n<tr>\n<td>Gewichtsbeschr\u00e4nkung<\/td>\n<td>120 kg: Das maximale Systemgewicht besteht aus Fahrrad, Fahrer und Ausr\u00fcstung<\/td>\n<\/tr>\n<tr>\n<td>Farbe<\/td>\n<td>Mexico Blue<\/td>\n<\/tr>\n<\/tbody>\n<\/table>\n<\/div>\n<div class=\"prodsheet_specs2 col col-sm-8 col-md-8 col-lg-8\">\n<h4>GEOMETRIEN:<\/h4>\n<p><img decoding=\"async\" src=\"http:\/\/media1.alltricks.fr\/ckfinder\/images\/cube_route_geo_en.jpg\" \/><\/p>\n<table class=\"table table-striped\">\n<tbody>\n<tr>\n<td>Rahmengr\u00f6\u00dfe<\/td>\n<td>S<\/td>\n<td>M<\/td>\n<td>L<\/td>\n<td>XL<\/td>\n<\/tr>\n<tr>\n<td>Sitzrohr (mm)<\/td>\n<td>431<\/td>\n<td>459<\/td>\n<td>492<\/td>\n<td>527<\/td>\n<\/tr>\n<tr>\n<td>Oberrohr (mm)<\/td>\n<td>557<\/td>\n<td>578<\/td>\n<td>591<\/td>\n<td>612<\/td>\n<\/tr>\n<tr>\n<td>Kettenstreben (mm)<\/td>\n<td>425<\/td>\n<td>425<\/td>\n<td>425<\/td>\n<td>425<\/td>\n<\/tr>\n<tr>\n<td>Steuerrohrl\u00e4nge (mm)<\/td>\n<td>113<\/td>\n<td>146<\/td>\n<td>172<\/td>\n<td>207<\/td>\n<\/tr>\n<tr>\n<td>Steuerrohrwinkel (\u00b0)<\/td>\n<td>70<\/td>\n<td>70<\/td>\n<td>70<\/td>\n<td>70<\/td>\n<\/tr>\n<tr>\n<td>Sitzrohrwinkel (\u00b0)<\/td>\n<td>74<\/td>\n<td>74<\/td>\n<td>74<\/td>\n<td>74<\/td>\n<\/tr>\n<tr>\n<td>Radstand (mm)<\/td>\n<td>1041<\/td>\n<td>1064<\/td>\n<td>1081<\/td>\n<td>1105<\/td>\n<\/tr>\n<tr>\n<td>Stapel (mm)<\/td>\n<td>538<\/td>\n<td>569<\/td>\n<td>603<\/td>\n<td>641<\/td>\n<\/tr>\n<tr>\n<td>Reichweite (mm)<\/td>\n<td>403<\/td>\n<td>415<\/td>\n<td>419<\/td>\n<td>429<\/td>\n<\/tr>\n<tr>\n<td>Lenkerbreite (mm)<\/td>\n<td>420<\/td>\n<td>420<\/td>\n<td>440<\/td>\n<td>440<\/td>\n<\/tr>\n<tr>\n<td>Schaftl\u00e4nge (mm)<\/td>\n<td>70<\/td>\n<td>70<\/td>\n<td>80<\/td>\n<td>90<\/td>\n<\/tr>\n<tr>\n<td>Kurbell\u00e4nge (mm)<\/td>\n<td>170<\/td>\n<td>172,5<\/td>\n<td>172,5<\/td>\n<td>175<\/td>\n<\/tr>\n<\/tbody>\n<\/table>\n<\/div>\n<\/div>","protected":false},"excerpt":{"rendered":"<div class=\"col-lg-14 col-md-14 col-sm-14 col-xs-20\"><\/div>\n<div id=\"product-specifications-table\" class=\"col-lg-20 col-md-20 col-sm-20 col-xs-20\">\n<table class=\"table table-striped\">\n<tbody>\n<tr>\n<td class=\"spec-name\">Geschlecht<\/td>\n<td class=\"spec-value\">Herren<\/td>\n<\/tr>\n<tr>\n<td class=\"spec-name\">Gruppe<\/td>\n<td class=\"spec-value\">Sram Force eTap AXS 12V<\/td>\n<\/tr>\n<tr>\n<td class=\"spec-name\">collection<\/td>\n<td class=\"spec-value\">2022<\/td>\n<\/tr>\n<\/tbody>\n<\/table>\n<\/div>","protected":false},"featured_media":60951,"comment_status":"open","ping_status":"closed","template":"","meta":[],"product_brand":[],"product_cat":[129],"product_tag":[],"class_list":{"0":"post-13590","1":"product","2":"type-product","3":"status-publish","4":"has-post-thumbnail","6":"product_cat-rennrad","7":"pa_marke-bmc","9":"first","10":"instock","11":"sale","12":"taxable","13":"shipping-taxable","14":"purchasable","15":"product-type-variable"},"yoast_head":"<!-- This site is optimized with the Yoast SEO Premium plugin v20.12 (Yoast SEO v27.1.1) - https:\/\/yoast.com\/product\/yoast-seo-premium-wordpress\/ -->\n<title>BMC URS 01 TWO GRAVELBIKE SRAM FORCE ETAP AXS 12F 700 MM MEXICO BLAU 2022<\/title>\n<meta name=\"description\" content=\"Entdecken Sie unseren Online-Fahrradladen: Gro\u00dfe Auswahl an Modellen f\u00fcr alle Radsportbegeisterten. Von Rennr\u00e4dern bis zu Mountainbikes - finden Sie heute Ihren perfekten Wegbegleiter!\" \/>\n<meta name=\"robots\" content=\"index, follow, max-snippet:-1, max-image-preview:large, max-video-preview:-1\" \/>\n<link rel=\"canonical\" href=\"https:\/\/kgerad.de\/en\/product\/bmc-urs-01-two-gravelbike-sram-force-etap-axs-12f-700-mm-mexico-blau-2022\/\" \/>\n<meta property=\"og:locale\" content=\"en_US\" \/>\n<meta property=\"og:type\" content=\"article\" \/>\n<meta property=\"og:title\" content=\"BMC URS 01 TWO GRAVELBIKE SRAM FORCE ETAP AXS 12F 700 MM MEXICO BLAU 2022\" \/>\n<meta property=\"og:description\" content=\"Entdecken Sie unseren Online-Fahrradladen: Gro\u00dfe Auswahl an Modellen f\u00fcr alle Radsportbegeisterten. Von Rennr\u00e4dern bis zu Mountainbikes - finden Sie heute Ihren perfekten Wegbegleiter!\" \/>\n<meta property=\"og:url\" content=\"https:\/\/kgerad.de\/en\/product\/bmc-urs-01-two-gravelbike-sram-force-etap-axs-12f-700-mm-mexico-blau-2022\/\" \/>\n<meta property=\"og:site_name\" content=\"kgerad.de\" \/>\n<meta property=\"article:modified_time\" content=\"2023-08-10T17:33:16+00:00\" \/>\n<meta property=\"og:image\" content=\"https:\/\/kgerad.de\/wp-content\/uploads\/2023\/06\/BMC-URS-01-TWO-GRAVELBIKE-SRAM-FORCE-ETAP-AXS-12F-700-MM-MEXICO-BLAU-2022.jpg\" \/>\n\t<meta property=\"og:image:width\" content=\"600\" \/>\n\t<meta property=\"og:image:height\" content=\"408\" \/>\n\t<meta property=\"og:image:type\" content=\"image\/jpeg\" \/>\n<meta name=\"twitter:card\" content=\"summary_large_image\" \/>\n<meta name=\"twitter:label1\" content=\"Est. reading time\" \/>\n\t<meta name=\"twitter:data1\" content=\"3 minutes\" \/>\n<script type=\"application\/ld+json\" class=\"yoast-schema-graph\">{\"@context\":\"https:\/\/schema.org\",\"@graph\":[{\"@type\":\"WebPage\",\"@id\":\"https:\/\/kgerad.de\/produkt\/bmc-urs-01-two-gravelbike-sram-force-etap-axs-12f-700-mm-mexico-blau-2022\/\",\"url\":\"https:\/\/kgerad.de\/produkt\/bmc-urs-01-two-gravelbike-sram-force-etap-axs-12f-700-mm-mexico-blau-2022\/\",\"name\":\"BMC URS 01 TWO GRAVELBIKE SRAM FORCE ETAP AXS 12F 700 MM MEXICO BLAU 2022\",\"isPartOf\":{\"@id\":\"https:\/\/kgerad.de\/#website\"},\"primaryImageOfPage\":{\"@id\":\"https:\/\/kgerad.de\/produkt\/bmc-urs-01-two-gravelbike-sram-force-etap-axs-12f-700-mm-mexico-blau-2022\/#primaryimage\"},\"image\":{\"@id\":\"https:\/\/kgerad.de\/produkt\/bmc-urs-01-two-gravelbike-sram-force-etap-axs-12f-700-mm-mexico-blau-2022\/#primaryimage\"},\"thumbnailUrl\":\"https:\/\/kgerad.de\/wp-content\/uploads\/2023\/06\/BMC-URS-01-TWO-GRAVELBIKE-SRAM-FORCE-ETAP-AXS-12F-700-MM-MEXICO-BLAU-2022.jpg\",\"datePublished\":\"2022-08-20T15:47:37+00:00\",\"dateModified\":\"2023-08-10T17:33:16+00:00\",\"description\":\"Entdecken Sie unseren Online-Fahrradladen: Gro\u00dfe Auswahl an Modellen f\u00fcr alle Radsportbegeisterten. Von Rennr\u00e4dern bis zu Mountainbikes - finden Sie heute Ihren perfekten Wegbegleiter!\",\"breadcrumb\":{\"@id\":\"https:\/\/kgerad.de\/produkt\/bmc-urs-01-two-gravelbike-sram-force-etap-axs-12f-700-mm-mexico-blau-2022\/#breadcrumb\"},\"inLanguage\":\"en-US\",\"potentialAction\":[{\"@type\":\"ReadAction\",\"target\":[\"https:\/\/kgerad.de\/produkt\/bmc-urs-01-two-gravelbike-sram-force-etap-axs-12f-700-mm-mexico-blau-2022\/\"]}]},{\"@type\":\"ImageObject\",\"inLanguage\":\"en-US\",\"@id\":\"https:\/\/kgerad.de\/produkt\/bmc-urs-01-two-gravelbike-sram-force-etap-axs-12f-700-mm-mexico-blau-2022\/#primaryimage\",\"url\":\"https:\/\/kgerad.de\/wp-content\/uploads\/2023\/06\/BMC-URS-01-TWO-GRAVELBIKE-SRAM-FORCE-ETAP-AXS-12F-700-MM-MEXICO-BLAU-2022.jpg\",\"contentUrl\":\"https:\/\/kgerad.de\/wp-content\/uploads\/2023\/06\/BMC-URS-01-TWO-GRAVELBIKE-SRAM-FORCE-ETAP-AXS-12F-700-MM-MEXICO-BLAU-2022.jpg\",\"width\":600,\"height\":408,\"caption\":\"BMC URS 01 TWO GRAVELBIKE SRAM FORCE ETAP AXS 12F 700 MM MEXICO BLAU 2022\"},{\"@type\":\"BreadcrumbList\",\"@id\":\"https:\/\/kgerad.de\/produkt\/bmc-urs-01-two-gravelbike-sram-force-etap-axs-12f-700-mm-mexico-blau-2022\/#breadcrumb\",\"itemListElement\":[{\"@type\":\"ListItem\",\"position\":1,\"name\":\"Startseite\",\"item\":\"https:\/\/kgerad.de\/\"},{\"@type\":\"ListItem\",\"position\":2,\"name\":\"LADEN\",\"item\":\"https:\/\/kgerad.de\/laden\/\"},{\"@type\":\"ListItem\",\"position\":3,\"name\":\"BMC URS 01 TWO GRAVELBIKE SRAM FORCE ETAP AXS 12F 700 MM MEXICO BLAU 2022\"}]},{\"@type\":\"WebSite\",\"@id\":\"https:\/\/kgerad.de\/#website\",\"url\":\"https:\/\/kgerad.de\/\",\"name\":\"kgerad.de\",\"description\":\"Treten Sie mit uns ins Abenteuer!\",\"publisher\":{\"@id\":\"https:\/\/kgerad.de\/#organization\"},\"alternateName\":\"MEIN RADLADEN\",\"potentialAction\":[{\"@type\":\"SearchAction\",\"target\":{\"@type\":\"EntryPoint\",\"urlTemplate\":\"https:\/\/kgerad.de\/?s={search_term_string}\"},\"query-input\":{\"@type\":\"PropertyValueSpecification\",\"valueRequired\":true,\"valueName\":\"search_term_string\"}}],\"inLanguage\":\"en-US\"},{\"@type\":\"Organization\",\"@id\":\"https:\/\/kgerad.de\/#organization\",\"name\":\"MEINRADLADEN\",\"alternateName\":\"MEIN RADLADEN\",\"url\":\"https:\/\/kgerad.de\/\",\"logo\":{\"@type\":\"ImageObject\",\"inLanguage\":\"en-US\",\"@id\":\"https:\/\/kgerad.de\/#\/schema\/logo\/image\/\",\"url\":\"https:\/\/kgerad.de\/wp-content\/uploads\/2025\/07\/logo-Whit.svg\",\"contentUrl\":\"https:\/\/kgerad.de\/wp-content\/uploads\/2025\/07\/logo-Whit.svg\",\"width\":1640,\"height\":371,\"caption\":\"MEINRADLADEN\"},\"image\":{\"@id\":\"https:\/\/kgerad.de\/#\/schema\/logo\/image\/\"}}]}<\/script>\n<!-- \/ Yoast SEO Premium plugin. -->","yoast_head_json":{"title":"BMC URS 01 TWO GRAVELBIKE SRAM FORCE ETAP AXS 12F 700 MM MEXICO BLAU 2022","description":"Entdecken Sie unseren Online-Fahrradladen: Gro\u00dfe Auswahl an Modellen f\u00fcr alle Radsportbegeisterten. Von Rennr\u00e4dern bis zu Mountainbikes - finden Sie heute Ihren perfekten Wegbegleiter!","robots":{"index":"index","follow":"follow","max-snippet":"max-snippet:-1","max-image-preview":"max-image-preview:large","max-video-preview":"max-video-preview:-1"},"canonical":"https:\/\/kgerad.de\/en\/product\/bmc-urs-01-two-gravelbike-sram-force-etap-axs-12f-700-mm-mexico-blau-2022\/","og_locale":"en_US","og_type":"article","og_title":"BMC URS 01 TWO GRAVELBIKE SRAM FORCE ETAP AXS 12F 700 MM MEXICO BLAU 2022","og_description":"Entdecken Sie unseren Online-Fahrradladen: Gro\u00dfe Auswahl an Modellen f\u00fcr alle Radsportbegeisterten. Von Rennr\u00e4dern bis zu Mountainbikes - finden Sie heute Ihren perfekten Wegbegleiter!","og_url":"https:\/\/kgerad.de\/en\/product\/bmc-urs-01-two-gravelbike-sram-force-etap-axs-12f-700-mm-mexico-blau-2022\/","og_site_name":"kgerad.de","article_modified_time":"2023-08-10T17:33:16+00:00","og_image":[{"width":600,"height":408,"url":"https:\/\/kgerad.de\/wp-content\/uploads\/2023\/06\/BMC-URS-01-TWO-GRAVELBIKE-SRAM-FORCE-ETAP-AXS-12F-700-MM-MEXICO-BLAU-2022.jpg","type":"image\/jpeg"}],"twitter_card":"summary_large_image","twitter_misc":{"Est. reading time":"3 minutes"},"schema":{"@context":"https:\/\/schema.org","@graph":[{"@type":"WebPage","@id":"https:\/\/kgerad.de\/produkt\/bmc-urs-01-two-gravelbike-sram-force-etap-axs-12f-700-mm-mexico-blau-2022\/","url":"https:\/\/kgerad.de\/produkt\/bmc-urs-01-two-gravelbike-sram-force-etap-axs-12f-700-mm-mexico-blau-2022\/","name":"BMC URS 01 TWO GRAVELBIKE SRAM FORCE ETAP AXS 12F 700 MM MEXICO BLAU 2022","isPartOf":{"@id":"https:\/\/kgerad.de\/#website"},"primaryImageOfPage":{"@id":"https:\/\/kgerad.de\/produkt\/bmc-urs-01-two-gravelbike-sram-force-etap-axs-12f-700-mm-mexico-blau-2022\/#primaryimage"},"image":{"@id":"https:\/\/kgerad.de\/produkt\/bmc-urs-01-two-gravelbike-sram-force-etap-axs-12f-700-mm-mexico-blau-2022\/#primaryimage"},"thumbnailUrl":"https:\/\/kgerad.de\/wp-content\/uploads\/2023\/06\/BMC-URS-01-TWO-GRAVELBIKE-SRAM-FORCE-ETAP-AXS-12F-700-MM-MEXICO-BLAU-2022.jpg","datePublished":"2022-08-20T15:47:37+00:00","dateModified":"2023-08-10T17:33:16+00:00","description":"Entdecken Sie unseren Online-Fahrradladen: Gro\u00dfe Auswahl an Modellen f\u00fcr alle Radsportbegeisterten. Von Rennr\u00e4dern bis zu Mountainbikes - finden Sie heute Ihren perfekten Wegbegleiter!","breadcrumb":{"@id":"https:\/\/kgerad.de\/produkt\/bmc-urs-01-two-gravelbike-sram-force-etap-axs-12f-700-mm-mexico-blau-2022\/#breadcrumb"},"inLanguage":"en-US","potentialAction":[{"@type":"ReadAction","target":["https:\/\/kgerad.de\/produkt\/bmc-urs-01-two-gravelbike-sram-force-etap-axs-12f-700-mm-mexico-blau-2022\/"]}]},{"@type":"ImageObject","inLanguage":"en-US","@id":"https:\/\/kgerad.de\/produkt\/bmc-urs-01-two-gravelbike-sram-force-etap-axs-12f-700-mm-mexico-blau-2022\/#primaryimage","url":"https:\/\/kgerad.de\/wp-content\/uploads\/2023\/06\/BMC-URS-01-TWO-GRAVELBIKE-SRAM-FORCE-ETAP-AXS-12F-700-MM-MEXICO-BLAU-2022.jpg","contentUrl":"https:\/\/kgerad.de\/wp-content\/uploads\/2023\/06\/BMC-URS-01-TWO-GRAVELBIKE-SRAM-FORCE-ETAP-AXS-12F-700-MM-MEXICO-BLAU-2022.jpg","width":600,"height":408,"caption":"BMC URS 01 TWO GRAVELBIKE SRAM FORCE ETAP AXS 12F 700 MM MEXICO BLAU 2022"},{"@type":"BreadcrumbList","@id":"https:\/\/kgerad.de\/produkt\/bmc-urs-01-two-gravelbike-sram-force-etap-axs-12f-700-mm-mexico-blau-2022\/#breadcrumb","itemListElement":[{"@type":"ListItem","position":1,"name":"Startseite","item":"https:\/\/kgerad.de\/"},{"@type":"ListItem","position":2,"name":"LADEN","item":"https:\/\/kgerad.de\/laden\/"},{"@type":"ListItem","position":3,"name":"BMC URS 01 TWO GRAVELBIKE SRAM FORCE ETAP AXS 12F 700 MM MEXICO BLAU 2022"}]},{"@type":"WebSite","@id":"https:\/\/kgerad.de\/#website","url":"https:\/\/kgerad.de\/","name":"kgerad.de","description":"Treten Sie mit uns ins Abenteuer!","publisher":{"@id":"https:\/\/kgerad.de\/#organization"},"alternateName":"MEIN RADLADEN","potentialAction":[{"@type":"SearchAction","target":{"@type":"EntryPoint","urlTemplate":"https:\/\/kgerad.de\/?s={search_term_string}"},"query-input":{"@type":"PropertyValueSpecification","valueRequired":true,"valueName":"search_term_string"}}],"inLanguage":"en-US"},{"@type":"Organization","@id":"https:\/\/kgerad.de\/#organization","name":"MEINRADLADEN","alternateName":"MEIN RADLADEN","url":"https:\/\/kgerad.de\/","logo":{"@type":"ImageObject","inLanguage":"en-US","@id":"https:\/\/kgerad.de\/#\/schema\/logo\/image\/","url":"https:\/\/kgerad.de\/wp-content\/uploads\/2025\/07\/logo-Whit.svg","contentUrl":"https:\/\/kgerad.de\/wp-content\/uploads\/2025\/07\/logo-Whit.svg","width":1640,"height":371,"caption":"MEINRADLADEN"},"image":{"@id":"https:\/\/kgerad.de\/#\/schema\/logo\/image\/"}}]}},"_links":{"self":[{"href":"https:\/\/kgerad.de\/en\/wp-json\/wp\/v2\/product\/13590","targetHints":{"allow":["GET"]}}],"collection":[{"href":"https:\/\/kgerad.de\/en\/wp-json\/wp\/v2\/product"}],"about":[{"href":"https:\/\/kgerad.de\/en\/wp-json\/wp\/v2\/types\/product"}],"replies":[{"embeddable":true,"href":"https:\/\/kgerad.de\/en\/wp-json\/wp\/v2\/comments?post=13590"}],"version-history":[{"count":2,"href":"https:\/\/kgerad.de\/en\/wp-json\/wp\/v2\/product\/13590\/revisions"}],"predecessor-version":[{"id":78746,"href":"https:\/\/kgerad.de\/en\/wp-json\/wp\/v2\/product\/13590\/revisions\/78746"}],"wp:featuredmedia":[{"embeddable":true,"href":"https:\/\/kgerad.de\/en\/wp-json\/wp\/v2\/media\/60951"}],"wp:attachment":[{"href":"https:\/\/kgerad.de\/en\/wp-json\/wp\/v2\/media?parent=13590"}],"wp:term":[{"taxonomy":"product_brand","embeddable":true,"href":"https:\/\/kgerad.de\/en\/wp-json\/wp\/v2\/product_brand?post=13590"},{"taxonomy":"product_cat","embeddable":true,"href":"https:\/\/kgerad.de\/en\/wp-json\/wp\/v2\/product_cat?post=13590"},{"taxonomy":"product_tag","embeddable":true,"href":"https:\/\/kgerad.de\/en\/wp-json\/wp\/v2\/product_tag?post=13590"}],"curies":[{"name":"wp","href":"https:\/\/api.w.org\/{rel}","templated":true}]}}