{"id":13564,"date":"2022-08-20T16:33:48","date_gmt":"2022-08-20T14:33:48","guid":{"rendered":"https:\/\/kgerad.de\/?post_type=product&#038;p=13564"},"modified":"2023-08-10T19:42:39","modified_gmt":"2023-08-10T17:42:39","slug":"bmc-timemachine-one-triathlonrad-shimano-105-11f-700-mm-rot-schwarz-2022","status":"publish","type":"product","link":"https:\/\/kgerad.de\/en\/product\/bmc-timemachine-one-triathlonrad-shimano-105-11f-700-mm-rot-schwarz-2022\/","title":{"rendered":"BMC TIMEMACHINE ONE TRIATHLONRAD SHIMANO 105 11F 700 MM ROT SCHWARZ 2022"},"content":{"rendered":"<div id=\"product-header-order-name\" class=\"col-lg-20 col-md-20 col-sm-20 col-xs-20\">\n<h2 class=\"heading-title-text\">BMC TIMEMACHINE ONE TRIATHLONRAD SHIMANO 105 11F 700 MM ROT SCHWARZ 2022<\/h2>\n<\/div>\n<div id=\"product-header-order-form\" class=\"js-reload-on-event col-lg-20 col-md-20 col-sm-20 col-xs-20\" data-to-watch=\"body\" data-event=\"alltricks:cartChanged\" data-url=\"\/ajax\/product\/ajouter\/F-41505-velos-route-_-cyclocross-_-triathlon\/P-2028952-bmc_timemachine_one_triathlonrad_shimano_105_11f_700_mm_rot_schwarz_2022\">\n<div class=\"col col-sm-12 col-md-12 col-lg-12\">\n<p>Als H\u00f6hepunkt jahrelanger Erforschung der Bed\u00fcrfnisse von Multisport-Athleten und perfektionierter Aerodynamik ist die\u00a0<strong>BMC Timemachine One Triathlonrad <\/strong>\u00a0dank einer ultimativen Rohrformtechnik, maximaler Komponentenintegration und einem vollst\u00e4ndigen Radfahrerpositionierungssystem die Referenz in Bezug auf triathlonspezifische Ausr\u00fcstung. Die Timemachine ist ma\u00dfgeschneidert f\u00fcr Triathleten.<\/p>\n<p><strong>Die<\/strong>\u00a0Ingenieure von\u00a0<strong>BMC haben das Timemachine 02<\/strong>\u00a0Triathlon-Bike um einen hochwertigen aerodynamischen 02-Carbon-Rahmen mit unschlagbaren Qualit\u00e4ten herum entwickelt, der in Zusammenarbeit mit Sauber Engineering entwickelt wurde, um beispiellose Geradeausgeschwindigkeit und Seitenwindstabilit\u00e4t zu gew\u00e4hrleisten. Die innovative Positionsverstellung und Ergonomie des 01 wurden beibehalten und werden von der P2P-Sattelst\u00fctze und der subA-Aerodynamik der Rohre verk\u00f6rpert. Die Timemachine 02 basiert auf einer traditionellen aerodynamischen Gabel, die es dem Fahrer erm\u00f6glicht, seinen Vorbau zu w\u00e4hlen. Die interne Verkabelung sowie das hintere Staufach und die integrierten Stromversorgungsoptionen demonstrieren eine \u00fcberlegene aerodynamische Integration f\u00fcr den Sportler, der nach hoher Leistung sucht. Von Kona bis zu Ihrem regionalen Triathlon, machen Sie sich auf den Weg, um die Uhr zu schlagen.<\/p>\n<\/div>\n<div class=\"prodsheet_bullets col col-sm-8 col-md-8 col-lg-8\">\n<h4>PRODUKT H\u00d6HEPUNKTE:<\/h4>\n<ul>\n<li>Die Timemachine 02 teilt die Luft wie ein Triathlon-Experte.<\/li>\n<li>Carbonrahmen mit P2P-Technologie.<\/li>\n<li>2 x 11-Gang Shimano 105-Getriebe.<\/li>\n<li>Shimano 105 Felgenbremsen.<\/li>\n<li>Paar Shimano RS100 Laufr\u00e4der.<\/li>\n<\/ul>\n<\/div>\n<div class=\"prodsheet_specs1 col col-sm-12 col-md-12 col-lg-12\">\n<h4>EINZELHEITEN:<\/h4>\n<table class=\"table table-striped\">\n<tbody>\n<tr>\n<td>Rahmen<\/td>\n<td>Carbon: Timemachine Carbon mit Vmax Aero Design und P2P Positioning SyStem, P2P Dual-Mount Aeropost Konfiguration, Interne Di2 Akkuhalterung, PF86 Innenlager, hintere Aufbewahrungsbox, verschiebbare Ausfallenden, Reifenfreiheit: 27 mm (gemessene Breite)<\/td>\n<\/tr>\n<tr>\n<td>Gabel<\/td>\n<td>Carbon: Timemachine Carbon mit Vmax Aero Design, Hinge Design, 45 mm Offset<\/td>\n<\/tr>\n<tr>\n<td>Schalthebel<\/td>\n<td>Shimano Dura-Ace Bar End, 2&#215;11-fach<\/td>\n<\/tr>\n<tr>\n<td>Umwerfer<\/td>\n<td>Shimano 105<\/td>\n<\/tr>\n<tr>\n<td>Schaltwerk<\/td>\n<td>Shimano 105, 11-fach<\/td>\n<\/tr>\n<tr>\n<td>Kassette<\/td>\n<td>Shimano 105, 11-30T<\/td>\n<\/tr>\n<tr>\n<td>Kette<\/td>\n<td>Shimano 105<\/td>\n<\/tr>\n<tr>\n<td>Kurbel<\/td>\n<td>Shimano 105, 53\/39T<\/td>\n<\/tr>\n<tr>\n<td>Innenlager<\/td>\n<td>PF86<\/td>\n<\/tr>\n<tr>\n<td>Bremsen<\/td>\n<td>Shimano 105, Felgenbremse, Direct Mount<\/td>\n<\/tr>\n<tr>\n<td>Laufradsatz<\/td>\n<td>Shimano WH-RS100, 24 mm<\/td>\n<\/tr>\n<tr>\n<td>Reifen<\/td>\n<td>Vittoria Zaffiro Pro, 700&#215;25 mm<\/td>\n<\/tr>\n<tr>\n<td>Lenker<\/td>\n<td>Profile WING 10a Basebar \/ Sonic Ergo 35A Aerobar, 160 mm Reach<\/td>\n<\/tr>\n<tr>\n<td>Stengel<\/td>\n<td>BMC RSM01, +\/-8\u00b0<\/td>\n<\/tr>\n<tr>\n<td>Sattel<\/td>\n<td>Fizik Mistica Mg<\/td>\n<\/tr>\n<tr>\n<td>Sattelst\u00fctze<\/td>\n<td>Timemachine Carbon V-Max Aero-Sattelst\u00fctze, 62 mm Offset-Einstellung, P2P-Dual-Mount-Aeropost-Konfiguration (Triathlon &amp; Zeitfahren)<\/td>\n<\/tr>\n<tr>\n<td>Gewicht<\/td>\n<td>9,46 kg<\/td>\n<\/tr>\n<tr>\n<td>Maximales Gewicht<\/td>\n<td>110 kg: Das maximale Gewicht des Systems umfasst das Fahrrad, den Radfahrer und die Ausr\u00fcstung<\/td>\n<\/tr>\n<tr>\n<td>Farbe<\/td>\n<td>Rot schwarz<\/td>\n<\/tr>\n<\/tbody>\n<\/table>\n<\/div>\n<div class=\"prodsheet_specs2 col col-sm-8 col-md-8 col-lg-8\">\n<h4>GEOMETRIEN:<\/h4>\n<p><img decoding=\"async\" src=\"http:\/\/media1.alltricks.fr\/ckfinder\/images\/cube_route_geo_en.jpg\" \/><\/p>\n<table class=\"table table-striped\">\n<tbody>\n<tr>\n<td>Rahmengr\u00f6\u00dfe<\/td>\n<td>S<\/td>\n<td>M &#8211; S<\/td>\n<td>M &#8211; L<\/td>\n<td>L<\/td>\n<\/tr>\n<tr>\n<td>Sitzrohr (mm)<\/td>\n<td>495<\/td>\n<td>550<\/td>\n<td>550<\/td>\n<td>592<\/td>\n<\/tr>\n<tr>\n<td>Kettenstreben (mm)<\/td>\n<td>393 &#8211; 404<\/td>\n<td>393 &#8211; 404<\/td>\n<td>393 &#8211; 404<\/td>\n<td>393 &#8211; 404<\/td>\n<\/tr>\n<tr>\n<td>Steuerrohrl\u00e4nge (mm)<\/td>\n<td>97<\/td>\n<td>111<\/td>\n<td>111<\/td>\n<td>153<\/td>\n<\/tr>\n<tr>\n<td>Steuerrohrwinkel (\u00b0)<\/td>\n<td>71,5<\/td>\n<td>71,5<\/td>\n<td>71,5<\/td>\n<td>71,5<\/td>\n<\/tr>\n<tr>\n<td>Sitzrohrwinkel (\u00b0)<\/td>\n<td>71,5 &#8211; 80,8<\/td>\n<td>71,5 &#8211; 80,8<\/td>\n<td>71,5 &#8211; 80,8<\/td>\n<td>71,5 &#8211; 80,8<\/td>\n<\/tr>\n<tr>\n<td>Radstand (mm)<\/td>\n<td>967<\/td>\n<td>967<\/td>\n<td>1008<\/td>\n<td>1038<\/td>\n<\/tr>\n<tr>\n<td>Stapel (mm)<\/td>\n<td>480<\/td>\n<td>515<\/td>\n<td>515<\/td>\n<td>556<\/td>\n<\/tr>\n<tr>\n<td>Reichweite (mm)<\/td>\n<td>393<\/td>\n<td>377<\/td>\n<td>418<\/td>\n<td>442<\/td>\n<\/tr>\n<tr>\n<td>Schaftl\u00e4nge (mm)<\/td>\n<td>90<\/td>\n<td>90<\/td>\n<td>100<\/td>\n<td>110<\/td>\n<\/tr>\n<tr>\n<td>Lenkerbreite (mm)<\/td>\n<td>400<\/td>\n<td>420<\/td>\n<td>420<\/td>\n<td>420<\/td>\n<\/tr>\n<tr>\n<td>Kurbell\u00e4nge (mm)<\/td>\n<td>165<\/td>\n<td>170<\/td>\n<td>170<\/td>\n<td>172,5<\/td>\n<\/tr>\n<\/tbody>\n<\/table>\n<\/div>\n<\/div>","protected":false},"excerpt":{"rendered":"<p>BMC TIMEMACHINE ONE TRIATHLONRAD SHIMANO 105 11F 700 MM ROT SCHWARZ 2022 Als H\u00f6hepunkt jahrelanger Erforschung der Bed\u00fcrfnisse von Multisport-Athleten<\/p>","protected":false},"featured_media":60947,"comment_status":"open","ping_status":"closed","template":"","meta":[],"product_brand":[],"product_cat":[129],"product_tag":[],"class_list":{"0":"post-13564","1":"product","2":"type-product","3":"status-publish","4":"has-post-thumbnail","6":"product_cat-rennrad","7":"pa_marke-bmc","9":"first","10":"instock","11":"sale","12":"taxable","13":"shipping-taxable","14":"purchasable","15":"product-type-variable"},"yoast_head":"<!-- This site is optimized with the Yoast SEO Premium plugin v20.12 (Yoast SEO v27.1.1) - https:\/\/yoast.com\/product\/yoast-seo-premium-wordpress\/ -->\n<title>BMC TIMEMACHINE ONE TRIATHLONRAD SHIMANO 105 11F 700 MM ROT SCHWARZ 2022<\/title>\n<meta name=\"description\" content=\"Entdecken Sie unseren Online-Fahrradladen: Gro\u00dfe Auswahl an Modellen f\u00fcr alle Radsportbegeisterten. Von Rennr\u00e4dern bis zu Mountainbikes - finden Sie heute Ihren perfekten Wegbegleiter!\" \/>\n<meta name=\"robots\" content=\"index, follow, max-snippet:-1, max-image-preview:large, max-video-preview:-1\" \/>\n<link rel=\"canonical\" href=\"https:\/\/kgerad.de\/en\/product\/bmc-timemachine-one-triathlonrad-shimano-105-11f-700-mm-rot-schwarz-2022\/\" \/>\n<meta property=\"og:locale\" content=\"en_US\" \/>\n<meta property=\"og:type\" content=\"article\" \/>\n<meta property=\"og:title\" content=\"BMC TIMEMACHINE ONE TRIATHLONRAD SHIMANO 105 11F 700 MM ROT SCHWARZ 2022\" \/>\n<meta property=\"og:description\" content=\"Entdecken Sie unseren Online-Fahrradladen: Gro\u00dfe Auswahl an Modellen f\u00fcr alle Radsportbegeisterten. Von Rennr\u00e4dern bis zu Mountainbikes - finden Sie heute Ihren perfekten Wegbegleiter!\" \/>\n<meta property=\"og:url\" content=\"https:\/\/kgerad.de\/en\/product\/bmc-timemachine-one-triathlonrad-shimano-105-11f-700-mm-rot-schwarz-2022\/\" \/>\n<meta property=\"og:site_name\" content=\"kgerad.de\" \/>\n<meta property=\"article:modified_time\" content=\"2023-08-10T17:42:39+00:00\" \/>\n<meta property=\"og:image\" content=\"https:\/\/kgerad.de\/wp-content\/uploads\/2023\/06\/BMC-TIMEMACHINE-ONE-TRIATHLONRAD-SHIMANO-105-11F-700-MM-ROT-SCHWARZ-2022.jpg\" \/>\n\t<meta property=\"og:image:width\" content=\"600\" \/>\n\t<meta property=\"og:image:height\" content=\"408\" \/>\n\t<meta property=\"og:image:type\" content=\"image\/jpeg\" \/>\n<meta name=\"twitter:card\" content=\"summary_large_image\" \/>\n<meta name=\"twitter:label1\" content=\"Est. reading time\" \/>\n\t<meta name=\"twitter:data1\" content=\"3 minutes\" \/>\n<script type=\"application\/ld+json\" class=\"yoast-schema-graph\">{\"@context\":\"https:\/\/schema.org\",\"@graph\":[{\"@type\":\"WebPage\",\"@id\":\"https:\/\/kgerad.de\/produkt\/bmc-timemachine-one-triathlonrad-shimano-105-11f-700-mm-rot-schwarz-2022\/\",\"url\":\"https:\/\/kgerad.de\/produkt\/bmc-timemachine-one-triathlonrad-shimano-105-11f-700-mm-rot-schwarz-2022\/\",\"name\":\"BMC TIMEMACHINE ONE TRIATHLONRAD SHIMANO 105 11F 700 MM ROT SCHWARZ 2022\",\"isPartOf\":{\"@id\":\"https:\/\/kgerad.de\/#website\"},\"primaryImageOfPage\":{\"@id\":\"https:\/\/kgerad.de\/produkt\/bmc-timemachine-one-triathlonrad-shimano-105-11f-700-mm-rot-schwarz-2022\/#primaryimage\"},\"image\":{\"@id\":\"https:\/\/kgerad.de\/produkt\/bmc-timemachine-one-triathlonrad-shimano-105-11f-700-mm-rot-schwarz-2022\/#primaryimage\"},\"thumbnailUrl\":\"https:\/\/kgerad.de\/wp-content\/uploads\/2023\/06\/BMC-TIMEMACHINE-ONE-TRIATHLONRAD-SHIMANO-105-11F-700-MM-ROT-SCHWARZ-2022.jpg\",\"datePublished\":\"2022-08-20T14:33:48+00:00\",\"dateModified\":\"2023-08-10T17:42:39+00:00\",\"description\":\"Entdecken Sie unseren Online-Fahrradladen: Gro\u00dfe Auswahl an Modellen f\u00fcr alle Radsportbegeisterten. Von Rennr\u00e4dern bis zu Mountainbikes - finden Sie heute Ihren perfekten Wegbegleiter!\",\"breadcrumb\":{\"@id\":\"https:\/\/kgerad.de\/produkt\/bmc-timemachine-one-triathlonrad-shimano-105-11f-700-mm-rot-schwarz-2022\/#breadcrumb\"},\"inLanguage\":\"en-US\",\"potentialAction\":[{\"@type\":\"ReadAction\",\"target\":[\"https:\/\/kgerad.de\/produkt\/bmc-timemachine-one-triathlonrad-shimano-105-11f-700-mm-rot-schwarz-2022\/\"]}]},{\"@type\":\"ImageObject\",\"inLanguage\":\"en-US\",\"@id\":\"https:\/\/kgerad.de\/produkt\/bmc-timemachine-one-triathlonrad-shimano-105-11f-700-mm-rot-schwarz-2022\/#primaryimage\",\"url\":\"https:\/\/kgerad.de\/wp-content\/uploads\/2023\/06\/BMC-TIMEMACHINE-ONE-TRIATHLONRAD-SHIMANO-105-11F-700-MM-ROT-SCHWARZ-2022.jpg\",\"contentUrl\":\"https:\/\/kgerad.de\/wp-content\/uploads\/2023\/06\/BMC-TIMEMACHINE-ONE-TRIATHLONRAD-SHIMANO-105-11F-700-MM-ROT-SCHWARZ-2022.jpg\",\"width\":600,\"height\":408,\"caption\":\"BMC TIMEMACHINE ONE TRIATHLONRAD SHIMANO 105 11F 700 MM ROT SCHWARZ 2022\"},{\"@type\":\"BreadcrumbList\",\"@id\":\"https:\/\/kgerad.de\/produkt\/bmc-timemachine-one-triathlonrad-shimano-105-11f-700-mm-rot-schwarz-2022\/#breadcrumb\",\"itemListElement\":[{\"@type\":\"ListItem\",\"position\":1,\"name\":\"Startseite\",\"item\":\"https:\/\/kgerad.de\/\"},{\"@type\":\"ListItem\",\"position\":2,\"name\":\"LADEN\",\"item\":\"https:\/\/kgerad.de\/laden\/\"},{\"@type\":\"ListItem\",\"position\":3,\"name\":\"BMC TIMEMACHINE ONE TRIATHLONRAD SHIMANO 105 11F 700 MM ROT SCHWARZ 2022\"}]},{\"@type\":\"WebSite\",\"@id\":\"https:\/\/kgerad.de\/#website\",\"url\":\"https:\/\/kgerad.de\/\",\"name\":\"kgerad.de\",\"description\":\"Treten Sie mit uns ins Abenteuer!\",\"publisher\":{\"@id\":\"https:\/\/kgerad.de\/#organization\"},\"alternateName\":\"MEIN RADLADEN\",\"potentialAction\":[{\"@type\":\"SearchAction\",\"target\":{\"@type\":\"EntryPoint\",\"urlTemplate\":\"https:\/\/kgerad.de\/?s={search_term_string}\"},\"query-input\":{\"@type\":\"PropertyValueSpecification\",\"valueRequired\":true,\"valueName\":\"search_term_string\"}}],\"inLanguage\":\"en-US\"},{\"@type\":\"Organization\",\"@id\":\"https:\/\/kgerad.de\/#organization\",\"name\":\"MEINRADLADEN\",\"alternateName\":\"MEIN RADLADEN\",\"url\":\"https:\/\/kgerad.de\/\",\"logo\":{\"@type\":\"ImageObject\",\"inLanguage\":\"en-US\",\"@id\":\"https:\/\/kgerad.de\/#\/schema\/logo\/image\/\",\"url\":\"https:\/\/kgerad.de\/wp-content\/uploads\/2025\/07\/logo-Whit.svg\",\"contentUrl\":\"https:\/\/kgerad.de\/wp-content\/uploads\/2025\/07\/logo-Whit.svg\",\"width\":1640,\"height\":371,\"caption\":\"MEINRADLADEN\"},\"image\":{\"@id\":\"https:\/\/kgerad.de\/#\/schema\/logo\/image\/\"}}]}<\/script>\n<!-- \/ Yoast SEO Premium plugin. -->","yoast_head_json":{"title":"BMC TIMEMACHINE ONE TRIATHLONRAD SHIMANO 105 11F 700 MM ROT SCHWARZ 2022","description":"Entdecken Sie unseren Online-Fahrradladen: Gro\u00dfe Auswahl an Modellen f\u00fcr alle Radsportbegeisterten. Von Rennr\u00e4dern bis zu Mountainbikes - finden Sie heute Ihren perfekten Wegbegleiter!","robots":{"index":"index","follow":"follow","max-snippet":"max-snippet:-1","max-image-preview":"max-image-preview:large","max-video-preview":"max-video-preview:-1"},"canonical":"https:\/\/kgerad.de\/en\/product\/bmc-timemachine-one-triathlonrad-shimano-105-11f-700-mm-rot-schwarz-2022\/","og_locale":"en_US","og_type":"article","og_title":"BMC TIMEMACHINE ONE TRIATHLONRAD SHIMANO 105 11F 700 MM ROT SCHWARZ 2022","og_description":"Entdecken Sie unseren Online-Fahrradladen: Gro\u00dfe Auswahl an Modellen f\u00fcr alle Radsportbegeisterten. Von Rennr\u00e4dern bis zu Mountainbikes - finden Sie heute Ihren perfekten Wegbegleiter!","og_url":"https:\/\/kgerad.de\/en\/product\/bmc-timemachine-one-triathlonrad-shimano-105-11f-700-mm-rot-schwarz-2022\/","og_site_name":"kgerad.de","article_modified_time":"2023-08-10T17:42:39+00:00","og_image":[{"width":600,"height":408,"url":"https:\/\/kgerad.de\/wp-content\/uploads\/2023\/06\/BMC-TIMEMACHINE-ONE-TRIATHLONRAD-SHIMANO-105-11F-700-MM-ROT-SCHWARZ-2022.jpg","type":"image\/jpeg"}],"twitter_card":"summary_large_image","twitter_misc":{"Est. reading time":"3 minutes"},"schema":{"@context":"https:\/\/schema.org","@graph":[{"@type":"WebPage","@id":"https:\/\/kgerad.de\/produkt\/bmc-timemachine-one-triathlonrad-shimano-105-11f-700-mm-rot-schwarz-2022\/","url":"https:\/\/kgerad.de\/produkt\/bmc-timemachine-one-triathlonrad-shimano-105-11f-700-mm-rot-schwarz-2022\/","name":"BMC TIMEMACHINE ONE TRIATHLONRAD SHIMANO 105 11F 700 MM ROT SCHWARZ 2022","isPartOf":{"@id":"https:\/\/kgerad.de\/#website"},"primaryImageOfPage":{"@id":"https:\/\/kgerad.de\/produkt\/bmc-timemachine-one-triathlonrad-shimano-105-11f-700-mm-rot-schwarz-2022\/#primaryimage"},"image":{"@id":"https:\/\/kgerad.de\/produkt\/bmc-timemachine-one-triathlonrad-shimano-105-11f-700-mm-rot-schwarz-2022\/#primaryimage"},"thumbnailUrl":"https:\/\/kgerad.de\/wp-content\/uploads\/2023\/06\/BMC-TIMEMACHINE-ONE-TRIATHLONRAD-SHIMANO-105-11F-700-MM-ROT-SCHWARZ-2022.jpg","datePublished":"2022-08-20T14:33:48+00:00","dateModified":"2023-08-10T17:42:39+00:00","description":"Entdecken Sie unseren Online-Fahrradladen: Gro\u00dfe Auswahl an Modellen f\u00fcr alle Radsportbegeisterten. Von Rennr\u00e4dern bis zu Mountainbikes - finden Sie heute Ihren perfekten Wegbegleiter!","breadcrumb":{"@id":"https:\/\/kgerad.de\/produkt\/bmc-timemachine-one-triathlonrad-shimano-105-11f-700-mm-rot-schwarz-2022\/#breadcrumb"},"inLanguage":"en-US","potentialAction":[{"@type":"ReadAction","target":["https:\/\/kgerad.de\/produkt\/bmc-timemachine-one-triathlonrad-shimano-105-11f-700-mm-rot-schwarz-2022\/"]}]},{"@type":"ImageObject","inLanguage":"en-US","@id":"https:\/\/kgerad.de\/produkt\/bmc-timemachine-one-triathlonrad-shimano-105-11f-700-mm-rot-schwarz-2022\/#primaryimage","url":"https:\/\/kgerad.de\/wp-content\/uploads\/2023\/06\/BMC-TIMEMACHINE-ONE-TRIATHLONRAD-SHIMANO-105-11F-700-MM-ROT-SCHWARZ-2022.jpg","contentUrl":"https:\/\/kgerad.de\/wp-content\/uploads\/2023\/06\/BMC-TIMEMACHINE-ONE-TRIATHLONRAD-SHIMANO-105-11F-700-MM-ROT-SCHWARZ-2022.jpg","width":600,"height":408,"caption":"BMC TIMEMACHINE ONE TRIATHLONRAD SHIMANO 105 11F 700 MM ROT SCHWARZ 2022"},{"@type":"BreadcrumbList","@id":"https:\/\/kgerad.de\/produkt\/bmc-timemachine-one-triathlonrad-shimano-105-11f-700-mm-rot-schwarz-2022\/#breadcrumb","itemListElement":[{"@type":"ListItem","position":1,"name":"Startseite","item":"https:\/\/kgerad.de\/"},{"@type":"ListItem","position":2,"name":"LADEN","item":"https:\/\/kgerad.de\/laden\/"},{"@type":"ListItem","position":3,"name":"BMC TIMEMACHINE ONE TRIATHLONRAD SHIMANO 105 11F 700 MM ROT SCHWARZ 2022"}]},{"@type":"WebSite","@id":"https:\/\/kgerad.de\/#website","url":"https:\/\/kgerad.de\/","name":"kgerad.de","description":"Treten Sie mit uns ins Abenteuer!","publisher":{"@id":"https:\/\/kgerad.de\/#organization"},"alternateName":"MEIN RADLADEN","potentialAction":[{"@type":"SearchAction","target":{"@type":"EntryPoint","urlTemplate":"https:\/\/kgerad.de\/?s={search_term_string}"},"query-input":{"@type":"PropertyValueSpecification","valueRequired":true,"valueName":"search_term_string"}}],"inLanguage":"en-US"},{"@type":"Organization","@id":"https:\/\/kgerad.de\/#organization","name":"MEINRADLADEN","alternateName":"MEIN RADLADEN","url":"https:\/\/kgerad.de\/","logo":{"@type":"ImageObject","inLanguage":"en-US","@id":"https:\/\/kgerad.de\/#\/schema\/logo\/image\/","url":"https:\/\/kgerad.de\/wp-content\/uploads\/2025\/07\/logo-Whit.svg","contentUrl":"https:\/\/kgerad.de\/wp-content\/uploads\/2025\/07\/logo-Whit.svg","width":1640,"height":371,"caption":"MEINRADLADEN"},"image":{"@id":"https:\/\/kgerad.de\/#\/schema\/logo\/image\/"}}]}},"_links":{"self":[{"href":"https:\/\/kgerad.de\/en\/wp-json\/wp\/v2\/product\/13564","targetHints":{"allow":["GET"]}}],"collection":[{"href":"https:\/\/kgerad.de\/en\/wp-json\/wp\/v2\/product"}],"about":[{"href":"https:\/\/kgerad.de\/en\/wp-json\/wp\/v2\/types\/product"}],"replies":[{"embeddable":true,"href":"https:\/\/kgerad.de\/en\/wp-json\/wp\/v2\/comments?post=13564"}],"version-history":[{"count":2,"href":"https:\/\/kgerad.de\/en\/wp-json\/wp\/v2\/product\/13564\/revisions"}],"predecessor-version":[{"id":78753,"href":"https:\/\/kgerad.de\/en\/wp-json\/wp\/v2\/product\/13564\/revisions\/78753"}],"wp:featuredmedia":[{"embeddable":true,"href":"https:\/\/kgerad.de\/en\/wp-json\/wp\/v2\/media\/60947"}],"wp:attachment":[{"href":"https:\/\/kgerad.de\/en\/wp-json\/wp\/v2\/media?parent=13564"}],"wp:term":[{"taxonomy":"product_brand","embeddable":true,"href":"https:\/\/kgerad.de\/en\/wp-json\/wp\/v2\/product_brand?post=13564"},{"taxonomy":"product_cat","embeddable":true,"href":"https:\/\/kgerad.de\/en\/wp-json\/wp\/v2\/product_cat?post=13564"},{"taxonomy":"product_tag","embeddable":true,"href":"https:\/\/kgerad.de\/en\/wp-json\/wp\/v2\/product_tag?post=13564"}],"curies":[{"name":"wp","href":"https:\/\/api.w.org\/{rel}","templated":true}]}}