{"id":13424,"date":"2022-08-19T16:59:21","date_gmt":"2022-08-19T14:59:21","guid":{"rendered":"https:\/\/kgerad.de\/?post_type=product&#038;p=13424"},"modified":"2023-08-10T18:54:12","modified_gmt":"2023-08-10T16:54:12","slug":"bmc-roadmachine-four-rennrad-sram-rival-etap-axs-12s-700-mm-braun-2023","status":"publish","type":"product","link":"https:\/\/kgerad.de\/en\/product\/bmc-roadmachine-four-rennrad-sram-rival-etap-axs-12s-700-mm-braun-2023\/","title":{"rendered":"BMC ROADMACHINE FOUR RENNRAD SRAM RIVAL ETAP AXS 12S 700 MM BRAUN 2023"},"content":{"rendered":"<div id=\"product-header-order-name\" class=\"col-lg-20 col-md-20 col-sm-20 col-xs-20\">\n<h2 class=\"heading-title-text\">BMC ROADMACHINE FOUR RENNRAD SRAM RIVAL ETAP AXS 12S 700 MM BRAUN 2023<\/h2>\n<div class=\"col col-sm-12 col-md-12 col-lg-12\">\n<p>Die One-Bike-Kollektion, neu interpretiert. Die neue\u00a0<strong>BMC Roadmachine Four <\/strong>\u00a0als &#8222;One-Bike-Kollektion&#8220; zu bezeichnen, ist eine k\u00fchne Behauptung. Doch nach der kompletten \u00dcberarbeitung des Bikes zur Maximierung von Nachgiebigkeit, Steifigkeit, Geschwindigkeit und Passformoptionen werden Sie sehen, warum dies eine Aussage ist, hinter der wir mit Stolz stehen. Zum ersten Mal haben wir bei der Roadmachine-Linie unsere ACE (Accelerated Composites Evolution)-Rahmenkonstruktionstechnologie eingesetzt, die auch beim ProTour-Sieger Teammachine SLR zum Einsatz kam. Um die bisher komfortabelste, leichteste und schnellste Roadmachine zu entwickeln, wurden die Formen und Layups der Carbon-Rahmen und -Gabelrohre so abgestimmt, dass sie den Komfort optimieren und gleichzeitig die Gesamtsteifigkeit des Bikes f\u00fcr eine schnelle Beschleunigung und ein pr\u00e4zises Handling erh\u00f6hen. Dar\u00fcber hinaus erh\u00f6ht der neue, ACE-optimierte Rahmen die bekannte, stra\u00dfengl\u00e4ttende Nachgiebigkeit der Roadmachine um erstaunliche 25 Prozent, um Ausdauerfahrern ein Bike zu bieten, das sowohl fehlerverzeihend als auch schnell ist.<\/p>\n<\/div>\n<div class=\"prodsheet_bullets col col-sm-8 col-md-8 col-lg-8\">\n<h4>DIE WICHTIGSTEN MERKMALE:<\/h4>\n<ul>\n<li>Der leistungsstarke Allrounder der BMC-Rennradkollektion.<\/li>\n<li>TCC Endurance Technologie: nimmt den rauesten Stra\u00dfen die Sch\u00e4rfe, um h\u00e4rter zu pushen und weiter zu fahren.<\/li>\n<li>Sram Rival eTap AXS 2&#215;12-Gang-Antriebssystem.<\/li>\n<li>Hydraulische Scheibenbremsen Sram Rival eTap AXS, 160\/160 mm.<\/li>\n<\/ul>\n<\/div>\n<div class=\"prodsheet_specs1 col col-sm-12 col-md-12 col-lg-12\">\n<h4>EIGENSCHAFTEN:<\/h4>\n<table class=\"table table-striped\">\n<tbody>\n<tr>\n<td>Rahmen<\/td>\n<td>Carbon: Roadmachine Premium Carbon mit Tuned Compliance Concept Endurance, interne Kabelf\u00fchrung, PF86 Tretlager, Flat Mount Disc, 12&#215;142 mm Steckachse, Reifenfreiheit: 33 mm (gemessene Breite)<\/td>\n<\/tr>\n<tr>\n<td>Gabel<\/td>\n<td>Carbon: Roadmachine Premium Carbon mit Tuned Compliance Concept Endurance, interne Kabelf\u00fchrung, Flat Mount Disc, 12&#215;100 mm Steckachse, 50 mm Offset (Gr\u00f6\u00dfe 47-51), 45 mm Offset (Gr\u00f6\u00dfe 54-61)<\/td>\n<\/tr>\n<tr>\n<td>Schaltungen<\/td>\n<td>Sram Rival eTap AXS HRD, 2&#215;12-fach<\/td>\n<\/tr>\n<tr>\n<td>Umwerfer<\/td>\n<td>Sram Rival eTap AXS<\/td>\n<\/tr>\n<tr>\n<td>Schaltwerk<\/td>\n<td>Sram Rival eTap AXS, 12-fach<\/td>\n<\/tr>\n<tr>\n<td>Kassette<\/td>\n<td>Sram Rival XG-1250, 10-36T<\/td>\n<\/tr>\n<tr>\n<td>Kette<\/td>\n<td>Sram Rival<\/td>\n<\/tr>\n<tr>\n<td>Kurbelgarnitur<\/td>\n<td>Sram Rival AXS, 46\/33Z<\/td>\n<\/tr>\n<tr>\n<td>Tretlager<\/td>\n<td>PF86<\/td>\n<\/tr>\n<tr>\n<td>Bremsen<\/td>\n<td>Sram Rival eTap AXS HRD, Hydr. Scheibenbremse, (160\/160) Centerline X Rotoren<\/td>\n<\/tr>\n<tr>\n<td>Laufradsatz<\/td>\n<td>Felgen: XRD-522, Tubeless Ready, 25 mm \/ Naben: XRD-522<\/td>\n<\/tr>\n<tr>\n<td>Bereifung<\/td>\n<td>Vittoria Rubino, 700&#215;28 mm<\/td>\n<\/tr>\n<tr>\n<td>Lenker<\/td>\n<td>BMC RAB 02, Ergo Top Shape, Compact Bend, 70 mm Reichweite, 125 mm Ausfall<\/td>\n<\/tr>\n<tr>\n<td>Vorbau<\/td>\n<td>BMC RSM01, +\/-8\u00b0<\/td>\n<\/tr>\n<tr>\n<td>Sattel<\/td>\n<td>Fizik Taiga<\/td>\n<\/tr>\n<tr>\n<td>Sattelst\u00fctze<\/td>\n<td>Roadmachine Premium Carbon D-Shaped Sattelst\u00fctze, 15 mm Offset<\/td>\n<\/tr>\n<tr>\n<td>Gewicht<\/td>\n<td>&#8212;<\/td>\n<\/tr>\n<tr>\n<td>Gewichtslimit<\/td>\n<td>110 kg: das maximale Systemgewicht besteht aus dem Fahrrad, dem Fahrer und der Ausr\u00fcstung<\/td>\n<\/tr>\n<tr>\n<td>Farbe<\/td>\n<td>Braun \/ Schwarz \/ T\u00fcrkis<\/td>\n<\/tr>\n<\/tbody>\n<\/table>\n<\/div>\n<div class=\"prodsheet_specs2 col col-sm-8 col-md-8 col-lg-8\">\n<h4>GEOMETRIEN:<\/h4>\n<p><img decoding=\"async\" src=\"http:\/\/media1.alltricks.fr\/ckfinder\/images\/cube_route_geo_en.jpg\" \/><\/p>\n<table class=\"table table-striped\">\n<tbody>\n<tr>\n<td>Rahmengr\u00f6\u00dfe (cm)<\/td>\n<td>47<\/td>\n<td>51<\/td>\n<td>54<\/td>\n<td>56<\/td>\n<td>58<\/td>\n<td>61<\/td>\n<\/tr>\n<tr>\n<td>Sitzrohr (mm)<\/td>\n<td>420<\/td>\n<td>457<\/td>\n<td>500<\/td>\n<td>522<\/td>\n<td>539<\/td>\n<td>573<\/td>\n<\/tr>\n<tr>\n<td>Oberes Rohr (mm)<\/td>\n<td>522<\/td>\n<td>532<\/td>\n<td>546<\/td>\n<td>556<\/td>\n<td>568<\/td>\n<td>583<\/td>\n<\/tr>\n<tr>\n<td>Kettenstreben (mm)<\/td>\n<td>410<\/td>\n<td>410<\/td>\n<td>410<\/td>\n<td>410<\/td>\n<td>410<\/td>\n<td>410<\/td>\n<\/tr>\n<tr>\n<td>L\u00e4nge Steuerrohr (mm)<\/td>\n<td>112<\/td>\n<td>139<\/td>\n<td>156<\/td>\n<td>181<\/td>\n<td>206<\/td>\n<td>242<\/td>\n<\/tr>\n<tr>\n<td>Winkel des Steuerrohrs (\u00b0)<\/td>\n<td>71.2<\/td>\n<td>71.2<\/td>\n<td>72<\/td>\n<td>72<\/td>\n<td>72<\/td>\n<td>72<\/td>\n<\/tr>\n<tr>\n<td>Winkel des Sitzrohrs (\u00b0)<\/td>\n<td>74.2<\/td>\n<td>74.2<\/td>\n<td>74.2<\/td>\n<td>74.2<\/td>\n<td>74.2<\/td>\n<td>74.2<\/td>\n<\/tr>\n<tr>\n<td>Radstand (mm)<\/td>\n<td>982<\/td>\n<td>999<\/td>\n<td>997<\/td>\n<td>1008<\/td>\n<td>1020<\/td>\n<td>1035<\/td>\n<\/tr>\n<tr>\n<td>Stapel (mm)<\/td>\n<td>516<\/td>\n<td>541<\/td>\n<td>562<\/td>\n<td>586<\/td>\n<td>610<\/td>\n<td>644<\/td>\n<\/tr>\n<tr>\n<td>Reichweite (mm)<\/td>\n<td>374<\/td>\n<td>382<\/td>\n<td>386<\/td>\n<td>390<\/td>\n<td>394<\/td>\n<td>398<\/td>\n<\/tr>\n<tr>\n<td>Breite des Lenkers (mm)<\/td>\n<td>400<\/td>\n<td>420<\/td>\n<td>420<\/td>\n<td>420<\/td>\n<td>420<\/td>\n<td>440<\/td>\n<\/tr>\n<tr>\n<td>Gabelhub (mm)<\/td>\n<td>50<\/td>\n<td>50<\/td>\n<td>45<\/td>\n<td>45<\/td>\n<td>45<\/td>\n<td>45<\/td>\n<\/tr>\n<tr>\n<td>L\u00e4nge der Kurbel (mm)<\/td>\n<td>170<\/td>\n<td>170<\/td>\n<td>172.5<\/td>\n<td>172.5<\/td>\n<td>175<\/td>\n<td>175<\/td>\n<\/tr>\n<\/tbody>\n<\/table>\n<\/div>\n<\/div>\n<div id=\"product-header-order-form\" class=\"js-reload-on-event col-lg-20 col-md-20 col-sm-20 col-xs-20\" data-to-watch=\"body\" data-event=\"alltricks:cartChanged\" data-url=\"\/ajax\/product\/ajouter\/F-41505-velos-route-_-cyclocross-_-triathlon\/P-2262233-bmc_roadmachine_four_rennrad_sram_rival_etap_axs_12s_700_mm_braun_2023\"><\/div>","protected":false},"excerpt":{"rendered":"<div class=\"col-lg-14 col-md-14 col-sm-14 col-xs-20\"><\/div>\n<div id=\"product-specifications-table\" class=\"col-lg-20 col-md-20 col-sm-20 col-xs-20\">\n<table class=\"table table-striped\">\n<tbody>\n<tr>\n<td class=\"spec-name\">Geschlecht<\/td>\n<td class=\"spec-value\">Herren<\/td>\n<\/tr>\n<tr>\n<td class=\"spec-name\">Gruppe<\/td>\n<td class=\"spec-value\">Sram Rival eTap AXS 12V<\/td>\n<\/tr>\n<tr>\n<td class=\"spec-name\">collection<\/td>\n<td class=\"spec-value\">Restst\u00fccke<\/td>\n<\/tr>\n<\/tbody>\n<\/table>\n<\/div>","protected":false},"featured_media":60921,"comment_status":"open","ping_status":"closed","template":"","meta":[],"product_brand":[],"product_cat":[129],"product_tag":[],"class_list":{"0":"post-13424","1":"product","2":"type-product","3":"status-publish","4":"has-post-thumbnail","6":"product_cat-rennrad","7":"pa_marke-bmc","9":"first","10":"instock","11":"sale","12":"taxable","13":"shipping-taxable","14":"purchasable","15":"product-type-variable"},"yoast_head":"<!-- This site is optimized with the Yoast SEO Premium plugin v20.12 (Yoast SEO v27.1.1) - https:\/\/yoast.com\/product\/yoast-seo-premium-wordpress\/ -->\n<title>BMC ROADMACHINE FOUR RENNRAD SRAM RIVAL ETAP AXS 12S 700 MM BRAUN 2023<\/title>\n<meta name=\"description\" content=\"Entdecken Sie unseren Online-Fahrradladen: Gro\u00dfe Auswahl an Modellen f\u00fcr alle Radsportbegeisterten. Von Rennr\u00e4dern bis zu Mountainbikes - finden Sie heute Ihren perfekten Wegbegleiter!\" \/>\n<meta name=\"robots\" content=\"index, follow, max-snippet:-1, max-image-preview:large, max-video-preview:-1\" \/>\n<link rel=\"canonical\" href=\"https:\/\/kgerad.de\/en\/product\/bmc-roadmachine-four-rennrad-sram-rival-etap-axs-12s-700-mm-braun-2023\/\" \/>\n<meta property=\"og:locale\" content=\"en_US\" \/>\n<meta property=\"og:type\" content=\"article\" \/>\n<meta property=\"og:title\" content=\"BMC ROADMACHINE FOUR RENNRAD SRAM RIVAL ETAP AXS 12S 700 MM BRAUN 2023\" \/>\n<meta property=\"og:description\" content=\"Entdecken Sie unseren Online-Fahrradladen: Gro\u00dfe Auswahl an Modellen f\u00fcr alle Radsportbegeisterten. Von Rennr\u00e4dern bis zu Mountainbikes - finden Sie heute Ihren perfekten Wegbegleiter!\" \/>\n<meta property=\"og:url\" content=\"https:\/\/kgerad.de\/en\/product\/bmc-roadmachine-four-rennrad-sram-rival-etap-axs-12s-700-mm-braun-2023\/\" \/>\n<meta property=\"og:site_name\" content=\"kgerad.de\" \/>\n<meta property=\"article:modified_time\" content=\"2023-08-10T16:54:12+00:00\" \/>\n<meta property=\"og:image\" content=\"https:\/\/kgerad.de\/wp-content\/uploads\/2023\/06\/BMC-ROADMACHINE-FOUR-RENNRAD-SRAM-RIVAL-ETAP-AXS-12S-700-MM-BRAUN-2023.jpg\" \/>\n\t<meta property=\"og:image:width\" content=\"600\" \/>\n\t<meta property=\"og:image:height\" content=\"408\" \/>\n\t<meta property=\"og:image:type\" content=\"image\/jpeg\" \/>\n<meta name=\"twitter:card\" content=\"summary_large_image\" \/>\n<meta name=\"twitter:label1\" content=\"Est. reading time\" \/>\n\t<meta name=\"twitter:data1\" content=\"3 minutes\" \/>\n<script type=\"application\/ld+json\" class=\"yoast-schema-graph\">{\"@context\":\"https:\/\/schema.org\",\"@graph\":[{\"@type\":\"WebPage\",\"@id\":\"https:\/\/kgerad.de\/produkt\/bmc-roadmachine-four-rennrad-sram-rival-etap-axs-12s-700-mm-braun-2023\/\",\"url\":\"https:\/\/kgerad.de\/produkt\/bmc-roadmachine-four-rennrad-sram-rival-etap-axs-12s-700-mm-braun-2023\/\",\"name\":\"BMC ROADMACHINE FOUR RENNRAD SRAM RIVAL ETAP AXS 12S 700 MM BRAUN 2023\",\"isPartOf\":{\"@id\":\"https:\/\/kgerad.de\/#website\"},\"primaryImageOfPage\":{\"@id\":\"https:\/\/kgerad.de\/produkt\/bmc-roadmachine-four-rennrad-sram-rival-etap-axs-12s-700-mm-braun-2023\/#primaryimage\"},\"image\":{\"@id\":\"https:\/\/kgerad.de\/produkt\/bmc-roadmachine-four-rennrad-sram-rival-etap-axs-12s-700-mm-braun-2023\/#primaryimage\"},\"thumbnailUrl\":\"https:\/\/kgerad.de\/wp-content\/uploads\/2023\/06\/BMC-ROADMACHINE-FOUR-RENNRAD-SRAM-RIVAL-ETAP-AXS-12S-700-MM-BRAUN-2023.jpg\",\"datePublished\":\"2022-08-19T14:59:21+00:00\",\"dateModified\":\"2023-08-10T16:54:12+00:00\",\"description\":\"Entdecken Sie unseren Online-Fahrradladen: Gro\u00dfe Auswahl an Modellen f\u00fcr alle Radsportbegeisterten. Von Rennr\u00e4dern bis zu Mountainbikes - finden Sie heute Ihren perfekten Wegbegleiter!\",\"breadcrumb\":{\"@id\":\"https:\/\/kgerad.de\/produkt\/bmc-roadmachine-four-rennrad-sram-rival-etap-axs-12s-700-mm-braun-2023\/#breadcrumb\"},\"inLanguage\":\"en-US\",\"potentialAction\":[{\"@type\":\"ReadAction\",\"target\":[\"https:\/\/kgerad.de\/produkt\/bmc-roadmachine-four-rennrad-sram-rival-etap-axs-12s-700-mm-braun-2023\/\"]}]},{\"@type\":\"ImageObject\",\"inLanguage\":\"en-US\",\"@id\":\"https:\/\/kgerad.de\/produkt\/bmc-roadmachine-four-rennrad-sram-rival-etap-axs-12s-700-mm-braun-2023\/#primaryimage\",\"url\":\"https:\/\/kgerad.de\/wp-content\/uploads\/2023\/06\/BMC-ROADMACHINE-FOUR-RENNRAD-SRAM-RIVAL-ETAP-AXS-12S-700-MM-BRAUN-2023.jpg\",\"contentUrl\":\"https:\/\/kgerad.de\/wp-content\/uploads\/2023\/06\/BMC-ROADMACHINE-FOUR-RENNRAD-SRAM-RIVAL-ETAP-AXS-12S-700-MM-BRAUN-2023.jpg\",\"width\":600,\"height\":408,\"caption\":\"BMC ROADMACHINE FOUR RENNRAD SRAM RIVAL ETAP AXS 12S 700 MM BRAUN 2023\"},{\"@type\":\"BreadcrumbList\",\"@id\":\"https:\/\/kgerad.de\/produkt\/bmc-roadmachine-four-rennrad-sram-rival-etap-axs-12s-700-mm-braun-2023\/#breadcrumb\",\"itemListElement\":[{\"@type\":\"ListItem\",\"position\":1,\"name\":\"Startseite\",\"item\":\"https:\/\/kgerad.de\/\"},{\"@type\":\"ListItem\",\"position\":2,\"name\":\"LADEN\",\"item\":\"https:\/\/kgerad.de\/laden\/\"},{\"@type\":\"ListItem\",\"position\":3,\"name\":\"BMC ROADMACHINE FOUR RENNRAD SRAM RIVAL ETAP AXS 12S 700 MM BRAUN 2023\"}]},{\"@type\":\"WebSite\",\"@id\":\"https:\/\/kgerad.de\/#website\",\"url\":\"https:\/\/kgerad.de\/\",\"name\":\"kgerad.de\",\"description\":\"Treten Sie mit uns ins Abenteuer!\",\"publisher\":{\"@id\":\"https:\/\/kgerad.de\/#organization\"},\"alternateName\":\"MEIN RADLADEN\",\"potentialAction\":[{\"@type\":\"SearchAction\",\"target\":{\"@type\":\"EntryPoint\",\"urlTemplate\":\"https:\/\/kgerad.de\/?s={search_term_string}\"},\"query-input\":{\"@type\":\"PropertyValueSpecification\",\"valueRequired\":true,\"valueName\":\"search_term_string\"}}],\"inLanguage\":\"en-US\"},{\"@type\":\"Organization\",\"@id\":\"https:\/\/kgerad.de\/#organization\",\"name\":\"MEINRADLADEN\",\"alternateName\":\"MEIN RADLADEN\",\"url\":\"https:\/\/kgerad.de\/\",\"logo\":{\"@type\":\"ImageObject\",\"inLanguage\":\"en-US\",\"@id\":\"https:\/\/kgerad.de\/#\/schema\/logo\/image\/\",\"url\":\"https:\/\/kgerad.de\/wp-content\/uploads\/2025\/07\/logo-Whit.svg\",\"contentUrl\":\"https:\/\/kgerad.de\/wp-content\/uploads\/2025\/07\/logo-Whit.svg\",\"width\":1640,\"height\":371,\"caption\":\"MEINRADLADEN\"},\"image\":{\"@id\":\"https:\/\/kgerad.de\/#\/schema\/logo\/image\/\"}}]}<\/script>\n<!-- \/ Yoast SEO Premium plugin. -->","yoast_head_json":{"title":"BMC ROADMACHINE FOUR RENNRAD SRAM RIVAL ETAP AXS 12S 700 MM BRAUN 2023","description":"Entdecken Sie unseren Online-Fahrradladen: Gro\u00dfe Auswahl an Modellen f\u00fcr alle Radsportbegeisterten. Von Rennr\u00e4dern bis zu Mountainbikes - finden Sie heute Ihren perfekten Wegbegleiter!","robots":{"index":"index","follow":"follow","max-snippet":"max-snippet:-1","max-image-preview":"max-image-preview:large","max-video-preview":"max-video-preview:-1"},"canonical":"https:\/\/kgerad.de\/en\/product\/bmc-roadmachine-four-rennrad-sram-rival-etap-axs-12s-700-mm-braun-2023\/","og_locale":"en_US","og_type":"article","og_title":"BMC ROADMACHINE FOUR RENNRAD SRAM RIVAL ETAP AXS 12S 700 MM BRAUN 2023","og_description":"Entdecken Sie unseren Online-Fahrradladen: Gro\u00dfe Auswahl an Modellen f\u00fcr alle Radsportbegeisterten. Von Rennr\u00e4dern bis zu Mountainbikes - finden Sie heute Ihren perfekten Wegbegleiter!","og_url":"https:\/\/kgerad.de\/en\/product\/bmc-roadmachine-four-rennrad-sram-rival-etap-axs-12s-700-mm-braun-2023\/","og_site_name":"kgerad.de","article_modified_time":"2023-08-10T16:54:12+00:00","og_image":[{"width":600,"height":408,"url":"https:\/\/kgerad.de\/wp-content\/uploads\/2023\/06\/BMC-ROADMACHINE-FOUR-RENNRAD-SRAM-RIVAL-ETAP-AXS-12S-700-MM-BRAUN-2023.jpg","type":"image\/jpeg"}],"twitter_card":"summary_large_image","twitter_misc":{"Est. reading time":"3 minutes"},"schema":{"@context":"https:\/\/schema.org","@graph":[{"@type":"WebPage","@id":"https:\/\/kgerad.de\/produkt\/bmc-roadmachine-four-rennrad-sram-rival-etap-axs-12s-700-mm-braun-2023\/","url":"https:\/\/kgerad.de\/produkt\/bmc-roadmachine-four-rennrad-sram-rival-etap-axs-12s-700-mm-braun-2023\/","name":"BMC ROADMACHINE FOUR RENNRAD SRAM RIVAL ETAP AXS 12S 700 MM BRAUN 2023","isPartOf":{"@id":"https:\/\/kgerad.de\/#website"},"primaryImageOfPage":{"@id":"https:\/\/kgerad.de\/produkt\/bmc-roadmachine-four-rennrad-sram-rival-etap-axs-12s-700-mm-braun-2023\/#primaryimage"},"image":{"@id":"https:\/\/kgerad.de\/produkt\/bmc-roadmachine-four-rennrad-sram-rival-etap-axs-12s-700-mm-braun-2023\/#primaryimage"},"thumbnailUrl":"https:\/\/kgerad.de\/wp-content\/uploads\/2023\/06\/BMC-ROADMACHINE-FOUR-RENNRAD-SRAM-RIVAL-ETAP-AXS-12S-700-MM-BRAUN-2023.jpg","datePublished":"2022-08-19T14:59:21+00:00","dateModified":"2023-08-10T16:54:12+00:00","description":"Entdecken Sie unseren Online-Fahrradladen: Gro\u00dfe Auswahl an Modellen f\u00fcr alle Radsportbegeisterten. Von Rennr\u00e4dern bis zu Mountainbikes - finden Sie heute Ihren perfekten Wegbegleiter!","breadcrumb":{"@id":"https:\/\/kgerad.de\/produkt\/bmc-roadmachine-four-rennrad-sram-rival-etap-axs-12s-700-mm-braun-2023\/#breadcrumb"},"inLanguage":"en-US","potentialAction":[{"@type":"ReadAction","target":["https:\/\/kgerad.de\/produkt\/bmc-roadmachine-four-rennrad-sram-rival-etap-axs-12s-700-mm-braun-2023\/"]}]},{"@type":"ImageObject","inLanguage":"en-US","@id":"https:\/\/kgerad.de\/produkt\/bmc-roadmachine-four-rennrad-sram-rival-etap-axs-12s-700-mm-braun-2023\/#primaryimage","url":"https:\/\/kgerad.de\/wp-content\/uploads\/2023\/06\/BMC-ROADMACHINE-FOUR-RENNRAD-SRAM-RIVAL-ETAP-AXS-12S-700-MM-BRAUN-2023.jpg","contentUrl":"https:\/\/kgerad.de\/wp-content\/uploads\/2023\/06\/BMC-ROADMACHINE-FOUR-RENNRAD-SRAM-RIVAL-ETAP-AXS-12S-700-MM-BRAUN-2023.jpg","width":600,"height":408,"caption":"BMC ROADMACHINE FOUR RENNRAD SRAM RIVAL ETAP AXS 12S 700 MM BRAUN 2023"},{"@type":"BreadcrumbList","@id":"https:\/\/kgerad.de\/produkt\/bmc-roadmachine-four-rennrad-sram-rival-etap-axs-12s-700-mm-braun-2023\/#breadcrumb","itemListElement":[{"@type":"ListItem","position":1,"name":"Startseite","item":"https:\/\/kgerad.de\/"},{"@type":"ListItem","position":2,"name":"LADEN","item":"https:\/\/kgerad.de\/laden\/"},{"@type":"ListItem","position":3,"name":"BMC ROADMACHINE FOUR RENNRAD SRAM RIVAL ETAP AXS 12S 700 MM BRAUN 2023"}]},{"@type":"WebSite","@id":"https:\/\/kgerad.de\/#website","url":"https:\/\/kgerad.de\/","name":"kgerad.de","description":"Treten Sie mit uns ins Abenteuer!","publisher":{"@id":"https:\/\/kgerad.de\/#organization"},"alternateName":"MEIN RADLADEN","potentialAction":[{"@type":"SearchAction","target":{"@type":"EntryPoint","urlTemplate":"https:\/\/kgerad.de\/?s={search_term_string}"},"query-input":{"@type":"PropertyValueSpecification","valueRequired":true,"valueName":"search_term_string"}}],"inLanguage":"en-US"},{"@type":"Organization","@id":"https:\/\/kgerad.de\/#organization","name":"MEINRADLADEN","alternateName":"MEIN RADLADEN","url":"https:\/\/kgerad.de\/","logo":{"@type":"ImageObject","inLanguage":"en-US","@id":"https:\/\/kgerad.de\/#\/schema\/logo\/image\/","url":"https:\/\/kgerad.de\/wp-content\/uploads\/2025\/07\/logo-Whit.svg","contentUrl":"https:\/\/kgerad.de\/wp-content\/uploads\/2025\/07\/logo-Whit.svg","width":1640,"height":371,"caption":"MEINRADLADEN"},"image":{"@id":"https:\/\/kgerad.de\/#\/schema\/logo\/image\/"}}]}},"_links":{"self":[{"href":"https:\/\/kgerad.de\/en\/wp-json\/wp\/v2\/product\/13424","targetHints":{"allow":["GET"]}}],"collection":[{"href":"https:\/\/kgerad.de\/en\/wp-json\/wp\/v2\/product"}],"about":[{"href":"https:\/\/kgerad.de\/en\/wp-json\/wp\/v2\/types\/product"}],"replies":[{"embeddable":true,"href":"https:\/\/kgerad.de\/en\/wp-json\/wp\/v2\/comments?post=13424"}],"version-history":[{"count":1,"href":"https:\/\/kgerad.de\/en\/wp-json\/wp\/v2\/product\/13424\/revisions"}],"predecessor-version":[{"id":78629,"href":"https:\/\/kgerad.de\/en\/wp-json\/wp\/v2\/product\/13424\/revisions\/78629"}],"wp:featuredmedia":[{"embeddable":true,"href":"https:\/\/kgerad.de\/en\/wp-json\/wp\/v2\/media\/60921"}],"wp:attachment":[{"href":"https:\/\/kgerad.de\/en\/wp-json\/wp\/v2\/media?parent=13424"}],"wp:term":[{"taxonomy":"product_brand","embeddable":true,"href":"https:\/\/kgerad.de\/en\/wp-json\/wp\/v2\/product_brand?post=13424"},{"taxonomy":"product_cat","embeddable":true,"href":"https:\/\/kgerad.de\/en\/wp-json\/wp\/v2\/product_cat?post=13424"},{"taxonomy":"product_tag","embeddable":true,"href":"https:\/\/kgerad.de\/en\/wp-json\/wp\/v2\/product_tag?post=13424"}],"curies":[{"name":"wp","href":"https:\/\/api.w.org\/{rel}","templated":true}]}}