{"id":13378,"date":"2022-08-19T16:29:44","date_gmt":"2022-08-19T14:29:44","guid":{"rendered":"https:\/\/kgerad.de\/?post_type=product&#038;p=13378"},"modified":"2023-08-10T18:53:04","modified_gmt":"2023-08-10T16:53:04","slug":"bmc-timemachine-01-disc-one-triathlonrad-sram-force-schwarz-2022","status":"publish","type":"product","link":"https:\/\/kgerad.de\/en\/product\/bmc-timemachine-01-disc-one-triathlonrad-sram-force-schwarz-2022\/","title":{"rendered":"BMC TIMEMACHINE 01 DISC ONE TRIATHLONRAD SRAM FORCE SCHWARZ 2022"},"content":{"rendered":"<div id=\"product-header-order-name\" class=\"col-lg-20 col-md-20 col-sm-20 col-xs-20\">\n<h2 class=\"heading-title-text\">BMC TIMEMACHINE 01 DISC ONE TRIATHLONRAD SRAM FORCE ETAP AXS 12S 700 MM T\u00dcRKIS SCHWARZ 2022<\/h2>\n<div class=\"col col-sm-12 col-md-12 col-lg-12\">\n<p>Jahrelanges Studium der Bed\u00fcrfnisse von Multisport-Athleten, kombiniert mit wiederholten aerodynamischen Verfeinerungen, haben die\u00a0<strong>BMC Timemachine<\/strong>\u00a0zum Ma\u00dfstab f\u00fcr triathlonspezifisches Equipment gemacht. Mit \u00fcberlegener Rohrformung, maximaler Komponentenintegration und einem umfangreichen Fahrerpositionierungssystem ist die Timemachine wie gemacht f\u00fcr Triathleten.<\/p>\n<p>Wir haben alle wichtigen Funktionen unserer klassenf\u00fchrenden Timemachine, wie die un\u00fcbertroffene Einstellbarkeit und die Integration von Komponenten, und den neuen Industriestandard von Scheibenbremsen hinzugef\u00fcgt. Die\u00a0<strong>BMC Timemachine 01 Disc One<\/strong>\u00a0bietet ein verbessertes Handling und eine verbesserte Kontrolle auf den technisch anspruchsvollsten Strecken, was Ihnen einen weiteren Vorteil gegen\u00fcber der Uhr verschafft. Vertrauen Sie uns, wir haben recherchiert.<\/p>\n<\/div>\n<div class=\"prodsheet_bullets col col-sm-8 col-md-8 col-lg-8\">\n<h4>HAUPTEIGENSCHAFTEN:<\/h4>\n<ul>\n<li>Schnelles Gehen verlangt nach schnellem Aufh\u00f6ren.<\/li>\n<li>Timemachine Carbon-Rahmen mit P2P-Positionierungssystem.<\/li>\n<li>BMC P2P Aero-Pfosten, Dual-Mount.<\/li>\n<li>Integrierte Bremssattelabdeckungen.<\/li>\n<li>Sram Force eTap AXS 2&#215;12-fach Antrieb.<\/li>\n<li>Sram S-900 Aero HRD hydraulische Scheibenbremsen.<\/li>\n<\/ul>\n<\/div>\n<div class=\"prodsheet_specs1 col col-sm-12 col-md-12 col-lg-12\">\n<h4>EIGENSCHAFTEN:<\/h4>\n<table class=\"table table-striped\">\n<tbody>\n<tr>\n<td>Rahmen<\/td>\n<td>Carbon: Timemachine 01 Disc Premium Carbon mit Vmax Aero Design und P2P Positioning SyStem, interner Di2 Akkuhalterung, PF86 Innenlager, hintere Aufbewahrungsbox, Aero Bremssattelabdeckung, verschiebbare Ausfallenden, Flat Mount Disc, 12&#215;142 mm Steckachse, Reifenfreiheit: 27 mm (gemessene Breite)<\/td>\n<\/tr>\n<tr>\n<td>Gabel<\/td>\n<td>Carbon: Timemachine 01 Disc Premium Carbon mit Vmax Aero Design, Hinge Design, Aero Caliper Cover, Flat Mount Disc, 12&#215;100 mm Steckachse, 45 mm Offset<\/td>\n<\/tr>\n<tr>\n<td>Schalthebel<\/td>\n<td>Sram eTap AXS, 2&#215;12-fach<\/td>\n<\/tr>\n<tr>\n<td>Umwerfer<\/td>\n<td>Sram Force eTap AXS<\/td>\n<\/tr>\n<tr>\n<td>Schaltwerk<\/td>\n<td>Sram Force eTap AXS, 12-fach<\/td>\n<\/tr>\n<tr>\n<td>Kassette<\/td>\n<td>Sram Force XG-1270, 10-28T<\/td>\n<\/tr>\n<tr>\n<td>Kette<\/td>\n<td>Sram-Kraft<\/td>\n<\/tr>\n<tr>\n<td>Kurbel<\/td>\n<td>Sram Force AXS, 48\/35T<\/td>\n<\/tr>\n<tr>\n<td>Innenlager<\/td>\n<td>PF86<\/td>\n<\/tr>\n<tr>\n<td>Bremsen<\/td>\n<td>Sram S-900 Aero HRD, hydr. Scheibenbremse, Centerline XR Rotoren (160\/160)<\/td>\n<\/tr>\n<tr>\n<td>Laufradsatz<\/td>\n<td>Felgen: DT Swiss ARC 1650 Carbon Disc, 62 mm \/ Naben: DT Swiss ARC 1650 Disc<\/td>\n<\/tr>\n<tr>\n<td>Reifen<\/td>\n<td>Pirelli P Zero Race<\/td>\n<\/tr>\n<tr>\n<td>Lenker<\/td>\n<td>BMC Flat Cockpit \/ Profile T4+ Carbon Extensions<\/td>\n<\/tr>\n<tr>\n<td>Stengel<\/td>\n<td>BMC Flat-Cockpit<\/td>\n<\/tr>\n<tr>\n<td>Sattel<\/td>\n<td>Fizik Mistica Mg<\/td>\n<\/tr>\n<tr>\n<td>Sattelst\u00fctze<\/td>\n<td>Timemachine 01 Premium Carbon V-Max Aero Sattelst\u00fctze, 62 mm Offset-Einstellung, P2P Dual-Mount Aeropost Konfiguration (Triathlon &amp; Zeitfahren)<\/td>\n<\/tr>\n<tr>\n<td>Gewicht<\/td>\n<td>9,00 kg<\/td>\n<\/tr>\n<tr>\n<td>Farbe<\/td>\n<td>T\u00fcrkis &amp; Schwarz<\/td>\n<\/tr>\n<\/tbody>\n<\/table>\n<\/div>\n<div class=\"prodsheet_specs2 col col-sm-8 col-md-8 col-lg-8\">\n<h4>GEOMETRIEN:<\/h4>\n<p><img decoding=\"async\" src=\"http:\/\/media1.alltricks.fr\/ckfinder\/images\/cube_route_geo_en.jpg\" \/><\/p>\n<table class=\"table table-striped\">\n<tbody>\n<tr>\n<td>Rahmengr\u00f6\u00dfe<\/td>\n<td>S<\/td>\n<td>M &#8211; S<\/td>\n<td>M &#8211; L<\/td>\n<td>L<\/td>\n<\/tr>\n<tr>\n<td>Sitzrohr (mm)<\/td>\n<td>495<\/td>\n<td>550<\/td>\n<td>550<\/td>\n<td>592<\/td>\n<\/tr>\n<tr>\n<td>Kettenstreben (mm)<\/td>\n<td>400<\/td>\n<td>400<\/td>\n<td>400<\/td>\n<td>400<\/td>\n<\/tr>\n<tr>\n<td>Steuerrohrwinkel (\u00b0)<\/td>\n<td>71,5<\/td>\n<td>71,5<\/td>\n<td>71,5<\/td>\n<td>71,5<\/td>\n<\/tr>\n<tr>\n<td>Sitzrohrwinkel (\u00b0)<\/td>\n<td>71,5 &#8211; 80,8<\/td>\n<td>71,5 &#8211; 80,8<\/td>\n<td>71,5 &#8211; 80,8<\/td>\n<td>71,5 &#8211; 80,8<\/td>\n<\/tr>\n<tr>\n<td>Radstand (mm)<\/td>\n<td>972<\/td>\n<td>968<\/td>\n<td>1009<\/td>\n<td>1039<\/td>\n<\/tr>\n<tr>\n<td>Stapel (mm)<\/td>\n<td>480<\/td>\n<td>515<\/td>\n<td>515<\/td>\n<td>556<\/td>\n<\/tr>\n<tr>\n<td>Reichweite (mm)<\/td>\n<td>393<\/td>\n<td>377<\/td>\n<td>418<\/td>\n<td>442<\/td>\n<\/tr>\n<\/tbody>\n<\/table>\n<\/div>\n<\/div>\n<div id=\"product-header-order-form\" class=\"js-reload-on-event col-lg-20 col-md-20 col-sm-20 col-xs-20\" data-to-watch=\"body\" data-event=\"alltricks:cartChanged\" data-url=\"\/ajax\/product\/ajouter\/F-41505-velos-route-_-cyclocross-_-triathlon\/P-1956472-bmc_timemachine_01_disc_one_triathlonrad_sram_force_etap_axs_12s_700_mm_turkis_schwarz_2022\"><\/div>","protected":false},"excerpt":{"rendered":"<div class=\"col-lg-14 col-md-14 col-sm-14 col-xs-20\"><\/div>\n<div id=\"product-specifications-table\" class=\"col-lg-20 col-md-20 col-sm-20 col-xs-20\">\n<table class=\"table table-striped\">\n<tbody>\n<tr>\n<td class=\"spec-name\">Geschlecht<\/td>\n<td class=\"spec-value\">Herren<\/td>\n<\/tr>\n<tr>\n<td class=\"spec-name\">Gruppe<\/td>\n<td class=\"spec-value\">Sram Force eTap AXS 12V<\/td>\n<\/tr>\n<tr>\n<td class=\"spec-name\">collection<\/td>\n<td class=\"spec-value\">2022<\/td>\n<\/tr>\n<\/tbody>\n<\/table>\n<\/div>","protected":false},"featured_media":60920,"comment_status":"open","ping_status":"closed","template":"","meta":[],"product_brand":[],"product_cat":[36,37,129],"product_tag":[],"class_list":{"0":"post-13378","1":"product","2":"type-product","3":"status-publish","4":"has-post-thumbnail","6":"product_cat-fahrrad","7":"product_cat-gravel-bikes","8":"product_cat-rennrad","9":"pa_marke-bmc","11":"first","12":"instock","13":"sale","14":"taxable","15":"shipping-taxable","16":"purchasable","17":"product-type-variable"},"yoast_head":"<!-- This site is optimized with the Yoast SEO Premium plugin v20.12 (Yoast SEO v27.1.1) - https:\/\/yoast.com\/product\/yoast-seo-premium-wordpress\/ -->\n<title>BMC TIMEMACHINE 01 DISC ONE TRIATHLONRAD SRAM FORCE SCHWARZ 2022<\/title>\n<meta name=\"description\" content=\"Entdecken Sie unseren Online-Fahrradladen: Gro\u00dfe Auswahl an Modellen f\u00fcr alle Radsportbegeisterten. Von Rennr\u00e4dern bis zu Mountainbikes - finden Sie heute Ihren perfekten Wegbegleiter!\" \/>\n<meta name=\"robots\" content=\"index, follow, max-snippet:-1, max-image-preview:large, max-video-preview:-1\" \/>\n<link rel=\"canonical\" href=\"https:\/\/kgerad.de\/en\/product\/bmc-timemachine-01-disc-one-triathlonrad-sram-force-schwarz-2022\/\" \/>\n<meta property=\"og:locale\" content=\"en_US\" \/>\n<meta property=\"og:type\" content=\"article\" \/>\n<meta property=\"og:title\" content=\"BMC TIMEMACHINE 01 DISC ONE TRIATHLONRAD SRAM FORCE SCHWARZ 2022\" \/>\n<meta property=\"og:description\" content=\"Entdecken Sie unseren Online-Fahrradladen: Gro\u00dfe Auswahl an Modellen f\u00fcr alle Radsportbegeisterten. Von Rennr\u00e4dern bis zu Mountainbikes - finden Sie heute Ihren perfekten Wegbegleiter!\" \/>\n<meta property=\"og:url\" content=\"https:\/\/kgerad.de\/en\/product\/bmc-timemachine-01-disc-one-triathlonrad-sram-force-schwarz-2022\/\" \/>\n<meta property=\"og:site_name\" content=\"kgerad.de\" \/>\n<meta property=\"article:modified_time\" content=\"2023-08-10T16:53:04+00:00\" \/>\n<meta property=\"og:image\" content=\"https:\/\/kgerad.de\/wp-content\/uploads\/2023\/06\/BMC-TIMEMACHINE-01-DISC-ONE-TRIATHLONRAD-SRAM-FORCE-ETAP-AXS-12S-700-MM-TUeRKIS-SCHWARZ-2022.jpg\" \/>\n\t<meta property=\"og:image:width\" content=\"600\" \/>\n\t<meta property=\"og:image:height\" content=\"408\" \/>\n\t<meta property=\"og:image:type\" content=\"image\/jpeg\" \/>\n<meta name=\"twitter:card\" content=\"summary_large_image\" \/>\n<meta name=\"twitter:label1\" content=\"Est. reading time\" \/>\n\t<meta name=\"twitter:data1\" content=\"3 minutes\" \/>\n<script type=\"application\/ld+json\" class=\"yoast-schema-graph\">{\"@context\":\"https:\/\/schema.org\",\"@graph\":[{\"@type\":\"WebPage\",\"@id\":\"https:\/\/kgerad.de\/produkt\/bmc-timemachine-01-disc-one-triathlonrad-sram-force-schwarz-2022\/\",\"url\":\"https:\/\/kgerad.de\/produkt\/bmc-timemachine-01-disc-one-triathlonrad-sram-force-schwarz-2022\/\",\"name\":\"BMC TIMEMACHINE 01 DISC ONE TRIATHLONRAD SRAM FORCE SCHWARZ 2022\",\"isPartOf\":{\"@id\":\"https:\/\/kgerad.de\/#website\"},\"primaryImageOfPage\":{\"@id\":\"https:\/\/kgerad.de\/produkt\/bmc-timemachine-01-disc-one-triathlonrad-sram-force-schwarz-2022\/#primaryimage\"},\"image\":{\"@id\":\"https:\/\/kgerad.de\/produkt\/bmc-timemachine-01-disc-one-triathlonrad-sram-force-schwarz-2022\/#primaryimage\"},\"thumbnailUrl\":\"https:\/\/kgerad.de\/wp-content\/uploads\/2023\/06\/BMC-TIMEMACHINE-01-DISC-ONE-TRIATHLONRAD-SRAM-FORCE-ETAP-AXS-12S-700-MM-TUeRKIS-SCHWARZ-2022.jpg\",\"datePublished\":\"2022-08-19T14:29:44+00:00\",\"dateModified\":\"2023-08-10T16:53:04+00:00\",\"description\":\"Entdecken Sie unseren Online-Fahrradladen: Gro\u00dfe Auswahl an Modellen f\u00fcr alle Radsportbegeisterten. Von Rennr\u00e4dern bis zu Mountainbikes - finden Sie heute Ihren perfekten Wegbegleiter!\",\"breadcrumb\":{\"@id\":\"https:\/\/kgerad.de\/produkt\/bmc-timemachine-01-disc-one-triathlonrad-sram-force-schwarz-2022\/#breadcrumb\"},\"inLanguage\":\"en-US\",\"potentialAction\":[{\"@type\":\"ReadAction\",\"target\":[\"https:\/\/kgerad.de\/produkt\/bmc-timemachine-01-disc-one-triathlonrad-sram-force-schwarz-2022\/\"]}]},{\"@type\":\"ImageObject\",\"inLanguage\":\"en-US\",\"@id\":\"https:\/\/kgerad.de\/produkt\/bmc-timemachine-01-disc-one-triathlonrad-sram-force-schwarz-2022\/#primaryimage\",\"url\":\"https:\/\/kgerad.de\/wp-content\/uploads\/2023\/06\/BMC-TIMEMACHINE-01-DISC-ONE-TRIATHLONRAD-SRAM-FORCE-ETAP-AXS-12S-700-MM-TUeRKIS-SCHWARZ-2022.jpg\",\"contentUrl\":\"https:\/\/kgerad.de\/wp-content\/uploads\/2023\/06\/BMC-TIMEMACHINE-01-DISC-ONE-TRIATHLONRAD-SRAM-FORCE-ETAP-AXS-12S-700-MM-TUeRKIS-SCHWARZ-2022.jpg\",\"width\":600,\"height\":408,\"caption\":\"BMC TIMEMACHINE 01 DISC ONE TRIATHLONRAD SRAM FORCE ETAP AXS 12S 700 MM T\u00dcRKIS SCHWARZ 2022\"},{\"@type\":\"BreadcrumbList\",\"@id\":\"https:\/\/kgerad.de\/produkt\/bmc-timemachine-01-disc-one-triathlonrad-sram-force-schwarz-2022\/#breadcrumb\",\"itemListElement\":[{\"@type\":\"ListItem\",\"position\":1,\"name\":\"Startseite\",\"item\":\"https:\/\/kgerad.de\/\"},{\"@type\":\"ListItem\",\"position\":2,\"name\":\"LADEN\",\"item\":\"https:\/\/kgerad.de\/laden\/\"},{\"@type\":\"ListItem\",\"position\":3,\"name\":\"BMC TIMEMACHINE 01 DISC ONE TRIATHLONRAD SRAM FORCE SCHWARZ 2022\"}]},{\"@type\":\"WebSite\",\"@id\":\"https:\/\/kgerad.de\/#website\",\"url\":\"https:\/\/kgerad.de\/\",\"name\":\"kgerad.de\",\"description\":\"Treten Sie mit uns ins Abenteuer!\",\"publisher\":{\"@id\":\"https:\/\/kgerad.de\/#organization\"},\"alternateName\":\"MEIN RADLADEN\",\"potentialAction\":[{\"@type\":\"SearchAction\",\"target\":{\"@type\":\"EntryPoint\",\"urlTemplate\":\"https:\/\/kgerad.de\/?s={search_term_string}\"},\"query-input\":{\"@type\":\"PropertyValueSpecification\",\"valueRequired\":true,\"valueName\":\"search_term_string\"}}],\"inLanguage\":\"en-US\"},{\"@type\":\"Organization\",\"@id\":\"https:\/\/kgerad.de\/#organization\",\"name\":\"MEINRADLADEN\",\"alternateName\":\"MEIN RADLADEN\",\"url\":\"https:\/\/kgerad.de\/\",\"logo\":{\"@type\":\"ImageObject\",\"inLanguage\":\"en-US\",\"@id\":\"https:\/\/kgerad.de\/#\/schema\/logo\/image\/\",\"url\":\"https:\/\/kgerad.de\/wp-content\/uploads\/2025\/07\/logo-Whit.svg\",\"contentUrl\":\"https:\/\/kgerad.de\/wp-content\/uploads\/2025\/07\/logo-Whit.svg\",\"width\":1640,\"height\":371,\"caption\":\"MEINRADLADEN\"},\"image\":{\"@id\":\"https:\/\/kgerad.de\/#\/schema\/logo\/image\/\"}}]}<\/script>\n<!-- \/ Yoast SEO Premium plugin. -->","yoast_head_json":{"title":"BMC TIMEMACHINE 01 DISC ONE TRIATHLONRAD SRAM FORCE SCHWARZ 2022","description":"Entdecken Sie unseren Online-Fahrradladen: Gro\u00dfe Auswahl an Modellen f\u00fcr alle Radsportbegeisterten. Von Rennr\u00e4dern bis zu Mountainbikes - finden Sie heute Ihren perfekten Wegbegleiter!","robots":{"index":"index","follow":"follow","max-snippet":"max-snippet:-1","max-image-preview":"max-image-preview:large","max-video-preview":"max-video-preview:-1"},"canonical":"https:\/\/kgerad.de\/en\/product\/bmc-timemachine-01-disc-one-triathlonrad-sram-force-schwarz-2022\/","og_locale":"en_US","og_type":"article","og_title":"BMC TIMEMACHINE 01 DISC ONE TRIATHLONRAD SRAM FORCE SCHWARZ 2022","og_description":"Entdecken Sie unseren Online-Fahrradladen: Gro\u00dfe Auswahl an Modellen f\u00fcr alle Radsportbegeisterten. Von Rennr\u00e4dern bis zu Mountainbikes - finden Sie heute Ihren perfekten Wegbegleiter!","og_url":"https:\/\/kgerad.de\/en\/product\/bmc-timemachine-01-disc-one-triathlonrad-sram-force-schwarz-2022\/","og_site_name":"kgerad.de","article_modified_time":"2023-08-10T16:53:04+00:00","og_image":[{"width":600,"height":408,"url":"https:\/\/kgerad.de\/wp-content\/uploads\/2023\/06\/BMC-TIMEMACHINE-01-DISC-ONE-TRIATHLONRAD-SRAM-FORCE-ETAP-AXS-12S-700-MM-TUeRKIS-SCHWARZ-2022.jpg","type":"image\/jpeg"}],"twitter_card":"summary_large_image","twitter_misc":{"Est. reading time":"3 minutes"},"schema":{"@context":"https:\/\/schema.org","@graph":[{"@type":"WebPage","@id":"https:\/\/kgerad.de\/produkt\/bmc-timemachine-01-disc-one-triathlonrad-sram-force-schwarz-2022\/","url":"https:\/\/kgerad.de\/produkt\/bmc-timemachine-01-disc-one-triathlonrad-sram-force-schwarz-2022\/","name":"BMC TIMEMACHINE 01 DISC ONE TRIATHLONRAD SRAM FORCE SCHWARZ 2022","isPartOf":{"@id":"https:\/\/kgerad.de\/#website"},"primaryImageOfPage":{"@id":"https:\/\/kgerad.de\/produkt\/bmc-timemachine-01-disc-one-triathlonrad-sram-force-schwarz-2022\/#primaryimage"},"image":{"@id":"https:\/\/kgerad.de\/produkt\/bmc-timemachine-01-disc-one-triathlonrad-sram-force-schwarz-2022\/#primaryimage"},"thumbnailUrl":"https:\/\/kgerad.de\/wp-content\/uploads\/2023\/06\/BMC-TIMEMACHINE-01-DISC-ONE-TRIATHLONRAD-SRAM-FORCE-ETAP-AXS-12S-700-MM-TUeRKIS-SCHWARZ-2022.jpg","datePublished":"2022-08-19T14:29:44+00:00","dateModified":"2023-08-10T16:53:04+00:00","description":"Entdecken Sie unseren Online-Fahrradladen: Gro\u00dfe Auswahl an Modellen f\u00fcr alle Radsportbegeisterten. Von Rennr\u00e4dern bis zu Mountainbikes - finden Sie heute Ihren perfekten Wegbegleiter!","breadcrumb":{"@id":"https:\/\/kgerad.de\/produkt\/bmc-timemachine-01-disc-one-triathlonrad-sram-force-schwarz-2022\/#breadcrumb"},"inLanguage":"en-US","potentialAction":[{"@type":"ReadAction","target":["https:\/\/kgerad.de\/produkt\/bmc-timemachine-01-disc-one-triathlonrad-sram-force-schwarz-2022\/"]}]},{"@type":"ImageObject","inLanguage":"en-US","@id":"https:\/\/kgerad.de\/produkt\/bmc-timemachine-01-disc-one-triathlonrad-sram-force-schwarz-2022\/#primaryimage","url":"https:\/\/kgerad.de\/wp-content\/uploads\/2023\/06\/BMC-TIMEMACHINE-01-DISC-ONE-TRIATHLONRAD-SRAM-FORCE-ETAP-AXS-12S-700-MM-TUeRKIS-SCHWARZ-2022.jpg","contentUrl":"https:\/\/kgerad.de\/wp-content\/uploads\/2023\/06\/BMC-TIMEMACHINE-01-DISC-ONE-TRIATHLONRAD-SRAM-FORCE-ETAP-AXS-12S-700-MM-TUeRKIS-SCHWARZ-2022.jpg","width":600,"height":408,"caption":"BMC TIMEMACHINE 01 DISC ONE TRIATHLONRAD SRAM FORCE ETAP AXS 12S 700 MM T\u00dcRKIS SCHWARZ 2022"},{"@type":"BreadcrumbList","@id":"https:\/\/kgerad.de\/produkt\/bmc-timemachine-01-disc-one-triathlonrad-sram-force-schwarz-2022\/#breadcrumb","itemListElement":[{"@type":"ListItem","position":1,"name":"Startseite","item":"https:\/\/kgerad.de\/"},{"@type":"ListItem","position":2,"name":"LADEN","item":"https:\/\/kgerad.de\/laden\/"},{"@type":"ListItem","position":3,"name":"BMC TIMEMACHINE 01 DISC ONE TRIATHLONRAD SRAM FORCE SCHWARZ 2022"}]},{"@type":"WebSite","@id":"https:\/\/kgerad.de\/#website","url":"https:\/\/kgerad.de\/","name":"kgerad.de","description":"Treten Sie mit uns ins Abenteuer!","publisher":{"@id":"https:\/\/kgerad.de\/#organization"},"alternateName":"MEIN RADLADEN","potentialAction":[{"@type":"SearchAction","target":{"@type":"EntryPoint","urlTemplate":"https:\/\/kgerad.de\/?s={search_term_string}"},"query-input":{"@type":"PropertyValueSpecification","valueRequired":true,"valueName":"search_term_string"}}],"inLanguage":"en-US"},{"@type":"Organization","@id":"https:\/\/kgerad.de\/#organization","name":"MEINRADLADEN","alternateName":"MEIN RADLADEN","url":"https:\/\/kgerad.de\/","logo":{"@type":"ImageObject","inLanguage":"en-US","@id":"https:\/\/kgerad.de\/#\/schema\/logo\/image\/","url":"https:\/\/kgerad.de\/wp-content\/uploads\/2025\/07\/logo-Whit.svg","contentUrl":"https:\/\/kgerad.de\/wp-content\/uploads\/2025\/07\/logo-Whit.svg","width":1640,"height":371,"caption":"MEINRADLADEN"},"image":{"@id":"https:\/\/kgerad.de\/#\/schema\/logo\/image\/"}}]}},"_links":{"self":[{"href":"https:\/\/kgerad.de\/en\/wp-json\/wp\/v2\/product\/13378","targetHints":{"allow":["GET"]}}],"collection":[{"href":"https:\/\/kgerad.de\/en\/wp-json\/wp\/v2\/product"}],"about":[{"href":"https:\/\/kgerad.de\/en\/wp-json\/wp\/v2\/types\/product"}],"replies":[{"embeddable":true,"href":"https:\/\/kgerad.de\/en\/wp-json\/wp\/v2\/comments?post=13378"}],"version-history":[{"count":1,"href":"https:\/\/kgerad.de\/en\/wp-json\/wp\/v2\/product\/13378\/revisions"}],"predecessor-version":[{"id":78623,"href":"https:\/\/kgerad.de\/en\/wp-json\/wp\/v2\/product\/13378\/revisions\/78623"}],"wp:featuredmedia":[{"embeddable":true,"href":"https:\/\/kgerad.de\/en\/wp-json\/wp\/v2\/media\/60920"}],"wp:attachment":[{"href":"https:\/\/kgerad.de\/en\/wp-json\/wp\/v2\/media?parent=13378"}],"wp:term":[{"taxonomy":"product_brand","embeddable":true,"href":"https:\/\/kgerad.de\/en\/wp-json\/wp\/v2\/product_brand?post=13378"},{"taxonomy":"product_cat","embeddable":true,"href":"https:\/\/kgerad.de\/en\/wp-json\/wp\/v2\/product_cat?post=13378"},{"taxonomy":"product_tag","embeddable":true,"href":"https:\/\/kgerad.de\/en\/wp-json\/wp\/v2\/product_tag?post=13378"}],"curies":[{"name":"wp","href":"https:\/\/api.w.org\/{rel}","templated":true}]}}