{"id":13358,"date":"2022-08-18T18:36:37","date_gmt":"2022-08-18T16:36:37","guid":{"rendered":"https:\/\/kgerad.de\/?post_type=product&#038;p=13358"},"modified":"2023-08-10T18:53:49","modified_gmt":"2023-08-10T16:53:49","slug":"bmc-twostroke-al-five-hardtail-mtb-shimano-deore-11s-29-weiss-202","status":"publish","type":"product","link":"https:\/\/kgerad.de\/en\/product\/bmc-twostroke-al-five-hardtail-mtb-shimano-deore-11s-29-weiss-202\/","title":{"rendered":"BMC TWOSTROKE AL FIVE HARDTAIL MTB SHIMANO DEORE 11S 29&#8220; WEISS 202"},"content":{"rendered":"<h2 class=\"heading-title-text\">BMC TWOSTROKE AL FIVE HARDTAIL MTB SHIMANO DEORE 11S 29&#8220; WEISS 2022<\/h2>\n<div class=\"col col-sm-12 col-md-12 col-lg-12\">\n<p>Genie\u00dfen Sie Ihre Herausforderung. Egal, ob Sie auf einer XCO-Strecke rasen oder Ihre pers\u00f6nliche Bestleistung auf einem lokalen H\u00fcgel aufstellen, das\u00a0<strong>BMC Twostroke AL Five <\/strong>\u00a0ist f\u00fcr Sie da. Ein raffinierter Aluminiumrahmen, der das Erbe des rennerprobten Fourstroke aufgreift und es mit einem vom Kampfjet inspirierten Design kreuzt, um die perfekte Mischung aus Leistung, Funktionalit\u00e4t und \u00c4sthetik zu schaffen.<\/p>\n<p>Mit der Tuned Compliance Concept (TCC)-Technologie k\u00f6nnen Sie die h\u00e4rtesten Strecken meistern und noch weiter fahren. Die ultimative Balance zwischen Komfort und Leistung f\u00fcr ein fehlerverzeihendes und gleichzeitig schnelles Fahrverhalten. Vollst\u00e4ndig gef\u00fchrte interne Kabelf\u00fchrung f\u00fcr eine einfache Installation und einen sauberen Look. Eine spezielle Unterlegscheibe erm\u00f6glicht die Installation einer 27,2 mm Sattelst\u00fctze mit verdeckter Kabelf\u00fchrung. Geformte Abdeckungen an der Kettenstrebe, eine integrierte Kettenfangplatte und Helicopter Tape am Unterrohr sorgen f\u00fcr Langlebigkeit und ein schlankes Design. Dank der gro\u00dfen Reifenfreiheit ist das Twostroke voll kompatibel mit der neuen Generation von breiten XC-Reifen.<\/p>\n<\/div>\n<div class=\"prodsheet_bullets col col-sm-8 col-md-8 col-lg-8\">\n<h4>HAUPTMERKMALE:<\/h4>\n<ul>\n<li>Entwickelt, um Sie weit zu bringen.<\/li>\n<li>Hochwertiger Aluminiumrahmen mit Tuned Compliance Concept (TCC).<\/li>\n<li>Shimano Deore 1&#215;11-Gang-Antriebssystem.<\/li>\n<li>Hydraulische Scheibenbremsen Shimano MT200.<\/li>\n<\/ul>\n<\/div>\n<div class=\"prodsheet_specs1 col col-sm-12 col-md-12 col-lg-12\">\n<h4>EIGENSCHAFTEN:<\/h4>\n<table class=\"table table-striped\">\n<tbody>\n<tr>\n<td>Rahmen<\/td>\n<td>Aluminium: Twostroke AL Premium Aluminium, hydrogeformt, interne Kabelf\u00fchrung, BSA-Gewinde-Tretlager, Post Mount Disc, Reifenfreigabe: 58 mm (Gemessene Breite)<\/td>\n<\/tr>\n<tr>\n<td>Gabel<\/td>\n<td>SR Suntour XCM 32<\/td>\n<\/tr>\n<tr>\n<td>Schaltung<\/td>\n<td>Shimano Deore, 1&#215;11-fach<\/td>\n<\/tr>\n<tr>\n<td>Schaltwerk<\/td>\n<td>Shimano Deore, 11-fach<\/td>\n<\/tr>\n<tr>\n<td>Kassette<\/td>\n<td>&#8212;<\/td>\n<\/tr>\n<tr>\n<td>Kette<\/td>\n<td>KMC<\/td>\n<\/tr>\n<tr>\n<td>Kurbelgarnitur<\/td>\n<td>Leichte Kurbeln aus geschmiedeter Legierung, 1x spezifisches schmales breites Kettenblatt, 30T<\/td>\n<\/tr>\n<tr>\n<td>Tretlager<\/td>\n<td>BSA Tretlager mit Gewinde<\/td>\n<\/tr>\n<tr>\n<td>Bremsen<\/td>\n<td>Shimano BR-MT200, hydr. Scheibenbremse, Shimano SM-RT30 Rotoren (160\/160 Gr\u00f6\u00dfen S-M, 180\/160 Gr\u00f6\u00dfen L-XL)<\/td>\n<\/tr>\n<tr>\n<td>Laufradsatz<\/td>\n<td>Felgen: XCD23 \/ Naben: Shimano MT400<\/td>\n<\/tr>\n<tr>\n<td>Bereifung<\/td>\n<td>Maxxis Rekon Race, 29&#215;2.25&#8243;<\/td>\n<\/tr>\n<tr>\n<td>Lenker<\/td>\n<td>Legierung 760 mm, 4 mm Steigung, 9\u00b0 Backsweep<\/td>\n<\/tr>\n<tr>\n<td>Vorbau<\/td>\n<td>Geschmiedete 6061-Legierung, 0\u00b0<\/td>\n<\/tr>\n<tr>\n<td>Sattel<\/td>\n<td>Selle Royal Seta<\/td>\n<\/tr>\n<tr>\n<td>Sattelst\u00fctze<\/td>\n<td>Legierung, 31,6 mm, 0 mm Offset<\/td>\n<\/tr>\n<tr>\n<td>Gewicht<\/td>\n<td>13.65 kg<\/td>\n<\/tr>\n<tr>\n<td>Gewichtslimit<\/td>\n<td>110 kg: Das maximale Systemgewicht besteht aus dem Fahrrad, dem Fahrer und der Ausr\u00fcstung<\/td>\n<\/tr>\n<tr>\n<td>Farbe<\/td>\n<td>Wei\u00df<\/td>\n<\/tr>\n<\/tbody>\n<\/table>\n<\/div>\n<div class=\"prodsheet_specs2 col col-sm-8 col-md-8 col-lg-8\">\n<h4>GEOMETRIEN:<\/h4>\n<p><img decoding=\"async\" src=\"http:\/\/media1.alltricks.fr\/ckfinder\/images\/hardtail_en.jpg\" \/><\/p>\n<table class=\"table table-striped\">\n<tbody>\n<tr>\n<td>Rahmengr\u00f6\u00dfe<\/td>\n<td>S<\/td>\n<td>M<\/td>\n<td>L<\/td>\n<td>XL<\/td>\n<\/tr>\n<tr>\n<td>Sitzrohr (mm)<\/td>\n<td>410<\/td>\n<td>440<\/td>\n<td>480<\/td>\n<td>510<\/td>\n<\/tr>\n<tr>\n<td>Oberrohr (mm)<\/td>\n<td>597<\/td>\n<td>618<\/td>\n<td>638<\/td>\n<td>658<\/td>\n<\/tr>\n<tr>\n<td>Kettenstreben (mm)<\/td>\n<td>425<\/td>\n<td>425<\/td>\n<td>425<\/td>\n<td>425<\/td>\n<\/tr>\n<tr>\n<td>Steuerrohr L\u00e4nge (mm)<\/td>\n<td>87<\/td>\n<td>93.5<\/td>\n<td>106<\/td>\n<td>122.5<\/td>\n<\/tr>\n<tr>\n<td>Winkel des Steuerrohrs (\u00b0)<\/td>\n<td>67<\/td>\n<td>67<\/td>\n<td>67<\/td>\n<td>67<\/td>\n<\/tr>\n<tr>\n<td>Sitzrohr-Winkel (\u00b0)<\/td>\n<td>75<\/td>\n<td>75<\/td>\n<td>75<\/td>\n<td>75<\/td>\n<\/tr>\n<tr>\n<td>Radstand (mm)<\/td>\n<td>1112.5<\/td>\n<td>1135<\/td>\n<td>1161<\/td>\n<td>1185<\/td>\n<\/tr>\n<tr>\n<td>Stapel (mm)<\/td>\n<td>588<\/td>\n<td>598<\/td>\n<td>608<\/td>\n<td>623<\/td>\n<\/tr>\n<tr>\n<td>Reichweite (mm)<\/td>\n<td>422.5<\/td>\n<td>445<\/td>\n<td>465<\/td>\n<td>485<\/td>\n<\/tr>\n<tr>\n<td>L\u00e4nge des Stiels (mm)<\/td>\n<td>60<\/td>\n<td>60<\/td>\n<td>60<\/td>\n<td>70<\/td>\n<\/tr>\n<tr>\n<td>L\u00e4nge der Kurbel (mm)<\/td>\n<td>170<\/td>\n<td>175<\/td>\n<td>175<\/td>\n<td>175<\/td>\n<\/tr>\n<\/tbody>\n<\/table>\n<\/div>","protected":false},"excerpt":{"rendered":"<div class=\"col-lg-14 col-md-14 col-sm-14 col-xs-20\"><\/div>\n<div id=\"product-specifications-table\" class=\"col-lg-20 col-md-20 col-sm-20 col-xs-20\">\n<table class=\"table table-striped\">\n<tbody>\n<tr>\n<td class=\"spec-name\">Geschlecht<\/td>\n<td class=\"spec-value\">Herren<\/td>\n<\/tr>\n<tr>\n<td class=\"spec-name\">Gruppe<\/td>\n<td class=\"spec-value\">Shimano Deore 11V<\/td>\n<\/tr>\n<tr>\n<td class=\"spec-name\">collection<\/td>\n<td class=\"spec-value\">2022<\/td>\n<\/tr>\n<tr>\n<td class=\"spec-name\">decimal weight<\/td>\n<td class=\"spec-value\">13.65<\/td>\n<\/tr>\n<\/tbody>\n<\/table>\n<\/div>","protected":false},"featured_media":60912,"comment_status":"open","ping_status":"closed","template":"","meta":[],"product_brand":[],"product_cat":[129],"product_tag":[],"class_list":{"0":"post-13358","1":"product","2":"type-product","3":"status-publish","4":"has-post-thumbnail","6":"product_cat-rennrad","7":"pa_marke-bmc","9":"first","10":"instock","11":"sale","12":"taxable","13":"shipping-taxable","14":"purchasable","15":"product-type-variable"},"yoast_head":"<!-- This site is optimized with the Yoast SEO Premium plugin v20.12 (Yoast SEO v27.1.1) - https:\/\/yoast.com\/product\/yoast-seo-premium-wordpress\/ -->\n<title>BMC TWOSTROKE AL FIVE HARDTAIL MTB SHIMANO DEORE 11S 29&#039;&#039; WEISS 202<\/title>\n<meta name=\"description\" content=\"Entdecken Sie unseren Online-Fahrradladen: Gro\u00dfe Auswahl an Modellen f\u00fcr alle Radsportbegeisterten. Von Rennr\u00e4dern bis zu Mountainbikes - finden Sie heute Ihren perfekten Wegbegleiter!\" \/>\n<meta name=\"robots\" content=\"index, follow, max-snippet:-1, max-image-preview:large, max-video-preview:-1\" \/>\n<link rel=\"canonical\" href=\"https:\/\/kgerad.de\/en\/product\/bmc-twostroke-al-five-hardtail-mtb-shimano-deore-11s-29-weiss-202\/\" \/>\n<meta property=\"og:locale\" content=\"en_US\" \/>\n<meta property=\"og:type\" content=\"article\" \/>\n<meta property=\"og:title\" content=\"BMC TWOSTROKE AL FIVE HARDTAIL MTB SHIMANO DEORE 11S 29&#039;&#039; WEISS 202\" \/>\n<meta property=\"og:description\" content=\"Entdecken Sie unseren Online-Fahrradladen: Gro\u00dfe Auswahl an Modellen f\u00fcr alle Radsportbegeisterten. Von Rennr\u00e4dern bis zu Mountainbikes - finden Sie heute Ihren perfekten Wegbegleiter!\" \/>\n<meta property=\"og:url\" content=\"https:\/\/kgerad.de\/en\/product\/bmc-twostroke-al-five-hardtail-mtb-shimano-deore-11s-29-weiss-202\/\" \/>\n<meta property=\"og:site_name\" content=\"kgerad.de\" \/>\n<meta property=\"article:modified_time\" content=\"2023-08-10T16:53:49+00:00\" \/>\n<meta property=\"og:image\" content=\"https:\/\/kgerad.de\/wp-content\/uploads\/2023\/06\/BMC-TWOSTROKE-AL-FIVE-HARDTAIL-MTB-SHIMANO-DEORE-11S-29-WEISS-2022.jpg\" \/>\n\t<meta property=\"og:image:width\" content=\"600\" \/>\n\t<meta property=\"og:image:height\" content=\"408\" \/>\n\t<meta property=\"og:image:type\" content=\"image\/jpeg\" \/>\n<meta name=\"twitter:card\" content=\"summary_large_image\" \/>\n<meta name=\"twitter:label1\" content=\"Est. reading time\" \/>\n\t<meta name=\"twitter:data1\" content=\"3 minutes\" \/>\n<script type=\"application\/ld+json\" class=\"yoast-schema-graph\">{\"@context\":\"https:\/\/schema.org\",\"@graph\":[{\"@type\":\"WebPage\",\"@id\":\"https:\/\/kgerad.de\/produkt\/bmc-twostroke-al-five-hardtail-mtb-shimano-deore-11s-29-weiss-202\/\",\"url\":\"https:\/\/kgerad.de\/produkt\/bmc-twostroke-al-five-hardtail-mtb-shimano-deore-11s-29-weiss-202\/\",\"name\":\"BMC TWOSTROKE AL FIVE HARDTAIL MTB SHIMANO DEORE 11S 29'' WEISS 202\",\"isPartOf\":{\"@id\":\"https:\/\/kgerad.de\/#website\"},\"primaryImageOfPage\":{\"@id\":\"https:\/\/kgerad.de\/produkt\/bmc-twostroke-al-five-hardtail-mtb-shimano-deore-11s-29-weiss-202\/#primaryimage\"},\"image\":{\"@id\":\"https:\/\/kgerad.de\/produkt\/bmc-twostroke-al-five-hardtail-mtb-shimano-deore-11s-29-weiss-202\/#primaryimage\"},\"thumbnailUrl\":\"https:\/\/kgerad.de\/wp-content\/uploads\/2023\/06\/BMC-TWOSTROKE-AL-FIVE-HARDTAIL-MTB-SHIMANO-DEORE-11S-29-WEISS-2022.jpg\",\"datePublished\":\"2022-08-18T16:36:37+00:00\",\"dateModified\":\"2023-08-10T16:53:49+00:00\",\"description\":\"Entdecken Sie unseren Online-Fahrradladen: Gro\u00dfe Auswahl an Modellen f\u00fcr alle Radsportbegeisterten. Von Rennr\u00e4dern bis zu Mountainbikes - finden Sie heute Ihren perfekten Wegbegleiter!\",\"breadcrumb\":{\"@id\":\"https:\/\/kgerad.de\/produkt\/bmc-twostroke-al-five-hardtail-mtb-shimano-deore-11s-29-weiss-202\/#breadcrumb\"},\"inLanguage\":\"en-US\",\"potentialAction\":[{\"@type\":\"ReadAction\",\"target\":[\"https:\/\/kgerad.de\/produkt\/bmc-twostroke-al-five-hardtail-mtb-shimano-deore-11s-29-weiss-202\/\"]}]},{\"@type\":\"ImageObject\",\"inLanguage\":\"en-US\",\"@id\":\"https:\/\/kgerad.de\/produkt\/bmc-twostroke-al-five-hardtail-mtb-shimano-deore-11s-29-weiss-202\/#primaryimage\",\"url\":\"https:\/\/kgerad.de\/wp-content\/uploads\/2023\/06\/BMC-TWOSTROKE-AL-FIVE-HARDTAIL-MTB-SHIMANO-DEORE-11S-29-WEISS-2022.jpg\",\"contentUrl\":\"https:\/\/kgerad.de\/wp-content\/uploads\/2023\/06\/BMC-TWOSTROKE-AL-FIVE-HARDTAIL-MTB-SHIMANO-DEORE-11S-29-WEISS-2022.jpg\",\"width\":600,\"height\":408,\"caption\":\"BMC TWOSTROKE AL FIVE HARDTAIL MTB SHIMANO DEORE 11S 29'' WEISS 2022\"},{\"@type\":\"BreadcrumbList\",\"@id\":\"https:\/\/kgerad.de\/produkt\/bmc-twostroke-al-five-hardtail-mtb-shimano-deore-11s-29-weiss-202\/#breadcrumb\",\"itemListElement\":[{\"@type\":\"ListItem\",\"position\":1,\"name\":\"Startseite\",\"item\":\"https:\/\/kgerad.de\/\"},{\"@type\":\"ListItem\",\"position\":2,\"name\":\"LADEN\",\"item\":\"https:\/\/kgerad.de\/laden\/\"},{\"@type\":\"ListItem\",\"position\":3,\"name\":\"BMC TWOSTROKE AL FIVE HARDTAIL MTB SHIMANO DEORE 11S 29&#8221; WEISS 202\"}]},{\"@type\":\"WebSite\",\"@id\":\"https:\/\/kgerad.de\/#website\",\"url\":\"https:\/\/kgerad.de\/\",\"name\":\"kgerad.de\",\"description\":\"Treten Sie mit uns ins Abenteuer!\",\"publisher\":{\"@id\":\"https:\/\/kgerad.de\/#organization\"},\"alternateName\":\"MEIN RADLADEN\",\"potentialAction\":[{\"@type\":\"SearchAction\",\"target\":{\"@type\":\"EntryPoint\",\"urlTemplate\":\"https:\/\/kgerad.de\/?s={search_term_string}\"},\"query-input\":{\"@type\":\"PropertyValueSpecification\",\"valueRequired\":true,\"valueName\":\"search_term_string\"}}],\"inLanguage\":\"en-US\"},{\"@type\":\"Organization\",\"@id\":\"https:\/\/kgerad.de\/#organization\",\"name\":\"MEINRADLADEN\",\"alternateName\":\"MEIN RADLADEN\",\"url\":\"https:\/\/kgerad.de\/\",\"logo\":{\"@type\":\"ImageObject\",\"inLanguage\":\"en-US\",\"@id\":\"https:\/\/kgerad.de\/#\/schema\/logo\/image\/\",\"url\":\"https:\/\/kgerad.de\/wp-content\/uploads\/2025\/07\/logo-Whit.svg\",\"contentUrl\":\"https:\/\/kgerad.de\/wp-content\/uploads\/2025\/07\/logo-Whit.svg\",\"width\":1640,\"height\":371,\"caption\":\"MEINRADLADEN\"},\"image\":{\"@id\":\"https:\/\/kgerad.de\/#\/schema\/logo\/image\/\"}}]}<\/script>\n<!-- \/ Yoast SEO Premium plugin. -->","yoast_head_json":{"title":"BMC TWOSTROKE AL FIVE HARDTAIL MTB SHIMANO DEORE 11S 29'' WEISS 202","description":"Entdecken Sie unseren Online-Fahrradladen: Gro\u00dfe Auswahl an Modellen f\u00fcr alle Radsportbegeisterten. Von Rennr\u00e4dern bis zu Mountainbikes - finden Sie heute Ihren perfekten Wegbegleiter!","robots":{"index":"index","follow":"follow","max-snippet":"max-snippet:-1","max-image-preview":"max-image-preview:large","max-video-preview":"max-video-preview:-1"},"canonical":"https:\/\/kgerad.de\/en\/product\/bmc-twostroke-al-five-hardtail-mtb-shimano-deore-11s-29-weiss-202\/","og_locale":"en_US","og_type":"article","og_title":"BMC TWOSTROKE AL FIVE HARDTAIL MTB SHIMANO DEORE 11S 29'' WEISS 202","og_description":"Entdecken Sie unseren Online-Fahrradladen: Gro\u00dfe Auswahl an Modellen f\u00fcr alle Radsportbegeisterten. Von Rennr\u00e4dern bis zu Mountainbikes - finden Sie heute Ihren perfekten Wegbegleiter!","og_url":"https:\/\/kgerad.de\/en\/product\/bmc-twostroke-al-five-hardtail-mtb-shimano-deore-11s-29-weiss-202\/","og_site_name":"kgerad.de","article_modified_time":"2023-08-10T16:53:49+00:00","og_image":[{"width":600,"height":408,"url":"https:\/\/kgerad.de\/wp-content\/uploads\/2023\/06\/BMC-TWOSTROKE-AL-FIVE-HARDTAIL-MTB-SHIMANO-DEORE-11S-29-WEISS-2022.jpg","type":"image\/jpeg"}],"twitter_card":"summary_large_image","twitter_misc":{"Est. reading time":"3 minutes"},"schema":{"@context":"https:\/\/schema.org","@graph":[{"@type":"WebPage","@id":"https:\/\/kgerad.de\/produkt\/bmc-twostroke-al-five-hardtail-mtb-shimano-deore-11s-29-weiss-202\/","url":"https:\/\/kgerad.de\/produkt\/bmc-twostroke-al-five-hardtail-mtb-shimano-deore-11s-29-weiss-202\/","name":"BMC TWOSTROKE AL FIVE HARDTAIL MTB SHIMANO DEORE 11S 29'' WEISS 202","isPartOf":{"@id":"https:\/\/kgerad.de\/#website"},"primaryImageOfPage":{"@id":"https:\/\/kgerad.de\/produkt\/bmc-twostroke-al-five-hardtail-mtb-shimano-deore-11s-29-weiss-202\/#primaryimage"},"image":{"@id":"https:\/\/kgerad.de\/produkt\/bmc-twostroke-al-five-hardtail-mtb-shimano-deore-11s-29-weiss-202\/#primaryimage"},"thumbnailUrl":"https:\/\/kgerad.de\/wp-content\/uploads\/2023\/06\/BMC-TWOSTROKE-AL-FIVE-HARDTAIL-MTB-SHIMANO-DEORE-11S-29-WEISS-2022.jpg","datePublished":"2022-08-18T16:36:37+00:00","dateModified":"2023-08-10T16:53:49+00:00","description":"Entdecken Sie unseren Online-Fahrradladen: Gro\u00dfe Auswahl an Modellen f\u00fcr alle Radsportbegeisterten. Von Rennr\u00e4dern bis zu Mountainbikes - finden Sie heute Ihren perfekten Wegbegleiter!","breadcrumb":{"@id":"https:\/\/kgerad.de\/produkt\/bmc-twostroke-al-five-hardtail-mtb-shimano-deore-11s-29-weiss-202\/#breadcrumb"},"inLanguage":"en-US","potentialAction":[{"@type":"ReadAction","target":["https:\/\/kgerad.de\/produkt\/bmc-twostroke-al-five-hardtail-mtb-shimano-deore-11s-29-weiss-202\/"]}]},{"@type":"ImageObject","inLanguage":"en-US","@id":"https:\/\/kgerad.de\/produkt\/bmc-twostroke-al-five-hardtail-mtb-shimano-deore-11s-29-weiss-202\/#primaryimage","url":"https:\/\/kgerad.de\/wp-content\/uploads\/2023\/06\/BMC-TWOSTROKE-AL-FIVE-HARDTAIL-MTB-SHIMANO-DEORE-11S-29-WEISS-2022.jpg","contentUrl":"https:\/\/kgerad.de\/wp-content\/uploads\/2023\/06\/BMC-TWOSTROKE-AL-FIVE-HARDTAIL-MTB-SHIMANO-DEORE-11S-29-WEISS-2022.jpg","width":600,"height":408,"caption":"BMC TWOSTROKE AL FIVE HARDTAIL MTB SHIMANO DEORE 11S 29'' WEISS 2022"},{"@type":"BreadcrumbList","@id":"https:\/\/kgerad.de\/produkt\/bmc-twostroke-al-five-hardtail-mtb-shimano-deore-11s-29-weiss-202\/#breadcrumb","itemListElement":[{"@type":"ListItem","position":1,"name":"Startseite","item":"https:\/\/kgerad.de\/"},{"@type":"ListItem","position":2,"name":"LADEN","item":"https:\/\/kgerad.de\/laden\/"},{"@type":"ListItem","position":3,"name":"BMC TWOSTROKE AL FIVE HARDTAIL MTB SHIMANO DEORE 11S 29&#8221; WEISS 202"}]},{"@type":"WebSite","@id":"https:\/\/kgerad.de\/#website","url":"https:\/\/kgerad.de\/","name":"kgerad.de","description":"Treten Sie mit uns ins Abenteuer!","publisher":{"@id":"https:\/\/kgerad.de\/#organization"},"alternateName":"MEIN RADLADEN","potentialAction":[{"@type":"SearchAction","target":{"@type":"EntryPoint","urlTemplate":"https:\/\/kgerad.de\/?s={search_term_string}"},"query-input":{"@type":"PropertyValueSpecification","valueRequired":true,"valueName":"search_term_string"}}],"inLanguage":"en-US"},{"@type":"Organization","@id":"https:\/\/kgerad.de\/#organization","name":"MEINRADLADEN","alternateName":"MEIN RADLADEN","url":"https:\/\/kgerad.de\/","logo":{"@type":"ImageObject","inLanguage":"en-US","@id":"https:\/\/kgerad.de\/#\/schema\/logo\/image\/","url":"https:\/\/kgerad.de\/wp-content\/uploads\/2025\/07\/logo-Whit.svg","contentUrl":"https:\/\/kgerad.de\/wp-content\/uploads\/2025\/07\/logo-Whit.svg","width":1640,"height":371,"caption":"MEINRADLADEN"},"image":{"@id":"https:\/\/kgerad.de\/#\/schema\/logo\/image\/"}}]}},"_links":{"self":[{"href":"https:\/\/kgerad.de\/en\/wp-json\/wp\/v2\/product\/13358","targetHints":{"allow":["GET"]}}],"collection":[{"href":"https:\/\/kgerad.de\/en\/wp-json\/wp\/v2\/product"}],"about":[{"href":"https:\/\/kgerad.de\/en\/wp-json\/wp\/v2\/types\/product"}],"replies":[{"embeddable":true,"href":"https:\/\/kgerad.de\/en\/wp-json\/wp\/v2\/comments?post=13358"}],"version-history":[{"count":1,"href":"https:\/\/kgerad.de\/en\/wp-json\/wp\/v2\/product\/13358\/revisions"}],"predecessor-version":[{"id":78625,"href":"https:\/\/kgerad.de\/en\/wp-json\/wp\/v2\/product\/13358\/revisions\/78625"}],"wp:featuredmedia":[{"embeddable":true,"href":"https:\/\/kgerad.de\/en\/wp-json\/wp\/v2\/media\/60912"}],"wp:attachment":[{"href":"https:\/\/kgerad.de\/en\/wp-json\/wp\/v2\/media?parent=13358"}],"wp:term":[{"taxonomy":"product_brand","embeddable":true,"href":"https:\/\/kgerad.de\/en\/wp-json\/wp\/v2\/product_brand?post=13358"},{"taxonomy":"product_cat","embeddable":true,"href":"https:\/\/kgerad.de\/en\/wp-json\/wp\/v2\/product_cat?post=13358"},{"taxonomy":"product_tag","embeddable":true,"href":"https:\/\/kgerad.de\/en\/wp-json\/wp\/v2\/product_tag?post=13358"}],"curies":[{"name":"wp","href":"https:\/\/api.w.org\/{rel}","templated":true}]}}