{"id":12929,"date":"2022-08-06T13:05:04","date_gmt":"2022-08-06T11:05:04","guid":{"rendered":"https:\/\/kgerad.de\/?post_type=product&#038;p=12929"},"modified":"2023-08-10T19:08:13","modified_gmt":"2023-08-10T17:08:13","slug":"cannondale-topstone-2-shimano-blau-midnight-2022","status":"publish","type":"product","link":"https:\/\/kgerad.de\/en\/product\/cannondale-topstone-2-shimano-blau-midnight-2022\/","title":{"rendered":"CANNONDALE TOPSTONE 2 SHIMANO BLAU MIDNIGHT 2022"},"content":{"rendered":"<div id=\"product-header-order-name\" class=\"col-lg-20 col-md-20 col-sm-20 col-xs-20\">\n<h2 class=\"heading-title-text\">GRAVEL BIKE CANNONDALE TOPSTONE 2 SHIMANO GRX 10V 700 BLAU MIDNIGHT 2022<\/h2>\n<\/div>\n<div id=\"product-header-order-form\" class=\"js-reload-on-event col-lg-20 col-md-20 col-sm-20 col-xs-20\" data-to-watch=\"body\" data-event=\"alltricks:cartChanged\" data-url=\"\/ajax\/product\/ajouter\/F-41505-velos-route-_-cyclocross-_-triathlon\/P-2205189-gravel_bike_cannondale_topstone_2_shimano_grx_10v_700_blau_midnight_2022\">\n<div class=\"col col-sm-12 col-md-12 col-lg-12\">\n<p>Das\u00a0<strong>Cannondale Topstone 2<\/strong>, oder\u00a0<strong>Topstone Alloy 2<\/strong>, ist ein begabtes und vielseitiges Gravel-Bike. Es wurde entwickelt, um weit zu kommen, weniger befahrene Stra\u00dfen zu erkunden oder Ihre t\u00e4glichen Fahrten zu beschleunigen. Die SmartForm C2 Aluminiumkonstruktion des Topstone-Rahmens ist das Ergebnis der jahrzehntelangen Erfahrung von Cannondale in der Aluminiumverarbeitung. Sie sorgt f\u00fcr eine ausgewogene Sitzposition: hoch genug f\u00fcr Langstreckenkomfort und Kontrolle in schwierigem Gel\u00e4nde, und weit genug nach vorne geneigt f\u00fcr Geschwindigkeit.<\/p>\n<p>Mit Halterungen f\u00fcr drei Trinkflaschen und f\u00fcr eine Aufbewahrung am Oberrohr ist das Topstone bereit f\u00fcr lange Abenteuer. Dank der vielen Positionen f\u00fcr Flaschenhalter am Unterrohr k\u00f6nnen Sie die Montage von gro\u00dfen Rahmentaschen organisieren. Sein Rahmen bietet gen\u00fcgend Freiraum f\u00fcr gro\u00dfe, 42 mm breite Reifen, die f\u00fcr Komfort, Grip und Abenteuer sorgen. Die Gabel ist komplett aus Carbon gefertigt und verf\u00fcgt \u00fcber einen konischen Steuerkopf und 12 mm Steckachsen f\u00fcr ein leichtes, komfortables vorderes Dreieck und ein pr\u00e4zises Fahrverhalten.<\/p>\n<p>Die OutFront-Technologie sorgt f\u00fcr eine leichte und gleichzeitig wendige Lenkung, wobei das Rad weiter vorne positioniert ist, um die Stabilit\u00e4t und Kontrolle auf unebenem Gel\u00e4nde zu verbessern. Au\u00dferdem wird das Risiko einer \u00dcberlappung zwischen Fu\u00dfspitze und Vorderrad bei den kleineren Rahmengr\u00f6\u00dfen verringert. Der Rahmen des Topstone ist so konstruiert, dass eine 27,2 mm Teleskopsattelst\u00fctze mit interner Kabelf\u00fchrung montiert werden kann, was bei einem Fahrrad mit solchen Offroad-F\u00e4higkeiten keine gro\u00dfe \u00dcberraschung sein sollte. Schlie\u00dflich gibt es noch einen abnehmbaren Schutzblechb\u00fcgel, der angeschraubt wird, wenn Sie ein Schutzblech ben\u00f6tigen, und abgenommen wird, wenn Sie es nicht mehr brauchen.<\/p>\n<\/div>\n<div class=\"prodsheet_bullets col col-sm-8 col-md-8 col-lg-8\">\n<h4>DIE + PRODUKTE :<\/h4>\n<ul>\n<li>Ein vielseitiges und leistungsstarkes Gravel-Bike.<\/li>\n<li>Shimano GRX 2&#215;10-Gang-Schaltung.<\/li>\n<li>Hydraulische Scheibenbremsen Shimano GRX 400, 160\/160 mm.<\/li>\n<\/ul>\n<\/div>\n<div class=\"prodsheet_specs1 col col-sm-12 col-md-12 col-lg-12\">\n<h4>DETAILS:<\/h4>\n<table class=\"table table-striped\">\n<tbody>\n<tr>\n<td>Rahmen<\/td>\n<td>Aluminium: Lightweight SmartForm C2 Alloy, 12&#215;142 thru-axle, tapered headtube, BSA threaded BBm flat mount disc, StraightShot internal cable routing, multiple gear\/bottle mounts<\/td>\n<\/tr>\n<tr>\n<td>Gabel<\/td>\n<td>Carbon: Topstone Carbon, 1-1\/8&#8243; to 1.5&#8243; steerer, 55mm OutFront offset, flat mount disc, internal routing, 12&#215;100 thru-axle, fender\/gear mounts<\/td>\n<\/tr>\n<tr>\n<td>Schalthebel f\u00fcr das Schaltwerk<\/td>\n<td>Shimano GRX 400, 2&#215;10 G\u00e4nge<\/td>\n<\/tr>\n<tr>\n<td>Umwerfer vorne<\/td>\n<td>Shimano GRX 400, braze-on<\/td>\n<\/tr>\n<tr>\n<td>Schaltwerk hinten<\/td>\n<td>Shimano GRX 400, Shadow RD+, 10-fach<\/td>\n<\/tr>\n<tr>\n<td>Kassette<\/td>\n<td>Shimano HG500, 11-34 Z\u00e4hne<\/td>\n<\/tr>\n<tr>\n<td>Kette<\/td>\n<td>KMC X10<\/td>\n<\/tr>\n<tr>\n<td>Tretlager<\/td>\n<td>FSA Omega AGX+ Alloy, 46\/30 Z\u00e4hne<\/td>\n<\/tr>\n<tr>\n<td>Tretlagergeh\u00e4use<\/td>\n<td>FSA Cartridge<\/td>\n<\/tr>\n<tr>\n<td>Bremsen<\/td>\n<td>Shimano GRX 400 hydraulic disc, 160\/160mm RT54 Rotoren<\/td>\n<\/tr>\n<tr>\n<td>Laufr\u00e4der<\/td>\n<td>WTB ST i23 TCS, 28h, tubeless ready<\/td>\n<\/tr>\n<tr>\n<td>Naben<\/td>\n<td>(F) Formula cartridge bearing, 12x100mm centerlock \/ (R) Formula cartridge bearing, 12x142mm centerlock<\/td>\n<\/tr>\n<tr>\n<td>Reifen<\/td>\n<td>WTB Riddler TCS Light, 700 x 37c, tubeless ready<\/td>\n<\/tr>\n<tr>\n<td>Lenker<\/td>\n<td>Cannondale 3, butted 6061 Alloy, 16 deg flare drop<\/td>\n<\/tr>\n<tr>\n<td>Lenkerband<\/td>\n<td>Cannondale Bar Tape, 3.5mm<\/td>\n<\/tr>\n<tr>\n<td>Vorbau<\/td>\n<td>Cannondale 3, 6061 Alloy, 31.8, 7\u00b0<\/td>\n<\/tr>\n<tr>\n<td>Steuersatz<\/td>\n<td>Integrated, 1-1\/8&#8243; &#8211; 1-1\/2&#8243;<\/td>\n<\/tr>\n<tr>\n<td>Sattel<\/td>\n<td>Fizik Aliante Delta, S-Alloy Schienen<\/td>\n<\/tr>\n<tr>\n<td>Sattelst\u00fctze<\/td>\n<td>Cannondale 3, 6061 Alloy, 27.2 x 350mm<\/td>\n<\/tr>\n<tr>\n<td>Gewicht<\/td>\n<td>&#8212;<\/td>\n<\/tr>\n<tr>\n<td>Farben<\/td>\n<td>Midnight Blue<\/td>\n<\/tr>\n<\/tbody>\n<\/table>\n<\/div>\n<div class=\"prodsheet_specs2 col col-sm-8 col-md-8 col-lg-8\">\n<h4>GEOMETRIEN :<\/h4>\n<p><img decoding=\"async\" src=\"http:\/\/media1.alltricks.fr\/ckfinder\/images\/cube_route_geo_en.jpg\" \/><\/p>\n<table class=\"table table-striped\">\n<tbody>\n<tr>\n<td>Rahmengr\u00f6\u00dfe<\/td>\n<td>XS<\/td>\n<td>S<\/td>\n<td>M<\/td>\n<td>L<\/td>\n<td>XL<\/td>\n<\/tr>\n<tr>\n<td>Sattelrohr (mm)<\/td>\n<td>410<\/td>\n<td>458<\/td>\n<td>505<\/td>\n<td>553<\/td>\n<td>600<\/td>\n<\/tr>\n<tr>\n<td>Oberes Rohr (mm)<\/td>\n<td>533<\/td>\n<td>544<\/td>\n<td>557<\/td>\n<td>572<\/td>\n<td>587<\/td>\n<\/tr>\n<tr>\n<td>L\u00e4nge der Basis (mm)<\/td>\n<td>430<\/td>\n<td>430<\/td>\n<td>430<\/td>\n<td>430<\/td>\n<td>430<\/td>\n<\/tr>\n<tr>\n<td>Lenkh\u00fclse (mm)<\/td>\n<td>89<\/td>\n<td>118<\/td>\n<td>149<\/td>\n<td>182<\/td>\n<td>214<\/td>\n<\/tr>\n<tr>\n<td>Lenkwinkel (\u00b0)<\/td>\n<td>70<\/td>\n<td>71<\/td>\n<td>71<\/td>\n<td>71<\/td>\n<td>71<\/td>\n<\/tr>\n<tr>\n<td>Winkel Sattelrohr (\u00b0)<\/td>\n<td>73.1<\/td>\n<td>73.1<\/td>\n<td>73.1<\/td>\n<td>73.1<\/td>\n<td>73.1<\/td>\n<\/tr>\n<tr>\n<td>Radstand (mm)<\/td>\n<td>1016<\/td>\n<td>1027<\/td>\n<td>1045<\/td>\n<td>1065<\/td>\n<td>1083<\/td>\n<\/tr>\n<tr>\n<td>Stack (mm)<\/td>\n<td>518<\/td>\n<td>549<\/td>\n<td>579<\/td>\n<td>610<\/td>\n<td>640<\/td>\n<\/tr>\n<tr>\n<td>Reach (mm)<\/td>\n<td>368<\/td>\n<td>377<\/td>\n<td>385<\/td>\n<td>394<\/td>\n<td>402<\/td>\n<\/tr>\n<\/tbody>\n<\/table>\n<\/div>\n<\/div>","protected":false},"excerpt":{"rendered":"<div class=\"col-lg-14 col-md-14 col-sm-14 col-xs-20\"><\/div>\n<div id=\"product-specifications-table\" class=\"col-lg-20 col-md-20 col-sm-20 col-xs-20\">\n<table class=\"table table-striped\">\n<tbody>\n<tr>\n<td class=\"spec-name\">Geschlecht<\/td>\n<td class=\"spec-value\">Herren<\/td>\n<\/tr>\n<tr>\n<td class=\"spec-name\">Gruppe<\/td>\n<td class=\"spec-value\">Shimano GRX 10V<\/td>\n<\/tr>\n<tr>\n<td class=\"spec-name\">collection<\/td>\n<td class=\"spec-value\">2022<\/td>\n<\/tr>\n<\/tbody>\n<\/table>\n<\/div>","protected":false},"featured_media":60847,"comment_status":"open","ping_status":"closed","template":"","meta":[],"product_brand":[],"product_cat":[129],"product_tag":[],"class_list":{"0":"post-12929","1":"product","2":"type-product","3":"status-publish","4":"has-post-thumbnail","6":"product_cat-rennrad","7":"pa_marke-cannondale","9":"first","10":"instock","11":"sale","12":"taxable","13":"shipping-taxable","14":"purchasable","15":"product-type-variable"},"yoast_head":"<!-- This site is optimized with the Yoast SEO Premium plugin v20.12 (Yoast SEO v27.1.1) - https:\/\/yoast.com\/product\/yoast-seo-premium-wordpress\/ -->\n<title>CANNONDALE TOPSTONE 2 SHIMANO BLAU MIDNIGHT 2022<\/title>\n<meta name=\"description\" content=\"Entdecken Sie unseren Online-Fahrradladen: Gro\u00dfe Auswahl an Modellen f\u00fcr alle Radsportbegeisterten. Von Rennr\u00e4dern bis zu Mountainbikes - finden Sie heute Ihren perfekten Wegbegleiter!\" \/>\n<meta name=\"robots\" content=\"index, follow, max-snippet:-1, max-image-preview:large, max-video-preview:-1\" \/>\n<link rel=\"canonical\" href=\"https:\/\/kgerad.de\/en\/product\/cannondale-topstone-2-shimano-blau-midnight-2022\/\" \/>\n<meta property=\"og:locale\" content=\"en_US\" \/>\n<meta property=\"og:type\" content=\"article\" \/>\n<meta property=\"og:title\" content=\"CANNONDALE TOPSTONE 2 SHIMANO BLAU MIDNIGHT 2022\" \/>\n<meta property=\"og:description\" content=\"Entdecken Sie unseren Online-Fahrradladen: Gro\u00dfe Auswahl an Modellen f\u00fcr alle Radsportbegeisterten. Von Rennr\u00e4dern bis zu Mountainbikes - finden Sie heute Ihren perfekten Wegbegleiter!\" \/>\n<meta property=\"og:url\" content=\"https:\/\/kgerad.de\/en\/product\/cannondale-topstone-2-shimano-blau-midnight-2022\/\" \/>\n<meta property=\"og:site_name\" content=\"kgerad.de\" \/>\n<meta property=\"article:modified_time\" content=\"2023-08-10T17:08:13+00:00\" \/>\n<meta property=\"og:image\" content=\"https:\/\/kgerad.de\/wp-content\/uploads\/2023\/06\/GRAVEL-BIKE-CANNONDALE-TOPSTONE-2-SHIMANO-GRX-10V-700-BLAU-MIDNIGHT-2022.jpg\" \/>\n\t<meta property=\"og:image:width\" content=\"600\" \/>\n\t<meta property=\"og:image:height\" content=\"408\" \/>\n\t<meta property=\"og:image:type\" content=\"image\/jpeg\" \/>\n<meta name=\"twitter:card\" content=\"summary_large_image\" \/>\n<meta name=\"twitter:label1\" content=\"Est. reading time\" \/>\n\t<meta name=\"twitter:data1\" content=\"4 minutes\" \/>\n<script type=\"application\/ld+json\" class=\"yoast-schema-graph\">{\"@context\":\"https:\/\/schema.org\",\"@graph\":[{\"@type\":\"WebPage\",\"@id\":\"https:\/\/kgerad.de\/produkt\/cannondale-topstone-2-shimano-blau-midnight-2022\/\",\"url\":\"https:\/\/kgerad.de\/produkt\/cannondale-topstone-2-shimano-blau-midnight-2022\/\",\"name\":\"CANNONDALE TOPSTONE 2 SHIMANO BLAU MIDNIGHT 2022\",\"isPartOf\":{\"@id\":\"https:\/\/kgerad.de\/#website\"},\"primaryImageOfPage\":{\"@id\":\"https:\/\/kgerad.de\/produkt\/cannondale-topstone-2-shimano-blau-midnight-2022\/#primaryimage\"},\"image\":{\"@id\":\"https:\/\/kgerad.de\/produkt\/cannondale-topstone-2-shimano-blau-midnight-2022\/#primaryimage\"},\"thumbnailUrl\":\"https:\/\/kgerad.de\/wp-content\/uploads\/2023\/06\/GRAVEL-BIKE-CANNONDALE-TOPSTONE-2-SHIMANO-GRX-10V-700-BLAU-MIDNIGHT-2022.jpg\",\"datePublished\":\"2022-08-06T11:05:04+00:00\",\"dateModified\":\"2023-08-10T17:08:13+00:00\",\"description\":\"Entdecken Sie unseren Online-Fahrradladen: Gro\u00dfe Auswahl an Modellen f\u00fcr alle Radsportbegeisterten. Von Rennr\u00e4dern bis zu Mountainbikes - finden Sie heute Ihren perfekten Wegbegleiter!\",\"breadcrumb\":{\"@id\":\"https:\/\/kgerad.de\/produkt\/cannondale-topstone-2-shimano-blau-midnight-2022\/#breadcrumb\"},\"inLanguage\":\"en-US\",\"potentialAction\":[{\"@type\":\"ReadAction\",\"target\":[\"https:\/\/kgerad.de\/produkt\/cannondale-topstone-2-shimano-blau-midnight-2022\/\"]}]},{\"@type\":\"ImageObject\",\"inLanguage\":\"en-US\",\"@id\":\"https:\/\/kgerad.de\/produkt\/cannondale-topstone-2-shimano-blau-midnight-2022\/#primaryimage\",\"url\":\"https:\/\/kgerad.de\/wp-content\/uploads\/2023\/06\/GRAVEL-BIKE-CANNONDALE-TOPSTONE-2-SHIMANO-GRX-10V-700-BLAU-MIDNIGHT-2022.jpg\",\"contentUrl\":\"https:\/\/kgerad.de\/wp-content\/uploads\/2023\/06\/GRAVEL-BIKE-CANNONDALE-TOPSTONE-2-SHIMANO-GRX-10V-700-BLAU-MIDNIGHT-2022.jpg\",\"width\":600,\"height\":408,\"caption\":\"GRAVEL BIKE CANNONDALE TOPSTONE 2 SHIMANO GRX 10V 700 BLAU MIDNIGHT 2022\"},{\"@type\":\"BreadcrumbList\",\"@id\":\"https:\/\/kgerad.de\/produkt\/cannondale-topstone-2-shimano-blau-midnight-2022\/#breadcrumb\",\"itemListElement\":[{\"@type\":\"ListItem\",\"position\":1,\"name\":\"Startseite\",\"item\":\"https:\/\/kgerad.de\/\"},{\"@type\":\"ListItem\",\"position\":2,\"name\":\"LADEN\",\"item\":\"https:\/\/kgerad.de\/laden\/\"},{\"@type\":\"ListItem\",\"position\":3,\"name\":\"CANNONDALE TOPSTONE 2 SHIMANO BLAU MIDNIGHT 2022\"}]},{\"@type\":\"WebSite\",\"@id\":\"https:\/\/kgerad.de\/#website\",\"url\":\"https:\/\/kgerad.de\/\",\"name\":\"kgerad.de\",\"description\":\"Treten Sie mit uns ins Abenteuer!\",\"publisher\":{\"@id\":\"https:\/\/kgerad.de\/#organization\"},\"alternateName\":\"MEIN RADLADEN\",\"potentialAction\":[{\"@type\":\"SearchAction\",\"target\":{\"@type\":\"EntryPoint\",\"urlTemplate\":\"https:\/\/kgerad.de\/?s={search_term_string}\"},\"query-input\":{\"@type\":\"PropertyValueSpecification\",\"valueRequired\":true,\"valueName\":\"search_term_string\"}}],\"inLanguage\":\"en-US\"},{\"@type\":\"Organization\",\"@id\":\"https:\/\/kgerad.de\/#organization\",\"name\":\"MEINRADLADEN\",\"alternateName\":\"MEIN RADLADEN\",\"url\":\"https:\/\/kgerad.de\/\",\"logo\":{\"@type\":\"ImageObject\",\"inLanguage\":\"en-US\",\"@id\":\"https:\/\/kgerad.de\/#\/schema\/logo\/image\/\",\"url\":\"https:\/\/kgerad.de\/wp-content\/uploads\/2025\/07\/logo-Whit.svg\",\"contentUrl\":\"https:\/\/kgerad.de\/wp-content\/uploads\/2025\/07\/logo-Whit.svg\",\"width\":1640,\"height\":371,\"caption\":\"MEINRADLADEN\"},\"image\":{\"@id\":\"https:\/\/kgerad.de\/#\/schema\/logo\/image\/\"}}]}<\/script>\n<!-- \/ Yoast SEO Premium plugin. -->","yoast_head_json":{"title":"CANNONDALE TOPSTONE 2 SHIMANO BLAU MIDNIGHT 2022","description":"Entdecken Sie unseren Online-Fahrradladen: Gro\u00dfe Auswahl an Modellen f\u00fcr alle Radsportbegeisterten. Von Rennr\u00e4dern bis zu Mountainbikes - finden Sie heute Ihren perfekten Wegbegleiter!","robots":{"index":"index","follow":"follow","max-snippet":"max-snippet:-1","max-image-preview":"max-image-preview:large","max-video-preview":"max-video-preview:-1"},"canonical":"https:\/\/kgerad.de\/en\/product\/cannondale-topstone-2-shimano-blau-midnight-2022\/","og_locale":"en_US","og_type":"article","og_title":"CANNONDALE TOPSTONE 2 SHIMANO BLAU MIDNIGHT 2022","og_description":"Entdecken Sie unseren Online-Fahrradladen: Gro\u00dfe Auswahl an Modellen f\u00fcr alle Radsportbegeisterten. Von Rennr\u00e4dern bis zu Mountainbikes - finden Sie heute Ihren perfekten Wegbegleiter!","og_url":"https:\/\/kgerad.de\/en\/product\/cannondale-topstone-2-shimano-blau-midnight-2022\/","og_site_name":"kgerad.de","article_modified_time":"2023-08-10T17:08:13+00:00","og_image":[{"width":600,"height":408,"url":"https:\/\/kgerad.de\/wp-content\/uploads\/2023\/06\/GRAVEL-BIKE-CANNONDALE-TOPSTONE-2-SHIMANO-GRX-10V-700-BLAU-MIDNIGHT-2022.jpg","type":"image\/jpeg"}],"twitter_card":"summary_large_image","twitter_misc":{"Est. reading time":"4 minutes"},"schema":{"@context":"https:\/\/schema.org","@graph":[{"@type":"WebPage","@id":"https:\/\/kgerad.de\/produkt\/cannondale-topstone-2-shimano-blau-midnight-2022\/","url":"https:\/\/kgerad.de\/produkt\/cannondale-topstone-2-shimano-blau-midnight-2022\/","name":"CANNONDALE TOPSTONE 2 SHIMANO BLAU MIDNIGHT 2022","isPartOf":{"@id":"https:\/\/kgerad.de\/#website"},"primaryImageOfPage":{"@id":"https:\/\/kgerad.de\/produkt\/cannondale-topstone-2-shimano-blau-midnight-2022\/#primaryimage"},"image":{"@id":"https:\/\/kgerad.de\/produkt\/cannondale-topstone-2-shimano-blau-midnight-2022\/#primaryimage"},"thumbnailUrl":"https:\/\/kgerad.de\/wp-content\/uploads\/2023\/06\/GRAVEL-BIKE-CANNONDALE-TOPSTONE-2-SHIMANO-GRX-10V-700-BLAU-MIDNIGHT-2022.jpg","datePublished":"2022-08-06T11:05:04+00:00","dateModified":"2023-08-10T17:08:13+00:00","description":"Entdecken Sie unseren Online-Fahrradladen: Gro\u00dfe Auswahl an Modellen f\u00fcr alle Radsportbegeisterten. Von Rennr\u00e4dern bis zu Mountainbikes - finden Sie heute Ihren perfekten Wegbegleiter!","breadcrumb":{"@id":"https:\/\/kgerad.de\/produkt\/cannondale-topstone-2-shimano-blau-midnight-2022\/#breadcrumb"},"inLanguage":"en-US","potentialAction":[{"@type":"ReadAction","target":["https:\/\/kgerad.de\/produkt\/cannondale-topstone-2-shimano-blau-midnight-2022\/"]}]},{"@type":"ImageObject","inLanguage":"en-US","@id":"https:\/\/kgerad.de\/produkt\/cannondale-topstone-2-shimano-blau-midnight-2022\/#primaryimage","url":"https:\/\/kgerad.de\/wp-content\/uploads\/2023\/06\/GRAVEL-BIKE-CANNONDALE-TOPSTONE-2-SHIMANO-GRX-10V-700-BLAU-MIDNIGHT-2022.jpg","contentUrl":"https:\/\/kgerad.de\/wp-content\/uploads\/2023\/06\/GRAVEL-BIKE-CANNONDALE-TOPSTONE-2-SHIMANO-GRX-10V-700-BLAU-MIDNIGHT-2022.jpg","width":600,"height":408,"caption":"GRAVEL BIKE CANNONDALE TOPSTONE 2 SHIMANO GRX 10V 700 BLAU MIDNIGHT 2022"},{"@type":"BreadcrumbList","@id":"https:\/\/kgerad.de\/produkt\/cannondale-topstone-2-shimano-blau-midnight-2022\/#breadcrumb","itemListElement":[{"@type":"ListItem","position":1,"name":"Startseite","item":"https:\/\/kgerad.de\/"},{"@type":"ListItem","position":2,"name":"LADEN","item":"https:\/\/kgerad.de\/laden\/"},{"@type":"ListItem","position":3,"name":"CANNONDALE TOPSTONE 2 SHIMANO BLAU MIDNIGHT 2022"}]},{"@type":"WebSite","@id":"https:\/\/kgerad.de\/#website","url":"https:\/\/kgerad.de\/","name":"kgerad.de","description":"Treten Sie mit uns ins Abenteuer!","publisher":{"@id":"https:\/\/kgerad.de\/#organization"},"alternateName":"MEIN RADLADEN","potentialAction":[{"@type":"SearchAction","target":{"@type":"EntryPoint","urlTemplate":"https:\/\/kgerad.de\/?s={search_term_string}"},"query-input":{"@type":"PropertyValueSpecification","valueRequired":true,"valueName":"search_term_string"}}],"inLanguage":"en-US"},{"@type":"Organization","@id":"https:\/\/kgerad.de\/#organization","name":"MEINRADLADEN","alternateName":"MEIN RADLADEN","url":"https:\/\/kgerad.de\/","logo":{"@type":"ImageObject","inLanguage":"en-US","@id":"https:\/\/kgerad.de\/#\/schema\/logo\/image\/","url":"https:\/\/kgerad.de\/wp-content\/uploads\/2025\/07\/logo-Whit.svg","contentUrl":"https:\/\/kgerad.de\/wp-content\/uploads\/2025\/07\/logo-Whit.svg","width":1640,"height":371,"caption":"MEINRADLADEN"},"image":{"@id":"https:\/\/kgerad.de\/#\/schema\/logo\/image\/"}}]}},"_links":{"self":[{"href":"https:\/\/kgerad.de\/en\/wp-json\/wp\/v2\/product\/12929","targetHints":{"allow":["GET"]}}],"collection":[{"href":"https:\/\/kgerad.de\/en\/wp-json\/wp\/v2\/product"}],"about":[{"href":"https:\/\/kgerad.de\/en\/wp-json\/wp\/v2\/types\/product"}],"replies":[{"embeddable":true,"href":"https:\/\/kgerad.de\/en\/wp-json\/wp\/v2\/comments?post=12929"}],"version-history":[{"count":1,"href":"https:\/\/kgerad.de\/en\/wp-json\/wp\/v2\/product\/12929\/revisions"}],"predecessor-version":[{"id":78665,"href":"https:\/\/kgerad.de\/en\/wp-json\/wp\/v2\/product\/12929\/revisions\/78665"}],"wp:featuredmedia":[{"embeddable":true,"href":"https:\/\/kgerad.de\/en\/wp-json\/wp\/v2\/media\/60847"}],"wp:attachment":[{"href":"https:\/\/kgerad.de\/en\/wp-json\/wp\/v2\/media?parent=12929"}],"wp:term":[{"taxonomy":"product_brand","embeddable":true,"href":"https:\/\/kgerad.de\/en\/wp-json\/wp\/v2\/product_brand?post=12929"},{"taxonomy":"product_cat","embeddable":true,"href":"https:\/\/kgerad.de\/en\/wp-json\/wp\/v2\/product_cat?post=12929"},{"taxonomy":"product_tag","embeddable":true,"href":"https:\/\/kgerad.de\/en\/wp-json\/wp\/v2\/product_tag?post=12929"}],"curies":[{"name":"wp","href":"https:\/\/api.w.org\/{rel}","templated":true}]}}