{"id":12732,"date":"2022-08-05T18:04:02","date_gmt":"2022-08-05T16:04:02","guid":{"rendered":"https:\/\/kgerad.de\/?post_type=product&#038;p=12732"},"modified":"2023-08-10T18:11:19","modified_gmt":"2023-08-10T16:11:19","slug":"bmc-roadmachine-amp-two-elektro-rennrad-sram-rival-etap-2023","status":"publish","type":"product","link":"https:\/\/kgerad.de\/en\/product\/bmc-roadmachine-amp-two-elektro-rennrad-sram-rival-etap-2023\/","title":{"rendered":"BMC ROADMACHINE AMP TWO ELEKTRO-RENNRAD SRAM RIVAL ETAP 2023"},"content":{"rendered":"<div id=\"product-header-order-name\" class=\"col-lg-20 col-md-20 col-sm-20 col-xs-20\">\n<h2 class=\"heading-title-text\">BMC ROADMACHINE AMP TWO ELEKTRO-RENNRAD SRAM RIVAL ETAP AXS 12S 350 WH 700 MM LIMONENGELB 2023<\/h2>\n<\/div>\n<div id=\"product-header-order-form\" class=\"js-reload-on-event col-lg-20 col-md-20 col-sm-20 col-xs-20\" data-to-watch=\"body\" data-event=\"alltricks:cartChanged\" data-url=\"\/ajax\/product\/ajouter\/F-41505-velos-route-_-cyclocross-_-triathlon\/P-2267701-bmc_roadmachine_amp_two_elektro_rennrad_sram_rival_etap_axs_12s_350_wh_700_mm_limonengelb_2023\">\n<div class=\"col col-sm-12 col-md-12 col-lg-12\">\n<p>Die\u00a0<strong>BMC Roadmachine AMP<\/strong>\u00a0verf\u00fcgt \u00fcber versteckte Leistung dank des richtungsweisenden, ultrakompakten Nabenantriebs von Mahle, der ein f\u00fchrendes Leistungs-Gewichts-Verh\u00e4ltnis aufweist. Es sieht aus wie eine Roadmachine, f\u00e4hrt sich wie eine Roadmachine und bietet die gleiche Leistung, aber dieses E-Rennrad unterst\u00fctzt Sie bei den schwierigen Passagen, damit Sie mehr erreichen k\u00f6nnen. Der interne Akku der Antriebseinheit kann aus dem TCC Endurance Premium Carbon-Rahmensatz entfernt werden, und es gibt eine Premium Carbon D-Shape Sattelst\u00fctze und einen ICS1 Vorbau. Die kabellose 12-Gang-Schaltung Rival eTap AXS von Sram und die 25-mm-Laufr\u00e4der XRD-522 mit 30-mm-Reifen sorgen f\u00fcr eine \u00fcbersichtliche und praktische Performance.<\/p>\n<\/div>\n<div class=\"prodsheet_bullets col col-sm-8 col-md-8 col-lg-8\">\n<h4>HAUPTMERKMALE:<\/h4>\n<ul>\n<li>Unsere neueste Ausdauer-E-Bike-Kollektion bietet unsere ikonische Geschwindigkeit und unseren Komfort, aber in einem verst\u00e4rkten Paket.<\/li>\n<li>Mahle X20 Nabenantrieb, integrierte Tretunterst\u00fctzung.<\/li>\n<li>Sram Rival eTap AXS 2&#215;12-Gang-Antriebssystem.<\/li>\n<li>Hydraulische Scheibenbremsen Sram Rival eTap AXS HRD, 160\/160 mm.<\/li>\n<\/ul>\n<\/div>\n<div class=\"prodsheet_specs1 col col-sm-12 col-md-12 col-lg-12\">\n<h4>EIGENSCHAFTEN:<\/h4>\n<table class=\"table table-striped\">\n<tbody>\n<tr>\n<td>Rahmen<\/td>\n<td>Carbon: Roadmachine AMP Premium Carbon mit Tuned Compliance Concept Endurance, integrierter abnehmbarer Akku, interne Kabelf\u00fchrung, PF86 Tretlager, Flat Mount Disc, 12&#215;142 mm Steckachse, Reifenfreiheit: 33 mm (gemessene Breite)<\/td>\n<\/tr>\n<tr>\n<td>Gabel<\/td>\n<td>Carbon: Roadmachine AMP Premium Carbon mit Tuned Compliance Concept Endurance, interne Kabelf\u00fchrung, Flat Mount Disc, 12&#215;100 mm Steckachse, 50 mm Offset (Gr\u00f6\u00dfe 47-51), 45 mm Offset (Gr\u00f6\u00dfe 54-61)<\/td>\n<\/tr>\n<tr>\n<td>Motor<\/td>\n<td>Mahle X20, Nabenantrieb, 25 Nm, 25 km\/h<\/td>\n<\/tr>\n<tr>\n<td>Batterie<\/td>\n<td>Mahle iX350, 350 Wh (optionaler 172 Wh Reichweitenverl\u00e4ngerer)<\/td>\n<\/tr>\n<tr>\n<td>Anzeige<\/td>\n<td>Mahle Head Unit<\/td>\n<\/tr>\n<tr>\n<td>Schaltungen<\/td>\n<td>Sram Rival eTap AXS HRD, 2&#215;12-fach<\/td>\n<\/tr>\n<tr>\n<td>Umwerfer<\/td>\n<td>Sram Rival eTap AXS<\/td>\n<\/tr>\n<tr>\n<td>Schaltwerk<\/td>\n<td>Sram Rival eTap AXS, 12-fach<\/td>\n<\/tr>\n<tr>\n<td>Kassette<\/td>\n<td>Sram Rival XG-1250, 10-36T<\/td>\n<\/tr>\n<tr>\n<td>Kette<\/td>\n<td>Sram Rival<\/td>\n<\/tr>\n<tr>\n<td>Kurbelgarnitur<\/td>\n<td>Sram Force AXS, 46\/33Z<\/td>\n<\/tr>\n<tr>\n<td>Tretlager<\/td>\n<td>PF86<\/td>\n<\/tr>\n<tr>\n<td>Bremsen<\/td>\n<td>Sram Rival eTap AXS HRD, Hydr. Scheibenbremse, (160\/160) Centerline X Rotoren<\/td>\n<\/tr>\n<tr>\n<td>Laufradsatz<\/td>\n<td>Felgen: XRD-522, Tubeless Ready, 25 mm<\/td>\n<\/tr>\n<tr>\n<td>Naben<\/td>\n<td>Vorne: XRD-522 \/ Hinten: Ebikemotion, Mahle X20, Nabenantriebseinheit<\/td>\n<\/tr>\n<tr>\n<td>Bereifung<\/td>\n<td>Vittoria Rubino Pro, 700&#215;30 mm<\/td>\n<\/tr>\n<tr>\n<td>Lenker<\/td>\n<td>BMC RAB 02, Ergo Top Shape, Compact Bend, 70 mm Reichweite, 125 mm Ausfall<\/td>\n<\/tr>\n<tr>\n<td>Vorbau<\/td>\n<td>BMC ICS1, -12,5\u00b0<\/td>\n<\/tr>\n<tr>\n<td>Sattel<\/td>\n<td>Fizik Taiga<\/td>\n<\/tr>\n<tr>\n<td>Sattelst\u00fctze<\/td>\n<td>Roadmachine AMP Premium Carbon D-Shaped Sattelst\u00fctze, 15 mm Offset<\/td>\n<\/tr>\n<tr>\n<td>Gewicht<\/td>\n<td>&#8212;<\/td>\n<\/tr>\n<tr>\n<td>Gewichtslimit<\/td>\n<td>120 kg: das maximale Systemgewicht besteht aus Fahrrad, Fahrer und Ausr\u00fcstung<\/td>\n<\/tr>\n<tr>\n<td>Farbe<\/td>\n<td>Limonengelb \/ Mitternachtsblau<\/td>\n<\/tr>\n<\/tbody>\n<\/table>\n<\/div>\n<div class=\"prodsheet_specs2 col col-sm-8 col-md-8 col-lg-8\">\n<h4>GEOMETRIEN:<\/h4>\n<p><img decoding=\"async\" src=\"http:\/\/media1.alltricks.fr\/ckfinder\/images\/cube_route_geo_en.jpg\" \/><\/p>\n<table class=\"table table-striped\">\n<tbody>\n<tr>\n<td>Rahmengr\u00f6\u00dfe (cm)<\/td>\n<td>47<\/td>\n<td>51<\/td>\n<td>54<\/td>\n<td>56<\/td>\n<td>58<\/td>\n<td>61<\/td>\n<\/tr>\n<tr>\n<td>Sitzrohr (mm)<\/td>\n<td>420<\/td>\n<td>457<\/td>\n<td>500<\/td>\n<td>522<\/td>\n<td>539<\/td>\n<td>573<\/td>\n<\/tr>\n<tr>\n<td>Oberes Rohr (mm)<\/td>\n<td>522<\/td>\n<td>532<\/td>\n<td>546<\/td>\n<td>556<\/td>\n<td>568<\/td>\n<td>583<\/td>\n<\/tr>\n<tr>\n<td>Kettenstreben (mm)<\/td>\n<td>410<\/td>\n<td>410<\/td>\n<td>410<\/td>\n<td>410<\/td>\n<td>410<\/td>\n<td>410<\/td>\n<\/tr>\n<tr>\n<td>L\u00e4nge Steuerrohr (mm)<\/td>\n<td>112<\/td>\n<td>139<\/td>\n<td>156<\/td>\n<td>181<\/td>\n<td>206<\/td>\n<td>242<\/td>\n<\/tr>\n<tr>\n<td>Winkel des Steuerrohrs (\u00b0)<\/td>\n<td>71.2<\/td>\n<td>71.2<\/td>\n<td>72<\/td>\n<td>72<\/td>\n<td>72<\/td>\n<td>72<\/td>\n<\/tr>\n<tr>\n<td>Winkel des Sitzrohrs (\u00b0)<\/td>\n<td>74.2<\/td>\n<td>74.2<\/td>\n<td>74.2<\/td>\n<td>74.2<\/td>\n<td>74.2<\/td>\n<td>74.2<\/td>\n<\/tr>\n<tr>\n<td>Radstand (mm)<\/td>\n<td>982<\/td>\n<td>999<\/td>\n<td>997<\/td>\n<td>1008<\/td>\n<td>1020<\/td>\n<td>1035<\/td>\n<\/tr>\n<tr>\n<td>Stapel (mm)<\/td>\n<td>516<\/td>\n<td>541<\/td>\n<td>562<\/td>\n<td>586<\/td>\n<td>610<\/td>\n<td>644<\/td>\n<\/tr>\n<tr>\n<td>Reichweite (mm)<\/td>\n<td>374<\/td>\n<td>382<\/td>\n<td>386<\/td>\n<td>390<\/td>\n<td>394<\/td>\n<td>398<\/td>\n<\/tr>\n<tr>\n<td>L\u00e4nge des Stiels (mm)<\/td>\n<td>90<\/td>\n<td>90<\/td>\n<td>100<\/td>\n<td>110<\/td>\n<td>110<\/td>\n<td>120<\/td>\n<\/tr>\n<tr>\n<td>Breite des Lenkers (mm)<\/td>\n<td>400<\/td>\n<td>420<\/td>\n<td>420<\/td>\n<td>420<\/td>\n<td>420<\/td>\n<td>440<\/td>\n<\/tr>\n<tr>\n<td>Gabelhub (mm)<\/td>\n<td>50<\/td>\n<td>50<\/td>\n<td>45<\/td>\n<td>45<\/td>\n<td>45<\/td>\n<td>45<\/td>\n<\/tr>\n<tr>\n<td>L\u00e4nge der Kurbel (mm)<\/td>\n<td>170<\/td>\n<td>170<\/td>\n<td>172.5<\/td>\n<td>172.5<\/td>\n<td>175<\/td>\n<td>175<\/td>\n<\/tr>\n<\/tbody>\n<\/table>\n<\/div>\n<\/div>","protected":false},"excerpt":{"rendered":"<div class=\"col-lg-14 col-md-14 col-sm-14 col-xs-20\"><\/div>\n<div id=\"product-specifications-table\" class=\"col-lg-20 col-md-20 col-sm-20 col-xs-20\">\n<table class=\"table table-striped\">\n<tbody>\n<tr>\n<td class=\"spec-name\">Geschlecht<\/td>\n<td class=\"spec-value\">Herren<\/td>\n<\/tr>\n<tr>\n<td class=\"spec-name\">Gruppe<\/td>\n<td class=\"spec-value\">Sram Rival eTap AXS 12V<\/td>\n<\/tr>\n<tr>\n<td class=\"spec-name\">collection<\/td>\n<td class=\"spec-value\">Restst\u00fccke<\/td>\n<\/tr>\n<\/tbody>\n<\/table>\n<\/div>","protected":false},"featured_media":60809,"comment_status":"open","ping_status":"closed","template":"","meta":[],"product_brand":[],"product_cat":[129],"product_tag":[],"class_list":{"0":"post-12732","1":"product","2":"type-product","3":"status-publish","4":"has-post-thumbnail","6":"product_cat-rennrad","7":"pa_marke-bmc","9":"first","10":"instock","11":"sale","12":"taxable","13":"shipping-taxable","14":"purchasable","15":"product-type-variable"},"yoast_head":"<!-- This site is optimized with the Yoast SEO Premium plugin v20.12 (Yoast SEO v27.1.1) - https:\/\/yoast.com\/product\/yoast-seo-premium-wordpress\/ -->\n<title>BMC ROADMACHINE AMP TWO ELEKTRO-RENNRAD SRAM RIVAL ETAP 2023<\/title>\n<meta name=\"description\" content=\"Entdecken Sie unseren Online-Fahrradladen: Gro\u00dfe Auswahl an Modellen f\u00fcr alle Radsportbegeisterten. Von Rennr\u00e4dern bis zu Mountainbikes - finden Sie heute Ihren perfekten Wegbegleiter!\" \/>\n<meta name=\"robots\" content=\"index, follow, max-snippet:-1, max-image-preview:large, max-video-preview:-1\" \/>\n<link rel=\"canonical\" href=\"https:\/\/kgerad.de\/en\/product\/bmc-roadmachine-amp-two-elektro-rennrad-sram-rival-etap-2023\/\" \/>\n<meta property=\"og:locale\" content=\"en_US\" \/>\n<meta property=\"og:type\" content=\"article\" \/>\n<meta property=\"og:title\" content=\"BMC ROADMACHINE AMP TWO ELEKTRO-RENNRAD SRAM RIVAL ETAP 2023\" \/>\n<meta property=\"og:description\" content=\"Entdecken Sie unseren Online-Fahrradladen: Gro\u00dfe Auswahl an Modellen f\u00fcr alle Radsportbegeisterten. Von Rennr\u00e4dern bis zu Mountainbikes - finden Sie heute Ihren perfekten Wegbegleiter!\" \/>\n<meta property=\"og:url\" content=\"https:\/\/kgerad.de\/en\/product\/bmc-roadmachine-amp-two-elektro-rennrad-sram-rival-etap-2023\/\" \/>\n<meta property=\"og:site_name\" content=\"kgerad.de\" \/>\n<meta property=\"article:modified_time\" content=\"2023-08-10T16:11:19+00:00\" \/>\n<meta property=\"og:image\" content=\"https:\/\/kgerad.de\/wp-content\/uploads\/2023\/06\/BMC-ROADMACHINE-AMP-TWO-ELEKTRO-RENNRAD-SRAM-RIVAL-ETAP-AXS-12S-350-WH-700-MM-LIMONENGELB-2023.jpg\" \/>\n\t<meta property=\"og:image:width\" content=\"600\" \/>\n\t<meta property=\"og:image:height\" content=\"408\" \/>\n\t<meta property=\"og:image:type\" content=\"image\/jpeg\" \/>\n<meta name=\"twitter:card\" content=\"summary_large_image\" \/>\n<meta name=\"twitter:label1\" content=\"Est. reading time\" \/>\n\t<meta name=\"twitter:data1\" content=\"3 minutes\" \/>\n<script type=\"application\/ld+json\" class=\"yoast-schema-graph\">{\"@context\":\"https:\/\/schema.org\",\"@graph\":[{\"@type\":\"WebPage\",\"@id\":\"https:\/\/kgerad.de\/produkt\/bmc-roadmachine-amp-two-elektro-rennrad-sram-rival-etap-2023\/\",\"url\":\"https:\/\/kgerad.de\/produkt\/bmc-roadmachine-amp-two-elektro-rennrad-sram-rival-etap-2023\/\",\"name\":\"BMC ROADMACHINE AMP TWO ELEKTRO-RENNRAD SRAM RIVAL ETAP 2023\",\"isPartOf\":{\"@id\":\"https:\/\/kgerad.de\/#website\"},\"primaryImageOfPage\":{\"@id\":\"https:\/\/kgerad.de\/produkt\/bmc-roadmachine-amp-two-elektro-rennrad-sram-rival-etap-2023\/#primaryimage\"},\"image\":{\"@id\":\"https:\/\/kgerad.de\/produkt\/bmc-roadmachine-amp-two-elektro-rennrad-sram-rival-etap-2023\/#primaryimage\"},\"thumbnailUrl\":\"https:\/\/kgerad.de\/wp-content\/uploads\/2023\/06\/BMC-ROADMACHINE-AMP-TWO-ELEKTRO-RENNRAD-SRAM-RIVAL-ETAP-AXS-12S-350-WH-700-MM-LIMONENGELB-2023.jpg\",\"datePublished\":\"2022-08-05T16:04:02+00:00\",\"dateModified\":\"2023-08-10T16:11:19+00:00\",\"description\":\"Entdecken Sie unseren Online-Fahrradladen: Gro\u00dfe Auswahl an Modellen f\u00fcr alle Radsportbegeisterten. Von Rennr\u00e4dern bis zu Mountainbikes - finden Sie heute Ihren perfekten Wegbegleiter!\",\"breadcrumb\":{\"@id\":\"https:\/\/kgerad.de\/produkt\/bmc-roadmachine-amp-two-elektro-rennrad-sram-rival-etap-2023\/#breadcrumb\"},\"inLanguage\":\"en-US\",\"potentialAction\":[{\"@type\":\"ReadAction\",\"target\":[\"https:\/\/kgerad.de\/produkt\/bmc-roadmachine-amp-two-elektro-rennrad-sram-rival-etap-2023\/\"]}]},{\"@type\":\"ImageObject\",\"inLanguage\":\"en-US\",\"@id\":\"https:\/\/kgerad.de\/produkt\/bmc-roadmachine-amp-two-elektro-rennrad-sram-rival-etap-2023\/#primaryimage\",\"url\":\"https:\/\/kgerad.de\/wp-content\/uploads\/2023\/06\/BMC-ROADMACHINE-AMP-TWO-ELEKTRO-RENNRAD-SRAM-RIVAL-ETAP-AXS-12S-350-WH-700-MM-LIMONENGELB-2023.jpg\",\"contentUrl\":\"https:\/\/kgerad.de\/wp-content\/uploads\/2023\/06\/BMC-ROADMACHINE-AMP-TWO-ELEKTRO-RENNRAD-SRAM-RIVAL-ETAP-AXS-12S-350-WH-700-MM-LIMONENGELB-2023.jpg\",\"width\":600,\"height\":408,\"caption\":\"BMC ROADMACHINE AMP TWO ELEKTRO-RENNRAD SRAM RIVAL ETAP AXS 12S 350 WH 700 MM LIMONENGELB 2023\"},{\"@type\":\"BreadcrumbList\",\"@id\":\"https:\/\/kgerad.de\/produkt\/bmc-roadmachine-amp-two-elektro-rennrad-sram-rival-etap-2023\/#breadcrumb\",\"itemListElement\":[{\"@type\":\"ListItem\",\"position\":1,\"name\":\"Startseite\",\"item\":\"https:\/\/kgerad.de\/\"},{\"@type\":\"ListItem\",\"position\":2,\"name\":\"LADEN\",\"item\":\"https:\/\/kgerad.de\/laden\/\"},{\"@type\":\"ListItem\",\"position\":3,\"name\":\"BMC ROADMACHINE AMP TWO ELEKTRO-RENNRAD SRAM RIVAL ETAP 2023\"}]},{\"@type\":\"WebSite\",\"@id\":\"https:\/\/kgerad.de\/#website\",\"url\":\"https:\/\/kgerad.de\/\",\"name\":\"kgerad.de\",\"description\":\"Treten Sie mit uns ins Abenteuer!\",\"publisher\":{\"@id\":\"https:\/\/kgerad.de\/#organization\"},\"alternateName\":\"MEIN RADLADEN\",\"potentialAction\":[{\"@type\":\"SearchAction\",\"target\":{\"@type\":\"EntryPoint\",\"urlTemplate\":\"https:\/\/kgerad.de\/?s={search_term_string}\"},\"query-input\":{\"@type\":\"PropertyValueSpecification\",\"valueRequired\":true,\"valueName\":\"search_term_string\"}}],\"inLanguage\":\"en-US\"},{\"@type\":\"Organization\",\"@id\":\"https:\/\/kgerad.de\/#organization\",\"name\":\"MEINRADLADEN\",\"alternateName\":\"MEIN RADLADEN\",\"url\":\"https:\/\/kgerad.de\/\",\"logo\":{\"@type\":\"ImageObject\",\"inLanguage\":\"en-US\",\"@id\":\"https:\/\/kgerad.de\/#\/schema\/logo\/image\/\",\"url\":\"https:\/\/kgerad.de\/wp-content\/uploads\/2025\/07\/logo-Whit.svg\",\"contentUrl\":\"https:\/\/kgerad.de\/wp-content\/uploads\/2025\/07\/logo-Whit.svg\",\"width\":1640,\"height\":371,\"caption\":\"MEINRADLADEN\"},\"image\":{\"@id\":\"https:\/\/kgerad.de\/#\/schema\/logo\/image\/\"}}]}<\/script>\n<!-- \/ Yoast SEO Premium plugin. -->","yoast_head_json":{"title":"BMC ROADMACHINE AMP TWO ELEKTRO-RENNRAD SRAM RIVAL ETAP 2023","description":"Entdecken Sie unseren Online-Fahrradladen: Gro\u00dfe Auswahl an Modellen f\u00fcr alle Radsportbegeisterten. Von Rennr\u00e4dern bis zu Mountainbikes - finden Sie heute Ihren perfekten Wegbegleiter!","robots":{"index":"index","follow":"follow","max-snippet":"max-snippet:-1","max-image-preview":"max-image-preview:large","max-video-preview":"max-video-preview:-1"},"canonical":"https:\/\/kgerad.de\/en\/product\/bmc-roadmachine-amp-two-elektro-rennrad-sram-rival-etap-2023\/","og_locale":"en_US","og_type":"article","og_title":"BMC ROADMACHINE AMP TWO ELEKTRO-RENNRAD SRAM RIVAL ETAP 2023","og_description":"Entdecken Sie unseren Online-Fahrradladen: Gro\u00dfe Auswahl an Modellen f\u00fcr alle Radsportbegeisterten. Von Rennr\u00e4dern bis zu Mountainbikes - finden Sie heute Ihren perfekten Wegbegleiter!","og_url":"https:\/\/kgerad.de\/en\/product\/bmc-roadmachine-amp-two-elektro-rennrad-sram-rival-etap-2023\/","og_site_name":"kgerad.de","article_modified_time":"2023-08-10T16:11:19+00:00","og_image":[{"width":600,"height":408,"url":"https:\/\/kgerad.de\/wp-content\/uploads\/2023\/06\/BMC-ROADMACHINE-AMP-TWO-ELEKTRO-RENNRAD-SRAM-RIVAL-ETAP-AXS-12S-350-WH-700-MM-LIMONENGELB-2023.jpg","type":"image\/jpeg"}],"twitter_card":"summary_large_image","twitter_misc":{"Est. reading time":"3 minutes"},"schema":{"@context":"https:\/\/schema.org","@graph":[{"@type":"WebPage","@id":"https:\/\/kgerad.de\/produkt\/bmc-roadmachine-amp-two-elektro-rennrad-sram-rival-etap-2023\/","url":"https:\/\/kgerad.de\/produkt\/bmc-roadmachine-amp-two-elektro-rennrad-sram-rival-etap-2023\/","name":"BMC ROADMACHINE AMP TWO ELEKTRO-RENNRAD SRAM RIVAL ETAP 2023","isPartOf":{"@id":"https:\/\/kgerad.de\/#website"},"primaryImageOfPage":{"@id":"https:\/\/kgerad.de\/produkt\/bmc-roadmachine-amp-two-elektro-rennrad-sram-rival-etap-2023\/#primaryimage"},"image":{"@id":"https:\/\/kgerad.de\/produkt\/bmc-roadmachine-amp-two-elektro-rennrad-sram-rival-etap-2023\/#primaryimage"},"thumbnailUrl":"https:\/\/kgerad.de\/wp-content\/uploads\/2023\/06\/BMC-ROADMACHINE-AMP-TWO-ELEKTRO-RENNRAD-SRAM-RIVAL-ETAP-AXS-12S-350-WH-700-MM-LIMONENGELB-2023.jpg","datePublished":"2022-08-05T16:04:02+00:00","dateModified":"2023-08-10T16:11:19+00:00","description":"Entdecken Sie unseren Online-Fahrradladen: Gro\u00dfe Auswahl an Modellen f\u00fcr alle Radsportbegeisterten. Von Rennr\u00e4dern bis zu Mountainbikes - finden Sie heute Ihren perfekten Wegbegleiter!","breadcrumb":{"@id":"https:\/\/kgerad.de\/produkt\/bmc-roadmachine-amp-two-elektro-rennrad-sram-rival-etap-2023\/#breadcrumb"},"inLanguage":"en-US","potentialAction":[{"@type":"ReadAction","target":["https:\/\/kgerad.de\/produkt\/bmc-roadmachine-amp-two-elektro-rennrad-sram-rival-etap-2023\/"]}]},{"@type":"ImageObject","inLanguage":"en-US","@id":"https:\/\/kgerad.de\/produkt\/bmc-roadmachine-amp-two-elektro-rennrad-sram-rival-etap-2023\/#primaryimage","url":"https:\/\/kgerad.de\/wp-content\/uploads\/2023\/06\/BMC-ROADMACHINE-AMP-TWO-ELEKTRO-RENNRAD-SRAM-RIVAL-ETAP-AXS-12S-350-WH-700-MM-LIMONENGELB-2023.jpg","contentUrl":"https:\/\/kgerad.de\/wp-content\/uploads\/2023\/06\/BMC-ROADMACHINE-AMP-TWO-ELEKTRO-RENNRAD-SRAM-RIVAL-ETAP-AXS-12S-350-WH-700-MM-LIMONENGELB-2023.jpg","width":600,"height":408,"caption":"BMC ROADMACHINE AMP TWO ELEKTRO-RENNRAD SRAM RIVAL ETAP AXS 12S 350 WH 700 MM LIMONENGELB 2023"},{"@type":"BreadcrumbList","@id":"https:\/\/kgerad.de\/produkt\/bmc-roadmachine-amp-two-elektro-rennrad-sram-rival-etap-2023\/#breadcrumb","itemListElement":[{"@type":"ListItem","position":1,"name":"Startseite","item":"https:\/\/kgerad.de\/"},{"@type":"ListItem","position":2,"name":"LADEN","item":"https:\/\/kgerad.de\/laden\/"},{"@type":"ListItem","position":3,"name":"BMC ROADMACHINE AMP TWO ELEKTRO-RENNRAD SRAM RIVAL ETAP 2023"}]},{"@type":"WebSite","@id":"https:\/\/kgerad.de\/#website","url":"https:\/\/kgerad.de\/","name":"kgerad.de","description":"Treten Sie mit uns ins Abenteuer!","publisher":{"@id":"https:\/\/kgerad.de\/#organization"},"alternateName":"MEIN RADLADEN","potentialAction":[{"@type":"SearchAction","target":{"@type":"EntryPoint","urlTemplate":"https:\/\/kgerad.de\/?s={search_term_string}"},"query-input":{"@type":"PropertyValueSpecification","valueRequired":true,"valueName":"search_term_string"}}],"inLanguage":"en-US"},{"@type":"Organization","@id":"https:\/\/kgerad.de\/#organization","name":"MEINRADLADEN","alternateName":"MEIN RADLADEN","url":"https:\/\/kgerad.de\/","logo":{"@type":"ImageObject","inLanguage":"en-US","@id":"https:\/\/kgerad.de\/#\/schema\/logo\/image\/","url":"https:\/\/kgerad.de\/wp-content\/uploads\/2025\/07\/logo-Whit.svg","contentUrl":"https:\/\/kgerad.de\/wp-content\/uploads\/2025\/07\/logo-Whit.svg","width":1640,"height":371,"caption":"MEINRADLADEN"},"image":{"@id":"https:\/\/kgerad.de\/#\/schema\/logo\/image\/"}}]}},"_links":{"self":[{"href":"https:\/\/kgerad.de\/en\/wp-json\/wp\/v2\/product\/12732","targetHints":{"allow":["GET"]}}],"collection":[{"href":"https:\/\/kgerad.de\/en\/wp-json\/wp\/v2\/product"}],"about":[{"href":"https:\/\/kgerad.de\/en\/wp-json\/wp\/v2\/types\/product"}],"replies":[{"embeddable":true,"href":"https:\/\/kgerad.de\/en\/wp-json\/wp\/v2\/comments?post=12732"}],"version-history":[{"count":1,"href":"https:\/\/kgerad.de\/en\/wp-json\/wp\/v2\/product\/12732\/revisions"}],"predecessor-version":[{"id":78518,"href":"https:\/\/kgerad.de\/en\/wp-json\/wp\/v2\/product\/12732\/revisions\/78518"}],"wp:featuredmedia":[{"embeddable":true,"href":"https:\/\/kgerad.de\/en\/wp-json\/wp\/v2\/media\/60809"}],"wp:attachment":[{"href":"https:\/\/kgerad.de\/en\/wp-json\/wp\/v2\/media?parent=12732"}],"wp:term":[{"taxonomy":"product_brand","embeddable":true,"href":"https:\/\/kgerad.de\/en\/wp-json\/wp\/v2\/product_brand?post=12732"},{"taxonomy":"product_cat","embeddable":true,"href":"https:\/\/kgerad.de\/en\/wp-json\/wp\/v2\/product_cat?post=12732"},{"taxonomy":"product_tag","embeddable":true,"href":"https:\/\/kgerad.de\/en\/wp-json\/wp\/v2\/product_tag?post=12732"}],"curies":[{"name":"wp","href":"https:\/\/api.w.org\/{rel}","templated":true}]}}