{"id":12575,"date":"2022-08-05T13:59:55","date_gmt":"2022-08-05T11:59:55","guid":{"rendered":"https:\/\/kgerad.de\/?post_type=product&#038;p=12575"},"modified":"2023-08-10T18:27:54","modified_gmt":"2023-08-10T16:27:54","slug":"bmc-roadmachine-one-sram-force-etap-axs-12s-700-mm-rot-bernstein-2021","status":"publish","type":"product","link":"https:\/\/kgerad.de\/en\/product\/bmc-roadmachine-one-sram-force-etap-axs-12s-700-mm-rot-bernstein-2021\/","title":{"rendered":"BMC ROADMACHINE ONE SRAM FORCE ETAP AXS 12S 700 MM ROT BERNSTEIN 2021"},"content":{"rendered":"<div id=\"product-header-order-name\" class=\"col-lg-20 col-md-20 col-sm-20 col-xs-20\">\n<h2 class=\"heading-title-text\">RENNRAD BMC ROADMACHINE ONE SRAM FORCE ETAP AXS 12S 700 MM ROT BERNSTEIN 2021<\/h2>\n<\/div>\n<div id=\"product-header-order-form\" class=\"js-reload-on-event col-lg-20 col-md-20 col-sm-20 col-xs-20\" data-to-watch=\"body\" data-event=\"alltricks:cartChanged\" data-url=\"\/ajax\/product\/ajouter\/F-41505-velos-route-_-cyclocross-_-triathlon\/P-1646512-rennrad_bmc_roadmachine_one_sram_force_etap_axs_12s_700_mm_rot_bernstein_2021\">\n<div class=\"col col-sm-12 col-md-12 col-lg-12\">\n<p>Die One-Bike-Kollektion, neu erfunden. Die neue Roadmachine als ?One-Bike-Kollektion? zu bezeichnen, ist ein k\u00fchner Anspruch. Nachdem Sie das Fahrrad komplett neu gestaltet haben, um Compliance, Steifigkeit, Geschwindigkeit und Passform zu maximieren, werden Sie sehen, warum wir stolz darauf stehen. Zum ersten Mal in der Roadmachine-Linie eingesetzt, haben wir dieselbe ACE-Rahmenkonstruktionstechnologie (Accelerated Composites Evolution) implementiert, die auch die mit ProTour ausgezeichnete Teammachine SLR lieferte. Um die bisher komfortabelste, leichteste und schnellste Roadmachine zu entwickeln, wurden die Formen und Aufbauten des Carbonrahmens und des Gabelrohrs so abgestimmt, dass der Komfort optimiert und gleichzeitig die Gesamtsteifigkeit des Fahrrads f\u00fcr schnelles Beschleunigen und pr\u00e4zises Handling erh\u00f6ht wird. Dar\u00fcber hinaus erh\u00f6ht der brandneue, ACE-optimierte Rahmen die bekannte Stra\u00dfengl\u00e4ttungs-Compliance der Roadmachine um erstaunliche 25 Prozent, um Ausdauerfahrern ein Fahrrad zu bieten, das sowohl fehlerverzeihend als auch schnell ist.<\/p>\n<\/div>\n<div class=\"prodsheet_bullets col col-sm-8 col-md-8 col-lg-8\">\n<h4>HAUPTEIGENSCHAFTEN:<\/h4>\n<ul>\n<li>Der leistungsstarke Allrounder der BMC Road Collection.<\/li>\n<li>TCC Endurance-Technologie: Nehmen Sie die Kante von den rauesten Stra\u00dfen, um st\u00e4rker zu schieben und weiter zu fahren.<\/li>\n<li>Sram Force eTap AXS 2&#215;12-Gang-Antrieb.<\/li>\n<li>Hydraulische Scheibenbremsen Sram Force eTap AXS HRD, 160\/140 mm.<\/li>\n<\/ul>\n<\/div>\n<div class=\"prodsheet_specs1 col col-sm-12 col-md-12 col-lg-12\">\n<h4>EIGENSCHAFTEN:<\/h4>\n<table class=\"table table-striped\">\n<tbody>\n<tr>\n<td>Rahmen<\/td>\n<td>Carbon: Roadmachine Premium Carbon mit abgestimmtem Beschwerdekonzept Ausdauer, ICS-Technologie, Stealth-Kabelf\u00fchrung, TCC-Ausdauer-Konformit\u00e4tsstufe, interne Kabelf\u00fchrung, PF86-Innenlager, 12&#215;142 mm Steckachse<\/td>\n<\/tr>\n<tr>\n<td>Gabel<\/td>\n<td>Carbon: Roadmachine 01 Premium Carbon mit abgestimmtem Beschwerdekonzept Ausdauer, ICS-Technologie, TCC-Ausdauer-Konformit\u00e4tsstufe, Interne Kabelf\u00fchrung, 12&#215;100 mm Steckachse, 50 mm Versatz (Gr\u00f6\u00dfe 47-51), 45 mm Versatz (Gr\u00f6\u00dfe 54-61)<\/td>\n<\/tr>\n<tr>\n<td>Schalthebel<\/td>\n<td>Sram Force eTap AXS HRD, 2&#215;12-Gang<\/td>\n<\/tr>\n<tr>\n<td>Umwerfer<\/td>\n<td>Sram Force eTap AXS<\/td>\n<\/tr>\n<tr>\n<td>Schaltwerk<\/td>\n<td>Sram Force eTap AXS, 12-Gang<\/td>\n<\/tr>\n<tr>\n<td>Kassette<\/td>\n<td>Sram Force XG-1270, 10-36T, 12-Gang<\/td>\n<\/tr>\n<tr>\n<td>Kette<\/td>\n<td>Sram Force<\/td>\n<\/tr>\n<tr>\n<td>Kurbelgarnitur<\/td>\n<td>Sram Force AXS, 46 \/ 33T<\/td>\n<\/tr>\n<tr>\n<td>Tretlager<\/td>\n<td>PF86<\/td>\n<\/tr>\n<tr>\n<td>Bremsen<\/td>\n<td>Sram Force eTap AXS HRD, Hydr. Scheibenbremse, Mittellinien-XR-Rotoren (160\/160)<\/td>\n<\/tr>\n<tr>\n<td>Radsatz<\/td>\n<td>Felgen: DT Swiss E 1800 SPLINE db 32 \/ Naben: DT Swiss E 1800 SPLINE db 32<\/td>\n<\/tr>\n<tr>\n<td>Reifen<\/td>\n<td>Vittoria Rubino, 700 x 28 mm<\/td>\n<\/tr>\n<tr>\n<td>Lenker<\/td>\n<td>BMC RAB 02, ergo Topform, kompakte Biegung, 70 mm Reichweite, 125 mm Gef\u00e4lle<\/td>\n<\/tr>\n<tr>\n<td>St\u00e4nder<\/td>\n<td>BMC ICS 01, Integriertes Cockpit-Design, mit Computer- und Kamerahalterung, -12,5 \u00b0<\/td>\n<\/tr>\n<tr>\n<td>Sattel<\/td>\n<td>Fizik Taiga<\/td>\n<\/tr>\n<tr>\n<td>Sattelst\u00fctze<\/td>\n<td>01 Premium Carbon D-f\u00f6rmige Sattelst\u00fctze, 15 mm Versatz<\/td>\n<\/tr>\n<tr>\n<td>Gewicht<\/td>\n<td>8,30 kg<\/td>\n<\/tr>\n<tr>\n<td>Farbe<\/td>\n<td>Red Amber &amp; Silver<\/td>\n<\/tr>\n<\/tbody>\n<\/table>\n<\/div>\n<div class=\"prodsheet_specs2 col col-sm-8 col-md-8 col-lg-8\">\n<h4>GEOMETRIEN:<\/h4>\n<p><img decoding=\"async\" src=\"http:\/\/media1.alltricks.fr\/ckfinder\/images\/cube_route_geo_en.jpg\" \/><\/p>\n<table class=\"table table-striped\">\n<tbody>\n<tr>\n<td>Rahmengr\u00f6\u00dfe (cm)<\/td>\n<td>47<\/td>\n<td>51<\/td>\n<td>54<\/td>\n<td>56<\/td>\n<td>58<\/td>\n<td>61<\/td>\n<\/tr>\n<tr>\n<td>Sitzrohr (mm)<\/td>\n<td>420<\/td>\n<td>457<\/td>\n<td>500<\/td>\n<td>522<\/td>\n<td>539<\/td>\n<td>573<\/td>\n<\/tr>\n<tr>\n<td>Oberrohr (mm)<\/td>\n<td>522<\/td>\n<td>532<\/td>\n<td>546<\/td>\n<td>556<\/td>\n<td>568<\/td>\n<td>583<\/td>\n<\/tr>\n<tr>\n<td>Kettenstreben (mm)<\/td>\n<td>410<\/td>\n<td>410<\/td>\n<td>410<\/td>\n<td>410<\/td>\n<td>410<\/td>\n<td>410<\/td>\n<\/tr>\n<tr>\n<td>Steuerrohrl\u00e4nge (mm)<\/td>\n<td>112<\/td>\n<td>139<\/td>\n<td>156<\/td>\n<td>181<\/td>\n<td>206<\/td>\n<td>242<\/td>\n<\/tr>\n<tr>\n<td>Steuerrohrwinkel (\u00b0)<\/td>\n<td>71.2<\/td>\n<td>71.2<\/td>\n<td>72<\/td>\n<td>72<\/td>\n<td>72<\/td>\n<td>72<\/td>\n<\/tr>\n<tr>\n<td>Sitzrohrwinkel (\u00b0)<\/td>\n<td>74.2<\/td>\n<td>74.2<\/td>\n<td>74.2<\/td>\n<td>74.2<\/td>\n<td>74.2<\/td>\n<td>74.2<\/td>\n<\/tr>\n<tr>\n<td>Radstand (mm)<\/td>\n<td>982<\/td>\n<td>999<\/td>\n<td>997<\/td>\n<td>1008<\/td>\n<td>1020<\/td>\n<td>1035<\/td>\n<\/tr>\n<tr>\n<td>Stapel (mm)<\/td>\n<td>516<\/td>\n<td>541<\/td>\n<td>562<\/td>\n<td>586<\/td>\n<td>610<\/td>\n<td>644<\/td>\n<\/tr>\n<tr>\n<td>Reichweite (mm)<\/td>\n<td>374<\/td>\n<td>382<\/td>\n<td>386<\/td>\n<td>390<\/td>\n<td>394<\/td>\n<td>398<\/td>\n<\/tr>\n<tr>\n<td>Schaftl\u00e4nge (mm)<\/td>\n<td>90<\/td>\n<td>90<\/td>\n<td>100<\/td>\n<td>110<\/td>\n<td>110<\/td>\n<td>120<\/td>\n<\/tr>\n<tr>\n<td>Lenkerbreite (mm)<\/td>\n<td>400<\/td>\n<td>420<\/td>\n<td>420<\/td>\n<td>420<\/td>\n<td>420<\/td>\n<td>440<\/td>\n<\/tr>\n<tr>\n<td>Gabelschwader (mm)<\/td>\n<td>50<\/td>\n<td>50<\/td>\n<td>45<\/td>\n<td>45<\/td>\n<td>45<\/td>\n<td>45<\/td>\n<\/tr>\n<tr>\n<td>Kurbell\u00e4nge (mm)<\/td>\n<td>170<\/td>\n<td>170<\/td>\n<td>172,5<\/td>\n<td>172,5<\/td>\n<td>175<\/td>\n<td>175<\/td>\n<\/tr>\n<\/tbody>\n<\/table>\n<\/div>\n<\/div>","protected":false},"excerpt":{"rendered":"<p>RENNRAD BMC ROADMACHINE ONE SRAM FORCE ETAP AXS 12S 700 MM ROT BERNSTEIN 2021 Die One-Bike-Kollektion, neu erfunden. Die neue<\/p>","protected":false},"featured_media":60792,"comment_status":"open","ping_status":"closed","template":"","meta":[],"product_brand":[],"product_cat":[129],"product_tag":[],"class_list":{"0":"post-12575","1":"product","2":"type-product","3":"status-publish","4":"has-post-thumbnail","6":"product_cat-rennrad","7":"pa_marke-bmc","9":"first","10":"instock","11":"sale","12":"taxable","13":"shipping-taxable","14":"purchasable","15":"product-type-variable"},"yoast_head":"<!-- This site is optimized with the Yoast SEO Premium plugin v20.12 (Yoast SEO v27.1.1) - https:\/\/yoast.com\/product\/yoast-seo-premium-wordpress\/ -->\n<title>BMC ROADMACHINE ONE SRAM FORCE ETAP AXS 12S 700 MM ROT BERNSTEIN 2021<\/title>\n<meta name=\"description\" content=\"Entdecken Sie unseren Online-Fahrradladen: Gro\u00dfe Auswahl an Modellen f\u00fcr alle Radsportbegeisterten. Von Rennr\u00e4dern bis zu Mountainbikes - finden Sie heute Ihren perfekten Wegbegleiter!\" \/>\n<meta name=\"robots\" content=\"index, follow, max-snippet:-1, max-image-preview:large, max-video-preview:-1\" \/>\n<link rel=\"canonical\" href=\"https:\/\/kgerad.de\/en\/product\/bmc-roadmachine-one-sram-force-etap-axs-12s-700-mm-rot-bernstein-2021\/\" \/>\n<meta property=\"og:locale\" content=\"en_US\" \/>\n<meta property=\"og:type\" content=\"article\" \/>\n<meta property=\"og:title\" content=\"BMC ROADMACHINE ONE SRAM FORCE ETAP AXS 12S 700 MM ROT BERNSTEIN 2021\" \/>\n<meta property=\"og:description\" content=\"Entdecken Sie unseren Online-Fahrradladen: Gro\u00dfe Auswahl an Modellen f\u00fcr alle Radsportbegeisterten. Von Rennr\u00e4dern bis zu Mountainbikes - finden Sie heute Ihren perfekten Wegbegleiter!\" \/>\n<meta property=\"og:url\" content=\"https:\/\/kgerad.de\/en\/product\/bmc-roadmachine-one-sram-force-etap-axs-12s-700-mm-rot-bernstein-2021\/\" \/>\n<meta property=\"og:site_name\" content=\"kgerad.de\" \/>\n<meta property=\"article:modified_time\" content=\"2023-08-10T16:27:54+00:00\" \/>\n<meta property=\"og:image\" content=\"https:\/\/kgerad.de\/wp-content\/uploads\/2023\/06\/RENNRAD-BMC-ROADMACHINE-ONE-SRAM-FORCE-ETAP-AXS-12S-700-MM-ROT-BERNSTEIN-2021.jpg\" \/>\n\t<meta property=\"og:image:width\" content=\"600\" \/>\n\t<meta property=\"og:image:height\" content=\"408\" \/>\n\t<meta property=\"og:image:type\" content=\"image\/jpeg\" \/>\n<meta name=\"twitter:card\" content=\"summary_large_image\" \/>\n<meta name=\"twitter:label1\" content=\"Est. reading time\" \/>\n\t<meta name=\"twitter:data1\" content=\"3 minutes\" \/>\n<script type=\"application\/ld+json\" class=\"yoast-schema-graph\">{\"@context\":\"https:\/\/schema.org\",\"@graph\":[{\"@type\":\"WebPage\",\"@id\":\"https:\/\/kgerad.de\/produkt\/bmc-roadmachine-one-sram-force-etap-axs-12s-700-mm-rot-bernstein-2021\/\",\"url\":\"https:\/\/kgerad.de\/produkt\/bmc-roadmachine-one-sram-force-etap-axs-12s-700-mm-rot-bernstein-2021\/\",\"name\":\"BMC ROADMACHINE ONE SRAM FORCE ETAP AXS 12S 700 MM ROT BERNSTEIN 2021\",\"isPartOf\":{\"@id\":\"https:\/\/kgerad.de\/#website\"},\"primaryImageOfPage\":{\"@id\":\"https:\/\/kgerad.de\/produkt\/bmc-roadmachine-one-sram-force-etap-axs-12s-700-mm-rot-bernstein-2021\/#primaryimage\"},\"image\":{\"@id\":\"https:\/\/kgerad.de\/produkt\/bmc-roadmachine-one-sram-force-etap-axs-12s-700-mm-rot-bernstein-2021\/#primaryimage\"},\"thumbnailUrl\":\"https:\/\/kgerad.de\/wp-content\/uploads\/2023\/06\/RENNRAD-BMC-ROADMACHINE-ONE-SRAM-FORCE-ETAP-AXS-12S-700-MM-ROT-BERNSTEIN-2021.jpg\",\"datePublished\":\"2022-08-05T11:59:55+00:00\",\"dateModified\":\"2023-08-10T16:27:54+00:00\",\"description\":\"Entdecken Sie unseren Online-Fahrradladen: Gro\u00dfe Auswahl an Modellen f\u00fcr alle Radsportbegeisterten. Von Rennr\u00e4dern bis zu Mountainbikes - finden Sie heute Ihren perfekten Wegbegleiter!\",\"breadcrumb\":{\"@id\":\"https:\/\/kgerad.de\/produkt\/bmc-roadmachine-one-sram-force-etap-axs-12s-700-mm-rot-bernstein-2021\/#breadcrumb\"},\"inLanguage\":\"en-US\",\"potentialAction\":[{\"@type\":\"ReadAction\",\"target\":[\"https:\/\/kgerad.de\/produkt\/bmc-roadmachine-one-sram-force-etap-axs-12s-700-mm-rot-bernstein-2021\/\"]}]},{\"@type\":\"ImageObject\",\"inLanguage\":\"en-US\",\"@id\":\"https:\/\/kgerad.de\/produkt\/bmc-roadmachine-one-sram-force-etap-axs-12s-700-mm-rot-bernstein-2021\/#primaryimage\",\"url\":\"https:\/\/kgerad.de\/wp-content\/uploads\/2023\/06\/RENNRAD-BMC-ROADMACHINE-ONE-SRAM-FORCE-ETAP-AXS-12S-700-MM-ROT-BERNSTEIN-2021.jpg\",\"contentUrl\":\"https:\/\/kgerad.de\/wp-content\/uploads\/2023\/06\/RENNRAD-BMC-ROADMACHINE-ONE-SRAM-FORCE-ETAP-AXS-12S-700-MM-ROT-BERNSTEIN-2021.jpg\",\"width\":600,\"height\":408,\"caption\":\"RENNRAD BMC ROADMACHINE ONE SRAM FORCE ETAP AXS 12S 700 MM ROT BERNSTEIN 2021\"},{\"@type\":\"BreadcrumbList\",\"@id\":\"https:\/\/kgerad.de\/produkt\/bmc-roadmachine-one-sram-force-etap-axs-12s-700-mm-rot-bernstein-2021\/#breadcrumb\",\"itemListElement\":[{\"@type\":\"ListItem\",\"position\":1,\"name\":\"Startseite\",\"item\":\"https:\/\/kgerad.de\/\"},{\"@type\":\"ListItem\",\"position\":2,\"name\":\"LADEN\",\"item\":\"https:\/\/kgerad.de\/laden\/\"},{\"@type\":\"ListItem\",\"position\":3,\"name\":\"BMC ROADMACHINE ONE SRAM FORCE ETAP AXS 12S 700 MM ROT BERNSTEIN 2021\"}]},{\"@type\":\"WebSite\",\"@id\":\"https:\/\/kgerad.de\/#website\",\"url\":\"https:\/\/kgerad.de\/\",\"name\":\"kgerad.de\",\"description\":\"Treten Sie mit uns ins Abenteuer!\",\"publisher\":{\"@id\":\"https:\/\/kgerad.de\/#organization\"},\"alternateName\":\"MEIN RADLADEN\",\"potentialAction\":[{\"@type\":\"SearchAction\",\"target\":{\"@type\":\"EntryPoint\",\"urlTemplate\":\"https:\/\/kgerad.de\/?s={search_term_string}\"},\"query-input\":{\"@type\":\"PropertyValueSpecification\",\"valueRequired\":true,\"valueName\":\"search_term_string\"}}],\"inLanguage\":\"en-US\"},{\"@type\":\"Organization\",\"@id\":\"https:\/\/kgerad.de\/#organization\",\"name\":\"MEINRADLADEN\",\"alternateName\":\"MEIN RADLADEN\",\"url\":\"https:\/\/kgerad.de\/\",\"logo\":{\"@type\":\"ImageObject\",\"inLanguage\":\"en-US\",\"@id\":\"https:\/\/kgerad.de\/#\/schema\/logo\/image\/\",\"url\":\"https:\/\/kgerad.de\/wp-content\/uploads\/2025\/07\/logo-Whit.svg\",\"contentUrl\":\"https:\/\/kgerad.de\/wp-content\/uploads\/2025\/07\/logo-Whit.svg\",\"width\":1640,\"height\":371,\"caption\":\"MEINRADLADEN\"},\"image\":{\"@id\":\"https:\/\/kgerad.de\/#\/schema\/logo\/image\/\"}}]}<\/script>\n<!-- \/ Yoast SEO Premium plugin. -->","yoast_head_json":{"title":"BMC ROADMACHINE ONE SRAM FORCE ETAP AXS 12S 700 MM ROT BERNSTEIN 2021","description":"Entdecken Sie unseren Online-Fahrradladen: Gro\u00dfe Auswahl an Modellen f\u00fcr alle Radsportbegeisterten. Von Rennr\u00e4dern bis zu Mountainbikes - finden Sie heute Ihren perfekten Wegbegleiter!","robots":{"index":"index","follow":"follow","max-snippet":"max-snippet:-1","max-image-preview":"max-image-preview:large","max-video-preview":"max-video-preview:-1"},"canonical":"https:\/\/kgerad.de\/en\/product\/bmc-roadmachine-one-sram-force-etap-axs-12s-700-mm-rot-bernstein-2021\/","og_locale":"en_US","og_type":"article","og_title":"BMC ROADMACHINE ONE SRAM FORCE ETAP AXS 12S 700 MM ROT BERNSTEIN 2021","og_description":"Entdecken Sie unseren Online-Fahrradladen: Gro\u00dfe Auswahl an Modellen f\u00fcr alle Radsportbegeisterten. Von Rennr\u00e4dern bis zu Mountainbikes - finden Sie heute Ihren perfekten Wegbegleiter!","og_url":"https:\/\/kgerad.de\/en\/product\/bmc-roadmachine-one-sram-force-etap-axs-12s-700-mm-rot-bernstein-2021\/","og_site_name":"kgerad.de","article_modified_time":"2023-08-10T16:27:54+00:00","og_image":[{"width":600,"height":408,"url":"https:\/\/kgerad.de\/wp-content\/uploads\/2023\/06\/RENNRAD-BMC-ROADMACHINE-ONE-SRAM-FORCE-ETAP-AXS-12S-700-MM-ROT-BERNSTEIN-2021.jpg","type":"image\/jpeg"}],"twitter_card":"summary_large_image","twitter_misc":{"Est. reading time":"3 minutes"},"schema":{"@context":"https:\/\/schema.org","@graph":[{"@type":"WebPage","@id":"https:\/\/kgerad.de\/produkt\/bmc-roadmachine-one-sram-force-etap-axs-12s-700-mm-rot-bernstein-2021\/","url":"https:\/\/kgerad.de\/produkt\/bmc-roadmachine-one-sram-force-etap-axs-12s-700-mm-rot-bernstein-2021\/","name":"BMC ROADMACHINE ONE SRAM FORCE ETAP AXS 12S 700 MM ROT BERNSTEIN 2021","isPartOf":{"@id":"https:\/\/kgerad.de\/#website"},"primaryImageOfPage":{"@id":"https:\/\/kgerad.de\/produkt\/bmc-roadmachine-one-sram-force-etap-axs-12s-700-mm-rot-bernstein-2021\/#primaryimage"},"image":{"@id":"https:\/\/kgerad.de\/produkt\/bmc-roadmachine-one-sram-force-etap-axs-12s-700-mm-rot-bernstein-2021\/#primaryimage"},"thumbnailUrl":"https:\/\/kgerad.de\/wp-content\/uploads\/2023\/06\/RENNRAD-BMC-ROADMACHINE-ONE-SRAM-FORCE-ETAP-AXS-12S-700-MM-ROT-BERNSTEIN-2021.jpg","datePublished":"2022-08-05T11:59:55+00:00","dateModified":"2023-08-10T16:27:54+00:00","description":"Entdecken Sie unseren Online-Fahrradladen: Gro\u00dfe Auswahl an Modellen f\u00fcr alle Radsportbegeisterten. Von Rennr\u00e4dern bis zu Mountainbikes - finden Sie heute Ihren perfekten Wegbegleiter!","breadcrumb":{"@id":"https:\/\/kgerad.de\/produkt\/bmc-roadmachine-one-sram-force-etap-axs-12s-700-mm-rot-bernstein-2021\/#breadcrumb"},"inLanguage":"en-US","potentialAction":[{"@type":"ReadAction","target":["https:\/\/kgerad.de\/produkt\/bmc-roadmachine-one-sram-force-etap-axs-12s-700-mm-rot-bernstein-2021\/"]}]},{"@type":"ImageObject","inLanguage":"en-US","@id":"https:\/\/kgerad.de\/produkt\/bmc-roadmachine-one-sram-force-etap-axs-12s-700-mm-rot-bernstein-2021\/#primaryimage","url":"https:\/\/kgerad.de\/wp-content\/uploads\/2023\/06\/RENNRAD-BMC-ROADMACHINE-ONE-SRAM-FORCE-ETAP-AXS-12S-700-MM-ROT-BERNSTEIN-2021.jpg","contentUrl":"https:\/\/kgerad.de\/wp-content\/uploads\/2023\/06\/RENNRAD-BMC-ROADMACHINE-ONE-SRAM-FORCE-ETAP-AXS-12S-700-MM-ROT-BERNSTEIN-2021.jpg","width":600,"height":408,"caption":"RENNRAD BMC ROADMACHINE ONE SRAM FORCE ETAP AXS 12S 700 MM ROT BERNSTEIN 2021"},{"@type":"BreadcrumbList","@id":"https:\/\/kgerad.de\/produkt\/bmc-roadmachine-one-sram-force-etap-axs-12s-700-mm-rot-bernstein-2021\/#breadcrumb","itemListElement":[{"@type":"ListItem","position":1,"name":"Startseite","item":"https:\/\/kgerad.de\/"},{"@type":"ListItem","position":2,"name":"LADEN","item":"https:\/\/kgerad.de\/laden\/"},{"@type":"ListItem","position":3,"name":"BMC ROADMACHINE ONE SRAM FORCE ETAP AXS 12S 700 MM ROT BERNSTEIN 2021"}]},{"@type":"WebSite","@id":"https:\/\/kgerad.de\/#website","url":"https:\/\/kgerad.de\/","name":"kgerad.de","description":"Treten Sie mit uns ins Abenteuer!","publisher":{"@id":"https:\/\/kgerad.de\/#organization"},"alternateName":"MEIN RADLADEN","potentialAction":[{"@type":"SearchAction","target":{"@type":"EntryPoint","urlTemplate":"https:\/\/kgerad.de\/?s={search_term_string}"},"query-input":{"@type":"PropertyValueSpecification","valueRequired":true,"valueName":"search_term_string"}}],"inLanguage":"en-US"},{"@type":"Organization","@id":"https:\/\/kgerad.de\/#organization","name":"MEINRADLADEN","alternateName":"MEIN RADLADEN","url":"https:\/\/kgerad.de\/","logo":{"@type":"ImageObject","inLanguage":"en-US","@id":"https:\/\/kgerad.de\/#\/schema\/logo\/image\/","url":"https:\/\/kgerad.de\/wp-content\/uploads\/2025\/07\/logo-Whit.svg","contentUrl":"https:\/\/kgerad.de\/wp-content\/uploads\/2025\/07\/logo-Whit.svg","width":1640,"height":371,"caption":"MEINRADLADEN"},"image":{"@id":"https:\/\/kgerad.de\/#\/schema\/logo\/image\/"}}]}},"_links":{"self":[{"href":"https:\/\/kgerad.de\/en\/wp-json\/wp\/v2\/product\/12575","targetHints":{"allow":["GET"]}}],"collection":[{"href":"https:\/\/kgerad.de\/en\/wp-json\/wp\/v2\/product"}],"about":[{"href":"https:\/\/kgerad.de\/en\/wp-json\/wp\/v2\/types\/product"}],"replies":[{"embeddable":true,"href":"https:\/\/kgerad.de\/en\/wp-json\/wp\/v2\/comments?post=12575"}],"version-history":[{"count":1,"href":"https:\/\/kgerad.de\/en\/wp-json\/wp\/v2\/product\/12575\/revisions"}],"predecessor-version":[{"id":78554,"href":"https:\/\/kgerad.de\/en\/wp-json\/wp\/v2\/product\/12575\/revisions\/78554"}],"wp:featuredmedia":[{"embeddable":true,"href":"https:\/\/kgerad.de\/en\/wp-json\/wp\/v2\/media\/60792"}],"wp:attachment":[{"href":"https:\/\/kgerad.de\/en\/wp-json\/wp\/v2\/media?parent=12575"}],"wp:term":[{"taxonomy":"product_brand","embeddable":true,"href":"https:\/\/kgerad.de\/en\/wp-json\/wp\/v2\/product_brand?post=12575"},{"taxonomy":"product_cat","embeddable":true,"href":"https:\/\/kgerad.de\/en\/wp-json\/wp\/v2\/product_cat?post=12575"},{"taxonomy":"product_tag","embeddable":true,"href":"https:\/\/kgerad.de\/en\/wp-json\/wp\/v2\/product_tag?post=12575"}],"curies":[{"name":"wp","href":"https:\/\/api.w.org\/{rel}","templated":true}]}}