{"id":12560,"date":"2022-08-05T12:10:54","date_gmt":"2022-08-05T10:10:54","guid":{"rendered":"https:\/\/kgerad.de\/?post_type=product&#038;p=12560"},"modified":"2023-08-10T18:27:45","modified_gmt":"2023-08-10T16:27:45","slug":"bh-ultralight-evo-9-0-shimano-dura-ace-di2-grau-schwarz-2022","status":"publish","type":"product","link":"https:\/\/kgerad.de\/en\/product\/bh-ultralight-evo-9-0-shimano-dura-ace-di2-grau-schwarz-2022\/","title":{"rendered":"BH ULTRALIGHT EVO 9.0 SHIMANO DURA ACE DI2 GRAU \/ SCHWARZ 2022"},"content":{"rendered":"<div id=\"product-header-order-name\" class=\"col-lg-20 col-md-20 col-sm-20 col-xs-20\">\n<h2 class=\"heading-title-text\">RENNRAD BH ULTRALIGHT EVO 9.0 SHIMANO DURA ACE DI2 12 V 700 MM GRAU \/ SCHWARZ 2022<\/h2>\n<\/div>\n<div id=\"product-header-order-form\" class=\"js-reload-on-event col-lg-20 col-md-20 col-sm-20 col-xs-20\" data-to-watch=\"body\" data-event=\"alltricks:cartChanged\" data-url=\"\/ajax\/product\/ajouter\/F-41505-velos-route-_-cyclocross-_-triathlon\/P-2047363-rennrad_bh_ultralight_evo_9_0_shimano_dura_ace_di2_12_v_700_mm_grau___schwarz_2022\">\n<div class=\"col col-sm-12 col-md-12 col-lg-12\">\n<p>Das <strong>BH Ultralight Evo 9.0\u00a0<\/strong>Rennrad ist radikal sportlich, anspruchsvoll f\u00fcr den Fahrer, geboren f\u00fcr den Wettkampf und zum Klettern. Das Ultralight Disc Rennrad wurde auf maximale Leichtigkeit und Steifigkeit ausgelegt. Sein Monocoque-Carbonrahmen kombiniert Toray T800 Carbonfasern und Pitch Fiber Carbonfasern in den kritischsten Bereichen. Sein Sattelrohr mit gr\u00f6\u00dferem Durchmesser sorgt f\u00fcr eine h\u00f6here Steifigkeit.<\/p>\n<p>Explosiv bergauf. Sein ultraleichtes, minimalistisches und steifes Design sowie der kurze Achsabstand, sein kompaktes Horizontalrohr, die Gabel ohne Vorlauf und die Sattelst\u00fctze ohne R\u00fccklauf sorgen f\u00fcr sofortige Reaktionsf\u00e4higkeit und erm\u00f6glichen explosive Tempowechsel mit millimetergenauer Pr\u00e4zision.<\/p>\n<\/div>\n<div class=\"prodsheet_bullets col col-sm-8 col-md-8 col-lg-8\">\n<h4>DIE + PRODUKTE :<\/h4>\n<ul>\n<li>Rahmen und Gabel Ultralight Evo Disc aus Carbon<\/li>\n<li>SHimano Dura Ace Di2 2&#215;12-Gang-Schaltung<\/li>\n<li>Hydraulische Scheibenbremsen Shimano Dura Ace.<\/li>\n<\/ul>\n<\/div>\n<div class=\"prodsheet_specs1 col col-sm-12 col-md-12 col-lg-12\">\n<h4>DETAILS:<\/h4>\n<table class=\"table table-striped\">\n<tbody>\n<tr>\n<td>Rahmen<\/td>\n<td>Carbon: Ultralight Evo Disc ACR Carbon Monocoque<\/td>\n<\/tr>\n<tr>\n<td>Gabel<\/td>\n<td>Carbon: Ultralight Evo Disc, Integrated Tapered Full Carbon 1.5<\/td>\n<\/tr>\n<tr>\n<td>Schalthebel<\/td>\n<td>Shimano Dura Ace DI2 Hydra 2&#215;12 G\u00e4nge<\/td>\n<\/tr>\n<tr>\n<td>Umwerfer Vorne<\/td>\n<td>Shimano Dura Ace DI2 Hydra<\/td>\n<\/tr>\n<tr>\n<td>Hinterer Umwerfer<\/td>\n<td>Shimano Dura Ace DI2 Hydra 12-Gang<\/td>\n<\/tr>\n<tr>\n<td>Kassette<\/td>\n<td>Shimano Dura Ace 11\/34 Z\u00e4hne<\/td>\n<\/tr>\n<tr>\n<td>Kette<\/td>\n<td>Shimano Dura Ace 12v<\/td>\n<\/tr>\n<tr>\n<td>Tretlager<\/td>\n<td>Shimano Dura Ace 12v<\/td>\n<\/tr>\n<tr>\n<td>Bremsen<\/td>\n<td>Shimano Dura Ace Hydraulic<\/td>\n<\/tr>\n<tr>\n<td>Laufr\u00e4der<\/td>\n<td>EVO 38 Disc V3<\/td>\n<\/tr>\n<tr>\n<td>Reifen<\/td>\n<td>Hutchinson Fusion 5 700x 28<\/td>\n<\/tr>\n<tr>\n<td>Lenker<\/td>\n<td>FSA Metron 5D ACR<\/td>\n<\/tr>\n<tr>\n<td>Vorbau<\/td>\n<td>FSA Metron 5D ACR<\/td>\n<\/tr>\n<tr>\n<td>Steuersatz<\/td>\n<td>FSA ACR<\/td>\n<\/tr>\n<tr>\n<td>Sattelklemme<\/td>\n<td>BH Ultralight Integrated<\/td>\n<\/tr>\n<tr>\n<td>Sattel<\/td>\n<td>Prologo Dimension<\/td>\n<\/tr>\n<tr>\n<td>Sattelst\u00fctze<\/td>\n<td>BH EVO 27,2<\/td>\n<\/tr>\n<tr>\n<td>Gewicht<\/td>\n<td>7,2Kg<\/td>\n<\/tr>\n<tr>\n<td>Farben<\/td>\n<td>Grau \/ Schwarz<\/td>\n<\/tr>\n<\/tbody>\n<\/table>\n<\/div>\n<div class=\"prodsheet_specs2 col col-sm-8 col-md-8 col-lg-8\">\n<h4>GEOMETRIEN:<\/h4>\n<p><img decoding=\"async\" src=\"http:\/\/media1.alltricks.fr\/ckfinder\/images\/cube_route_geo_fr.jpg\" \/><\/p>\n<table class=\"table table-striped\">\n<tbody>\n<tr>\n<td>Rahmengr\u00f6\u00dfe<\/td>\n<td>XS<\/td>\n<td>S<\/td>\n<td>M<\/td>\n<td>L<\/td>\n<td>XL<\/td>\n<\/tr>\n<tr>\n<td>Sattelrohr (mm)<\/td>\n<td>470<\/td>\n<td>480<\/td>\n<td>505<\/td>\n<td>540<\/td>\n<td>552<\/td>\n<\/tr>\n<tr>\n<td>Oberes Rohr (mm)<\/td>\n<td>530<\/td>\n<td>543<\/td>\n<td>557<\/td>\n<td>570<\/td>\n<td>583.3<\/td>\n<\/tr>\n<tr>\n<td>L\u00e4nge der Basis (mm)<\/td>\n<td>402<\/td>\n<td>402<\/td>\n<td>402<\/td>\n<td>402<\/td>\n<td>402<\/td>\n<\/tr>\n<tr>\n<td>Lenkh\u00fclse (mm)<\/td>\n<td>115<\/td>\n<td>120<\/td>\n<td>150<\/td>\n<td>185<\/td>\n<td>195<\/td>\n<\/tr>\n<tr>\n<td>Lenkwinkel (\u00b0)<\/td>\n<td>72.2<\/td>\n<td>72.5<\/td>\n<td>73<\/td>\n<td>73<\/td>\n<td>73.5<\/td>\n<\/tr>\n<tr>\n<td>Winkel Sattelrohr (\u00b0)<\/td>\n<td>74.8<\/td>\n<td>74<\/td>\n<td>73<\/td>\n<td>72.5<\/td>\n<td>72.5<\/td>\n<\/tr>\n<tr>\n<td>Stack (mm)<\/td>\n<td>517.16<\/td>\n<td>523.39<\/td>\n<td>549.17<\/td>\n<td>583.18<\/td>\n<td>594.4<\/td>\n<\/tr>\n<tr>\n<td>Reichweite (mm)<\/td>\n<td>381.57<\/td>\n<td>382.98<\/td>\n<td>383.85<\/td>\n<td>386.13<\/td>\n<td>395.89<\/td>\n<\/tr>\n<\/tbody>\n<\/table>\n<\/div>\n<\/div>","protected":false},"excerpt":{"rendered":"<div class=\"col-lg-14 col-md-14 col-sm-14 col-xs-20\"><\/div>\n<div id=\"product-specifications-table\" class=\"col-lg-20 col-md-20 col-sm-20 col-xs-20\">\n<table class=\"table table-striped\">\n<tbody>\n<tr>\n<td class=\"spec-name\">Geschlecht<\/td>\n<td class=\"spec-value\">Herren<br \/>\nDamen<\/td>\n<\/tr>\n<tr>\n<td class=\"spec-name\">Gruppe<\/td>\n<td class=\"spec-value\">Shimano Dura-Ace Di2 12V<\/td>\n<\/tr>\n<tr>\n<td class=\"spec-name\">collection<\/td>\n<td class=\"spec-value\">2022<\/td>\n<\/tr>\n<\/tbody>\n<\/table>\n<\/div>","protected":false},"featured_media":60791,"comment_status":"open","ping_status":"closed","template":"","meta":[],"product_brand":[],"product_cat":[129],"product_tag":[],"class_list":{"0":"post-12560","1":"product","2":"type-product","3":"status-publish","4":"has-post-thumbnail","6":"product_cat-rennrad","7":"pa_marke-bh","9":"first","10":"instock","11":"sale","12":"taxable","13":"shipping-taxable","14":"purchasable","15":"product-type-variable"},"yoast_head":"<!-- This site is optimized with the Yoast SEO Premium plugin v20.12 (Yoast SEO v27.1.1) - https:\/\/yoast.com\/product\/yoast-seo-premium-wordpress\/ -->\n<title>BH ULTRALIGHT EVO 9.0 SHIMANO DURA ACE DI2 GRAU 2022<\/title>\n<meta name=\"description\" content=\"Entdecken Sie unseren Online-Fahrradladen: Gro\u00dfe Auswahl an Modellen f\u00fcr alle Radsportbegeisterten. Von Rennr\u00e4dern bis zu Mountainbikes - finden Sie heute Ihren perfekten Wegbegleiter!\" \/>\n<meta name=\"robots\" content=\"index, follow, max-snippet:-1, max-image-preview:large, max-video-preview:-1\" \/>\n<link rel=\"canonical\" href=\"https:\/\/kgerad.de\/en\/product\/bh-ultralight-evo-9-0-shimano-dura-ace-di2-grau-schwarz-2022\/\" \/>\n<meta property=\"og:locale\" content=\"en_US\" \/>\n<meta property=\"og:type\" content=\"article\" \/>\n<meta property=\"og:title\" content=\"BH ULTRALIGHT EVO 9.0 SHIMANO DURA ACE DI2 GRAU \/ SCHWARZ 2022\" \/>\n<meta property=\"og:description\" content=\"Entdecken Sie unseren Online-Fahrradladen: Gro\u00dfe Auswahl an Modellen f\u00fcr alle Radsportbegeisterten. Von Rennr\u00e4dern bis zu Mountainbikes - finden Sie heute Ihren perfekten Wegbegleiter!\" \/>\n<meta property=\"og:url\" content=\"https:\/\/kgerad.de\/en\/product\/bh-ultralight-evo-9-0-shimano-dura-ace-di2-grau-schwarz-2022\/\" \/>\n<meta property=\"og:site_name\" content=\"kgerad.de\" \/>\n<meta property=\"article:modified_time\" content=\"2023-08-10T16:27:45+00:00\" \/>\n<meta property=\"og:image\" content=\"https:\/\/kgerad.de\/wp-content\/uploads\/2023\/06\/RENNRAD-BH-ULTRALIGHT-EVO-9.0-SHIMANO-DURA-ACE-DI2-12-V-700-MM-GRAU-SCHWARZ-2022.jpg\" \/>\n\t<meta property=\"og:image:width\" content=\"600\" \/>\n\t<meta property=\"og:image:height\" content=\"408\" \/>\n\t<meta property=\"og:image:type\" content=\"image\/jpeg\" \/>\n<meta name=\"twitter:card\" content=\"summary_large_image\" \/>\n<meta name=\"twitter:label1\" content=\"Est. reading time\" \/>\n\t<meta name=\"twitter:data1\" content=\"2 minutes\" \/>\n<script type=\"application\/ld+json\" class=\"yoast-schema-graph\">{\"@context\":\"https:\/\/schema.org\",\"@graph\":[{\"@type\":\"WebPage\",\"@id\":\"https:\/\/kgerad.de\/produkt\/bh-ultralight-evo-9-0-shimano-dura-ace-di2-grau-schwarz-2022\/\",\"url\":\"https:\/\/kgerad.de\/produkt\/bh-ultralight-evo-9-0-shimano-dura-ace-di2-grau-schwarz-2022\/\",\"name\":\"BH ULTRALIGHT EVO 9.0 SHIMANO DURA ACE DI2 GRAU 2022\",\"isPartOf\":{\"@id\":\"https:\/\/kgerad.de\/#website\"},\"primaryImageOfPage\":{\"@id\":\"https:\/\/kgerad.de\/produkt\/bh-ultralight-evo-9-0-shimano-dura-ace-di2-grau-schwarz-2022\/#primaryimage\"},\"image\":{\"@id\":\"https:\/\/kgerad.de\/produkt\/bh-ultralight-evo-9-0-shimano-dura-ace-di2-grau-schwarz-2022\/#primaryimage\"},\"thumbnailUrl\":\"https:\/\/kgerad.de\/wp-content\/uploads\/2023\/06\/RENNRAD-BH-ULTRALIGHT-EVO-9.0-SHIMANO-DURA-ACE-DI2-12-V-700-MM-GRAU-SCHWARZ-2022.jpg\",\"datePublished\":\"2022-08-05T10:10:54+00:00\",\"dateModified\":\"2023-08-10T16:27:45+00:00\",\"description\":\"Entdecken Sie unseren Online-Fahrradladen: Gro\u00dfe Auswahl an Modellen f\u00fcr alle Radsportbegeisterten. Von Rennr\u00e4dern bis zu Mountainbikes - finden Sie heute Ihren perfekten Wegbegleiter!\",\"breadcrumb\":{\"@id\":\"https:\/\/kgerad.de\/produkt\/bh-ultralight-evo-9-0-shimano-dura-ace-di2-grau-schwarz-2022\/#breadcrumb\"},\"inLanguage\":\"en-US\",\"potentialAction\":[{\"@type\":\"ReadAction\",\"target\":[\"https:\/\/kgerad.de\/produkt\/bh-ultralight-evo-9-0-shimano-dura-ace-di2-grau-schwarz-2022\/\"]}]},{\"@type\":\"ImageObject\",\"inLanguage\":\"en-US\",\"@id\":\"https:\/\/kgerad.de\/produkt\/bh-ultralight-evo-9-0-shimano-dura-ace-di2-grau-schwarz-2022\/#primaryimage\",\"url\":\"https:\/\/kgerad.de\/wp-content\/uploads\/2023\/06\/RENNRAD-BH-ULTRALIGHT-EVO-9.0-SHIMANO-DURA-ACE-DI2-12-V-700-MM-GRAU-SCHWARZ-2022.jpg\",\"contentUrl\":\"https:\/\/kgerad.de\/wp-content\/uploads\/2023\/06\/RENNRAD-BH-ULTRALIGHT-EVO-9.0-SHIMANO-DURA-ACE-DI2-12-V-700-MM-GRAU-SCHWARZ-2022.jpg\",\"width\":600,\"height\":408,\"caption\":\"RENNRAD BH ULTRALIGHT EVO 9.0 SHIMANO DURA ACE DI2 12 V 700 MM GRAU SCHWARZ 2022\"},{\"@type\":\"BreadcrumbList\",\"@id\":\"https:\/\/kgerad.de\/produkt\/bh-ultralight-evo-9-0-shimano-dura-ace-di2-grau-schwarz-2022\/#breadcrumb\",\"itemListElement\":[{\"@type\":\"ListItem\",\"position\":1,\"name\":\"Startseite\",\"item\":\"https:\/\/kgerad.de\/\"},{\"@type\":\"ListItem\",\"position\":2,\"name\":\"LADEN\",\"item\":\"https:\/\/kgerad.de\/laden\/\"},{\"@type\":\"ListItem\",\"position\":3,\"name\":\"BH ULTRALIGHT EVO 9.0 SHIMANO DURA ACE DI2 GRAU \/ SCHWARZ 2022\"}]},{\"@type\":\"WebSite\",\"@id\":\"https:\/\/kgerad.de\/#website\",\"url\":\"https:\/\/kgerad.de\/\",\"name\":\"kgerad.de\",\"description\":\"Treten Sie mit uns ins Abenteuer!\",\"publisher\":{\"@id\":\"https:\/\/kgerad.de\/#organization\"},\"alternateName\":\"MEIN RADLADEN\",\"potentialAction\":[{\"@type\":\"SearchAction\",\"target\":{\"@type\":\"EntryPoint\",\"urlTemplate\":\"https:\/\/kgerad.de\/?s={search_term_string}\"},\"query-input\":{\"@type\":\"PropertyValueSpecification\",\"valueRequired\":true,\"valueName\":\"search_term_string\"}}],\"inLanguage\":\"en-US\"},{\"@type\":\"Organization\",\"@id\":\"https:\/\/kgerad.de\/#organization\",\"name\":\"MEINRADLADEN\",\"alternateName\":\"MEIN RADLADEN\",\"url\":\"https:\/\/kgerad.de\/\",\"logo\":{\"@type\":\"ImageObject\",\"inLanguage\":\"en-US\",\"@id\":\"https:\/\/kgerad.de\/#\/schema\/logo\/image\/\",\"url\":\"https:\/\/kgerad.de\/wp-content\/uploads\/2025\/07\/logo-Whit.svg\",\"contentUrl\":\"https:\/\/kgerad.de\/wp-content\/uploads\/2025\/07\/logo-Whit.svg\",\"width\":1640,\"height\":371,\"caption\":\"MEINRADLADEN\"},\"image\":{\"@id\":\"https:\/\/kgerad.de\/#\/schema\/logo\/image\/\"}}]}<\/script>\n<!-- \/ Yoast SEO Premium plugin. -->","yoast_head_json":{"title":"BH ULTRALIGHT EVO 9.0 SHIMANO DURA ACE DI2 GRAU 2022","description":"Entdecken Sie unseren Online-Fahrradladen: Gro\u00dfe Auswahl an Modellen f\u00fcr alle Radsportbegeisterten. Von Rennr\u00e4dern bis zu Mountainbikes - finden Sie heute Ihren perfekten Wegbegleiter!","robots":{"index":"index","follow":"follow","max-snippet":"max-snippet:-1","max-image-preview":"max-image-preview:large","max-video-preview":"max-video-preview:-1"},"canonical":"https:\/\/kgerad.de\/en\/product\/bh-ultralight-evo-9-0-shimano-dura-ace-di2-grau-schwarz-2022\/","og_locale":"en_US","og_type":"article","og_title":"BH ULTRALIGHT EVO 9.0 SHIMANO DURA ACE DI2 GRAU \/ SCHWARZ 2022","og_description":"Entdecken Sie unseren Online-Fahrradladen: Gro\u00dfe Auswahl an Modellen f\u00fcr alle Radsportbegeisterten. Von Rennr\u00e4dern bis zu Mountainbikes - finden Sie heute Ihren perfekten Wegbegleiter!","og_url":"https:\/\/kgerad.de\/en\/product\/bh-ultralight-evo-9-0-shimano-dura-ace-di2-grau-schwarz-2022\/","og_site_name":"kgerad.de","article_modified_time":"2023-08-10T16:27:45+00:00","og_image":[{"width":600,"height":408,"url":"https:\/\/kgerad.de\/wp-content\/uploads\/2023\/06\/RENNRAD-BH-ULTRALIGHT-EVO-9.0-SHIMANO-DURA-ACE-DI2-12-V-700-MM-GRAU-SCHWARZ-2022.jpg","type":"image\/jpeg"}],"twitter_card":"summary_large_image","twitter_misc":{"Est. reading time":"2 minutes"},"schema":{"@context":"https:\/\/schema.org","@graph":[{"@type":"WebPage","@id":"https:\/\/kgerad.de\/produkt\/bh-ultralight-evo-9-0-shimano-dura-ace-di2-grau-schwarz-2022\/","url":"https:\/\/kgerad.de\/produkt\/bh-ultralight-evo-9-0-shimano-dura-ace-di2-grau-schwarz-2022\/","name":"BH ULTRALIGHT EVO 9.0 SHIMANO DURA ACE DI2 GRAU 2022","isPartOf":{"@id":"https:\/\/kgerad.de\/#website"},"primaryImageOfPage":{"@id":"https:\/\/kgerad.de\/produkt\/bh-ultralight-evo-9-0-shimano-dura-ace-di2-grau-schwarz-2022\/#primaryimage"},"image":{"@id":"https:\/\/kgerad.de\/produkt\/bh-ultralight-evo-9-0-shimano-dura-ace-di2-grau-schwarz-2022\/#primaryimage"},"thumbnailUrl":"https:\/\/kgerad.de\/wp-content\/uploads\/2023\/06\/RENNRAD-BH-ULTRALIGHT-EVO-9.0-SHIMANO-DURA-ACE-DI2-12-V-700-MM-GRAU-SCHWARZ-2022.jpg","datePublished":"2022-08-05T10:10:54+00:00","dateModified":"2023-08-10T16:27:45+00:00","description":"Entdecken Sie unseren Online-Fahrradladen: Gro\u00dfe Auswahl an Modellen f\u00fcr alle Radsportbegeisterten. Von Rennr\u00e4dern bis zu Mountainbikes - finden Sie heute Ihren perfekten Wegbegleiter!","breadcrumb":{"@id":"https:\/\/kgerad.de\/produkt\/bh-ultralight-evo-9-0-shimano-dura-ace-di2-grau-schwarz-2022\/#breadcrumb"},"inLanguage":"en-US","potentialAction":[{"@type":"ReadAction","target":["https:\/\/kgerad.de\/produkt\/bh-ultralight-evo-9-0-shimano-dura-ace-di2-grau-schwarz-2022\/"]}]},{"@type":"ImageObject","inLanguage":"en-US","@id":"https:\/\/kgerad.de\/produkt\/bh-ultralight-evo-9-0-shimano-dura-ace-di2-grau-schwarz-2022\/#primaryimage","url":"https:\/\/kgerad.de\/wp-content\/uploads\/2023\/06\/RENNRAD-BH-ULTRALIGHT-EVO-9.0-SHIMANO-DURA-ACE-DI2-12-V-700-MM-GRAU-SCHWARZ-2022.jpg","contentUrl":"https:\/\/kgerad.de\/wp-content\/uploads\/2023\/06\/RENNRAD-BH-ULTRALIGHT-EVO-9.0-SHIMANO-DURA-ACE-DI2-12-V-700-MM-GRAU-SCHWARZ-2022.jpg","width":600,"height":408,"caption":"RENNRAD BH ULTRALIGHT EVO 9.0 SHIMANO DURA ACE DI2 12 V 700 MM GRAU SCHWARZ 2022"},{"@type":"BreadcrumbList","@id":"https:\/\/kgerad.de\/produkt\/bh-ultralight-evo-9-0-shimano-dura-ace-di2-grau-schwarz-2022\/#breadcrumb","itemListElement":[{"@type":"ListItem","position":1,"name":"Startseite","item":"https:\/\/kgerad.de\/"},{"@type":"ListItem","position":2,"name":"LADEN","item":"https:\/\/kgerad.de\/laden\/"},{"@type":"ListItem","position":3,"name":"BH ULTRALIGHT EVO 9.0 SHIMANO DURA ACE DI2 GRAU \/ SCHWARZ 2022"}]},{"@type":"WebSite","@id":"https:\/\/kgerad.de\/#website","url":"https:\/\/kgerad.de\/","name":"kgerad.de","description":"Treten Sie mit uns ins Abenteuer!","publisher":{"@id":"https:\/\/kgerad.de\/#organization"},"alternateName":"MEIN RADLADEN","potentialAction":[{"@type":"SearchAction","target":{"@type":"EntryPoint","urlTemplate":"https:\/\/kgerad.de\/?s={search_term_string}"},"query-input":{"@type":"PropertyValueSpecification","valueRequired":true,"valueName":"search_term_string"}}],"inLanguage":"en-US"},{"@type":"Organization","@id":"https:\/\/kgerad.de\/#organization","name":"MEINRADLADEN","alternateName":"MEIN RADLADEN","url":"https:\/\/kgerad.de\/","logo":{"@type":"ImageObject","inLanguage":"en-US","@id":"https:\/\/kgerad.de\/#\/schema\/logo\/image\/","url":"https:\/\/kgerad.de\/wp-content\/uploads\/2025\/07\/logo-Whit.svg","contentUrl":"https:\/\/kgerad.de\/wp-content\/uploads\/2025\/07\/logo-Whit.svg","width":1640,"height":371,"caption":"MEINRADLADEN"},"image":{"@id":"https:\/\/kgerad.de\/#\/schema\/logo\/image\/"}}]}},"_links":{"self":[{"href":"https:\/\/kgerad.de\/en\/wp-json\/wp\/v2\/product\/12560","targetHints":{"allow":["GET"]}}],"collection":[{"href":"https:\/\/kgerad.de\/en\/wp-json\/wp\/v2\/product"}],"about":[{"href":"https:\/\/kgerad.de\/en\/wp-json\/wp\/v2\/types\/product"}],"replies":[{"embeddable":true,"href":"https:\/\/kgerad.de\/en\/wp-json\/wp\/v2\/comments?post=12560"}],"version-history":[{"count":1,"href":"https:\/\/kgerad.de\/en\/wp-json\/wp\/v2\/product\/12560\/revisions"}],"predecessor-version":[{"id":78553,"href":"https:\/\/kgerad.de\/en\/wp-json\/wp\/v2\/product\/12560\/revisions\/78553"}],"wp:featuredmedia":[{"embeddable":true,"href":"https:\/\/kgerad.de\/en\/wp-json\/wp\/v2\/media\/60791"}],"wp:attachment":[{"href":"https:\/\/kgerad.de\/en\/wp-json\/wp\/v2\/media?parent=12560"}],"wp:term":[{"taxonomy":"product_brand","embeddable":true,"href":"https:\/\/kgerad.de\/en\/wp-json\/wp\/v2\/product_brand?post=12560"},{"taxonomy":"product_cat","embeddable":true,"href":"https:\/\/kgerad.de\/en\/wp-json\/wp\/v2\/product_cat?post=12560"},{"taxonomy":"product_tag","embeddable":true,"href":"https:\/\/kgerad.de\/en\/wp-json\/wp\/v2\/product_tag?post=12560"}],"curies":[{"name":"wp","href":"https:\/\/api.w.org\/{rel}","templated":true}]}}