{"id":12545,"date":"2022-08-05T11:48:37","date_gmt":"2022-08-05T09:48:37","guid":{"rendered":"https:\/\/kgerad.de\/?post_type=product&#038;p=12545"},"modified":"2023-08-10T18:27:39","modified_gmt":"2023-08-10T16:27:39","slug":"cinelli-zydeco-lala-gravel-bike-shimano-sora-9s-700-mm-orangensaft-blau-2021","status":"publish","type":"product","link":"https:\/\/kgerad.de\/en\/product\/cinelli-zydeco-lala-gravel-bike-shimano-sora-9s-700-mm-orangensaft-blau-2021\/","title":{"rendered":"CINELLI ZYDECO LALA GRAVEL BIKE SHIMANO SORA 9S 700 MM ORANGENSAFT BLAU 2021"},"content":{"rendered":"<div id=\"product-header-order-name\" class=\"col-lg-20 col-md-20 col-sm-20 col-xs-20\">\n<h2 class=\"heading-title-text\">CINELLI ZYDECO LALA GRAVEL BIKE SHIMANO SORA 9S 700 MM ORANGENSAFT BLAU 2021<\/h2>\n<div class=\"col col-sm-12 col-md-12 col-lg-12\">\n<p><strong>Cinelli Zydeco LaLa<\/strong>\u00a0ist das neue Mitglied der Zydeco-Kiesfamilie. Der Rahmen besteht aus dreifach dicken Columbus Zonal-Aluminiumrohren, die mit Shimano Sora und zwei vorderen Ringen ausgestattet sind. Columbus Futura Disc 1-1 \/ 8 ?Gabel, mechanische Scheibenbremsen, flache Montage, mit Scheiben bis 160 mm. Kompatibel mit hydraulischen Scheibenbremsen. Die externe Kabelf\u00fchrung erleichtert die Wartung dieser Maschine, um neue Fahrer f\u00fcr die immer beliebter werdende Schotterdisziplin zu gewinnen.<\/p>\n<\/div>\n<div class=\"prodsheet_bullets col col-sm-8 col-md-8 col-lg-8\">\n<h4>HAUPTEIGENSCHAFTEN:<\/h4>\n<ul>\n<li>Columbus Zonal Triple Butted Alloy Rahmen.<\/li>\n<li>Shimano Sora 2&#215;9-Gang-Antrieb.<\/li>\n<li>Mechanische Scheibenbremsen Tektro MD-C510, 160\/160 mm.<\/li>\n<\/ul>\n<\/div>\n<div class=\"prodsheet_specs1 col col-sm-12 col-md-12 col-lg-12\">\n<h4>EIGENSCHAFTEN:<\/h4>\n<table class=\"table table-striped\">\n<tbody>\n<tr>\n<td>Rahmen<\/td>\n<td>Aluminium: Columbus Zonal Triple Butted Alloy, externe Kabelf\u00fchrung, kompatibler Kotfl\u00fcgel vorne und hinten, hintere Zahnstangen\u00f6sen, Steckachse, Reifenabstand: bis zu 700 x 42 c<\/td>\n<\/tr>\n<tr>\n<td>Gabel<\/td>\n<td>Aluminium \/ Carbon: Columbus Disc Alu \/ Carbon 1 &#8222;-1\/8, Steckachse<\/td>\n<\/tr>\n<tr>\n<td>Schalthebel<\/td>\n<td>Shimano Sora ST-R3000, 2&#215;9-Gang<\/td>\n<\/tr>\n<tr>\n<td>Umwerfer<\/td>\n<td>Shimano Sora FD-R3000, festgeklemmt, \u00d831,8 mm<\/td>\n<\/tr>\n<tr>\n<td>Schaltwerk<\/td>\n<td>Shimano Sora RD-R3000, 9-Gang<\/td>\n<\/tr>\n<tr>\n<td>Kassette<\/td>\n<td>Sunrace, 11-34T<\/td>\n<\/tr>\n<tr>\n<td>Kette<\/td>\n<td>KMC X9<\/td>\n<\/tr>\n<tr>\n<td>Kurbelgarnitur<\/td>\n<td>FSA Omega Mega Exo 48 \/ 32T, 170 mm (XS \/ S), 172,5 mm (M \/ L), 175 mm (XL)<\/td>\n<\/tr>\n<tr>\n<td>Tretlager<\/td>\n<td>FSA, BSA 68 mm<\/td>\n<\/tr>\n<tr>\n<td>Bremsen<\/td>\n<td>Tektro MD-C510, Mech. Scheibenbremse, flache Montage (160\/160)<\/td>\n<\/tr>\n<tr>\n<td>Radsatz<\/td>\n<td>Shining A250, 32H, 700c<\/td>\n<\/tr>\n<tr>\n<td>Hubs<\/td>\n<td>Vorne: Formel RX-812, Steckachse \u00d812&#215;100 mm, Spie\u00df M12x1,5 L119 \/ Hinten: Formel RX-142, Steckachse \u00d812&#215;142 mm \/ Spie\u00df M12x1,5 L158<\/td>\n<\/tr>\n<tr>\n<td>Reifen<\/td>\n<td>Kenda Flintridge, 35-622, 700x35c<\/td>\n<\/tr>\n<tr>\n<td>Lenker<\/td>\n<td>Cinelli Lenkerfackel 6061, \u00d831,8 mm, Reichweite 70 mm, B\u00f6rdelwinkel 12 \u00b0<\/td>\n<\/tr>\n<tr>\n<td>Bar Tape<\/td>\n<td>Cinelli Cork<\/td>\n<\/tr>\n<tr>\n<td>Stengel<\/td>\n<td>Cinelli 6061 Stiel, \u00d831,8 mm<\/td>\n<\/tr>\n<tr>\n<td>Headset<\/td>\n<td>Intern 1-1 \/ 8 &#8222;, ZS 44 \/ 28,6 | ZS 44\/30 (SHIS)<\/td>\n<\/tr>\n<tr>\n<td>Sattel<\/td>\n<td>Cinelli SSM Era<\/td>\n<\/tr>\n<tr>\n<td>Sattelst\u00fctze<\/td>\n<td>Cinelli Sattelst\u00fctze 6061, 27,2 x 350 mm<\/td>\n<\/tr>\n<tr>\n<td>Sitzklemme<\/td>\n<td>\u00d831,8 mm<\/td>\n<\/tr>\n<tr>\n<td>Gewicht<\/td>\n<td>10,9 kg (Gr\u00f6\u00dfe M) &#8211; Rahmen: 1760 g \/ Gabel: 740 g (ungeschnitten)<\/td>\n<\/tr>\n<tr>\n<td>Farbe<\/td>\n<td>Orange Juice Blue<\/td>\n<\/tr>\n<\/tbody>\n<\/table>\n<\/div>\n<div class=\"prodsheet_specs2 col col-sm-8 col-md-8 col-lg-8\">\n<h4>GEOMETRIEN:<\/h4>\n<p><img decoding=\"async\" src=\"http:\/\/media1.alltricks.fr\/ckfinder\/images\/cube_route_geo_en.jpg\" \/><\/p>\n<table class=\"table table-striped\">\n<tbody>\n<tr>\n<td>Rahmengr\u00f6\u00dfe<\/td>\n<td>XS<\/td>\n<td>S<\/td>\n<td>M<\/td>\n<td>L<\/td>\n<td>XL<\/td>\n<\/tr>\n<tr>\n<td>Rahmengr\u00f6\u00dfe (cm)<\/td>\n<td>49<\/td>\n<td>51<\/td>\n<td>54<\/td>\n<td>56<\/td>\n<td>59<\/td>\n<\/tr>\n<tr>\n<td>Sitzrohr (mm)<\/td>\n<td>490<\/td>\n<td>510<\/td>\n<td>540<\/td>\n<td>560<\/td>\n<td>590<\/td>\n<\/tr>\n<tr>\n<td>Oberrohr (mm)<\/td>\n<td>510<\/td>\n<td>520<\/td>\n<td>540<\/td>\n<td>560<\/td>\n<td>580<\/td>\n<\/tr>\n<tr>\n<td>Kettenstreben (mm)<\/td>\n<td>440<\/td>\n<td>440<\/td>\n<td>440<\/td>\n<td>440<\/td>\n<td>440<\/td>\n<\/tr>\n<tr>\n<td>Steuerrohrl\u00e4nge (mm)<\/td>\n<td>90<\/td>\n<td>110<\/td>\n<td>130<\/td>\n<td>150<\/td>\n<td>170<\/td>\n<\/tr>\n<tr>\n<td>Steuerrohrwinkel (\u00b0)<\/td>\n<td>69,5<\/td>\n<td>70<\/td>\n<td>70,5<\/td>\n<td>71<\/td>\n<td>71,5<\/td>\n<\/tr>\n<tr>\n<td>Sitzrohrwinkel (\u00b0)<\/td>\n<td>74,5<\/td>\n<td>74,5<\/td>\n<td>74<\/td>\n<td>73,5<\/td>\n<td>73<\/td>\n<\/tr>\n<tr>\n<td>Radstand (mm)<\/td>\n<td>1015<\/td>\n<td>1023<\/td>\n<td>1034<\/td>\n<td>1045<\/td>\n<td>1055<\/td>\n<\/tr>\n<tr>\n<td>Stapel (mm)<\/td>\n<td>508<\/td>\n<td>528<\/td>\n<td>549<\/td>\n<td>570<\/td>\n<td>590<\/td>\n<\/tr>\n<tr>\n<td>Reichweite (mm)<\/td>\n<td>369<\/td>\n<td>374<\/td>\n<td>383<\/td>\n<td>391<\/td>\n<td>400<\/td>\n<\/tr>\n<tr>\n<td>Lenkerbreite (mm)<\/td>\n<td>400<\/td>\n<td>400<\/td>\n<td>420<\/td>\n<td>420<\/td>\n<td>420<\/td>\n<\/tr>\n<tr>\n<td>Lenkertropfen (mm)<\/td>\n<td>120<\/td>\n<td>120<\/td>\n<td>130<\/td>\n<td>130<\/td>\n<td>130<\/td>\n<\/tr>\n<tr>\n<td>Schaftl\u00e4nge (mm)<\/td>\n<td>90<\/td>\n<td>90<\/td>\n<td>100<\/td>\n<td>110<\/td>\n<td>110<\/td>\n<\/tr>\n<\/tbody>\n<\/table>\n<\/div>\n<\/div>\n<div id=\"product-header-order-form\" class=\"js-reload-on-event col-lg-20 col-md-20 col-sm-20 col-xs-20\" data-to-watch=\"body\" data-event=\"alltricks:cartChanged\" data-url=\"\/ajax\/product\/ajouter\/F-41505-velos-route-_-cyclocross-_-triathlon\/P-1653784-cinelli_zydeco_lala_gravel_bike_shimano_sora_9s_700_mm_orangensaft_blau_2021\"><\/div>","protected":false},"excerpt":{"rendered":"<div class=\"col-lg-14 col-md-14 col-sm-14 col-xs-20\"><\/div>\n<div id=\"product-specifications-table\" class=\"col-lg-20 col-md-20 col-sm-20 col-xs-20\">\n<table class=\"table table-striped\">\n<tbody>\n<tr>\n<td class=\"spec-name\">Geschlecht<\/td>\n<td class=\"spec-value\">Herren<\/td>\n<\/tr>\n<tr>\n<td class=\"spec-name\">Gruppe<\/td>\n<td class=\"spec-value\">Shimano Sora 9S<\/td>\n<\/tr>\n<tr>\n<td class=\"spec-name\">collection<\/td>\n<td class=\"spec-value\">2021<\/td>\n<\/tr>\n<\/tbody>\n<\/table>\n<\/div>","protected":false},"featured_media":60786,"comment_status":"open","ping_status":"closed","template":"","meta":[],"product_brand":[],"product_cat":[129],"product_tag":[],"class_list":{"0":"post-12545","1":"product","2":"type-product","3":"status-publish","4":"has-post-thumbnail","6":"product_cat-rennrad","7":"pa_marke-cinelli","9":"first","10":"instock","11":"sale","12":"taxable","13":"shipping-taxable","14":"purchasable","15":"product-type-variable"},"yoast_head":"<!-- This site is optimized with the Yoast SEO Premium plugin v20.12 (Yoast SEO v27.1.1) - https:\/\/yoast.com\/product\/yoast-seo-premium-wordpress\/ -->\n<title>CINELLI ZYDECO LALA GRAVEL BIKE SHIMANO SORA 9S 70<\/title>\n<meta name=\"description\" content=\"Entdecken Sie unseren Online-Fahrradladen: Gro\u00dfe Auswahl an Modellen f\u00fcr alle Radsportbegeisterten. Von Rennr\u00e4dern bis zu Mountainbikes - finden Sie heute Ihren perfekten Wegbegleiter!\" \/>\n<meta name=\"robots\" content=\"index, follow, max-snippet:-1, max-image-preview:large, max-video-preview:-1\" \/>\n<link rel=\"canonical\" href=\"https:\/\/kgerad.de\/en\/product\/cinelli-zydeco-lala-gravel-bike-shimano-sora-9s-700-mm-orangensaft-blau-2021\/\" \/>\n<meta property=\"og:locale\" content=\"en_US\" \/>\n<meta property=\"og:type\" content=\"article\" \/>\n<meta property=\"og:title\" content=\"CINELLI ZYDECO LALA GRAVEL BIKE SHIMANO SORA 9S 700 MM ORANGENSAFT BLAU 2021\" \/>\n<meta property=\"og:description\" content=\"Entdecken Sie unseren Online-Fahrradladen: Gro\u00dfe Auswahl an Modellen f\u00fcr alle Radsportbegeisterten. Von Rennr\u00e4dern bis zu Mountainbikes - finden Sie heute Ihren perfekten Wegbegleiter!\" \/>\n<meta property=\"og:url\" content=\"https:\/\/kgerad.de\/en\/product\/cinelli-zydeco-lala-gravel-bike-shimano-sora-9s-700-mm-orangensaft-blau-2021\/\" \/>\n<meta property=\"og:site_name\" content=\"kgerad.de\" \/>\n<meta property=\"article:modified_time\" content=\"2023-08-10T16:27:39+00:00\" \/>\n<meta property=\"og:image\" content=\"https:\/\/kgerad.de\/wp-content\/uploads\/2023\/06\/CINELLI-ZYDECO-LALA-GRAVEL-BIKE-SHIMANO-SORA-9S-700-MM-ORANGENSAFT-BLAU-2021.jpg\" \/>\n\t<meta property=\"og:image:width\" content=\"600\" \/>\n\t<meta property=\"og:image:height\" content=\"408\" \/>\n\t<meta property=\"og:image:type\" content=\"image\/jpeg\" \/>\n<meta name=\"twitter:card\" content=\"summary_large_image\" \/>\n<meta name=\"twitter:label1\" content=\"Est. reading time\" \/>\n\t<meta name=\"twitter:data1\" content=\"3 minutes\" \/>\n<script type=\"application\/ld+json\" class=\"yoast-schema-graph\">{\"@context\":\"https:\/\/schema.org\",\"@graph\":[{\"@type\":\"WebPage\",\"@id\":\"https:\/\/kgerad.de\/produkt\/cinelli-zydeco-lala-gravel-bike-shimano-sora-9s-700-mm-orangensaft-blau-2021\/\",\"url\":\"https:\/\/kgerad.de\/produkt\/cinelli-zydeco-lala-gravel-bike-shimano-sora-9s-700-mm-orangensaft-blau-2021\/\",\"name\":\"CINELLI ZYDECO LALA GRAVEL BIKE SHIMANO SORA 9S 70\",\"isPartOf\":{\"@id\":\"https:\/\/kgerad.de\/#website\"},\"primaryImageOfPage\":{\"@id\":\"https:\/\/kgerad.de\/produkt\/cinelli-zydeco-lala-gravel-bike-shimano-sora-9s-700-mm-orangensaft-blau-2021\/#primaryimage\"},\"image\":{\"@id\":\"https:\/\/kgerad.de\/produkt\/cinelli-zydeco-lala-gravel-bike-shimano-sora-9s-700-mm-orangensaft-blau-2021\/#primaryimage\"},\"thumbnailUrl\":\"https:\/\/kgerad.de\/wp-content\/uploads\/2023\/06\/CINELLI-ZYDECO-LALA-GRAVEL-BIKE-SHIMANO-SORA-9S-700-MM-ORANGENSAFT-BLAU-2021.jpg\",\"datePublished\":\"2022-08-05T09:48:37+00:00\",\"dateModified\":\"2023-08-10T16:27:39+00:00\",\"description\":\"Entdecken Sie unseren Online-Fahrradladen: Gro\u00dfe Auswahl an Modellen f\u00fcr alle Radsportbegeisterten. Von Rennr\u00e4dern bis zu Mountainbikes - finden Sie heute Ihren perfekten Wegbegleiter!\",\"breadcrumb\":{\"@id\":\"https:\/\/kgerad.de\/produkt\/cinelli-zydeco-lala-gravel-bike-shimano-sora-9s-700-mm-orangensaft-blau-2021\/#breadcrumb\"},\"inLanguage\":\"en-US\",\"potentialAction\":[{\"@type\":\"ReadAction\",\"target\":[\"https:\/\/kgerad.de\/produkt\/cinelli-zydeco-lala-gravel-bike-shimano-sora-9s-700-mm-orangensaft-blau-2021\/\"]}]},{\"@type\":\"ImageObject\",\"inLanguage\":\"en-US\",\"@id\":\"https:\/\/kgerad.de\/produkt\/cinelli-zydeco-lala-gravel-bike-shimano-sora-9s-700-mm-orangensaft-blau-2021\/#primaryimage\",\"url\":\"https:\/\/kgerad.de\/wp-content\/uploads\/2023\/06\/CINELLI-ZYDECO-LALA-GRAVEL-BIKE-SHIMANO-SORA-9S-700-MM-ORANGENSAFT-BLAU-2021.jpg\",\"contentUrl\":\"https:\/\/kgerad.de\/wp-content\/uploads\/2023\/06\/CINELLI-ZYDECO-LALA-GRAVEL-BIKE-SHIMANO-SORA-9S-700-MM-ORANGENSAFT-BLAU-2021.jpg\",\"width\":600,\"height\":408,\"caption\":\"CINELLI ZYDECO LALA GRAVEL BIKE SHIMANO SORA 9S 700 MM ORANGENSAFT BLAU 2021\"},{\"@type\":\"BreadcrumbList\",\"@id\":\"https:\/\/kgerad.de\/produkt\/cinelli-zydeco-lala-gravel-bike-shimano-sora-9s-700-mm-orangensaft-blau-2021\/#breadcrumb\",\"itemListElement\":[{\"@type\":\"ListItem\",\"position\":1,\"name\":\"Startseite\",\"item\":\"https:\/\/kgerad.de\/\"},{\"@type\":\"ListItem\",\"position\":2,\"name\":\"LADEN\",\"item\":\"https:\/\/kgerad.de\/laden\/\"},{\"@type\":\"ListItem\",\"position\":3,\"name\":\"CINELLI ZYDECO LALA GRAVEL BIKE SHIMANO SORA 9S 700 MM ORANGENSAFT BLAU 2021\"}]},{\"@type\":\"WebSite\",\"@id\":\"https:\/\/kgerad.de\/#website\",\"url\":\"https:\/\/kgerad.de\/\",\"name\":\"kgerad.de\",\"description\":\"Treten Sie mit uns ins Abenteuer!\",\"publisher\":{\"@id\":\"https:\/\/kgerad.de\/#organization\"},\"alternateName\":\"MEIN RADLADEN\",\"potentialAction\":[{\"@type\":\"SearchAction\",\"target\":{\"@type\":\"EntryPoint\",\"urlTemplate\":\"https:\/\/kgerad.de\/?s={search_term_string}\"},\"query-input\":{\"@type\":\"PropertyValueSpecification\",\"valueRequired\":true,\"valueName\":\"search_term_string\"}}],\"inLanguage\":\"en-US\"},{\"@type\":\"Organization\",\"@id\":\"https:\/\/kgerad.de\/#organization\",\"name\":\"MEINRADLADEN\",\"alternateName\":\"MEIN RADLADEN\",\"url\":\"https:\/\/kgerad.de\/\",\"logo\":{\"@type\":\"ImageObject\",\"inLanguage\":\"en-US\",\"@id\":\"https:\/\/kgerad.de\/#\/schema\/logo\/image\/\",\"url\":\"https:\/\/kgerad.de\/wp-content\/uploads\/2025\/07\/logo-Whit.svg\",\"contentUrl\":\"https:\/\/kgerad.de\/wp-content\/uploads\/2025\/07\/logo-Whit.svg\",\"width\":1640,\"height\":371,\"caption\":\"MEINRADLADEN\"},\"image\":{\"@id\":\"https:\/\/kgerad.de\/#\/schema\/logo\/image\/\"}}]}<\/script>\n<!-- \/ Yoast SEO Premium plugin. -->","yoast_head_json":{"title":"CINELLI ZYDECO LALA GRAVEL BIKE SHIMANO SORA 9S 70","description":"Entdecken Sie unseren Online-Fahrradladen: Gro\u00dfe Auswahl an Modellen f\u00fcr alle Radsportbegeisterten. Von Rennr\u00e4dern bis zu Mountainbikes - finden Sie heute Ihren perfekten Wegbegleiter!","robots":{"index":"index","follow":"follow","max-snippet":"max-snippet:-1","max-image-preview":"max-image-preview:large","max-video-preview":"max-video-preview:-1"},"canonical":"https:\/\/kgerad.de\/en\/product\/cinelli-zydeco-lala-gravel-bike-shimano-sora-9s-700-mm-orangensaft-blau-2021\/","og_locale":"en_US","og_type":"article","og_title":"CINELLI ZYDECO LALA GRAVEL BIKE SHIMANO SORA 9S 700 MM ORANGENSAFT BLAU 2021","og_description":"Entdecken Sie unseren Online-Fahrradladen: Gro\u00dfe Auswahl an Modellen f\u00fcr alle Radsportbegeisterten. Von Rennr\u00e4dern bis zu Mountainbikes - finden Sie heute Ihren perfekten Wegbegleiter!","og_url":"https:\/\/kgerad.de\/en\/product\/cinelli-zydeco-lala-gravel-bike-shimano-sora-9s-700-mm-orangensaft-blau-2021\/","og_site_name":"kgerad.de","article_modified_time":"2023-08-10T16:27:39+00:00","og_image":[{"width":600,"height":408,"url":"https:\/\/kgerad.de\/wp-content\/uploads\/2023\/06\/CINELLI-ZYDECO-LALA-GRAVEL-BIKE-SHIMANO-SORA-9S-700-MM-ORANGENSAFT-BLAU-2021.jpg","type":"image\/jpeg"}],"twitter_card":"summary_large_image","twitter_misc":{"Est. reading time":"3 minutes"},"schema":{"@context":"https:\/\/schema.org","@graph":[{"@type":"WebPage","@id":"https:\/\/kgerad.de\/produkt\/cinelli-zydeco-lala-gravel-bike-shimano-sora-9s-700-mm-orangensaft-blau-2021\/","url":"https:\/\/kgerad.de\/produkt\/cinelli-zydeco-lala-gravel-bike-shimano-sora-9s-700-mm-orangensaft-blau-2021\/","name":"CINELLI ZYDECO LALA GRAVEL BIKE SHIMANO SORA 9S 70","isPartOf":{"@id":"https:\/\/kgerad.de\/#website"},"primaryImageOfPage":{"@id":"https:\/\/kgerad.de\/produkt\/cinelli-zydeco-lala-gravel-bike-shimano-sora-9s-700-mm-orangensaft-blau-2021\/#primaryimage"},"image":{"@id":"https:\/\/kgerad.de\/produkt\/cinelli-zydeco-lala-gravel-bike-shimano-sora-9s-700-mm-orangensaft-blau-2021\/#primaryimage"},"thumbnailUrl":"https:\/\/kgerad.de\/wp-content\/uploads\/2023\/06\/CINELLI-ZYDECO-LALA-GRAVEL-BIKE-SHIMANO-SORA-9S-700-MM-ORANGENSAFT-BLAU-2021.jpg","datePublished":"2022-08-05T09:48:37+00:00","dateModified":"2023-08-10T16:27:39+00:00","description":"Entdecken Sie unseren Online-Fahrradladen: Gro\u00dfe Auswahl an Modellen f\u00fcr alle Radsportbegeisterten. Von Rennr\u00e4dern bis zu Mountainbikes - finden Sie heute Ihren perfekten Wegbegleiter!","breadcrumb":{"@id":"https:\/\/kgerad.de\/produkt\/cinelli-zydeco-lala-gravel-bike-shimano-sora-9s-700-mm-orangensaft-blau-2021\/#breadcrumb"},"inLanguage":"en-US","potentialAction":[{"@type":"ReadAction","target":["https:\/\/kgerad.de\/produkt\/cinelli-zydeco-lala-gravel-bike-shimano-sora-9s-700-mm-orangensaft-blau-2021\/"]}]},{"@type":"ImageObject","inLanguage":"en-US","@id":"https:\/\/kgerad.de\/produkt\/cinelli-zydeco-lala-gravel-bike-shimano-sora-9s-700-mm-orangensaft-blau-2021\/#primaryimage","url":"https:\/\/kgerad.de\/wp-content\/uploads\/2023\/06\/CINELLI-ZYDECO-LALA-GRAVEL-BIKE-SHIMANO-SORA-9S-700-MM-ORANGENSAFT-BLAU-2021.jpg","contentUrl":"https:\/\/kgerad.de\/wp-content\/uploads\/2023\/06\/CINELLI-ZYDECO-LALA-GRAVEL-BIKE-SHIMANO-SORA-9S-700-MM-ORANGENSAFT-BLAU-2021.jpg","width":600,"height":408,"caption":"CINELLI ZYDECO LALA GRAVEL BIKE SHIMANO SORA 9S 700 MM ORANGENSAFT BLAU 2021"},{"@type":"BreadcrumbList","@id":"https:\/\/kgerad.de\/produkt\/cinelli-zydeco-lala-gravel-bike-shimano-sora-9s-700-mm-orangensaft-blau-2021\/#breadcrumb","itemListElement":[{"@type":"ListItem","position":1,"name":"Startseite","item":"https:\/\/kgerad.de\/"},{"@type":"ListItem","position":2,"name":"LADEN","item":"https:\/\/kgerad.de\/laden\/"},{"@type":"ListItem","position":3,"name":"CINELLI ZYDECO LALA GRAVEL BIKE SHIMANO SORA 9S 700 MM ORANGENSAFT BLAU 2021"}]},{"@type":"WebSite","@id":"https:\/\/kgerad.de\/#website","url":"https:\/\/kgerad.de\/","name":"kgerad.de","description":"Treten Sie mit uns ins Abenteuer!","publisher":{"@id":"https:\/\/kgerad.de\/#organization"},"alternateName":"MEIN RADLADEN","potentialAction":[{"@type":"SearchAction","target":{"@type":"EntryPoint","urlTemplate":"https:\/\/kgerad.de\/?s={search_term_string}"},"query-input":{"@type":"PropertyValueSpecification","valueRequired":true,"valueName":"search_term_string"}}],"inLanguage":"en-US"},{"@type":"Organization","@id":"https:\/\/kgerad.de\/#organization","name":"MEINRADLADEN","alternateName":"MEIN RADLADEN","url":"https:\/\/kgerad.de\/","logo":{"@type":"ImageObject","inLanguage":"en-US","@id":"https:\/\/kgerad.de\/#\/schema\/logo\/image\/","url":"https:\/\/kgerad.de\/wp-content\/uploads\/2025\/07\/logo-Whit.svg","contentUrl":"https:\/\/kgerad.de\/wp-content\/uploads\/2025\/07\/logo-Whit.svg","width":1640,"height":371,"caption":"MEINRADLADEN"},"image":{"@id":"https:\/\/kgerad.de\/#\/schema\/logo\/image\/"}}]}},"_links":{"self":[{"href":"https:\/\/kgerad.de\/en\/wp-json\/wp\/v2\/product\/12545","targetHints":{"allow":["GET"]}}],"collection":[{"href":"https:\/\/kgerad.de\/en\/wp-json\/wp\/v2\/product"}],"about":[{"href":"https:\/\/kgerad.de\/en\/wp-json\/wp\/v2\/types\/product"}],"replies":[{"embeddable":true,"href":"https:\/\/kgerad.de\/en\/wp-json\/wp\/v2\/comments?post=12545"}],"version-history":[{"count":2,"href":"https:\/\/kgerad.de\/en\/wp-json\/wp\/v2\/product\/12545\/revisions"}],"predecessor-version":[{"id":78552,"href":"https:\/\/kgerad.de\/en\/wp-json\/wp\/v2\/product\/12545\/revisions\/78552"}],"wp:featuredmedia":[{"embeddable":true,"href":"https:\/\/kgerad.de\/en\/wp-json\/wp\/v2\/media\/60786"}],"wp:attachment":[{"href":"https:\/\/kgerad.de\/en\/wp-json\/wp\/v2\/media?parent=12545"}],"wp:term":[{"taxonomy":"product_brand","embeddable":true,"href":"https:\/\/kgerad.de\/en\/wp-json\/wp\/v2\/product_brand?post=12545"},{"taxonomy":"product_cat","embeddable":true,"href":"https:\/\/kgerad.de\/en\/wp-json\/wp\/v2\/product_cat?post=12545"},{"taxonomy":"product_tag","embeddable":true,"href":"https:\/\/kgerad.de\/en\/wp-json\/wp\/v2\/product_tag?post=12545"}],"curies":[{"name":"wp","href":"https:\/\/api.w.org\/{rel}","templated":true}]}}