{"id":12486,"date":"2022-08-04T20:59:44","date_gmt":"2022-08-04T18:59:44","guid":{"rendered":"https:\/\/kgerad.de\/?post_type=product&#038;p=12486"},"modified":"2023-08-10T18:32:59","modified_gmt":"2023-08-10T16:32:59","slug":"3t-exploro-racemax-boost-dropbar-elektro-gravelbike-green-2022","status":"publish","type":"product","link":"https:\/\/kgerad.de\/en\/product\/3t-exploro-racemax-boost-dropbar-elektro-gravelbike-green-2022\/","title":{"rendered":"3T EXPLORO RACEMAX BOOST DROPBAR ELEKTRO-GRAVELBIKE GREEN 2022"},"content":{"rendered":"<div id=\"product-header-order-name\" class=\"col-lg-20 col-md-20 col-sm-20 col-xs-20\">\n<h2 class=\"heading-title-text\">3T EXPLORO RACEMAX BOOST DROPBAR ELEKTRO-GRAVELBIKE SHIMANO GRX 11S 250 WH 700 MM SATIN WHITE GREEN 2022<\/h2>\n<div class=\"col col-sm-12 col-md-12 col-lg-12\">\n<p>Das\u00a0<strong>3T Exploro Racemax Boost<\/strong>\u00a0E-Bike ist perfekt f\u00fcr den Einsatz auf Schotter und im Gel\u00e4nde. Es ist leicht und doch robust, wendig und doch stabil und schnell und macht dennoch Spa\u00df. Dies macht das Racemax Boost zu einem gro\u00dfartigen Reichweitenverl\u00e4ngerer auf Ihrem Schotterabenteuer. Oder es kann Ihnen helfen, mit schnelleren Freunden auf der Stra\u00dfe und auf Schotterstrecken mitzuhalten. Es kann sogar ein gro\u00dfartiger Pendler sein: ohne Schwei\u00df ankommen und auf dem Heimweg ein abenteuerliches Training integrieren.<\/p>\n<p>Das Racemax hat viele Auszeichnungen als das schnellste Performance-Gravelbike der Welt gewonnen. Das Racemax Boost verwendet den gleichen Rahmen; alle elektronischen Teile passen genau hinein, ohne dass sperrige Rohre oder sichtbare Kabel erforderlich sind. Sie behalten also alle Leistungsmerkmale des urspr\u00fcnglichen Racemax und f\u00fcgen noch eines hinzu: zus\u00e4tzliche Leistung, wann immer Sie sie brauchen.<\/p>\n<p>das Ziel von 3T war es, den Spa\u00df und den Flow eines schnellen, wendigen Gravelbikes beizubehalten, und nicht, ein Motorrad mit Pedalen zu bauen. Das bedeutet, dass das System sehr leicht sein muss, eine sehr sanfte Leistungsentfaltung bietet und im ausgeschalteten Zustand keinen Widerstand erzeugt. Das von 3T ma\u00dfgeschneiderte\u00a0<strong>Mahle ebikemotion X35-System<\/strong>\u00a0bietet schlie\u00dflich alle drei Eigenschaften.<\/p>\n<\/div>\n<div class=\"prodsheet_bullets col col-sm-8 col-md-8 col-lg-8\">\n<h4>DIE WICHTIGSTEN MERKMALE:<\/h4>\n<ul>\n<li>Ein Rahmen: das Exploro RaceMax; zwei Setups: &#8222;Race&#8220; oder &#8222;Max&#8220;.<\/li>\n<li>3T Exploro RaceMax Boost Carbon-Rahmen und Carbon-Gabel mit minimalistischen Kronenformen.<\/li>\n<li>Mahle ebikemotion X35 Hinterradnabenantrieb, integrierte Pedalunterst\u00fctzung.<\/li>\n<li>Shimano GRX 1&#215;11-Gang-Antriebssystem.<\/li>\n<li>Hydraulische Scheibenbremsen Shimano GRX, 160\/160 mm.<\/li>\n<\/ul>\n<\/div>\n<div class=\"prodsheet_specs1 col col-sm-12 col-md-12 col-lg-12\">\n<h4>EIGENSCHAFTEN:<\/h4>\n<table class=\"table table-striped\">\n<tbody>\n<tr>\n<td>Rahmen<\/td>\n<td>Carbon: Exploro RaceMax Boost, unidirektionales, vorimpr\u00e4gniertes Carbon, hochmodulares\/hochfestes Performance Blend Layup<\/td>\n<\/tr>\n<tr>\n<td>Gabel<\/td>\n<td>Carbon: Fango RaceMax mit kompakter Krone<\/td>\n<\/tr>\n<tr>\n<td>Motor<\/td>\n<td>Mahle ebikemotion X35, Hinterradnabenantrieb, 250 W, 40 Nm, 25 km\/h<\/td>\n<\/tr>\n<tr>\n<td>Akku<\/td>\n<td>Mahle i250 Innenrohr-Akku, 250 Wh<\/td>\n<\/tr>\n<tr>\n<td>Schaltung<\/td>\n<td>Shimano GRX, 1&#215;11-fach<\/td>\n<\/tr>\n<tr>\n<td>Schaltwerk<\/td>\n<td>Shimano GRX RD-RX812, langer K\u00e4fig, mechanisch, Shadow RD+, 11-fach<\/td>\n<\/tr>\n<tr>\n<td>Kassette<\/td>\n<td>Shimano Powerglide, 11-42Z<\/td>\n<\/tr>\n<tr>\n<td>Kurbelgarnitur<\/td>\n<td>Shimano GRX, 40Z<\/td>\n<\/tr>\n<tr>\n<td>Tretlager<\/td>\n<td>Tretlager mit Gewinde<\/td>\n<\/tr>\n<tr>\n<td>Bremsen<\/td>\n<td>Shimano GRX, Hydr. Scheibenbremse, Flat Mount, Shimano Rotoren (160\/160)<\/td>\n<\/tr>\n<tr>\n<td>Laufradsatz<\/td>\n<td>3T Discus 45\/40, Unidirektionales Carbon &#8211; ultraleichtes Layup, tubless ready, ETRTO 622 x 29c, 28&#8243;\/700c, 40 mm breit, 45 mm tief<\/td>\n<\/tr>\n<tr>\n<td>Lenker<\/td>\n<td>&#8212;<\/td>\n<\/tr>\n<tr>\n<td>Vorbau<\/td>\n<td>3T Apto Stealth<\/td>\n<\/tr>\n<tr>\n<td>Steuersatz<\/td>\n<td>3T MinMax Custom von Cane Creek IS42\/28.6 + IS 47\/38<\/td>\n<\/tr>\n<tr>\n<td>Sattelst\u00fctze<\/td>\n<td>Neu 3T Charlie Sqaero Team mit Ritchey WCS Klemme<\/td>\n<\/tr>\n<tr>\n<td>Gewicht<\/td>\n<td>&#8212;<\/td>\n<\/tr>\n<tr>\n<td>Farbe<\/td>\n<td>Satin Wei\u00df\/Gr\u00fcn<\/td>\n<\/tr>\n<\/tbody>\n<\/table>\n<\/div>\n<div class=\"prodsheet_specs2 col col-sm-8 col-md-8 col-lg-8\">\n<h4>GEOMETRIEN:<\/h4>\n<p><img decoding=\"async\" src=\"http:\/\/media1.alltricks.fr\/ckfinder\/images\/cube_route_geo_en.jpg\" \/><\/p>\n<table class=\"table table-striped\">\n<tbody>\n<tr>\n<td>Rahmengr\u00f6\u00dfe (cm)<\/td>\n<td>XXS<\/td>\n<td>51<\/td>\n<td>54<\/td>\n<td>56<\/td>\n<td>58<\/td>\n<td>61<\/td>\n<\/tr>\n<tr>\n<td>Sitzrohr (mm)<\/td>\n<td>436<\/td>\n<td>463<\/td>\n<td>490<\/td>\n<td>518<\/td>\n<td>545<\/td>\n<td>572<\/td>\n<\/tr>\n<tr>\n<td>Oberes Rohr (mm)<\/td>\n<td>506<\/td>\n<td>526<\/td>\n<td>546<\/td>\n<td>566<\/td>\n<td>586<\/td>\n<td>606<\/td>\n<\/tr>\n<tr>\n<td>Kettenstreben (mm)<\/td>\n<td>415<\/td>\n<td>415<\/td>\n<td>415<\/td>\n<td>415<\/td>\n<td>415<\/td>\n<td>415<\/td>\n<\/tr>\n<tr>\n<td>Steuerrohrl\u00e4nge* (mm)<\/td>\n<td>125<\/td>\n<td>147<\/td>\n<td>161<\/td>\n<td>180<\/td>\n<td>201<\/td>\n<td>232<\/td>\n<\/tr>\n<tr>\n<td>Winkel des Steuerrohrs (\u00b0)<\/td>\n<td>69<\/td>\n<td>69.5<\/td>\n<td>71<\/td>\n<td>72<\/td>\n<td>72<\/td>\n<td>72<\/td>\n<\/tr>\n<tr>\n<td>Winkel des Sitzrohrs (\u00b0)<\/td>\n<td>74.5<\/td>\n<td>74<\/td>\n<td>73.5<\/td>\n<td>73<\/td>\n<td>72.5<\/td>\n<td>72.5<\/td>\n<\/tr>\n<tr>\n<td>Radstand (mm)<\/td>\n<td>998<\/td>\n<td>1008<\/td>\n<td>1008<\/td>\n<td>1014<\/td>\n<td>1024<\/td>\n<td>1044<\/td>\n<\/tr>\n<tr>\n<td>Stapel (mm)<\/td>\n<td>520<\/td>\n<td>542<\/td>\n<td>564<\/td>\n<td>584<\/td>\n<td>604<\/td>\n<td>632<\/td>\n<\/tr>\n<tr>\n<td>Reichweite (mm)<\/td>\n<td>355<\/td>\n<td>366<\/td>\n<td>377<\/td>\n<td>385<\/td>\n<td>393<\/td>\n<td>404<\/td>\n<\/tr>\n<tr>\n<td>L\u00e4nge des Stiels (mm)<\/td>\n<td>70<\/td>\n<td>80<\/td>\n<td>90<\/td>\n<td>100<\/td>\n<td>110<\/td>\n<td>120<\/td>\n<\/tr>\n<tr>\n<td>L\u00e4nge der Kurbel (mm)<\/td>\n<td>165<\/td>\n<td>170<\/td>\n<td>172.5<\/td>\n<td>172.5<\/td>\n<td>175<\/td>\n<td>175<\/td>\n<\/tr>\n<\/tbody>\n<\/table>\n<p><em>*Die RaceMax-Gabell\u00e4nge entspricht der eines Standard-Rennrads, so dass diese Steuerrohrl\u00e4nge mit der eines Rennrads verglichen werden kann. Zum Vergleich mit Gravel-Bikes mit Standard-Gravel-Gabeln ziehen Sie bitte 25 mm von diesen &#8222;Stra\u00dfen&#8220;-Steuerrohrl\u00e4ngen ab, um einen korrekten Vergleich zu erhalten.<\/em><\/p>\n<\/div>\n<\/div>\n<div id=\"product-header-order-form\" class=\"js-reload-on-event col-lg-20 col-md-20 col-sm-20 col-xs-20\" data-to-watch=\"body\" data-event=\"alltricks:cartChanged\" data-url=\"\/ajax\/product\/ajouter\/F-41505-velos-route-_-cyclocross-_-triathlon\/P-2275031-3t_exploro_racemax_boost_dropbar_elektro_gravelbike_shimano_grx_11s_250_wh_700_mm_satin_white_green_2022\"><\/div>","protected":false},"excerpt":{"rendered":"<div class=\"col-lg-14 col-md-14 col-sm-14 col-xs-20\"><\/div>\n<div id=\"product-specifications-table\" class=\"col-lg-20 col-md-20 col-sm-20 col-xs-20\">\n<table class=\"table table-striped\">\n<tbody>\n<tr>\n<td class=\"spec-name\">Geschlecht<\/td>\n<td class=\"spec-value\">Herren<\/td>\n<\/tr>\n<tr>\n<td class=\"spec-name\">Gruppe<\/td>\n<td class=\"spec-value\">Shimano GRX 11V<\/td>\n<\/tr>\n<tr>\n<td class=\"spec-name\">collection<\/td>\n<td class=\"spec-value\">2022<\/td>\n<\/tr>\n<\/tbody>\n<\/table>\n<\/div>","protected":false},"featured_media":60782,"comment_status":"open","ping_status":"closed","template":"","meta":[],"product_brand":[],"product_cat":[129],"product_tag":[],"class_list":{"0":"post-12486","1":"product","2":"type-product","3":"status-publish","4":"has-post-thumbnail","6":"product_cat-rennrad","7":"pa_marke-3t","9":"first","10":"instock","11":"sale","12":"taxable","13":"shipping-taxable","14":"purchasable","15":"product-type-variable"},"yoast_head":"<!-- This site is optimized with the Yoast SEO Premium plugin v20.12 (Yoast SEO v27.1.1) - https:\/\/yoast.com\/product\/yoast-seo-premium-wordpress\/ -->\n<title>3T EXPLORO RACEMAX BOOST DROPBAR ELEKTRO-GRAVELBIKE GREEN 2022<\/title>\n<meta name=\"description\" content=\"Entdecken Sie unseren Online-Fahrradladen: Gro\u00dfe Auswahl an Modellen f\u00fcr alle Radsportbegeisterten. Von Rennr\u00e4dern bis zu Mountainbikes - finden Sie heute Ihren perfekten Wegbegleiter!\" \/>\n<meta name=\"robots\" content=\"index, follow, max-snippet:-1, max-image-preview:large, max-video-preview:-1\" \/>\n<link rel=\"canonical\" href=\"https:\/\/kgerad.de\/en\/product\/3t-exploro-racemax-boost-dropbar-elektro-gravelbike-green-2022\/\" \/>\n<meta property=\"og:locale\" content=\"en_US\" \/>\n<meta property=\"og:type\" content=\"article\" \/>\n<meta property=\"og:title\" content=\"3T EXPLORO RACEMAX BOOST DROPBAR ELEKTRO-GRAVELBIKE GREEN 2022\" \/>\n<meta property=\"og:description\" content=\"Entdecken Sie unseren Online-Fahrradladen: Gro\u00dfe Auswahl an Modellen f\u00fcr alle Radsportbegeisterten. Von Rennr\u00e4dern bis zu Mountainbikes - finden Sie heute Ihren perfekten Wegbegleiter!\" \/>\n<meta property=\"og:url\" content=\"https:\/\/kgerad.de\/en\/product\/3t-exploro-racemax-boost-dropbar-elektro-gravelbike-green-2022\/\" \/>\n<meta property=\"og:site_name\" content=\"kgerad.de\" \/>\n<meta property=\"article:modified_time\" content=\"2023-08-10T16:32:59+00:00\" \/>\n<meta property=\"og:image\" content=\"https:\/\/kgerad.de\/wp-content\/uploads\/2023\/06\/3T-EXPLORO-RACEMAX-BOOST-DROPBAR-ELEKTRO-GRAVELBIKE-SHIMANO-GRX-11S-250-WH-700-MM-SATIN-WHITE-GREEN-2022-.jpg\" \/>\n\t<meta property=\"og:image:width\" content=\"600\" \/>\n\t<meta property=\"og:image:height\" content=\"407\" \/>\n\t<meta property=\"og:image:type\" content=\"image\/jpeg\" \/>\n<meta name=\"twitter:card\" content=\"summary_large_image\" \/>\n<meta name=\"twitter:label1\" content=\"Est. reading time\" \/>\n\t<meta name=\"twitter:data1\" content=\"4 minutes\" \/>\n<script type=\"application\/ld+json\" class=\"yoast-schema-graph\">{\"@context\":\"https:\/\/schema.org\",\"@graph\":[{\"@type\":\"WebPage\",\"@id\":\"https:\/\/kgerad.de\/produkt\/3t-exploro-racemax-boost-dropbar-elektro-gravelbike-green-2022\/\",\"url\":\"https:\/\/kgerad.de\/produkt\/3t-exploro-racemax-boost-dropbar-elektro-gravelbike-green-2022\/\",\"name\":\"3T EXPLORO RACEMAX BOOST DROPBAR ELEKTRO-GRAVELBIKE GREEN 2022\",\"isPartOf\":{\"@id\":\"https:\/\/kgerad.de\/#website\"},\"primaryImageOfPage\":{\"@id\":\"https:\/\/kgerad.de\/produkt\/3t-exploro-racemax-boost-dropbar-elektro-gravelbike-green-2022\/#primaryimage\"},\"image\":{\"@id\":\"https:\/\/kgerad.de\/produkt\/3t-exploro-racemax-boost-dropbar-elektro-gravelbike-green-2022\/#primaryimage\"},\"thumbnailUrl\":\"https:\/\/kgerad.de\/wp-content\/uploads\/2023\/06\/3T-EXPLORO-RACEMAX-BOOST-DROPBAR-ELEKTRO-GRAVELBIKE-SHIMANO-GRX-11S-250-WH-700-MM-SATIN-WHITE-GREEN-2022-.jpg\",\"datePublished\":\"2022-08-04T18:59:44+00:00\",\"dateModified\":\"2023-08-10T16:32:59+00:00\",\"description\":\"Entdecken Sie unseren Online-Fahrradladen: Gro\u00dfe Auswahl an Modellen f\u00fcr alle Radsportbegeisterten. Von Rennr\u00e4dern bis zu Mountainbikes - finden Sie heute Ihren perfekten Wegbegleiter!\",\"breadcrumb\":{\"@id\":\"https:\/\/kgerad.de\/produkt\/3t-exploro-racemax-boost-dropbar-elektro-gravelbike-green-2022\/#breadcrumb\"},\"inLanguage\":\"en-US\",\"potentialAction\":[{\"@type\":\"ReadAction\",\"target\":[\"https:\/\/kgerad.de\/produkt\/3t-exploro-racemax-boost-dropbar-elektro-gravelbike-green-2022\/\"]}]},{\"@type\":\"ImageObject\",\"inLanguage\":\"en-US\",\"@id\":\"https:\/\/kgerad.de\/produkt\/3t-exploro-racemax-boost-dropbar-elektro-gravelbike-green-2022\/#primaryimage\",\"url\":\"https:\/\/kgerad.de\/wp-content\/uploads\/2023\/06\/3T-EXPLORO-RACEMAX-BOOST-DROPBAR-ELEKTRO-GRAVELBIKE-SHIMANO-GRX-11S-250-WH-700-MM-SATIN-WHITE-GREEN-2022-.jpg\",\"contentUrl\":\"https:\/\/kgerad.de\/wp-content\/uploads\/2023\/06\/3T-EXPLORO-RACEMAX-BOOST-DROPBAR-ELEKTRO-GRAVELBIKE-SHIMANO-GRX-11S-250-WH-700-MM-SATIN-WHITE-GREEN-2022-.jpg\",\"width\":600,\"height\":407,\"caption\":\"3T EXPLORO RACEMAX BOOST DROPBAR ELEKTRO-GRAVELBIKE SHIMANO GRX 11S 250 WH 700 MM SATIN WHITE GREEN 2022\"},{\"@type\":\"BreadcrumbList\",\"@id\":\"https:\/\/kgerad.de\/produkt\/3t-exploro-racemax-boost-dropbar-elektro-gravelbike-green-2022\/#breadcrumb\",\"itemListElement\":[{\"@type\":\"ListItem\",\"position\":1,\"name\":\"Startseite\",\"item\":\"https:\/\/kgerad.de\/\"},{\"@type\":\"ListItem\",\"position\":2,\"name\":\"LADEN\",\"item\":\"https:\/\/kgerad.de\/laden\/\"},{\"@type\":\"ListItem\",\"position\":3,\"name\":\"3T EXPLORO RACEMAX BOOST DROPBAR ELEKTRO-GRAVELBIKE GREEN 2022\"}]},{\"@type\":\"WebSite\",\"@id\":\"https:\/\/kgerad.de\/#website\",\"url\":\"https:\/\/kgerad.de\/\",\"name\":\"kgerad.de\",\"description\":\"Treten Sie mit uns ins Abenteuer!\",\"publisher\":{\"@id\":\"https:\/\/kgerad.de\/#organization\"},\"alternateName\":\"MEIN RADLADEN\",\"potentialAction\":[{\"@type\":\"SearchAction\",\"target\":{\"@type\":\"EntryPoint\",\"urlTemplate\":\"https:\/\/kgerad.de\/?s={search_term_string}\"},\"query-input\":{\"@type\":\"PropertyValueSpecification\",\"valueRequired\":true,\"valueName\":\"search_term_string\"}}],\"inLanguage\":\"en-US\"},{\"@type\":\"Organization\",\"@id\":\"https:\/\/kgerad.de\/#organization\",\"name\":\"MEINRADLADEN\",\"alternateName\":\"MEIN RADLADEN\",\"url\":\"https:\/\/kgerad.de\/\",\"logo\":{\"@type\":\"ImageObject\",\"inLanguage\":\"en-US\",\"@id\":\"https:\/\/kgerad.de\/#\/schema\/logo\/image\/\",\"url\":\"https:\/\/kgerad.de\/wp-content\/uploads\/2025\/07\/logo-Whit.svg\",\"contentUrl\":\"https:\/\/kgerad.de\/wp-content\/uploads\/2025\/07\/logo-Whit.svg\",\"width\":1640,\"height\":371,\"caption\":\"MEINRADLADEN\"},\"image\":{\"@id\":\"https:\/\/kgerad.de\/#\/schema\/logo\/image\/\"}}]}<\/script>\n<!-- \/ Yoast SEO Premium plugin. -->","yoast_head_json":{"title":"3T EXPLORO RACEMAX BOOST DROPBAR ELEKTRO-GRAVELBIKE GREEN 2022","description":"Entdecken Sie unseren Online-Fahrradladen: Gro\u00dfe Auswahl an Modellen f\u00fcr alle Radsportbegeisterten. Von Rennr\u00e4dern bis zu Mountainbikes - finden Sie heute Ihren perfekten Wegbegleiter!","robots":{"index":"index","follow":"follow","max-snippet":"max-snippet:-1","max-image-preview":"max-image-preview:large","max-video-preview":"max-video-preview:-1"},"canonical":"https:\/\/kgerad.de\/en\/product\/3t-exploro-racemax-boost-dropbar-elektro-gravelbike-green-2022\/","og_locale":"en_US","og_type":"article","og_title":"3T EXPLORO RACEMAX BOOST DROPBAR ELEKTRO-GRAVELBIKE GREEN 2022","og_description":"Entdecken Sie unseren Online-Fahrradladen: Gro\u00dfe Auswahl an Modellen f\u00fcr alle Radsportbegeisterten. Von Rennr\u00e4dern bis zu Mountainbikes - finden Sie heute Ihren perfekten Wegbegleiter!","og_url":"https:\/\/kgerad.de\/en\/product\/3t-exploro-racemax-boost-dropbar-elektro-gravelbike-green-2022\/","og_site_name":"kgerad.de","article_modified_time":"2023-08-10T16:32:59+00:00","og_image":[{"width":600,"height":407,"url":"https:\/\/kgerad.de\/wp-content\/uploads\/2023\/06\/3T-EXPLORO-RACEMAX-BOOST-DROPBAR-ELEKTRO-GRAVELBIKE-SHIMANO-GRX-11S-250-WH-700-MM-SATIN-WHITE-GREEN-2022-.jpg","type":"image\/jpeg"}],"twitter_card":"summary_large_image","twitter_misc":{"Est. reading time":"4 minutes"},"schema":{"@context":"https:\/\/schema.org","@graph":[{"@type":"WebPage","@id":"https:\/\/kgerad.de\/produkt\/3t-exploro-racemax-boost-dropbar-elektro-gravelbike-green-2022\/","url":"https:\/\/kgerad.de\/produkt\/3t-exploro-racemax-boost-dropbar-elektro-gravelbike-green-2022\/","name":"3T EXPLORO RACEMAX BOOST DROPBAR ELEKTRO-GRAVELBIKE GREEN 2022","isPartOf":{"@id":"https:\/\/kgerad.de\/#website"},"primaryImageOfPage":{"@id":"https:\/\/kgerad.de\/produkt\/3t-exploro-racemax-boost-dropbar-elektro-gravelbike-green-2022\/#primaryimage"},"image":{"@id":"https:\/\/kgerad.de\/produkt\/3t-exploro-racemax-boost-dropbar-elektro-gravelbike-green-2022\/#primaryimage"},"thumbnailUrl":"https:\/\/kgerad.de\/wp-content\/uploads\/2023\/06\/3T-EXPLORO-RACEMAX-BOOST-DROPBAR-ELEKTRO-GRAVELBIKE-SHIMANO-GRX-11S-250-WH-700-MM-SATIN-WHITE-GREEN-2022-.jpg","datePublished":"2022-08-04T18:59:44+00:00","dateModified":"2023-08-10T16:32:59+00:00","description":"Entdecken Sie unseren Online-Fahrradladen: Gro\u00dfe Auswahl an Modellen f\u00fcr alle Radsportbegeisterten. Von Rennr\u00e4dern bis zu Mountainbikes - finden Sie heute Ihren perfekten Wegbegleiter!","breadcrumb":{"@id":"https:\/\/kgerad.de\/produkt\/3t-exploro-racemax-boost-dropbar-elektro-gravelbike-green-2022\/#breadcrumb"},"inLanguage":"en-US","potentialAction":[{"@type":"ReadAction","target":["https:\/\/kgerad.de\/produkt\/3t-exploro-racemax-boost-dropbar-elektro-gravelbike-green-2022\/"]}]},{"@type":"ImageObject","inLanguage":"en-US","@id":"https:\/\/kgerad.de\/produkt\/3t-exploro-racemax-boost-dropbar-elektro-gravelbike-green-2022\/#primaryimage","url":"https:\/\/kgerad.de\/wp-content\/uploads\/2023\/06\/3T-EXPLORO-RACEMAX-BOOST-DROPBAR-ELEKTRO-GRAVELBIKE-SHIMANO-GRX-11S-250-WH-700-MM-SATIN-WHITE-GREEN-2022-.jpg","contentUrl":"https:\/\/kgerad.de\/wp-content\/uploads\/2023\/06\/3T-EXPLORO-RACEMAX-BOOST-DROPBAR-ELEKTRO-GRAVELBIKE-SHIMANO-GRX-11S-250-WH-700-MM-SATIN-WHITE-GREEN-2022-.jpg","width":600,"height":407,"caption":"3T EXPLORO RACEMAX BOOST DROPBAR ELEKTRO-GRAVELBIKE SHIMANO GRX 11S 250 WH 700 MM SATIN WHITE GREEN 2022"},{"@type":"BreadcrumbList","@id":"https:\/\/kgerad.de\/produkt\/3t-exploro-racemax-boost-dropbar-elektro-gravelbike-green-2022\/#breadcrumb","itemListElement":[{"@type":"ListItem","position":1,"name":"Startseite","item":"https:\/\/kgerad.de\/"},{"@type":"ListItem","position":2,"name":"LADEN","item":"https:\/\/kgerad.de\/laden\/"},{"@type":"ListItem","position":3,"name":"3T EXPLORO RACEMAX BOOST DROPBAR ELEKTRO-GRAVELBIKE GREEN 2022"}]},{"@type":"WebSite","@id":"https:\/\/kgerad.de\/#website","url":"https:\/\/kgerad.de\/","name":"kgerad.de","description":"Treten Sie mit uns ins Abenteuer!","publisher":{"@id":"https:\/\/kgerad.de\/#organization"},"alternateName":"MEIN RADLADEN","potentialAction":[{"@type":"SearchAction","target":{"@type":"EntryPoint","urlTemplate":"https:\/\/kgerad.de\/?s={search_term_string}"},"query-input":{"@type":"PropertyValueSpecification","valueRequired":true,"valueName":"search_term_string"}}],"inLanguage":"en-US"},{"@type":"Organization","@id":"https:\/\/kgerad.de\/#organization","name":"MEINRADLADEN","alternateName":"MEIN RADLADEN","url":"https:\/\/kgerad.de\/","logo":{"@type":"ImageObject","inLanguage":"en-US","@id":"https:\/\/kgerad.de\/#\/schema\/logo\/image\/","url":"https:\/\/kgerad.de\/wp-content\/uploads\/2025\/07\/logo-Whit.svg","contentUrl":"https:\/\/kgerad.de\/wp-content\/uploads\/2025\/07\/logo-Whit.svg","width":1640,"height":371,"caption":"MEINRADLADEN"},"image":{"@id":"https:\/\/kgerad.de\/#\/schema\/logo\/image\/"}}]}},"_links":{"self":[{"href":"https:\/\/kgerad.de\/en\/wp-json\/wp\/v2\/product\/12486","targetHints":{"allow":["GET"]}}],"collection":[{"href":"https:\/\/kgerad.de\/en\/wp-json\/wp\/v2\/product"}],"about":[{"href":"https:\/\/kgerad.de\/en\/wp-json\/wp\/v2\/types\/product"}],"replies":[{"embeddable":true,"href":"https:\/\/kgerad.de\/en\/wp-json\/wp\/v2\/comments?post=12486"}],"version-history":[{"count":1,"href":"https:\/\/kgerad.de\/en\/wp-json\/wp\/v2\/product\/12486\/revisions"}],"predecessor-version":[{"id":78571,"href":"https:\/\/kgerad.de\/en\/wp-json\/wp\/v2\/product\/12486\/revisions\/78571"}],"wp:featuredmedia":[{"embeddable":true,"href":"https:\/\/kgerad.de\/en\/wp-json\/wp\/v2\/media\/60782"}],"wp:attachment":[{"href":"https:\/\/kgerad.de\/en\/wp-json\/wp\/v2\/media?parent=12486"}],"wp:term":[{"taxonomy":"product_brand","embeddable":true,"href":"https:\/\/kgerad.de\/en\/wp-json\/wp\/v2\/product_brand?post=12486"},{"taxonomy":"product_cat","embeddable":true,"href":"https:\/\/kgerad.de\/en\/wp-json\/wp\/v2\/product_cat?post=12486"},{"taxonomy":"product_tag","embeddable":true,"href":"https:\/\/kgerad.de\/en\/wp-json\/wp\/v2\/product_tag?post=12486"}],"curies":[{"name":"wp","href":"https:\/\/api.w.org\/{rel}","templated":true}]}}