{"id":12440,"date":"2022-08-04T17:14:01","date_gmt":"2022-08-04T15:14:01","guid":{"rendered":"https:\/\/kgerad.de\/?post_type=product&#038;p=12440"},"modified":"2023-08-10T18:36:09","modified_gmt":"2023-08-10T16:36:09","slug":"accent-falcon-shimano-sora-700-mm-schwarz-2022","status":"publish","type":"product","link":"https:\/\/kgerad.de\/en\/product\/accent-falcon-shimano-sora-700-mm-schwarz-2022\/","title":{"rendered":"ACCENT FALCON SHIMANO SORA 700 MM SCHWARZ 2022"},"content":{"rendered":"<div id=\"product-header-order-name\" class=\"col-lg-20 col-md-20 col-sm-20 col-xs-20\">\n<h3 class=\"heading-title-text\">GRAVEL BIKE ACCENT FALCON SHIMANO SORA 9V 700 MM SCHWARZ 2022<\/h3>\n<div class=\"col col-sm-12 col-md-12 col-lg-12\">\n<p>Das\u00a0<strong>Accent Falcon Shimano<\/strong>\u00a0Gravel Bike wurde f\u00fcr diejenigen entwickelt, die herausfinden wollen, was Gravel Bikes wirklich sind und wie vielseitig ein Fahrrad sein kann. Das\u00a0<strong>Falcon<\/strong>\u00a0hat einen Aluminiumrahmen mit dedizierten Accent-Laufr\u00e4dern. Die Shimano Sora 2&#215;9-Schaltung erm\u00f6glicht eine gro\u00dfe Bandbreite an G\u00e4ngen. Es ist mit mechanischen Tektro-Scheibenbremsen ausgestattet, die ein effektives und sicheres Bremsen erm\u00f6glichen. F\u00fchlen Sie sich wie ein Falke &#8211; bereit f\u00fcr die Jagd.<\/p>\n<\/div>\n<div class=\"prodsheet_bullets col col-sm-8 col-md-8 col-lg-8\">\n<h4>DIE + PRODUKT :<\/h4>\n<ul>\n<li>Accent Falcon-Rahmen aus Aluminium.<\/li>\n<li>Shimano Sora 2&#215;9-Gang-Schaltung.<\/li>\n<li>Mechanische Scheibenbremsen Sram BB5 Road.<\/li>\n<\/ul>\n<\/div>\n<div class=\"prodsheet_specs1 col col-sm-12 col-md-12 col-lg-12\">\n<h4>DETAILS:<\/h4>\n<table class=\"table table-striped\">\n<tbody>\n<tr>\n<td>Rahmen<\/td>\n<td>Aluminium: Accent Falcon, alloy<\/td>\n<\/tr>\n<tr>\n<td>Gabel<\/td>\n<td>Aluminium: Accent Falcon, alloy<\/td>\n<\/tr>\n<tr>\n<td>Schalthebel<\/td>\n<td>Shimano Sora R3000, 2&#215;9 G\u00e4nge<\/td>\n<\/tr>\n<tr>\n<td>Schaltwerk Vorne<\/td>\n<td>Shimano Sora R3000<\/td>\n<\/tr>\n<tr>\n<td>Schaltwerk Hinten<\/td>\n<td>Shimano Sora R3000 9-Gang<\/td>\n<\/tr>\n<tr>\n<td>Kassette<\/td>\n<td>Shimano HG40, 11-32 Z\u00e4hne<\/td>\n<\/tr>\n<tr>\n<td>Kette<\/td>\n<td>Shimano HG53<\/td>\n<\/tr>\n<tr>\n<td>Tretlager<\/td>\n<td>Shimano Sora R3000 50\/32T, 172.5mm (XS &#8211; 170mm)<\/td>\n<\/tr>\n<tr>\n<td>Bremsen<\/td>\n<td>Sram BB5 Road, mechanisch<\/td>\n<\/tr>\n<tr>\n<td>Laufr\u00e4der<\/td>\n<td>Accent Falcon, 32H<\/td>\n<\/tr>\n<tr>\n<td>Naben<\/td>\n<td>F: Accent Falcon, 100mm QR, 32H \/ R: Accent Falcon, 135mm QR, 32H, Shimano 10<\/td>\n<\/tr>\n<tr>\n<td>Reifen<\/td>\n<td>CST Pika 700x38C<\/td>\n<\/tr>\n<tr>\n<td>Lenker<\/td>\n<td>Accent Falcon<\/td>\n<\/tr>\n<tr>\n<td>Vorbau<\/td>\n<td>Zoom<\/td>\n<\/tr>\n<tr>\n<td>Steuersatz<\/td>\n<td>Accent HSI-BASIC, semi-integrated<\/td>\n<\/tr>\n<tr>\n<td>Sattel<\/td>\n<td>Accent Falcon<\/td>\n<\/tr>\n<tr>\n<td>Sattelst\u00fctze<\/td>\n<td>Accent Pine, 31.6mm<\/td>\n<\/tr>\n<tr>\n<td>Gewicht<\/td>\n<td>11.4 kg<\/td>\n<\/tr>\n<tr>\n<td>Farben<\/td>\n<td>Schwarz<\/td>\n<\/tr>\n<\/tbody>\n<\/table>\n<\/div>\n<div class=\"prodsheet_specs2 col col-sm-8 col-md-8 col-lg-8\">\n<h4>GEOMETRIEN :<\/h4>\n<p><img decoding=\"async\" src=\"http:\/\/media1.alltricks.fr\/ckfinder\/images\/cube_route_geo_en.jpg\" \/><\/p>\n<table class=\"table table-striped\">\n<tbody>\n<tr>\n<td>Rahmengr\u00f6\u00dfe<\/td>\n<td>XS<\/td>\n<td>S<\/td>\n<td>M<\/td>\n<td>L<\/td>\n<td>XL<\/td>\n<\/tr>\n<tr>\n<td>Sattelrohr (mm)<\/td>\n<td>500<\/td>\n<td>520<\/td>\n<td>540<\/td>\n<td>560<\/td>\n<td>580<\/td>\n<\/tr>\n<tr>\n<td>Oberes Rohr (mm)<\/td>\n<td>521<\/td>\n<td>531<\/td>\n<td>542<\/td>\n<td>560<\/td>\n<td>580<\/td>\n<\/tr>\n<tr>\n<td>L\u00e4nge der Basis (mm)<\/td>\n<td>425<\/td>\n<td>425<\/td>\n<td>425<\/td>\n<td>425<\/td>\n<td>425<\/td>\n<\/tr>\n<tr>\n<td>Lenkh\u00fclse (mm)<\/td>\n<td>120<\/td>\n<td>120<\/td>\n<td>120<\/td>\n<td>140<\/td>\n<td>160<\/td>\n<\/tr>\n<tr>\n<td>Lenkwinkel (\u00b0)<\/td>\n<td>70.5<\/td>\n<td>70.5<\/td>\n<td>71<\/td>\n<td>71.5<\/td>\n<td>71.5<\/td>\n<\/tr>\n<tr>\n<td>Winkel Sattelrohr (\u00b0)<\/td>\n<td>74<\/td>\n<td>74<\/td>\n<td>74<\/td>\n<td>74<\/td>\n<td>74<\/td>\n<\/tr>\n<tr>\n<td>Stack (mm)<\/td>\n<td>542<\/td>\n<td>542<\/td>\n<td>544<\/td>\n<td>565<\/td>\n<td>584<\/td>\n<\/tr>\n<tr>\n<td>Reichweite (mm)<\/td>\n<td>366<\/td>\n<td>376<\/td>\n<td>386<\/td>\n<td>388<\/td>\n<td>406<\/td>\n<\/tr>\n<\/tbody>\n<\/table>\n<h4>WELCHE GR\u00d6SSE BRAUCHEN SIE?<\/h4>\n<p>Die Wahl der richtigen Fahrradgr\u00f6\u00dfe h\u00e4ngt von der Art des Fahrrads, Ihrer K\u00f6rpergr\u00f6\u00dfe, Ihrem Fahrstil und Ihren Vorlieben ab. Ein richtig passendes Fahrrad ist komfortabler, effizienter und macht mehr Spa\u00df zu fahren<\/p>\n<p>Messen Sie sich genau<\/p>\n<p>Messen Sie zun\u00e4chst Ihre K\u00f6rpergr\u00f6\u00dfe und verwenden Sie die Gr\u00f6\u00dfentabelle, die in jeder Produktbeschreibung verf\u00fcgbar ist.<\/p>\n<p>Was tun, wenn Sie zwischen zwei Fahrradgr\u00f6\u00dfen liegen?<\/p>\n<p>Wenn Sie an der Grenze zwischen zwei verschiedenen Fahrradgr\u00f6\u00dfen stehen, machen Sie sich keine Sorgen, Sie werden wahrscheinlich mit beiden Gr\u00f6\u00dfen in Ordnung sein (anstatt zu denken, dass eine Gr\u00f6\u00dfe schrecklich sein wird und die andere passen wird). Tats\u00e4chlich sind Fahrr\u00e4der verstellbar: Die Sattelst\u00fctze kann nach oben und unten gleiten, der Sattel kann sich vor und zur\u00fcck bewegen und Sie k\u00f6nnen sogar Teile wie den Vorbau gegen andere Gr\u00f6\u00dfen austauschen, damit das Fahrrad besser passt.<\/p>\n<p>Herauszufinden, ob Sie einen gr\u00f6\u00dferen oder kleineren Rahmen w\u00e4hlen sollten oder nicht, ist manchmal so einfach wie Ihre pers\u00f6nlichen Vorlieben, aber es gibt ein paar einfache M\u00f6glichkeiten, um herauszufinden, welcher am besten geeignet ist:<br \/>\nWenn Sie flexibel sind, bevorzugen Sie m\u00f6glicherweise ein k\u00fcrzeres Steuerrohr, sodass die kleinere Gr\u00f6\u00dfe m\u00f6glicherweise besser f\u00fcr Sie geeignet ist. Sie k\u00f6nnen einen l\u00e4ngeren Vorbau verwenden, um die Reichweite angenehmer zu gestalten.<br \/>\nBei einem gr\u00f6\u00dferen Fahrrad ist die Reichweite zum Lenker l\u00e4nger. Das bedeutet, dass Sie sich mit einem gr\u00f6\u00dferen Rahmen wohler f\u00fchlen, wenn Sie proportional l\u00e4ngere Arme haben.<\/p>\n<\/div>\n<\/div>\n<div id=\"product-header-order-form\" class=\"js-reload-on-event col-lg-20 col-md-20 col-sm-20 col-xs-20\" data-to-watch=\"body\" data-event=\"alltricks:cartChanged\" data-url=\"\/ajax\/product\/ajouter\/F-41505-velos-route-_-cyclocross-_-triathlon\/P-2297986-gravel_bike_accent_falcon_shimano_sora_9v_700_mm_schwarz_2022\"><\/div>","protected":false},"excerpt":{"rendered":"<div class=\"col-lg-14 col-md-14 col-sm-14 col-xs-20\"><\/div>\n<div id=\"product-specifications-table\" class=\"col-lg-20 col-md-20 col-sm-20 col-xs-20\">\n<table class=\"table table-striped\">\n<tbody>\n<tr>\n<td class=\"spec-name\">Geschlecht<\/td>\n<td class=\"spec-value\">Herren<\/td>\n<\/tr>\n<tr>\n<td class=\"spec-name\">Gruppe<\/td>\n<td class=\"spec-value\">Shimano Sora 9S<\/td>\n<\/tr>\n<tr>\n<td class=\"spec-name\">collection<\/td>\n<td class=\"spec-value\">2022<\/td>\n<\/tr>\n<\/tbody>\n<\/table>\n<\/div>","protected":false},"featured_media":60776,"comment_status":"open","ping_status":"closed","template":"","meta":[],"product_brand":[],"product_cat":[129],"product_tag":[],"class_list":{"0":"post-12440","1":"product","2":"type-product","3":"status-publish","4":"has-post-thumbnail","6":"product_cat-rennrad","7":"pa_marke-accent","9":"first","10":"instock","11":"sale","12":"taxable","13":"shipping-taxable","14":"purchasable","15":"product-type-variable"},"yoast_head":"<!-- This site is optimized with the Yoast SEO Premium plugin v20.12 (Yoast SEO v27.1.1) - https:\/\/yoast.com\/product\/yoast-seo-premium-wordpress\/ -->\n<title>ACCENT FALCON SHIMANO SORA 700 MM SCHWARZ 2022<\/title>\n<meta name=\"description\" content=\"Entdecken Sie unseren Online-Fahrradladen: Gro\u00dfe Auswahl an Modellen f\u00fcr alle Radsportbegeisterten. Von Rennr\u00e4dern bis zu Mountainbikes - finden Sie heute Ihren perfekten Wegbegleiter!\" \/>\n<meta name=\"robots\" content=\"index, follow, max-snippet:-1, max-image-preview:large, max-video-preview:-1\" \/>\n<link rel=\"canonical\" href=\"https:\/\/kgerad.de\/en\/product\/accent-falcon-shimano-sora-700-mm-schwarz-2022\/\" \/>\n<meta property=\"og:locale\" content=\"en_US\" \/>\n<meta property=\"og:type\" content=\"article\" \/>\n<meta property=\"og:title\" content=\"ACCENT FALCON SHIMANO SORA 700 MM SCHWARZ 2022\" \/>\n<meta property=\"og:description\" content=\"Entdecken Sie unseren Online-Fahrradladen: Gro\u00dfe Auswahl an Modellen f\u00fcr alle Radsportbegeisterten. Von Rennr\u00e4dern bis zu Mountainbikes - finden Sie heute Ihren perfekten Wegbegleiter!\" \/>\n<meta property=\"og:url\" content=\"https:\/\/kgerad.de\/en\/product\/accent-falcon-shimano-sora-700-mm-schwarz-2022\/\" \/>\n<meta property=\"og:site_name\" content=\"kgerad.de\" \/>\n<meta property=\"article:modified_time\" content=\"2023-08-10T16:36:09+00:00\" \/>\n<meta property=\"og:image\" content=\"https:\/\/kgerad.de\/wp-content\/uploads\/2023\/06\/GRAVEL-BIKE-ACCENT-FALCON-SHIMANO-SORA-9V-700-MM-SCHWARZ-2022.jpg\" \/>\n\t<meta property=\"og:image:width\" content=\"600\" \/>\n\t<meta property=\"og:image:height\" content=\"408\" \/>\n\t<meta property=\"og:image:type\" content=\"image\/jpeg\" \/>\n<meta name=\"twitter:card\" content=\"summary_large_image\" \/>\n<meta name=\"twitter:label1\" content=\"Est. reading time\" \/>\n\t<meta name=\"twitter:data1\" content=\"3 minutes\" \/>\n<script type=\"application\/ld+json\" class=\"yoast-schema-graph\">{\"@context\":\"https:\/\/schema.org\",\"@graph\":[{\"@type\":\"WebPage\",\"@id\":\"https:\/\/kgerad.de\/produkt\/accent-falcon-shimano-sora-700-mm-schwarz-2022\/\",\"url\":\"https:\/\/kgerad.de\/produkt\/accent-falcon-shimano-sora-700-mm-schwarz-2022\/\",\"name\":\"ACCENT FALCON SHIMANO SORA 700 MM SCHWARZ 2022\",\"isPartOf\":{\"@id\":\"https:\/\/kgerad.de\/#website\"},\"primaryImageOfPage\":{\"@id\":\"https:\/\/kgerad.de\/produkt\/accent-falcon-shimano-sora-700-mm-schwarz-2022\/#primaryimage\"},\"image\":{\"@id\":\"https:\/\/kgerad.de\/produkt\/accent-falcon-shimano-sora-700-mm-schwarz-2022\/#primaryimage\"},\"thumbnailUrl\":\"https:\/\/kgerad.de\/wp-content\/uploads\/2023\/06\/GRAVEL-BIKE-ACCENT-FALCON-SHIMANO-SORA-9V-700-MM-SCHWARZ-2022.jpg\",\"datePublished\":\"2022-08-04T15:14:01+00:00\",\"dateModified\":\"2023-08-10T16:36:09+00:00\",\"description\":\"Entdecken Sie unseren Online-Fahrradladen: Gro\u00dfe Auswahl an Modellen f\u00fcr alle Radsportbegeisterten. Von Rennr\u00e4dern bis zu Mountainbikes - finden Sie heute Ihren perfekten Wegbegleiter!\",\"breadcrumb\":{\"@id\":\"https:\/\/kgerad.de\/produkt\/accent-falcon-shimano-sora-700-mm-schwarz-2022\/#breadcrumb\"},\"inLanguage\":\"en-US\",\"potentialAction\":[{\"@type\":\"ReadAction\",\"target\":[\"https:\/\/kgerad.de\/produkt\/accent-falcon-shimano-sora-700-mm-schwarz-2022\/\"]}]},{\"@type\":\"ImageObject\",\"inLanguage\":\"en-US\",\"@id\":\"https:\/\/kgerad.de\/produkt\/accent-falcon-shimano-sora-700-mm-schwarz-2022\/#primaryimage\",\"url\":\"https:\/\/kgerad.de\/wp-content\/uploads\/2023\/06\/GRAVEL-BIKE-ACCENT-FALCON-SHIMANO-SORA-9V-700-MM-SCHWARZ-2022.jpg\",\"contentUrl\":\"https:\/\/kgerad.de\/wp-content\/uploads\/2023\/06\/GRAVEL-BIKE-ACCENT-FALCON-SHIMANO-SORA-9V-700-MM-SCHWARZ-2022.jpg\",\"width\":600,\"height\":408,\"caption\":\"GRAVEL BIKE ACCENT FALCON SHIMANO SORA 9V 700 MM SCHWARZ 2022\"},{\"@type\":\"BreadcrumbList\",\"@id\":\"https:\/\/kgerad.de\/produkt\/accent-falcon-shimano-sora-700-mm-schwarz-2022\/#breadcrumb\",\"itemListElement\":[{\"@type\":\"ListItem\",\"position\":1,\"name\":\"Startseite\",\"item\":\"https:\/\/kgerad.de\/\"},{\"@type\":\"ListItem\",\"position\":2,\"name\":\"LADEN\",\"item\":\"https:\/\/kgerad.de\/laden\/\"},{\"@type\":\"ListItem\",\"position\":3,\"name\":\"ACCENT FALCON SHIMANO SORA 700 MM SCHWARZ 2022\"}]},{\"@type\":\"WebSite\",\"@id\":\"https:\/\/kgerad.de\/#website\",\"url\":\"https:\/\/kgerad.de\/\",\"name\":\"kgerad.de\",\"description\":\"Treten Sie mit uns ins Abenteuer!\",\"publisher\":{\"@id\":\"https:\/\/kgerad.de\/#organization\"},\"alternateName\":\"MEIN RADLADEN\",\"potentialAction\":[{\"@type\":\"SearchAction\",\"target\":{\"@type\":\"EntryPoint\",\"urlTemplate\":\"https:\/\/kgerad.de\/?s={search_term_string}\"},\"query-input\":{\"@type\":\"PropertyValueSpecification\",\"valueRequired\":true,\"valueName\":\"search_term_string\"}}],\"inLanguage\":\"en-US\"},{\"@type\":\"Organization\",\"@id\":\"https:\/\/kgerad.de\/#organization\",\"name\":\"MEINRADLADEN\",\"alternateName\":\"MEIN RADLADEN\",\"url\":\"https:\/\/kgerad.de\/\",\"logo\":{\"@type\":\"ImageObject\",\"inLanguage\":\"en-US\",\"@id\":\"https:\/\/kgerad.de\/#\/schema\/logo\/image\/\",\"url\":\"https:\/\/kgerad.de\/wp-content\/uploads\/2025\/07\/logo-Whit.svg\",\"contentUrl\":\"https:\/\/kgerad.de\/wp-content\/uploads\/2025\/07\/logo-Whit.svg\",\"width\":1640,\"height\":371,\"caption\":\"MEINRADLADEN\"},\"image\":{\"@id\":\"https:\/\/kgerad.de\/#\/schema\/logo\/image\/\"}}]}<\/script>\n<!-- \/ Yoast SEO Premium plugin. -->","yoast_head_json":{"title":"ACCENT FALCON SHIMANO SORA 700 MM SCHWARZ 2022","description":"Entdecken Sie unseren Online-Fahrradladen: Gro\u00dfe Auswahl an Modellen f\u00fcr alle Radsportbegeisterten. Von Rennr\u00e4dern bis zu Mountainbikes - finden Sie heute Ihren perfekten Wegbegleiter!","robots":{"index":"index","follow":"follow","max-snippet":"max-snippet:-1","max-image-preview":"max-image-preview:large","max-video-preview":"max-video-preview:-1"},"canonical":"https:\/\/kgerad.de\/en\/product\/accent-falcon-shimano-sora-700-mm-schwarz-2022\/","og_locale":"en_US","og_type":"article","og_title":"ACCENT FALCON SHIMANO SORA 700 MM SCHWARZ 2022","og_description":"Entdecken Sie unseren Online-Fahrradladen: Gro\u00dfe Auswahl an Modellen f\u00fcr alle Radsportbegeisterten. Von Rennr\u00e4dern bis zu Mountainbikes - finden Sie heute Ihren perfekten Wegbegleiter!","og_url":"https:\/\/kgerad.de\/en\/product\/accent-falcon-shimano-sora-700-mm-schwarz-2022\/","og_site_name":"kgerad.de","article_modified_time":"2023-08-10T16:36:09+00:00","og_image":[{"width":600,"height":408,"url":"https:\/\/kgerad.de\/wp-content\/uploads\/2023\/06\/GRAVEL-BIKE-ACCENT-FALCON-SHIMANO-SORA-9V-700-MM-SCHWARZ-2022.jpg","type":"image\/jpeg"}],"twitter_card":"summary_large_image","twitter_misc":{"Est. reading time":"3 minutes"},"schema":{"@context":"https:\/\/schema.org","@graph":[{"@type":"WebPage","@id":"https:\/\/kgerad.de\/produkt\/accent-falcon-shimano-sora-700-mm-schwarz-2022\/","url":"https:\/\/kgerad.de\/produkt\/accent-falcon-shimano-sora-700-mm-schwarz-2022\/","name":"ACCENT FALCON SHIMANO SORA 700 MM SCHWARZ 2022","isPartOf":{"@id":"https:\/\/kgerad.de\/#website"},"primaryImageOfPage":{"@id":"https:\/\/kgerad.de\/produkt\/accent-falcon-shimano-sora-700-mm-schwarz-2022\/#primaryimage"},"image":{"@id":"https:\/\/kgerad.de\/produkt\/accent-falcon-shimano-sora-700-mm-schwarz-2022\/#primaryimage"},"thumbnailUrl":"https:\/\/kgerad.de\/wp-content\/uploads\/2023\/06\/GRAVEL-BIKE-ACCENT-FALCON-SHIMANO-SORA-9V-700-MM-SCHWARZ-2022.jpg","datePublished":"2022-08-04T15:14:01+00:00","dateModified":"2023-08-10T16:36:09+00:00","description":"Entdecken Sie unseren Online-Fahrradladen: Gro\u00dfe Auswahl an Modellen f\u00fcr alle Radsportbegeisterten. Von Rennr\u00e4dern bis zu Mountainbikes - finden Sie heute Ihren perfekten Wegbegleiter!","breadcrumb":{"@id":"https:\/\/kgerad.de\/produkt\/accent-falcon-shimano-sora-700-mm-schwarz-2022\/#breadcrumb"},"inLanguage":"en-US","potentialAction":[{"@type":"ReadAction","target":["https:\/\/kgerad.de\/produkt\/accent-falcon-shimano-sora-700-mm-schwarz-2022\/"]}]},{"@type":"ImageObject","inLanguage":"en-US","@id":"https:\/\/kgerad.de\/produkt\/accent-falcon-shimano-sora-700-mm-schwarz-2022\/#primaryimage","url":"https:\/\/kgerad.de\/wp-content\/uploads\/2023\/06\/GRAVEL-BIKE-ACCENT-FALCON-SHIMANO-SORA-9V-700-MM-SCHWARZ-2022.jpg","contentUrl":"https:\/\/kgerad.de\/wp-content\/uploads\/2023\/06\/GRAVEL-BIKE-ACCENT-FALCON-SHIMANO-SORA-9V-700-MM-SCHWARZ-2022.jpg","width":600,"height":408,"caption":"GRAVEL BIKE ACCENT FALCON SHIMANO SORA 9V 700 MM SCHWARZ 2022"},{"@type":"BreadcrumbList","@id":"https:\/\/kgerad.de\/produkt\/accent-falcon-shimano-sora-700-mm-schwarz-2022\/#breadcrumb","itemListElement":[{"@type":"ListItem","position":1,"name":"Startseite","item":"https:\/\/kgerad.de\/"},{"@type":"ListItem","position":2,"name":"LADEN","item":"https:\/\/kgerad.de\/laden\/"},{"@type":"ListItem","position":3,"name":"ACCENT FALCON SHIMANO SORA 700 MM SCHWARZ 2022"}]},{"@type":"WebSite","@id":"https:\/\/kgerad.de\/#website","url":"https:\/\/kgerad.de\/","name":"kgerad.de","description":"Treten Sie mit uns ins Abenteuer!","publisher":{"@id":"https:\/\/kgerad.de\/#organization"},"alternateName":"MEIN RADLADEN","potentialAction":[{"@type":"SearchAction","target":{"@type":"EntryPoint","urlTemplate":"https:\/\/kgerad.de\/?s={search_term_string}"},"query-input":{"@type":"PropertyValueSpecification","valueRequired":true,"valueName":"search_term_string"}}],"inLanguage":"en-US"},{"@type":"Organization","@id":"https:\/\/kgerad.de\/#organization","name":"MEINRADLADEN","alternateName":"MEIN RADLADEN","url":"https:\/\/kgerad.de\/","logo":{"@type":"ImageObject","inLanguage":"en-US","@id":"https:\/\/kgerad.de\/#\/schema\/logo\/image\/","url":"https:\/\/kgerad.de\/wp-content\/uploads\/2025\/07\/logo-Whit.svg","contentUrl":"https:\/\/kgerad.de\/wp-content\/uploads\/2025\/07\/logo-Whit.svg","width":1640,"height":371,"caption":"MEINRADLADEN"},"image":{"@id":"https:\/\/kgerad.de\/#\/schema\/logo\/image\/"}}]}},"_links":{"self":[{"href":"https:\/\/kgerad.de\/en\/wp-json\/wp\/v2\/product\/12440","targetHints":{"allow":["GET"]}}],"collection":[{"href":"https:\/\/kgerad.de\/en\/wp-json\/wp\/v2\/product"}],"about":[{"href":"https:\/\/kgerad.de\/en\/wp-json\/wp\/v2\/types\/product"}],"replies":[{"embeddable":true,"href":"https:\/\/kgerad.de\/en\/wp-json\/wp\/v2\/comments?post=12440"}],"version-history":[{"count":1,"href":"https:\/\/kgerad.de\/en\/wp-json\/wp\/v2\/product\/12440\/revisions"}],"predecessor-version":[{"id":78569,"href":"https:\/\/kgerad.de\/en\/wp-json\/wp\/v2\/product\/12440\/revisions\/78569"}],"wp:featuredmedia":[{"embeddable":true,"href":"https:\/\/kgerad.de\/en\/wp-json\/wp\/v2\/media\/60776"}],"wp:attachment":[{"href":"https:\/\/kgerad.de\/en\/wp-json\/wp\/v2\/media?parent=12440"}],"wp:term":[{"taxonomy":"product_brand","embeddable":true,"href":"https:\/\/kgerad.de\/en\/wp-json\/wp\/v2\/product_brand?post=12440"},{"taxonomy":"product_cat","embeddable":true,"href":"https:\/\/kgerad.de\/en\/wp-json\/wp\/v2\/product_cat?post=12440"},{"taxonomy":"product_tag","embeddable":true,"href":"https:\/\/kgerad.de\/en\/wp-json\/wp\/v2\/product_tag?post=12440"}],"curies":[{"name":"wp","href":"https:\/\/api.w.org\/{rel}","templated":true}]}}