{"id":12427,"date":"2022-08-04T16:32:30","date_gmt":"2022-08-04T14:32:30","guid":{"rendered":"https:\/\/kgerad.de\/?post_type=product&#038;p=12427"},"modified":"2023-08-10T17:08:38","modified_gmt":"2023-08-10T15:08:38","slug":"bmc-roadmachine-x-two-rennrad-sram-rival-etap-axs-12s-700-mm-orange-2022","status":"publish","type":"product","link":"https:\/\/kgerad.de\/en\/product\/bmc-roadmachine-x-two-rennrad-sram-rival-etap-axs-12s-700-mm-orange-2022\/","title":{"rendered":"BMC ROADMACHINE X TWO RENNRAD SRAM RIVAL ETAP AXS 12S 700 MM ORANGE 2022"},"content":{"rendered":"<div id=\"product-header-order-name\" class=\"col-lg-20 col-md-20 col-sm-20 col-xs-20\">\n<h2 class=\"heading-title-text\">BMC ROADMACHINE X TWO RENNRAD SRAM RIVAL ETAP AXS 12S 700 MM ORANGE 2022<\/h2>\n<\/div>\n<div id=\"product-header-order-form\" class=\"js-reload-on-event col-lg-20 col-md-20 col-sm-20 col-xs-20\" data-to-watch=\"body\" data-event=\"alltricks:cartChanged\" data-url=\"\/ajax\/product\/ajouter\/F-41505-velos-route-_-cyclocross-_-triathlon\/P-1995037-bmc_roadmachine_x_two_rennrad_sram_rival_etap_axs_12s_700_mm_orange_2022\">\n<div class=\"col col-sm-12 col-md-12 col-lg-12\">\n<p>Die\u00a0<strong>BMC Roadmachine X<\/strong>\u00a0ist die fortschrittlichste Roadmachine aller Zeiten. Jetzt in einer aktualisierten Carbon-Version, vereint es charakteristische Compliance und Leistung mit deutlich verbesserten F\u00e4higkeiten, um die rauesten Stra\u00dfen zu \u00fcberwinden. Entworfen mit bew\u00e4hrter Endurance-Geometrie und breiter Einstellbarkeit. Setzen Sie die Grenzen Ihrer Fahrabenteuer neu. Von epischen Stra\u00dfen bis hin zu weit entfernten Schotterpisten bietet\u00a0<strong>Roadmachine X das fehlende Glied<\/strong>\u00a0.<\/p>\n<\/div>\n<div class=\"prodsheet_bullets col col-sm-8 col-md-8 col-lg-8\">\n<h4>HAUPTEIGENSCHAFTEN:<\/h4>\n<ul>\n<li>Die bisher fortschrittlichste Roadmachine.<\/li>\n<li>TCC Endurance-Technologie: Nehmen Sie die rauesten Stra\u00dfen ab, um h\u00e4rter zu pushen und weiter zu fahren.<\/li>\n<li>Sram Rival eTap AXS 1&#215;12-fach Antrieb.<\/li>\n<li>Sram Rival eTap AXS HRD hydraulische Scheibenbremsen, 160\/160 mm.<\/li>\n<\/ul>\n<\/div>\n<div class=\"prodsheet_specs1 col col-sm-12 col-md-12 col-lg-12\">\n<h4>MERKMALE:<\/h4>\n<table class=\"table table-striped\">\n<tbody>\n<tr>\n<td>Rahmen<\/td>\n<td>Carbon: Roadmachine X Premium Carbon mit Tuned Compliance Concept Endurance, interne Kabelf\u00fchrung, PF86 Innenlager, Flat Mount Disc, 12&#215;142 mm Steckachse, Reifenfreiheit: 33 mm (gemessene Breite)<\/td>\n<\/tr>\n<tr>\n<td>Gabel<\/td>\n<td>Carbon: Roadmachine X Premium Carbon mit Tuned Compliance Concept Endurance, interne Kabelf\u00fchrung, Flat Mount Disc, 12&#215;100 mm Steckachse, 50 mm Offset (Gr\u00f6\u00dfe 47-51), 45 mm Offset (Gr\u00f6\u00dfe 54-61)<\/td>\n<\/tr>\n<tr>\n<td>Schalthebel<\/td>\n<td>Sram Rival eTap AXS, 1&#215;12-fach<\/td>\n<\/tr>\n<tr>\n<td>Schaltwerk<\/td>\n<td>Sram Rival eTap AXS, 12-fach<\/td>\n<\/tr>\n<tr>\n<td>Kassette<\/td>\n<td>Sram Rivale AXS<\/td>\n<\/tr>\n<tr>\n<td>Kette<\/td>\n<td>Sram Rivale<\/td>\n<\/tr>\n<tr>\n<td>Kurbel<\/td>\n<td>Sram Rival AXS 1, 44T<\/td>\n<\/tr>\n<tr>\n<td>Innenlager<\/td>\n<td>PF86<\/td>\n<\/tr>\n<tr>\n<td>Bremsen<\/td>\n<td>Sram Rival eTap AXS HRD, Hydr. Scheibenbremse, Centerline X Rotoren (160\/160)<\/td>\n<\/tr>\n<tr>\n<td>Laufradsatz<\/td>\n<td>Felgen: XRD-522, Tubeless Ready, 25 mm \/ Naben: XRD-522<\/td>\n<\/tr>\n<tr>\n<td>Reifen<\/td>\n<td>WTB-Ausdehnung, 32-622, 700&#215;32 mm<\/td>\n<\/tr>\n<tr>\n<td>Lenker<\/td>\n<td>BMC RAB 02, Ergo Top Shape, Compact Bend, 70 mm Reach, 125 mm Drop<\/td>\n<\/tr>\n<tr>\n<td>Stengel<\/td>\n<td>BMC ICS1, Integriertes Cockpit-Design<\/td>\n<\/tr>\n<tr>\n<td>Sattel<\/td>\n<td>Fizik Terra Argo X3<\/td>\n<\/tr>\n<tr>\n<td>Sattelst\u00fctze<\/td>\n<td>Roadmachine X Premium Carbon Sattelst\u00fctze in D-Form, 15 mm Offset<\/td>\n<\/tr>\n<tr>\n<td>Gewicht<\/td>\n<td>9,40 kg<\/td>\n<\/tr>\n<tr>\n<td>Gewichtsbeschr\u00e4nkung<\/td>\n<td>110 kg: Das maximale Systemgewicht besteht aus Fahrrad, Fahrer und Ausr\u00fcstung<\/td>\n<\/tr>\n<tr>\n<td>Farbe<\/td>\n<td>Orange<\/td>\n<\/tr>\n<\/tbody>\n<\/table>\n<\/div>\n<div class=\"prodsheet_specs2 col col-sm-8 col-md-8 col-lg-8\">\n<h4>GEOMETRIEN:<\/h4>\n<p><img decoding=\"async\" src=\"http:\/\/media1.alltricks.fr\/ckfinder\/images\/cube_route_geo_en.jpg\" \/><\/p>\n<table class=\"table table-striped\">\n<tbody>\n<tr>\n<td>Rahmengr\u00f6\u00dfe (cm)<\/td>\n<td>47<\/td>\n<td>51<\/td>\n<td>54<\/td>\n<td>56<\/td>\n<td>58<\/td>\n<td>61<\/td>\n<\/tr>\n<tr>\n<td>Sitzrohr (mm)<\/td>\n<td>420<\/td>\n<td>457<\/td>\n<td>500<\/td>\n<td>522<\/td>\n<td>539<\/td>\n<td>573<\/td>\n<\/tr>\n<tr>\n<td>Oberrohr (mm)<\/td>\n<td>522<\/td>\n<td>532<\/td>\n<td>546<\/td>\n<td>556<\/td>\n<td>568<\/td>\n<td>583<\/td>\n<\/tr>\n<tr>\n<td>Kettenstreben (mm)<\/td>\n<td>410<\/td>\n<td>410<\/td>\n<td>410<\/td>\n<td>410<\/td>\n<td>410<\/td>\n<td>410<\/td>\n<\/tr>\n<tr>\n<td>Steuerrohrl\u00e4nge (mm)<\/td>\n<td>112<\/td>\n<td>139<\/td>\n<td>156<\/td>\n<td>181<\/td>\n<td>206<\/td>\n<td>242<\/td>\n<\/tr>\n<tr>\n<td>Steuerrohrwinkel (\u00b0)<\/td>\n<td>71,2<\/td>\n<td>71,2<\/td>\n<td>72<\/td>\n<td>72<\/td>\n<td>72<\/td>\n<td>72<\/td>\n<\/tr>\n<tr>\n<td>Sitzrohrwinkel (\u00b0)<\/td>\n<td>74,2<\/td>\n<td>74,2<\/td>\n<td>74,2<\/td>\n<td>74,2<\/td>\n<td>74,2<\/td>\n<td>74,2<\/td>\n<\/tr>\n<tr>\n<td>Radstand (mm)<\/td>\n<td>982<\/td>\n<td>999<\/td>\n<td>997<\/td>\n<td>1008<\/td>\n<td>1020<\/td>\n<td>1035<\/td>\n<\/tr>\n<tr>\n<td>Stapel (mm)<\/td>\n<td>516<\/td>\n<td>541<\/td>\n<td>562<\/td>\n<td>586<\/td>\n<td>610<\/td>\n<td>644<\/td>\n<\/tr>\n<tr>\n<td>Reichweite (mm)<\/td>\n<td>374<\/td>\n<td>382<\/td>\n<td>386<\/td>\n<td>390<\/td>\n<td>394<\/td>\n<td>398<\/td>\n<\/tr>\n<tr>\n<td>Schaftl\u00e4nge (mm)<\/td>\n<td>80<\/td>\n<td>90<\/td>\n<td>100<\/td>\n<td>100<\/td>\n<td>110<\/td>\n<td>110<\/td>\n<\/tr>\n<tr>\n<td>Lenkerbreite (mm)<\/td>\n<td>400<\/td>\n<td>420<\/td>\n<td>420<\/td>\n<td>420<\/td>\n<td>420<\/td>\n<td>440<\/td>\n<\/tr>\n<tr>\n<td>Gabelrechen (mm)<\/td>\n<td>50<\/td>\n<td>50<\/td>\n<td>45<\/td>\n<td>45<\/td>\n<td>45<\/td>\n<td>45<\/td>\n<\/tr>\n<tr>\n<td>Kurbell\u00e4nge (mm)<\/td>\n<td>170<\/td>\n<td>170<\/td>\n<td>172,5<\/td>\n<td>172,5<\/td>\n<td>175<\/td>\n<td>175<\/td>\n<\/tr>\n<\/tbody>\n<\/table>\n<\/div>\n<\/div>","protected":false},"excerpt":{"rendered":"<div class=\"col-lg-14 col-md-14 col-sm-14 col-xs-20\"><\/div>\n<div id=\"product-specifications-table\" class=\"col-lg-20 col-md-20 col-sm-20 col-xs-20\">\n<table class=\"table table-striped\">\n<tbody>\n<tr>\n<td class=\"spec-name\">Geschlecht<\/td>\n<td class=\"spec-value\">Herren<\/td>\n<\/tr>\n<tr>\n<td class=\"spec-name\">Gruppe<\/td>\n<td class=\"spec-value\">Sram Rival eTap AXS 12V<\/td>\n<\/tr>\n<tr>\n<td class=\"spec-name\">collection<\/td>\n<td class=\"spec-value\">2022<\/td>\n<\/tr>\n<\/tbody>\n<\/table>\n<\/div>","protected":false},"featured_media":60774,"comment_status":"open","ping_status":"closed","template":"","meta":[],"product_brand":[],"product_cat":[129],"product_tag":[],"class_list":{"0":"post-12427","1":"product","2":"type-product","3":"status-publish","4":"has-post-thumbnail","6":"product_cat-rennrad","7":"pa_marke-bmc","9":"first","10":"instock","11":"sale","12":"taxable","13":"shipping-taxable","14":"purchasable","15":"product-type-variable"},"yoast_head":"<!-- This site is optimized with the Yoast SEO Premium plugin v20.12 (Yoast SEO v27.1.1) - https:\/\/yoast.com\/product\/yoast-seo-premium-wordpress\/ -->\n<title>BMC ROADMACHINE X TWO RENNRAD SRAM RIVAL ETAP AXS 12S 700 MM ORANGE 2022<\/title>\n<meta name=\"description\" content=\"Entdecken Sie unseren Online-Fahrradladen: Gro\u00dfe Auswahl an Modellen f\u00fcr alle Radsportbegeisterten. Von Rennr\u00e4dern bis zu Mountainbikes - finden Sie heute Ihren perfekten Wegbegleiter!\" \/>\n<meta name=\"robots\" content=\"index, follow, max-snippet:-1, max-image-preview:large, max-video-preview:-1\" \/>\n<link rel=\"canonical\" href=\"https:\/\/kgerad.de\/en\/product\/bmc-roadmachine-x-two-rennrad-sram-rival-etap-axs-12s-700-mm-orange-2022\/\" \/>\n<meta property=\"og:locale\" content=\"en_US\" \/>\n<meta property=\"og:type\" content=\"article\" \/>\n<meta property=\"og:title\" content=\"BMC ROADMACHINE X TWO RENNRAD SRAM RIVAL ETAP AXS 12S 700 MM ORANGE 2022\" \/>\n<meta property=\"og:description\" content=\"Entdecken Sie unseren Online-Fahrradladen: Gro\u00dfe Auswahl an Modellen f\u00fcr alle Radsportbegeisterten. Von Rennr\u00e4dern bis zu Mountainbikes - finden Sie heute Ihren perfekten Wegbegleiter!\" \/>\n<meta property=\"og:url\" content=\"https:\/\/kgerad.de\/en\/product\/bmc-roadmachine-x-two-rennrad-sram-rival-etap-axs-12s-700-mm-orange-2022\/\" \/>\n<meta property=\"og:site_name\" content=\"kgerad.de\" \/>\n<meta property=\"article:modified_time\" content=\"2023-08-10T15:08:38+00:00\" \/>\n<meta property=\"og:image\" content=\"https:\/\/kgerad.de\/wp-content\/uploads\/2023\/06\/BMC-ROADMACHINE-X-TWO-RENNRAD-SRAM-RIVAL-ETAP-AXS-12S-700-MM-ORANGE-2022.jpg\" \/>\n\t<meta property=\"og:image:width\" content=\"600\" \/>\n\t<meta property=\"og:image:height\" content=\"408\" \/>\n\t<meta property=\"og:image:type\" content=\"image\/jpeg\" \/>\n<meta name=\"twitter:card\" content=\"summary_large_image\" \/>\n<meta name=\"twitter:label1\" content=\"Est. reading time\" \/>\n\t<meta name=\"twitter:data1\" content=\"3 minutes\" \/>\n<script type=\"application\/ld+json\" class=\"yoast-schema-graph\">{\"@context\":\"https:\/\/schema.org\",\"@graph\":[{\"@type\":\"WebPage\",\"@id\":\"https:\/\/kgerad.de\/produkt\/bmc-roadmachine-x-two-rennrad-sram-rival-etap-axs-12s-700-mm-orange-2022\/\",\"url\":\"https:\/\/kgerad.de\/produkt\/bmc-roadmachine-x-two-rennrad-sram-rival-etap-axs-12s-700-mm-orange-2022\/\",\"name\":\"BMC ROADMACHINE X TWO RENNRAD SRAM RIVAL ETAP AXS 12S 700 MM ORANGE 2022\",\"isPartOf\":{\"@id\":\"https:\/\/kgerad.de\/#website\"},\"primaryImageOfPage\":{\"@id\":\"https:\/\/kgerad.de\/produkt\/bmc-roadmachine-x-two-rennrad-sram-rival-etap-axs-12s-700-mm-orange-2022\/#primaryimage\"},\"image\":{\"@id\":\"https:\/\/kgerad.de\/produkt\/bmc-roadmachine-x-two-rennrad-sram-rival-etap-axs-12s-700-mm-orange-2022\/#primaryimage\"},\"thumbnailUrl\":\"https:\/\/kgerad.de\/wp-content\/uploads\/2023\/06\/BMC-ROADMACHINE-X-TWO-RENNRAD-SRAM-RIVAL-ETAP-AXS-12S-700-MM-ORANGE-2022.jpg\",\"datePublished\":\"2022-08-04T14:32:30+00:00\",\"dateModified\":\"2023-08-10T15:08:38+00:00\",\"description\":\"Entdecken Sie unseren Online-Fahrradladen: Gro\u00dfe Auswahl an Modellen f\u00fcr alle Radsportbegeisterten. Von Rennr\u00e4dern bis zu Mountainbikes - finden Sie heute Ihren perfekten Wegbegleiter!\",\"breadcrumb\":{\"@id\":\"https:\/\/kgerad.de\/produkt\/bmc-roadmachine-x-two-rennrad-sram-rival-etap-axs-12s-700-mm-orange-2022\/#breadcrumb\"},\"inLanguage\":\"en-US\",\"potentialAction\":[{\"@type\":\"ReadAction\",\"target\":[\"https:\/\/kgerad.de\/produkt\/bmc-roadmachine-x-two-rennrad-sram-rival-etap-axs-12s-700-mm-orange-2022\/\"]}]},{\"@type\":\"ImageObject\",\"inLanguage\":\"en-US\",\"@id\":\"https:\/\/kgerad.de\/produkt\/bmc-roadmachine-x-two-rennrad-sram-rival-etap-axs-12s-700-mm-orange-2022\/#primaryimage\",\"url\":\"https:\/\/kgerad.de\/wp-content\/uploads\/2023\/06\/BMC-ROADMACHINE-X-TWO-RENNRAD-SRAM-RIVAL-ETAP-AXS-12S-700-MM-ORANGE-2022.jpg\",\"contentUrl\":\"https:\/\/kgerad.de\/wp-content\/uploads\/2023\/06\/BMC-ROADMACHINE-X-TWO-RENNRAD-SRAM-RIVAL-ETAP-AXS-12S-700-MM-ORANGE-2022.jpg\",\"width\":600,\"height\":408,\"caption\":\"BMC ROADMACHINE X TWO RENNRAD SRAM RIVAL ETAP AXS 12S 700 MM ORANGE 2022\"},{\"@type\":\"BreadcrumbList\",\"@id\":\"https:\/\/kgerad.de\/produkt\/bmc-roadmachine-x-two-rennrad-sram-rival-etap-axs-12s-700-mm-orange-2022\/#breadcrumb\",\"itemListElement\":[{\"@type\":\"ListItem\",\"position\":1,\"name\":\"Startseite\",\"item\":\"https:\/\/kgerad.de\/\"},{\"@type\":\"ListItem\",\"position\":2,\"name\":\"LADEN\",\"item\":\"https:\/\/kgerad.de\/laden\/\"},{\"@type\":\"ListItem\",\"position\":3,\"name\":\"BMC ROADMACHINE X TWO RENNRAD SRAM RIVAL ETAP AXS 12S 700 MM ORANGE 2022\"}]},{\"@type\":\"WebSite\",\"@id\":\"https:\/\/kgerad.de\/#website\",\"url\":\"https:\/\/kgerad.de\/\",\"name\":\"kgerad.de\",\"description\":\"Treten Sie mit uns ins Abenteuer!\",\"publisher\":{\"@id\":\"https:\/\/kgerad.de\/#organization\"},\"alternateName\":\"MEIN RADLADEN\",\"potentialAction\":[{\"@type\":\"SearchAction\",\"target\":{\"@type\":\"EntryPoint\",\"urlTemplate\":\"https:\/\/kgerad.de\/?s={search_term_string}\"},\"query-input\":{\"@type\":\"PropertyValueSpecification\",\"valueRequired\":true,\"valueName\":\"search_term_string\"}}],\"inLanguage\":\"en-US\"},{\"@type\":\"Organization\",\"@id\":\"https:\/\/kgerad.de\/#organization\",\"name\":\"MEINRADLADEN\",\"alternateName\":\"MEIN RADLADEN\",\"url\":\"https:\/\/kgerad.de\/\",\"logo\":{\"@type\":\"ImageObject\",\"inLanguage\":\"en-US\",\"@id\":\"https:\/\/kgerad.de\/#\/schema\/logo\/image\/\",\"url\":\"https:\/\/kgerad.de\/wp-content\/uploads\/2025\/07\/logo-Whit.svg\",\"contentUrl\":\"https:\/\/kgerad.de\/wp-content\/uploads\/2025\/07\/logo-Whit.svg\",\"width\":1640,\"height\":371,\"caption\":\"MEINRADLADEN\"},\"image\":{\"@id\":\"https:\/\/kgerad.de\/#\/schema\/logo\/image\/\"}}]}<\/script>\n<!-- \/ Yoast SEO Premium plugin. -->","yoast_head_json":{"title":"BMC ROADMACHINE X TWO RENNRAD SRAM RIVAL ETAP AXS 12S 700 MM ORANGE 2022","description":"Entdecken Sie unseren Online-Fahrradladen: Gro\u00dfe Auswahl an Modellen f\u00fcr alle Radsportbegeisterten. Von Rennr\u00e4dern bis zu Mountainbikes - finden Sie heute Ihren perfekten Wegbegleiter!","robots":{"index":"index","follow":"follow","max-snippet":"max-snippet:-1","max-image-preview":"max-image-preview:large","max-video-preview":"max-video-preview:-1"},"canonical":"https:\/\/kgerad.de\/en\/product\/bmc-roadmachine-x-two-rennrad-sram-rival-etap-axs-12s-700-mm-orange-2022\/","og_locale":"en_US","og_type":"article","og_title":"BMC ROADMACHINE X TWO RENNRAD SRAM RIVAL ETAP AXS 12S 700 MM ORANGE 2022","og_description":"Entdecken Sie unseren Online-Fahrradladen: Gro\u00dfe Auswahl an Modellen f\u00fcr alle Radsportbegeisterten. Von Rennr\u00e4dern bis zu Mountainbikes - finden Sie heute Ihren perfekten Wegbegleiter!","og_url":"https:\/\/kgerad.de\/en\/product\/bmc-roadmachine-x-two-rennrad-sram-rival-etap-axs-12s-700-mm-orange-2022\/","og_site_name":"kgerad.de","article_modified_time":"2023-08-10T15:08:38+00:00","og_image":[{"width":600,"height":408,"url":"https:\/\/kgerad.de\/wp-content\/uploads\/2023\/06\/BMC-ROADMACHINE-X-TWO-RENNRAD-SRAM-RIVAL-ETAP-AXS-12S-700-MM-ORANGE-2022.jpg","type":"image\/jpeg"}],"twitter_card":"summary_large_image","twitter_misc":{"Est. reading time":"3 minutes"},"schema":{"@context":"https:\/\/schema.org","@graph":[{"@type":"WebPage","@id":"https:\/\/kgerad.de\/produkt\/bmc-roadmachine-x-two-rennrad-sram-rival-etap-axs-12s-700-mm-orange-2022\/","url":"https:\/\/kgerad.de\/produkt\/bmc-roadmachine-x-two-rennrad-sram-rival-etap-axs-12s-700-mm-orange-2022\/","name":"BMC ROADMACHINE X TWO RENNRAD SRAM RIVAL ETAP AXS 12S 700 MM ORANGE 2022","isPartOf":{"@id":"https:\/\/kgerad.de\/#website"},"primaryImageOfPage":{"@id":"https:\/\/kgerad.de\/produkt\/bmc-roadmachine-x-two-rennrad-sram-rival-etap-axs-12s-700-mm-orange-2022\/#primaryimage"},"image":{"@id":"https:\/\/kgerad.de\/produkt\/bmc-roadmachine-x-two-rennrad-sram-rival-etap-axs-12s-700-mm-orange-2022\/#primaryimage"},"thumbnailUrl":"https:\/\/kgerad.de\/wp-content\/uploads\/2023\/06\/BMC-ROADMACHINE-X-TWO-RENNRAD-SRAM-RIVAL-ETAP-AXS-12S-700-MM-ORANGE-2022.jpg","datePublished":"2022-08-04T14:32:30+00:00","dateModified":"2023-08-10T15:08:38+00:00","description":"Entdecken Sie unseren Online-Fahrradladen: Gro\u00dfe Auswahl an Modellen f\u00fcr alle Radsportbegeisterten. Von Rennr\u00e4dern bis zu Mountainbikes - finden Sie heute Ihren perfekten Wegbegleiter!","breadcrumb":{"@id":"https:\/\/kgerad.de\/produkt\/bmc-roadmachine-x-two-rennrad-sram-rival-etap-axs-12s-700-mm-orange-2022\/#breadcrumb"},"inLanguage":"en-US","potentialAction":[{"@type":"ReadAction","target":["https:\/\/kgerad.de\/produkt\/bmc-roadmachine-x-two-rennrad-sram-rival-etap-axs-12s-700-mm-orange-2022\/"]}]},{"@type":"ImageObject","inLanguage":"en-US","@id":"https:\/\/kgerad.de\/produkt\/bmc-roadmachine-x-two-rennrad-sram-rival-etap-axs-12s-700-mm-orange-2022\/#primaryimage","url":"https:\/\/kgerad.de\/wp-content\/uploads\/2023\/06\/BMC-ROADMACHINE-X-TWO-RENNRAD-SRAM-RIVAL-ETAP-AXS-12S-700-MM-ORANGE-2022.jpg","contentUrl":"https:\/\/kgerad.de\/wp-content\/uploads\/2023\/06\/BMC-ROADMACHINE-X-TWO-RENNRAD-SRAM-RIVAL-ETAP-AXS-12S-700-MM-ORANGE-2022.jpg","width":600,"height":408,"caption":"BMC ROADMACHINE X TWO RENNRAD SRAM RIVAL ETAP AXS 12S 700 MM ORANGE 2022"},{"@type":"BreadcrumbList","@id":"https:\/\/kgerad.de\/produkt\/bmc-roadmachine-x-two-rennrad-sram-rival-etap-axs-12s-700-mm-orange-2022\/#breadcrumb","itemListElement":[{"@type":"ListItem","position":1,"name":"Startseite","item":"https:\/\/kgerad.de\/"},{"@type":"ListItem","position":2,"name":"LADEN","item":"https:\/\/kgerad.de\/laden\/"},{"@type":"ListItem","position":3,"name":"BMC ROADMACHINE X TWO RENNRAD SRAM RIVAL ETAP AXS 12S 700 MM ORANGE 2022"}]},{"@type":"WebSite","@id":"https:\/\/kgerad.de\/#website","url":"https:\/\/kgerad.de\/","name":"kgerad.de","description":"Treten Sie mit uns ins Abenteuer!","publisher":{"@id":"https:\/\/kgerad.de\/#organization"},"alternateName":"MEIN RADLADEN","potentialAction":[{"@type":"SearchAction","target":{"@type":"EntryPoint","urlTemplate":"https:\/\/kgerad.de\/?s={search_term_string}"},"query-input":{"@type":"PropertyValueSpecification","valueRequired":true,"valueName":"search_term_string"}}],"inLanguage":"en-US"},{"@type":"Organization","@id":"https:\/\/kgerad.de\/#organization","name":"MEINRADLADEN","alternateName":"MEIN RADLADEN","url":"https:\/\/kgerad.de\/","logo":{"@type":"ImageObject","inLanguage":"en-US","@id":"https:\/\/kgerad.de\/#\/schema\/logo\/image\/","url":"https:\/\/kgerad.de\/wp-content\/uploads\/2025\/07\/logo-Whit.svg","contentUrl":"https:\/\/kgerad.de\/wp-content\/uploads\/2025\/07\/logo-Whit.svg","width":1640,"height":371,"caption":"MEINRADLADEN"},"image":{"@id":"https:\/\/kgerad.de\/#\/schema\/logo\/image\/"}}]}},"_links":{"self":[{"href":"https:\/\/kgerad.de\/en\/wp-json\/wp\/v2\/product\/12427","targetHints":{"allow":["GET"]}}],"collection":[{"href":"https:\/\/kgerad.de\/en\/wp-json\/wp\/v2\/product"}],"about":[{"href":"https:\/\/kgerad.de\/en\/wp-json\/wp\/v2\/types\/product"}],"replies":[{"embeddable":true,"href":"https:\/\/kgerad.de\/en\/wp-json\/wp\/v2\/comments?post=12427"}],"version-history":[{"count":1,"href":"https:\/\/kgerad.de\/en\/wp-json\/wp\/v2\/product\/12427\/revisions"}],"predecessor-version":[{"id":78489,"href":"https:\/\/kgerad.de\/en\/wp-json\/wp\/v2\/product\/12427\/revisions\/78489"}],"wp:featuredmedia":[{"embeddable":true,"href":"https:\/\/kgerad.de\/en\/wp-json\/wp\/v2\/media\/60774"}],"wp:attachment":[{"href":"https:\/\/kgerad.de\/en\/wp-json\/wp\/v2\/media?parent=12427"}],"wp:term":[{"taxonomy":"product_brand","embeddable":true,"href":"https:\/\/kgerad.de\/en\/wp-json\/wp\/v2\/product_brand?post=12427"},{"taxonomy":"product_cat","embeddable":true,"href":"https:\/\/kgerad.de\/en\/wp-json\/wp\/v2\/product_cat?post=12427"},{"taxonomy":"product_tag","embeddable":true,"href":"https:\/\/kgerad.de\/en\/wp-json\/wp\/v2\/product_tag?post=12427"}],"curies":[{"name":"wp","href":"https:\/\/api.w.org\/{rel}","templated":true}]}}