{"id":12180,"date":"2022-08-03T23:47:44","date_gmt":"2022-08-03T21:47:44","guid":{"rendered":"https:\/\/kgerad.de\/?post_type=product&#038;p=12180"},"modified":"2023-08-10T17:50:15","modified_gmt":"2023-08-10T15:50:15","slug":"bombtrack-beyond-1-tourenrad-sram-apex-10s-650b-metallic-black-2021","status":"publish","type":"product","link":"https:\/\/kgerad.de\/en\/product\/bombtrack-beyond-1-tourenrad-sram-apex-10s-650b-metallic-black-2021\/","title":{"rendered":"BOMBTRACK BEYOND 1 TOURENRAD SRAM APEX 10S 650B METALLIC BLACK 2021"},"content":{"rendered":"<div id=\"product-header-order-name\" class=\"col-lg-20 col-md-20 col-sm-20 col-xs-20\">\n<h2 class=\"heading-title-text\">BOMBTRACK BEYOND 1 TOURENRAD SRAM APEX 10S 650B METALLIC BLACK 2021<\/h2>\n<\/div>\n<div id=\"product-header-order-form\" class=\"js-reload-on-event col-lg-20 col-md-20 col-sm-20 col-xs-20\" data-to-watch=\"body\" data-event=\"alltricks:cartChanged\" data-url=\"\/ajax\/product\/ajouter\/F-187976-velo-ville_voyage_vtc\/P-1649067-bombtrack_beyond_1_tourenrad_sram_apex_10s_650b_metallic_black_2021\">\n<div class=\"col col-sm-12 col-md-12 col-lg-12\">\n<p>Einf\u00fchrung in den\u00a0<strong>Bombtrack Beyond 1<\/strong>\u00a0. Das perfekte Fluchtfahrzeug. Wenn es auf der Karte markiert ist, kann das Jenseits ihm wahrscheinlich folgen. Unser g\u00fcnstigstes Adventure-Touring-Bike bietet Reifen in Mountainbike-Breite, ein leicht drehbares 40\/28-T-Kettenset und mechanische Scheibenbremsen. Dank seiner unzerst\u00f6rbaren Bauweise ist es sowohl leistungsf\u00e4hig als auch wartungsfreundlich und kann mit m\u00f6glichst geringem Aufwand die entlegensten Stellen erreichen. Mit jedem erdenklichen Befestigungspunkt und Hebelstangen ist es ein zuverl\u00e4ssiger Begleiter f\u00fcr Tage, Wochen oder Monate, die mitten im Nirgendwo verbracht werden.<\/p>\n<\/div>\n<div class=\"prodsheet_bullets col col-sm-8 col-md-8 col-lg-8\">\n<h4>HAUPTEIGENSCHAFTEN:<\/h4>\n<ul>\n<li>Ein Fahrrad, um in die Welt hinauszukommen.<\/li>\n<li>Sram Apex 2&#215;10-Gang-Antrieb.<\/li>\n<li>Mechanische Scheibenbremsen TRP Spyre C, 180\/160 mm.<\/li>\n<li>Maximaler Reifenabstand f\u00fcr Rahmen und Gabel: 27,5 x 2,10 &#8222;.<\/li>\n<\/ul>\n<\/div>\n<div class=\"prodsheet_specs1 col col-sm-12 col-md-12 col-lg-12\">\n<h4>EIGENSCHAFTEN:<\/h4>\n<table class=\"table table-striped\">\n<tbody>\n<tr>\n<td>Rahmen<\/td>\n<td>Crmo: 4130 doppelt konifizierte Crmo, TA, Rack- \/ Kotfl\u00fcgelhalterungen, interne Lichtkabelf\u00fchrung, 73 mm BSA BB-Schale, 27,5 x 2,10 &#8222;Rahmen Maximaler Reifenabstand (ohne Kotfl\u00fcgel)<\/td>\n<\/tr>\n<tr>\n<td>Gabel<\/td>\n<td>Crmo: 4130 crmo, doppelt konifizierte Klingen, TA, 1,1 \/ 2 &#8220; &#8211; 1,1 \/ 8 &#8220;, Kotfl\u00fcgel- \/ Rack- \/ Dreifachk\u00e4fighalterungen, interne Naben-Dynamokabelf\u00fchrung<\/td>\n<\/tr>\n<tr>\n<td>Schalthebel<\/td>\n<td>Sram Apex, doppeltes Tippen, 2&#215;10-Geschwindigkeit<\/td>\n<\/tr>\n<tr>\n<td>Umwerfer<\/td>\n<td>Mikroverschiebung FD-M612-B<\/td>\n<\/tr>\n<tr>\n<td>Schaltwerk<\/td>\n<td>Sram GX, langer K\u00e4fig, 10-Gang<\/td>\n<\/tr>\n<tr>\n<td>Kassette<\/td>\n<td>Sram PG-1020, 11-36T<\/td>\n<\/tr>\n<tr>\n<td>Kette<\/td>\n<td>KMC X10-Kette, 1\/2 &#8220; x 11\/128 &#8220;, 114 l<\/td>\n<\/tr>\n<tr>\n<td>Kurbelgarnitur<\/td>\n<td>Bombtrack Ames geschmiedete Aluminiumkurbel, 24 mm Spindel<\/td>\n<\/tr>\n<tr>\n<td>Kettenblatt<\/td>\n<td>Aluminium \/ Stahl, 40 \/ 28T<\/td>\n<\/tr>\n<tr>\n<td>Tretlager<\/td>\n<td>BSA versiegelte BB, Au\u00dfenbecher<\/td>\n<\/tr>\n<tr>\n<td>Bremsen<\/td>\n<td>TRP Spyre C, Mech. Scheibenbremse, 180\/160 mm<\/td>\n<\/tr>\n<tr>\n<td>Radsatz<\/td>\n<td>WTB ST i23 doppelwandig, TCS 2.0, 32h<\/td>\n<\/tr>\n<tr>\n<td>Hubs<\/td>\n<td>Vorne: Bombtrack Grad versiegelt, 6-Loch-Scheibennabe, 15 x 100 mm Steckachse \/ Hinten: Bombtrack Arc versiegelte Nabe, 10-Gang, 6-Loch-Scheibe, 12 x 142 mm Steckachse<\/td>\n<\/tr>\n<tr>\n<td>Reifen<\/td>\n<td>WTB Ranger, TCS leicht \/ schnell rollend, 50-584, 27,5 x 2,0 &#8222;<\/td>\n<\/tr>\n<tr>\n<td>Lenker<\/td>\n<td>Bombtrack Beyond Travel Bar, 31,8 mm, 30 \u00b0 B\u00f6rdelung, 85 mm Reichweite, 115 mm Gef\u00e4lle<\/td>\n<\/tr>\n<tr>\n<td>Bar Tape<\/td>\n<td>Bombtrack-Befehl<\/td>\n<\/tr>\n<tr>\n<td>Stengel<\/td>\n<td>Geschmiedeter Aluminiumschaft Bombtrack Wander, + 17 \u00b0<\/td>\n<\/tr>\n<tr>\n<td>Headset<\/td>\n<td>Versiegelte Au\u00dfenvorverstellung, 1.1 \/ 2 &#8220; &#8211; 1.1 \/ 8 &#8220;, EC34 \/ 28.6 | EC44 \/ 40 (SHIS)<\/td>\n<\/tr>\n<tr>\n<td>Sattel<\/td>\n<td>Bombtrack Herkunft<\/td>\n<\/tr>\n<tr>\n<td>Sattelst\u00fctze<\/td>\n<td>Bombtrack Buche, 27,2 x 400 mm<\/td>\n<\/tr>\n<tr>\n<td>Sitzklemme<\/td>\n<td>Bombtrack Origin, 29,8 mm<\/td>\n<\/tr>\n<tr>\n<td>Gewicht<\/td>\n<td>12,9 kg (Gr\u00f6\u00dfe M)<\/td>\n<\/tr>\n<tr>\n<td>Gewichtsbeschr\u00e4nkung<\/td>\n<td>140 kg: Das maximale Systemgewicht besteht aus Fahrrad, Fahrer und Ladung (Gep\u00e4cktr\u00e4ger oder Anh\u00e4nger).<\/td>\n<\/tr>\n<tr>\n<td>Farbe<\/td>\n<td>Glossy Metallic Black<\/td>\n<\/tr>\n<\/tbody>\n<\/table>\n<\/div>\n<div class=\"prodsheet_specs2 col col-sm-8 col-md-8 col-lg-8\">\n<h4>GEOMETRIEN:<\/h4>\n<p><img decoding=\"async\" src=\"http:\/\/media1.alltricks.fr\/ckfinder\/images\/cube_route_geo_en.jpg\" \/><\/p>\n<table class=\"table table-striped\">\n<tbody>\n<tr>\n<td>Rahmengr\u00f6\u00dfe<\/td>\n<td>XS<\/td>\n<td>S<\/td>\n<td>M<\/td>\n<td>L<\/td>\n<td>XL<\/td>\n<\/tr>\n<tr>\n<td>Radgr\u00f6\u00dfe<\/td>\n<td>650b<\/td>\n<td>650b<\/td>\n<td>29 &#8222;<\/td>\n<td>29 &#8222;<\/td>\n<td>29 &#8222;<\/td>\n<\/tr>\n<tr>\n<td>Sitzrohr (mm)<\/td>\n<td>400<\/td>\n<td>440<\/td>\n<td>480<\/td>\n<td>520<\/td>\n<td>560<\/td>\n<\/tr>\n<tr>\n<td>Oberrohr (mm)<\/td>\n<td>494<\/td>\n<td>522<\/td>\n<td>558<\/td>\n<td>590<\/td>\n<td>623<\/td>\n<\/tr>\n<tr>\n<td>Kettenstreben (mm)<\/td>\n<td>425<\/td>\n<td>425<\/td>\n<td>455<\/td>\n<td>455<\/td>\n<td>455<\/td>\n<\/tr>\n<tr>\n<td>Steuerrohrl\u00e4nge (mm)<\/td>\n<td>100<\/td>\n<td>130<\/td>\n<td>150<\/td>\n<td>190<\/td>\n<td>220<\/td>\n<\/tr>\n<tr>\n<td>Steuerrohrwinkel (\u00b0)<\/td>\n<td>70<\/td>\n<td>70,5<\/td>\n<td>71<\/td>\n<td>72<\/td>\n<td>72<\/td>\n<\/tr>\n<tr>\n<td>Sitzrohrwinkel (\u00b0)<\/td>\n<td>75<\/td>\n<td>74,5<\/td>\n<td>73,5<\/td>\n<td>73<\/td>\n<td>72,5<\/td>\n<\/tr>\n<tr>\n<td>Radstand (mm)<\/td>\n<td>1000<\/td>\n<td>1021<\/td>\n<td>1065<\/td>\n<td>1082<\/td>\n<td>1109<\/td>\n<\/tr>\n<tr>\n<td>Stapel (mm)<\/td>\n<td>538<\/td>\n<td>568<\/td>\n<td>604<\/td>\n<td>646<\/td>\n<td>675<\/td>\n<\/tr>\n<tr>\n<td>Reichweite (mm)<\/td>\n<td>349<\/td>\n<td>364<\/td>\n<td>379<\/td>\n<td>392<\/td>\n<td>411<\/td>\n<\/tr>\n<tr>\n<td>Lenkerbreite (mm)<\/td>\n<td>420<\/td>\n<td>420<\/td>\n<td>440<\/td>\n<td>440<\/td>\n<td>460<\/td>\n<\/tr>\n<tr>\n<td>Schaftl\u00e4nge (mm)<\/td>\n<td>60<\/td>\n<td>60<\/td>\n<td>80<\/td>\n<td>80<\/td>\n<td>90<\/td>\n<\/tr>\n<tr>\n<td>Kurbelarml\u00e4nge (mm)<\/td>\n<td>165<\/td>\n<td>170<\/td>\n<td>170<\/td>\n<td>175<\/td>\n<td>175<\/td>\n<\/tr>\n<\/tbody>\n<\/table>\n<\/div>\n<div class=\"col col-lg-14 col-lg-offset-3 col-md-14 col-md-offset-3\">\n<div class=\"embed-responsive embed-responsive-16by9\"><\/div>\n<\/div>\n<\/div>","protected":false},"excerpt":{"rendered":"<div class=\"col-lg-14 col-md-14 col-sm-14 col-xs-20\"><\/div>\n<div id=\"product-specifications-table\" class=\"col-lg-20 col-md-20 col-sm-20 col-xs-20\">\n<table class=\"table table-striped\">\n<tbody>\n<tr>\n<td class=\"spec-name\">Geschlecht<\/td>\n<td class=\"spec-value\">Herren<\/td>\n<\/tr>\n<tr>\n<td class=\"spec-name\">Groupe<\/td>\n<td class=\"spec-value\">Sram Apex 10S<\/td>\n<\/tr>\n<tr>\n<td class=\"spec-name\">collection<\/td>\n<td class=\"spec-value\">Fins de S\u00e9ries<\/td>\n<\/tr>\n<\/tbody>\n<\/table>\n<\/div>","protected":false},"featured_media":60710,"comment_status":"open","ping_status":"closed","template":"","meta":[],"product_brand":[],"product_cat":[129],"product_tag":[],"class_list":{"0":"post-12180","1":"product","2":"type-product","3":"status-publish","4":"has-post-thumbnail","6":"product_cat-rennrad","7":"pa_marke-bombtrack","9":"first","10":"instock","11":"sale","12":"taxable","13":"shipping-taxable","14":"purchasable","15":"product-type-variable"},"yoast_head":"<!-- This site is optimized with the Yoast SEO Premium plugin v20.12 (Yoast SEO v27.1.1) - https:\/\/yoast.com\/product\/yoast-seo-premium-wordpress\/ -->\n<title>BOMBTRACK BEYOND 1 TOURENRAD SRAM APEX 10S 650B METALLIC BLACK 2021<\/title>\n<meta name=\"description\" content=\"Entdecken Sie unseren Online-Fahrradladen: Gro\u00dfe Auswahl an Modellen f\u00fcr alle Radsportbegeisterten. Von Rennr\u00e4dern bis zu Mountainbikes - finden Sie heute Ihren perfekten Wegbegleiter!\" \/>\n<meta name=\"robots\" content=\"index, follow, max-snippet:-1, max-image-preview:large, max-video-preview:-1\" \/>\n<link rel=\"canonical\" href=\"https:\/\/kgerad.de\/en\/product\/bombtrack-beyond-1-tourenrad-sram-apex-10s-650b-metallic-black-2021\/\" \/>\n<meta property=\"og:locale\" content=\"en_US\" \/>\n<meta property=\"og:type\" content=\"article\" \/>\n<meta property=\"og:title\" content=\"BOMBTRACK BEYOND 1 TOURENRAD SRAM APEX 10S 650B METALLIC BLACK 2021\" \/>\n<meta property=\"og:description\" content=\"Entdecken Sie unseren Online-Fahrradladen: Gro\u00dfe Auswahl an Modellen f\u00fcr alle Radsportbegeisterten. Von Rennr\u00e4dern bis zu Mountainbikes - finden Sie heute Ihren perfekten Wegbegleiter!\" \/>\n<meta property=\"og:url\" content=\"https:\/\/kgerad.de\/en\/product\/bombtrack-beyond-1-tourenrad-sram-apex-10s-650b-metallic-black-2021\/\" \/>\n<meta property=\"og:site_name\" content=\"kgerad.de\" \/>\n<meta property=\"article:modified_time\" content=\"2023-08-10T15:50:15+00:00\" \/>\n<meta property=\"og:image\" content=\"https:\/\/kgerad.de\/wp-content\/uploads\/2023\/06\/BOMBTRACK-BEYOND-1-TOURENRAD-SRAM-APEX-10S-650B-METALLIC-BLACK-2021.jpg\" \/>\n\t<meta property=\"og:image:width\" content=\"600\" \/>\n\t<meta property=\"og:image:height\" content=\"408\" \/>\n\t<meta property=\"og:image:type\" content=\"image\/jpeg\" \/>\n<meta name=\"twitter:card\" content=\"summary_large_image\" \/>\n<meta name=\"twitter:label1\" content=\"Est. reading time\" \/>\n\t<meta name=\"twitter:data1\" content=\"3 minutes\" \/>\n<script type=\"application\/ld+json\" class=\"yoast-schema-graph\">{\"@context\":\"https:\/\/schema.org\",\"@graph\":[{\"@type\":\"WebPage\",\"@id\":\"https:\/\/kgerad.de\/produkt\/bombtrack-beyond-1-tourenrad-sram-apex-10s-650b-metallic-black-2021\/\",\"url\":\"https:\/\/kgerad.de\/produkt\/bombtrack-beyond-1-tourenrad-sram-apex-10s-650b-metallic-black-2021\/\",\"name\":\"BOMBTRACK BEYOND 1 TOURENRAD SRAM APEX 10S 650B METALLIC BLACK 2021\",\"isPartOf\":{\"@id\":\"https:\/\/kgerad.de\/#website\"},\"primaryImageOfPage\":{\"@id\":\"https:\/\/kgerad.de\/produkt\/bombtrack-beyond-1-tourenrad-sram-apex-10s-650b-metallic-black-2021\/#primaryimage\"},\"image\":{\"@id\":\"https:\/\/kgerad.de\/produkt\/bombtrack-beyond-1-tourenrad-sram-apex-10s-650b-metallic-black-2021\/#primaryimage\"},\"thumbnailUrl\":\"https:\/\/kgerad.de\/wp-content\/uploads\/2023\/06\/BOMBTRACK-BEYOND-1-TOURENRAD-SRAM-APEX-10S-650B-METALLIC-BLACK-2021.jpg\",\"datePublished\":\"2022-08-03T21:47:44+00:00\",\"dateModified\":\"2023-08-10T15:50:15+00:00\",\"description\":\"Entdecken Sie unseren Online-Fahrradladen: Gro\u00dfe Auswahl an Modellen f\u00fcr alle Radsportbegeisterten. Von Rennr\u00e4dern bis zu Mountainbikes - finden Sie heute Ihren perfekten Wegbegleiter!\",\"breadcrumb\":{\"@id\":\"https:\/\/kgerad.de\/produkt\/bombtrack-beyond-1-tourenrad-sram-apex-10s-650b-metallic-black-2021\/#breadcrumb\"},\"inLanguage\":\"en-US\",\"potentialAction\":[{\"@type\":\"ReadAction\",\"target\":[\"https:\/\/kgerad.de\/produkt\/bombtrack-beyond-1-tourenrad-sram-apex-10s-650b-metallic-black-2021\/\"]}]},{\"@type\":\"ImageObject\",\"inLanguage\":\"en-US\",\"@id\":\"https:\/\/kgerad.de\/produkt\/bombtrack-beyond-1-tourenrad-sram-apex-10s-650b-metallic-black-2021\/#primaryimage\",\"url\":\"https:\/\/kgerad.de\/wp-content\/uploads\/2023\/06\/BOMBTRACK-BEYOND-1-TOURENRAD-SRAM-APEX-10S-650B-METALLIC-BLACK-2021.jpg\",\"contentUrl\":\"https:\/\/kgerad.de\/wp-content\/uploads\/2023\/06\/BOMBTRACK-BEYOND-1-TOURENRAD-SRAM-APEX-10S-650B-METALLIC-BLACK-2021.jpg\",\"width\":600,\"height\":408,\"caption\":\"BOMBTRACK BEYOND 1 TOURENRAD SRAM APEX 10S 650B METALLIC BLACK 2021\"},{\"@type\":\"BreadcrumbList\",\"@id\":\"https:\/\/kgerad.de\/produkt\/bombtrack-beyond-1-tourenrad-sram-apex-10s-650b-metallic-black-2021\/#breadcrumb\",\"itemListElement\":[{\"@type\":\"ListItem\",\"position\":1,\"name\":\"Startseite\",\"item\":\"https:\/\/kgerad.de\/\"},{\"@type\":\"ListItem\",\"position\":2,\"name\":\"LADEN\",\"item\":\"https:\/\/kgerad.de\/laden\/\"},{\"@type\":\"ListItem\",\"position\":3,\"name\":\"BOMBTRACK BEYOND 1 TOURENRAD SRAM APEX 10S 650B METALLIC BLACK 2021\"}]},{\"@type\":\"WebSite\",\"@id\":\"https:\/\/kgerad.de\/#website\",\"url\":\"https:\/\/kgerad.de\/\",\"name\":\"kgerad.de\",\"description\":\"Treten Sie mit uns ins Abenteuer!\",\"publisher\":{\"@id\":\"https:\/\/kgerad.de\/#organization\"},\"alternateName\":\"MEIN RADLADEN\",\"potentialAction\":[{\"@type\":\"SearchAction\",\"target\":{\"@type\":\"EntryPoint\",\"urlTemplate\":\"https:\/\/kgerad.de\/?s={search_term_string}\"},\"query-input\":{\"@type\":\"PropertyValueSpecification\",\"valueRequired\":true,\"valueName\":\"search_term_string\"}}],\"inLanguage\":\"en-US\"},{\"@type\":\"Organization\",\"@id\":\"https:\/\/kgerad.de\/#organization\",\"name\":\"MEINRADLADEN\",\"alternateName\":\"MEIN RADLADEN\",\"url\":\"https:\/\/kgerad.de\/\",\"logo\":{\"@type\":\"ImageObject\",\"inLanguage\":\"en-US\",\"@id\":\"https:\/\/kgerad.de\/#\/schema\/logo\/image\/\",\"url\":\"https:\/\/kgerad.de\/wp-content\/uploads\/2025\/07\/logo-Whit.svg\",\"contentUrl\":\"https:\/\/kgerad.de\/wp-content\/uploads\/2025\/07\/logo-Whit.svg\",\"width\":1640,\"height\":371,\"caption\":\"MEINRADLADEN\"},\"image\":{\"@id\":\"https:\/\/kgerad.de\/#\/schema\/logo\/image\/\"}}]}<\/script>\n<!-- \/ Yoast SEO Premium plugin. -->","yoast_head_json":{"title":"BOMBTRACK BEYOND 1 TOURENRAD SRAM APEX 10S 650B METALLIC BLACK 2021","description":"Entdecken Sie unseren Online-Fahrradladen: Gro\u00dfe Auswahl an Modellen f\u00fcr alle Radsportbegeisterten. Von Rennr\u00e4dern bis zu Mountainbikes - finden Sie heute Ihren perfekten Wegbegleiter!","robots":{"index":"index","follow":"follow","max-snippet":"max-snippet:-1","max-image-preview":"max-image-preview:large","max-video-preview":"max-video-preview:-1"},"canonical":"https:\/\/kgerad.de\/en\/product\/bombtrack-beyond-1-tourenrad-sram-apex-10s-650b-metallic-black-2021\/","og_locale":"en_US","og_type":"article","og_title":"BOMBTRACK BEYOND 1 TOURENRAD SRAM APEX 10S 650B METALLIC BLACK 2021","og_description":"Entdecken Sie unseren Online-Fahrradladen: Gro\u00dfe Auswahl an Modellen f\u00fcr alle Radsportbegeisterten. Von Rennr\u00e4dern bis zu Mountainbikes - finden Sie heute Ihren perfekten Wegbegleiter!","og_url":"https:\/\/kgerad.de\/en\/product\/bombtrack-beyond-1-tourenrad-sram-apex-10s-650b-metallic-black-2021\/","og_site_name":"kgerad.de","article_modified_time":"2023-08-10T15:50:15+00:00","og_image":[{"width":600,"height":408,"url":"https:\/\/kgerad.de\/wp-content\/uploads\/2023\/06\/BOMBTRACK-BEYOND-1-TOURENRAD-SRAM-APEX-10S-650B-METALLIC-BLACK-2021.jpg","type":"image\/jpeg"}],"twitter_card":"summary_large_image","twitter_misc":{"Est. reading time":"3 minutes"},"schema":{"@context":"https:\/\/schema.org","@graph":[{"@type":"WebPage","@id":"https:\/\/kgerad.de\/produkt\/bombtrack-beyond-1-tourenrad-sram-apex-10s-650b-metallic-black-2021\/","url":"https:\/\/kgerad.de\/produkt\/bombtrack-beyond-1-tourenrad-sram-apex-10s-650b-metallic-black-2021\/","name":"BOMBTRACK BEYOND 1 TOURENRAD SRAM APEX 10S 650B METALLIC BLACK 2021","isPartOf":{"@id":"https:\/\/kgerad.de\/#website"},"primaryImageOfPage":{"@id":"https:\/\/kgerad.de\/produkt\/bombtrack-beyond-1-tourenrad-sram-apex-10s-650b-metallic-black-2021\/#primaryimage"},"image":{"@id":"https:\/\/kgerad.de\/produkt\/bombtrack-beyond-1-tourenrad-sram-apex-10s-650b-metallic-black-2021\/#primaryimage"},"thumbnailUrl":"https:\/\/kgerad.de\/wp-content\/uploads\/2023\/06\/BOMBTRACK-BEYOND-1-TOURENRAD-SRAM-APEX-10S-650B-METALLIC-BLACK-2021.jpg","datePublished":"2022-08-03T21:47:44+00:00","dateModified":"2023-08-10T15:50:15+00:00","description":"Entdecken Sie unseren Online-Fahrradladen: Gro\u00dfe Auswahl an Modellen f\u00fcr alle Radsportbegeisterten. Von Rennr\u00e4dern bis zu Mountainbikes - finden Sie heute Ihren perfekten Wegbegleiter!","breadcrumb":{"@id":"https:\/\/kgerad.de\/produkt\/bombtrack-beyond-1-tourenrad-sram-apex-10s-650b-metallic-black-2021\/#breadcrumb"},"inLanguage":"en-US","potentialAction":[{"@type":"ReadAction","target":["https:\/\/kgerad.de\/produkt\/bombtrack-beyond-1-tourenrad-sram-apex-10s-650b-metallic-black-2021\/"]}]},{"@type":"ImageObject","inLanguage":"en-US","@id":"https:\/\/kgerad.de\/produkt\/bombtrack-beyond-1-tourenrad-sram-apex-10s-650b-metallic-black-2021\/#primaryimage","url":"https:\/\/kgerad.de\/wp-content\/uploads\/2023\/06\/BOMBTRACK-BEYOND-1-TOURENRAD-SRAM-APEX-10S-650B-METALLIC-BLACK-2021.jpg","contentUrl":"https:\/\/kgerad.de\/wp-content\/uploads\/2023\/06\/BOMBTRACK-BEYOND-1-TOURENRAD-SRAM-APEX-10S-650B-METALLIC-BLACK-2021.jpg","width":600,"height":408,"caption":"BOMBTRACK BEYOND 1 TOURENRAD SRAM APEX 10S 650B METALLIC BLACK 2021"},{"@type":"BreadcrumbList","@id":"https:\/\/kgerad.de\/produkt\/bombtrack-beyond-1-tourenrad-sram-apex-10s-650b-metallic-black-2021\/#breadcrumb","itemListElement":[{"@type":"ListItem","position":1,"name":"Startseite","item":"https:\/\/kgerad.de\/"},{"@type":"ListItem","position":2,"name":"LADEN","item":"https:\/\/kgerad.de\/laden\/"},{"@type":"ListItem","position":3,"name":"BOMBTRACK BEYOND 1 TOURENRAD SRAM APEX 10S 650B METALLIC BLACK 2021"}]},{"@type":"WebSite","@id":"https:\/\/kgerad.de\/#website","url":"https:\/\/kgerad.de\/","name":"kgerad.de","description":"Treten Sie mit uns ins Abenteuer!","publisher":{"@id":"https:\/\/kgerad.de\/#organization"},"alternateName":"MEIN RADLADEN","potentialAction":[{"@type":"SearchAction","target":{"@type":"EntryPoint","urlTemplate":"https:\/\/kgerad.de\/?s={search_term_string}"},"query-input":{"@type":"PropertyValueSpecification","valueRequired":true,"valueName":"search_term_string"}}],"inLanguage":"en-US"},{"@type":"Organization","@id":"https:\/\/kgerad.de\/#organization","name":"MEINRADLADEN","alternateName":"MEIN RADLADEN","url":"https:\/\/kgerad.de\/","logo":{"@type":"ImageObject","inLanguage":"en-US","@id":"https:\/\/kgerad.de\/#\/schema\/logo\/image\/","url":"https:\/\/kgerad.de\/wp-content\/uploads\/2025\/07\/logo-Whit.svg","contentUrl":"https:\/\/kgerad.de\/wp-content\/uploads\/2025\/07\/logo-Whit.svg","width":1640,"height":371,"caption":"MEINRADLADEN"},"image":{"@id":"https:\/\/kgerad.de\/#\/schema\/logo\/image\/"}}]}},"_links":{"self":[{"href":"https:\/\/kgerad.de\/en\/wp-json\/wp\/v2\/product\/12180","targetHints":{"allow":["GET"]}}],"collection":[{"href":"https:\/\/kgerad.de\/en\/wp-json\/wp\/v2\/product"}],"about":[{"href":"https:\/\/kgerad.de\/en\/wp-json\/wp\/v2\/types\/product"}],"replies":[{"embeddable":true,"href":"https:\/\/kgerad.de\/en\/wp-json\/wp\/v2\/comments?post=12180"}],"version-history":[{"count":1,"href":"https:\/\/kgerad.de\/en\/wp-json\/wp\/v2\/product\/12180\/revisions"}],"predecessor-version":[{"id":78506,"href":"https:\/\/kgerad.de\/en\/wp-json\/wp\/v2\/product\/12180\/revisions\/78506"}],"wp:featuredmedia":[{"embeddable":true,"href":"https:\/\/kgerad.de\/en\/wp-json\/wp\/v2\/media\/60710"}],"wp:attachment":[{"href":"https:\/\/kgerad.de\/en\/wp-json\/wp\/v2\/media?parent=12180"}],"wp:term":[{"taxonomy":"product_brand","embeddable":true,"href":"https:\/\/kgerad.de\/en\/wp-json\/wp\/v2\/product_brand?post=12180"},{"taxonomy":"product_cat","embeddable":true,"href":"https:\/\/kgerad.de\/en\/wp-json\/wp\/v2\/product_cat?post=12180"},{"taxonomy":"product_tag","embeddable":true,"href":"https:\/\/kgerad.de\/en\/wp-json\/wp\/v2\/product_tag?post=12180"}],"curies":[{"name":"wp","href":"https:\/\/api.w.org\/{rel}","templated":true}]}}