{"id":12073,"date":"2022-08-03T20:19:43","date_gmt":"2022-08-03T18:19:43","guid":{"rendered":"https:\/\/kgerad.de\/?post_type=product&#038;p=12073"},"modified":"2023-08-10T16:00:04","modified_gmt":"2023-08-10T14:00:04","slug":"cube-cross-race-pro-cyclocross-fahrrad-shimano-blau-schwarz-2022","status":"publish","type":"product","link":"https:\/\/kgerad.de\/en\/product\/cube-cross-race-pro-cyclocross-fahrrad-shimano-blau-schwarz-2022\/","title":{"rendered":"CUBE CROSS RACE PRO CYCLOCROSS FAHRRAD SHIMANO BLAU SCHWARZ 2022"},"content":{"rendered":"<div id=\"product-header-order-name\" class=\"col-lg-20 col-md-20 col-sm-20 col-xs-20\">\n<h2 class=\"heading-title-text\">CUBE CROSS RACE PRO CYCLOCROSS FAHRRAD SHIMANO ULTEGRA RX\/105 11S 700 MM BLAU SCHWARZ 2022<\/h2>\n<\/div>\n<div id=\"product-header-order-form\" class=\"js-reload-on-event col-lg-20 col-md-20 col-sm-20 col-xs-20\" data-to-watch=\"body\" data-event=\"alltricks:cartChanged\" data-url=\"\/ajax\/product\/ajouter\/F-41505-velos-route-_-cyclocross-_-triathlon\/P-2299073-cube_cross_race_pro_cyclocross_fahrrad_shimano_ultegra_rx_105_11s_700_mm_blau_schwarz_2022\">\n<div class=\"col col-sm-12 col-md-12 col-lg-12\">\n<p>Der Aluminiumrahmen des\u00a0<strong>Cube Cross Race<\/strong>\u00a0ist eine Klasse f\u00fcr sich. Er ist leicht und widerstandsf\u00e4hig zugleich und verf\u00fcgt \u00fcber 12-mm-Steckachsen vorne und hinten, um sicherzustellen, dass Steifigkeit und Lenkpr\u00e4zision f\u00fcr eine rennentscheidende Kontrolle sorgen. Eine Vollcarbongabel hilft, hochfrequente Ger\u00e4usche und Vibrationen zu filtern, damit Sie sich bis zum Ende des Rennens konzentrieren k\u00f6nnen. Und die interne Kabelf\u00fchrung sorgt daf\u00fcr, dass Ihre Schaltvorg\u00e4nge vom Start bis zum Ziel sauber und pr\u00e4zise bleiben, egal wie schmutzig die Bedingungen sind.<\/p>\n<p>Cyclocross-Rennen sind hart &#8211; das ist der Sinn der Sache. Deshalb haben wir bei unserem\u00a0<strong>Cross Race Pro<\/strong>\u00a0mit der legend\u00e4ren 105 2&#215;11-Gang-Schaltung von Shimano begonnen. Es ist f\u00fcr seine Pr\u00e4zision und Zuverl\u00e4ssigkeit bekannt und l\u00e4sst Sie nicht im Stich, wenn Sie es am meisten brauchen. Gepaart mit den passenden hydraulischen Shimano 105-Scheibenbremsen, die f\u00fcr ultimative Bremskontrolle bei jedem Wetter sorgen, ist das eine unschlagbare Kombination. Mit dem leichten Aluminiumrahmen und der komfortablen, pr\u00e4zisen Carbongabel mit den griffigen Schwalbe-Reifen haben Sie einen Volltreffer gelandet.<\/p>\n<\/div>\n<div class=\"prodsheet_bullets col col-sm-8 col-md-8 col-lg-8\">\n<h4>HAUPTMERKMALE:<\/h4>\n<ul>\n<li>Aluminium-Superlite-Rahmen.<\/li>\n<li>Shimano Ultegra RX\/105 2&#215;11-Gang-Antriebssystem.<\/li>\n<li>Hydraulische Scheibenbremsen Shimano 105, 160\/160 mm.<\/li>\n<\/ul>\n<\/div>\n<div class=\"prodsheet_specs1 col col-sm-12 col-md-12 col-lg-12\">\n<h4>EIGENSCHAFTEN:<\/h4>\n<table class=\"table table-striped\">\n<tbody>\n<tr>\n<td>Rahmen<\/td>\n<td>Aluminium: Aluminium Superlite, Double Butted, Advanced Mechanical Forming, glatt geschwei\u00dft, interne Kabelf\u00fchrung, Flat Mount Disc, 12&#215;142 mm, AXH, Reifenbreite max: 43 mm<\/td>\n<\/tr>\n<tr>\n<td>Gabel<\/td>\n<td>Carbon: Cube Cross Race Disc, Vollcarbon, 1 1\/8&#8243; &#8211; 1 1\/4&#8243; konisch, flache Montage<\/td>\n<\/tr>\n<tr>\n<td>Schaltungen<\/td>\n<td>Shimano 105 ST-R7020, 2&#215;11-fach<\/td>\n<\/tr>\n<tr>\n<td>Umwerfer<\/td>\n<td>Shimano 105 FD-R7000, 31,8 mm Klemmung<\/td>\n<\/tr>\n<tr>\n<td>Schaltwerk<\/td>\n<td>Shimano Ultegra RD-RX800-DGS, 11-fach<\/td>\n<\/tr>\n<tr>\n<td>Kassette<\/td>\n<td>Shimano 105 CS-HG700, 11-34Z<\/td>\n<\/tr>\n<tr>\n<td>Kette<\/td>\n<td>Shimano CN-HG600-11<\/td>\n<\/tr>\n<tr>\n<td>Kurbelgarnitur<\/td>\n<td>Shimano FC-RS510, 46\/36Z<\/td>\n<\/tr>\n<tr>\n<td>Tretlager<\/td>\n<td>Shimano BB-RS500PB, 86 mm Pressfit<\/td>\n<\/tr>\n<tr>\n<td>Bremsen<\/td>\n<td>Shimano 105 BR-R7070, Hydr. Scheibenbremse, (160\/160), Flat Mount<\/td>\n<\/tr>\n<tr>\n<td>Laufradsatz<\/td>\n<td>Cube CX 2.1, 12&#215;100 \/ 12&#215;142 mm<\/td>\n<\/tr>\n<tr>\n<td>Bereifung<\/td>\n<td>Schwalbe X-One Allround, Performance, Kevlar, 33-622, 700x33C<\/td>\n<\/tr>\n<tr>\n<td>Lenker<\/td>\n<td>Cube Compact Rennlenker<\/td>\n<\/tr>\n<tr>\n<td>Lenkerband<\/td>\n<td>Acid Bartape CX<\/td>\n<\/tr>\n<tr>\n<td>Vorbau<\/td>\n<td>Cube Performance Vorbau SL, 31,8 mm<\/td>\n<\/tr>\n<tr>\n<td>Steuersatz<\/td>\n<td>VP Z-t, oben Zero-Stack 1 1\/8&#8243; (OD 44 mm), unten integriert 1 1\/4&#8243;<\/td>\n<\/tr>\n<tr>\n<td>Sattel<\/td>\n<td>Natural Fit Venec<\/td>\n<\/tr>\n<tr>\n<td>Sattelst\u00fctze<\/td>\n<td>Cube Performance Sattelst\u00fctze, 27,2 mm, 350 mm<\/td>\n<\/tr>\n<tr>\n<td>Sattelklemme<\/td>\n<td>Cube Screwlock, 31,8 mm<\/td>\n<\/tr>\n<tr>\n<td>Gewicht<\/td>\n<td>10.1 kg<\/td>\n<\/tr>\n<tr>\n<td>Maximales Gewicht<\/td>\n<td>115 kg: Das maximale Systemgewicht bezieht sich auf das maximale Gesamtgewicht von Fahrer und Fahrrad<\/td>\n<\/tr>\n<tr>\n<td>Farbe<\/td>\n<td>blau&#8217;n&#8217;schwarz<\/td>\n<\/tr>\n<tr>\n<td>Referenz<\/td>\n<td>588200<\/td>\n<\/tr>\n<\/tbody>\n<\/table>\n<\/div>\n<div class=\"prodsheet_specs2 col col-sm-8 col-md-8 col-lg-8\">\n<h4>GEOMETRIEN:<\/h4>\n<p><img decoding=\"async\" src=\"http:\/\/media1.alltricks.fr\/ckfinder\/images\/cube_route_geo_en.jpg\" \/><\/p>\n<table class=\"table table-striped\">\n<tbody>\n<tr>\n<td>Rahmengr\u00f6\u00dfe (cm)<\/td>\n<td>50<\/td>\n<td>53<\/td>\n<td>56<\/td>\n<td>58<\/td>\n<td>61<\/td>\n<\/tr>\n<tr>\n<td>Sitzrohr (mm)<\/td>\n<td>500<\/td>\n<td>530<\/td>\n<td>560<\/td>\n<td>580<\/td>\n<td>610<\/td>\n<\/tr>\n<tr>\n<td>Oberrohr (mm)<\/td>\n<td>521<\/td>\n<td>536<\/td>\n<td>554<\/td>\n<td>570<\/td>\n<td>588<\/td>\n<\/tr>\n<tr>\n<td>Kettenstreben (mm)<\/td>\n<td>430<\/td>\n<td>430<\/td>\n<td>430<\/td>\n<td>430<\/td>\n<td>430<\/td>\n<\/tr>\n<tr>\n<td>L\u00e4nge Steuerrohr (mm)<\/td>\n<td>115<\/td>\n<td>140<\/td>\n<td>160<\/td>\n<td>180<\/td>\n<td>205<\/td>\n<\/tr>\n<tr>\n<td>Winkel des Steuerrohrs (\u00b0)<\/td>\n<td>70.3<\/td>\n<td>70.8<\/td>\n<td>72<\/td>\n<td>72.5<\/td>\n<td>73<\/td>\n<\/tr>\n<tr>\n<td>Winkel des Sitzrohrs (\u00b0)<\/td>\n<td>74.8<\/td>\n<td>73.6<\/td>\n<td>73.2<\/td>\n<td>73<\/td>\n<td>73<\/td>\n<\/tr>\n<tr>\n<td>Radstand (mm)<\/td>\n<td>1015<\/td>\n<td>1016<\/td>\n<td>1018<\/td>\n<td>1027<\/td>\n<td>1040<\/td>\n<\/tr>\n<tr>\n<td>Stapel (mm)<\/td>\n<td>530<\/td>\n<td>555<\/td>\n<td>579<\/td>\n<td>600<\/td>\n<td>626<\/td>\n<\/tr>\n<tr>\n<td>Reichweite (mm)<\/td>\n<td>377<\/td>\n<td>373<\/td>\n<td>379<\/td>\n<td>386<\/td>\n<td>397<\/td>\n<\/tr>\n<tr>\n<td>L\u00e4nge des Stiels (mm)<\/td>\n<td>90<\/td>\n<td>90<\/td>\n<td>100<\/td>\n<td>110<\/td>\n<td>120<\/td>\n<\/tr>\n<tr>\n<td>Breite des Lenkers (mm)<\/td>\n<td>400<\/td>\n<td>420<\/td>\n<td>440<\/td>\n<td>440<\/td>\n<td>460<\/td>\n<\/tr>\n<tr>\n<td>L\u00e4nge der Kurbel (mm)<\/td>\n<td>170<\/td>\n<td>170<\/td>\n<td>172.5<\/td>\n<td>175<\/td>\n<td>175<\/td>\n<\/tr>\n<\/tbody>\n<\/table>\n<\/div>\n<\/div>","protected":false},"excerpt":{"rendered":"<div class=\"col-lg-14 col-md-14 col-sm-14 col-xs-20\"><\/div>\n<div id=\"product-specifications-table\" class=\"col-lg-20 col-md-20 col-sm-20 col-xs-20\">\n<table class=\"table table-striped\">\n<tbody>\n<tr>\n<td class=\"spec-name\">Geschlecht<\/td>\n<td class=\"spec-value\">Herren<\/td>\n<\/tr>\n<tr>\n<td class=\"spec-name\">Gruppe<\/td>\n<td class=\"spec-value\">Shimano Ultegra RX 11V<br \/>\nShimano 105 11S<\/td>\n<\/tr>\n<tr>\n<td class=\"spec-name\">collection<\/td>\n<td class=\"spec-value\">2022<\/td>\n<\/tr>\n<\/tbody>\n<\/table>\n<\/div>","protected":false},"featured_media":60674,"comment_status":"open","ping_status":"closed","template":"","meta":[],"product_brand":[],"product_cat":[129],"product_tag":[],"class_list":{"0":"post-12073","1":"product","2":"type-product","3":"status-publish","4":"has-post-thumbnail","6":"product_cat-rennrad","7":"pa_marke-cube","9":"first","10":"instock","11":"sale","12":"taxable","13":"shipping-taxable","14":"purchasable","15":"product-type-variable"},"yoast_head":"<!-- This site is optimized with the Yoast SEO Premium plugin v20.12 (Yoast SEO v27.1.1) - https:\/\/yoast.com\/product\/yoast-seo-premium-wordpress\/ -->\n<title>CUBE CROSS RACE PRO CYCLOCROSS FAHRRAD SHIMANO BLAU SCHWARZ 2022<\/title>\n<meta name=\"description\" content=\"Entdecken Sie unseren Online-Fahrradladen: Gro\u00dfe Auswahl an Modellen f\u00fcr alle Radsportbegeisterten. Von Rennr\u00e4dern bis zu Mountainbikes - finden Sie heute Ihren perfekten Wegbegleiter!\" \/>\n<meta name=\"robots\" content=\"index, follow, max-snippet:-1, max-image-preview:large, max-video-preview:-1\" \/>\n<link rel=\"canonical\" href=\"https:\/\/kgerad.de\/en\/product\/cube-cross-race-pro-cyclocross-fahrrad-shimano-blau-schwarz-2022\/\" \/>\n<meta property=\"og:locale\" content=\"en_US\" \/>\n<meta property=\"og:type\" content=\"article\" \/>\n<meta property=\"og:title\" content=\"CUBE CROSS RACE PRO CYCLOCROSS FAHRRAD SHIMANO BLAU SCHWARZ 2022\" \/>\n<meta property=\"og:description\" content=\"Entdecken Sie unseren Online-Fahrradladen: Gro\u00dfe Auswahl an Modellen f\u00fcr alle Radsportbegeisterten. Von Rennr\u00e4dern bis zu Mountainbikes - finden Sie heute Ihren perfekten Wegbegleiter!\" \/>\n<meta property=\"og:url\" content=\"https:\/\/kgerad.de\/en\/product\/cube-cross-race-pro-cyclocross-fahrrad-shimano-blau-schwarz-2022\/\" \/>\n<meta property=\"og:site_name\" content=\"kgerad.de\" \/>\n<meta property=\"article:modified_time\" content=\"2023-08-10T14:00:04+00:00\" \/>\n<meta property=\"og:image\" content=\"https:\/\/kgerad.de\/wp-content\/uploads\/2023\/06\/CUBE-CROSS-RACE-PRO-CYCLOCROSS-FAHRRAD-SHIMANO-ULTEGRA-RX105-11S-700-MM-BLAU-SCHWARZ-2022.jpg\" \/>\n\t<meta property=\"og:image:width\" content=\"600\" \/>\n\t<meta property=\"og:image:height\" content=\"408\" \/>\n\t<meta property=\"og:image:type\" content=\"image\/jpeg\" \/>\n<meta name=\"twitter:card\" content=\"summary_large_image\" \/>\n<meta name=\"twitter:label1\" content=\"Est. reading time\" \/>\n\t<meta name=\"twitter:data1\" content=\"3 minutes\" \/>\n<script type=\"application\/ld+json\" class=\"yoast-schema-graph\">{\"@context\":\"https:\/\/schema.org\",\"@graph\":[{\"@type\":\"WebPage\",\"@id\":\"https:\/\/kgerad.de\/produkt\/cube-cross-race-pro-cyclocross-fahrrad-shimano-blau-schwarz-2022\/\",\"url\":\"https:\/\/kgerad.de\/produkt\/cube-cross-race-pro-cyclocross-fahrrad-shimano-blau-schwarz-2022\/\",\"name\":\"CUBE CROSS RACE PRO CYCLOCROSS FAHRRAD SHIMANO BLAU SCHWARZ 2022\",\"isPartOf\":{\"@id\":\"https:\/\/kgerad.de\/#website\"},\"primaryImageOfPage\":{\"@id\":\"https:\/\/kgerad.de\/produkt\/cube-cross-race-pro-cyclocross-fahrrad-shimano-blau-schwarz-2022\/#primaryimage\"},\"image\":{\"@id\":\"https:\/\/kgerad.de\/produkt\/cube-cross-race-pro-cyclocross-fahrrad-shimano-blau-schwarz-2022\/#primaryimage\"},\"thumbnailUrl\":\"https:\/\/kgerad.de\/wp-content\/uploads\/2023\/06\/CUBE-CROSS-RACE-PRO-CYCLOCROSS-FAHRRAD-SHIMANO-ULTEGRA-RX105-11S-700-MM-BLAU-SCHWARZ-2022.jpg\",\"datePublished\":\"2022-08-03T18:19:43+00:00\",\"dateModified\":\"2023-08-10T14:00:04+00:00\",\"description\":\"Entdecken Sie unseren Online-Fahrradladen: Gro\u00dfe Auswahl an Modellen f\u00fcr alle Radsportbegeisterten. Von Rennr\u00e4dern bis zu Mountainbikes - finden Sie heute Ihren perfekten Wegbegleiter!\",\"breadcrumb\":{\"@id\":\"https:\/\/kgerad.de\/produkt\/cube-cross-race-pro-cyclocross-fahrrad-shimano-blau-schwarz-2022\/#breadcrumb\"},\"inLanguage\":\"en-US\",\"potentialAction\":[{\"@type\":\"ReadAction\",\"target\":[\"https:\/\/kgerad.de\/produkt\/cube-cross-race-pro-cyclocross-fahrrad-shimano-blau-schwarz-2022\/\"]}]},{\"@type\":\"ImageObject\",\"inLanguage\":\"en-US\",\"@id\":\"https:\/\/kgerad.de\/produkt\/cube-cross-race-pro-cyclocross-fahrrad-shimano-blau-schwarz-2022\/#primaryimage\",\"url\":\"https:\/\/kgerad.de\/wp-content\/uploads\/2023\/06\/CUBE-CROSS-RACE-PRO-CYCLOCROSS-FAHRRAD-SHIMANO-ULTEGRA-RX105-11S-700-MM-BLAU-SCHWARZ-2022.jpg\",\"contentUrl\":\"https:\/\/kgerad.de\/wp-content\/uploads\/2023\/06\/CUBE-CROSS-RACE-PRO-CYCLOCROSS-FAHRRAD-SHIMANO-ULTEGRA-RX105-11S-700-MM-BLAU-SCHWARZ-2022.jpg\",\"width\":600,\"height\":408,\"caption\":\"CUBE CROSS RACE PRO CYCLOCROSS FAHRRAD SHIMANO ULTEGRA RX105 11S 700 MM BLAU SCHWARZ 2022\"},{\"@type\":\"BreadcrumbList\",\"@id\":\"https:\/\/kgerad.de\/produkt\/cube-cross-race-pro-cyclocross-fahrrad-shimano-blau-schwarz-2022\/#breadcrumb\",\"itemListElement\":[{\"@type\":\"ListItem\",\"position\":1,\"name\":\"Startseite\",\"item\":\"https:\/\/kgerad.de\/\"},{\"@type\":\"ListItem\",\"position\":2,\"name\":\"LADEN\",\"item\":\"https:\/\/kgerad.de\/laden\/\"},{\"@type\":\"ListItem\",\"position\":3,\"name\":\"CUBE CROSS RACE PRO CYCLOCROSS FAHRRAD SHIMANO BLAU SCHWARZ 2022\"}]},{\"@type\":\"WebSite\",\"@id\":\"https:\/\/kgerad.de\/#website\",\"url\":\"https:\/\/kgerad.de\/\",\"name\":\"kgerad.de\",\"description\":\"Treten Sie mit uns ins Abenteuer!\",\"publisher\":{\"@id\":\"https:\/\/kgerad.de\/#organization\"},\"alternateName\":\"MEIN RADLADEN\",\"potentialAction\":[{\"@type\":\"SearchAction\",\"target\":{\"@type\":\"EntryPoint\",\"urlTemplate\":\"https:\/\/kgerad.de\/?s={search_term_string}\"},\"query-input\":{\"@type\":\"PropertyValueSpecification\",\"valueRequired\":true,\"valueName\":\"search_term_string\"}}],\"inLanguage\":\"en-US\"},{\"@type\":\"Organization\",\"@id\":\"https:\/\/kgerad.de\/#organization\",\"name\":\"MEINRADLADEN\",\"alternateName\":\"MEIN RADLADEN\",\"url\":\"https:\/\/kgerad.de\/\",\"logo\":{\"@type\":\"ImageObject\",\"inLanguage\":\"en-US\",\"@id\":\"https:\/\/kgerad.de\/#\/schema\/logo\/image\/\",\"url\":\"https:\/\/kgerad.de\/wp-content\/uploads\/2025\/07\/logo-Whit.svg\",\"contentUrl\":\"https:\/\/kgerad.de\/wp-content\/uploads\/2025\/07\/logo-Whit.svg\",\"width\":1640,\"height\":371,\"caption\":\"MEINRADLADEN\"},\"image\":{\"@id\":\"https:\/\/kgerad.de\/#\/schema\/logo\/image\/\"}}]}<\/script>\n<!-- \/ Yoast SEO Premium plugin. -->","yoast_head_json":{"title":"CUBE CROSS RACE PRO CYCLOCROSS FAHRRAD SHIMANO BLAU SCHWARZ 2022","description":"Entdecken Sie unseren Online-Fahrradladen: Gro\u00dfe Auswahl an Modellen f\u00fcr alle Radsportbegeisterten. Von Rennr\u00e4dern bis zu Mountainbikes - finden Sie heute Ihren perfekten Wegbegleiter!","robots":{"index":"index","follow":"follow","max-snippet":"max-snippet:-1","max-image-preview":"max-image-preview:large","max-video-preview":"max-video-preview:-1"},"canonical":"https:\/\/kgerad.de\/en\/product\/cube-cross-race-pro-cyclocross-fahrrad-shimano-blau-schwarz-2022\/","og_locale":"en_US","og_type":"article","og_title":"CUBE CROSS RACE PRO CYCLOCROSS FAHRRAD SHIMANO BLAU SCHWARZ 2022","og_description":"Entdecken Sie unseren Online-Fahrradladen: Gro\u00dfe Auswahl an Modellen f\u00fcr alle Radsportbegeisterten. Von Rennr\u00e4dern bis zu Mountainbikes - finden Sie heute Ihren perfekten Wegbegleiter!","og_url":"https:\/\/kgerad.de\/en\/product\/cube-cross-race-pro-cyclocross-fahrrad-shimano-blau-schwarz-2022\/","og_site_name":"kgerad.de","article_modified_time":"2023-08-10T14:00:04+00:00","og_image":[{"width":600,"height":408,"url":"https:\/\/kgerad.de\/wp-content\/uploads\/2023\/06\/CUBE-CROSS-RACE-PRO-CYCLOCROSS-FAHRRAD-SHIMANO-ULTEGRA-RX105-11S-700-MM-BLAU-SCHWARZ-2022.jpg","type":"image\/jpeg"}],"twitter_card":"summary_large_image","twitter_misc":{"Est. reading time":"3 minutes"},"schema":{"@context":"https:\/\/schema.org","@graph":[{"@type":"WebPage","@id":"https:\/\/kgerad.de\/produkt\/cube-cross-race-pro-cyclocross-fahrrad-shimano-blau-schwarz-2022\/","url":"https:\/\/kgerad.de\/produkt\/cube-cross-race-pro-cyclocross-fahrrad-shimano-blau-schwarz-2022\/","name":"CUBE CROSS RACE PRO CYCLOCROSS FAHRRAD SHIMANO BLAU SCHWARZ 2022","isPartOf":{"@id":"https:\/\/kgerad.de\/#website"},"primaryImageOfPage":{"@id":"https:\/\/kgerad.de\/produkt\/cube-cross-race-pro-cyclocross-fahrrad-shimano-blau-schwarz-2022\/#primaryimage"},"image":{"@id":"https:\/\/kgerad.de\/produkt\/cube-cross-race-pro-cyclocross-fahrrad-shimano-blau-schwarz-2022\/#primaryimage"},"thumbnailUrl":"https:\/\/kgerad.de\/wp-content\/uploads\/2023\/06\/CUBE-CROSS-RACE-PRO-CYCLOCROSS-FAHRRAD-SHIMANO-ULTEGRA-RX105-11S-700-MM-BLAU-SCHWARZ-2022.jpg","datePublished":"2022-08-03T18:19:43+00:00","dateModified":"2023-08-10T14:00:04+00:00","description":"Entdecken Sie unseren Online-Fahrradladen: Gro\u00dfe Auswahl an Modellen f\u00fcr alle Radsportbegeisterten. Von Rennr\u00e4dern bis zu Mountainbikes - finden Sie heute Ihren perfekten Wegbegleiter!","breadcrumb":{"@id":"https:\/\/kgerad.de\/produkt\/cube-cross-race-pro-cyclocross-fahrrad-shimano-blau-schwarz-2022\/#breadcrumb"},"inLanguage":"en-US","potentialAction":[{"@type":"ReadAction","target":["https:\/\/kgerad.de\/produkt\/cube-cross-race-pro-cyclocross-fahrrad-shimano-blau-schwarz-2022\/"]}]},{"@type":"ImageObject","inLanguage":"en-US","@id":"https:\/\/kgerad.de\/produkt\/cube-cross-race-pro-cyclocross-fahrrad-shimano-blau-schwarz-2022\/#primaryimage","url":"https:\/\/kgerad.de\/wp-content\/uploads\/2023\/06\/CUBE-CROSS-RACE-PRO-CYCLOCROSS-FAHRRAD-SHIMANO-ULTEGRA-RX105-11S-700-MM-BLAU-SCHWARZ-2022.jpg","contentUrl":"https:\/\/kgerad.de\/wp-content\/uploads\/2023\/06\/CUBE-CROSS-RACE-PRO-CYCLOCROSS-FAHRRAD-SHIMANO-ULTEGRA-RX105-11S-700-MM-BLAU-SCHWARZ-2022.jpg","width":600,"height":408,"caption":"CUBE CROSS RACE PRO CYCLOCROSS FAHRRAD SHIMANO ULTEGRA RX105 11S 700 MM BLAU SCHWARZ 2022"},{"@type":"BreadcrumbList","@id":"https:\/\/kgerad.de\/produkt\/cube-cross-race-pro-cyclocross-fahrrad-shimano-blau-schwarz-2022\/#breadcrumb","itemListElement":[{"@type":"ListItem","position":1,"name":"Startseite","item":"https:\/\/kgerad.de\/"},{"@type":"ListItem","position":2,"name":"LADEN","item":"https:\/\/kgerad.de\/laden\/"},{"@type":"ListItem","position":3,"name":"CUBE CROSS RACE PRO CYCLOCROSS FAHRRAD SHIMANO BLAU SCHWARZ 2022"}]},{"@type":"WebSite","@id":"https:\/\/kgerad.de\/#website","url":"https:\/\/kgerad.de\/","name":"kgerad.de","description":"Treten Sie mit uns ins Abenteuer!","publisher":{"@id":"https:\/\/kgerad.de\/#organization"},"alternateName":"MEIN RADLADEN","potentialAction":[{"@type":"SearchAction","target":{"@type":"EntryPoint","urlTemplate":"https:\/\/kgerad.de\/?s={search_term_string}"},"query-input":{"@type":"PropertyValueSpecification","valueRequired":true,"valueName":"search_term_string"}}],"inLanguage":"en-US"},{"@type":"Organization","@id":"https:\/\/kgerad.de\/#organization","name":"MEINRADLADEN","alternateName":"MEIN RADLADEN","url":"https:\/\/kgerad.de\/","logo":{"@type":"ImageObject","inLanguage":"en-US","@id":"https:\/\/kgerad.de\/#\/schema\/logo\/image\/","url":"https:\/\/kgerad.de\/wp-content\/uploads\/2025\/07\/logo-Whit.svg","contentUrl":"https:\/\/kgerad.de\/wp-content\/uploads\/2025\/07\/logo-Whit.svg","width":1640,"height":371,"caption":"MEINRADLADEN"},"image":{"@id":"https:\/\/kgerad.de\/#\/schema\/logo\/image\/"}}]}},"_links":{"self":[{"href":"https:\/\/kgerad.de\/en\/wp-json\/wp\/v2\/product\/12073","targetHints":{"allow":["GET"]}}],"collection":[{"href":"https:\/\/kgerad.de\/en\/wp-json\/wp\/v2\/product"}],"about":[{"href":"https:\/\/kgerad.de\/en\/wp-json\/wp\/v2\/types\/product"}],"replies":[{"embeddable":true,"href":"https:\/\/kgerad.de\/en\/wp-json\/wp\/v2\/comments?post=12073"}],"version-history":[{"count":2,"href":"https:\/\/kgerad.de\/en\/wp-json\/wp\/v2\/product\/12073\/revisions"}],"predecessor-version":[{"id":78464,"href":"https:\/\/kgerad.de\/en\/wp-json\/wp\/v2\/product\/12073\/revisions\/78464"}],"wp:featuredmedia":[{"embeddable":true,"href":"https:\/\/kgerad.de\/en\/wp-json\/wp\/v2\/media\/60674"}],"wp:attachment":[{"href":"https:\/\/kgerad.de\/en\/wp-json\/wp\/v2\/media?parent=12073"}],"wp:term":[{"taxonomy":"product_brand","embeddable":true,"href":"https:\/\/kgerad.de\/en\/wp-json\/wp\/v2\/product_brand?post=12073"},{"taxonomy":"product_cat","embeddable":true,"href":"https:\/\/kgerad.de\/en\/wp-json\/wp\/v2\/product_cat?post=12073"},{"taxonomy":"product_tag","embeddable":true,"href":"https:\/\/kgerad.de\/en\/wp-json\/wp\/v2\/product_tag?post=12073"}],"curies":[{"name":"wp","href":"https:\/\/api.w.org\/{rel}","templated":true}]}}