{"id":12008,"date":"2022-08-03T17:52:33","date_gmt":"2022-08-03T15:52:33","guid":{"rendered":"https:\/\/kgerad.de\/?post_type=product&#038;p=12008"},"modified":"2023-08-10T16:16:44","modified_gmt":"2023-08-10T14:16:44","slug":"cube-stereo-hybrid-120-pro-625-electric-full-suspension-mtb-2022","status":"publish","type":"product","link":"https:\/\/kgerad.de\/en\/product\/cube-stereo-hybrid-120-pro-625-electric-full-suspension-mtb-2022\/","title":{"rendered":"CUBE STEREO HYBRID 120 PRO 625 ELECTRIC FULL SUSPENSION MTB 2022"},"content":{"rendered":"<div id=\"product-header-order-name\" class=\"col-lg-20 col-md-20 col-sm-20 col-xs-20\">\n<h2 class=\"heading-title-text\">CUBE STEREO HYBRID 120 PRO 625 ELECTRIC FULL SUSPENSION MTB SHIMANO DEORE 12S 625 WH 29&#8220; FLASH GREY 2022<\/h2>\n<div class=\"col col-sm-12 col-md-12 col-lg-12\">\n<p>Das\u00a0<strong>Cube Stereo Hybrid 120 Pro<\/strong>\u00a0bietet eine komfortable, bodennahe Federung in Kombination mit intuitivem Handling und zuverl\u00e4ssiger, unkomplizierter Leistung. Wir haben die vierte Generation des CX-Antriebs von Bosch und einen 625-Wh-Akku mit der legend\u00e4r einfach zu bedienenden Deore 1&#215;12-Schaltung von Shimano kombiniert, um die Leistung auf dem Trail zu verbessern. Dann f\u00fcgten wir hydraulische Vierkolben-Scheibenbremsen mit \u00fcbergro\u00dfen Rotoren vorne und hinten hinzu. Zusammen mit den griffigen 2,6-Zoll-Reifen von Schwalbe sorgen sie daf\u00fcr, dass Sie immer die Kontrolle behalten. Und die RockShox-Federung vorne und hinten sorgt daf\u00fcr, dass die Gummiseite nicht zu hart wird. Das ist alles, was Sie f\u00fcr Trail-Abenteuer brauchen.<\/p>\n<p>Im Inneren des schlanken Rahmens des Stereo Hybrid 120 steckt eine Menge cleverer Technik. Unser modulares Batteriesystem verbirgt die Batterie au\u00dfer Sichtweite &#8211; und vor Staub und Wasser gesch\u00fctzt. Die raffinierte Viergelenk-Federung sch\u00fctzt Sie vor St\u00f6\u00dfen und Vibrationen auf dem Trail, und wir haben das Ganze in unsere Comfort Geometry eingepackt &#8211; mit einem steifigkeitssteigernden Boost 148-Hinterbau und einem 1,5-Zoll-Steuerrohr &#8211; f\u00fcr eine einfache Handhabung. Wir haben sogar daf\u00fcr gesorgt, dass Sie ganz einfach Zubeh\u00f6r wie Schutzbleche, einen Gep\u00e4cktr\u00e4ger und einen St\u00e4nder anbringen k\u00f6nnen. Und unser Size Split System bedeutet, dass es f\u00fcr jeden Fahrer ein passendes Stereo Hybrid 120 gibt.<\/p>\n<\/div>\n<div class=\"prodsheet_bullets col col-sm-8 col-md-8 col-lg-8\">\n<h4>HAUPTMERKMALE:<\/h4>\n<ul>\n<li>Aluminium-Superlite-Rahmen mit vollst\u00e4ndig integriertem Akku.<\/li>\n<li>Shimano Deore 1&#215;12-Gang-Antriebssystem.<\/li>\n<li>Hydraulische Scheibenbremsen Shimano MT420, 203\/203 mm.<\/li>\n<\/ul>\n<\/div>\n<div class=\"prodsheet_specs1 col col-sm-12 col-md-12 col-lg-12\">\n<h4>EIGENSCHAFTEN:<\/h4>\n<table class=\"table table-striped\">\n<tbody>\n<tr>\n<td>Rahmen<\/td>\n<td>Aluminium: Aluminium Superlite, Gravity Casting Technology, Efficient Comfort Control, FSP 4-Link, Agile Comfort Geometry, Boost 148, Vollintegrierter Akku, Kickstand\/Schutzblech\/Gep\u00e4cktr\u00e4ger-Befestigungspunkte, Reifenbreite max: 75 mm<\/td>\n<\/tr>\n<tr>\n<td>Gabel<\/td>\n<td>RockShox Recon Silver RL Air, Tapered, 15&#215;110 mm, eMTB-gepr\u00fcft, 120 mm Federweg, Lockout<\/td>\n<\/tr>\n<tr>\n<td>Motor<\/td>\n<td>Bosch Antriebseinheit Performance CX Generation 4 (85 Nm) Cruise (250 Watt), 25 km\/h<\/td>\n<\/tr>\n<tr>\n<td>Akku<\/td>\n<td>Bosch PowerTube 625 Wh<\/td>\n<\/tr>\n<tr>\n<td>Anzeige<\/td>\n<td>Bosch Purion<\/td>\n<\/tr>\n<tr>\n<td>Schaltungen<\/td>\n<td>Shimano Deore SL-M6100-IR, Direct Attach, Rapidfire-Plus, 12-Gang<\/td>\n<\/tr>\n<tr>\n<td>Schaltwerk<\/td>\n<td>Shimano Deore RD-M6100-SGS, ShadowPlus, 12-fach<\/td>\n<\/tr>\n<tr>\n<td>Kassette<\/td>\n<td>Shimano Deore CS-M6100, 10-51T<\/td>\n<\/tr>\n<tr>\n<td>Kette<\/td>\n<td>Shimano CN-M6100<\/td>\n<\/tr>\n<tr>\n<td>Kurbelgarnitur<\/td>\n<td>Acid E-Kurbel, 170 mm, 38Z<\/td>\n<\/tr>\n<tr>\n<td>Bremsen<\/td>\n<td>Shimano BR-MT420, Hydr. Scheibenbremse, (203\/203)<\/td>\n<\/tr>\n<tr>\n<td>Laufradsatz<\/td>\n<td>Cube EX30, 32H, Scheibe, Tubeless Ready<\/td>\n<\/tr>\n<tr>\n<td>Naben<\/td>\n<td>Vorne: Shimano HB-MT400-B, 15 mm, Boost, Centerlock \/ Hinten: Shimano FH-MT410-B, 12 mm, Boost, Centerlock<\/td>\n<\/tr>\n<tr>\n<td>Bereifung<\/td>\n<td>Schwalbe Smart Sam, Aktiv, 29 x 2,6&#8243;<\/td>\n<\/tr>\n<tr>\n<td>Lenker<\/td>\n<td>Newmen Evolution SL 318,25, 760 mm<\/td>\n<\/tr>\n<tr>\n<td>Griffe<\/td>\n<td>Natural Fit All Terrain<\/td>\n<\/tr>\n<tr>\n<td>Vorbau<\/td>\n<td>Cube Performance Vorbau E-MTB, 31,8 mm<\/td>\n<\/tr>\n<tr>\n<td>Steuersatz<\/td>\n<td>Acros AZX-1030, Oben Zero-Stack 1 1\/2&#8243; (ZS 56 mm), Unten Zero-Stack 1 1\/2&#8243; (ZS 56 mm)<\/td>\n<\/tr>\n<tr>\n<td>Pedale<\/td>\n<td>Cube PP MTB<\/td>\n<\/tr>\n<tr>\n<td>Sattel<\/td>\n<td>Natural Fit Sequence<\/td>\n<\/tr>\n<tr>\n<td>Sattelst\u00fctze<\/td>\n<td>Cube Performance-St\u00fctze, 30,9 mm<\/td>\n<\/tr>\n<tr>\n<td>Sattelklemme<\/td>\n<td>Cube Screwlock Semi Integrated, 34,9 mm<\/td>\n<\/tr>\n<tr>\n<td>Gewicht<\/td>\n<td>25.4 kg<\/td>\n<\/tr>\n<tr>\n<td>Maximales Gewicht<\/td>\n<td>135 kg: Das maximale Gewicht des Systems umfasst das Fahrrad, den Fahrer und die Ladung (Gep\u00e4cktr\u00e4ger oder Anh\u00e4nger)<\/td>\n<\/tr>\n<tr>\n<td>Farbe<\/td>\n<td>flashgrey&#8217;n&#8217;orange<\/td>\n<\/tr>\n<tr>\n<td>Referenz<\/td>\n<td>535052<\/td>\n<\/tr>\n<\/tbody>\n<\/table>\n<\/div>\n<div class=\"prodsheet_specs2 col col-sm-8 col-md-8 col-lg-8\">\n<h4>GEOMETRIEN:<\/h4>\n<p><img decoding=\"async\" src=\"http:\/\/media1.alltricks.fr\/ckfinder\/images\/cube_Full-Suspension_geo_en.jpg\" \/><\/p>\n<table class=\"table table-striped\">\n<tbody>\n<tr>\n<td>Rahmengr\u00f6\u00dfe<\/td>\n<td>XS<\/td>\n<td>S<\/td>\n<td>M<\/td>\n<td>L<\/td>\n<td>XL<\/td>\n<\/tr>\n<tr>\n<td>Rahmengr\u00f6\u00dfe (Zoll)<\/td>\n<td>15<\/td>\n<td>17<\/td>\n<td>18<\/td>\n<td>20<\/td>\n<td>22<\/td>\n<\/tr>\n<tr>\n<td>Radgr\u00f6\u00dfe (Zoll)<\/td>\n<td>27.5<\/td>\n<td>27.5<\/td>\n<td>29<\/td>\n<td>29<\/td>\n<td>29<\/td>\n<\/tr>\n<tr>\n<td>Sitzrohr (mm)<\/td>\n<td>370<\/td>\n<td>395<\/td>\n<td>420<\/td>\n<td>465<\/td>\n<td>515<\/td>\n<\/tr>\n<tr>\n<td>Oberrohr (mm)<\/td>\n<td>573<\/td>\n<td>573<\/td>\n<td>590<\/td>\n<td>611<\/td>\n<td>636<\/td>\n<\/tr>\n<tr>\n<td>Kettenstreben (mm)<\/td>\n<td>490<\/td>\n<td>490<\/td>\n<td>490<\/td>\n<td>490<\/td>\n<td>490<\/td>\n<\/tr>\n<tr>\n<td>L\u00e4nge des Steuerrohrs (mm)<\/td>\n<td>119<\/td>\n<td>119<\/td>\n<td>127<\/td>\n<td>137<\/td>\n<td>152<\/td>\n<\/tr>\n<tr>\n<td>Winkel des Steuerrohrs (\u00b0)<\/td>\n<td>67<\/td>\n<td>67<\/td>\n<td>67<\/td>\n<td>67<\/td>\n<td>67<\/td>\n<\/tr>\n<tr>\n<td>Winkel des Sitzrohrs (\u00b0)<\/td>\n<td>75.3<\/td>\n<td>75.3<\/td>\n<td>75.3<\/td>\n<td>75.3<\/td>\n<td>75.3<\/td>\n<\/tr>\n<tr>\n<td>Radstand (mm)<\/td>\n<td>1204<\/td>\n<td>1204<\/td>\n<td>1223<\/td>\n<td>1245<\/td>\n<td>1272<\/td>\n<\/tr>\n<tr>\n<td>Stapel (mm)<\/td>\n<td>581<\/td>\n<td>581<\/td>\n<td>622<\/td>\n<td>632<\/td>\n<td>645<\/td>\n<\/tr>\n<tr>\n<td>Reichweite (mm)<\/td>\n<td>428<\/td>\n<td>428<\/td>\n<td>431<\/td>\n<td>449<\/td>\n<td>470<\/td>\n<\/tr>\n<\/tbody>\n<\/table>\n<\/div>\n<\/div>\n<div id=\"product-header-order-form\" class=\"js-reload-on-event col-lg-20 col-md-20 col-sm-20 col-xs-20\" data-to-watch=\"body\" data-event=\"alltricks:cartChanged\" data-url=\"\/ajax\/product\/ajouter\/F-11947-velos-complets-vtt\/P-2254589-cube_stereo_hybrid_120_pro_625_electric_full_suspension_mtb_shimano_deore_12s_625_wh_29___flash_grey_2022\"><\/div>","protected":false},"excerpt":{"rendered":"<div class=\"col-lg-14 col-md-14 col-sm-14 col-xs-20\"><\/div>\n<div id=\"product-specifications-table\" class=\"col-lg-20 col-md-20 col-sm-20 col-xs-20\">\n<table class=\"table table-striped\">\n<tbody>\n<tr>\n<td class=\"spec-name\">Geschlecht<\/td>\n<td class=\"spec-value\">Herren<\/td>\n<\/tr>\n<tr>\n<td class=\"spec-name\">Gruppe<\/td>\n<td class=\"spec-value\">Shimano Deore 12S<\/td>\n<\/tr>\n<tr>\n<td class=\"spec-name\">collection<\/td>\n<td class=\"spec-value\">2022<\/td>\n<\/tr>\n<tr>\n<td class=\"spec-name\">decimal weight<\/td>\n<td class=\"spec-value\">25.40<\/td>\n<\/tr>\n<\/tbody>\n<\/table>\n<\/div>","protected":false},"featured_media":60652,"comment_status":"open","ping_status":"closed","template":"","meta":[],"product_brand":[],"product_cat":[783],"product_tag":[],"class_list":{"0":"post-12008","1":"product","2":"type-product","3":"status-publish","4":"has-post-thumbnail","6":"product_cat-accessories","7":"pa_marke-cube","9":"first","10":"instock","11":"sale","12":"taxable","13":"shipping-taxable","14":"purchasable","15":"product-type-variable"},"yoast_head":"<!-- This site is optimized with the Yoast SEO Premium plugin v20.12 (Yoast SEO v27.1.1) - https:\/\/yoast.com\/product\/yoast-seo-premium-wordpress\/ -->\n<title>CUBE STEREO HYBRID 120 PRO 625 ELECTRIC FULL SUSPENSION MTB 2022<\/title>\n<meta name=\"description\" content=\"Entdecken Sie unseren Online-Fahrradladen: Gro\u00dfe Auswahl an Modellen f\u00fcr alle Radsportbegeisterten. Von Rennr\u00e4dern bis zu Mountainbikes - finden Sie heute Ihren perfekten Wegbegleiter!\" \/>\n<meta name=\"robots\" content=\"index, follow, max-snippet:-1, max-image-preview:large, max-video-preview:-1\" \/>\n<link rel=\"canonical\" href=\"https:\/\/kgerad.de\/en\/product\/cube-stereo-hybrid-120-pro-625-electric-full-suspension-mtb-2022\/\" \/>\n<meta property=\"og:locale\" content=\"en_US\" \/>\n<meta property=\"og:type\" content=\"article\" \/>\n<meta property=\"og:title\" content=\"CUBE STEREO HYBRID 120 PRO 625 ELECTRIC FULL SUSPENSION MTB 2022\" \/>\n<meta property=\"og:description\" content=\"Entdecken Sie unseren Online-Fahrradladen: Gro\u00dfe Auswahl an Modellen f\u00fcr alle Radsportbegeisterten. Von Rennr\u00e4dern bis zu Mountainbikes - finden Sie heute Ihren perfekten Wegbegleiter!\" \/>\n<meta property=\"og:url\" content=\"https:\/\/kgerad.de\/en\/product\/cube-stereo-hybrid-120-pro-625-electric-full-suspension-mtb-2022\/\" \/>\n<meta property=\"og:site_name\" content=\"kgerad.de\" \/>\n<meta property=\"article:modified_time\" content=\"2023-08-10T14:16:44+00:00\" \/>\n<meta property=\"og:image\" content=\"https:\/\/kgerad.de\/wp-content\/uploads\/2023\/06\/CUBE-STEREO-HYBRID-120-PRO-625-ELECTRIC-FULL-SUSPENSION-MTB-SHIMANO-DEORE-12S-625-WH-29-FLASH-GREY-2022.jpg\" \/>\n\t<meta property=\"og:image:width\" content=\"600\" \/>\n\t<meta property=\"og:image:height\" content=\"408\" \/>\n\t<meta property=\"og:image:type\" content=\"image\/jpeg\" \/>\n<meta name=\"twitter:card\" content=\"summary_large_image\" \/>\n<meta name=\"twitter:label1\" content=\"Est. reading time\" \/>\n\t<meta name=\"twitter:data1\" content=\"4 minutes\" \/>\n<script type=\"application\/ld+json\" class=\"yoast-schema-graph\">{\"@context\":\"https:\/\/schema.org\",\"@graph\":[{\"@type\":\"WebPage\",\"@id\":\"https:\/\/kgerad.de\/produkt\/cube-stereo-hybrid-120-pro-625-electric-full-suspension-mtb-2022\/\",\"url\":\"https:\/\/kgerad.de\/produkt\/cube-stereo-hybrid-120-pro-625-electric-full-suspension-mtb-2022\/\",\"name\":\"CUBE STEREO HYBRID 120 PRO 625 ELECTRIC FULL SUSPENSION MTB 2022\",\"isPartOf\":{\"@id\":\"https:\/\/kgerad.de\/#website\"},\"primaryImageOfPage\":{\"@id\":\"https:\/\/kgerad.de\/produkt\/cube-stereo-hybrid-120-pro-625-electric-full-suspension-mtb-2022\/#primaryimage\"},\"image\":{\"@id\":\"https:\/\/kgerad.de\/produkt\/cube-stereo-hybrid-120-pro-625-electric-full-suspension-mtb-2022\/#primaryimage\"},\"thumbnailUrl\":\"https:\/\/kgerad.de\/wp-content\/uploads\/2023\/06\/CUBE-STEREO-HYBRID-120-PRO-625-ELECTRIC-FULL-SUSPENSION-MTB-SHIMANO-DEORE-12S-625-WH-29-FLASH-GREY-2022.jpg\",\"datePublished\":\"2022-08-03T15:52:33+00:00\",\"dateModified\":\"2023-08-10T14:16:44+00:00\",\"description\":\"Entdecken Sie unseren Online-Fahrradladen: Gro\u00dfe Auswahl an Modellen f\u00fcr alle Radsportbegeisterten. Von Rennr\u00e4dern bis zu Mountainbikes - finden Sie heute Ihren perfekten Wegbegleiter!\",\"breadcrumb\":{\"@id\":\"https:\/\/kgerad.de\/produkt\/cube-stereo-hybrid-120-pro-625-electric-full-suspension-mtb-2022\/#breadcrumb\"},\"inLanguage\":\"en-US\",\"potentialAction\":[{\"@type\":\"ReadAction\",\"target\":[\"https:\/\/kgerad.de\/produkt\/cube-stereo-hybrid-120-pro-625-electric-full-suspension-mtb-2022\/\"]}]},{\"@type\":\"ImageObject\",\"inLanguage\":\"en-US\",\"@id\":\"https:\/\/kgerad.de\/produkt\/cube-stereo-hybrid-120-pro-625-electric-full-suspension-mtb-2022\/#primaryimage\",\"url\":\"https:\/\/kgerad.de\/wp-content\/uploads\/2023\/06\/CUBE-STEREO-HYBRID-120-PRO-625-ELECTRIC-FULL-SUSPENSION-MTB-SHIMANO-DEORE-12S-625-WH-29-FLASH-GREY-2022.jpg\",\"contentUrl\":\"https:\/\/kgerad.de\/wp-content\/uploads\/2023\/06\/CUBE-STEREO-HYBRID-120-PRO-625-ELECTRIC-FULL-SUSPENSION-MTB-SHIMANO-DEORE-12S-625-WH-29-FLASH-GREY-2022.jpg\",\"width\":600,\"height\":408,\"caption\":\"CUBE STEREO HYBRID 120 PRO 625 ELECTRIC FULL SUSPENSION MTB SHIMANO DEORE 12S 625 WH 29'' FLASH GREY 2022\"},{\"@type\":\"BreadcrumbList\",\"@id\":\"https:\/\/kgerad.de\/produkt\/cube-stereo-hybrid-120-pro-625-electric-full-suspension-mtb-2022\/#breadcrumb\",\"itemListElement\":[{\"@type\":\"ListItem\",\"position\":1,\"name\":\"Startseite\",\"item\":\"https:\/\/kgerad.de\/\"},{\"@type\":\"ListItem\",\"position\":2,\"name\":\"LADEN\",\"item\":\"https:\/\/kgerad.de\/laden\/\"},{\"@type\":\"ListItem\",\"position\":3,\"name\":\"CUBE STEREO HYBRID 120 PRO 625 ELECTRIC FULL SUSPENSION MTB 2022\"}]},{\"@type\":\"WebSite\",\"@id\":\"https:\/\/kgerad.de\/#website\",\"url\":\"https:\/\/kgerad.de\/\",\"name\":\"kgerad.de\",\"description\":\"Treten Sie mit uns ins Abenteuer!\",\"publisher\":{\"@id\":\"https:\/\/kgerad.de\/#organization\"},\"alternateName\":\"MEIN RADLADEN\",\"potentialAction\":[{\"@type\":\"SearchAction\",\"target\":{\"@type\":\"EntryPoint\",\"urlTemplate\":\"https:\/\/kgerad.de\/?s={search_term_string}\"},\"query-input\":{\"@type\":\"PropertyValueSpecification\",\"valueRequired\":true,\"valueName\":\"search_term_string\"}}],\"inLanguage\":\"en-US\"},{\"@type\":\"Organization\",\"@id\":\"https:\/\/kgerad.de\/#organization\",\"name\":\"MEINRADLADEN\",\"alternateName\":\"MEIN RADLADEN\",\"url\":\"https:\/\/kgerad.de\/\",\"logo\":{\"@type\":\"ImageObject\",\"inLanguage\":\"en-US\",\"@id\":\"https:\/\/kgerad.de\/#\/schema\/logo\/image\/\",\"url\":\"https:\/\/kgerad.de\/wp-content\/uploads\/2025\/07\/logo-Whit.svg\",\"contentUrl\":\"https:\/\/kgerad.de\/wp-content\/uploads\/2025\/07\/logo-Whit.svg\",\"width\":1640,\"height\":371,\"caption\":\"MEINRADLADEN\"},\"image\":{\"@id\":\"https:\/\/kgerad.de\/#\/schema\/logo\/image\/\"}}]}<\/script>\n<!-- \/ Yoast SEO Premium plugin. -->","yoast_head_json":{"title":"CUBE STEREO HYBRID 120 PRO 625 ELECTRIC FULL SUSPENSION MTB 2022","description":"Entdecken Sie unseren Online-Fahrradladen: Gro\u00dfe Auswahl an Modellen f\u00fcr alle Radsportbegeisterten. Von Rennr\u00e4dern bis zu Mountainbikes - finden Sie heute Ihren perfekten Wegbegleiter!","robots":{"index":"index","follow":"follow","max-snippet":"max-snippet:-1","max-image-preview":"max-image-preview:large","max-video-preview":"max-video-preview:-1"},"canonical":"https:\/\/kgerad.de\/en\/product\/cube-stereo-hybrid-120-pro-625-electric-full-suspension-mtb-2022\/","og_locale":"en_US","og_type":"article","og_title":"CUBE STEREO HYBRID 120 PRO 625 ELECTRIC FULL SUSPENSION MTB 2022","og_description":"Entdecken Sie unseren Online-Fahrradladen: Gro\u00dfe Auswahl an Modellen f\u00fcr alle Radsportbegeisterten. Von Rennr\u00e4dern bis zu Mountainbikes - finden Sie heute Ihren perfekten Wegbegleiter!","og_url":"https:\/\/kgerad.de\/en\/product\/cube-stereo-hybrid-120-pro-625-electric-full-suspension-mtb-2022\/","og_site_name":"kgerad.de","article_modified_time":"2023-08-10T14:16:44+00:00","og_image":[{"width":600,"height":408,"url":"https:\/\/kgerad.de\/wp-content\/uploads\/2023\/06\/CUBE-STEREO-HYBRID-120-PRO-625-ELECTRIC-FULL-SUSPENSION-MTB-SHIMANO-DEORE-12S-625-WH-29-FLASH-GREY-2022.jpg","type":"image\/jpeg"}],"twitter_card":"summary_large_image","twitter_misc":{"Est. reading time":"4 minutes"},"schema":{"@context":"https:\/\/schema.org","@graph":[{"@type":"WebPage","@id":"https:\/\/kgerad.de\/produkt\/cube-stereo-hybrid-120-pro-625-electric-full-suspension-mtb-2022\/","url":"https:\/\/kgerad.de\/produkt\/cube-stereo-hybrid-120-pro-625-electric-full-suspension-mtb-2022\/","name":"CUBE STEREO HYBRID 120 PRO 625 ELECTRIC FULL SUSPENSION MTB 2022","isPartOf":{"@id":"https:\/\/kgerad.de\/#website"},"primaryImageOfPage":{"@id":"https:\/\/kgerad.de\/produkt\/cube-stereo-hybrid-120-pro-625-electric-full-suspension-mtb-2022\/#primaryimage"},"image":{"@id":"https:\/\/kgerad.de\/produkt\/cube-stereo-hybrid-120-pro-625-electric-full-suspension-mtb-2022\/#primaryimage"},"thumbnailUrl":"https:\/\/kgerad.de\/wp-content\/uploads\/2023\/06\/CUBE-STEREO-HYBRID-120-PRO-625-ELECTRIC-FULL-SUSPENSION-MTB-SHIMANO-DEORE-12S-625-WH-29-FLASH-GREY-2022.jpg","datePublished":"2022-08-03T15:52:33+00:00","dateModified":"2023-08-10T14:16:44+00:00","description":"Entdecken Sie unseren Online-Fahrradladen: Gro\u00dfe Auswahl an Modellen f\u00fcr alle Radsportbegeisterten. Von Rennr\u00e4dern bis zu Mountainbikes - finden Sie heute Ihren perfekten Wegbegleiter!","breadcrumb":{"@id":"https:\/\/kgerad.de\/produkt\/cube-stereo-hybrid-120-pro-625-electric-full-suspension-mtb-2022\/#breadcrumb"},"inLanguage":"en-US","potentialAction":[{"@type":"ReadAction","target":["https:\/\/kgerad.de\/produkt\/cube-stereo-hybrid-120-pro-625-electric-full-suspension-mtb-2022\/"]}]},{"@type":"ImageObject","inLanguage":"en-US","@id":"https:\/\/kgerad.de\/produkt\/cube-stereo-hybrid-120-pro-625-electric-full-suspension-mtb-2022\/#primaryimage","url":"https:\/\/kgerad.de\/wp-content\/uploads\/2023\/06\/CUBE-STEREO-HYBRID-120-PRO-625-ELECTRIC-FULL-SUSPENSION-MTB-SHIMANO-DEORE-12S-625-WH-29-FLASH-GREY-2022.jpg","contentUrl":"https:\/\/kgerad.de\/wp-content\/uploads\/2023\/06\/CUBE-STEREO-HYBRID-120-PRO-625-ELECTRIC-FULL-SUSPENSION-MTB-SHIMANO-DEORE-12S-625-WH-29-FLASH-GREY-2022.jpg","width":600,"height":408,"caption":"CUBE STEREO HYBRID 120 PRO 625 ELECTRIC FULL SUSPENSION MTB SHIMANO DEORE 12S 625 WH 29'' FLASH GREY 2022"},{"@type":"BreadcrumbList","@id":"https:\/\/kgerad.de\/produkt\/cube-stereo-hybrid-120-pro-625-electric-full-suspension-mtb-2022\/#breadcrumb","itemListElement":[{"@type":"ListItem","position":1,"name":"Startseite","item":"https:\/\/kgerad.de\/"},{"@type":"ListItem","position":2,"name":"LADEN","item":"https:\/\/kgerad.de\/laden\/"},{"@type":"ListItem","position":3,"name":"CUBE STEREO HYBRID 120 PRO 625 ELECTRIC FULL SUSPENSION MTB 2022"}]},{"@type":"WebSite","@id":"https:\/\/kgerad.de\/#website","url":"https:\/\/kgerad.de\/","name":"kgerad.de","description":"Treten Sie mit uns ins Abenteuer!","publisher":{"@id":"https:\/\/kgerad.de\/#organization"},"alternateName":"MEIN RADLADEN","potentialAction":[{"@type":"SearchAction","target":{"@type":"EntryPoint","urlTemplate":"https:\/\/kgerad.de\/?s={search_term_string}"},"query-input":{"@type":"PropertyValueSpecification","valueRequired":true,"valueName":"search_term_string"}}],"inLanguage":"en-US"},{"@type":"Organization","@id":"https:\/\/kgerad.de\/#organization","name":"MEINRADLADEN","alternateName":"MEIN RADLADEN","url":"https:\/\/kgerad.de\/","logo":{"@type":"ImageObject","inLanguage":"en-US","@id":"https:\/\/kgerad.de\/#\/schema\/logo\/image\/","url":"https:\/\/kgerad.de\/wp-content\/uploads\/2025\/07\/logo-Whit.svg","contentUrl":"https:\/\/kgerad.de\/wp-content\/uploads\/2025\/07\/logo-Whit.svg","width":1640,"height":371,"caption":"MEINRADLADEN"},"image":{"@id":"https:\/\/kgerad.de\/#\/schema\/logo\/image\/"}}]}},"_links":{"self":[{"href":"https:\/\/kgerad.de\/en\/wp-json\/wp\/v2\/product\/12008","targetHints":{"allow":["GET"]}}],"collection":[{"href":"https:\/\/kgerad.de\/en\/wp-json\/wp\/v2\/product"}],"about":[{"href":"https:\/\/kgerad.de\/en\/wp-json\/wp\/v2\/types\/product"}],"replies":[{"embeddable":true,"href":"https:\/\/kgerad.de\/en\/wp-json\/wp\/v2\/comments?post=12008"}],"version-history":[{"count":1,"href":"https:\/\/kgerad.de\/en\/wp-json\/wp\/v2\/product\/12008\/revisions"}],"predecessor-version":[{"id":78471,"href":"https:\/\/kgerad.de\/en\/wp-json\/wp\/v2\/product\/12008\/revisions\/78471"}],"wp:featuredmedia":[{"embeddable":true,"href":"https:\/\/kgerad.de\/en\/wp-json\/wp\/v2\/media\/60652"}],"wp:attachment":[{"href":"https:\/\/kgerad.de\/en\/wp-json\/wp\/v2\/media?parent=12008"}],"wp:term":[{"taxonomy":"product_brand","embeddable":true,"href":"https:\/\/kgerad.de\/en\/wp-json\/wp\/v2\/product_brand?post=12008"},{"taxonomy":"product_cat","embeddable":true,"href":"https:\/\/kgerad.de\/en\/wp-json\/wp\/v2\/product_cat?post=12008"},{"taxonomy":"product_tag","embeddable":true,"href":"https:\/\/kgerad.de\/en\/wp-json\/wp\/v2\/product_tag?post=12008"}],"curies":[{"name":"wp","href":"https:\/\/api.w.org\/{rel}","templated":true}]}}