{"id":11930,"date":"2022-08-03T15:10:33","date_gmt":"2022-08-03T13:10:33","guid":{"rendered":"https:\/\/kgerad.de\/?post_type=product&#038;p=11930"},"modified":"2023-08-10T16:43:20","modified_gmt":"2023-08-10T14:43:20","slug":"haibike-alltrail-5-29-electric-full-suspension-mtb-urban-2022","status":"publish","type":"product","link":"https:\/\/kgerad.de\/en\/product\/haibike-alltrail-5-29-electric-full-suspension-mtb-urban-2022\/","title":{"rendered":"HAIBIKE ALLTRAIL 5 29 ELECTRIC FULL SUSPENSION MTB URBAN 2022"},"content":{"rendered":"<div id=\"product-header-order-name\" class=\"col-lg-20 col-md-20 col-sm-20 col-xs-20\">\n<h2 class=\"heading-title-text\">HAIBIKE ALLTRAIL 5 29 ELECTRIC FULL SUSPENSION MTB SHIMANO DEORE 12S 630 WH 29&#8220; URBAN GREY 2022<\/h2>\n<\/div>\n<div id=\"product-header-order-form\" class=\"js-reload-on-event col-lg-20 col-md-20 col-sm-20 col-xs-20\" data-to-watch=\"body\" data-event=\"alltricks:cartChanged\" data-url=\"\/ajax\/product\/ajouter\/F-11947-velos-complets-vtt\/P-2234228-haibike_alltrail_5_29_electric_full_suspension_mtb_shimano_deore_12s_630_wh_29___urban_grey_2022\">\n<div class=\"col col-sm-12 col-md-12 col-lg-12\">\n<p>Sie lieben lange Touren und sind auf der Suche nach einem zuverl\u00e4ssigen eMTB mit dem Komfort eines vollgefederten Bikes und der Laufruhe eines 29&#8243;? Dann ist das\u00a0<strong>Haibike AllTrail 5 29<\/strong>\u00a0Ihr E-Bike! Ausgestattet mit einem leistungsstarken Yamaha PW-ST-Motor und einem elegant im Unterrohr integrierten 630-Wh-Akku, 4-Kolben-Scheibenbremsen, Shimano-Schaltkomponenten, 120 mm Federweg vorne und hinten und breiten Plus-Reifen ist es ein echter Easy-Syrider f\u00fcr ausgedehnte Touren in leichtem Gel\u00e4nde.<\/p>\n<\/div>\n<div class=\"prodsheet_bullets col col-sm-8 col-md-8 col-lg-8\">\n<h4>HAUPTMERKMALE:<\/h4>\n<ul>\n<li>rahmen aus 6061er-Legierung, 120 mm Federweg.<\/li>\n<li>Shimano Deore 1&#215;12-Gang-Antriebssystem.<\/li>\n<li>Tektro Orion M745 hydraulische Scheibenbremsen, 203\/180 mm.<\/li>\n<\/ul>\n<\/div>\n<div class=\"prodsheet_specs1 col col-sm-12 col-md-12 col-lg-12\">\n<h4>EIGENSCHAFTEN:<\/h4>\n<table class=\"table table-striped\">\n<tbody>\n<tr>\n<td>Rahmen<\/td>\n<td>Aluminium: Haibike, FullNine Yamaha i630, Aluminium 6061, 120 mm Federweg<\/td>\n<\/tr>\n<tr>\n<td>Gabel<\/td>\n<td>RockShox 35 Silver, Stahlfeder, 120 mm Federweg, Aluminium Gabelschaft 1 1\/8&#8243; &#8211; 1 1\/2&#8243; tapered, 15 x 110 mm Steckachse Boost<\/td>\n<\/tr>\n<tr>\n<td>D\u00e4mpfer hinten<\/td>\n<td>RockShox Monarch R, Luft<\/td>\n<\/tr>\n<tr>\n<td>Motor<\/td>\n<td>Yamaha PW-ST System, 250 Wh, 70 Nm, 25 km\/h<\/td>\n<\/tr>\n<tr>\n<td>Akku<\/td>\n<td>Yamaha InTube, 630 Wh<\/td>\n<\/tr>\n<tr>\n<td>Anzeige<\/td>\n<td>Yamaha Seitenschalter, 1,7&#8243; LCD, 7 Funktionen<\/td>\n<\/tr>\n<tr>\n<td>Schaltung<\/td>\n<td>Shimano Deore M6100, Trigger-Schalter, 1&#215;12-fach<\/td>\n<\/tr>\n<tr>\n<td>Schaltwerk<\/td>\n<td>Shimano Deore M6100, 12-fach<\/td>\n<\/tr>\n<tr>\n<td>Kassette<\/td>\n<td>Shimano M6100, 10-51T<\/td>\n<\/tr>\n<tr>\n<td>Kette<\/td>\n<td>Shimano CN-M6100<\/td>\n<\/tr>\n<tr>\n<td>Kurbelgarnitur<\/td>\n<td>Haibike Components, Die Kurbel +, Aluminium, Kettenblatt, Stahl, 36Z<\/td>\n<\/tr>\n<tr>\n<td>Bremsen<\/td>\n<td>Tektro Orion M745, Hydr. Scheibenbremse, 4-Kolben-Bremssattel, 203\/180 mm Tektro Rotoren<\/td>\n<\/tr>\n<tr>\n<td>Laufradsatz<\/td>\n<td>Rodi Tryp 30, Mit \u00d6sen, Doppelwandig, Aluminium<\/td>\n<\/tr>\n<tr>\n<td>Naben<\/td>\n<td>Haibike Komponenten, TheHub ++, 6-Schrauben-Standard<\/td>\n<\/tr>\n<tr>\n<td>Bereifung<\/td>\n<td>Schwalbe Nobby Nic, Leistung, 65-622, 29 x 2.6&#8243;<\/td>\n<\/tr>\n<tr>\n<td>Lenker<\/td>\n<td>Haibike-Komponenten, TheBar ++, 780 mm<\/td>\n<\/tr>\n<tr>\n<td>Griffe<\/td>\n<td>Haibike MTB-Griffe<\/td>\n<\/tr>\n<tr>\n<td>Vorbau<\/td>\n<td>Haibike Komponenten, TheStem ++, A-Kopf, 31,8 mm, 7,0\u00b0<\/td>\n<\/tr>\n<tr>\n<td>Steuersatz<\/td>\n<td>Feimin, A-Kopf Tapered, Kugellager<\/td>\n<\/tr>\n<tr>\n<td>Pedale<\/td>\n<td>Freeridepedal, Aluminium, mit Reflektor<\/td>\n<\/tr>\n<tr>\n<td>Sattel<\/td>\n<td>Selle Bassano Reko R2 E-Sport<\/td>\n<\/tr>\n<tr>\n<td>Sattelst\u00fctze<\/td>\n<td>Dropper-Post Remote 31.6, Aluminium, Teleskop, 31.6 mm<\/td>\n<\/tr>\n<tr>\n<td>Gewicht<\/td>\n<td>&#8212;<\/td>\n<\/tr>\n<tr>\n<td>Gewichtslimit<\/td>\n<td>120 kg: das maximale Systemgewicht besteht aus Fahrrad, Fahrer und Ladung (Gep\u00e4cktr\u00e4ger oder Anh\u00e4nger)<\/td>\n<\/tr>\n<tr>\n<td>Farbe<\/td>\n<td>stadtgrau\/Rot &#8211; gl\u00e4nzend<\/td>\n<\/tr>\n<\/tbody>\n<\/table>\n<\/div>\n<div class=\"prodsheet_specs2 col col-sm-8 col-md-8 col-lg-8\">\n<h4>GEOMETRIEN:<\/h4>\n<p><img decoding=\"async\" src=\"http:\/\/media1.alltricks.fr\/ckfinder\/images\/cube_Full-Suspension_geo_en.jpg\" \/><\/p>\n<table class=\"table table-striped\">\n<tbody>\n<tr>\n<td>Rahmengr\u00f6\u00dfe<\/td>\n<td>M<\/td>\n<td>L<\/td>\n<td>XL<\/td>\n<\/tr>\n<tr>\n<td>Rahmengr\u00f6\u00dfe (cm)<\/td>\n<td>44<\/td>\n<td>48<\/td>\n<td>52<\/td>\n<\/tr>\n<tr>\n<td>Radgr\u00f6\u00dfe (Zoll)<\/td>\n<td>29<\/td>\n<td>29<\/td>\n<td>29<\/td>\n<\/tr>\n<tr>\n<td>Sitzrohr (mm)<\/td>\n<td>440<\/td>\n<td>480<\/td>\n<td>520<\/td>\n<\/tr>\n<tr>\n<td>Oberrohr (mm)<\/td>\n<td>620<\/td>\n<td>640<\/td>\n<td>660<\/td>\n<\/tr>\n<tr>\n<td>Kettenstreben (mm)<\/td>\n<td>495<\/td>\n<td>495<\/td>\n<td>495<\/td>\n<\/tr>\n<tr>\n<td>Steuerrohrl\u00e4nge (mm)<\/td>\n<td>135<\/td>\n<td>140<\/td>\n<td>145<\/td>\n<\/tr>\n<tr>\n<td>Winkel des Steuerrohrs (\u00b0)<\/td>\n<td>66.5<\/td>\n<td>66.5<\/td>\n<td>66.5<\/td>\n<\/tr>\n<tr>\n<td>Sitzrohr-Winkel (\u00b0)<\/td>\n<td>73<\/td>\n<td>73<\/td>\n<td>73<\/td>\n<\/tr>\n<tr>\n<td>Radstand (mm)<\/td>\n<td>1231<\/td>\n<td>1252<\/td>\n<td>1272<\/td>\n<\/tr>\n<tr>\n<td>Stapel (mm)<\/td>\n<td>623<\/td>\n<td>628<\/td>\n<td>632<\/td>\n<\/tr>\n<tr>\n<td>Reichweite (mm)<\/td>\n<td>424<\/td>\n<td>442<\/td>\n<td>461<\/td>\n<\/tr>\n<\/tbody>\n<\/table>\n<\/div>\n<\/div>","protected":false},"excerpt":{"rendered":"<div class=\"col-lg-14 col-md-14 col-sm-14 col-xs-20\"><\/div>\n<div id=\"product-specifications-table\" class=\"col-lg-20 col-md-20 col-sm-20 col-xs-20\">\n<table class=\"table table-striped\">\n<tbody>\n<tr>\n<td class=\"spec-name\">Geschlecht<\/td>\n<td class=\"spec-value\">Herren<\/td>\n<\/tr>\n<tr>\n<td class=\"spec-name\">Gruppe<\/td>\n<td class=\"spec-value\">Shimano Deore 12S<\/td>\n<\/tr>\n<tr>\n<td class=\"spec-name\">collection<\/td>\n<td class=\"spec-value\">2022<\/td>\n<\/tr>\n<\/tbody>\n<\/table>\n<\/div>","protected":false},"featured_media":60620,"comment_status":"open","ping_status":"closed","template":"","meta":[],"product_brand":[],"product_cat":[783],"product_tag":[],"class_list":{"0":"post-11930","1":"product","2":"type-product","3":"status-publish","4":"has-post-thumbnail","6":"product_cat-accessories","7":"pa_marke-haibike","9":"first","10":"instock","11":"sale","12":"taxable","13":"shipping-taxable","14":"purchasable","15":"product-type-variable"},"yoast_head":"<!-- This site is optimized with the Yoast SEO Premium plugin v20.12 (Yoast SEO v27.1.1) - https:\/\/yoast.com\/product\/yoast-seo-premium-wordpress\/ -->\n<title>HAIBIKE ALLTRAIL 5 29 ELECTRIC FULL SUSPENSION MTB URBAN 2022<\/title>\n<meta name=\"description\" content=\"Entdecken Sie unseren Online-Fahrradladen: Gro\u00dfe Auswahl an Modellen f\u00fcr alle Radsportbegeisterten. Von Rennr\u00e4dern bis zu Mountainbikes - finden Sie heute Ihren perfekten Wegbegleiter!\" \/>\n<meta name=\"robots\" content=\"index, follow, max-snippet:-1, max-image-preview:large, max-video-preview:-1\" \/>\n<link rel=\"canonical\" href=\"https:\/\/kgerad.de\/en\/product\/haibike-alltrail-5-29-electric-full-suspension-mtb-urban-2022\/\" \/>\n<meta property=\"og:locale\" content=\"en_US\" \/>\n<meta property=\"og:type\" content=\"article\" \/>\n<meta property=\"og:title\" content=\"HAIBIKE ALLTRAIL 5 29 ELECTRIC FULL SUSPENSION MTB URBAN 2022\" \/>\n<meta property=\"og:description\" content=\"Entdecken Sie unseren Online-Fahrradladen: Gro\u00dfe Auswahl an Modellen f\u00fcr alle Radsportbegeisterten. Von Rennr\u00e4dern bis zu Mountainbikes - finden Sie heute Ihren perfekten Wegbegleiter!\" \/>\n<meta property=\"og:url\" content=\"https:\/\/kgerad.de\/en\/product\/haibike-alltrail-5-29-electric-full-suspension-mtb-urban-2022\/\" \/>\n<meta property=\"og:site_name\" content=\"kgerad.de\" \/>\n<meta property=\"article:modified_time\" content=\"2023-08-10T14:43:20+00:00\" \/>\n<meta property=\"og:image\" content=\"https:\/\/kgerad.de\/wp-content\/uploads\/2023\/06\/HAIBIKE-ALLTRAIL-5-29-ELECTRIC-FULL-SUSPENSION-MTB-SHIMANO-DEORE-12S-630-.jpg\" \/>\n\t<meta property=\"og:image:width\" content=\"600\" \/>\n\t<meta property=\"og:image:height\" content=\"407\" \/>\n\t<meta property=\"og:image:type\" content=\"image\/jpeg\" \/>\n<meta name=\"twitter:card\" content=\"summary_large_image\" \/>\n<meta name=\"twitter:label1\" content=\"Est. reading time\" \/>\n\t<meta name=\"twitter:data1\" content=\"3 minutes\" \/>\n<script type=\"application\/ld+json\" class=\"yoast-schema-graph\">{\"@context\":\"https:\/\/schema.org\",\"@graph\":[{\"@type\":\"WebPage\",\"@id\":\"https:\/\/kgerad.de\/produkt\/haibike-alltrail-5-29-electric-full-suspension-mtb-urban-2022\/\",\"url\":\"https:\/\/kgerad.de\/produkt\/haibike-alltrail-5-29-electric-full-suspension-mtb-urban-2022\/\",\"name\":\"HAIBIKE ALLTRAIL 5 29 ELECTRIC FULL SUSPENSION MTB URBAN 2022\",\"isPartOf\":{\"@id\":\"https:\/\/kgerad.de\/#website\"},\"primaryImageOfPage\":{\"@id\":\"https:\/\/kgerad.de\/produkt\/haibike-alltrail-5-29-electric-full-suspension-mtb-urban-2022\/#primaryimage\"},\"image\":{\"@id\":\"https:\/\/kgerad.de\/produkt\/haibike-alltrail-5-29-electric-full-suspension-mtb-urban-2022\/#primaryimage\"},\"thumbnailUrl\":\"https:\/\/kgerad.de\/wp-content\/uploads\/2023\/06\/HAIBIKE-ALLTRAIL-5-29-ELECTRIC-FULL-SUSPENSION-MTB-SHIMANO-DEORE-12S-630-.jpg\",\"datePublished\":\"2022-08-03T13:10:33+00:00\",\"dateModified\":\"2023-08-10T14:43:20+00:00\",\"description\":\"Entdecken Sie unseren Online-Fahrradladen: Gro\u00dfe Auswahl an Modellen f\u00fcr alle Radsportbegeisterten. Von Rennr\u00e4dern bis zu Mountainbikes - finden Sie heute Ihren perfekten Wegbegleiter!\",\"breadcrumb\":{\"@id\":\"https:\/\/kgerad.de\/produkt\/haibike-alltrail-5-29-electric-full-suspension-mtb-urban-2022\/#breadcrumb\"},\"inLanguage\":\"en-US\",\"potentialAction\":[{\"@type\":\"ReadAction\",\"target\":[\"https:\/\/kgerad.de\/produkt\/haibike-alltrail-5-29-electric-full-suspension-mtb-urban-2022\/\"]}]},{\"@type\":\"ImageObject\",\"inLanguage\":\"en-US\",\"@id\":\"https:\/\/kgerad.de\/produkt\/haibike-alltrail-5-29-electric-full-suspension-mtb-urban-2022\/#primaryimage\",\"url\":\"https:\/\/kgerad.de\/wp-content\/uploads\/2023\/06\/HAIBIKE-ALLTRAIL-5-29-ELECTRIC-FULL-SUSPENSION-MTB-SHIMANO-DEORE-12S-630-.jpg\",\"contentUrl\":\"https:\/\/kgerad.de\/wp-content\/uploads\/2023\/06\/HAIBIKE-ALLTRAIL-5-29-ELECTRIC-FULL-SUSPENSION-MTB-SHIMANO-DEORE-12S-630-.jpg\",\"width\":600,\"height\":407,\"caption\":\"HAIBIKE ALLTRAIL 5 29 ELECTRIC FULL SUSPENSION MTB SHIMANO DEORE 12S 630\"},{\"@type\":\"BreadcrumbList\",\"@id\":\"https:\/\/kgerad.de\/produkt\/haibike-alltrail-5-29-electric-full-suspension-mtb-urban-2022\/#breadcrumb\",\"itemListElement\":[{\"@type\":\"ListItem\",\"position\":1,\"name\":\"Startseite\",\"item\":\"https:\/\/kgerad.de\/\"},{\"@type\":\"ListItem\",\"position\":2,\"name\":\"LADEN\",\"item\":\"https:\/\/kgerad.de\/laden\/\"},{\"@type\":\"ListItem\",\"position\":3,\"name\":\"HAIBIKE ALLTRAIL 5 29 ELECTRIC FULL SUSPENSION MTB URBAN 2022\"}]},{\"@type\":\"WebSite\",\"@id\":\"https:\/\/kgerad.de\/#website\",\"url\":\"https:\/\/kgerad.de\/\",\"name\":\"kgerad.de\",\"description\":\"Treten Sie mit uns ins Abenteuer!\",\"publisher\":{\"@id\":\"https:\/\/kgerad.de\/#organization\"},\"alternateName\":\"MEIN RADLADEN\",\"potentialAction\":[{\"@type\":\"SearchAction\",\"target\":{\"@type\":\"EntryPoint\",\"urlTemplate\":\"https:\/\/kgerad.de\/?s={search_term_string}\"},\"query-input\":{\"@type\":\"PropertyValueSpecification\",\"valueRequired\":true,\"valueName\":\"search_term_string\"}}],\"inLanguage\":\"en-US\"},{\"@type\":\"Organization\",\"@id\":\"https:\/\/kgerad.de\/#organization\",\"name\":\"MEINRADLADEN\",\"alternateName\":\"MEIN RADLADEN\",\"url\":\"https:\/\/kgerad.de\/\",\"logo\":{\"@type\":\"ImageObject\",\"inLanguage\":\"en-US\",\"@id\":\"https:\/\/kgerad.de\/#\/schema\/logo\/image\/\",\"url\":\"https:\/\/kgerad.de\/wp-content\/uploads\/2025\/07\/logo-Whit.svg\",\"contentUrl\":\"https:\/\/kgerad.de\/wp-content\/uploads\/2025\/07\/logo-Whit.svg\",\"width\":1640,\"height\":371,\"caption\":\"MEINRADLADEN\"},\"image\":{\"@id\":\"https:\/\/kgerad.de\/#\/schema\/logo\/image\/\"}}]}<\/script>\n<!-- \/ Yoast SEO Premium plugin. -->","yoast_head_json":{"title":"HAIBIKE ALLTRAIL 5 29 ELECTRIC FULL SUSPENSION MTB URBAN 2022","description":"Entdecken Sie unseren Online-Fahrradladen: Gro\u00dfe Auswahl an Modellen f\u00fcr alle Radsportbegeisterten. Von Rennr\u00e4dern bis zu Mountainbikes - finden Sie heute Ihren perfekten Wegbegleiter!","robots":{"index":"index","follow":"follow","max-snippet":"max-snippet:-1","max-image-preview":"max-image-preview:large","max-video-preview":"max-video-preview:-1"},"canonical":"https:\/\/kgerad.de\/en\/product\/haibike-alltrail-5-29-electric-full-suspension-mtb-urban-2022\/","og_locale":"en_US","og_type":"article","og_title":"HAIBIKE ALLTRAIL 5 29 ELECTRIC FULL SUSPENSION MTB URBAN 2022","og_description":"Entdecken Sie unseren Online-Fahrradladen: Gro\u00dfe Auswahl an Modellen f\u00fcr alle Radsportbegeisterten. Von Rennr\u00e4dern bis zu Mountainbikes - finden Sie heute Ihren perfekten Wegbegleiter!","og_url":"https:\/\/kgerad.de\/en\/product\/haibike-alltrail-5-29-electric-full-suspension-mtb-urban-2022\/","og_site_name":"kgerad.de","article_modified_time":"2023-08-10T14:43:20+00:00","og_image":[{"width":600,"height":407,"url":"https:\/\/kgerad.de\/wp-content\/uploads\/2023\/06\/HAIBIKE-ALLTRAIL-5-29-ELECTRIC-FULL-SUSPENSION-MTB-SHIMANO-DEORE-12S-630-.jpg","type":"image\/jpeg"}],"twitter_card":"summary_large_image","twitter_misc":{"Est. reading time":"3 minutes"},"schema":{"@context":"https:\/\/schema.org","@graph":[{"@type":"WebPage","@id":"https:\/\/kgerad.de\/produkt\/haibike-alltrail-5-29-electric-full-suspension-mtb-urban-2022\/","url":"https:\/\/kgerad.de\/produkt\/haibike-alltrail-5-29-electric-full-suspension-mtb-urban-2022\/","name":"HAIBIKE ALLTRAIL 5 29 ELECTRIC FULL SUSPENSION MTB URBAN 2022","isPartOf":{"@id":"https:\/\/kgerad.de\/#website"},"primaryImageOfPage":{"@id":"https:\/\/kgerad.de\/produkt\/haibike-alltrail-5-29-electric-full-suspension-mtb-urban-2022\/#primaryimage"},"image":{"@id":"https:\/\/kgerad.de\/produkt\/haibike-alltrail-5-29-electric-full-suspension-mtb-urban-2022\/#primaryimage"},"thumbnailUrl":"https:\/\/kgerad.de\/wp-content\/uploads\/2023\/06\/HAIBIKE-ALLTRAIL-5-29-ELECTRIC-FULL-SUSPENSION-MTB-SHIMANO-DEORE-12S-630-.jpg","datePublished":"2022-08-03T13:10:33+00:00","dateModified":"2023-08-10T14:43:20+00:00","description":"Entdecken Sie unseren Online-Fahrradladen: Gro\u00dfe Auswahl an Modellen f\u00fcr alle Radsportbegeisterten. Von Rennr\u00e4dern bis zu Mountainbikes - finden Sie heute Ihren perfekten Wegbegleiter!","breadcrumb":{"@id":"https:\/\/kgerad.de\/produkt\/haibike-alltrail-5-29-electric-full-suspension-mtb-urban-2022\/#breadcrumb"},"inLanguage":"en-US","potentialAction":[{"@type":"ReadAction","target":["https:\/\/kgerad.de\/produkt\/haibike-alltrail-5-29-electric-full-suspension-mtb-urban-2022\/"]}]},{"@type":"ImageObject","inLanguage":"en-US","@id":"https:\/\/kgerad.de\/produkt\/haibike-alltrail-5-29-electric-full-suspension-mtb-urban-2022\/#primaryimage","url":"https:\/\/kgerad.de\/wp-content\/uploads\/2023\/06\/HAIBIKE-ALLTRAIL-5-29-ELECTRIC-FULL-SUSPENSION-MTB-SHIMANO-DEORE-12S-630-.jpg","contentUrl":"https:\/\/kgerad.de\/wp-content\/uploads\/2023\/06\/HAIBIKE-ALLTRAIL-5-29-ELECTRIC-FULL-SUSPENSION-MTB-SHIMANO-DEORE-12S-630-.jpg","width":600,"height":407,"caption":"HAIBIKE ALLTRAIL 5 29 ELECTRIC FULL SUSPENSION MTB SHIMANO DEORE 12S 630"},{"@type":"BreadcrumbList","@id":"https:\/\/kgerad.de\/produkt\/haibike-alltrail-5-29-electric-full-suspension-mtb-urban-2022\/#breadcrumb","itemListElement":[{"@type":"ListItem","position":1,"name":"Startseite","item":"https:\/\/kgerad.de\/"},{"@type":"ListItem","position":2,"name":"LADEN","item":"https:\/\/kgerad.de\/laden\/"},{"@type":"ListItem","position":3,"name":"HAIBIKE ALLTRAIL 5 29 ELECTRIC FULL SUSPENSION MTB URBAN 2022"}]},{"@type":"WebSite","@id":"https:\/\/kgerad.de\/#website","url":"https:\/\/kgerad.de\/","name":"kgerad.de","description":"Treten Sie mit uns ins Abenteuer!","publisher":{"@id":"https:\/\/kgerad.de\/#organization"},"alternateName":"MEIN RADLADEN","potentialAction":[{"@type":"SearchAction","target":{"@type":"EntryPoint","urlTemplate":"https:\/\/kgerad.de\/?s={search_term_string}"},"query-input":{"@type":"PropertyValueSpecification","valueRequired":true,"valueName":"search_term_string"}}],"inLanguage":"en-US"},{"@type":"Organization","@id":"https:\/\/kgerad.de\/#organization","name":"MEINRADLADEN","alternateName":"MEIN RADLADEN","url":"https:\/\/kgerad.de\/","logo":{"@type":"ImageObject","inLanguage":"en-US","@id":"https:\/\/kgerad.de\/#\/schema\/logo\/image\/","url":"https:\/\/kgerad.de\/wp-content\/uploads\/2025\/07\/logo-Whit.svg","contentUrl":"https:\/\/kgerad.de\/wp-content\/uploads\/2025\/07\/logo-Whit.svg","width":1640,"height":371,"caption":"MEINRADLADEN"},"image":{"@id":"https:\/\/kgerad.de\/#\/schema\/logo\/image\/"}}]}},"_links":{"self":[{"href":"https:\/\/kgerad.de\/en\/wp-json\/wp\/v2\/product\/11930","targetHints":{"allow":["GET"]}}],"collection":[{"href":"https:\/\/kgerad.de\/en\/wp-json\/wp\/v2\/product"}],"about":[{"href":"https:\/\/kgerad.de\/en\/wp-json\/wp\/v2\/types\/product"}],"replies":[{"embeddable":true,"href":"https:\/\/kgerad.de\/en\/wp-json\/wp\/v2\/comments?post=11930"}],"version-history":[{"count":1,"href":"https:\/\/kgerad.de\/en\/wp-json\/wp\/v2\/product\/11930\/revisions"}],"predecessor-version":[{"id":78478,"href":"https:\/\/kgerad.de\/en\/wp-json\/wp\/v2\/product\/11930\/revisions\/78478"}],"wp:featuredmedia":[{"embeddable":true,"href":"https:\/\/kgerad.de\/en\/wp-json\/wp\/v2\/media\/60620"}],"wp:attachment":[{"href":"https:\/\/kgerad.de\/en\/wp-json\/wp\/v2\/media?parent=11930"}],"wp:term":[{"taxonomy":"product_brand","embeddable":true,"href":"https:\/\/kgerad.de\/en\/wp-json\/wp\/v2\/product_brand?post=11930"},{"taxonomy":"product_cat","embeddable":true,"href":"https:\/\/kgerad.de\/en\/wp-json\/wp\/v2\/product_cat?post=11930"},{"taxonomy":"product_tag","embeddable":true,"href":"https:\/\/kgerad.de\/en\/wp-json\/wp\/v2\/product_tag?post=11930"}],"curies":[{"name":"wp","href":"https:\/\/api.w.org\/{rel}","templated":true}]}}