{"id":11777,"date":"2022-07-29T16:07:46","date_gmt":"2022-07-29T14:07:46","guid":{"rendered":"https:\/\/kgerad.de\/?post_type=product&#038;p=11777"},"modified":"2023-08-10T16:51:52","modified_gmt":"2023-08-10T14:51:52","slug":"bmc-twostroke-al-two-hardtail-mtb-sram-blau-2022","status":"publish","type":"product","link":"https:\/\/kgerad.de\/en\/product\/bmc-twostroke-al-two-hardtail-mtb-sram-blau-2022\/","title":{"rendered":"BMC TWOSTROKE AL TWO HARDTAIL MTB SRAM BLAU 2022"},"content":{"rendered":"<div id=\"product-header-order-name\" class=\"col-lg-20 col-md-20 col-sm-20 col-xs-20\">\n<h2 class=\"heading-title-text\">BMC TWOSTROKE AL TWO HARDTAIL MTB SRAM NX EAGLE 12V 29&#8220; BLAU 2022<\/h2>\n<\/div>\n<div id=\"product-header-order-form\" class=\"js-reload-on-event col-lg-20 col-md-20 col-sm-20 col-xs-20\" data-to-watch=\"body\" data-event=\"alltricks:cartChanged\" data-url=\"\/ajax\/product\/ajouter\/F-11947-velos-complets-vtt\/P-1982654-bmc_twostroke_al_two_hardtail_mtb_sram_nx_eagle_12v_29__39___39__blau_2022\">\n<div class=\"col col-sm-12 col-md-12 col-lg-12\">\n<p>Um auf den XCO-Strecken alles zu geben oder beim steilsten Anstieg der Region eine neue pers\u00f6nliche Bestzeit zu erreichen, steht der\u00a0<strong>BMC Twostroke<\/strong>\u00a0im R\u00fccken von Cross-Country-Enthusiasten. Dieses XC-Bike der n\u00e4chsten Generation verk\u00f6rpert eine neue Vision von Hardtail und ist nicht nur ein effizienter Kletterer, sondern auch darauf ausgelegt, dir selbst auf den technischsten und anspruchsvollsten Trails Kontrolle und Selbstvertrauen zu geben. Der\u00a0<strong>Twostroke AL Two<\/strong>\u00a0verf\u00fcgt \u00fcber einen schlanken Aluminiumrahmen, ein direkter Erbe des rennerprobten Fourstroke mit einem von Stealth-Flugzeugen inspirierten Design, um die ideale Kombination aus Leistung, Effizienz und \u00c4sthetik zu schaffen.<\/p>\n<p>Die komplett innenliegende und gef\u00fchrte Kabelf\u00fchrung erleichtert die Montage und verleiht dem Bike\u00a0<strong>eine cleane \u00c4sthetik<\/strong>\u00a0. Ein dedizierter Adapter erm\u00f6glicht sogar den Einbau einer 27,2 mm Sattelst\u00fctze bei gleichzeitig diskreter Kabelf\u00fchrung. Die geformten Abdeckungen an den Kettenstreben, eine integrierte Kettenf\u00fchrung und ein transparenter Schutz am Unterrohr sorgen f\u00fcr\u00a0<strong>Langlebigkeit und ein schlankes Design<\/strong>\u00a0.<\/p>\n<p>Erobern Sie das weichere und steilste Gel\u00e4nde mit idealer Gewichtsverteilung: 67\u00b0 Nachlaufwinkel, langer Vorderwagen und 75\u00b0 Sattelwinkel. Fliegen Sie dank Tuned Compliance Concept (TCC)-Technologie \u00fcber die chaotischsten Stra\u00dfen und \u00fcbertreffen Sie sich selbst in der Anstrengung, immer weiter zu kommen.\u00a0<strong>Eine perfekte Balance zwischen Komfort und Leistung<\/strong>\u00a0, f\u00fcr flexiblen und schnellen Einsatz. Der Rahmen bietet eine breite Reifenfreiheit und ist damit kompatibel mit der neuen Generation breiter XC-Reifen.<\/p>\n<\/div>\n<div class=\"prodsheet_bullets col col-sm-8 col-md-8 col-lg-8\">\n<h4>DAS + PRODUKT:<\/h4>\n<ul>\n<li>Ein Halbstarr, der Sie weit bringen wird.<\/li>\n<li>Schlanker Aluminiumrahmen mit Tuned Compliance Concept (TCC) Technologie.<\/li>\n<li>Sram NX Eagle 1&#215;12-fach Antrieb.<\/li>\n<li>Hydraulische Scheibenbremsen von Sram Level.<\/li>\n<\/ul>\n<\/div>\n<div class=\"prodsheet_specs1 col col-sm-12 col-md-12 col-lg-12\">\n<h4>EINZELHEITEN:<\/h4>\n<table class=\"table table-striped\">\n<tbody>\n<tr>\n<td>Rahmen<\/td>\n<td>Aluminium: Zweitakt-AL-Premium-Aluminium, hydrogeformt, glattgeschwei\u00dft, interne Kabelf\u00fchrung, Innenlager mit BSA-Gewinde,<br \/>\nPost-Mount-Disc<\/td>\n<\/tr>\n<tr>\n<td>Gabel<\/td>\n<td>Rockshox Judy Silver<\/td>\n<\/tr>\n<tr>\n<td>Schalthebel<\/td>\n<td>Sram NX Eagle, 1&#215;12-fach<\/td>\n<\/tr>\n<tr>\n<td>Schaltwerk<\/td>\n<td>Sram NX Eagle, 12-fach<\/td>\n<\/tr>\n<tr>\n<td>Kassette<\/td>\n<td>Sram SX Eagle 11-50 Z\u00e4hne<\/td>\n<\/tr>\n<tr>\n<td>Kette<\/td>\n<td>Sram SX Eagle<\/td>\n<\/tr>\n<tr>\n<td>Kurbel<\/td>\n<td>Sram NX Eagle 32 Z\u00e4hne<\/td>\n<\/tr>\n<tr>\n<td>Tretlager<\/td>\n<td>BSA-Gewinde<\/td>\n<\/tr>\n<tr>\n<td>Bremsen<\/td>\n<td>SRAM Level T \/ SRAM Centerline Rotoren (160\/160 SM, 180\/160 L-XL)<\/td>\n<\/tr>\n<tr>\n<td>R\u00e4der<\/td>\n<td>Felgen: XCD23 \/ Naben: Shimano MT400<\/td>\n<\/tr>\n<tr>\n<td>Reifen<\/td>\n<td>Vittoria Barzo 2.25<\/td>\n<\/tr>\n<tr>\n<td>Lenker<\/td>\n<td>BMC MFB03 Legierung 750mm<\/td>\n<\/tr>\n<tr>\n<td>Stengel<\/td>\n<td>Geschmiedete 6061-Legierung<\/td>\n<\/tr>\n<tr>\n<td>Sattel<\/td>\n<td>Velo VL-1831<\/td>\n<\/tr>\n<tr>\n<td>Sattelst\u00fctze<\/td>\n<td>BMC MSP03 &#8211; 31,6 mm &#8211; 0 mm Versatz<\/td>\n<\/tr>\n<tr>\n<td>Gewicht<\/td>\n<td>&#8212;<\/td>\n<\/tr>\n<\/tbody>\n<\/table>\n<\/div>\n<div class=\"prodsheet_specs2 col col-sm-8 col-md-8 col-lg-8\">\n<h4>GEOMETRIEN:<\/h4>\n<p><img decoding=\"async\" src=\"http:\/\/media1.alltricks.fr\/ckfinder\/images\/hardtail_en.jpg\" \/><\/p>\n<table class=\"table table-striped\">\n<tbody>\n<tr>\n<td>Rahmengr\u00f6\u00dfe<\/td>\n<td>S<\/td>\n<td>m<\/td>\n<td>L<\/td>\n<td>XL<\/td>\n<\/tr>\n<tr>\n<td>Sitzrohr (mm)<\/td>\n<td>410<\/td>\n<td>440<\/td>\n<td>480<\/td>\n<td>510<\/td>\n<\/tr>\n<tr>\n<td>Oberrohr (mm)<\/td>\n<td>597<\/td>\n<td>618<\/td>\n<td>638<\/td>\n<td>658<\/td>\n<\/tr>\n<tr>\n<td>Basisl\u00e4nge (mm)<\/td>\n<td>425<\/td>\n<td>425<\/td>\n<td>425<\/td>\n<td>425<\/td>\n<\/tr>\n<tr>\n<td>Steuerrohr (mm)<\/td>\n<td>87<\/td>\n<td>93,5<\/td>\n<td>106<\/td>\n<td>122,5<\/td>\n<\/tr>\n<tr>\n<td>Lenkwinkel (\u00b0)<\/td>\n<td>67<\/td>\n<td>67<\/td>\n<td>67<\/td>\n<td>67<\/td>\n<\/tr>\n<tr>\n<td>Sitzwinkel (\u00b0)<\/td>\n<td>75<\/td>\n<td>75<\/td>\n<td>75<\/td>\n<td>75<\/td>\n<\/tr>\n<tr>\n<td>Radstand (mm)<\/td>\n<td>1112.5<\/td>\n<td>1135<\/td>\n<td>1161<\/td>\n<td>1185<\/td>\n<\/tr>\n<tr>\n<td>Stapel (mm)<\/td>\n<td>588<\/td>\n<td>598<\/td>\n<td>608<\/td>\n<td>623<\/td>\n<\/tr>\n<tr>\n<td>Reichweite (mm)<\/td>\n<td>422,5<\/td>\n<td>445<\/td>\n<td>465<\/td>\n<td>485<\/td>\n<\/tr>\n<tr>\n<td>Schaftl\u00e4nge (mm)<\/td>\n<td>60<\/td>\n<td>60<\/td>\n<td>60<\/td>\n<td>70<\/td>\n<\/tr>\n<tr>\n<td>Kurbell\u00e4nge (mm)<\/td>\n<td>170<\/td>\n<td>175<\/td>\n<td>175<\/td>\n<td>175<\/td>\n<\/tr>\n<\/tbody>\n<\/table>\n<\/div>\n<\/div>","protected":false},"excerpt":{"rendered":"<div class=\"col-lg-14 col-md-14 col-sm-14 col-xs-20\"><\/div>\n<div id=\"product-specifications-table\" class=\"col-lg-20 col-md-20 col-sm-20 col-xs-20\">\n<table class=\"table table-striped\">\n<tbody>\n<tr>\n<td class=\"spec-name\">Geschlecht<\/td>\n<td class=\"spec-value\">Herren<\/td>\n<\/tr>\n<tr>\n<td class=\"spec-name\">Gruppe<\/td>\n<td class=\"spec-value\">Sram NX Eagle 12V<\/td>\n<\/tr>\n<tr>\n<td class=\"spec-name\">collection<\/td>\n<td class=\"spec-value\">2022<\/td>\n<\/tr>\n<\/tbody>\n<\/table>\n<\/div>","protected":false},"featured_media":60610,"comment_status":"open","ping_status":"closed","template":"","meta":[],"product_brand":[],"product_cat":[783],"product_tag":[],"class_list":{"0":"post-11777","1":"product","2":"type-product","3":"status-publish","4":"has-post-thumbnail","6":"product_cat-accessories","7":"pa_marke-bmc","9":"first","10":"instock","11":"sale","12":"taxable","13":"shipping-taxable","14":"purchasable","15":"product-type-variable"},"yoast_head":"<!-- This site is optimized with the Yoast SEO Premium plugin v20.12 (Yoast SEO v27.1.1) - https:\/\/yoast.com\/product\/yoast-seo-premium-wordpress\/ -->\n<title>BMC TWOSTROKE AL TWO HARDTAIL MTB SRAM BLAU 2022<\/title>\n<meta name=\"description\" content=\"Entdecken Sie unseren Online-Fahrradladen: Gro\u00dfe Auswahl an Modellen f\u00fcr alle Radsportbegeisterten. Von Rennr\u00e4dern bis zu Mountainbikes - finden Sie heute Ihren perfekten Wegbegleiter!\" \/>\n<meta name=\"robots\" content=\"index, follow, max-snippet:-1, max-image-preview:large, max-video-preview:-1\" \/>\n<link rel=\"canonical\" href=\"https:\/\/kgerad.de\/en\/product\/bmc-twostroke-al-two-hardtail-mtb-sram-blau-2022\/\" \/>\n<meta property=\"og:locale\" content=\"en_US\" \/>\n<meta property=\"og:type\" content=\"article\" \/>\n<meta property=\"og:title\" content=\"BMC TWOSTROKE AL TWO HARDTAIL MTB SRAM BLAU 2022\" \/>\n<meta property=\"og:description\" content=\"Entdecken Sie unseren Online-Fahrradladen: Gro\u00dfe Auswahl an Modellen f\u00fcr alle Radsportbegeisterten. Von Rennr\u00e4dern bis zu Mountainbikes - finden Sie heute Ihren perfekten Wegbegleiter!\" \/>\n<meta property=\"og:url\" content=\"https:\/\/kgerad.de\/en\/product\/bmc-twostroke-al-two-hardtail-mtb-sram-blau-2022\/\" \/>\n<meta property=\"og:site_name\" content=\"kgerad.de\" \/>\n<meta property=\"article:modified_time\" content=\"2023-08-10T14:51:52+00:00\" \/>\n<meta property=\"og:image\" content=\"https:\/\/kgerad.de\/wp-content\/uploads\/2023\/06\/BMC-TWOSTROKE-AL-TWO-HARDTAIL-MTB-SRAM-NX-EAGLE-12V-29-BLAU-2022.jpg\" \/>\n\t<meta property=\"og:image:width\" content=\"600\" \/>\n\t<meta property=\"og:image:height\" content=\"408\" \/>\n\t<meta property=\"og:image:type\" content=\"image\/jpeg\" \/>\n<meta name=\"twitter:card\" content=\"summary_large_image\" \/>\n<meta name=\"twitter:label1\" content=\"Est. reading time\" \/>\n\t<meta name=\"twitter:data1\" content=\"3 minutes\" \/>\n<script type=\"application\/ld+json\" class=\"yoast-schema-graph\">{\"@context\":\"https:\/\/schema.org\",\"@graph\":[{\"@type\":\"WebPage\",\"@id\":\"https:\/\/kgerad.de\/produkt\/bmc-twostroke-al-two-hardtail-mtb-sram-blau-2022\/\",\"url\":\"https:\/\/kgerad.de\/produkt\/bmc-twostroke-al-two-hardtail-mtb-sram-blau-2022\/\",\"name\":\"BMC TWOSTROKE AL TWO HARDTAIL MTB SRAM BLAU 2022\",\"isPartOf\":{\"@id\":\"https:\/\/kgerad.de\/#website\"},\"primaryImageOfPage\":{\"@id\":\"https:\/\/kgerad.de\/produkt\/bmc-twostroke-al-two-hardtail-mtb-sram-blau-2022\/#primaryimage\"},\"image\":{\"@id\":\"https:\/\/kgerad.de\/produkt\/bmc-twostroke-al-two-hardtail-mtb-sram-blau-2022\/#primaryimage\"},\"thumbnailUrl\":\"https:\/\/kgerad.de\/wp-content\/uploads\/2023\/06\/BMC-TWOSTROKE-AL-TWO-HARDTAIL-MTB-SRAM-NX-EAGLE-12V-29-BLAU-2022.jpg\",\"datePublished\":\"2022-07-29T14:07:46+00:00\",\"dateModified\":\"2023-08-10T14:51:52+00:00\",\"description\":\"Entdecken Sie unseren Online-Fahrradladen: Gro\u00dfe Auswahl an Modellen f\u00fcr alle Radsportbegeisterten. Von Rennr\u00e4dern bis zu Mountainbikes - finden Sie heute Ihren perfekten Wegbegleiter!\",\"breadcrumb\":{\"@id\":\"https:\/\/kgerad.de\/produkt\/bmc-twostroke-al-two-hardtail-mtb-sram-blau-2022\/#breadcrumb\"},\"inLanguage\":\"en-US\",\"potentialAction\":[{\"@type\":\"ReadAction\",\"target\":[\"https:\/\/kgerad.de\/produkt\/bmc-twostroke-al-two-hardtail-mtb-sram-blau-2022\/\"]}]},{\"@type\":\"ImageObject\",\"inLanguage\":\"en-US\",\"@id\":\"https:\/\/kgerad.de\/produkt\/bmc-twostroke-al-two-hardtail-mtb-sram-blau-2022\/#primaryimage\",\"url\":\"https:\/\/kgerad.de\/wp-content\/uploads\/2023\/06\/BMC-TWOSTROKE-AL-TWO-HARDTAIL-MTB-SRAM-NX-EAGLE-12V-29-BLAU-2022.jpg\",\"contentUrl\":\"https:\/\/kgerad.de\/wp-content\/uploads\/2023\/06\/BMC-TWOSTROKE-AL-TWO-HARDTAIL-MTB-SRAM-NX-EAGLE-12V-29-BLAU-2022.jpg\",\"width\":600,\"height\":408,\"caption\":\"BMC TWOSTROKE AL TWO HARDTAIL MTB SRAM NX EAGLE 12V 29'' BLAU 2022\"},{\"@type\":\"BreadcrumbList\",\"@id\":\"https:\/\/kgerad.de\/produkt\/bmc-twostroke-al-two-hardtail-mtb-sram-blau-2022\/#breadcrumb\",\"itemListElement\":[{\"@type\":\"ListItem\",\"position\":1,\"name\":\"Startseite\",\"item\":\"https:\/\/kgerad.de\/\"},{\"@type\":\"ListItem\",\"position\":2,\"name\":\"LADEN\",\"item\":\"https:\/\/kgerad.de\/laden\/\"},{\"@type\":\"ListItem\",\"position\":3,\"name\":\"BMC TWOSTROKE AL TWO HARDTAIL MTB SRAM BLAU 2022\"}]},{\"@type\":\"WebSite\",\"@id\":\"https:\/\/kgerad.de\/#website\",\"url\":\"https:\/\/kgerad.de\/\",\"name\":\"kgerad.de\",\"description\":\"Treten Sie mit uns ins Abenteuer!\",\"publisher\":{\"@id\":\"https:\/\/kgerad.de\/#organization\"},\"alternateName\":\"MEIN RADLADEN\",\"potentialAction\":[{\"@type\":\"SearchAction\",\"target\":{\"@type\":\"EntryPoint\",\"urlTemplate\":\"https:\/\/kgerad.de\/?s={search_term_string}\"},\"query-input\":{\"@type\":\"PropertyValueSpecification\",\"valueRequired\":true,\"valueName\":\"search_term_string\"}}],\"inLanguage\":\"en-US\"},{\"@type\":\"Organization\",\"@id\":\"https:\/\/kgerad.de\/#organization\",\"name\":\"MEINRADLADEN\",\"alternateName\":\"MEIN RADLADEN\",\"url\":\"https:\/\/kgerad.de\/\",\"logo\":{\"@type\":\"ImageObject\",\"inLanguage\":\"en-US\",\"@id\":\"https:\/\/kgerad.de\/#\/schema\/logo\/image\/\",\"url\":\"https:\/\/kgerad.de\/wp-content\/uploads\/2025\/07\/logo-Whit.svg\",\"contentUrl\":\"https:\/\/kgerad.de\/wp-content\/uploads\/2025\/07\/logo-Whit.svg\",\"width\":1640,\"height\":371,\"caption\":\"MEINRADLADEN\"},\"image\":{\"@id\":\"https:\/\/kgerad.de\/#\/schema\/logo\/image\/\"}}]}<\/script>\n<!-- \/ Yoast SEO Premium plugin. -->","yoast_head_json":{"title":"BMC TWOSTROKE AL TWO HARDTAIL MTB SRAM BLAU 2022","description":"Entdecken Sie unseren Online-Fahrradladen: Gro\u00dfe Auswahl an Modellen f\u00fcr alle Radsportbegeisterten. Von Rennr\u00e4dern bis zu Mountainbikes - finden Sie heute Ihren perfekten Wegbegleiter!","robots":{"index":"index","follow":"follow","max-snippet":"max-snippet:-1","max-image-preview":"max-image-preview:large","max-video-preview":"max-video-preview:-1"},"canonical":"https:\/\/kgerad.de\/en\/product\/bmc-twostroke-al-two-hardtail-mtb-sram-blau-2022\/","og_locale":"en_US","og_type":"article","og_title":"BMC TWOSTROKE AL TWO HARDTAIL MTB SRAM BLAU 2022","og_description":"Entdecken Sie unseren Online-Fahrradladen: Gro\u00dfe Auswahl an Modellen f\u00fcr alle Radsportbegeisterten. Von Rennr\u00e4dern bis zu Mountainbikes - finden Sie heute Ihren perfekten Wegbegleiter!","og_url":"https:\/\/kgerad.de\/en\/product\/bmc-twostroke-al-two-hardtail-mtb-sram-blau-2022\/","og_site_name":"kgerad.de","article_modified_time":"2023-08-10T14:51:52+00:00","og_image":[{"width":600,"height":408,"url":"https:\/\/kgerad.de\/wp-content\/uploads\/2023\/06\/BMC-TWOSTROKE-AL-TWO-HARDTAIL-MTB-SRAM-NX-EAGLE-12V-29-BLAU-2022.jpg","type":"image\/jpeg"}],"twitter_card":"summary_large_image","twitter_misc":{"Est. reading time":"3 minutes"},"schema":{"@context":"https:\/\/schema.org","@graph":[{"@type":"WebPage","@id":"https:\/\/kgerad.de\/produkt\/bmc-twostroke-al-two-hardtail-mtb-sram-blau-2022\/","url":"https:\/\/kgerad.de\/produkt\/bmc-twostroke-al-two-hardtail-mtb-sram-blau-2022\/","name":"BMC TWOSTROKE AL TWO HARDTAIL MTB SRAM BLAU 2022","isPartOf":{"@id":"https:\/\/kgerad.de\/#website"},"primaryImageOfPage":{"@id":"https:\/\/kgerad.de\/produkt\/bmc-twostroke-al-two-hardtail-mtb-sram-blau-2022\/#primaryimage"},"image":{"@id":"https:\/\/kgerad.de\/produkt\/bmc-twostroke-al-two-hardtail-mtb-sram-blau-2022\/#primaryimage"},"thumbnailUrl":"https:\/\/kgerad.de\/wp-content\/uploads\/2023\/06\/BMC-TWOSTROKE-AL-TWO-HARDTAIL-MTB-SRAM-NX-EAGLE-12V-29-BLAU-2022.jpg","datePublished":"2022-07-29T14:07:46+00:00","dateModified":"2023-08-10T14:51:52+00:00","description":"Entdecken Sie unseren Online-Fahrradladen: Gro\u00dfe Auswahl an Modellen f\u00fcr alle Radsportbegeisterten. Von Rennr\u00e4dern bis zu Mountainbikes - finden Sie heute Ihren perfekten Wegbegleiter!","breadcrumb":{"@id":"https:\/\/kgerad.de\/produkt\/bmc-twostroke-al-two-hardtail-mtb-sram-blau-2022\/#breadcrumb"},"inLanguage":"en-US","potentialAction":[{"@type":"ReadAction","target":["https:\/\/kgerad.de\/produkt\/bmc-twostroke-al-two-hardtail-mtb-sram-blau-2022\/"]}]},{"@type":"ImageObject","inLanguage":"en-US","@id":"https:\/\/kgerad.de\/produkt\/bmc-twostroke-al-two-hardtail-mtb-sram-blau-2022\/#primaryimage","url":"https:\/\/kgerad.de\/wp-content\/uploads\/2023\/06\/BMC-TWOSTROKE-AL-TWO-HARDTAIL-MTB-SRAM-NX-EAGLE-12V-29-BLAU-2022.jpg","contentUrl":"https:\/\/kgerad.de\/wp-content\/uploads\/2023\/06\/BMC-TWOSTROKE-AL-TWO-HARDTAIL-MTB-SRAM-NX-EAGLE-12V-29-BLAU-2022.jpg","width":600,"height":408,"caption":"BMC TWOSTROKE AL TWO HARDTAIL MTB SRAM NX EAGLE 12V 29'' BLAU 2022"},{"@type":"BreadcrumbList","@id":"https:\/\/kgerad.de\/produkt\/bmc-twostroke-al-two-hardtail-mtb-sram-blau-2022\/#breadcrumb","itemListElement":[{"@type":"ListItem","position":1,"name":"Startseite","item":"https:\/\/kgerad.de\/"},{"@type":"ListItem","position":2,"name":"LADEN","item":"https:\/\/kgerad.de\/laden\/"},{"@type":"ListItem","position":3,"name":"BMC TWOSTROKE AL TWO HARDTAIL MTB SRAM BLAU 2022"}]},{"@type":"WebSite","@id":"https:\/\/kgerad.de\/#website","url":"https:\/\/kgerad.de\/","name":"kgerad.de","description":"Treten Sie mit uns ins Abenteuer!","publisher":{"@id":"https:\/\/kgerad.de\/#organization"},"alternateName":"MEIN RADLADEN","potentialAction":[{"@type":"SearchAction","target":{"@type":"EntryPoint","urlTemplate":"https:\/\/kgerad.de\/?s={search_term_string}"},"query-input":{"@type":"PropertyValueSpecification","valueRequired":true,"valueName":"search_term_string"}}],"inLanguage":"en-US"},{"@type":"Organization","@id":"https:\/\/kgerad.de\/#organization","name":"MEINRADLADEN","alternateName":"MEIN RADLADEN","url":"https:\/\/kgerad.de\/","logo":{"@type":"ImageObject","inLanguage":"en-US","@id":"https:\/\/kgerad.de\/#\/schema\/logo\/image\/","url":"https:\/\/kgerad.de\/wp-content\/uploads\/2025\/07\/logo-Whit.svg","contentUrl":"https:\/\/kgerad.de\/wp-content\/uploads\/2025\/07\/logo-Whit.svg","width":1640,"height":371,"caption":"MEINRADLADEN"},"image":{"@id":"https:\/\/kgerad.de\/#\/schema\/logo\/image\/"}}]}},"_links":{"self":[{"href":"https:\/\/kgerad.de\/en\/wp-json\/wp\/v2\/product\/11777","targetHints":{"allow":["GET"]}}],"collection":[{"href":"https:\/\/kgerad.de\/en\/wp-json\/wp\/v2\/product"}],"about":[{"href":"https:\/\/kgerad.de\/en\/wp-json\/wp\/v2\/types\/product"}],"replies":[{"embeddable":true,"href":"https:\/\/kgerad.de\/en\/wp-json\/wp\/v2\/comments?post=11777"}],"version-history":[{"count":1,"href":"https:\/\/kgerad.de\/en\/wp-json\/wp\/v2\/product\/11777\/revisions"}],"predecessor-version":[{"id":78482,"href":"https:\/\/kgerad.de\/en\/wp-json\/wp\/v2\/product\/11777\/revisions\/78482"}],"wp:featuredmedia":[{"embeddable":true,"href":"https:\/\/kgerad.de\/en\/wp-json\/wp\/v2\/media\/60610"}],"wp:attachment":[{"href":"https:\/\/kgerad.de\/en\/wp-json\/wp\/v2\/media?parent=11777"}],"wp:term":[{"taxonomy":"product_brand","embeddable":true,"href":"https:\/\/kgerad.de\/en\/wp-json\/wp\/v2\/product_brand?post=11777"},{"taxonomy":"product_cat","embeddable":true,"href":"https:\/\/kgerad.de\/en\/wp-json\/wp\/v2\/product_cat?post=11777"},{"taxonomy":"product_tag","embeddable":true,"href":"https:\/\/kgerad.de\/en\/wp-json\/wp\/v2\/product_tag?post=11777"}],"curies":[{"name":"wp","href":"https:\/\/api.w.org\/{rel}","templated":true}]}}