{"id":11675,"date":"2022-07-29T11:09:24","date_gmt":"2022-07-29T09:09:24","guid":{"rendered":"https:\/\/kgerad.de\/?post_type=product&#038;p=11675"},"modified":"2023-08-10T15:23:38","modified_gmt":"2023-08-10T13:23:38","slug":"santa-cruz-highball-c-29-sram-nx-eagle-12v-schwarz-2022","status":"publish","type":"product","link":"https:\/\/kgerad.de\/en\/product\/santa-cruz-highball-c-29-sram-nx-eagle-12v-schwarz-2022\/","title":{"rendered":"SANTA CRUZ HIGHBALL C 29&#8220; SRAM NX EAGLE 12V SCHWARZ 2022"},"content":{"rendered":"<div id=\"product-header-order-name\" class=\"col-lg-20 col-md-20 col-sm-20 col-xs-20\">\n<h2 class=\"heading-title-text\">MOUNTAINBIKE SEMI-RIGID SANTA CRUZ HIGHBALL C 29&#8220; SRAM NX EAGLE 12V SCHWARZ 2022<\/h2>\n<div class=\"col col-sm-12 col-md-12 col-lg-12\">\n<p>Der\u00a0<strong>Santa Cruz Highball\u00a0<\/strong>ist das Flaggschiff unter den Carbon-Hardtails f\u00fcr Cross-Country-Wettbewerbe: ein echter Vollbl\u00fcter, der wider Erwarten vielseitig ist.<br \/>\nLeichter als ein reines Enduro-Bike, fehlerverzeihender als die meisten Cross-Country-Rahmen,\u00a0<strong>hat\u00a0<\/strong>sich der\u00a0<strong>Highball\u00a0<\/strong>weiterentwickelt und ist zug\u00e4nglicher, robuster und komfortabler geworden.<\/p>\n<p>Wir haben den Prozess der \u00dcberlagerung von Kohlefasern perfektioniert, w\u00e4hrend die Sitzstreben ohne Br\u00fccke unterhalb der Verbindung zum Oberrohr auf das Sattelrohr treffen, um mehr Vibrationen zu absorbieren.<br \/>\nUm eine Sattelst\u00fctze mit 27,2 mm Durchmesser herum konstruiert, erweist sich das Ganze als so harmonisch, dass es das Wort &#8222;steif&#8220; in dem Ausdruck &#8222;halbstarr&#8220; vergessen l\u00e4sst. Es hat die Einstellung eines Rennrads, kann aber noch viel mehr. Mit der M\u00f6glichkeit, drei Flaschenhalter zu montieren, einem Tretlager mit Gewinde, auf das man sich verlassen kann, und nat\u00fcrlich der f\u00fcr Santa Cruz typischen lebenslangen Garantie ist es die Art von Fahrrad, die Sie weit bringen wird.<\/p>\n<\/div>\n<div class=\"prodsheet_bullets col col-sm-8 col-md-8 col-lg-8\">\n<h4>DIE + PRODUKTE :<\/h4>\n<ul>\n<li>RockShox Sid SL Base Gabel, 100mm w\/ Remote.<\/li>\n<li>Sram NX Eagle 1&#215;12-Gang Schaltung.<\/li>\n<li>Hydraulische Scheibenbremsen Sram Level 160\/160 mm.<\/li>\n<\/ul>\n<\/div>\n<div class=\"prodsheet_specs1 col col-sm-12 col-md-12 col-lg-12\">\n<h4>DETAILS :<\/h4>\n<table class=\"table table-striped\">\n<tbody>\n<tr>\n<td>Kit<\/td>\n<td>R<\/td>\n<\/tr>\n<tr>\n<td>Rahmen<\/td>\n<td>Carbon: C Santa Cruz<\/td>\n<\/tr>\n<tr>\n<td>Gabel<\/td>\n<td>RockShox Sid SL Base, 100mm w\/ Remote<\/td>\n<\/tr>\n<tr>\n<td>Steuersatz<\/td>\n<td>Cane Creek 10 IS Integrated Headset<\/td>\n<\/tr>\n<tr>\n<td>Schalthebel<\/td>\n<td>Sram NX Eagle 1&#215;12 G\u00e4nge<\/td>\n<\/tr>\n<tr>\n<td>Schaltwerk hinten<\/td>\n<td>Sram NX Eagle, 12-Gang<\/td>\n<\/tr>\n<tr>\n<td>Kassette<\/td>\n<td>Sram PG1230, 11-50 Z\u00e4hne<\/td>\n<\/tr>\n<tr>\n<td>Kette<\/td>\n<td>Sram NX Eagle<\/td>\n<\/tr>\n<tr>\n<td>Tretlager<\/td>\n<td>Sram Stylo DUB 34 Z\u00e4hne<\/td>\n<\/tr>\n<tr>\n<td>Tretlagergeh\u00e4use<\/td>\n<td>Sram DUB 68\/73mm<\/td>\n<\/tr>\n<tr>\n<td>Bremsen<\/td>\n<td>Sram Level, Avid Centerline 160\/160 mm<\/td>\n<\/tr>\n<tr>\n<td>Laufr\u00e4der<\/td>\n<td>RaceFace AR Offset 27 29&#8243; Rims<\/td>\n<\/tr>\n<tr>\n<td>Reifen<\/td>\n<td>F: Maxxis Aspen, 29 &#8222;x2.4WT, EXO, TR \/ R: Maxxis Aspen, 29 &#8222;x2.35, EXO, TR<\/td>\n<\/tr>\n<tr>\n<td>Lenker<\/td>\n<td>RaceFace Ride<\/td>\n<\/tr>\n<tr>\n<td>Grips<\/td>\n<td>ESI Chunky<\/td>\n<\/tr>\n<tr>\n<td>Vorbau<\/td>\n<td>Race Face Aeffect<\/td>\n<\/tr>\n<tr>\n<td>Sattel<\/td>\n<td>WTB Silverado Race Saddle oder WTB Volt<\/td>\n<\/tr>\n<tr>\n<td>Sattelst\u00fctze<\/td>\n<td>Race Face Ride<\/td>\n<\/tr>\n<tr>\n<td>Gewicht<\/td>\n<td>11.2 kg<\/td>\n<\/tr>\n<tr>\n<td>Farben<\/td>\n<td>Dark Matter und Carbon<\/td>\n<\/tr>\n<\/tbody>\n<\/table>\n<\/div>\n<div class=\"prodsheet_specs2 col col-sm-8 col-md-8 col-lg-8\">\n<h4>GEOMETRIEN :<\/h4>\n<p><img decoding=\"async\" src=\"http:\/\/media1.alltricks.fr\/ckfinder\/images\/hardtail_en.jpg\" \/><\/p>\n<table class=\"table table-striped\">\n<tbody>\n<tr>\n<td>Rahmengr\u00f6\u00dfe<\/td>\n<td>S<\/td>\n<td>M<\/td>\n<td>L<\/td>\n<td>XL<\/td>\n<\/tr>\n<tr>\n<td>Sattelrohr (mm)<\/td>\n<td>405<\/td>\n<td>430<\/td>\n<td>470<\/td>\n<td>530<\/td>\n<\/tr>\n<tr>\n<td>Oberrohr (mm)<\/td>\n<td>587<\/td>\n<td>615<\/td>\n<td>638<\/td>\n<td>674<\/td>\n<\/tr>\n<tr>\n<td>L\u00e4nge Basis (mm)<\/td>\n<td>426<\/td>\n<td>426<\/td>\n<td>426<\/td>\n<td>426<\/td>\n<\/tr>\n<tr>\n<td>Lenkh\u00fclse (mm)<\/td>\n<td>90<\/td>\n<td>100<\/td>\n<td>110<\/td>\n<td>130<\/td>\n<\/tr>\n<tr>\n<td>Lenkwinkel (\u00b0)<\/td>\n<td>69.5<\/td>\n<td>69.5<\/td>\n<td>69.5<\/td>\n<td>69.5<\/td>\n<\/tr>\n<tr>\n<td>Winkel Sattelrohr (\u00b0)<\/td>\n<td>73<\/td>\n<td>73<\/td>\n<td>73<\/td>\n<td>73<\/td>\n<\/tr>\n<tr>\n<td>Radstand (mm)<\/td>\n<td>1088<\/td>\n<td>1116<\/td>\n<td>1140<\/td>\n<td>1177<\/td>\n<\/tr>\n<tr>\n<td>Stack (mm)<\/td>\n<td>596<\/td>\n<td>606<\/td>\n<td>615<\/td>\n<td>634<\/td>\n<\/tr>\n<tr>\n<td>Reach (mm)<\/td>\n<td>405<\/td>\n<td>430<\/td>\n<td>480<\/td>\n<td>480<\/td>\n<\/tr>\n<\/tbody>\n<\/table>\n<\/div>\n<\/div>\n<div id=\"product-header-order-form\" class=\"js-reload-on-event col-lg-20 col-md-20 col-sm-20 col-xs-20\" data-to-watch=\"body\" data-event=\"alltricks:cartChanged\" data-url=\"\/ajax\/product\/ajouter\/F-11947-velos-complets-vtt\/P-2208271-mountainbike_semi_rigid_santa_cruz_highball_c_29___sram_nx_eagle_12v_schwarz_2022\"><\/div>","protected":false},"excerpt":{"rendered":"<div class=\"col-lg-14 col-md-14 col-sm-14 col-xs-20\"><\/div>\n<div id=\"product-specifications-table\" class=\"col-lg-20 col-md-20 col-sm-20 col-xs-20\">\n<table class=\"table table-striped\">\n<tbody>\n<tr>\n<td class=\"spec-name\">Geschlecht<\/td>\n<td class=\"spec-value\">Herren<\/td>\n<\/tr>\n<tr>\n<td class=\"spec-name\">Gruppe<\/td>\n<td class=\"spec-value\">Sram NX Eagle 12V<\/td>\n<\/tr>\n<tr>\n<td class=\"spec-name\">collection<\/td>\n<td class=\"spec-value\">2022<\/td>\n<\/tr>\n<tr>\n<td class=\"spec-name\">decimal weight<\/td>\n<td class=\"spec-value\">11.20<\/td>\n<\/tr>\n<\/tbody>\n<\/table>\n<\/div>","protected":false},"featured_media":60583,"comment_status":"open","ping_status":"closed","template":"","meta":[],"product_brand":[],"product_cat":[783],"product_tag":[],"class_list":{"0":"post-11675","1":"product","2":"type-product","3":"status-publish","4":"has-post-thumbnail","6":"product_cat-accessories","7":"pa_marke-santa-cruz","9":"first","10":"instock","11":"sale","12":"taxable","13":"shipping-taxable","14":"purchasable","15":"product-type-variable"},"yoast_head":"<!-- This site is optimized with the Yoast SEO Premium plugin v20.12 (Yoast SEO v27.1.1) - https:\/\/yoast.com\/product\/yoast-seo-premium-wordpress\/ -->\n<title>SANTA CRUZ HIGHBALL C 29&#039;&#039; SRAM NX EAGLE 12V SCHWARZ 2022<\/title>\n<meta name=\"description\" content=\"Entdecken Sie unseren Online-Fahrradladen: Gro\u00dfe Auswahl an Modellen f\u00fcr alle Radsportbegeisterten. Von Rennr\u00e4dern bis zu Mountainbikes - finden Sie heute Ihren perfekten Wegbegleiter!\" \/>\n<meta name=\"robots\" content=\"index, follow, max-snippet:-1, max-image-preview:large, max-video-preview:-1\" \/>\n<link rel=\"canonical\" href=\"https:\/\/kgerad.de\/en\/product\/santa-cruz-highball-c-29-sram-nx-eagle-12v-schwarz-2022\/\" \/>\n<meta property=\"og:locale\" content=\"en_US\" \/>\n<meta property=\"og:type\" content=\"article\" \/>\n<meta property=\"og:title\" content=\"SANTA CRUZ HIGHBALL C 29&#039;&#039; SRAM NX EAGLE 12V SCHWARZ 2022\" \/>\n<meta property=\"og:description\" content=\"Entdecken Sie unseren Online-Fahrradladen: Gro\u00dfe Auswahl an Modellen f\u00fcr alle Radsportbegeisterten. Von Rennr\u00e4dern bis zu Mountainbikes - finden Sie heute Ihren perfekten Wegbegleiter!\" \/>\n<meta property=\"og:url\" content=\"https:\/\/kgerad.de\/en\/product\/santa-cruz-highball-c-29-sram-nx-eagle-12v-schwarz-2022\/\" \/>\n<meta property=\"og:site_name\" content=\"kgerad.de\" \/>\n<meta property=\"article:modified_time\" content=\"2023-08-10T13:23:38+00:00\" \/>\n<meta property=\"og:image\" content=\"https:\/\/kgerad.de\/wp-content\/uploads\/2023\/06\/MOUNTAINBIKE-SEMI-RIGID-SANTA-CRUZ-HIGHBALL-C-29-SRAM-NX-EAGLE-12V-SCHWARZ-2022.jpg\" \/>\n\t<meta property=\"og:image:width\" content=\"600\" \/>\n\t<meta property=\"og:image:height\" content=\"408\" \/>\n\t<meta property=\"og:image:type\" content=\"image\/jpeg\" \/>\n<meta name=\"twitter:card\" content=\"summary_large_image\" \/>\n<meta name=\"twitter:label1\" content=\"Est. reading time\" \/>\n\t<meta name=\"twitter:data1\" content=\"3 minutes\" \/>\n<script type=\"application\/ld+json\" class=\"yoast-schema-graph\">{\"@context\":\"https:\/\/schema.org\",\"@graph\":[{\"@type\":\"WebPage\",\"@id\":\"https:\/\/kgerad.de\/produkt\/santa-cruz-highball-c-29-sram-nx-eagle-12v-schwarz-2022\/\",\"url\":\"https:\/\/kgerad.de\/produkt\/santa-cruz-highball-c-29-sram-nx-eagle-12v-schwarz-2022\/\",\"name\":\"SANTA CRUZ HIGHBALL C 29'' SRAM NX EAGLE 12V SCHWARZ 2022\",\"isPartOf\":{\"@id\":\"https:\/\/kgerad.de\/#website\"},\"primaryImageOfPage\":{\"@id\":\"https:\/\/kgerad.de\/produkt\/santa-cruz-highball-c-29-sram-nx-eagle-12v-schwarz-2022\/#primaryimage\"},\"image\":{\"@id\":\"https:\/\/kgerad.de\/produkt\/santa-cruz-highball-c-29-sram-nx-eagle-12v-schwarz-2022\/#primaryimage\"},\"thumbnailUrl\":\"https:\/\/kgerad.de\/wp-content\/uploads\/2023\/06\/MOUNTAINBIKE-SEMI-RIGID-SANTA-CRUZ-HIGHBALL-C-29-SRAM-NX-EAGLE-12V-SCHWARZ-2022.jpg\",\"datePublished\":\"2022-07-29T09:09:24+00:00\",\"dateModified\":\"2023-08-10T13:23:38+00:00\",\"description\":\"Entdecken Sie unseren Online-Fahrradladen: Gro\u00dfe Auswahl an Modellen f\u00fcr alle Radsportbegeisterten. Von Rennr\u00e4dern bis zu Mountainbikes - finden Sie heute Ihren perfekten Wegbegleiter!\",\"breadcrumb\":{\"@id\":\"https:\/\/kgerad.de\/produkt\/santa-cruz-highball-c-29-sram-nx-eagle-12v-schwarz-2022\/#breadcrumb\"},\"inLanguage\":\"en-US\",\"potentialAction\":[{\"@type\":\"ReadAction\",\"target\":[\"https:\/\/kgerad.de\/produkt\/santa-cruz-highball-c-29-sram-nx-eagle-12v-schwarz-2022\/\"]}]},{\"@type\":\"ImageObject\",\"inLanguage\":\"en-US\",\"@id\":\"https:\/\/kgerad.de\/produkt\/santa-cruz-highball-c-29-sram-nx-eagle-12v-schwarz-2022\/#primaryimage\",\"url\":\"https:\/\/kgerad.de\/wp-content\/uploads\/2023\/06\/MOUNTAINBIKE-SEMI-RIGID-SANTA-CRUZ-HIGHBALL-C-29-SRAM-NX-EAGLE-12V-SCHWARZ-2022.jpg\",\"contentUrl\":\"https:\/\/kgerad.de\/wp-content\/uploads\/2023\/06\/MOUNTAINBIKE-SEMI-RIGID-SANTA-CRUZ-HIGHBALL-C-29-SRAM-NX-EAGLE-12V-SCHWARZ-2022.jpg\",\"width\":600,\"height\":408,\"caption\":\"MOUNTAINBIKE SEMI-RIGID SANTA CRUZ HIGHBALL C 29'' SRAM NX EAGLE 12V SCHWARZ 2022\"},{\"@type\":\"BreadcrumbList\",\"@id\":\"https:\/\/kgerad.de\/produkt\/santa-cruz-highball-c-29-sram-nx-eagle-12v-schwarz-2022\/#breadcrumb\",\"itemListElement\":[{\"@type\":\"ListItem\",\"position\":1,\"name\":\"Startseite\",\"item\":\"https:\/\/kgerad.de\/\"},{\"@type\":\"ListItem\",\"position\":2,\"name\":\"LADEN\",\"item\":\"https:\/\/kgerad.de\/laden\/\"},{\"@type\":\"ListItem\",\"position\":3,\"name\":\"SANTA CRUZ HIGHBALL C 29&#8221; SRAM NX EAGLE 12V SCHWARZ 2022\"}]},{\"@type\":\"WebSite\",\"@id\":\"https:\/\/kgerad.de\/#website\",\"url\":\"https:\/\/kgerad.de\/\",\"name\":\"kgerad.de\",\"description\":\"Treten Sie mit uns ins Abenteuer!\",\"publisher\":{\"@id\":\"https:\/\/kgerad.de\/#organization\"},\"alternateName\":\"MEIN RADLADEN\",\"potentialAction\":[{\"@type\":\"SearchAction\",\"target\":{\"@type\":\"EntryPoint\",\"urlTemplate\":\"https:\/\/kgerad.de\/?s={search_term_string}\"},\"query-input\":{\"@type\":\"PropertyValueSpecification\",\"valueRequired\":true,\"valueName\":\"search_term_string\"}}],\"inLanguage\":\"en-US\"},{\"@type\":\"Organization\",\"@id\":\"https:\/\/kgerad.de\/#organization\",\"name\":\"MEINRADLADEN\",\"alternateName\":\"MEIN RADLADEN\",\"url\":\"https:\/\/kgerad.de\/\",\"logo\":{\"@type\":\"ImageObject\",\"inLanguage\":\"en-US\",\"@id\":\"https:\/\/kgerad.de\/#\/schema\/logo\/image\/\",\"url\":\"https:\/\/kgerad.de\/wp-content\/uploads\/2025\/07\/logo-Whit.svg\",\"contentUrl\":\"https:\/\/kgerad.de\/wp-content\/uploads\/2025\/07\/logo-Whit.svg\",\"width\":1640,\"height\":371,\"caption\":\"MEINRADLADEN\"},\"image\":{\"@id\":\"https:\/\/kgerad.de\/#\/schema\/logo\/image\/\"}}]}<\/script>\n<!-- \/ Yoast SEO Premium plugin. -->","yoast_head_json":{"title":"SANTA CRUZ HIGHBALL C 29'' SRAM NX EAGLE 12V SCHWARZ 2022","description":"Entdecken Sie unseren Online-Fahrradladen: Gro\u00dfe Auswahl an Modellen f\u00fcr alle Radsportbegeisterten. Von Rennr\u00e4dern bis zu Mountainbikes - finden Sie heute Ihren perfekten Wegbegleiter!","robots":{"index":"index","follow":"follow","max-snippet":"max-snippet:-1","max-image-preview":"max-image-preview:large","max-video-preview":"max-video-preview:-1"},"canonical":"https:\/\/kgerad.de\/en\/product\/santa-cruz-highball-c-29-sram-nx-eagle-12v-schwarz-2022\/","og_locale":"en_US","og_type":"article","og_title":"SANTA CRUZ HIGHBALL C 29'' SRAM NX EAGLE 12V SCHWARZ 2022","og_description":"Entdecken Sie unseren Online-Fahrradladen: Gro\u00dfe Auswahl an Modellen f\u00fcr alle Radsportbegeisterten. Von Rennr\u00e4dern bis zu Mountainbikes - finden Sie heute Ihren perfekten Wegbegleiter!","og_url":"https:\/\/kgerad.de\/en\/product\/santa-cruz-highball-c-29-sram-nx-eagle-12v-schwarz-2022\/","og_site_name":"kgerad.de","article_modified_time":"2023-08-10T13:23:38+00:00","og_image":[{"width":600,"height":408,"url":"https:\/\/kgerad.de\/wp-content\/uploads\/2023\/06\/MOUNTAINBIKE-SEMI-RIGID-SANTA-CRUZ-HIGHBALL-C-29-SRAM-NX-EAGLE-12V-SCHWARZ-2022.jpg","type":"image\/jpeg"}],"twitter_card":"summary_large_image","twitter_misc":{"Est. reading time":"3 minutes"},"schema":{"@context":"https:\/\/schema.org","@graph":[{"@type":"WebPage","@id":"https:\/\/kgerad.de\/produkt\/santa-cruz-highball-c-29-sram-nx-eagle-12v-schwarz-2022\/","url":"https:\/\/kgerad.de\/produkt\/santa-cruz-highball-c-29-sram-nx-eagle-12v-schwarz-2022\/","name":"SANTA CRUZ HIGHBALL C 29'' SRAM NX EAGLE 12V SCHWARZ 2022","isPartOf":{"@id":"https:\/\/kgerad.de\/#website"},"primaryImageOfPage":{"@id":"https:\/\/kgerad.de\/produkt\/santa-cruz-highball-c-29-sram-nx-eagle-12v-schwarz-2022\/#primaryimage"},"image":{"@id":"https:\/\/kgerad.de\/produkt\/santa-cruz-highball-c-29-sram-nx-eagle-12v-schwarz-2022\/#primaryimage"},"thumbnailUrl":"https:\/\/kgerad.de\/wp-content\/uploads\/2023\/06\/MOUNTAINBIKE-SEMI-RIGID-SANTA-CRUZ-HIGHBALL-C-29-SRAM-NX-EAGLE-12V-SCHWARZ-2022.jpg","datePublished":"2022-07-29T09:09:24+00:00","dateModified":"2023-08-10T13:23:38+00:00","description":"Entdecken Sie unseren Online-Fahrradladen: Gro\u00dfe Auswahl an Modellen f\u00fcr alle Radsportbegeisterten. Von Rennr\u00e4dern bis zu Mountainbikes - finden Sie heute Ihren perfekten Wegbegleiter!","breadcrumb":{"@id":"https:\/\/kgerad.de\/produkt\/santa-cruz-highball-c-29-sram-nx-eagle-12v-schwarz-2022\/#breadcrumb"},"inLanguage":"en-US","potentialAction":[{"@type":"ReadAction","target":["https:\/\/kgerad.de\/produkt\/santa-cruz-highball-c-29-sram-nx-eagle-12v-schwarz-2022\/"]}]},{"@type":"ImageObject","inLanguage":"en-US","@id":"https:\/\/kgerad.de\/produkt\/santa-cruz-highball-c-29-sram-nx-eagle-12v-schwarz-2022\/#primaryimage","url":"https:\/\/kgerad.de\/wp-content\/uploads\/2023\/06\/MOUNTAINBIKE-SEMI-RIGID-SANTA-CRUZ-HIGHBALL-C-29-SRAM-NX-EAGLE-12V-SCHWARZ-2022.jpg","contentUrl":"https:\/\/kgerad.de\/wp-content\/uploads\/2023\/06\/MOUNTAINBIKE-SEMI-RIGID-SANTA-CRUZ-HIGHBALL-C-29-SRAM-NX-EAGLE-12V-SCHWARZ-2022.jpg","width":600,"height":408,"caption":"MOUNTAINBIKE SEMI-RIGID SANTA CRUZ HIGHBALL C 29'' SRAM NX EAGLE 12V SCHWARZ 2022"},{"@type":"BreadcrumbList","@id":"https:\/\/kgerad.de\/produkt\/santa-cruz-highball-c-29-sram-nx-eagle-12v-schwarz-2022\/#breadcrumb","itemListElement":[{"@type":"ListItem","position":1,"name":"Startseite","item":"https:\/\/kgerad.de\/"},{"@type":"ListItem","position":2,"name":"LADEN","item":"https:\/\/kgerad.de\/laden\/"},{"@type":"ListItem","position":3,"name":"SANTA CRUZ HIGHBALL C 29&#8221; SRAM NX EAGLE 12V SCHWARZ 2022"}]},{"@type":"WebSite","@id":"https:\/\/kgerad.de\/#website","url":"https:\/\/kgerad.de\/","name":"kgerad.de","description":"Treten Sie mit uns ins Abenteuer!","publisher":{"@id":"https:\/\/kgerad.de\/#organization"},"alternateName":"MEIN RADLADEN","potentialAction":[{"@type":"SearchAction","target":{"@type":"EntryPoint","urlTemplate":"https:\/\/kgerad.de\/?s={search_term_string}"},"query-input":{"@type":"PropertyValueSpecification","valueRequired":true,"valueName":"search_term_string"}}],"inLanguage":"en-US"},{"@type":"Organization","@id":"https:\/\/kgerad.de\/#organization","name":"MEINRADLADEN","alternateName":"MEIN RADLADEN","url":"https:\/\/kgerad.de\/","logo":{"@type":"ImageObject","inLanguage":"en-US","@id":"https:\/\/kgerad.de\/#\/schema\/logo\/image\/","url":"https:\/\/kgerad.de\/wp-content\/uploads\/2025\/07\/logo-Whit.svg","contentUrl":"https:\/\/kgerad.de\/wp-content\/uploads\/2025\/07\/logo-Whit.svg","width":1640,"height":371,"caption":"MEINRADLADEN"},"image":{"@id":"https:\/\/kgerad.de\/#\/schema\/logo\/image\/"}}]}},"_links":{"self":[{"href":"https:\/\/kgerad.de\/en\/wp-json\/wp\/v2\/product\/11675","targetHints":{"allow":["GET"]}}],"collection":[{"href":"https:\/\/kgerad.de\/en\/wp-json\/wp\/v2\/product"}],"about":[{"href":"https:\/\/kgerad.de\/en\/wp-json\/wp\/v2\/types\/product"}],"replies":[{"embeddable":true,"href":"https:\/\/kgerad.de\/en\/wp-json\/wp\/v2\/comments?post=11675"}],"version-history":[{"count":1,"href":"https:\/\/kgerad.de\/en\/wp-json\/wp\/v2\/product\/11675\/revisions"}],"predecessor-version":[{"id":78446,"href":"https:\/\/kgerad.de\/en\/wp-json\/wp\/v2\/product\/11675\/revisions\/78446"}],"wp:featuredmedia":[{"embeddable":true,"href":"https:\/\/kgerad.de\/en\/wp-json\/wp\/v2\/media\/60583"}],"wp:attachment":[{"href":"https:\/\/kgerad.de\/en\/wp-json\/wp\/v2\/media?parent=11675"}],"wp:term":[{"taxonomy":"product_brand","embeddable":true,"href":"https:\/\/kgerad.de\/en\/wp-json\/wp\/v2\/product_brand?post=11675"},{"taxonomy":"product_cat","embeddable":true,"href":"https:\/\/kgerad.de\/en\/wp-json\/wp\/v2\/product_cat?post=11675"},{"taxonomy":"product_tag","embeddable":true,"href":"https:\/\/kgerad.de\/en\/wp-json\/wp\/v2\/product_tag?post=11675"}],"curies":[{"name":"wp","href":"https:\/\/api.w.org\/{rel}","templated":true}]}}