{"id":11665,"date":"2022-07-29T10:27:41","date_gmt":"2022-07-29T08:27:41","guid":{"rendered":"https:\/\/kgerad.de\/?post_type=product&#038;p=11665"},"modified":"2023-08-10T15:14:24","modified_gmt":"2023-08-10T13:14:24","slug":"cube-aim-shimano-8v-29-schwarz-blau-2022","status":"publish","type":"product","link":"https:\/\/kgerad.de\/en\/product\/cube-aim-shimano-8v-29-schwarz-blau-2022\/","title":{"rendered":"CUBE AIM SHIMANO 8V 29&#8220; SCHWARZ \/ BLAU 2022"},"content":{"rendered":"<div id=\"product-header-order-name\" class=\"col-lg-20 col-md-20 col-sm-20 col-xs-20\">\n<h2 class=\"heading-title-text\">CUBE AIM SHIMANO 8V 29&#8220; SCHWARZ \/ BLAU 2022<\/h2>\n<div class=\"col col-sm-12 col-md-12 col-lg-12\">\n<p>Das <strong>Cube Aim\u00a0<\/strong>wurde f\u00fcr 2022 komplett \u00fcberarbeitet. Seine Eleganz beruht vor allem auf den unglaublich glatten Schwei\u00dfn\u00e4hten an den Verbindungen zwischen Steuerrohr und Sattelrohr. Es verf\u00fcgt \u00fcber ein Tretlager mit Gewinde und eine interne Kabelf\u00fchrung, um den Wartungsaufwand zu reduzieren und zu vereinfachen. Es ist sogar mit einer Flat-Mount-Bremsscheibenhalterung ausgestattet, die sich nahtlos in die St\u00e4nderhalterung und die integrierten Befestigungspunkte Ihrer ACID-Schutzbleche und -Gep\u00e4cktr\u00e4ger einf\u00fcgt. Seine neue Geometrie umfasst ein tieferes Oberrohr f\u00fcr ein besseres Ansprechverhalten und es verf\u00fcgt \u00fcber gen\u00fcgend Federweg, um es mit breiten, griffigen und komfortablen 2,25 mm Reifen auszustatten. Das SizeSplit-System hat die Produktpalette ebenfalls erweitert, so dass Sie unabh\u00e4ngig von Ihrer K\u00f6rpergr\u00f6\u00dfe ein Aim finden werden, das perfekt zu Ihnen passt.<\/p>\n<\/div>\n<div class=\"prodsheet_bullets col col-sm-8 col-md-8 col-lg-8\">\n<h4>DIE PRODUKTVORTEILE:<\/h4>\n<ul>\n<li>Aluminiumrahmen und SR Suntour-Gabel mit 100 mm Federweg.<\/li>\n<li>Shimano 8-Gang-Schaltung<\/li>\n<li>Mechanische Scheibenbremsen Tektro MD-280, 160\/160 mm.<\/li>\n<\/ul>\n<\/div>\n<div class=\"prodsheet_specs1 col col-sm-12 col-md-12 col-lg-12\">\n<h4>DETAILS:<\/h4>\n<table class=\"table table-striped\">\n<tbody>\n<tr>\n<td>Rahmen<\/td>\n<td>Aluminium Lite, AMF, Double Butted, Internal Cable Routing, Flat Mount Brake, SIC Mount, FM Kickstand Mount<\/td>\n<\/tr>\n<tr>\n<td>Gabel<\/td>\n<td>SR Suntour XCE, 100mm<\/td>\n<\/tr>\n<tr>\n<td>Umwerfer hinten<\/td>\n<td>Shimano RD-TX800, 8-Speed<\/td>\n<\/tr>\n<tr>\n<td>Vorderer Umwerfer<\/td>\n<td>Shimano FD-M315, Top Swing, 31.8mm Clamp<\/td>\n<\/tr>\n<tr>\n<td>Kassette<\/td>\n<td>Shimano CS-HG200, 12-32 Z\u00e4hne<\/td>\n<\/tr>\n<tr>\n<td>Kette<\/td>\n<td>KMC Z8.3<\/td>\n<\/tr>\n<tr>\n<td>Tretlager<\/td>\n<td>Feimin FP-B902N, 73mm BSA<\/td>\n<\/tr>\n<tr>\n<td>Bremsen<\/td>\n<td>Tektro MD-280\/U310R, Mech. Disc Brake (160\/160)<\/td>\n<\/tr>\n<tr>\n<td>Laufr\u00e4der<\/td>\n<td>Cube ZX20, 32H, Disc<\/td>\n<\/tr>\n<tr>\n<td>Naben<\/td>\n<td>F: Cube Alloy Light, QR, 6-Bolt \/ R: Cube Alloy Light, QR, 6-Bolt<\/td>\n<\/tr>\n<tr>\n<td>Reifen<\/td>\n<td>Cube Impac Smartpac, 2.25<\/td>\n<\/tr>\n<tr>\n<td>Lenker<\/td>\n<td>Cube Rise Trail Bar, 680mm<\/td>\n<\/tr>\n<tr>\n<td>Griffe<\/td>\n<td>Acid React<\/td>\n<\/tr>\n<tr>\n<td>Vorbau<\/td>\n<td>Cube Performance Stem, 31.8mm<\/td>\n<\/tr>\n<tr>\n<td>Steuersatz<\/td>\n<td>Cube FPH863, Semi-Integrated<\/td>\n<\/tr>\n<tr>\n<td>Pedale<\/td>\n<td>Cube PP MTB<\/td>\n<\/tr>\n<tr>\n<td>Sattel<\/td>\n<td>Natural Fit Venec Lite<\/td>\n<\/tr>\n<tr>\n<td>Sattelst\u00fctze<\/td>\n<td>Cube Performance Post, 27.2mm<\/td>\n<\/tr>\n<tr>\n<td>Gewicht<\/td>\n<td>14.8 kg<\/td>\n<\/tr>\n<tr>\n<td>Farben<\/td>\n<td>Schwarz \/ Blau<\/td>\n<\/tr>\n<tr>\n<td>Referenz<\/td>\n<td>501100<\/td>\n<\/tr>\n<\/tbody>\n<\/table>\n<\/div>\n<div class=\"prodsheet_specs2 col col-sm-8 col-md-8 col-lg-8\">\n<h4>GEOMETRIEN:<\/h4>\n<p><img decoding=\"async\" src=\"http:\/\/media1.alltricks.fr\/ckfinder\/images\/hardtail_fr.jpg\" \/><\/p>\n<table class=\"table table-striped\">\n<tbody>\n<tr>\n<td>Rahmengr\u00f6\u00dfe<\/td>\n<td>M<\/td>\n<td>L<\/td>\n<td>XL<\/td>\n<\/tr>\n<tr>\n<td>Gr\u00f6\u00dfe der Laufr\u00e4der (Zoll)<\/td>\n<td>29<\/td>\n<td>29<\/td>\n<td>29<\/td>\n<\/tr>\n<tr>\n<td>Rahmengr\u00f6\u00dfe (Zoll)<\/td>\n<td>18<\/td>\n<td>20<\/td>\n<td>22<\/td>\n<\/tr>\n<tr>\n<td>Sattelrohr (mm)<\/td>\n<td>420<\/td>\n<td>470<\/td>\n<td>515<\/td>\n<\/tr>\n<tr>\n<td>Oberrohr (mm)<\/td>\n<td>595<\/td>\n<td>615<\/td>\n<td>635<\/td>\n<\/tr>\n<tr>\n<td>L\u00e4nge Basis (mm)<\/td>\n<td>461<\/td>\n<td>461<\/td>\n<td>461<\/td>\n<\/tr>\n<tr>\n<td>Lenkh\u00fclse (mm)<\/td>\n<td>109.8<\/td>\n<td>120.6<\/td>\n<td>140.6<\/td>\n<\/tr>\n<tr>\n<td>Lenkwinkel (\u00b0)<\/td>\n<td>68.5<\/td>\n<td>68.5<\/td>\n<td>68.5<\/td>\n<\/tr>\n<tr>\n<td>Winkel Sattelrohr (\u00b0)<\/td>\n<td>73.5<\/td>\n<td>73.5<\/td>\n<td>73.5<\/td>\n<\/tr>\n<tr>\n<td>Radstand (mm)<\/td>\n<td>1136.5<\/td>\n<td>1157.5<\/td>\n<td>1174.6<\/td>\n<\/tr>\n<tr>\n<td>Stack (mm)<\/td>\n<td>627.3<\/td>\n<td>637.4<\/td>\n<td>656<\/td>\n<\/tr>\n<tr>\n<td>Reach (mm)<\/td>\n<td>409.2<\/td>\n<td>426.2<\/td>\n<td>440.7<\/td>\n<\/tr>\n<\/tbody>\n<\/table>\n<\/div>\n<\/div>\n<div id=\"product-header-order-form\" class=\"js-reload-on-event col-lg-20 col-md-20 col-sm-20 col-xs-20\" data-to-watch=\"body\" data-event=\"alltricks:cartChanged\" data-url=\"\/ajax\/product\/ajouter\/F-11947-velos-complets-vtt\/P-2046035-cube_aim_shimano_8v_29___schwarz___blau_2022\"><\/div>","protected":false},"excerpt":{"rendered":"<div class=\"col-lg-14 col-md-14 col-sm-14 col-xs-20\"><\/div>\n<div id=\"product-specifications-table\" class=\"col-lg-20 col-md-20 col-sm-20 col-xs-20\">\n<table class=\"table table-striped\">\n<tbody>\n<tr>\n<td class=\"spec-name\">Geschlecht<\/td>\n<td class=\"spec-value\">Herren<\/td>\n<\/tr>\n<tr>\n<td class=\"spec-name\">Gruppe<\/td>\n<td class=\"spec-value\">Mixed 8S<\/td>\n<\/tr>\n<tr>\n<td class=\"spec-name\">collection<\/td>\n<td class=\"spec-value\">2022<\/td>\n<\/tr>\n<tr>\n<td class=\"spec-name\">decimal weight<\/td>\n<td class=\"spec-value\">14.80<\/td>\n<\/tr>\n<\/tbody>\n<\/table>\n<\/div>","protected":false},"featured_media":60577,"comment_status":"open","ping_status":"closed","template":"","meta":[],"product_brand":[],"product_cat":[783],"product_tag":[],"class_list":{"0":"post-11665","1":"product","2":"type-product","3":"status-publish","4":"has-post-thumbnail","6":"product_cat-accessories","7":"pa_marke-cube","9":"first","10":"instock","11":"sale","12":"taxable","13":"shipping-taxable","14":"purchasable","15":"product-type-variable"},"yoast_head":"<!-- This site is optimized with the Yoast SEO Premium plugin v20.12 (Yoast SEO v27.1.1) - https:\/\/yoast.com\/product\/yoast-seo-premium-wordpress\/ -->\n<title>CUBE AIM SHIMANO 8V 29&#039;&#039; SCHWARZ \/ BLAU 2022<\/title>\n<meta name=\"description\" content=\"Entdecken Sie unseren Online-Fahrradladen: Gro\u00dfe Auswahl an Modellen f\u00fcr alle Radsportbegeisterten. Von Rennr\u00e4dern bis zu Mountainbikes - finden Sie heute Ihren perfekten Wegbegleiter!\" \/>\n<meta name=\"robots\" content=\"index, follow, max-snippet:-1, max-image-preview:large, max-video-preview:-1\" \/>\n<link rel=\"canonical\" href=\"https:\/\/kgerad.de\/en\/product\/cube-aim-shimano-8v-29-schwarz-blau-2022\/\" \/>\n<meta property=\"og:locale\" content=\"en_US\" \/>\n<meta property=\"og:type\" content=\"article\" \/>\n<meta property=\"og:title\" content=\"CUBE AIM SHIMANO 8V 29&#039;&#039; SCHWARZ \/ BLAU 2022\" \/>\n<meta property=\"og:description\" content=\"Entdecken Sie unseren Online-Fahrradladen: Gro\u00dfe Auswahl an Modellen f\u00fcr alle Radsportbegeisterten. Von Rennr\u00e4dern bis zu Mountainbikes - finden Sie heute Ihren perfekten Wegbegleiter!\" \/>\n<meta property=\"og:url\" content=\"https:\/\/kgerad.de\/en\/product\/cube-aim-shimano-8v-29-schwarz-blau-2022\/\" \/>\n<meta property=\"og:site_name\" content=\"kgerad.de\" \/>\n<meta property=\"article:modified_time\" content=\"2023-08-10T13:14:24+00:00\" \/>\n<meta property=\"og:image\" content=\"https:\/\/kgerad.de\/wp-content\/uploads\/2023\/06\/CUBE-AIM-SHIMANO-8V-29-SCHWARZ-BLAU-2022.jpg\" \/>\n\t<meta property=\"og:image:width\" content=\"600\" \/>\n\t<meta property=\"og:image:height\" content=\"408\" \/>\n\t<meta property=\"og:image:type\" content=\"image\/jpeg\" \/>\n<meta name=\"twitter:card\" content=\"summary_large_image\" \/>\n<meta name=\"twitter:label1\" content=\"Est. reading time\" \/>\n\t<meta name=\"twitter:data1\" content=\"3 minutes\" \/>\n<script type=\"application\/ld+json\" class=\"yoast-schema-graph\">{\"@context\":\"https:\/\/schema.org\",\"@graph\":[{\"@type\":\"WebPage\",\"@id\":\"https:\/\/kgerad.de\/produkt\/cube-aim-shimano-8v-29-schwarz-blau-2022\/\",\"url\":\"https:\/\/kgerad.de\/produkt\/cube-aim-shimano-8v-29-schwarz-blau-2022\/\",\"name\":\"CUBE AIM SHIMANO 8V 29'' SCHWARZ \/ BLAU 2022\",\"isPartOf\":{\"@id\":\"https:\/\/kgerad.de\/#website\"},\"primaryImageOfPage\":{\"@id\":\"https:\/\/kgerad.de\/produkt\/cube-aim-shimano-8v-29-schwarz-blau-2022\/#primaryimage\"},\"image\":{\"@id\":\"https:\/\/kgerad.de\/produkt\/cube-aim-shimano-8v-29-schwarz-blau-2022\/#primaryimage\"},\"thumbnailUrl\":\"https:\/\/kgerad.de\/wp-content\/uploads\/2023\/06\/CUBE-AIM-SHIMANO-8V-29-SCHWARZ-BLAU-2022.jpg\",\"datePublished\":\"2022-07-29T08:27:41+00:00\",\"dateModified\":\"2023-08-10T13:14:24+00:00\",\"description\":\"Entdecken Sie unseren Online-Fahrradladen: Gro\u00dfe Auswahl an Modellen f\u00fcr alle Radsportbegeisterten. Von Rennr\u00e4dern bis zu Mountainbikes - finden Sie heute Ihren perfekten Wegbegleiter!\",\"breadcrumb\":{\"@id\":\"https:\/\/kgerad.de\/produkt\/cube-aim-shimano-8v-29-schwarz-blau-2022\/#breadcrumb\"},\"inLanguage\":\"en-US\",\"potentialAction\":[{\"@type\":\"ReadAction\",\"target\":[\"https:\/\/kgerad.de\/produkt\/cube-aim-shimano-8v-29-schwarz-blau-2022\/\"]}]},{\"@type\":\"ImageObject\",\"inLanguage\":\"en-US\",\"@id\":\"https:\/\/kgerad.de\/produkt\/cube-aim-shimano-8v-29-schwarz-blau-2022\/#primaryimage\",\"url\":\"https:\/\/kgerad.de\/wp-content\/uploads\/2023\/06\/CUBE-AIM-SHIMANO-8V-29-SCHWARZ-BLAU-2022.jpg\",\"contentUrl\":\"https:\/\/kgerad.de\/wp-content\/uploads\/2023\/06\/CUBE-AIM-SHIMANO-8V-29-SCHWARZ-BLAU-2022.jpg\",\"width\":600,\"height\":408,\"caption\":\"CUBE AIM SHIMANO 8V 29'' SCHWARZ BLAU 2022\"},{\"@type\":\"BreadcrumbList\",\"@id\":\"https:\/\/kgerad.de\/produkt\/cube-aim-shimano-8v-29-schwarz-blau-2022\/#breadcrumb\",\"itemListElement\":[{\"@type\":\"ListItem\",\"position\":1,\"name\":\"Startseite\",\"item\":\"https:\/\/kgerad.de\/\"},{\"@type\":\"ListItem\",\"position\":2,\"name\":\"LADEN\",\"item\":\"https:\/\/kgerad.de\/laden\/\"},{\"@type\":\"ListItem\",\"position\":3,\"name\":\"CUBE AIM SHIMANO 8V 29&#8221; SCHWARZ \/ BLAU 2022\"}]},{\"@type\":\"WebSite\",\"@id\":\"https:\/\/kgerad.de\/#website\",\"url\":\"https:\/\/kgerad.de\/\",\"name\":\"kgerad.de\",\"description\":\"Treten Sie mit uns ins Abenteuer!\",\"publisher\":{\"@id\":\"https:\/\/kgerad.de\/#organization\"},\"alternateName\":\"MEIN RADLADEN\",\"potentialAction\":[{\"@type\":\"SearchAction\",\"target\":{\"@type\":\"EntryPoint\",\"urlTemplate\":\"https:\/\/kgerad.de\/?s={search_term_string}\"},\"query-input\":{\"@type\":\"PropertyValueSpecification\",\"valueRequired\":true,\"valueName\":\"search_term_string\"}}],\"inLanguage\":\"en-US\"},{\"@type\":\"Organization\",\"@id\":\"https:\/\/kgerad.de\/#organization\",\"name\":\"MEINRADLADEN\",\"alternateName\":\"MEIN RADLADEN\",\"url\":\"https:\/\/kgerad.de\/\",\"logo\":{\"@type\":\"ImageObject\",\"inLanguage\":\"en-US\",\"@id\":\"https:\/\/kgerad.de\/#\/schema\/logo\/image\/\",\"url\":\"https:\/\/kgerad.de\/wp-content\/uploads\/2025\/07\/logo-Whit.svg\",\"contentUrl\":\"https:\/\/kgerad.de\/wp-content\/uploads\/2025\/07\/logo-Whit.svg\",\"width\":1640,\"height\":371,\"caption\":\"MEINRADLADEN\"},\"image\":{\"@id\":\"https:\/\/kgerad.de\/#\/schema\/logo\/image\/\"}}]}<\/script>\n<!-- \/ Yoast SEO Premium plugin. -->","yoast_head_json":{"title":"CUBE AIM SHIMANO 8V 29'' SCHWARZ \/ BLAU 2022","description":"Entdecken Sie unseren Online-Fahrradladen: Gro\u00dfe Auswahl an Modellen f\u00fcr alle Radsportbegeisterten. Von Rennr\u00e4dern bis zu Mountainbikes - finden Sie heute Ihren perfekten Wegbegleiter!","robots":{"index":"index","follow":"follow","max-snippet":"max-snippet:-1","max-image-preview":"max-image-preview:large","max-video-preview":"max-video-preview:-1"},"canonical":"https:\/\/kgerad.de\/en\/product\/cube-aim-shimano-8v-29-schwarz-blau-2022\/","og_locale":"en_US","og_type":"article","og_title":"CUBE AIM SHIMANO 8V 29'' SCHWARZ \/ BLAU 2022","og_description":"Entdecken Sie unseren Online-Fahrradladen: Gro\u00dfe Auswahl an Modellen f\u00fcr alle Radsportbegeisterten. Von Rennr\u00e4dern bis zu Mountainbikes - finden Sie heute Ihren perfekten Wegbegleiter!","og_url":"https:\/\/kgerad.de\/en\/product\/cube-aim-shimano-8v-29-schwarz-blau-2022\/","og_site_name":"kgerad.de","article_modified_time":"2023-08-10T13:14:24+00:00","og_image":[{"width":600,"height":408,"url":"https:\/\/kgerad.de\/wp-content\/uploads\/2023\/06\/CUBE-AIM-SHIMANO-8V-29-SCHWARZ-BLAU-2022.jpg","type":"image\/jpeg"}],"twitter_card":"summary_large_image","twitter_misc":{"Est. reading time":"3 minutes"},"schema":{"@context":"https:\/\/schema.org","@graph":[{"@type":"WebPage","@id":"https:\/\/kgerad.de\/produkt\/cube-aim-shimano-8v-29-schwarz-blau-2022\/","url":"https:\/\/kgerad.de\/produkt\/cube-aim-shimano-8v-29-schwarz-blau-2022\/","name":"CUBE AIM SHIMANO 8V 29'' SCHWARZ \/ BLAU 2022","isPartOf":{"@id":"https:\/\/kgerad.de\/#website"},"primaryImageOfPage":{"@id":"https:\/\/kgerad.de\/produkt\/cube-aim-shimano-8v-29-schwarz-blau-2022\/#primaryimage"},"image":{"@id":"https:\/\/kgerad.de\/produkt\/cube-aim-shimano-8v-29-schwarz-blau-2022\/#primaryimage"},"thumbnailUrl":"https:\/\/kgerad.de\/wp-content\/uploads\/2023\/06\/CUBE-AIM-SHIMANO-8V-29-SCHWARZ-BLAU-2022.jpg","datePublished":"2022-07-29T08:27:41+00:00","dateModified":"2023-08-10T13:14:24+00:00","description":"Entdecken Sie unseren Online-Fahrradladen: Gro\u00dfe Auswahl an Modellen f\u00fcr alle Radsportbegeisterten. Von Rennr\u00e4dern bis zu Mountainbikes - finden Sie heute Ihren perfekten Wegbegleiter!","breadcrumb":{"@id":"https:\/\/kgerad.de\/produkt\/cube-aim-shimano-8v-29-schwarz-blau-2022\/#breadcrumb"},"inLanguage":"en-US","potentialAction":[{"@type":"ReadAction","target":["https:\/\/kgerad.de\/produkt\/cube-aim-shimano-8v-29-schwarz-blau-2022\/"]}]},{"@type":"ImageObject","inLanguage":"en-US","@id":"https:\/\/kgerad.de\/produkt\/cube-aim-shimano-8v-29-schwarz-blau-2022\/#primaryimage","url":"https:\/\/kgerad.de\/wp-content\/uploads\/2023\/06\/CUBE-AIM-SHIMANO-8V-29-SCHWARZ-BLAU-2022.jpg","contentUrl":"https:\/\/kgerad.de\/wp-content\/uploads\/2023\/06\/CUBE-AIM-SHIMANO-8V-29-SCHWARZ-BLAU-2022.jpg","width":600,"height":408,"caption":"CUBE AIM SHIMANO 8V 29'' SCHWARZ BLAU 2022"},{"@type":"BreadcrumbList","@id":"https:\/\/kgerad.de\/produkt\/cube-aim-shimano-8v-29-schwarz-blau-2022\/#breadcrumb","itemListElement":[{"@type":"ListItem","position":1,"name":"Startseite","item":"https:\/\/kgerad.de\/"},{"@type":"ListItem","position":2,"name":"LADEN","item":"https:\/\/kgerad.de\/laden\/"},{"@type":"ListItem","position":3,"name":"CUBE AIM SHIMANO 8V 29&#8221; SCHWARZ \/ BLAU 2022"}]},{"@type":"WebSite","@id":"https:\/\/kgerad.de\/#website","url":"https:\/\/kgerad.de\/","name":"kgerad.de","description":"Treten Sie mit uns ins Abenteuer!","publisher":{"@id":"https:\/\/kgerad.de\/#organization"},"alternateName":"MEIN RADLADEN","potentialAction":[{"@type":"SearchAction","target":{"@type":"EntryPoint","urlTemplate":"https:\/\/kgerad.de\/?s={search_term_string}"},"query-input":{"@type":"PropertyValueSpecification","valueRequired":true,"valueName":"search_term_string"}}],"inLanguage":"en-US"},{"@type":"Organization","@id":"https:\/\/kgerad.de\/#organization","name":"MEINRADLADEN","alternateName":"MEIN RADLADEN","url":"https:\/\/kgerad.de\/","logo":{"@type":"ImageObject","inLanguage":"en-US","@id":"https:\/\/kgerad.de\/#\/schema\/logo\/image\/","url":"https:\/\/kgerad.de\/wp-content\/uploads\/2025\/07\/logo-Whit.svg","contentUrl":"https:\/\/kgerad.de\/wp-content\/uploads\/2025\/07\/logo-Whit.svg","width":1640,"height":371,"caption":"MEINRADLADEN"},"image":{"@id":"https:\/\/kgerad.de\/#\/schema\/logo\/image\/"}}]}},"_links":{"self":[{"href":"https:\/\/kgerad.de\/en\/wp-json\/wp\/v2\/product\/11665","targetHints":{"allow":["GET"]}}],"collection":[{"href":"https:\/\/kgerad.de\/en\/wp-json\/wp\/v2\/product"}],"about":[{"href":"https:\/\/kgerad.de\/en\/wp-json\/wp\/v2\/types\/product"}],"replies":[{"embeddable":true,"href":"https:\/\/kgerad.de\/en\/wp-json\/wp\/v2\/comments?post=11665"}],"version-history":[{"count":2,"href":"https:\/\/kgerad.de\/en\/wp-json\/wp\/v2\/product\/11665\/revisions"}],"predecessor-version":[{"id":78444,"href":"https:\/\/kgerad.de\/en\/wp-json\/wp\/v2\/product\/11665\/revisions\/78444"}],"wp:featuredmedia":[{"embeddable":true,"href":"https:\/\/kgerad.de\/en\/wp-json\/wp\/v2\/media\/60577"}],"wp:attachment":[{"href":"https:\/\/kgerad.de\/en\/wp-json\/wp\/v2\/media?parent=11665"}],"wp:term":[{"taxonomy":"product_brand","embeddable":true,"href":"https:\/\/kgerad.de\/en\/wp-json\/wp\/v2\/product_brand?post=11665"},{"taxonomy":"product_cat","embeddable":true,"href":"https:\/\/kgerad.de\/en\/wp-json\/wp\/v2\/product_cat?post=11665"},{"taxonomy":"product_tag","embeddable":true,"href":"https:\/\/kgerad.de\/en\/wp-json\/wp\/v2\/product_tag?post=11665"}],"curies":[{"name":"wp","href":"https:\/\/api.w.org\/{rel}","templated":true}]}}