{"id":11616,"date":"2022-07-28T20:44:29","date_gmt":"2022-07-28T18:44:29","guid":{"rendered":"https:\/\/kgerad.de\/?post_type=product&#038;p=11616"},"modified":"2023-08-10T15:14:35","modified_gmt":"2023-08-10T13:14:35","slug":"hardtail-mtb-cannondale-trail-7-275-shimano-gruen","status":"publish","type":"product","link":"https:\/\/kgerad.de\/en\/product\/hardtail-mtb-cannondale-trail-7-275-shimano-gruen\/","title":{"rendered":"HARDTAIL MTB CANNONDALE TRAIL 7 27,5 SHIMANO GR\u00dcN"},"content":{"rendered":"<div id=\"product-header-order-name\" class=\"col-lg-20 col-md-20 col-sm-20 col-xs-20\">\n<h2 class=\"heading-title-text\">HARDTAIL MTB CANNONDALE TRAIL 7 27,5 SHIMANO ACERA \/ ALTUS 9V 27,5 &#8220; GR\u00dcN<\/h2>\n<\/div>\n<div id=\"product-header-order-form\" class=\"js-reload-on-event col-lg-20 col-md-20 col-sm-20 col-xs-20\" data-to-watch=\"body\" data-event=\"alltricks:cartChanged\" data-url=\"\/ajax\/product\/ajouter\/F-11947-velos-complets-vtt\/P-1542380-hardtail_mtb_cannondale_trail_7_27_5_shimano_acera___altus_9v_27_5___39___39__grun\">\n<div class=\"col col-sm-12 col-md-12 col-lg-12\">\n<p>Es auf die n\u00e4chste Stufe bringen! Der\u00a0<strong>Cannondale Trail<\/strong> <strong>7<\/strong> ist ein Hardtail-Mountainbike, das entwickelt wurde, um Ihr Spiel zu verbessern und eine Leidenschaft f\u00fcr das Trailfahren zu wecken. Es ist f\u00fcr die Berge gebaut und zu allem bereit. Die einfache und dennoch raffinierte SmartForm C3-Aluminiumkonstruktion f\u00fchrt zu einem leichten und reaktionsfreudigen Rahmen, der alles in dieser Klasse \u00fcbertrifft. Das Mikroaufh\u00e4ngungssystem &#8222;SAVE&#8220; sorgt f\u00fcr mehr Komfort und bessere Kontrolle dank Flexzonen, die an strategischen Stellen des hinteren Dreiecks erstellt wurden.<\/p>\n<p>Der Trail ist mit 27,5-Zoll-R\u00e4dern f\u00fcr kleinere Gr\u00f6\u00dfen und 29-Zoll-R\u00e4dern f\u00fcr andere Gr\u00f6\u00dfen ausgestattet, um dem Fahrer die beste Mischung aus Passform, Geschwindigkeit und Spa\u00df zu gew\u00e4hrleisten.<\/p>\n<\/div>\n<div class=\"prodsheet_bullets col col-sm-8 col-md-8 col-lg-8\">\n<h4>DAS + PRODUKT:<\/h4>\n<ul>\n<li>Ein Mountainbike, das entwickelt wurde, um Ihr Spiel zu verbessern und eine Leidenschaft f\u00fcr das Trailrunning zu wecken.<\/li>\n<li>SmartForm C3 Aluminiumrahmen.<\/li>\n<li>Microshift 2&#215;8-Gang-Getriebe.<\/li>\n<li>Tektro hydraulische Scheibenbremsen, 160\/160 mm.<\/li>\n<\/ul>\n<\/div>\n<div class=\"prodsheet_specs1 col col-sm-12 col-md-12 col-lg-12\">\n<h4>EINZELHEITEN:<\/h4>\n<table class=\"table table-striped\">\n<tbody>\n<tr>\n<td>Rahmen<\/td>\n<td>Aluminium: SmartForm C3-Legierung, SAVE, 1-1 \/ 8 &#8222;Steuerrohr, Post-Mount-Disc, StraightShot-interne Kabelf\u00fchrung, Dropper-Post-kompatibel, BSA-73<\/td>\n<\/tr>\n<tr>\n<td>Gabel<\/td>\n<td>SR Suntour XCT DS, 100 mm, Spule, 42 mm Versatz (27,5 &#8222;)<\/td>\n<\/tr>\n<tr>\n<td>Headset<\/td>\n<td>Halbintegriert, 1-1 \/ 8 &#8222;<\/td>\n<\/tr>\n<tr>\n<td>Galgen<\/td>\n<td>6061 Legierung, 31,8 mm, 8 \u00b0<\/td>\n<\/tr>\n<tr>\n<td>Lenker<\/td>\n<td>6061 Alloy Riser, 31,8 mm, 25 mm Anstieg, 700 mm<\/td>\n<\/tr>\n<tr>\n<td>Griffe<\/td>\n<td>Cannondale Dual-Density<\/td>\n<\/tr>\n<tr>\n<td>Umwerferhebel<\/td>\n<td>microSHIFT, 8-Gang<\/td>\n<\/tr>\n<tr>\n<td>Umwerfer<\/td>\n<td>microSHIFT Dual Pull Compact, Stahlk\u00e4fig, Stahlbandklemme<\/td>\n<\/tr>\n<tr>\n<td>Schaltwerk<\/td>\n<td>microSHIFT M46L<\/td>\n<\/tr>\n<tr>\n<td>Kurbelgarnitur<\/td>\n<td>Prowheel, 36\/22 Z\u00e4hne<\/td>\n<\/tr>\n<tr>\n<td>Tretlager<\/td>\n<td>Patrone, quadratische Verj\u00fcngung<\/td>\n<\/tr>\n<tr>\n<td>Kette<\/td>\n<td>KMC Z9, 9 Geschwindigkeit<\/td>\n<\/tr>\n<tr>\n<td>Kassette<\/td>\n<td>Sunrace, 11-34 Z\u00e4hne, 9 Geschwindigkeit<\/td>\n<\/tr>\n<tr>\n<td>Bremshebel<\/td>\n<td>Shimano MT200<\/td>\n<\/tr>\n<tr>\n<td>Bremsen<\/td>\n<td>Tektro Hydraulikscheibe<br \/>\nTektro M275 Hydraulikscheibe, 160\/160 mm<\/td>\n<\/tr>\n<tr>\n<td>Sattel<\/td>\n<td>Cannondale Stufe 3<\/td>\n<\/tr>\n<tr>\n<td>Sattelschaft<\/td>\n<td>Cannondale 3, 6061 Legierung, 31,6 x 350\/400 mm<\/td>\n<\/tr>\n<tr>\n<td>R\u00e4der<\/td>\n<td>WTB SX19, 32h<\/td>\n<\/tr>\n<tr>\n<td>Vorderradnabe<\/td>\n<td>Shimano HBTX 505<\/td>\n<\/tr>\n<tr>\n<td>Hinterradnabe<\/td>\n<td>Shimano FHTX505<\/td>\n<\/tr>\n<tr>\n<td>Reifen<\/td>\n<td>Schwalbe Rocket Rick, K-Guard, 27,5 x 2,25 &#8222;<\/td>\n<\/tr>\n<tr>\n<td>Gewicht<\/td>\n<td>&#8212; &#8212;.<\/td>\n<\/tr>\n<tr>\n<td>Farben<\/td>\n<td>Gr\u00fcn<\/td>\n<\/tr>\n<\/tbody>\n<\/table>\n<\/div>\n<div class=\"prodsheet_specs2 col col-sm-8 col-md-8 col-lg-8\">\n<h4>GEOMETRIEN:<\/h4>\n<p><img decoding=\"async\" src=\"http:\/\/media1.alltricks.fr\/ckfinder\/images\/hardtail_fr.jpg\" \/><\/p>\n<table class=\"table table-striped\">\n<tbody>\n<tr>\n<td>Rahmengr\u00f6\u00dfe<\/td>\n<td>XS<\/td>\n<td>S.<\/td>\n<td>M.<\/td>\n<td>L.<\/td>\n<td>XL<\/td>\n<td>XXL<\/td>\n<\/tr>\n<tr>\n<td>Radgr\u00f6\u00dfe<\/td>\n<td>27,5 &#8222;<\/td>\n<td>27,5 &#8222;<\/td>\n<td>29 &#8222;<\/td>\n<td>29 &#8222;<\/td>\n<td>29 &#8222;<\/td>\n<td>29 &#8222;<\/td>\n<\/tr>\n<tr>\n<td>Sitzrohr (mm)<\/td>\n<td>345<\/td>\n<td>400<\/td>\n<td>440<\/td>\n<td>480<\/td>\n<td>520<\/td>\n<td>560<\/td>\n<\/tr>\n<tr>\n<td>Oberrohr (mm)<\/td>\n<td>545<\/td>\n<td>585<\/td>\n<td>610<\/td>\n<td>635<\/td>\n<td>660<\/td>\n<td>685<\/td>\n<\/tr>\n<tr>\n<td>Grundl\u00e4nge (mm)<\/td>\n<td>440<\/td>\n<td>440<\/td>\n<td>445<\/td>\n<td>445<\/td>\n<td>445<\/td>\n<td>445<\/td>\n<\/tr>\n<tr>\n<td>Lenkwinkel (\u00b0)<\/td>\n<td>68<\/td>\n<td>68<\/td>\n<td>68,5<\/td>\n<td>68,5<\/td>\n<td>68,5<\/td>\n<td>68,5<\/td>\n<\/tr>\n<tr>\n<td>Sitzrohrwinkel (\u00b0)<\/td>\n<td>73,5<\/td>\n<td>73,5<\/td>\n<td>73,5<\/td>\n<td>73,5<\/td>\n<td>73,5<\/td>\n<td>73,5<\/td>\n<\/tr>\n<tr>\n<td>Radstand (mm)<\/td>\n<td>1067<\/td>\n<td>1108<\/td>\n<td>1140<\/td>\n<td>1166<\/td>\n<td>1192<\/td>\n<td>1218<\/td>\n<\/tr>\n<tr>\n<td>Stapel (mm)<\/td>\n<td>607<\/td>\n<td>616<\/td>\n<td>624<\/td>\n<td>633<\/td>\n<td>643<\/td>\n<td>652<\/td>\n<\/tr>\n<tr>\n<td>Reichweite (mm)<\/td>\n<td>365<\/td>\n<td>402<\/td>\n<td>425<\/td>\n<td>447<\/td>\n<td>470<\/td>\n<td>492<\/td>\n<\/tr>\n<\/tbody>\n<\/table>\n<\/div>\n<\/div>","protected":false},"excerpt":{"rendered":"<div class=\"col-lg-14 col-md-14 col-sm-14 col-xs-20\"><\/div>\n<div id=\"product-specifications-table\" class=\"col-lg-20 col-md-20 col-sm-20 col-xs-20\">\n<table class=\"table table-striped\">\n<tbody>\n<tr>\n<td class=\"spec-name\">Geschlecht<\/td>\n<td class=\"spec-value\">Herren<\/td>\n<\/tr>\n<tr>\n<td class=\"spec-name\">Gruppe<\/td>\n<td class=\"spec-value\">Shimano Acera\/Altus 9V<\/td>\n<\/tr>\n<tr>\n<td class=\"spec-name\">collection<\/td>\n<td class=\"spec-value\">Restst\u00fccke<\/td>\n<\/tr>\n<\/tbody>\n<\/table>\n<\/div>","protected":false},"featured_media":60576,"comment_status":"open","ping_status":"closed","template":"","meta":[],"product_brand":[],"product_cat":[783],"product_tag":[],"class_list":{"0":"post-11616","1":"product","2":"type-product","3":"status-publish","4":"has-post-thumbnail","6":"product_cat-accessories","7":"pa_marke-cannondale","9":"first","10":"instock","11":"taxable","12":"shipping-taxable","13":"purchasable","14":"product-type-variable"},"yoast_head":"<!-- This site is optimized with the Yoast SEO Premium plugin v20.12 (Yoast SEO v27.1.1) - https:\/\/yoast.com\/product\/yoast-seo-premium-wordpress\/ -->\n<title>HARDTAIL MTB CANNONDALE TRAIL 7 27,5 SHIMANO GR\u00dcN<\/title>\n<meta name=\"description\" content=\"Entdecken Sie unseren Online-Fahrradladen: Gro\u00dfe Auswahl an Modellen f\u00fcr alle Radsportbegeisterten. Von Rennr\u00e4dern bis zu Mountainbikes - finden Sie heute Ihren perfekten Wegbegleiter!\" \/>\n<meta name=\"robots\" content=\"index, follow, max-snippet:-1, max-image-preview:large, max-video-preview:-1\" \/>\n<link rel=\"canonical\" href=\"https:\/\/kgerad.de\/en\/product\/hardtail-mtb-cannondale-trail-7-275-shimano-gruen\/\" \/>\n<meta property=\"og:locale\" content=\"en_US\" \/>\n<meta property=\"og:type\" content=\"article\" \/>\n<meta property=\"og:title\" content=\"HARDTAIL MTB CANNONDALE TRAIL 7 27,5 SHIMANO GR\u00dcN\" \/>\n<meta property=\"og:description\" content=\"Entdecken Sie unseren Online-Fahrradladen: Gro\u00dfe Auswahl an Modellen f\u00fcr alle Radsportbegeisterten. Von Rennr\u00e4dern bis zu Mountainbikes - finden Sie heute Ihren perfekten Wegbegleiter!\" \/>\n<meta property=\"og:url\" content=\"https:\/\/kgerad.de\/en\/product\/hardtail-mtb-cannondale-trail-7-275-shimano-gruen\/\" \/>\n<meta property=\"og:site_name\" content=\"kgerad.de\" \/>\n<meta property=\"article:modified_time\" content=\"2023-08-10T13:14:35+00:00\" \/>\n<meta property=\"og:image\" content=\"https:\/\/kgerad.de\/wp-content\/uploads\/2023\/06\/HARDTAIL-MTB-CANNONDALE-TRAIL-7-275-SHIMANO-ACERA-ALTUS-9V-275-GRUeN.jpg\" \/>\n\t<meta property=\"og:image:width\" content=\"600\" \/>\n\t<meta property=\"og:image:height\" content=\"408\" \/>\n\t<meta property=\"og:image:type\" content=\"image\/jpeg\" \/>\n<meta name=\"twitter:card\" content=\"summary_large_image\" \/>\n<meta name=\"twitter:label1\" content=\"Est. reading time\" \/>\n\t<meta name=\"twitter:data1\" content=\"3 minutes\" \/>\n<script type=\"application\/ld+json\" class=\"yoast-schema-graph\">{\"@context\":\"https:\/\/schema.org\",\"@graph\":[{\"@type\":\"WebPage\",\"@id\":\"https:\/\/kgerad.de\/produkt\/hardtail-mtb-cannondale-trail-7-275-shimano-gruen\/\",\"url\":\"https:\/\/kgerad.de\/produkt\/hardtail-mtb-cannondale-trail-7-275-shimano-gruen\/\",\"name\":\"HARDTAIL MTB CANNONDALE TRAIL 7 27,5 SHIMANO GR\u00dcN\",\"isPartOf\":{\"@id\":\"https:\/\/kgerad.de\/#website\"},\"primaryImageOfPage\":{\"@id\":\"https:\/\/kgerad.de\/produkt\/hardtail-mtb-cannondale-trail-7-275-shimano-gruen\/#primaryimage\"},\"image\":{\"@id\":\"https:\/\/kgerad.de\/produkt\/hardtail-mtb-cannondale-trail-7-275-shimano-gruen\/#primaryimage\"},\"thumbnailUrl\":\"https:\/\/kgerad.de\/wp-content\/uploads\/2023\/06\/HARDTAIL-MTB-CANNONDALE-TRAIL-7-275-SHIMANO-ACERA-ALTUS-9V-275-GRUeN.jpg\",\"datePublished\":\"2022-07-28T18:44:29+00:00\",\"dateModified\":\"2023-08-10T13:14:35+00:00\",\"description\":\"Entdecken Sie unseren Online-Fahrradladen: Gro\u00dfe Auswahl an Modellen f\u00fcr alle Radsportbegeisterten. Von Rennr\u00e4dern bis zu Mountainbikes - finden Sie heute Ihren perfekten Wegbegleiter!\",\"breadcrumb\":{\"@id\":\"https:\/\/kgerad.de\/produkt\/hardtail-mtb-cannondale-trail-7-275-shimano-gruen\/#breadcrumb\"},\"inLanguage\":\"en-US\",\"potentialAction\":[{\"@type\":\"ReadAction\",\"target\":[\"https:\/\/kgerad.de\/produkt\/hardtail-mtb-cannondale-trail-7-275-shimano-gruen\/\"]}]},{\"@type\":\"ImageObject\",\"inLanguage\":\"en-US\",\"@id\":\"https:\/\/kgerad.de\/produkt\/hardtail-mtb-cannondale-trail-7-275-shimano-gruen\/#primaryimage\",\"url\":\"https:\/\/kgerad.de\/wp-content\/uploads\/2023\/06\/HARDTAIL-MTB-CANNONDALE-TRAIL-7-275-SHIMANO-ACERA-ALTUS-9V-275-GRUeN.jpg\",\"contentUrl\":\"https:\/\/kgerad.de\/wp-content\/uploads\/2023\/06\/HARDTAIL-MTB-CANNONDALE-TRAIL-7-275-SHIMANO-ACERA-ALTUS-9V-275-GRUeN.jpg\",\"width\":600,\"height\":408,\"caption\":\"HARDTAIL MTB CANNONDALE TRAIL 7 27\"},{\"@type\":\"BreadcrumbList\",\"@id\":\"https:\/\/kgerad.de\/produkt\/hardtail-mtb-cannondale-trail-7-275-shimano-gruen\/#breadcrumb\",\"itemListElement\":[{\"@type\":\"ListItem\",\"position\":1,\"name\":\"Startseite\",\"item\":\"https:\/\/kgerad.de\/\"},{\"@type\":\"ListItem\",\"position\":2,\"name\":\"LADEN\",\"item\":\"https:\/\/kgerad.de\/laden\/\"},{\"@type\":\"ListItem\",\"position\":3,\"name\":\"HARDTAIL MTB CANNONDALE TRAIL 7 27,5 SHIMANO GR\u00dcN\"}]},{\"@type\":\"WebSite\",\"@id\":\"https:\/\/kgerad.de\/#website\",\"url\":\"https:\/\/kgerad.de\/\",\"name\":\"kgerad.de\",\"description\":\"Treten Sie mit uns ins Abenteuer!\",\"publisher\":{\"@id\":\"https:\/\/kgerad.de\/#organization\"},\"alternateName\":\"MEIN RADLADEN\",\"potentialAction\":[{\"@type\":\"SearchAction\",\"target\":{\"@type\":\"EntryPoint\",\"urlTemplate\":\"https:\/\/kgerad.de\/?s={search_term_string}\"},\"query-input\":{\"@type\":\"PropertyValueSpecification\",\"valueRequired\":true,\"valueName\":\"search_term_string\"}}],\"inLanguage\":\"en-US\"},{\"@type\":\"Organization\",\"@id\":\"https:\/\/kgerad.de\/#organization\",\"name\":\"MEINRADLADEN\",\"alternateName\":\"MEIN RADLADEN\",\"url\":\"https:\/\/kgerad.de\/\",\"logo\":{\"@type\":\"ImageObject\",\"inLanguage\":\"en-US\",\"@id\":\"https:\/\/kgerad.de\/#\/schema\/logo\/image\/\",\"url\":\"https:\/\/kgerad.de\/wp-content\/uploads\/2025\/07\/logo-Whit.svg\",\"contentUrl\":\"https:\/\/kgerad.de\/wp-content\/uploads\/2025\/07\/logo-Whit.svg\",\"width\":1640,\"height\":371,\"caption\":\"MEINRADLADEN\"},\"image\":{\"@id\":\"https:\/\/kgerad.de\/#\/schema\/logo\/image\/\"}}]}<\/script>\n<!-- \/ Yoast SEO Premium plugin. -->","yoast_head_json":{"title":"HARDTAIL MTB CANNONDALE TRAIL 7 27,5 SHIMANO GR\u00dcN","description":"Entdecken Sie unseren Online-Fahrradladen: Gro\u00dfe Auswahl an Modellen f\u00fcr alle Radsportbegeisterten. Von Rennr\u00e4dern bis zu Mountainbikes - finden Sie heute Ihren perfekten Wegbegleiter!","robots":{"index":"index","follow":"follow","max-snippet":"max-snippet:-1","max-image-preview":"max-image-preview:large","max-video-preview":"max-video-preview:-1"},"canonical":"https:\/\/kgerad.de\/en\/product\/hardtail-mtb-cannondale-trail-7-275-shimano-gruen\/","og_locale":"en_US","og_type":"article","og_title":"HARDTAIL MTB CANNONDALE TRAIL 7 27,5 SHIMANO GR\u00dcN","og_description":"Entdecken Sie unseren Online-Fahrradladen: Gro\u00dfe Auswahl an Modellen f\u00fcr alle Radsportbegeisterten. Von Rennr\u00e4dern bis zu Mountainbikes - finden Sie heute Ihren perfekten Wegbegleiter!","og_url":"https:\/\/kgerad.de\/en\/product\/hardtail-mtb-cannondale-trail-7-275-shimano-gruen\/","og_site_name":"kgerad.de","article_modified_time":"2023-08-10T13:14:35+00:00","og_image":[{"width":600,"height":408,"url":"https:\/\/kgerad.de\/wp-content\/uploads\/2023\/06\/HARDTAIL-MTB-CANNONDALE-TRAIL-7-275-SHIMANO-ACERA-ALTUS-9V-275-GRUeN.jpg","type":"image\/jpeg"}],"twitter_card":"summary_large_image","twitter_misc":{"Est. reading time":"3 minutes"},"schema":{"@context":"https:\/\/schema.org","@graph":[{"@type":"WebPage","@id":"https:\/\/kgerad.de\/produkt\/hardtail-mtb-cannondale-trail-7-275-shimano-gruen\/","url":"https:\/\/kgerad.de\/produkt\/hardtail-mtb-cannondale-trail-7-275-shimano-gruen\/","name":"HARDTAIL MTB CANNONDALE TRAIL 7 27,5 SHIMANO GR\u00dcN","isPartOf":{"@id":"https:\/\/kgerad.de\/#website"},"primaryImageOfPage":{"@id":"https:\/\/kgerad.de\/produkt\/hardtail-mtb-cannondale-trail-7-275-shimano-gruen\/#primaryimage"},"image":{"@id":"https:\/\/kgerad.de\/produkt\/hardtail-mtb-cannondale-trail-7-275-shimano-gruen\/#primaryimage"},"thumbnailUrl":"https:\/\/kgerad.de\/wp-content\/uploads\/2023\/06\/HARDTAIL-MTB-CANNONDALE-TRAIL-7-275-SHIMANO-ACERA-ALTUS-9V-275-GRUeN.jpg","datePublished":"2022-07-28T18:44:29+00:00","dateModified":"2023-08-10T13:14:35+00:00","description":"Entdecken Sie unseren Online-Fahrradladen: Gro\u00dfe Auswahl an Modellen f\u00fcr alle Radsportbegeisterten. Von Rennr\u00e4dern bis zu Mountainbikes - finden Sie heute Ihren perfekten Wegbegleiter!","breadcrumb":{"@id":"https:\/\/kgerad.de\/produkt\/hardtail-mtb-cannondale-trail-7-275-shimano-gruen\/#breadcrumb"},"inLanguage":"en-US","potentialAction":[{"@type":"ReadAction","target":["https:\/\/kgerad.de\/produkt\/hardtail-mtb-cannondale-trail-7-275-shimano-gruen\/"]}]},{"@type":"ImageObject","inLanguage":"en-US","@id":"https:\/\/kgerad.de\/produkt\/hardtail-mtb-cannondale-trail-7-275-shimano-gruen\/#primaryimage","url":"https:\/\/kgerad.de\/wp-content\/uploads\/2023\/06\/HARDTAIL-MTB-CANNONDALE-TRAIL-7-275-SHIMANO-ACERA-ALTUS-9V-275-GRUeN.jpg","contentUrl":"https:\/\/kgerad.de\/wp-content\/uploads\/2023\/06\/HARDTAIL-MTB-CANNONDALE-TRAIL-7-275-SHIMANO-ACERA-ALTUS-9V-275-GRUeN.jpg","width":600,"height":408,"caption":"HARDTAIL MTB CANNONDALE TRAIL 7 27"},{"@type":"BreadcrumbList","@id":"https:\/\/kgerad.de\/produkt\/hardtail-mtb-cannondale-trail-7-275-shimano-gruen\/#breadcrumb","itemListElement":[{"@type":"ListItem","position":1,"name":"Startseite","item":"https:\/\/kgerad.de\/"},{"@type":"ListItem","position":2,"name":"LADEN","item":"https:\/\/kgerad.de\/laden\/"},{"@type":"ListItem","position":3,"name":"HARDTAIL MTB CANNONDALE TRAIL 7 27,5 SHIMANO GR\u00dcN"}]},{"@type":"WebSite","@id":"https:\/\/kgerad.de\/#website","url":"https:\/\/kgerad.de\/","name":"kgerad.de","description":"Treten Sie mit uns ins Abenteuer!","publisher":{"@id":"https:\/\/kgerad.de\/#organization"},"alternateName":"MEIN RADLADEN","potentialAction":[{"@type":"SearchAction","target":{"@type":"EntryPoint","urlTemplate":"https:\/\/kgerad.de\/?s={search_term_string}"},"query-input":{"@type":"PropertyValueSpecification","valueRequired":true,"valueName":"search_term_string"}}],"inLanguage":"en-US"},{"@type":"Organization","@id":"https:\/\/kgerad.de\/#organization","name":"MEINRADLADEN","alternateName":"MEIN RADLADEN","url":"https:\/\/kgerad.de\/","logo":{"@type":"ImageObject","inLanguage":"en-US","@id":"https:\/\/kgerad.de\/#\/schema\/logo\/image\/","url":"https:\/\/kgerad.de\/wp-content\/uploads\/2025\/07\/logo-Whit.svg","contentUrl":"https:\/\/kgerad.de\/wp-content\/uploads\/2025\/07\/logo-Whit.svg","width":1640,"height":371,"caption":"MEINRADLADEN"},"image":{"@id":"https:\/\/kgerad.de\/#\/schema\/logo\/image\/"}}]}},"_links":{"self":[{"href":"https:\/\/kgerad.de\/en\/wp-json\/wp\/v2\/product\/11616","targetHints":{"allow":["GET"]}}],"collection":[{"href":"https:\/\/kgerad.de\/en\/wp-json\/wp\/v2\/product"}],"about":[{"href":"https:\/\/kgerad.de\/en\/wp-json\/wp\/v2\/types\/product"}],"replies":[{"embeddable":true,"href":"https:\/\/kgerad.de\/en\/wp-json\/wp\/v2\/comments?post=11616"}],"version-history":[{"count":1,"href":"https:\/\/kgerad.de\/en\/wp-json\/wp\/v2\/product\/11616\/revisions"}],"predecessor-version":[{"id":78445,"href":"https:\/\/kgerad.de\/en\/wp-json\/wp\/v2\/product\/11616\/revisions\/78445"}],"wp:featuredmedia":[{"embeddable":true,"href":"https:\/\/kgerad.de\/en\/wp-json\/wp\/v2\/media\/60576"}],"wp:attachment":[{"href":"https:\/\/kgerad.de\/en\/wp-json\/wp\/v2\/media?parent=11616"}],"wp:term":[{"taxonomy":"product_brand","embeddable":true,"href":"https:\/\/kgerad.de\/en\/wp-json\/wp\/v2\/product_brand?post=11616"},{"taxonomy":"product_cat","embeddable":true,"href":"https:\/\/kgerad.de\/en\/wp-json\/wp\/v2\/product_cat?post=11616"},{"taxonomy":"product_tag","embeddable":true,"href":"https:\/\/kgerad.de\/en\/wp-json\/wp\/v2\/product_tag?post=11616"}],"curies":[{"name":"wp","href":"https:\/\/api.w.org\/{rel}","templated":true}]}}