{"id":11610,"date":"2022-07-28T20:19:31","date_gmt":"2022-07-28T18:19:31","guid":{"rendered":"https:\/\/kgerad.de\/?post_type=product&#038;p=11610"},"modified":"2023-08-10T15:27:44","modified_gmt":"2023-08-10T13:27:44","slug":"santa-cruz-hightower-r-full-suspension-mtb-black","status":"publish","type":"product","link":"https:\/\/kgerad.de\/en\/product\/santa-cruz-hightower-r-full-suspension-mtb-black\/","title":{"rendered":"SANTA CRUZ HIGHTOWER R FULL SUSPENSION MTB BLACK"},"content":{"rendered":"<div id=\"product-header-order-name\" class=\"col-lg-20 col-md-20 col-sm-20 col-xs-20\">\n<h2 class=\"heading-title-text\">SANTA CRUZ HIGHTOWER R FULL SUSPENSION MTB SRAM NX EAGLE 12V 29&#8220; BLACK GLOSS 2022<\/h2>\n<\/div>\n<div id=\"product-header-order-form\" class=\"js-reload-on-event col-lg-20 col-md-20 col-sm-20 col-xs-20\" data-to-watch=\"body\" data-event=\"alltricks:cartChanged\" data-url=\"\/ajax\/product\/ajouter\/F-11947-velos-complets-vtt\/P-2229915-santa_cruz_hightower_r_full_suspension_mtb_sram_nx_eagle_12v_29___black_gloss_2022\">\n<div class=\"col col-sm-12 col-md-12 col-lg-12\">\n<p>Agiler als sein gro\u00dfer Bruder Megatower und steiler als sein Cousin Tallboy, gl\u00e4nzt das\u00a0<strong>Hightower<\/strong>\u00a0, wenn der eingeschlagene Weg das Beste aus beiden Welten vereint und die sch\u00f6nsten Abfahrten mit langen Anstiegen erkauft werden. Die VPP-?Unterlenker?-Aufh\u00e4ngung bietet eine ziemlich lineare D\u00e4mpfungskurve, was bedeutet, dass sie jeden Sto\u00df schluckt, w\u00e4hrend sie eine Progressivit\u00e4t beibeh\u00e4lt, die normalerweise dem Downhill-Bike, dem V10, vorbehalten ist.<\/p>\n<p>145?mm Federweg am Heck kombiniert mit 150?mm an der Front lassen das Hightower im Vergleich zur ersten Generation einen weiteren Schritt in Sachen Kapazit\u00e4t machen. Verbunden mit einem eher liegenden Lenkeinschlag von 65,3\u00b0 bewegt sich der Hightower noch in einer relativen Komfortzone mit einem gewissen Wahnsinns-Touch, wenn es mal angespannter wird.<\/p>\n<p>Der\u00a0<strong>Hightower<\/strong>\u00a0hat auch den ber\u00fchmten ?Flip-Chip?. In der hohen Position steigt das Tretlager an, ideal f\u00fcr technische und felsige Pfade und\/oder wenn Sie Plus-Reifen verwenden. In der niedrigen Position ist die D\u00e4mpfungskurve progressiver, um am Ende des Hubs noch mehr Widerstand zu bieten.<\/p>\n<\/div>\n<div class=\"prodsheet_bullets col col-sm-8 col-md-8 col-lg-8\">\n<h4>DAS + PRODUKT:<\/h4>\n<ul>\n<li>Santa Cruz Hightower-Aluminiumrahmen.<\/li>\n<li>RockShox Yari RC-Gabel, 150 mm.<\/li>\n<li>FOX Float Performance DPS-D\u00e4mpfer.<\/li>\n<li>Sram NX Eagle 1&#215;12-Gang-Gruppe.<\/li>\n<li>Sram G2 180\/180 mm Bremsen.<\/li>\n<\/ul>\n<\/div>\n<div class=\"prodsheet_specs1 col col-sm-12 col-md-12 col-lg-12\">\n<h4>EINZELHEITEN :<\/h4>\n<table class=\"table table-striped\">\n<tbody>\n<tr>\n<td>einstellen<\/td>\n<td>R \/ Aluminium<\/td>\n<\/tr>\n<tr>\n<td>Rahmen<\/td>\n<td>Aluminium: Santa Cruz Hightower 29&#8220; Kit R<\/td>\n<\/tr>\n<tr>\n<td>Gabel<\/td>\n<td>RockShox Yari RC, 150 mm, 29 Zoll<\/td>\n<\/tr>\n<tr>\n<td>Sto\u00dfd\u00e4mpfer<\/td>\n<td>FOX Float Performance DPS<\/td>\n<\/tr>\n<tr>\n<td>Umwerferhebel<\/td>\n<td>Sram NX Eagle 1&#215;12-fach<\/td>\n<\/tr>\n<tr>\n<td>Schaltwerk<\/td>\n<td>Sram NX Eagle 12-Gang<\/td>\n<\/tr>\n<tr>\n<td>Kassette<\/td>\n<td>Sram PG1230, 12-fach, 11-50 Z\u00e4hne<\/td>\n<\/tr>\n<tr>\n<td>Kette<\/td>\n<td>Sram NX Eagle<\/td>\n<\/tr>\n<tr>\n<td>Pedalboard<\/td>\n<td>Sram Descendant Eagle DUB 30 Z\u00e4hne<\/td>\n<\/tr>\n<tr>\n<td>Tretlager<\/td>\n<td>Sram DUB 68\/73 mm<\/td>\n<\/tr>\n<tr>\n<td>Bremsen<\/td>\n<td>Sram G2 R \/ Avid Mittellinie 180\/180 mm<\/td>\n<\/tr>\n<tr>\n<td>R\u00e4der<\/td>\n<td>RaceFace AR Offset 30 29&#8243;-Felgen<\/td>\n<\/tr>\n<tr>\n<td>Naben<\/td>\n<td>F: Sram MTH 716, 15&#215;110, Drehmomentkappe, 32h \/ R: Sram MTH 746, 12&#215;148, 32h<\/td>\n<\/tr>\n<tr>\n<td>Reifen<\/td>\n<td>F: Maxxis Minion DHR II 29&#8243;x2.4&#8243;, 3C, MaxxGRIP, EXO, TR \/ R: Maxxis Minion DHR 29&#8243;x2.4&#8243;, 3C, EXO, MaxxTerra<\/td>\n<\/tr>\n<tr>\n<td>Lenker<\/td>\n<td>RaceFace Aeffect R<\/td>\n<\/tr>\n<tr>\n<td>Griffe<\/td>\n<td>Santa Cruz House Griffe gold Burgtec Bartender Pro Grip Minnaar<\/td>\n<\/tr>\n<tr>\n<td>Stengel<\/td>\n<td>Burgtec Enduro MK3, 42,5 mm<\/td>\n<\/tr>\n<tr>\n<td>Headset<\/td>\n<td>Cane Creek 10 IS Integrierter Steuersatz<\/td>\n<\/tr>\n<tr>\n<td>Sattel<\/td>\n<td>WTB Silverado Rennsattel oder WTB Volt<\/td>\n<\/tr>\n<tr>\n<td>Sattelstiel<\/td>\n<td>SDG Tellis<\/td>\n<\/tr>\n<tr>\n<td>Gewicht<\/td>\n<td>15,48 kg<\/td>\n<\/tr>\n<tr>\n<td>Farben<\/td>\n<td>Glanzkohle<\/td>\n<\/tr>\n<\/tbody>\n<\/table>\n<\/div>\n<div class=\"prodsheet_specs2 col col-sm-8 col-md-8 col-lg-8\">\n<h4>GEOMETRIEN:<\/h4>\n<p><strong>Hohe Position:<\/strong>\u00a0<img decoding=\"async\" src=\"http:\/\/media1.alltricks.fr\/ckfinder\/images\/cube_Full-Suspension_geo_en.jpg\" \/><\/p>\n<table class=\"table table-striped\">\n<tbody>\n<tr>\n<th>Rahmengr\u00f6\u00dfe<\/th>\n<th>S<\/th>\n<th>M<\/th>\n<th>L<\/th>\n<th>XL<\/th>\n<th>XXL<\/th>\n<\/tr>\n<\/tbody>\n<tbody>\n<tr>\n<td>Sitzrohr (mm)<\/td>\n<td>380<\/td>\n<td>405<\/td>\n<td>430<\/td>\n<td>460<\/td>\n<td>500<\/td>\n<\/tr>\n<tr>\n<td>Oberrohr (mm)<\/td>\n<td>566<\/td>\n<td>594<\/td>\n<td>618<\/td>\n<td>645<\/td>\n<td>679<\/td>\n<\/tr>\n<tr>\n<td>Basisl\u00e4nge (mm)<\/td>\n<td>433<\/td>\n<td>433<\/td>\n<td>433<\/td>\n<td>433<\/td>\n<td>439<\/td>\n<\/tr>\n<tr>\n<td>Steuerrohr (mm)<\/td>\n<td>90<\/td>\n<td>100<\/td>\n<td>110<\/td>\n<td>130<\/td>\n<td>155<\/td>\n<\/tr>\n<tr>\n<td>Lenkwinkel (\u00b0)<\/td>\n<td>65.5<\/td>\n<td>65.5<\/td>\n<td>65.5<\/td>\n<td>65.5<\/td>\n<td>65.5<\/td>\n<\/tr>\n<tr>\n<td>Sitzrohrwinkel (\u00b0)<\/td>\n<td>77.1<\/td>\n<td>77<\/td>\n<td>76.8<\/td>\n<td>76.6<\/td>\n<td>76.3<\/td>\n<\/tr>\n<tr>\n<td>Radstand (mm)<\/td>\n<td>1178<\/td>\n<td>1207<\/td>\n<td>1231<\/td>\n<td>1260<\/td>\n<td>1301<\/td>\n<\/tr>\n<tr>\n<td>Stapel (mm)<\/td>\n<td>601<\/td>\n<td>610<\/td>\n<td>619<\/td>\n<td>637<\/td>\n<td>660<\/td>\n<\/tr>\n<tr>\n<td>Reichweite (mm)<\/td>\n<td>428<\/td>\n<td>453<\/td>\n<td>473<\/td>\n<td>493<\/td>\n<td>518<\/td>\n<\/tr>\n<\/tbody>\n<\/table>\n<\/div>\n<\/div>","protected":false},"excerpt":{"rendered":"<div class=\"col-lg-14 col-md-14 col-sm-14 col-xs-20\"><\/div>\n<div id=\"product-specifications-table\" class=\"col-lg-20 col-md-20 col-sm-20 col-xs-20\">\n<table class=\"table table-striped\">\n<tbody>\n<tr>\n<td class=\"spec-name\">Geschlecht<\/td>\n<td class=\"spec-value\">Herren<\/td>\n<\/tr>\n<tr>\n<td class=\"spec-name\">Gruppe<\/td>\n<td class=\"spec-value\">Sram NX Eagle 12V<\/td>\n<\/tr>\n<tr>\n<td class=\"spec-name\">collection<\/td>\n<td class=\"spec-value\">2022<\/td>\n<\/tr>\n<tr>\n<td class=\"spec-name\">decimal weight<\/td>\n<td class=\"spec-value\">15.48<\/td>\n<\/tr>\n<\/tbody>\n<\/table>\n<\/div>","protected":false},"featured_media":60575,"comment_status":"open","ping_status":"closed","template":"","meta":[],"product_brand":[],"product_cat":[783],"product_tag":[],"class_list":{"0":"post-11610","1":"product","2":"type-product","3":"status-publish","4":"has-post-thumbnail","6":"product_cat-accessories","7":"pa_marke-santa-cruz","9":"first","10":"instock","11":"taxable","12":"shipping-taxable","13":"purchasable","14":"product-type-variable"},"yoast_head":"<!-- This site is optimized with the Yoast SEO Premium plugin v20.12 (Yoast SEO v27.1.1) - https:\/\/yoast.com\/product\/yoast-seo-premium-wordpress\/ -->\n<title>SANTA CRUZ HIGHTOWER R FULL SUSPENSION MTB BLACK<\/title>\n<meta name=\"description\" content=\"Entdecken Sie unseren Online-Fahrradladen: Gro\u00dfe Auswahl an Modellen f\u00fcr alle Radsportbegeisterten. Von Rennr\u00e4dern bis zu Mountainbikes - finden Sie heute Ihren perfekten Wegbegleiter!\" \/>\n<meta name=\"robots\" content=\"index, follow, max-snippet:-1, max-image-preview:large, max-video-preview:-1\" \/>\n<link rel=\"canonical\" href=\"https:\/\/kgerad.de\/en\/product\/santa-cruz-hightower-r-full-suspension-mtb-black\/\" \/>\n<meta property=\"og:locale\" content=\"en_US\" \/>\n<meta property=\"og:type\" content=\"article\" \/>\n<meta property=\"og:title\" content=\"SANTA CRUZ HIGHTOWER R FULL SUSPENSION MTB BLACK\" \/>\n<meta property=\"og:description\" content=\"Entdecken Sie unseren Online-Fahrradladen: Gro\u00dfe Auswahl an Modellen f\u00fcr alle Radsportbegeisterten. Von Rennr\u00e4dern bis zu Mountainbikes - finden Sie heute Ihren perfekten Wegbegleiter!\" \/>\n<meta property=\"og:url\" content=\"https:\/\/kgerad.de\/en\/product\/santa-cruz-hightower-r-full-suspension-mtb-black\/\" \/>\n<meta property=\"og:site_name\" content=\"kgerad.de\" \/>\n<meta property=\"article:modified_time\" content=\"2023-08-10T13:27:44+00:00\" \/>\n<meta property=\"og:image\" content=\"https:\/\/kgerad.de\/wp-content\/uploads\/2023\/06\/SANTA-CRUZ-HIGHTOWER-R-FULL-SUSPENSION-MTB-SRAM-NX-EAGLE-12V-29-BLACK-GLOSS-2022.jpg\" \/>\n\t<meta property=\"og:image:width\" content=\"600\" \/>\n\t<meta property=\"og:image:height\" content=\"408\" \/>\n\t<meta property=\"og:image:type\" content=\"image\/jpeg\" \/>\n<meta name=\"twitter:card\" content=\"summary_large_image\" \/>\n<meta name=\"twitter:label1\" content=\"Est. reading time\" \/>\n\t<meta name=\"twitter:data1\" content=\"3 minutes\" \/>\n<script type=\"application\/ld+json\" class=\"yoast-schema-graph\">{\"@context\":\"https:\/\/schema.org\",\"@graph\":[{\"@type\":\"WebPage\",\"@id\":\"https:\/\/kgerad.de\/produkt\/santa-cruz-hightower-r-full-suspension-mtb-black\/\",\"url\":\"https:\/\/kgerad.de\/produkt\/santa-cruz-hightower-r-full-suspension-mtb-black\/\",\"name\":\"SANTA CRUZ HIGHTOWER R FULL SUSPENSION MTB BLACK\",\"isPartOf\":{\"@id\":\"https:\/\/kgerad.de\/#website\"},\"primaryImageOfPage\":{\"@id\":\"https:\/\/kgerad.de\/produkt\/santa-cruz-hightower-r-full-suspension-mtb-black\/#primaryimage\"},\"image\":{\"@id\":\"https:\/\/kgerad.de\/produkt\/santa-cruz-hightower-r-full-suspension-mtb-black\/#primaryimage\"},\"thumbnailUrl\":\"https:\/\/kgerad.de\/wp-content\/uploads\/2023\/06\/SANTA-CRUZ-HIGHTOWER-R-FULL-SUSPENSION-MTB-SRAM-NX-EAGLE-12V-29-BLACK-GLOSS-2022.jpg\",\"datePublished\":\"2022-07-28T18:19:31+00:00\",\"dateModified\":\"2023-08-10T13:27:44+00:00\",\"description\":\"Entdecken Sie unseren Online-Fahrradladen: Gro\u00dfe Auswahl an Modellen f\u00fcr alle Radsportbegeisterten. Von Rennr\u00e4dern bis zu Mountainbikes - finden Sie heute Ihren perfekten Wegbegleiter!\",\"breadcrumb\":{\"@id\":\"https:\/\/kgerad.de\/produkt\/santa-cruz-hightower-r-full-suspension-mtb-black\/#breadcrumb\"},\"inLanguage\":\"en-US\",\"potentialAction\":[{\"@type\":\"ReadAction\",\"target\":[\"https:\/\/kgerad.de\/produkt\/santa-cruz-hightower-r-full-suspension-mtb-black\/\"]}]},{\"@type\":\"ImageObject\",\"inLanguage\":\"en-US\",\"@id\":\"https:\/\/kgerad.de\/produkt\/santa-cruz-hightower-r-full-suspension-mtb-black\/#primaryimage\",\"url\":\"https:\/\/kgerad.de\/wp-content\/uploads\/2023\/06\/SANTA-CRUZ-HIGHTOWER-R-FULL-SUSPENSION-MTB-SRAM-NX-EAGLE-12V-29-BLACK-GLOSS-2022.jpg\",\"contentUrl\":\"https:\/\/kgerad.de\/wp-content\/uploads\/2023\/06\/SANTA-CRUZ-HIGHTOWER-R-FULL-SUSPENSION-MTB-SRAM-NX-EAGLE-12V-29-BLACK-GLOSS-2022.jpg\",\"width\":600,\"height\":408,\"caption\":\"SANTA CRUZ HIGHTOWER R FULL SUSPENSION MTB SRAM NX EAGLE 12V 29'' BLACK GLOSS 2022\"},{\"@type\":\"BreadcrumbList\",\"@id\":\"https:\/\/kgerad.de\/produkt\/santa-cruz-hightower-r-full-suspension-mtb-black\/#breadcrumb\",\"itemListElement\":[{\"@type\":\"ListItem\",\"position\":1,\"name\":\"Startseite\",\"item\":\"https:\/\/kgerad.de\/\"},{\"@type\":\"ListItem\",\"position\":2,\"name\":\"LADEN\",\"item\":\"https:\/\/kgerad.de\/laden\/\"},{\"@type\":\"ListItem\",\"position\":3,\"name\":\"SANTA CRUZ HIGHTOWER R FULL SUSPENSION MTB BLACK\"}]},{\"@type\":\"WebSite\",\"@id\":\"https:\/\/kgerad.de\/#website\",\"url\":\"https:\/\/kgerad.de\/\",\"name\":\"kgerad.de\",\"description\":\"Treten Sie mit uns ins Abenteuer!\",\"publisher\":{\"@id\":\"https:\/\/kgerad.de\/#organization\"},\"alternateName\":\"MEIN RADLADEN\",\"potentialAction\":[{\"@type\":\"SearchAction\",\"target\":{\"@type\":\"EntryPoint\",\"urlTemplate\":\"https:\/\/kgerad.de\/?s={search_term_string}\"},\"query-input\":{\"@type\":\"PropertyValueSpecification\",\"valueRequired\":true,\"valueName\":\"search_term_string\"}}],\"inLanguage\":\"en-US\"},{\"@type\":\"Organization\",\"@id\":\"https:\/\/kgerad.de\/#organization\",\"name\":\"MEINRADLADEN\",\"alternateName\":\"MEIN RADLADEN\",\"url\":\"https:\/\/kgerad.de\/\",\"logo\":{\"@type\":\"ImageObject\",\"inLanguage\":\"en-US\",\"@id\":\"https:\/\/kgerad.de\/#\/schema\/logo\/image\/\",\"url\":\"https:\/\/kgerad.de\/wp-content\/uploads\/2025\/07\/logo-Whit.svg\",\"contentUrl\":\"https:\/\/kgerad.de\/wp-content\/uploads\/2025\/07\/logo-Whit.svg\",\"width\":1640,\"height\":371,\"caption\":\"MEINRADLADEN\"},\"image\":{\"@id\":\"https:\/\/kgerad.de\/#\/schema\/logo\/image\/\"}}]}<\/script>\n<!-- \/ Yoast SEO Premium plugin. -->","yoast_head_json":{"title":"SANTA CRUZ HIGHTOWER R FULL SUSPENSION MTB BLACK","description":"Entdecken Sie unseren Online-Fahrradladen: Gro\u00dfe Auswahl an Modellen f\u00fcr alle Radsportbegeisterten. Von Rennr\u00e4dern bis zu Mountainbikes - finden Sie heute Ihren perfekten Wegbegleiter!","robots":{"index":"index","follow":"follow","max-snippet":"max-snippet:-1","max-image-preview":"max-image-preview:large","max-video-preview":"max-video-preview:-1"},"canonical":"https:\/\/kgerad.de\/en\/product\/santa-cruz-hightower-r-full-suspension-mtb-black\/","og_locale":"en_US","og_type":"article","og_title":"SANTA CRUZ HIGHTOWER R FULL SUSPENSION MTB BLACK","og_description":"Entdecken Sie unseren Online-Fahrradladen: Gro\u00dfe Auswahl an Modellen f\u00fcr alle Radsportbegeisterten. Von Rennr\u00e4dern bis zu Mountainbikes - finden Sie heute Ihren perfekten Wegbegleiter!","og_url":"https:\/\/kgerad.de\/en\/product\/santa-cruz-hightower-r-full-suspension-mtb-black\/","og_site_name":"kgerad.de","article_modified_time":"2023-08-10T13:27:44+00:00","og_image":[{"width":600,"height":408,"url":"https:\/\/kgerad.de\/wp-content\/uploads\/2023\/06\/SANTA-CRUZ-HIGHTOWER-R-FULL-SUSPENSION-MTB-SRAM-NX-EAGLE-12V-29-BLACK-GLOSS-2022.jpg","type":"image\/jpeg"}],"twitter_card":"summary_large_image","twitter_misc":{"Est. reading time":"3 minutes"},"schema":{"@context":"https:\/\/schema.org","@graph":[{"@type":"WebPage","@id":"https:\/\/kgerad.de\/produkt\/santa-cruz-hightower-r-full-suspension-mtb-black\/","url":"https:\/\/kgerad.de\/produkt\/santa-cruz-hightower-r-full-suspension-mtb-black\/","name":"SANTA CRUZ HIGHTOWER R FULL SUSPENSION MTB BLACK","isPartOf":{"@id":"https:\/\/kgerad.de\/#website"},"primaryImageOfPage":{"@id":"https:\/\/kgerad.de\/produkt\/santa-cruz-hightower-r-full-suspension-mtb-black\/#primaryimage"},"image":{"@id":"https:\/\/kgerad.de\/produkt\/santa-cruz-hightower-r-full-suspension-mtb-black\/#primaryimage"},"thumbnailUrl":"https:\/\/kgerad.de\/wp-content\/uploads\/2023\/06\/SANTA-CRUZ-HIGHTOWER-R-FULL-SUSPENSION-MTB-SRAM-NX-EAGLE-12V-29-BLACK-GLOSS-2022.jpg","datePublished":"2022-07-28T18:19:31+00:00","dateModified":"2023-08-10T13:27:44+00:00","description":"Entdecken Sie unseren Online-Fahrradladen: Gro\u00dfe Auswahl an Modellen f\u00fcr alle Radsportbegeisterten. Von Rennr\u00e4dern bis zu Mountainbikes - finden Sie heute Ihren perfekten Wegbegleiter!","breadcrumb":{"@id":"https:\/\/kgerad.de\/produkt\/santa-cruz-hightower-r-full-suspension-mtb-black\/#breadcrumb"},"inLanguage":"en-US","potentialAction":[{"@type":"ReadAction","target":["https:\/\/kgerad.de\/produkt\/santa-cruz-hightower-r-full-suspension-mtb-black\/"]}]},{"@type":"ImageObject","inLanguage":"en-US","@id":"https:\/\/kgerad.de\/produkt\/santa-cruz-hightower-r-full-suspension-mtb-black\/#primaryimage","url":"https:\/\/kgerad.de\/wp-content\/uploads\/2023\/06\/SANTA-CRUZ-HIGHTOWER-R-FULL-SUSPENSION-MTB-SRAM-NX-EAGLE-12V-29-BLACK-GLOSS-2022.jpg","contentUrl":"https:\/\/kgerad.de\/wp-content\/uploads\/2023\/06\/SANTA-CRUZ-HIGHTOWER-R-FULL-SUSPENSION-MTB-SRAM-NX-EAGLE-12V-29-BLACK-GLOSS-2022.jpg","width":600,"height":408,"caption":"SANTA CRUZ HIGHTOWER R FULL SUSPENSION MTB SRAM NX EAGLE 12V 29'' BLACK GLOSS 2022"},{"@type":"BreadcrumbList","@id":"https:\/\/kgerad.de\/produkt\/santa-cruz-hightower-r-full-suspension-mtb-black\/#breadcrumb","itemListElement":[{"@type":"ListItem","position":1,"name":"Startseite","item":"https:\/\/kgerad.de\/"},{"@type":"ListItem","position":2,"name":"LADEN","item":"https:\/\/kgerad.de\/laden\/"},{"@type":"ListItem","position":3,"name":"SANTA CRUZ HIGHTOWER R FULL SUSPENSION MTB BLACK"}]},{"@type":"WebSite","@id":"https:\/\/kgerad.de\/#website","url":"https:\/\/kgerad.de\/","name":"kgerad.de","description":"Treten Sie mit uns ins Abenteuer!","publisher":{"@id":"https:\/\/kgerad.de\/#organization"},"alternateName":"MEIN RADLADEN","potentialAction":[{"@type":"SearchAction","target":{"@type":"EntryPoint","urlTemplate":"https:\/\/kgerad.de\/?s={search_term_string}"},"query-input":{"@type":"PropertyValueSpecification","valueRequired":true,"valueName":"search_term_string"}}],"inLanguage":"en-US"},{"@type":"Organization","@id":"https:\/\/kgerad.de\/#organization","name":"MEINRADLADEN","alternateName":"MEIN RADLADEN","url":"https:\/\/kgerad.de\/","logo":{"@type":"ImageObject","inLanguage":"en-US","@id":"https:\/\/kgerad.de\/#\/schema\/logo\/image\/","url":"https:\/\/kgerad.de\/wp-content\/uploads\/2025\/07\/logo-Whit.svg","contentUrl":"https:\/\/kgerad.de\/wp-content\/uploads\/2025\/07\/logo-Whit.svg","width":1640,"height":371,"caption":"MEINRADLADEN"},"image":{"@id":"https:\/\/kgerad.de\/#\/schema\/logo\/image\/"}}]}},"_links":{"self":[{"href":"https:\/\/kgerad.de\/en\/wp-json\/wp\/v2\/product\/11610","targetHints":{"allow":["GET"]}}],"collection":[{"href":"https:\/\/kgerad.de\/en\/wp-json\/wp\/v2\/product"}],"about":[{"href":"https:\/\/kgerad.de\/en\/wp-json\/wp\/v2\/types\/product"}],"replies":[{"embeddable":true,"href":"https:\/\/kgerad.de\/en\/wp-json\/wp\/v2\/comments?post=11610"}],"version-history":[{"count":1,"href":"https:\/\/kgerad.de\/en\/wp-json\/wp\/v2\/product\/11610\/revisions"}],"predecessor-version":[{"id":78448,"href":"https:\/\/kgerad.de\/en\/wp-json\/wp\/v2\/product\/11610\/revisions\/78448"}],"wp:featuredmedia":[{"embeddable":true,"href":"https:\/\/kgerad.de\/en\/wp-json\/wp\/v2\/media\/60575"}],"wp:attachment":[{"href":"https:\/\/kgerad.de\/en\/wp-json\/wp\/v2\/media?parent=11610"}],"wp:term":[{"taxonomy":"product_brand","embeddable":true,"href":"https:\/\/kgerad.de\/en\/wp-json\/wp\/v2\/product_brand?post=11610"},{"taxonomy":"product_cat","embeddable":true,"href":"https:\/\/kgerad.de\/en\/wp-json\/wp\/v2\/product_cat?post=11610"},{"taxonomy":"product_tag","embeddable":true,"href":"https:\/\/kgerad.de\/en\/wp-json\/wp\/v2\/product_tag?post=11610"}],"curies":[{"name":"wp","href":"https:\/\/api.w.org\/{rel}","templated":true}]}}