{"id":11314,"date":"2022-07-27T14:05:06","date_gmt":"2022-07-27T12:05:06","guid":{"rendered":"https:\/\/kgerad.de\/?post_type=product&#038;p=11314"},"modified":"2024-11-13T14:35:15","modified_gmt":"2024-11-13T13:35:15","slug":"cannondale-scalpel-full-carbon-2-29-graphit-2021","status":"publish","type":"product","link":"https:\/\/kgerad.de\/en\/product\/cannondale-scalpel-full-carbon-2-29-graphit-2021\/","title":{"rendered":"VOLLFEDERUNG MTB CANNONDALE SCALPEL FULL CARBON 2 29&#8220; SHIMANO XT 12V GRAPHIT 2021"},"content":{"rendered":"<h2>VOLLFEDERUNG MTB CANNONDALE SCALPEL CARBON 2 29&#8220; SHIMANO XT 12V GRAPHIT 2021<\/h2>\n<div class=\"col col-sm-12 col-md-12 col-lg-12\">\n<p>Schneller und zu Recht. Von Natur aus leichter. Sofort besser, das brandneue\u00a0<strong>Cannondale Scalpel Full<\/strong>\u00a0Suspension Mountainbike ist der beste Weg, um Ihre Leistung zu verbessern. Mit seiner progressiven Geometrie und der neuen FlexPivot-Federung erhalten Sie kinderleichte Traktion, beeindruckende Effizienz und unersch\u00fctterliche Kontrolle von Anfang bis Ende. Extrem schnell. Unglaublich lustig.<\/p>\n<\/div>\n<div class=\"prodsheet_bullets col col-sm-8 col-md-8 col-lg-8\">\n<h4>DAS + PRODUKT:<\/h4>\n<ul>\n<li>BallisTec Carbonrahmen mit 100mm Federweg.<\/li>\n<li>Shimano XT 1&#215;12 Geschwindigkeitsantrieb.<\/li>\n<li>Hydraulische Scheibenbremsen Shimano XT, 160\/160 mm.<\/li>\n<\/ul>\n<\/div>\n<div class=\"prodsheet_specs1 col col-sm-12 col-md-12 col-lg-12\">\n<h4>EINZELHEITEN:<\/h4>\n<table class=\"table table-striped\">\n<tbody>\n<tr>\n<td>Rahmen<\/td>\n<td>Carbon: Neuwertig, 100 mm Federweg, BallisTec Carbon, Proportional Response Tuned, FlexPivot Chainstay, PF30-83, konisches Steuerrohr, Speed Release 12 mm Steckachse, Ai Offset, Stash kompatibel<\/td>\n<\/tr>\n<tr>\n<td>Gabel<\/td>\n<td>Lefty Ocho, 100 mm, Kammerd\u00e4mpfer mit Fernverriegelung, OppO-Federsystem, konischer Gabelschaft, 55 mm Versatz<\/td>\n<\/tr>\n<tr>\n<td>D\u00e4mpfer<\/td>\n<td>Fox Float DPS Performance Elite EVOL, Fernverriegelung, einstellbarer R\u00fcckprall<\/td>\n<\/tr>\n<tr>\n<td>Headset<\/td>\n<td>Integrierte, 1-1 \/ 8 bis 1,5 &#8222;, abgedichtete Schr\u00e4gkugellager<\/td>\n<\/tr>\n<tr>\n<td>Galgen<\/td>\n<td>Cannondale 1, 7075 Legierung, 1-1 \/ 8 &#8222;, 31,8 mm, 7 \u00b0<\/td>\n<\/tr>\n<tr>\n<td>Lenker<\/td>\n<td>Cannondale 2 Flach, gesto\u00dfen 2014 Legierung, 31,8 mm, 3 \u00b0 Anstieg, 8 \u00b0 Schwenk, 760 mm<\/td>\n<\/tr>\n<tr>\n<td>Griffe<\/td>\n<td>ESI Chunky Silicone, 32 mm Durchmesser<\/td>\n<\/tr>\n<tr>\n<td>Umwerferhebel<\/td>\n<td>Shimano XT, 1&#215;12 Geschwindigkeit<\/td>\n<\/tr>\n<tr>\n<td>Schaltwerk<\/td>\n<td>Shimano XT, 12 Geschwindigkeit<\/td>\n<\/tr>\n<tr>\n<td>Kurbelgarnitur<\/td>\n<td>HollowGram, BB30a, OPI SpideRing, 34 Z\u00e4hne, Ai-Offset<\/td>\n<\/tr>\n<tr>\n<td>Tretlager<\/td>\n<td>Cannondale Alloy PressFit30<\/td>\n<\/tr>\n<tr>\n<td>Kette<\/td>\n<td>Shimano XT, 12 Geschwindigkeit<\/td>\n<\/tr>\n<tr>\n<td>Kassette<\/td>\n<td>Shimano XT, 10-51 Z\u00e4hne, 12 Geschwindigkeit<\/td>\n<\/tr>\n<tr>\n<td>Bremshebel<\/td>\n<td>Shimano XT<\/td>\n<\/tr>\n<tr>\n<td>Bremsen<\/td>\n<td>Shimano XT Hydraulikscheibe, 160\/160 mm XT Rotoren<\/td>\n<\/tr>\n<tr>\n<td>Sattel<\/td>\n<td>Prologo Dimension NDR, STN-Schienen<\/td>\n<\/tr>\n<tr>\n<td>Sattelschaft<\/td>\n<td>Cannondale 2, 7075 Legierung, 31,6 x 400 mm<\/td>\n<\/tr>\n<tr>\n<td>R\u00e4der<\/td>\n<td>HollowGram 25, Superleichter Hi-Impact-Carbon, 28h, 25 mm IW, schlauchlos<\/td>\n<\/tr>\n<tr>\n<td>Vorderradnabe<\/td>\n<td>Lefty 60<\/td>\n<\/tr>\n<tr>\n<td>Hinterradnabe<\/td>\n<td>DT Swiss, 12 x 148 mm<\/td>\n<\/tr>\n<tr>\n<td>Reifen<\/td>\n<td>(F) Schwalbe Racing Ray EVO, 29 x 2,25 &#8222;, SnakeSkin, Addix Speedgrip, schlauchlos,<br \/>\n(R) Schwalbe Racing Ralph EVO, 29 x 2,25 &#8222;, SnakeSkin, Addix Speed, schlauchlos bereit<\/td>\n<\/tr>\n<tr>\n<td>Gewicht<\/td>\n<td>&#8212;<\/td>\n<\/tr>\n<tr>\n<td>Farben<\/td>\n<td>Graphit<\/td>\n<\/tr>\n<\/tbody>\n<\/table>\n<\/div>\n<div class=\"prodsheet_specs2 col col-sm-8 col-md-8 col-lg-8\">\n<h4>GEOMETRIEN:<\/h4>\n<p><img decoding=\"async\" src=\"http:\/\/media1.alltricks.fr\/ckfinder\/images\/cube_Full-Suspension_geo_fr.jpg\" \/><\/p>\n<table class=\"table table-striped\">\n<tbody>\n<tr>\n<td>Rahmengr\u00f6\u00dfe<\/td>\n<td>S<\/td>\n<td>M<\/td>\n<td>L<\/td>\n<td>XL<\/td>\n<\/tr>\n<tr>\n<td>Sitzrohr (mm)<\/td>\n<td>430<\/td>\n<td>440<\/td>\n<td>480<\/td>\n<td>520<\/td>\n<\/tr>\n<tr>\n<td>Oberrohr (mm)<\/td>\n<td>576<\/td>\n<td>599<\/td>\n<td>622<\/td>\n<td>644<\/td>\n<\/tr>\n<tr>\n<td>Grundl\u00e4nge (mm)<\/td>\n<td>436<\/td>\n<td>436<\/td>\n<td>436<\/td>\n<td>436<\/td>\n<\/tr>\n<tr>\n<td>Lenkwinkel (\u00b0)<\/td>\n<td>68<\/td>\n<td>68<\/td>\n<td>68<\/td>\n<td>68<\/td>\n<\/tr>\n<tr>\n<td>Sitzrohrwinkel (\u00b0)<\/td>\n<td>74,5<\/td>\n<td>74,5<\/td>\n<td>74,5<\/td>\n<td>74,5<\/td>\n<\/tr>\n<tr>\n<td>Radstand (mm)<\/td>\n<td>1128<\/td>\n<td>1151<\/td>\n<td>1175<\/td>\n<td>1199<\/td>\n<\/tr>\n<tr>\n<td>Stapel (mm)<\/td>\n<td>582<\/td>\n<td>591<\/td>\n<td>601<\/td>\n<td>610<\/td>\n<\/tr>\n<tr>\n<td>Reichweite (mm)<\/td>\n<td>415<\/td>\n<td>435<\/td>\n<td>455<\/td>\n<td>475<\/td>\n<\/tr>\n<\/tbody>\n<\/table>\n<\/div>","protected":false},"excerpt":{"rendered":"<p>VOLLFEDERUNG MTB CANNONDALE SCALPEL CARBON 2 29&#8220; SHIMANO XT 12V GRAPHIT 2021 Schneller und zu Recht. Von Natur aus leichter.<\/p>","protected":false},"featured_media":60487,"comment_status":"open","ping_status":"closed","template":"","meta":[],"product_brand":[],"product_cat":[783],"product_tag":[],"class_list":{"0":"post-11314","1":"product","2":"type-product","3":"status-publish","4":"has-post-thumbnail","6":"product_cat-accessories","7":"pa_marke-cannondale","9":"first","10":"instock","11":"taxable","12":"shipping-taxable","13":"purchasable","14":"product-type-variable"},"yoast_head":"<!-- This site is optimized with the Yoast SEO Premium plugin v20.12 (Yoast SEO v27.1.1) - https:\/\/yoast.com\/product\/yoast-seo-premium-wordpress\/ -->\n<title>VOLLFEDERUNG MTB CANNONDALE SCALPEL FULL CARBON<\/title>\n<meta name=\"description\" content=\"Entdecken Sie unseren Online-Fahrradladen: Gro\u00dfe Auswahl an Modellen f\u00fcr alle Radsportbegeisterten. Von Rennr\u00e4dern bis zu Mountainbikes - finden Sie heute Ihren perfekten Wegbegleiter!\" \/>\n<meta name=\"robots\" content=\"index, follow, max-snippet:-1, max-image-preview:large, max-video-preview:-1\" \/>\n<link rel=\"canonical\" href=\"https:\/\/kgerad.de\/en\/product\/cannondale-scalpel-full-carbon-2-29-graphit-2021\/\" \/>\n<meta property=\"og:locale\" content=\"en_US\" \/>\n<meta property=\"og:type\" content=\"article\" \/>\n<meta property=\"og:title\" content=\"VOLLFEDERUNG MTB CANNONDALE SCALPEL FULL CARBON 2 29&#039;&#039; SHIMANO XT 12V GRAPHIT 2021\" \/>\n<meta property=\"og:description\" content=\"Entdecken Sie unseren Online-Fahrradladen: Gro\u00dfe Auswahl an Modellen f\u00fcr alle Radsportbegeisterten. Von Rennr\u00e4dern bis zu Mountainbikes - finden Sie heute Ihren perfekten Wegbegleiter!\" \/>\n<meta property=\"og:url\" content=\"https:\/\/kgerad.de\/en\/product\/cannondale-scalpel-full-carbon-2-29-graphit-2021\/\" \/>\n<meta property=\"og:site_name\" content=\"kgerad.de\" \/>\n<meta property=\"article:modified_time\" content=\"2024-11-13T13:35:15+00:00\" \/>\n<meta property=\"og:image\" content=\"https:\/\/kgerad.de\/wp-content\/uploads\/2023\/06\/VOLLFEDERUNG-MTB-CANNONDALE-SCALPEL-FULL-CARBON-2-29-SHIMANO-XT-12V-GRAPHIT-2021.jpg\" \/>\n\t<meta property=\"og:image:width\" content=\"600\" \/>\n\t<meta property=\"og:image:height\" content=\"408\" \/>\n\t<meta property=\"og:image:type\" content=\"image\/jpeg\" \/>\n<meta name=\"twitter:card\" content=\"summary_large_image\" \/>\n<meta name=\"twitter:label1\" content=\"Est. reading time\" \/>\n\t<meta name=\"twitter:data1\" content=\"3 minutes\" \/>\n<script type=\"application\/ld+json\" class=\"yoast-schema-graph\">{\"@context\":\"https:\/\/schema.org\",\"@graph\":[{\"@type\":\"WebPage\",\"@id\":\"https:\/\/kgerad.de\/produkt\/cannondale-scalpel-full-carbon-2-29-graphit-2021\/\",\"url\":\"https:\/\/kgerad.de\/produkt\/cannondale-scalpel-full-carbon-2-29-graphit-2021\/\",\"name\":\"VOLLFEDERUNG MTB CANNONDALE SCALPEL FULL CARBON\",\"isPartOf\":{\"@id\":\"https:\/\/kgerad.de\/#website\"},\"primaryImageOfPage\":{\"@id\":\"https:\/\/kgerad.de\/produkt\/cannondale-scalpel-full-carbon-2-29-graphit-2021\/#primaryimage\"},\"image\":{\"@id\":\"https:\/\/kgerad.de\/produkt\/cannondale-scalpel-full-carbon-2-29-graphit-2021\/#primaryimage\"},\"thumbnailUrl\":\"https:\/\/kgerad.de\/wp-content\/uploads\/2023\/06\/VOLLFEDERUNG-MTB-CANNONDALE-SCALPEL-FULL-CARBON-2-29-SHIMANO-XT-12V-GRAPHIT-2021.jpg\",\"datePublished\":\"2022-07-27T12:05:06+00:00\",\"dateModified\":\"2024-11-13T13:35:15+00:00\",\"description\":\"Entdecken Sie unseren Online-Fahrradladen: Gro\u00dfe Auswahl an Modellen f\u00fcr alle Radsportbegeisterten. Von Rennr\u00e4dern bis zu Mountainbikes - finden Sie heute Ihren perfekten Wegbegleiter!\",\"breadcrumb\":{\"@id\":\"https:\/\/kgerad.de\/produkt\/cannondale-scalpel-full-carbon-2-29-graphit-2021\/#breadcrumb\"},\"inLanguage\":\"en-US\",\"potentialAction\":[{\"@type\":\"ReadAction\",\"target\":[\"https:\/\/kgerad.de\/produkt\/cannondale-scalpel-full-carbon-2-29-graphit-2021\/\"]}]},{\"@type\":\"ImageObject\",\"inLanguage\":\"en-US\",\"@id\":\"https:\/\/kgerad.de\/produkt\/cannondale-scalpel-full-carbon-2-29-graphit-2021\/#primaryimage\",\"url\":\"https:\/\/kgerad.de\/wp-content\/uploads\/2023\/06\/VOLLFEDERUNG-MTB-CANNONDALE-SCALPEL-FULL-CARBON-2-29-SHIMANO-XT-12V-GRAPHIT-2021.jpg\",\"contentUrl\":\"https:\/\/kgerad.de\/wp-content\/uploads\/2023\/06\/VOLLFEDERUNG-MTB-CANNONDALE-SCALPEL-FULL-CARBON-2-29-SHIMANO-XT-12V-GRAPHIT-2021.jpg\",\"width\":600,\"height\":408,\"caption\":\"VOLLFEDERUNG MTB CANNONDALE SCALPEL FULL CARBON 2 29'' SHIMANO XT 12V GRAPHIT 2021\"},{\"@type\":\"BreadcrumbList\",\"@id\":\"https:\/\/kgerad.de\/produkt\/cannondale-scalpel-full-carbon-2-29-graphit-2021\/#breadcrumb\",\"itemListElement\":[{\"@type\":\"ListItem\",\"position\":1,\"name\":\"Startseite\",\"item\":\"https:\/\/kgerad.de\/\"},{\"@type\":\"ListItem\",\"position\":2,\"name\":\"LADEN\",\"item\":\"https:\/\/kgerad.de\/laden\/\"},{\"@type\":\"ListItem\",\"position\":3,\"name\":\"VOLLFEDERUNG MTB CANNONDALE SCALPEL FULL CARBON 2 29&#8221; SHIMANO XT 12V GRAPHIT 2021\"}]},{\"@type\":\"WebSite\",\"@id\":\"https:\/\/kgerad.de\/#website\",\"url\":\"https:\/\/kgerad.de\/\",\"name\":\"kgerad.de\",\"description\":\"Treten Sie mit uns ins Abenteuer!\",\"publisher\":{\"@id\":\"https:\/\/kgerad.de\/#organization\"},\"alternateName\":\"MEIN RADLADEN\",\"potentialAction\":[{\"@type\":\"SearchAction\",\"target\":{\"@type\":\"EntryPoint\",\"urlTemplate\":\"https:\/\/kgerad.de\/?s={search_term_string}\"},\"query-input\":{\"@type\":\"PropertyValueSpecification\",\"valueRequired\":true,\"valueName\":\"search_term_string\"}}],\"inLanguage\":\"en-US\"},{\"@type\":\"Organization\",\"@id\":\"https:\/\/kgerad.de\/#organization\",\"name\":\"MEINRADLADEN\",\"alternateName\":\"MEIN RADLADEN\",\"url\":\"https:\/\/kgerad.de\/\",\"logo\":{\"@type\":\"ImageObject\",\"inLanguage\":\"en-US\",\"@id\":\"https:\/\/kgerad.de\/#\/schema\/logo\/image\/\",\"url\":\"https:\/\/kgerad.de\/wp-content\/uploads\/2025\/07\/logo-Whit.svg\",\"contentUrl\":\"https:\/\/kgerad.de\/wp-content\/uploads\/2025\/07\/logo-Whit.svg\",\"width\":1640,\"height\":371,\"caption\":\"MEINRADLADEN\"},\"image\":{\"@id\":\"https:\/\/kgerad.de\/#\/schema\/logo\/image\/\"}}]}<\/script>\n<!-- \/ Yoast SEO Premium plugin. -->","yoast_head_json":{"title":"VOLLFEDERUNG MTB CANNONDALE SCALPEL FULL CARBON","description":"Entdecken Sie unseren Online-Fahrradladen: Gro\u00dfe Auswahl an Modellen f\u00fcr alle Radsportbegeisterten. Von Rennr\u00e4dern bis zu Mountainbikes - finden Sie heute Ihren perfekten Wegbegleiter!","robots":{"index":"index","follow":"follow","max-snippet":"max-snippet:-1","max-image-preview":"max-image-preview:large","max-video-preview":"max-video-preview:-1"},"canonical":"https:\/\/kgerad.de\/en\/product\/cannondale-scalpel-full-carbon-2-29-graphit-2021\/","og_locale":"en_US","og_type":"article","og_title":"VOLLFEDERUNG MTB CANNONDALE SCALPEL FULL CARBON 2 29'' SHIMANO XT 12V GRAPHIT 2021","og_description":"Entdecken Sie unseren Online-Fahrradladen: Gro\u00dfe Auswahl an Modellen f\u00fcr alle Radsportbegeisterten. Von Rennr\u00e4dern bis zu Mountainbikes - finden Sie heute Ihren perfekten Wegbegleiter!","og_url":"https:\/\/kgerad.de\/en\/product\/cannondale-scalpel-full-carbon-2-29-graphit-2021\/","og_site_name":"kgerad.de","article_modified_time":"2024-11-13T13:35:15+00:00","og_image":[{"width":600,"height":408,"url":"https:\/\/kgerad.de\/wp-content\/uploads\/2023\/06\/VOLLFEDERUNG-MTB-CANNONDALE-SCALPEL-FULL-CARBON-2-29-SHIMANO-XT-12V-GRAPHIT-2021.jpg","type":"image\/jpeg"}],"twitter_card":"summary_large_image","twitter_misc":{"Est. reading time":"3 minutes"},"schema":{"@context":"https:\/\/schema.org","@graph":[{"@type":"WebPage","@id":"https:\/\/kgerad.de\/produkt\/cannondale-scalpel-full-carbon-2-29-graphit-2021\/","url":"https:\/\/kgerad.de\/produkt\/cannondale-scalpel-full-carbon-2-29-graphit-2021\/","name":"VOLLFEDERUNG MTB CANNONDALE SCALPEL FULL CARBON","isPartOf":{"@id":"https:\/\/kgerad.de\/#website"},"primaryImageOfPage":{"@id":"https:\/\/kgerad.de\/produkt\/cannondale-scalpel-full-carbon-2-29-graphit-2021\/#primaryimage"},"image":{"@id":"https:\/\/kgerad.de\/produkt\/cannondale-scalpel-full-carbon-2-29-graphit-2021\/#primaryimage"},"thumbnailUrl":"https:\/\/kgerad.de\/wp-content\/uploads\/2023\/06\/VOLLFEDERUNG-MTB-CANNONDALE-SCALPEL-FULL-CARBON-2-29-SHIMANO-XT-12V-GRAPHIT-2021.jpg","datePublished":"2022-07-27T12:05:06+00:00","dateModified":"2024-11-13T13:35:15+00:00","description":"Entdecken Sie unseren Online-Fahrradladen: Gro\u00dfe Auswahl an Modellen f\u00fcr alle Radsportbegeisterten. Von Rennr\u00e4dern bis zu Mountainbikes - finden Sie heute Ihren perfekten Wegbegleiter!","breadcrumb":{"@id":"https:\/\/kgerad.de\/produkt\/cannondale-scalpel-full-carbon-2-29-graphit-2021\/#breadcrumb"},"inLanguage":"en-US","potentialAction":[{"@type":"ReadAction","target":["https:\/\/kgerad.de\/produkt\/cannondale-scalpel-full-carbon-2-29-graphit-2021\/"]}]},{"@type":"ImageObject","inLanguage":"en-US","@id":"https:\/\/kgerad.de\/produkt\/cannondale-scalpel-full-carbon-2-29-graphit-2021\/#primaryimage","url":"https:\/\/kgerad.de\/wp-content\/uploads\/2023\/06\/VOLLFEDERUNG-MTB-CANNONDALE-SCALPEL-FULL-CARBON-2-29-SHIMANO-XT-12V-GRAPHIT-2021.jpg","contentUrl":"https:\/\/kgerad.de\/wp-content\/uploads\/2023\/06\/VOLLFEDERUNG-MTB-CANNONDALE-SCALPEL-FULL-CARBON-2-29-SHIMANO-XT-12V-GRAPHIT-2021.jpg","width":600,"height":408,"caption":"VOLLFEDERUNG MTB CANNONDALE SCALPEL FULL CARBON 2 29'' SHIMANO XT 12V GRAPHIT 2021"},{"@type":"BreadcrumbList","@id":"https:\/\/kgerad.de\/produkt\/cannondale-scalpel-full-carbon-2-29-graphit-2021\/#breadcrumb","itemListElement":[{"@type":"ListItem","position":1,"name":"Startseite","item":"https:\/\/kgerad.de\/"},{"@type":"ListItem","position":2,"name":"LADEN","item":"https:\/\/kgerad.de\/laden\/"},{"@type":"ListItem","position":3,"name":"VOLLFEDERUNG MTB CANNONDALE SCALPEL FULL CARBON 2 29&#8221; SHIMANO XT 12V GRAPHIT 2021"}]},{"@type":"WebSite","@id":"https:\/\/kgerad.de\/#website","url":"https:\/\/kgerad.de\/","name":"kgerad.de","description":"Treten Sie mit uns ins Abenteuer!","publisher":{"@id":"https:\/\/kgerad.de\/#organization"},"alternateName":"MEIN RADLADEN","potentialAction":[{"@type":"SearchAction","target":{"@type":"EntryPoint","urlTemplate":"https:\/\/kgerad.de\/?s={search_term_string}"},"query-input":{"@type":"PropertyValueSpecification","valueRequired":true,"valueName":"search_term_string"}}],"inLanguage":"en-US"},{"@type":"Organization","@id":"https:\/\/kgerad.de\/#organization","name":"MEINRADLADEN","alternateName":"MEIN RADLADEN","url":"https:\/\/kgerad.de\/","logo":{"@type":"ImageObject","inLanguage":"en-US","@id":"https:\/\/kgerad.de\/#\/schema\/logo\/image\/","url":"https:\/\/kgerad.de\/wp-content\/uploads\/2025\/07\/logo-Whit.svg","contentUrl":"https:\/\/kgerad.de\/wp-content\/uploads\/2025\/07\/logo-Whit.svg","width":1640,"height":371,"caption":"MEINRADLADEN"},"image":{"@id":"https:\/\/kgerad.de\/#\/schema\/logo\/image\/"}}]}},"_links":{"self":[{"href":"https:\/\/kgerad.de\/en\/wp-json\/wp\/v2\/product\/11314","targetHints":{"allow":["GET"]}}],"collection":[{"href":"https:\/\/kgerad.de\/en\/wp-json\/wp\/v2\/product"}],"about":[{"href":"https:\/\/kgerad.de\/en\/wp-json\/wp\/v2\/types\/product"}],"replies":[{"embeddable":true,"href":"https:\/\/kgerad.de\/en\/wp-json\/wp\/v2\/comments?post=11314"}],"version-history":[{"count":2,"href":"https:\/\/kgerad.de\/en\/wp-json\/wp\/v2\/product\/11314\/revisions"}],"predecessor-version":[{"id":78342,"href":"https:\/\/kgerad.de\/en\/wp-json\/wp\/v2\/product\/11314\/revisions\/78342"}],"wp:featuredmedia":[{"embeddable":true,"href":"https:\/\/kgerad.de\/en\/wp-json\/wp\/v2\/media\/60487"}],"wp:attachment":[{"href":"https:\/\/kgerad.de\/en\/wp-json\/wp\/v2\/media?parent=11314"}],"wp:term":[{"taxonomy":"product_brand","embeddable":true,"href":"https:\/\/kgerad.de\/en\/wp-json\/wp\/v2\/product_brand?post=11314"},{"taxonomy":"product_cat","embeddable":true,"href":"https:\/\/kgerad.de\/en\/wp-json\/wp\/v2\/product_cat?post=11314"},{"taxonomy":"product_tag","embeddable":true,"href":"https:\/\/kgerad.de\/en\/wp-json\/wp\/v2\/product_tag?post=11314"}],"curies":[{"name":"wp","href":"https:\/\/api.w.org\/{rel}","templated":true}]}}