{"id":71033,"date":"2023-03-13T10:51:49","date_gmt":"2023-03-13T09:51:49","guid":{"rendered":"https:\/\/kulturbike.de\/?page_id=71033"},"modified":"2025-03-30T18:12:33","modified_gmt":"2025-03-30T16:12:33","slug":"geld-zurueck-garantie","status":"publish","type":"page","link":"https:\/\/kgerad.de\/en\/geld-zurueck-garantie\/","title":{"rendered":"Geld-Zur\u00fcck-Garantie"},"content":{"rendered":"<div data-elementor-type=\"wp-page\" data-elementor-id=\"71033\" class=\"elementor elementor-71033\">\n\t\t\t\t\t\t<section class=\"elementor-section elementor-top-section elementor-element elementor-element-a8e2d08 elementor-section-boxed elementor-section-height-default elementor-section-height-default wd-section-disabled\" data-id=\"a8e2d08\" data-element_type=\"section\" data-e-type=\"section\">\n\t\t\t\t\t\t<div class=\"elementor-container elementor-column-gap-default\">\n\t\t\t\t\t<div class=\"elementor-column elementor-col-100 elementor-top-column elementor-element elementor-element-d0c3664\" data-id=\"d0c3664\" data-element_type=\"column\" data-e-type=\"column\">\n\t\t\t<div class=\"elementor-widget-wrap elementor-element-populated\">\n\t\t\t\t\t\t<div class=\"elementor-element elementor-element-dc35822 color-scheme-inherit text-left elementor-widget elementor-widget-text-editor\" data-id=\"dc35822\" data-element_type=\"widget\" data-e-type=\"widget\" data-widget_type=\"text-editor.default\">\n\t\t\t\t<div class=\"elementor-widget-container\">\n\t\t\t\t\t\t\t\t\t<h2>MEINFAHRRADTORE ist bestrebt, Ihnen den besten Preis f\u00fcr den Kauf Ihres Fahrrads zu garantieren!<\/h2><p>Bikehandel \u00fcbernimmt gegen\u00fcber dem Kunden die Verantwortung f\u00fcr die von ihm verkauften Produkte gem\u00e4\u00df den geltenden Vorschriften.<\/p><p>\u2013 Meinfahrrastore kann nicht f\u00fcr geringf\u00fcgige Abweichungen haftbar gemacht werden, die trotz aller Vorsichtsma\u00dfnahmen bei der Darstellung der Produkte verblieben sein k\u00f6nnten.<\/p><p>\u2013 Bei Nichteinhaltung kann der Kunde zwischen der Reparatur und dem Austausch des Produkts w\u00e4hlen.\u00a0Wie in Artikel L217-9 des Verbrauchergesetzes festgelegt, kann der Verk\u00e4ufer jedoch eine andere als die vom K\u00e4ufer gew\u00e4hlte Methode w\u00e4hlen, wenn diese Wahl mit offensichtlich unverh\u00e4ltnism\u00e4\u00dfigen Kosten im Vergleich zu der anderen Methode verbunden ist.\u00a0Wenn die Reparatur und der Ersatz des Produkts unm\u00f6glich sind, kann der Kunde die Ware zur\u00fccksenden und den Preis erstatten lassen oder das Produkt behalten und einen Teil des Preises gem\u00e4\u00df Artikel L.217-10 des Verbrauchsgesetzes erstatten lassen .\u00a0Die gesetzliche Konformit\u00e4tsgarantie gilt unabh\u00e4ngig von einer etwaigen gewerblichen Garantie des Verk\u00e4ufers oder des Herstellers.\u00a0Dem Verbraucher steht eine Frist von 2 Jahren ab Lieferung der Ware zu, um im Falle der Nichteinhaltung t\u00e4tig zu werden.<\/p><p>\u2013 Bei versteckten M\u00e4ngeln ist der Verk\u00e4ufer an die Gew\u00e4hrleistung f\u00fcr M\u00e4ngel gebunden, die das Produkt f\u00fcr den bestimmungsgem\u00e4\u00dfen Gebrauch ungeeignet machen oder diesen Gebrauch so einschr\u00e4nken, dass der Kunde es nicht erworben h\u00e4tte oder ich es h\u00e4tte zahlte einen geringeren Preis f\u00fcr sie, wenn er sie gekannt h\u00e4tte.\u00a0In diesem Fall hat der Kunde die Wahl, das Produkt zur\u00fcckzugeben und sich den Preis erstatten zu lassen oder das Produkt zu behalten und sich einen Teil des Preises erstatten zu lassen.\u00a0Dem Kunden steht eine Frist von 2 Jahren ab Entdeckung des Mangels zu.<\/p><p>\u2013 Meinfahrradstore\u00a0 kann nicht f\u00fcr die Nichteinhaltung der geltenden Vorschriften und Gesetze in einem anderen Empf\u00e4ngerland als Frankreich haftbar gemacht werden. Der Kunde ist allein verantwortlich f\u00fcr die Auswahl der Produkte, ihre Aufbewahrung und ihre Verwendung.<\/p><p>\u2013 Sofern der Hersteller nicht identifizierbar ist, kann\u00a0<span style=\"font-family: Lato, Arial, Helvetica, sans-serif; font-size: 14px; font-style: normal; font-variant-ligatures: normal; font-variant-caps: normal; font-weight: 400;\">Bikehandel<\/span>\u00a0nicht f\u00fcr materielle, immaterielle oder k\u00f6rperliche Sch\u00e4den jeglicher Art haftbar gemacht werden, die sich aus einer Fehlfunktion oder einem Missbrauch der vertriebenen Produkte ergeben k\u00f6nnten. Gleiches gilt f\u00fcr vom Hersteller vorgenommene \u00c4nderungen an den Produkten.<\/p><p>\u2013 Zus\u00e4tzlich zur gesetzlichen Konformit\u00e4tsgarantie und der gesetzlichen Garantie gegen versteckte M\u00e4ngel profitieren bestimmte Produkte von einer zus\u00e4tzlichen kommerziellen Garantie des Drittanbieters und\/oder des Herstellers.\u00a0Die Bedingungen dieser kommerziellen Garantien sind \u00fcber die Website und das Datenblatt des betreffenden Produkts zug\u00e4nglich.<\/p><p>\u2013 Diese kommerzielle Garantie deckt im Allgemeinen nicht die im Zusammenhang mit Wettbewerben oder Vermietung verwendete Ausr\u00fcstung, Sch\u00e4den aufgrund von Verschlei\u00df, Missbrauch, mangelnder oder fehlender Wartung oder nach der Lieferung am Produkt vorgenommene \u00c4nderungen ab.<\/p><p>Diese gewerbliche Garantie deckt au\u00dferdem nicht ab:<\/p><p>der Ersatz sogenannter Verbrauchsmaterialien,<br \/>die nicht konforme, unregelm\u00e4\u00dfige und anormale Verwendung der Produkte, die<br \/>in den Artikeldatenbl\u00e4ttern erw\u00e4hnten M\u00e4ngel oder Besonderheiten eines Produkts,<br \/>die M\u00e4ngel und ihre Folgen im Zusammenhang mit der nicht konformen Verwendung des Produkts f\u00fcr den bestimmungsgem\u00e4\u00dfen Gebrauch.<br \/>Im Rahmen dieser speziellen gewerblichen Garantie bleiben alle R\u00fccksendungen defekter Teile im Allgemeinen in der Verantwortung des Kunden.\u00a0Eine unvollst\u00e4ndige oder teilweise R\u00fccksendung kann nicht als Garantie \u00fcbernommen werden.\u00a0Jegliche Spuren von \u00c4nderungen oder Demontage f\u00fchren zum Erl\u00f6schen der Garantie.<\/p><p>\u2013 Bei Fragen zu den Garantien in Bezug auf die Produkte hat der Kunde die M\u00f6glichkeit, vor der Bestellung eine Frage an den Kundendienst \u00fcber den Kontaktbereich der Website zu stellen.<\/p>\t\t\t\t\t\t\t\t<\/div>\n\t\t\t\t<\/div>\n\t\t\t\t\t<\/div>\n\t\t<\/div>\n\t\t\t\t\t<\/div>\n\t\t<\/section>\n\t\t\t\t<\/div>","protected":false},"excerpt":{"rendered":"<p>MEINFAHRRADTORE ist bestrebt, Ihnen den besten Preis f\u00fcr den Kauf Ihres Fahrrads zu garantieren! Bikehandel \u00fcbernimmt gegen\u00fcber dem Kunden die<\/p>","protected":false},"author":10,"featured_media":0,"parent":0,"menu_order":0,"comment_status":"closed","ping_status":"closed","template":"","meta":{"footnotes":""},"class_list":["post-71033","page","type-page","status-publish","hentry"],"yoast_head":"<!-- This site is optimized with the Yoast SEO Premium plugin v20.12 (Yoast SEO v27.1.1) - https:\/\/yoast.com\/product\/yoast-seo-premium-wordpress\/ -->\n<title>Geld-Zur\u00fcck-Garantie - kgerad.de<\/title>\n<meta name=\"description\" content=\"Entdecken Sie unseren Online-Fahrradladen: Gro\u00dfe Auswahl an Modellen f\u00fcr alle Radsportbegeisterten. Von Rennr\u00e4dern bis zu Mountainbikes - finden Sie heute Ihren perfekten Wegbegleiter!\" \/>\n<meta name=\"robots\" content=\"index, follow, max-snippet:-1, max-image-preview:large, max-video-preview:-1\" \/>\n<link rel=\"canonical\" href=\"https:\/\/kgerad.de\/en\/geld-zurueck-garantie\/\" \/>\n<meta property=\"og:locale\" content=\"en_US\" \/>\n<meta property=\"og:type\" content=\"article\" \/>\n<meta property=\"og:title\" content=\"Geld-Zur\u00fcck-Garantie\" \/>\n<meta property=\"og:description\" content=\"Entdecken Sie unseren Online-Fahrradladen: Gro\u00dfe Auswahl an Modellen f\u00fcr alle Radsportbegeisterten. Von Rennr\u00e4dern bis zu Mountainbikes - finden Sie heute Ihren perfekten Wegbegleiter!\" \/>\n<meta property=\"og:url\" content=\"https:\/\/kgerad.de\/en\/geld-zurueck-garantie\/\" \/>\n<meta property=\"og:site_name\" content=\"kgerad.de\" \/>\n<meta property=\"article:modified_time\" content=\"2025-03-30T16:12:33+00:00\" \/>\n<meta property=\"og:image\" content=\"https:\/\/kgerad.de\/wp-content\/uploads\/2025\/07\/trekking.webp\" \/>\n\t<meta property=\"og:image:width\" content=\"640\" \/>\n\t<meta property=\"og:image:height\" content=\"426\" \/>\n\t<meta property=\"og:image:type\" content=\"image\/webp\" \/>\n<meta name=\"twitter:card\" content=\"summary_large_image\" \/>\n<meta name=\"twitter:label1\" content=\"Est. reading time\" \/>\n\t<meta name=\"twitter:data1\" content=\"3 minutes\" \/>\n<script type=\"application\/ld+json\" class=\"yoast-schema-graph\">{\"@context\":\"https:\/\/schema.org\",\"@graph\":[{\"@type\":\"WebPage\",\"@id\":\"https:\/\/kgerad.de\/geld-zurueck-garantie\/\",\"url\":\"https:\/\/kgerad.de\/geld-zurueck-garantie\/\",\"name\":\"Geld-Zur\u00fcck-Garantie - kgerad.de\",\"isPartOf\":{\"@id\":\"https:\/\/kgerad.de\/#website\"},\"datePublished\":\"2023-03-13T09:51:49+00:00\",\"dateModified\":\"2025-03-30T16:12:33+00:00\",\"description\":\"Entdecken Sie unseren Online-Fahrradladen: Gro\u00dfe Auswahl an Modellen f\u00fcr alle Radsportbegeisterten. Von Rennr\u00e4dern bis zu Mountainbikes - finden Sie heute Ihren perfekten Wegbegleiter!\",\"breadcrumb\":{\"@id\":\"https:\/\/kgerad.de\/geld-zurueck-garantie\/#breadcrumb\"},\"inLanguage\":\"en-US\",\"potentialAction\":[{\"@type\":\"ReadAction\",\"target\":[\"https:\/\/kgerad.de\/geld-zurueck-garantie\/\"]}]},{\"@type\":\"BreadcrumbList\",\"@id\":\"https:\/\/kgerad.de\/geld-zurueck-garantie\/#breadcrumb\",\"itemListElement\":[{\"@type\":\"ListItem\",\"position\":1,\"name\":\"Startseite\",\"item\":\"https:\/\/kgerad.de\/\"},{\"@type\":\"ListItem\",\"position\":2,\"name\":\"Geld-Zur\u00fcck-Garantie\"}]},{\"@type\":\"WebSite\",\"@id\":\"https:\/\/kgerad.de\/#website\",\"url\":\"https:\/\/kgerad.de\/\",\"name\":\"kgerad.de\",\"description\":\"Treten Sie mit uns ins Abenteuer!\",\"publisher\":{\"@id\":\"https:\/\/kgerad.de\/#organization\"},\"alternateName\":\"MEIN RADLADEN\",\"potentialAction\":[{\"@type\":\"SearchAction\",\"target\":{\"@type\":\"EntryPoint\",\"urlTemplate\":\"https:\/\/kgerad.de\/?s={search_term_string}\"},\"query-input\":{\"@type\":\"PropertyValueSpecification\",\"valueRequired\":true,\"valueName\":\"search_term_string\"}}],\"inLanguage\":\"en-US\"},{\"@type\":\"Organization\",\"@id\":\"https:\/\/kgerad.de\/#organization\",\"name\":\"MEINRADLADEN\",\"alternateName\":\"MEIN RADLADEN\",\"url\":\"https:\/\/kgerad.de\/\",\"logo\":{\"@type\":\"ImageObject\",\"inLanguage\":\"en-US\",\"@id\":\"https:\/\/kgerad.de\/#\/schema\/logo\/image\/\",\"url\":\"https:\/\/kgerad.de\/wp-content\/uploads\/2025\/07\/logo-Whit.svg\",\"contentUrl\":\"https:\/\/kgerad.de\/wp-content\/uploads\/2025\/07\/logo-Whit.svg\",\"width\":1640,\"height\":371,\"caption\":\"MEINRADLADEN\"},\"image\":{\"@id\":\"https:\/\/kgerad.de\/#\/schema\/logo\/image\/\"}}]}<\/script>\n<!-- \/ Yoast SEO Premium plugin. -->","yoast_head_json":{"title":"Geld-Zur\u00fcck-Garantie - kgerad.de","description":"Entdecken Sie unseren Online-Fahrradladen: Gro\u00dfe Auswahl an Modellen f\u00fcr alle Radsportbegeisterten. Von Rennr\u00e4dern bis zu Mountainbikes - finden Sie heute Ihren perfekten Wegbegleiter!","robots":{"index":"index","follow":"follow","max-snippet":"max-snippet:-1","max-image-preview":"max-image-preview:large","max-video-preview":"max-video-preview:-1"},"canonical":"https:\/\/kgerad.de\/en\/geld-zurueck-garantie\/","og_locale":"en_US","og_type":"article","og_title":"Geld-Zur\u00fcck-Garantie","og_description":"Entdecken Sie unseren Online-Fahrradladen: Gro\u00dfe Auswahl an Modellen f\u00fcr alle Radsportbegeisterten. Von Rennr\u00e4dern bis zu Mountainbikes - finden Sie heute Ihren perfekten Wegbegleiter!","og_url":"https:\/\/kgerad.de\/en\/geld-zurueck-garantie\/","og_site_name":"kgerad.de","article_modified_time":"2025-03-30T16:12:33+00:00","og_image":[{"width":640,"height":426,"url":"https:\/\/kgerad.de\/wp-content\/uploads\/2025\/07\/trekking.webp","type":"image\/webp"}],"twitter_card":"summary_large_image","twitter_misc":{"Est. reading time":"3 minutes"},"schema":{"@context":"https:\/\/schema.org","@graph":[{"@type":"WebPage","@id":"https:\/\/kgerad.de\/geld-zurueck-garantie\/","url":"https:\/\/kgerad.de\/geld-zurueck-garantie\/","name":"Geld-Zur\u00fcck-Garantie - kgerad.de","isPartOf":{"@id":"https:\/\/kgerad.de\/#website"},"datePublished":"2023-03-13T09:51:49+00:00","dateModified":"2025-03-30T16:12:33+00:00","description":"Entdecken Sie unseren Online-Fahrradladen: Gro\u00dfe Auswahl an Modellen f\u00fcr alle Radsportbegeisterten. Von Rennr\u00e4dern bis zu Mountainbikes - finden Sie heute Ihren perfekten Wegbegleiter!","breadcrumb":{"@id":"https:\/\/kgerad.de\/geld-zurueck-garantie\/#breadcrumb"},"inLanguage":"en-US","potentialAction":[{"@type":"ReadAction","target":["https:\/\/kgerad.de\/geld-zurueck-garantie\/"]}]},{"@type":"BreadcrumbList","@id":"https:\/\/kgerad.de\/geld-zurueck-garantie\/#breadcrumb","itemListElement":[{"@type":"ListItem","position":1,"name":"Startseite","item":"https:\/\/kgerad.de\/"},{"@type":"ListItem","position":2,"name":"Geld-Zur\u00fcck-Garantie"}]},{"@type":"WebSite","@id":"https:\/\/kgerad.de\/#website","url":"https:\/\/kgerad.de\/","name":"kgerad.de","description":"Treten Sie mit uns ins Abenteuer!","publisher":{"@id":"https:\/\/kgerad.de\/#organization"},"alternateName":"MEIN RADLADEN","potentialAction":[{"@type":"SearchAction","target":{"@type":"EntryPoint","urlTemplate":"https:\/\/kgerad.de\/?s={search_term_string}"},"query-input":{"@type":"PropertyValueSpecification","valueRequired":true,"valueName":"search_term_string"}}],"inLanguage":"en-US"},{"@type":"Organization","@id":"https:\/\/kgerad.de\/#organization","name":"MEINRADLADEN","alternateName":"MEIN RADLADEN","url":"https:\/\/kgerad.de\/","logo":{"@type":"ImageObject","inLanguage":"en-US","@id":"https:\/\/kgerad.de\/#\/schema\/logo\/image\/","url":"https:\/\/kgerad.de\/wp-content\/uploads\/2025\/07\/logo-Whit.svg","contentUrl":"https:\/\/kgerad.de\/wp-content\/uploads\/2025\/07\/logo-Whit.svg","width":1640,"height":371,"caption":"MEINRADLADEN"},"image":{"@id":"https:\/\/kgerad.de\/#\/schema\/logo\/image\/"}}]}},"_links":{"self":[{"href":"https:\/\/kgerad.de\/en\/wp-json\/wp\/v2\/pages\/71033","targetHints":{"allow":["GET"]}}],"collection":[{"href":"https:\/\/kgerad.de\/en\/wp-json\/wp\/v2\/pages"}],"about":[{"href":"https:\/\/kgerad.de\/en\/wp-json\/wp\/v2\/types\/page"}],"author":[{"embeddable":true,"href":"https:\/\/kgerad.de\/en\/wp-json\/wp\/v2\/users\/10"}],"replies":[{"embeddable":true,"href":"https:\/\/kgerad.de\/en\/wp-json\/wp\/v2\/comments?post=71033"}],"version-history":[{"count":19,"href":"https:\/\/kgerad.de\/en\/wp-json\/wp\/v2\/pages\/71033\/revisions"}],"predecessor-version":[{"id":80664,"href":"https:\/\/kgerad.de\/en\/wp-json\/wp\/v2\/pages\/71033\/revisions\/80664"}],"wp:attachment":[{"href":"https:\/\/kgerad.de\/en\/wp-json\/wp\/v2\/media?parent=71033"}],"curies":[{"name":"wp","href":"https:\/\/api.w.org\/{rel}","templated":true}]}}