{"id":70960,"date":"2023-03-10T19:51:46","date_gmt":"2023-03-10T18:51:46","guid":{"rendered":"https:\/\/kulturbike.de\/?page_id=70960"},"modified":"2024-07-30T17:21:46","modified_gmt":"2024-07-30T15:21:46","slug":"bestpreis-garantie","status":"publish","type":"page","link":"https:\/\/kgerad.de\/en\/bestpreis-garantie\/","title":{"rendered":"Bestpreis Garantie"},"content":{"rendered":"<div data-elementor-type=\"wp-page\" data-elementor-id=\"70960\" class=\"elementor elementor-70960\">\n\t\t\t\t\t\t<section class=\"wd-negative-gap elementor-section elementor-top-section elementor-element elementor-element-22d947b elementor-section-boxed elementor-section-height-default elementor-section-height-default wd-section-disabled\" data-id=\"22d947b\" data-element_type=\"section\" data-e-type=\"section\">\n\t\t\t\t\t\t<div class=\"elementor-container elementor-column-gap-default\">\n\t\t\t\t\t<div class=\"elementor-column elementor-col-100 elementor-top-column elementor-element elementor-element-7e236ee\" data-id=\"7e236ee\" data-element_type=\"column\" data-e-type=\"column\">\n\t\t\t<div class=\"elementor-widget-wrap elementor-element-populated\">\n\t\t\t\t\t\t<div class=\"elementor-element elementor-element-103e532 color-scheme-inherit text-left elementor-widget elementor-widget-text-editor\" data-id=\"103e532\" data-element_type=\"widget\" data-e-type=\"widget\" data-widget_type=\"text-editor.default\">\n\t\t\t\t<div class=\"elementor-widget-container\">\n\t\t\t\t\t\t\t\t\t<h3>DIE MEINFAHRRADSTORE PREISGARANTIE:\u00a0 DER BESTE PREIS F\u00dcR ALLE IHRE PRODUKTE<\/h3><p><strong>Ihnen qualitativ hochwertige Produkte zu liefern, die zu 100 % auf Lager sind, eine riesige Auswahl an Marken, einen magischen Kundenservice und faire Preise sind unsere Priorit\u00e4ten.<\/strong><br \/>Wir arbeiten t\u00e4glich daran, Ihnen immer den besten Preis anzubieten.<br \/>Trotz unserer Bem\u00fchungen kann es jedoch vorkommen, dass Sie anderswo einen g\u00fcnstigeren Preis finden. Aus diesem Grund bieten wir Ihnen auf unserer Website eine Anpassung oder R\u00fcckerstattung f\u00fcr alle von\u00a0<span style=\"font-family: Lato, Arial, Helvetica, sans-serif; font-size: 14px; font-style: normal; font-variant-ligatures: normal; font-variant-caps: normal; font-weight: 400;\">MEINFAHRRADSTORE\u00a0<\/span>verkauften und versandten Produkte, die Sie anderswo g\u00fcnstiger gefunden h\u00e4tten, dank der &#8222;<span style=\"font-family: Lato, Arial, Helvetica, sans-serif; font-size: 14px; font-style: normal; font-variant-ligatures: normal; font-variant-caps: normal; font-weight: 400;\">MEINFAHRRADSTORE\u00a0<\/span>Bestpreisgarantie&#8220;.<\/p><h3>PREISANGLEICHUNG<\/h3><h4>Sie haben\u00a0<strong>vor Ihrem Einkauf<\/strong>\u00a0einen besseren Preis bei einem anderen Anbieter gefunden?<br \/>Sagen Sie uns Bescheid und wir werden unseren Preis angleichen*.<\/h4><p>Um die Bedingungen dieses Angebots zu erf\u00fcllen, muss das betreffende Produkt mit dem von uns angebotenen Produkt identisch sein, das bei unserem Konkurrenten verf\u00fcgbar und auf Lager ist, dieselbe Gr\u00f6\u00dfe, dieselbe Farbe.<\/p><p>Der Preis muss g\u00fcnstiger sein, inklusive Versandkosten. Wenn dieser Preis besondere Bedingungen enth\u00e4lt, m\u00fcssen diese bei dem Preisvergleich auf der Website des Wettbewerbers sichtbar sein (Rabatt,Topangebot, Sonderangebot, usw.). Achten Sie genau auf die verschiedenen Optionen, die den Preis deutlich ver\u00e4ndern k\u00f6nnen.<\/p><p><strong>Senden Sie uns den Link zum Produkt des Konkurrenzangebots und den Link zum Produkt, das Sie vergleichen, direkt \u00fcber Ihr Kundenkonto, Rubrik &#8222;Meine Nachrichten&#8220;, und geben Sie im Betreff &#8222;DIE\u00a0<\/strong><span style=\"font-family: Lato, Arial, Helvetica, sans-serif; font-size: 14px; font-style: normal; font-variant-ligatures: normal; font-variant-caps: normal; font-weight: 400;\">MEINFAHRRADSTORE<\/span><strong>\u00a0PREISGARANTIE&#8220; an.<\/strong><\/p><p>Wir werden Ihnen einen speziellen Code weiterleiten, damit Sie von einer Angleichung profitieren k\u00f6nnen. Dieser Rabattcode ist 48 Stunden lang g\u00fcltig und kann nicht mit anderen aktuellen Codes kombiniert werden.<\/p><h3>AUSGLEICH DER DIFFERENZ<\/h3><h4>&gt;Bis zu 48 Stunden\u00a0nach Ihrem Einkauf,\u00a0stellen wir Ihnen die Differenz zur Verf\u00fcgung, wenn Sie das Produkt wo anders g\u00fcnstiger gefunden haben.<\/h4><p>Um die Bedingungen dieses Angebots zu erf\u00fcllen, muss das betreffende Produkt mit dem von uns angebotenen Produkt identisch sein, das bei unserem Konkurrenten verf\u00fcgbar und auf Lager ist, dieselbe Gr\u00f6\u00dfe, dieselbe Farbe.<\/p><p>Der Preis muss g\u00fcnstiger sein, inklusive Versandkosten. Wenn dieser Preis besondere Bedingungen enth\u00e4lt, m\u00fcssen diese bei dem Preisvergleich auf der Website des Wettbewerbers sichtbar sein (Rabatt,Topangebot, Sonderangebot, usw.). Achten Sie genau auf die verschiedenen Optionen, die den Preis deutlich ver\u00e4ndern k\u00f6nnen.<\/p><p><strong>Senden Sie uns den Link zum Produkt des Konkurrenzangebots und den Link zum Produkt, das Sie vergleichen, direkt \u00fcber Ihr Kundenkonto, Rubrik &#8222;Meine Nachrichten&#8220;, und geben Sie im Betreff &#8222;DIE\u00a0<\/strong><span style=\"font-family: Lato, Arial, Helvetica, sans-serif; font-size: 14px; font-style: normal; font-variant-ligatures: normal; font-variant-caps: normal; font-weight: 400;\">MEINFAHRRADSTORE<\/span><strong>\u00a0PREISGARANTIE&#8220; an.<\/strong><\/p><p>Wenn Sie noch kein Kundenkonto haben, k\u00f6nnen Sie es ganz einfach \u00fcber\u00a0unser Formular\u00a0\u00a0einrichten. Wir erstatten Ihnen den Differenzbetrag, wenn Sie per Kreditkarte oder Paypal bezahlt haben. Bei anderen Zahlungsmethoden schreiben wir Ihrem Kundenkonto einen Gutschein \u00fcber diese Differenz gut.<\/p><hr \/><p><em>*\u00a0<\/em><span style=\"font-family: Lato, Arial, Helvetica, sans-serif; font-size: 14px; font-style: normal; font-variant-ligatures: normal; font-variant-caps: normal; font-weight: 400;\">MEINFAHRRADSTORE\u00a0<\/span><em>beh\u00e4lt sich das Recht vor, die Anpassung an die Preise seiner Konkurrenten zu verweigern, wenn diese falsch erscheinen oder gegen die Regeln des Handels versto\u00dfen (Verkauf unter Selbstkosten, F\u00e4lschungen, illegale Angebote, &#8230;).\u00a0<\/em><span style=\"font-family: Lato, Arial, Helvetica, sans-serif; font-size: 14px; font-style: normal; font-variant-ligatures: normal; font-variant-caps: normal; font-weight: 400;\">MEINFAHRRADSTORE<\/span><em>\u00a0kann jederzeit \u00c4nderungen an seiner Preisausrichtungspolitik vornehmen.<br \/>In diesem Fall gelten f\u00fcr den Verbraucher hinsichtlich der Preisangleichung und der Erstattung der Differenz die Modalit\u00e4ten, die zum Zeitpunkt der Registrierung der Bestellung g\u00fcltig waren. Bitte beachten Sie: Unsere Politik &#8222;<\/em><span style=\"font-family: Lato, Arial, Helvetica, sans-serif; font-size: 14px; font-style: normal; font-variant-ligatures: normal; font-variant-caps: normal; font-weight: 400;\">MEINFAHRRADSTORE<\/span><em>Bestpreisgarantie&#8220; gilt nur f\u00fcr alle Produkte, die von\u00a0\u00a0<\/em><span style=\"font-family: Lato, Arial, Helvetica, sans-serif; font-size: 14px; font-style: normal; font-variant-ligatures: normal; font-variant-caps: normal; font-weight: 400;\">MEINFAHRRADSTORE\u00a0<\/span><em>verkauft und versendet werdenBIKE<\/em><\/p>\t\t\t\t\t\t\t\t<\/div>\n\t\t\t\t<\/div>\n\t\t\t\t\t<\/div>\n\t\t<\/div>\n\t\t\t\t\t<\/div>\n\t\t<\/section>\n\t\t\t\t<\/div>","protected":false},"excerpt":{"rendered":"<p>DIE MEINFAHRRADSTORE PREISGARANTIE:\u00a0 DER BESTE PREIS F\u00dcR ALLE IHRE PRODUKTE Ihnen qualitativ hochwertige Produkte zu liefern, die zu 100 %<\/p>","protected":false},"author":10,"featured_media":0,"parent":0,"menu_order":0,"comment_status":"closed","ping_status":"closed","template":"","meta":{"footnotes":""},"class_list":["post-70960","page","type-page","status-publish","hentry"],"yoast_head":"<!-- This site is optimized with the Yoast SEO Premium plugin v20.12 (Yoast SEO v27.1.1) - https:\/\/yoast.com\/product\/yoast-seo-premium-wordpress\/ -->\n<title>Bestpreis Garantie - kgerad.de<\/title>\n<meta name=\"description\" content=\"Entdecken Sie unseren Online-Fahrradladen: Gro\u00dfe Auswahl an Modellen f\u00fcr alle Radsportbegeisterten. Von Rennr\u00e4dern bis zu Mountainbikes - finden Sie heute Ihren perfekten Wegbegleiter!\" \/>\n<meta name=\"robots\" content=\"index, follow, max-snippet:-1, max-image-preview:large, max-video-preview:-1\" \/>\n<link rel=\"canonical\" href=\"https:\/\/kgerad.de\/en\/bestpreis-garantie\/\" \/>\n<meta property=\"og:locale\" content=\"en_US\" \/>\n<meta property=\"og:type\" content=\"article\" \/>\n<meta property=\"og:title\" content=\"Bestpreis Garantie\" \/>\n<meta property=\"og:description\" content=\"Entdecken Sie unseren Online-Fahrradladen: Gro\u00dfe Auswahl an Modellen f\u00fcr alle Radsportbegeisterten. Von Rennr\u00e4dern bis zu Mountainbikes - finden Sie heute Ihren perfekten Wegbegleiter!\" \/>\n<meta property=\"og:url\" content=\"https:\/\/kgerad.de\/en\/bestpreis-garantie\/\" \/>\n<meta property=\"og:site_name\" content=\"kgerad.de\" \/>\n<meta property=\"article:modified_time\" content=\"2024-07-30T15:21:46+00:00\" \/>\n<meta property=\"og:image\" content=\"https:\/\/kgerad.de\/wp-content\/uploads\/2025\/07\/trekking.webp\" \/>\n\t<meta property=\"og:image:width\" content=\"640\" \/>\n\t<meta property=\"og:image:height\" content=\"426\" \/>\n\t<meta property=\"og:image:type\" content=\"image\/webp\" \/>\n<meta name=\"twitter:card\" content=\"summary_large_image\" \/>\n<meta name=\"twitter:label1\" content=\"Est. reading time\" \/>\n\t<meta name=\"twitter:data1\" content=\"3 minutes\" \/>\n<script type=\"application\/ld+json\" class=\"yoast-schema-graph\">{\"@context\":\"https:\/\/schema.org\",\"@graph\":[{\"@type\":\"WebPage\",\"@id\":\"https:\/\/kgerad.de\/bestpreis-garantie\/\",\"url\":\"https:\/\/kgerad.de\/bestpreis-garantie\/\",\"name\":\"Bestpreis Garantie - kgerad.de\",\"isPartOf\":{\"@id\":\"https:\/\/kgerad.de\/#website\"},\"datePublished\":\"2023-03-10T18:51:46+00:00\",\"dateModified\":\"2024-07-30T15:21:46+00:00\",\"description\":\"Entdecken Sie unseren Online-Fahrradladen: Gro\u00dfe Auswahl an Modellen f\u00fcr alle Radsportbegeisterten. Von Rennr\u00e4dern bis zu Mountainbikes - finden Sie heute Ihren perfekten Wegbegleiter!\",\"breadcrumb\":{\"@id\":\"https:\/\/kgerad.de\/bestpreis-garantie\/#breadcrumb\"},\"inLanguage\":\"en-US\",\"potentialAction\":[{\"@type\":\"ReadAction\",\"target\":[\"https:\/\/kgerad.de\/bestpreis-garantie\/\"]}]},{\"@type\":\"BreadcrumbList\",\"@id\":\"https:\/\/kgerad.de\/bestpreis-garantie\/#breadcrumb\",\"itemListElement\":[{\"@type\":\"ListItem\",\"position\":1,\"name\":\"Startseite\",\"item\":\"https:\/\/kgerad.de\/\"},{\"@type\":\"ListItem\",\"position\":2,\"name\":\"Bestpreis Garantie\"}]},{\"@type\":\"WebSite\",\"@id\":\"https:\/\/kgerad.de\/#website\",\"url\":\"https:\/\/kgerad.de\/\",\"name\":\"kgerad.de\",\"description\":\"Treten Sie mit uns ins Abenteuer!\",\"publisher\":{\"@id\":\"https:\/\/kgerad.de\/#organization\"},\"alternateName\":\"MEIN RADLADEN\",\"potentialAction\":[{\"@type\":\"SearchAction\",\"target\":{\"@type\":\"EntryPoint\",\"urlTemplate\":\"https:\/\/kgerad.de\/?s={search_term_string}\"},\"query-input\":{\"@type\":\"PropertyValueSpecification\",\"valueRequired\":true,\"valueName\":\"search_term_string\"}}],\"inLanguage\":\"en-US\"},{\"@type\":\"Organization\",\"@id\":\"https:\/\/kgerad.de\/#organization\",\"name\":\"MEINRADLADEN\",\"alternateName\":\"MEIN RADLADEN\",\"url\":\"https:\/\/kgerad.de\/\",\"logo\":{\"@type\":\"ImageObject\",\"inLanguage\":\"en-US\",\"@id\":\"https:\/\/kgerad.de\/#\/schema\/logo\/image\/\",\"url\":\"https:\/\/kgerad.de\/wp-content\/uploads\/2025\/07\/logo-Whit.svg\",\"contentUrl\":\"https:\/\/kgerad.de\/wp-content\/uploads\/2025\/07\/logo-Whit.svg\",\"width\":1640,\"height\":371,\"caption\":\"MEINRADLADEN\"},\"image\":{\"@id\":\"https:\/\/kgerad.de\/#\/schema\/logo\/image\/\"}}]}<\/script>\n<!-- \/ Yoast SEO Premium plugin. -->","yoast_head_json":{"title":"Bestpreis Garantie - kgerad.de","description":"Entdecken Sie unseren Online-Fahrradladen: Gro\u00dfe Auswahl an Modellen f\u00fcr alle Radsportbegeisterten. Von Rennr\u00e4dern bis zu Mountainbikes - finden Sie heute Ihren perfekten Wegbegleiter!","robots":{"index":"index","follow":"follow","max-snippet":"max-snippet:-1","max-image-preview":"max-image-preview:large","max-video-preview":"max-video-preview:-1"},"canonical":"https:\/\/kgerad.de\/en\/bestpreis-garantie\/","og_locale":"en_US","og_type":"article","og_title":"Bestpreis Garantie","og_description":"Entdecken Sie unseren Online-Fahrradladen: Gro\u00dfe Auswahl an Modellen f\u00fcr alle Radsportbegeisterten. Von Rennr\u00e4dern bis zu Mountainbikes - finden Sie heute Ihren perfekten Wegbegleiter!","og_url":"https:\/\/kgerad.de\/en\/bestpreis-garantie\/","og_site_name":"kgerad.de","article_modified_time":"2024-07-30T15:21:46+00:00","og_image":[{"width":640,"height":426,"url":"https:\/\/kgerad.de\/wp-content\/uploads\/2025\/07\/trekking.webp","type":"image\/webp"}],"twitter_card":"summary_large_image","twitter_misc":{"Est. reading time":"3 minutes"},"schema":{"@context":"https:\/\/schema.org","@graph":[{"@type":"WebPage","@id":"https:\/\/kgerad.de\/bestpreis-garantie\/","url":"https:\/\/kgerad.de\/bestpreis-garantie\/","name":"Bestpreis Garantie - kgerad.de","isPartOf":{"@id":"https:\/\/kgerad.de\/#website"},"datePublished":"2023-03-10T18:51:46+00:00","dateModified":"2024-07-30T15:21:46+00:00","description":"Entdecken Sie unseren Online-Fahrradladen: Gro\u00dfe Auswahl an Modellen f\u00fcr alle Radsportbegeisterten. Von Rennr\u00e4dern bis zu Mountainbikes - finden Sie heute Ihren perfekten Wegbegleiter!","breadcrumb":{"@id":"https:\/\/kgerad.de\/bestpreis-garantie\/#breadcrumb"},"inLanguage":"en-US","potentialAction":[{"@type":"ReadAction","target":["https:\/\/kgerad.de\/bestpreis-garantie\/"]}]},{"@type":"BreadcrumbList","@id":"https:\/\/kgerad.de\/bestpreis-garantie\/#breadcrumb","itemListElement":[{"@type":"ListItem","position":1,"name":"Startseite","item":"https:\/\/kgerad.de\/"},{"@type":"ListItem","position":2,"name":"Bestpreis Garantie"}]},{"@type":"WebSite","@id":"https:\/\/kgerad.de\/#website","url":"https:\/\/kgerad.de\/","name":"kgerad.de","description":"Treten Sie mit uns ins Abenteuer!","publisher":{"@id":"https:\/\/kgerad.de\/#organization"},"alternateName":"MEIN RADLADEN","potentialAction":[{"@type":"SearchAction","target":{"@type":"EntryPoint","urlTemplate":"https:\/\/kgerad.de\/?s={search_term_string}"},"query-input":{"@type":"PropertyValueSpecification","valueRequired":true,"valueName":"search_term_string"}}],"inLanguage":"en-US"},{"@type":"Organization","@id":"https:\/\/kgerad.de\/#organization","name":"MEINRADLADEN","alternateName":"MEIN RADLADEN","url":"https:\/\/kgerad.de\/","logo":{"@type":"ImageObject","inLanguage":"en-US","@id":"https:\/\/kgerad.de\/#\/schema\/logo\/image\/","url":"https:\/\/kgerad.de\/wp-content\/uploads\/2025\/07\/logo-Whit.svg","contentUrl":"https:\/\/kgerad.de\/wp-content\/uploads\/2025\/07\/logo-Whit.svg","width":1640,"height":371,"caption":"MEINRADLADEN"},"image":{"@id":"https:\/\/kgerad.de\/#\/schema\/logo\/image\/"}}]}},"_links":{"self":[{"href":"https:\/\/kgerad.de\/en\/wp-json\/wp\/v2\/pages\/70960","targetHints":{"allow":["GET"]}}],"collection":[{"href":"https:\/\/kgerad.de\/en\/wp-json\/wp\/v2\/pages"}],"about":[{"href":"https:\/\/kgerad.de\/en\/wp-json\/wp\/v2\/types\/page"}],"author":[{"embeddable":true,"href":"https:\/\/kgerad.de\/en\/wp-json\/wp\/v2\/users\/10"}],"replies":[{"embeddable":true,"href":"https:\/\/kgerad.de\/en\/wp-json\/wp\/v2\/comments?post=70960"}],"version-history":[{"count":18,"href":"https:\/\/kgerad.de\/en\/wp-json\/wp\/v2\/pages\/70960\/revisions"}],"predecessor-version":[{"id":80578,"href":"https:\/\/kgerad.de\/en\/wp-json\/wp\/v2\/pages\/70960\/revisions\/80578"}],"wp:attachment":[{"href":"https:\/\/kgerad.de\/en\/wp-json\/wp\/v2\/media?parent=70960"}],"curies":[{"name":"wp","href":"https:\/\/api.w.org\/{rel}","templated":true}]}}