{"id":1495,"date":"2016-10-14T02:04:18","date_gmt":"2016-10-14T02:04:18","guid":{"rendered":"https:\/\/demo.wpthemego.com\/themes\/sw_revo\/?page_id=1495"},"modified":"2024-05-08T11:55:11","modified_gmt":"2024-05-08T09:55:11","slug":"hilfe-und-kontakt","status":"publish","type":"page","link":"https:\/\/kgerad.de\/en\/hilfe-und-kontakt\/","title":{"rendered":"Hilfe und &#038; Kontakt"},"content":{"rendered":"<div data-elementor-type=\"wp-page\" data-elementor-id=\"1495\" class=\"elementor elementor-1495\">\n\t\t\t\t\t\t<section class=\"wd-negative-gap elementor-section elementor-top-section elementor-element elementor-element-72c69e6 elementor-section-boxed elementor-section-height-default elementor-section-height-default wd-section-disabled\" data-id=\"72c69e6\" data-element_type=\"section\" data-e-type=\"section\">\n\t\t\t\t\t\t<div class=\"elementor-container elementor-column-gap-default\">\n\t\t\t\t\t<div class=\"elementor-column elementor-col-100 elementor-top-column elementor-element elementor-element-ce59d4b\" data-id=\"ce59d4b\" data-element_type=\"column\" data-e-type=\"column\">\n\t\t\t<div class=\"elementor-widget-wrap elementor-element-populated\">\n\t\t\t\t\t\t<div class=\"elementor-element elementor-element-5ebf614 color-scheme-inherit text-left elementor-widget elementor-widget-text-editor\" data-id=\"5ebf614\" data-element_type=\"widget\" data-e-type=\"widget\" data-widget_type=\"text-editor.default\">\n\t\t\t\t<div class=\"elementor-widget-container\">\n\t\t\t\t\t\t\t\t\t<h2 style=\"text-align: center;\"><strong>Hast Du eine Frage zu unseren R\u00e4dern oder Interesse an einem BIKEHANDEL?<\/strong><\/h2>\n<h2 style=\"text-align: center;\"><strong> Oder hast Du Anregungen, Lob oder Kritik? Dann schreib uns doch!<\/strong><\/h2>\t\t\t\t\t\t\t\t<\/div>\n\t\t\t\t<\/div>\n\t\t\t\t\t<\/div>\n\t\t<\/div>\n\t\t\t\t\t<\/div>\n\t\t<\/section>\n\t\t\t\t<section class=\"elementor-section elementor-top-section elementor-element elementor-element-a81a61 elementor-section-boxed elementor-section-height-default elementor-section-height-default wd-section-disabled\" data-id=\"a81a61\" data-element_type=\"section\" data-e-type=\"section\">\n\t\t\t\t\t\t<div class=\"elementor-container elementor-column-gap-default\">\n\t\t\t\t\t<div class=\"elementor-column elementor-col-100 elementor-top-column elementor-element elementor-element-1c27f2a2\" data-id=\"1c27f2a2\" data-element_type=\"column\" data-e-type=\"column\">\n\t\t\t<div class=\"elementor-widget-wrap elementor-element-populated\">\n\t\t\t\t\t\t<div class=\"elementor-element elementor-element-1df56773 contact_us elementor-widget elementor-widget-html\" data-id=\"1df56773\" data-element_type=\"widget\" data-e-type=\"widget\" data-widget_type=\"html.default\">\n\t\t\t\t<div class=\"elementor-widget-container\">\n\t\t\t\t\t<div class=\"block-contact\"><div class=\"row\"><div class=\"item support col-lg-4 col-md-4 col-sm-12\"><div class=\"item-wrap\"><div class=\"icon\"><\/div><div class=\"info\">kontakt@kgerad.de<\/div><\/div><\/div><div class=\"item phone col-lg-4 col-md-4 col-sm-12\"><div class=\"item-wrap\"><div class=\"icon\"><\/div><div class=\"info\">+49 152 15806810<\/div><\/div><\/div><div class=\"item address col-lg-4 col-md-4 col-sm-12\"><div class=\"item-wrap\"><div class=\"icon\"><\/div><div class=\"info\">Zittauer Str. 201, 02827 G\u00f6rlitz, Allemagne<\/div><\/div><\/div><\/div><\/div>\t\t\t\t<\/div>\n\t\t\t\t<\/div>\n\t\t\t\t\t<\/div>\n\t\t<\/div>\n\t\t\t\t\t<\/div>\n\t\t<\/section>\n\t\t\t\t<section class=\"wd-negative-gap elementor-section elementor-top-section elementor-element elementor-element-773d03e elementor-section-boxed elementor-section-height-default elementor-section-height-default wd-section-disabled\" data-id=\"773d03e\" data-element_type=\"section\" data-e-type=\"section\">\n\t\t\t\t\t\t<div class=\"elementor-container elementor-column-gap-default\">\n\t\t\t\t\t<div class=\"elementor-column elementor-col-100 elementor-top-column elementor-element elementor-element-35e3d81\" data-id=\"35e3d81\" data-element_type=\"column\" data-e-type=\"column\">\n\t\t\t<div class=\"elementor-widget-wrap elementor-element-populated\">\n\t\t\t\t\t\t<div class=\"elementor-element elementor-element-2a27101 elementor-widget-divider--view-line_icon elementor-view-default elementor-widget-divider--element-align-center elementor-widget elementor-widget-divider\" data-id=\"2a27101\" data-element_type=\"widget\" data-e-type=\"widget\" data-widget_type=\"divider.default\">\n\t\t\t\t<div class=\"elementor-widget-container\">\n\t\t\t\t\t\t\t<div class=\"elementor-divider\">\n\t\t\t<span class=\"elementor-divider-separator\">\n\t\t\t\t\t\t\t<div class=\"elementor-icon elementor-divider__element\">\n\t\t\t\t\t<i aria-hidden=\"true\" class=\"fas fa-star\"><\/i><\/div>\n\t\t\t\t\t\t<\/span>\n\t\t<\/div>\n\t\t\t\t\t\t<\/div>\n\t\t\t\t<\/div>\n\t\t\t\t\t<\/div>\n\t\t<\/div>\n\t\t\t\t\t<\/div>\n\t\t<\/section>\n\t\t\t\t<section class=\"wd-negative-gap elementor-section elementor-top-section elementor-element elementor-element-df5cce0 elementor-section-boxed elementor-section-height-default elementor-section-height-default wd-section-disabled\" data-id=\"df5cce0\" data-element_type=\"section\" data-e-type=\"section\">\n\t\t\t\t\t\t<div class=\"elementor-container elementor-column-gap-default\">\n\t\t\t\t\t<div class=\"elementor-column elementor-col-100 elementor-top-column elementor-element elementor-element-cd73678\" data-id=\"cd73678\" data-element_type=\"column\" data-e-type=\"column\">\n\t\t\t<div class=\"elementor-widget-wrap\">\n\t\t\t\t\t\t\t<\/div>\n\t\t<\/div>\n\t\t\t\t\t<\/div>\n\t\t<\/section>\n\t\t\t\t<section class=\"elementor-section elementor-top-section elementor-element elementor-element-6da6be6 elementor-section-boxed elementor-section-height-default elementor-section-height-default wd-section-disabled\" data-id=\"6da6be6\" data-element_type=\"section\" data-e-type=\"section\">\n\t\t\t\t\t\t<div class=\"elementor-container elementor-column-gap-default\">\n\t\t\t\t\t<div class=\"elementor-column elementor-col-50 elementor-top-column elementor-element elementor-element-495be7e6\" data-id=\"495be7e6\" data-element_type=\"column\" data-e-type=\"column\">\n\t\t\t<div class=\"elementor-widget-wrap elementor-element-populated\">\n\t\t\t\t\t\t<div class=\"elementor-element elementor-element-ce5cc5d elementor-widget elementor-widget-image\" data-id=\"ce5cc5d\" data-element_type=\"widget\" data-e-type=\"widget\" data-widget_type=\"image.default\">\n\t\t\t\t<div class=\"elementor-widget-container\">\n\t\t\t\t\t\t\t\t\t\t\t\t\t\t\t<img fetchpriority=\"high\" decoding=\"async\" width=\"1200\" height=\"800\" src=\"https:\/\/kgerad.de\/wp-content\/uploads\/2023\/08\/conseiller-vente-cycle-velo-1200x800.jpg\" class=\"attachment-large size-large wp-image-79732\" alt=\"\" srcset=\"https:\/\/kgerad.de\/wp-content\/uploads\/2023\/08\/conseiller-vente-cycle-velo-1200x800.jpg 1200w, https:\/\/kgerad.de\/wp-content\/uploads\/2023\/08\/conseiller-vente-cycle-velo-430x287.jpg 430w, https:\/\/kgerad.de\/wp-content\/uploads\/2023\/08\/conseiller-vente-cycle-velo-150x100.jpg 150w, https:\/\/kgerad.de\/wp-content\/uploads\/2023\/08\/conseiller-vente-cycle-velo-700x467.jpg 700w, https:\/\/kgerad.de\/wp-content\/uploads\/2023\/08\/conseiller-vente-cycle-velo-400x267.jpg 400w, https:\/\/kgerad.de\/wp-content\/uploads\/2023\/08\/conseiller-vente-cycle-velo-768x512.jpg 768w, https:\/\/kgerad.de\/wp-content\/uploads\/2023\/08\/conseiller-vente-cycle-velo-1536x1024.jpg 1536w, https:\/\/kgerad.de\/wp-content\/uploads\/2023\/08\/conseiller-vente-cycle-velo-860x573.jpg 860w, https:\/\/kgerad.de\/wp-content\/uploads\/2023\/08\/conseiller-vente-cycle-velo.jpg 2000w\" sizes=\"(max-width: 1200px) 100vw, 1200px\" \/>\t\t\t\t\t\t\t\t\t\t\t\t\t\t\t<\/div>\n\t\t\t\t<\/div>\n\t\t\t\t\t<\/div>\n\t\t<\/div>\n\t\t\t\t<div class=\"elementor-column elementor-col-50 elementor-top-column elementor-element elementor-element-61afc450\" data-id=\"61afc450\" data-element_type=\"column\" data-e-type=\"column\">\n\t\t\t<div class=\"elementor-widget-wrap elementor-element-populated\">\n\t\t\t\t\t\t<div class=\"elementor-element elementor-element-4a0e39c0 elementor-widget elementor-widget-heading\" data-id=\"4a0e39c0\" data-element_type=\"widget\" data-e-type=\"widget\" data-widget_type=\"heading.default\">\n\t\t\t\t<div class=\"elementor-widget-container\">\n\t\t\t\t\t<h2 class=\"elementor-heading-title elementor-size-default\">Senden Sie Ihre Kommentare<\/h2>\t\t\t\t<\/div>\n\t\t\t\t<\/div>\n\t\t\t\t<div class=\"elementor-element elementor-element-74864540 elementor-widget elementor-widget-heading\" data-id=\"74864540\" data-element_type=\"widget\" data-e-type=\"widget\" data-widget_type=\"heading.default\">\n\t\t\t\t<div class=\"elementor-widget-container\">\n\t\t\t\t\t<span class=\"elementor-heading-title elementor-size-default\">Oder schicke uns einfach eine Nachricht \u00fcber unser Kontaktformular:\n\nWir antworten normalerweise innerhalb von 48 Stunden. Nach allgemeinen Ferien und in belebten Zeiten kann es auch mal ein paar Tage l\u00e4nger dauern, bis eine Antwort kommt. Manchmal bleiben unsere Nachrichten auch im Spam-Folder h\u00e4ngen.\n\n<\/span>\t\t\t\t<\/div>\n\t\t\t\t<\/div>\n\t\t\t\t<div class=\"elementor-element elementor-element-47a14015 contact_us elementor-widget elementor-widget-shortcode\" data-id=\"47a14015\" data-element_type=\"widget\" data-e-type=\"widget\" data-widget_type=\"shortcode.default\">\n\t\t\t\t<div class=\"elementor-widget-container\">\n\t\t\t\t\t\t\t<div class=\"elementor-shortcode\"><p class=\"wpcf7-contact-form-not-found\"><strong>Error:<\/strong> Contact form not found.<\/p><\/div>\n\t\t\t\t\t\t<\/div>\n\t\t\t\t<\/div>\n\t\t\t\t\t<\/div>\n\t\t<\/div>\n\t\t\t\t\t<\/div>\n\t\t<\/section>\n\t\t\t\t<\/div>","protected":false},"excerpt":{"rendered":"<p>Hast Du eine Frage zu unseren R\u00e4dern oder Interesse an einem BIKEHANDEL? Oder hast Du Anregungen, Lob oder Kritik? Dann<\/p>","protected":false},"author":10,"featured_media":0,"parent":0,"menu_order":0,"comment_status":"closed","ping_status":"closed","template":"","meta":{"footnotes":""},"class_list":["post-1495","page","type-page","status-publish","hentry"],"yoast_head":"<!-- This site is optimized with the Yoast SEO Premium plugin v20.12 (Yoast SEO v27.1.1) - https:\/\/yoast.com\/product\/yoast-seo-premium-wordpress\/ -->\n<title>Hilfe und &amp; kontakt \u25b7 kgerad.de<\/title>\n<meta name=\"description\" content=\"Kontakt. Versand &amp; Lieferung. Bestellstatus. Sendungsverfolgung. Retoure. Sicherheitsinformationen. Unsere Services. Store Abholung. Aufbauservice.\" \/>\n<meta name=\"robots\" content=\"index, follow, max-snippet:-1, max-image-preview:large, max-video-preview:-1\" \/>\n<link rel=\"canonical\" href=\"https:\/\/kgerad.de\/en\/hilfe-und-kontakt\/\" \/>\n<meta property=\"og:locale\" content=\"en_US\" \/>\n<meta property=\"og:type\" content=\"article\" \/>\n<meta property=\"og:title\" content=\"Hilfe und &amp; Kontakt\" \/>\n<meta property=\"og:description\" content=\"Entdecken Sie unseren Online-Fahrradladen: Gro\u00dfe Auswahl an Modellen f\u00fcr alle Radsportbegeisterten. Von Rennr\u00e4dern bis zu Mountainbikes - finden Sie heute Ihren perfekten Wegbegleiter!\" \/>\n<meta property=\"og:url\" content=\"https:\/\/kgerad.de\/en\/hilfe-und-kontakt\/\" \/>\n<meta property=\"og:site_name\" content=\"kgerad.de\" \/>\n<meta property=\"article:modified_time\" content=\"2024-05-08T09:55:11+00:00\" \/>\n<meta property=\"og:image\" content=\"https:\/\/kgerad.de\/wp-content\/uploads\/2023\/08\/conseiller-vente-cycle-velo-1200x800.jpg\" \/>\n<meta name=\"twitter:card\" content=\"summary_large_image\" \/>\n<meta name=\"twitter:label1\" content=\"Est. reading time\" \/>\n\t<meta name=\"twitter:data1\" content=\"1 minute\" \/>\n<script type=\"application\/ld+json\" class=\"yoast-schema-graph\">{\"@context\":\"https:\/\/schema.org\",\"@graph\":[{\"@type\":\"WebPage\",\"@id\":\"https:\/\/kgerad.de\/hilfe-und-kontakt\/\",\"url\":\"https:\/\/kgerad.de\/hilfe-und-kontakt\/\",\"name\":\"Hilfe und & kontakt \u25b7 kgerad.de\",\"isPartOf\":{\"@id\":\"https:\/\/kgerad.de\/#website\"},\"primaryImageOfPage\":{\"@id\":\"https:\/\/kgerad.de\/hilfe-und-kontakt\/#primaryimage\"},\"image\":{\"@id\":\"https:\/\/kgerad.de\/hilfe-und-kontakt\/#primaryimage\"},\"thumbnailUrl\":\"https:\/\/kgerad.de\/wp-content\/uploads\/2023\/08\/conseiller-vente-cycle-velo-1200x800.jpg\",\"datePublished\":\"2016-10-14T02:04:18+00:00\",\"dateModified\":\"2024-05-08T09:55:11+00:00\",\"description\":\"Kontakt. Versand & Lieferung. Bestellstatus. Sendungsverfolgung. Retoure. Sicherheitsinformationen. Unsere Services. Store Abholung. Aufbauservice.\",\"breadcrumb\":{\"@id\":\"https:\/\/kgerad.de\/hilfe-und-kontakt\/#breadcrumb\"},\"inLanguage\":\"en-US\",\"potentialAction\":[{\"@type\":\"ReadAction\",\"target\":[\"https:\/\/kgerad.de\/hilfe-und-kontakt\/\"]}]},{\"@type\":\"ImageObject\",\"inLanguage\":\"en-US\",\"@id\":\"https:\/\/kgerad.de\/hilfe-und-kontakt\/#primaryimage\",\"url\":\"https:\/\/kgerad.de\/wp-content\/uploads\/2023\/08\/conseiller-vente-cycle-velo-1200x800.jpg\",\"contentUrl\":\"https:\/\/kgerad.de\/wp-content\/uploads\/2023\/08\/conseiller-vente-cycle-velo-1200x800.jpg\"},{\"@type\":\"BreadcrumbList\",\"@id\":\"https:\/\/kgerad.de\/hilfe-und-kontakt\/#breadcrumb\",\"itemListElement\":[{\"@type\":\"ListItem\",\"position\":1,\"name\":\"Startseite\",\"item\":\"https:\/\/kgerad.de\/\"},{\"@type\":\"ListItem\",\"position\":2,\"name\":\"Hilfe und &#038; Kontakt\"}]},{\"@type\":\"WebSite\",\"@id\":\"https:\/\/kgerad.de\/#website\",\"url\":\"https:\/\/kgerad.de\/\",\"name\":\"kgerad.de\",\"description\":\"Treten Sie mit uns ins Abenteuer!\",\"publisher\":{\"@id\":\"https:\/\/kgerad.de\/#organization\"},\"alternateName\":\"MEIN RADLADEN\",\"potentialAction\":[{\"@type\":\"SearchAction\",\"target\":{\"@type\":\"EntryPoint\",\"urlTemplate\":\"https:\/\/kgerad.de\/?s={search_term_string}\"},\"query-input\":{\"@type\":\"PropertyValueSpecification\",\"valueRequired\":true,\"valueName\":\"search_term_string\"}}],\"inLanguage\":\"en-US\"},{\"@type\":\"Organization\",\"@id\":\"https:\/\/kgerad.de\/#organization\",\"name\":\"MEINRADLADEN\",\"alternateName\":\"MEIN RADLADEN\",\"url\":\"https:\/\/kgerad.de\/\",\"logo\":{\"@type\":\"ImageObject\",\"inLanguage\":\"en-US\",\"@id\":\"https:\/\/kgerad.de\/#\/schema\/logo\/image\/\",\"url\":\"https:\/\/kgerad.de\/wp-content\/uploads\/2025\/07\/logo-Whit.svg\",\"contentUrl\":\"https:\/\/kgerad.de\/wp-content\/uploads\/2025\/07\/logo-Whit.svg\",\"width\":1640,\"height\":371,\"caption\":\"MEINRADLADEN\"},\"image\":{\"@id\":\"https:\/\/kgerad.de\/#\/schema\/logo\/image\/\"}}]}<\/script>\n<!-- \/ Yoast SEO Premium plugin. -->","yoast_head_json":{"title":"Hilfe und & kontakt \u25b7 kgerad.de","description":"Kontakt. Versand & Lieferung. Bestellstatus. Sendungsverfolgung. Retoure. Sicherheitsinformationen. Unsere Services. Store Abholung. Aufbauservice.","robots":{"index":"index","follow":"follow","max-snippet":"max-snippet:-1","max-image-preview":"max-image-preview:large","max-video-preview":"max-video-preview:-1"},"canonical":"https:\/\/kgerad.de\/en\/hilfe-und-kontakt\/","og_locale":"en_US","og_type":"article","og_title":"Hilfe und & Kontakt","og_description":"Entdecken Sie unseren Online-Fahrradladen: Gro\u00dfe Auswahl an Modellen f\u00fcr alle Radsportbegeisterten. Von Rennr\u00e4dern bis zu Mountainbikes - finden Sie heute Ihren perfekten Wegbegleiter!","og_url":"https:\/\/kgerad.de\/en\/hilfe-und-kontakt\/","og_site_name":"kgerad.de","article_modified_time":"2024-05-08T09:55:11+00:00","og_image":[{"url":"https:\/\/kgerad.de\/wp-content\/uploads\/2023\/08\/conseiller-vente-cycle-velo-1200x800.jpg","type":"","width":"","height":""}],"twitter_card":"summary_large_image","twitter_misc":{"Est. reading time":"1 minute"},"schema":{"@context":"https:\/\/schema.org","@graph":[{"@type":"WebPage","@id":"https:\/\/kgerad.de\/hilfe-und-kontakt\/","url":"https:\/\/kgerad.de\/hilfe-und-kontakt\/","name":"Hilfe und & kontakt \u25b7 kgerad.de","isPartOf":{"@id":"https:\/\/kgerad.de\/#website"},"primaryImageOfPage":{"@id":"https:\/\/kgerad.de\/hilfe-und-kontakt\/#primaryimage"},"image":{"@id":"https:\/\/kgerad.de\/hilfe-und-kontakt\/#primaryimage"},"thumbnailUrl":"https:\/\/kgerad.de\/wp-content\/uploads\/2023\/08\/conseiller-vente-cycle-velo-1200x800.jpg","datePublished":"2016-10-14T02:04:18+00:00","dateModified":"2024-05-08T09:55:11+00:00","description":"Kontakt. Versand & Lieferung. Bestellstatus. Sendungsverfolgung. Retoure. Sicherheitsinformationen. Unsere Services. Store Abholung. Aufbauservice.","breadcrumb":{"@id":"https:\/\/kgerad.de\/hilfe-und-kontakt\/#breadcrumb"},"inLanguage":"en-US","potentialAction":[{"@type":"ReadAction","target":["https:\/\/kgerad.de\/hilfe-und-kontakt\/"]}]},{"@type":"ImageObject","inLanguage":"en-US","@id":"https:\/\/kgerad.de\/hilfe-und-kontakt\/#primaryimage","url":"https:\/\/kgerad.de\/wp-content\/uploads\/2023\/08\/conseiller-vente-cycle-velo-1200x800.jpg","contentUrl":"https:\/\/kgerad.de\/wp-content\/uploads\/2023\/08\/conseiller-vente-cycle-velo-1200x800.jpg"},{"@type":"BreadcrumbList","@id":"https:\/\/kgerad.de\/hilfe-und-kontakt\/#breadcrumb","itemListElement":[{"@type":"ListItem","position":1,"name":"Startseite","item":"https:\/\/kgerad.de\/"},{"@type":"ListItem","position":2,"name":"Hilfe und &#038; Kontakt"}]},{"@type":"WebSite","@id":"https:\/\/kgerad.de\/#website","url":"https:\/\/kgerad.de\/","name":"kgerad.de","description":"Treten Sie mit uns ins Abenteuer!","publisher":{"@id":"https:\/\/kgerad.de\/#organization"},"alternateName":"MEIN RADLADEN","potentialAction":[{"@type":"SearchAction","target":{"@type":"EntryPoint","urlTemplate":"https:\/\/kgerad.de\/?s={search_term_string}"},"query-input":{"@type":"PropertyValueSpecification","valueRequired":true,"valueName":"search_term_string"}}],"inLanguage":"en-US"},{"@type":"Organization","@id":"https:\/\/kgerad.de\/#organization","name":"MEINRADLADEN","alternateName":"MEIN RADLADEN","url":"https:\/\/kgerad.de\/","logo":{"@type":"ImageObject","inLanguage":"en-US","@id":"https:\/\/kgerad.de\/#\/schema\/logo\/image\/","url":"https:\/\/kgerad.de\/wp-content\/uploads\/2025\/07\/logo-Whit.svg","contentUrl":"https:\/\/kgerad.de\/wp-content\/uploads\/2025\/07\/logo-Whit.svg","width":1640,"height":371,"caption":"MEINRADLADEN"},"image":{"@id":"https:\/\/kgerad.de\/#\/schema\/logo\/image\/"}}]}},"_links":{"self":[{"href":"https:\/\/kgerad.de\/en\/wp-json\/wp\/v2\/pages\/1495","targetHints":{"allow":["GET"]}}],"collection":[{"href":"https:\/\/kgerad.de\/en\/wp-json\/wp\/v2\/pages"}],"about":[{"href":"https:\/\/kgerad.de\/en\/wp-json\/wp\/v2\/types\/page"}],"author":[{"embeddable":true,"href":"https:\/\/kgerad.de\/en\/wp-json\/wp\/v2\/users\/10"}],"replies":[{"embeddable":true,"href":"https:\/\/kgerad.de\/en\/wp-json\/wp\/v2\/comments?post=1495"}],"version-history":[{"count":18,"href":"https:\/\/kgerad.de\/en\/wp-json\/wp\/v2\/pages\/1495\/revisions"}],"predecessor-version":[{"id":80479,"href":"https:\/\/kgerad.de\/en\/wp-json\/wp\/v2\/pages\/1495\/revisions\/80479"}],"wp:attachment":[{"href":"https:\/\/kgerad.de\/en\/wp-json\/wp\/v2\/media?parent=1495"}],"curies":[{"name":"wp","href":"https:\/\/api.w.org\/{rel}","templated":true}]}}